{"id":15293,"date":"2021-11-10T12:43:03","date_gmt":"2021-11-10T12:43:03","guid":{"rendered":"https:\/\/www.supeinnihonto.com\/legal-warning\/"},"modified":"2025-12-15T08:26:24","modified_gmt":"2025-12-15T08:26:24","slug":"mentions-legales","status":"publish","type":"page","link":"https:\/\/www.supeinnihonto.com\/fr\/mentions-legales\/","title":{"rendered":"MENTIONS L\u00c9GALES"},"content":{"rendered":"\t\t<div data-elementor-type=\"wp-page\" data-elementor-id=\"15293\" class=\"elementor elementor-15293 elementor-219\">\n\t\t\t\t\t\t<section class=\"elementor-section elementor-top-section elementor-element elementor-element-dd752f9 elementor-section-boxed elementor-section-height-default elementor-section-height-default\" data-id=\"dd752f9\" data-element_type=\"section\" data-settings=\"{&quot;shape_divider_top&quot;:&quot;wave-brush&quot;}\">\n\t\t\t\t\t<div class=\"elementor-shape elementor-shape-top\" aria-hidden=\"true\" data-negative=\"false\">\n\t\t\t<svg xmlns=\"http:\/\/www.w3.org\/2000\/svg\" viewBox=\"0 0 283.5 27.8\" preserveAspectRatio=\"none\">\n\t<path class=\"elementor-shape-fill\" d=\"M283.5,9.7c0,0-7.3,4.3-14,4.6c-6.8,0.3-12.6,0-20.9-1.5c-11.3-2-33.1-10.1-44.7-5.7\ts-12.1,4.6-18,7.4c-6.6,3.2-20,9.6-36.6,9.3C131.6,23.5,99.5,7.2,86.3,8c-1.4,0.1-6.6,0.8-10.5,2c-3.8,1.2-9.4,3.8-17,4.7\tc-3.2,0.4-8.3,1.1-14.2,0.9c-1.5-0.1-6.3-0.4-12-1.6c-5.7-1.2-11-3.1-15.8-3.7C6.5,9.2,0,10.8,0,10.8V0h283.5V9.7z M260.8,11.3\tc-0.7-1-2-0.4-4.3-0.4c-2.3,0-6.1-1.2-5.8-1.1c0.3,0.1,3.1,1.5,6,1.9C259.7,12.2,261.4,12.3,260.8,11.3z M242.4,8.6\tc0,0-2.4-0.2-5.6-0.9c-3.2-0.8-10.3-2.8-15.1-3.5c-8.2-1.1-15.8,0-15.1,0.1c0.8,0.1,9.6-0.6,17.6,1.1c3.3,0.7,9.3,2.2,12.4,2.7\tC239.9,8.7,242.4,8.6,242.4,8.6z M185.2,8.5c1.7-0.7-13.3,4.7-18.5,6.1c-2.1,0.6-6.2,1.6-10,2c-3.9,0.4-8.9,0.4-8.8,0.5\tc0,0.2,5.8,0.8,11.2,0c5.4-0.8,5.2-1.1,7.6-1.6C170.5,14.7,183.5,9.2,185.2,8.5z M199.1,6.9c0.2,0-0.8-0.4-4.8,1.1\tc-4,1.5-6.7,3.5-6.9,3.7c-0.2,0.1,3.5-1.8,6.6-3C197,7.5,199,6.9,199.1,6.9z M283,6c-0.1,0.1-1.9,1.1-4.8,2.5s-6.9,2.8-6.7,2.7\tc0.2,0,3.5-0.6,7.4-2.5C282.8,6.8,283.1,5.9,283,6z M31.3,11.6c0.1-0.2-1.9-0.2-4.5-1.2s-5.4-1.6-7.8-2C15,7.6,7.3,8.5,7.7,8.6\tC8,8.7,15.9,8.3,20.2,9.3c2.2,0.5,2.4,0.5,5.7,1.6S31.2,11.9,31.3,11.6z M73,9.2c0.4-0.1,3.5-1.6,8.4-2.6c4.9-1.1,8.9-0.5,8.9-0.8\tc0-0.3-1-0.9-6.2-0.3S72.6,9.3,73,9.2z M71.6,6.7C71.8,6.8,75,5.4,77.3,5c2.3-0.3,1.9-0.5,1.9-0.6c0-0.1-1.1-0.2-2.7,0.2\tC74.8,5.1,71.4,6.6,71.6,6.7z M93.6,4.4c0.1,0.2,3.5,0.8,5.6,1.8c2.1,1,1.8,0.6,1.9,0.5c0.1-0.1-0.8-0.8-2.4-1.3\tC97.1,4.8,93.5,4.2,93.6,4.4z M65.4,11.1c-0.1,0.3,0.3,0.5,1.9-0.2s2.6-1.3,2.2-1.2s-0.9,0.4-2.5,0.8C65.3,10.9,65.5,10.8,65.4,11.1\tz M34.5,12.4c-0.2,0,2.1,0.8,3.3,0.9c1.2,0.1,2,0.1,2-0.2c0-0.3-0.1-0.5-1.6-0.4C36.6,12.8,34.7,12.4,34.5,12.4z M152.2,21.1\tc-0.1,0.1-2.4-0.3-7.5-0.3c-5,0-13.6-2.4-17.2-3.5c-3.6-1.1,10,3.9,16.5,4.1C150.5,21.6,152.3,21,152.2,21.1z\"\/>\n\t<path class=\"elementor-shape-fill\" d=\"M269.6,18c-0.1-0.1-4.6,0.3-7.2,0c-7.3-0.7-17-3.2-16.6-2.9c0.4,0.3,13.7,3.1,17,3.3\tC267.7,18.8,269.7,18,269.6,18z\"\/>\n\t<path class=\"elementor-shape-fill\" d=\"M227.4,9.8c-0.2-0.1-4.5-1-9.5-1.2c-5-0.2-12.7,0.6-12.3,0.5c0.3-0.1,5.9-1.8,13.3-1.2\tS227.6,9.9,227.4,9.8z\"\/>\n\t<path class=\"elementor-shape-fill\" d=\"M204.5,13.4c-0.1-0.1,2-1,3.2-1.1c1.2-0.1,2,0,2,0.3c0,0.3-0.1,0.5-1.6,0.4\tC206.4,12.9,204.6,13.5,204.5,13.4z\"\/>\n\t<path class=\"elementor-shape-fill\" d=\"M201,10.6c0-0.1-4.4,1.2-6.3,2.2c-1.9,0.9-6.2,3.1-6.1,3.1c0.1,0.1,4.2-1.6,6.3-2.6\tS201,10.7,201,10.6z\"\/>\n\t<path class=\"elementor-shape-fill\" d=\"M154.5,26.7c-0.1-0.1-4.6,0.3-7.2,0c-7.3-0.7-17-3.2-16.6-2.9c0.4,0.3,13.7,3.1,17,3.3\tC152.6,27.5,154.6,26.8,154.5,26.7z\"\/>\n\t<path class=\"elementor-shape-fill\" d=\"M41.9,19.3c0,0,1.2-0.3,2.9-0.1c1.7,0.2,5.8,0.9,8.2,0.7c4.2-0.4,7.4-2.7,7-2.6\tc-0.4,0-4.3,2.2-8.6,1.9c-1.8-0.1-5.1-0.5-6.7-0.4S41.9,19.3,41.9,19.3z\"\/>\n\t<path class=\"elementor-shape-fill\" d=\"M75.5,12.6c0.2,0.1,2-0.8,4.3-1.1c2.3-0.2,2.1-0.3,2.1-0.5c0-0.1-1.8-0.4-3.4,0\tC76.9,11.5,75.3,12.5,75.5,12.6z\"\/>\n\t<path class=\"elementor-shape-fill\" d=\"M15.6,13.2c0-0.1,4.3,0,6.7,0.5c2.4,0.5,5,1.9,5,2c0,0.1-2.7-0.8-5.1-1.4\tC19.9,13.7,15.7,13.3,15.6,13.2z\"\/>\n<\/svg>\t\t<\/div>\n\t\t\t\t\t<div class=\"elementor-container elementor-column-gap-default\">\n\t\t\t\t\t<div class=\"elementor-column elementor-col-100 elementor-top-column elementor-element elementor-element-e713f4b\" data-id=\"e713f4b\" data-element_type=\"column\">\n\t\t\t<div class=\"elementor-widget-wrap elementor-element-populated\">\n\t\t\t\t\t\t<div class=\"elementor-element elementor-element-cd6e133 elementor-widget elementor-widget-heading\" data-id=\"cd6e133\" data-element_type=\"widget\" data-widget_type=\"heading.default\">\n\t\t\t\t<div class=\"elementor-widget-container\">\n\t\t\t\t\t<h2 class=\"elementor-heading-title elementor-size-default\">MENTIONS L\u00c9GALES<\/h2>\t\t\t\t<\/div>\n\t\t\t\t<\/div>\n\t\t\t\t\t<\/div>\n\t\t<\/div>\n\t\t\t\t\t<\/div>\n\t\t<\/section>\n\t\t\t\t<section class=\"elementor-section elementor-top-section elementor-element elementor-element-1263899 elementor-section-boxed elementor-section-height-default elementor-section-height-default\" data-id=\"1263899\" data-element_type=\"section\">\n\t\t\t\t\t\t<div class=\"elementor-container elementor-column-gap-default\">\n\t\t\t\t\t<div class=\"elementor-column elementor-col-100 elementor-top-column elementor-element elementor-element-610ccac\" data-id=\"610ccac\" data-element_type=\"column\">\n\t\t\t<div class=\"elementor-widget-wrap elementor-element-populated\">\n\t\t\t\t\t\t<div class=\"elementor-element elementor-element-0d66a99 elementor-widget elementor-widget-text-editor\" data-id=\"0d66a99\" data-element_type=\"widget\" data-widget_type=\"text-editor.default\">\n\t\t\t\t<div class=\"elementor-widget-container\">\n\t\t\t\t\t\t\t\t\t<p><strong>Supein Nihonto<\/strong> ne peut en aucun cas \u00eatre tenu responsable de l\u2019utilisation incorrecte, inappropri\u00e9e ou ill\u00e9gale des informations figurant sur les pages Internet de <strong>Supein Nihonto<\/strong>.<\/p><p>Les contenus et informations n\u2019engagent pas <strong>Supein Nihonto<\/strong> et ne constituent en aucun cas des opinions, des conseils ou des avis juridiques, puisqu\u2019il s\u2019agit uniquement d\u2019un service propos\u00e9 \u00e0 des fins informatives et de diffusion.<\/p><p>Tous les textes sont la propri\u00e9t\u00e9 de leurs auteurs. Tout acte de transmission, distribution, cession, reproduction, stockage ou communication publique, totale ou partielle, doit faire l\u2019objet du consentement expr\u00e8s de <strong>Supein Nihonto<\/strong>.<\/p><p><strong>Supein Nihonto<\/strong> n\u2019est pas responsable des dommages caus\u00e9s par une utilisation inappropri\u00e9e de nos produits.<\/p><p>Par ailleurs, pour acc\u00e9der \u00e0 certains des services propos\u00e9s par <strong>Supein Nihonto<\/strong> via le site web, il est n\u00e9cessaire de fournir certaines donn\u00e9es \u00e0 caract\u00e8re personnel. Conform\u00e9ment aux dispositions de la Loi organique 15\/1999 du 13 d\u00e9cembre relative \u00e0 la protection des donn\u00e9es \u00e0 caract\u00e8re personnel, nous vous informons qu\u2019en remplissant ce formulaire, vos donn\u00e9es personnelles seront int\u00e9gr\u00e9es et trait\u00e9es dans les fichiers de <strong>Supein Nihonto<\/strong>, afin de pouvoir fournir et proposer nos services, ainsi que de vous informer des am\u00e9liorations du site web.<br \/>De m\u00eame, nous vous informons de la possibilit\u00e9 d\u2019exercer vos droits d\u2019acc\u00e8s, de rectification, de suppression et d\u2019opposition concernant vos donn\u00e9es personnelles \u00e0 l\u2019adresse suivante : <a href=\"mailto:info@supeinnihonto.com\">info@supeinnihonto.com<\/a>.\u00a0<\/p>\t\t\t\t\t\t\t\t<\/div>\n\t\t\t\t<\/div>\n\t\t\t\t\t<\/div>\n\t\t<\/div>\n\t\t\t\t\t<\/div>\n\t\t<\/section>\n\t\t\t\t<\/div>\n\t\t","protected":false},"excerpt":{"rendered":"<p>MENTIONS L\u00c9GALES Supein Nihonto ne peut en aucun cas \u00eatre tenu responsable de l\u2019utilisation incorrecte, inappropri\u00e9e ou ill\u00e9gale des informations figurant sur les pages Internet de Supein Nihonto. Les contenus et informations n\u2019engagent pas Supein Nihonto et ne constituent en aucun cas des opinions, des conseils ou des avis juridiques, [&hellip;]<\/p>\n","protected":false},"author":1,"featured_media":0,"parent":0,"menu_order":0,"comment_status":"closed","ping_status":"closed","template":"page-templates\/template-pagebuilder-full-width.php","meta":{"jetpack_post_was_ever_published":false,"footnotes":""},"class_list":["post-15293","page","type-page","status-publish","hentry"],"yoast_head":"<!-- This site is optimized with the Yoast SEO plugin v27.6 - https:\/\/yoast.com\/product\/yoast-seo-wordpress\/ -->\n<title>MENTIONS L\u00c9GALES - Supein Nihonto<\/title>\n<meta name=\"robots\" content=\"index, follow, max-snippet:-1, max-image-preview:large, max-video-preview:-1\" \/>\n<link rel=\"canonical\" href=\"https:\/\/www.supeinnihonto.com\/fr\/mentions-legales\/\" \/>\n<meta property=\"og:locale\" content=\"fr_FR\" \/>\n<meta property=\"og:type\" content=\"article\" \/>\n<meta property=\"og:title\" content=\"MENTIONS L\u00c9GALES - Supein Nihonto\" \/>\n<meta property=\"og:description\" content=\"MENTIONS L\u00c9GALES Supein Nihonto ne peut en aucun cas \u00eatre tenu responsable de l\u2019utilisation incorrecte, inappropri\u00e9e ou ill\u00e9gale des informations figurant sur les pages Internet de Supein Nihonto. Les contenus et informations n\u2019engagent pas Supein Nihonto et ne constituent en aucun cas des opinions, des conseils ou des avis juridiques, [&hellip;]\" \/>\n<meta property=\"og:url\" content=\"https:\/\/www.supeinnihonto.com\/fr\/mentions-legales\/\" \/>\n<meta property=\"og:site_name\" content=\"Supein Nihonto\" \/>\n<meta property=\"article:modified_time\" content=\"2025-12-15T08:26:24+00:00\" \/>\n<meta name=\"twitter:card\" content=\"summary_large_image\" \/>\n<meta name=\"twitter:label1\" content=\"Dur\u00e9e de lecture estim\u00e9e\" \/>\n\t<meta name=\"twitter:data1\" content=\"2 minutes\" \/>\n<script type=\"application\/ld+json\" class=\"yoast-schema-graph\">{\"@context\":\"https:\\\/\\\/schema.org\",\"@graph\":[{\"@type\":\"WebPage\",\"@id\":\"https:\\\/\\\/www.supeinnihonto.com\\\/fr\\\/mentions-legales\\\/\",\"url\":\"https:\\\/\\\/www.supeinnihonto.com\\\/fr\\\/mentions-legales\\\/\",\"name\":\"MENTIONS L\u00c9GALES - Supein Nihonto\",\"isPartOf\":{\"@id\":\"https:\\\/\\\/www.supeinnihonto.com\\\/fr\\\/#website\"},\"datePublished\":\"2021-11-10T12:43:03+00:00\",\"dateModified\":\"2025-12-15T08:26:24+00:00\",\"breadcrumb\":{\"@id\":\"https:\\\/\\\/www.supeinnihonto.com\\\/fr\\\/mentions-legales\\\/#breadcrumb\"},\"inLanguage\":\"fr-FR\",\"potentialAction\":[{\"@type\":\"ReadAction\",\"target\":[\"https:\\\/\\\/www.supeinnihonto.com\\\/fr\\\/mentions-legales\\\/\"]}]},{\"@type\":\"BreadcrumbList\",\"@id\":\"https:\\\/\\\/www.supeinnihonto.com\\\/fr\\\/mentions-legales\\\/#breadcrumb\",\"itemListElement\":[{\"@type\":\"ListItem\",\"position\":1,\"name\":\"Portada\",\"item\":\"https:\\\/\\\/www.supeinnihonto.com\\\/fr\\\/\"},{\"@type\":\"ListItem\",\"position\":2,\"name\":\"MENTIONS L\u00c9GALES\"}]},{\"@type\":\"WebSite\",\"@id\":\"https:\\\/\\\/www.supeinnihonto.com\\\/fr\\\/#website\",\"url\":\"https:\\\/\\\/www.supeinnihonto.com\\\/fr\\\/\",\"name\":\"Supein Nihonto\",\"description\":\"Authentic japanese Nihonto katana \",\"publisher\":{\"@id\":\"https:\\\/\\\/www.supeinnihonto.com\\\/fr\\\/#organization\"},\"potentialAction\":[{\"@type\":\"SearchAction\",\"target\":{\"@type\":\"EntryPoint\",\"urlTemplate\":\"https:\\\/\\\/www.supeinnihonto.com\\\/fr\\\/?s={search_term_string}\"},\"query-input\":{\"@type\":\"PropertyValueSpecification\",\"valueRequired\":true,\"valueName\":\"search_term_string\"}}],\"inLanguage\":\"fr-FR\"},{\"@type\":\"Organization\",\"@id\":\"https:\\\/\\\/www.supeinnihonto.com\\\/fr\\\/#organization\",\"name\":\"SupeinNihonto\",\"url\":\"https:\\\/\\\/www.supeinnihonto.com\\\/fr\\\/\",\"logo\":{\"@type\":\"ImageObject\",\"inLanguage\":\"fr-FR\",\"@id\":\"https:\\\/\\\/www.supeinnihonto.com\\\/fr\\\/#\\\/schema\\\/logo\\\/image\\\/\",\"url\":\"https:\\\/\\\/www.supeinnihonto.com\\\/wp-content\\\/uploads\\\/2021\\\/11\\\/animation_Default_3szk0jcenoloop.gif\",\"contentUrl\":\"https:\\\/\\\/www.supeinnihonto.com\\\/wp-content\\\/uploads\\\/2021\\\/11\\\/animation_Default_3szk0jcenoloop.gif\",\"width\":750,\"height\":641,\"caption\":\"SupeinNihonto\"},\"image\":{\"@id\":\"https:\\\/\\\/www.supeinnihonto.com\\\/fr\\\/#\\\/schema\\\/logo\\\/image\\\/\"}}]}<\/script>\n<!-- \/ Yoast SEO plugin. -->","yoast_head_json":{"title":"MENTIONS L\u00c9GALES - Supein Nihonto","robots":{"index":"index","follow":"follow","max-snippet":"max-snippet:-1","max-image-preview":"max-image-preview:large","max-video-preview":"max-video-preview:-1"},"canonical":"https:\/\/www.supeinnihonto.com\/fr\/mentions-legales\/","og_locale":"fr_FR","og_type":"article","og_title":"MENTIONS L\u00c9GALES - Supein Nihonto","og_description":"MENTIONS L\u00c9GALES Supein Nihonto ne peut en aucun cas \u00eatre tenu responsable de l\u2019utilisation incorrecte, inappropri\u00e9e ou ill\u00e9gale des informations figurant sur les pages Internet de Supein Nihonto. Les contenus et informations n\u2019engagent pas Supein Nihonto et ne constituent en aucun cas des opinions, des conseils ou des avis juridiques, [&hellip;]","og_url":"https:\/\/www.supeinnihonto.com\/fr\/mentions-legales\/","og_site_name":"Supein Nihonto","article_modified_time":"2025-12-15T08:26:24+00:00","twitter_card":"summary_large_image","twitter_misc":{"Dur\u00e9e de lecture estim\u00e9e":"2 minutes"},"schema":{"@context":"https:\/\/schema.org","@graph":[{"@type":"WebPage","@id":"https:\/\/www.supeinnihonto.com\/fr\/mentions-legales\/","url":"https:\/\/www.supeinnihonto.com\/fr\/mentions-legales\/","name":"MENTIONS L\u00c9GALES - Supein Nihonto","isPartOf":{"@id":"https:\/\/www.supeinnihonto.com\/fr\/#website"},"datePublished":"2021-11-10T12:43:03+00:00","dateModified":"2025-12-15T08:26:24+00:00","breadcrumb":{"@id":"https:\/\/www.supeinnihonto.com\/fr\/mentions-legales\/#breadcrumb"},"inLanguage":"fr-FR","potentialAction":[{"@type":"ReadAction","target":["https:\/\/www.supeinnihonto.com\/fr\/mentions-legales\/"]}]},{"@type":"BreadcrumbList","@id":"https:\/\/www.supeinnihonto.com\/fr\/mentions-legales\/#breadcrumb","itemListElement":[{"@type":"ListItem","position":1,"name":"Portada","item":"https:\/\/www.supeinnihonto.com\/fr\/"},{"@type":"ListItem","position":2,"name":"MENTIONS L\u00c9GALES"}]},{"@type":"WebSite","@id":"https:\/\/www.supeinnihonto.com\/fr\/#website","url":"https:\/\/www.supeinnihonto.com\/fr\/","name":"Supein Nihonto","description":"Authentic japanese Nihonto katana ","publisher":{"@id":"https:\/\/www.supeinnihonto.com\/fr\/#organization"},"potentialAction":[{"@type":"SearchAction","target":{"@type":"EntryPoint","urlTemplate":"https:\/\/www.supeinnihonto.com\/fr\/?s={search_term_string}"},"query-input":{"@type":"PropertyValueSpecification","valueRequired":true,"valueName":"search_term_string"}}],"inLanguage":"fr-FR"},{"@type":"Organization","@id":"https:\/\/www.supeinnihonto.com\/fr\/#organization","name":"SupeinNihonto","url":"https:\/\/www.supeinnihonto.com\/fr\/","logo":{"@type":"ImageObject","inLanguage":"fr-FR","@id":"https:\/\/www.supeinnihonto.com\/fr\/#\/schema\/logo\/image\/","url":"https:\/\/www.supeinnihonto.com\/wp-content\/uploads\/2021\/11\/animation_Default_3szk0jcenoloop.gif","contentUrl":"https:\/\/www.supeinnihonto.com\/wp-content\/uploads\/2021\/11\/animation_Default_3szk0jcenoloop.gif","width":750,"height":641,"caption":"SupeinNihonto"},"image":{"@id":"https:\/\/www.supeinnihonto.com\/fr\/#\/schema\/logo\/image\/"}}]}},"jetpack-related-posts":[{"id":15297,"url":"https:\/\/www.supeinnihonto.com\/fr\/politique-relative-aux-cookies\/","url_meta":{"origin":15293,"position":0},"title":"Politique relative aux cookies","author":"Supein Nihonto","date":"10 de novembre de 2021","format":false,"excerpt":"Politique relative aux cookies Un cookie est un petit fichier texte qui est stock\u00e9 dans votre navigateur lorsque vous visitez presque n\u2019importe quelle page web. Son utilit\u00e9 r\u00e9side dans le fait que le site peut se souvenir de votre visite lorsque vous revenez consulter cette page. Les cookies stockent g\u00e9n\u00e9ralement\u2026","rel":"","context":"Article similaire","block_context":{"text":"Article similaire","link":""},"img":{"alt_text":"","src":"","width":0,"height":0},"classes":[]},{"id":15232,"url":"https:\/\/www.supeinnihonto.com\/fr\/returnspolicy\/","url_meta":{"origin":15293,"position":1},"title":"Politique de retour et de remboursement","author":"Supein Nihonto","date":"29 de juillet de 2024","format":false,"excerpt":"Overview Le consommateur dispose d\u2019un d\u00e9lai de 14 jours pour annuler l\u2019achat de l\u2019un des produits dans le cas o\u00f9 un probl\u00e8me non d\u00e9crit serait constat\u00e9 ou si l\u2019article n\u2019arrive pas dans l\u2019\u00e9tat pr\u00e9vu au moment de l\u2019achat. Les frais de retour, ainsi que les frais d\u2019exp\u00e9dition et le co\u00fbt\u2026","rel":"","context":"Article similaire","block_context":{"text":"Article similaire","link":""},"img":{"alt_text":"","src":"","width":0,"height":0},"classes":[]},{"id":9354,"url":"https:\/\/www.supeinnihonto.com\/es\/aviso-legal\/","url_meta":{"origin":15293,"position":2},"title":"AVISO LEGAL","author":"Supein Nihonto","date":"10 de novembre de 2021","format":false,"excerpt":"AVISO LEGAL Supein Nihonto no puede asumir ninguna responsabilidad derivada del uso incorrecto, inapropiado o ilegal de la informaci\u00f3n que aparece en las p\u00e1ginas de Internet de Supein Nihonto.Los contenidos e informaci\u00f3n no vinculan a Supein Nihonto ni constituyen opiniones, consejos o asesoramiento legal de ning\u00fan tipo, ya que es\u2026","rel":"","context":"Article similaire","block_context":{"text":"Article similaire","link":""},"img":{"alt_text":"","src":"","width":0,"height":0},"classes":[]},{"id":15301,"url":"https:\/\/www.supeinnihonto.com\/fr\/politique-de-confidentialite\/","url_meta":{"origin":15293,"position":3},"title":"POLITIQUE DE CONFIDENTIALIT\u00c9","author":"Supein Nihonto","date":"10 de novembre de 2021","format":false,"excerpt":"POLITIQUE DE CONFIDENTIALIT\u00c9 Note importante concernant le traitement des donn\u00e9es et Google AnalyticsCe site web utilise Google Analytics, un service d\u2019analyse web fourni par Google Ireland Limited. Dans le cas o\u00f9 la personne responsable du traitement des donn\u00e9es sur ce site web r\u00e9side dans un pays situ\u00e9 en dehors de\u2026","rel":"","context":"Article similaire","block_context":{"text":"Article similaire","link":""},"img":{"alt_text":"","src":"","width":0,"height":0},"classes":[]},{"id":15281,"url":"https:\/\/www.supeinnihonto.com\/fr\/a-propos-de-nous\/","url_meta":{"origin":15293,"position":4},"title":"\u00c0 propos de nous","author":"Supein Nihonto","date":"10 de novembre de 2021","format":false,"excerpt":"\u00c0 propos de nous SupeinNihonto est un projet n\u00e9 apr\u00e8s plusieurs ann\u00e9es consacr\u00e9es aux arts martiaux classiques tels que l\u2019A\u00efkido, le Kend\u014d et l\u2019Iaid\u014d, mais surtout fascin\u00e9s par la collection d\u2019armes et d\u2019armures japonaises, de v\u00e9ritables \u0153uvres d\u2019art d\u2019une p\u00e9riode extraordinaire qui intrigue des millions de personnes \u00e0 travers le\u2026","rel":"","context":"Article similaire","block_context":{"text":"Article similaire","link":""},"img":{"alt_text":"","src":"https:\/\/i0.wp.com\/www.supeinnihonto.com\/wp-content\/uploads\/2021\/12\/Aitor-Solana.jpeg?resize=350%2C200&ssl=1","width":350,"height":200,"srcset":"https:\/\/i0.wp.com\/www.supeinnihonto.com\/wp-content\/uploads\/2021\/12\/Aitor-Solana.jpeg?resize=350%2C200&ssl=1 1x, https:\/\/i0.wp.com\/www.supeinnihonto.com\/wp-content\/uploads\/2021\/12\/Aitor-Solana.jpeg?resize=525%2C300&ssl=1 1.5x, https:\/\/i0.wp.com\/www.supeinnihonto.com\/wp-content\/uploads\/2021\/12\/Aitor-Solana.jpeg?resize=700%2C400&ssl=1 2x, https:\/\/i0.wp.com\/www.supeinnihonto.com\/wp-content\/uploads\/2021\/12\/Aitor-Solana.jpeg?resize=1050%2C600&ssl=1 3x"},"classes":[]},{"id":15272,"url":"https:\/\/www.supeinnihonto.com\/fr\/sorteo-warrior-collectible-cards\/","url_meta":{"origin":15293,"position":5},"title":"Tirage au sort \u2013 Cartes de collection Warrior","author":"Supein Nihonto","date":"28 de janvier de 2022","format":false,"excerpt":"Cartes de collection Warrior Chez Supein Nihonto, nous sommes ravis de participer au projet innovant de NFT de cartes \u00e0 collectionner qui nous a \u00e9t\u00e9 propos\u00e9 par www.warriorcollectiblecards.com. L\u2019objectif de ce projet est de diffuser la culture des samoura\u00efs aupr\u00e8s du plus grand nombre, et nous sommes heureux de collaborer\u2026","rel":"","context":"Article similaire","block_context":{"text":"Article similaire","link":""},"img":{"alt_text":"","src":"","width":0,"height":0},"classes":[]}],"jetpack_sharing_enabled":true,"_links":{"self":[{"href":"https:\/\/www.supeinnihonto.com\/fr\/wp-json\/wp\/v2\/pages\/15293","targetHints":{"allow":["GET"]}}],"collection":[{"href":"https:\/\/www.supeinnihonto.com\/fr\/wp-json\/wp\/v2\/pages"}],"about":[{"href":"https:\/\/www.supeinnihonto.com\/fr\/wp-json\/wp\/v2\/types\/page"}],"author":[{"embeddable":true,"href":"https:\/\/www.supeinnihonto.com\/fr\/wp-json\/wp\/v2\/users\/1"}],"replies":[{"embeddable":true,"href":"https:\/\/www.supeinnihonto.com\/fr\/wp-json\/wp\/v2\/comments?post=15293"}],"version-history":[{"count":4,"href":"https:\/\/www.supeinnihonto.com\/fr\/wp-json\/wp\/v2\/pages\/15293\/revisions"}],"predecessor-version":[{"id":36599,"href":"https:\/\/www.supeinnihonto.com\/fr\/wp-json\/wp\/v2\/pages\/15293\/revisions\/36599"}],"wp:attachment":[{"href":"https:\/\/www.supeinnihonto.com\/fr\/wp-json\/wp\/v2\/media?parent=15293"}],"curies":[{"name":"wp","href":"https:\/\/api.w.org\/{rel}","templated":true}]}}