{"id":45070,"date":"2026-03-01T15:42:08","date_gmt":"2026-03-01T15:42:08","guid":{"rendered":"https:\/\/www.supeinnihonto.com\/?post_type=product&#038;p=45070"},"modified":"2026-03-05T08:56:58","modified_gmt":"2026-03-05T08:56:58","slug":"marugata-tsuba-aus-kupfer-mit-koi-motiv-nbthk-hozon-zertifiziert-12","status":"publish","type":"product","link":"https:\/\/www.supeinnihonto.com\/de\/produkt\/marugata-tsuba-aus-kupfer-mit-koi-motiv-nbthk-hozon-zertifiziert-12\/","title":{"rendered":"Marugata-Tsuba aus Kupfer mit Koi-Motiv, NBTHK-Hozon-zertifiziert"},"content":{"rendered":"<p data-start=\"2541\" data-end=\"2555\"><strong data-start=\"2541\" data-end=\"2553\">ARTIKEL:<\/strong><\/p>\n<p data-start=\"2557\" data-end=\"2661\">Wird mit Zertifikat von Supein Nihonto geliefert. Inklusive NBTHK-Hozon-Zertifikat. Inklusive Holzbox.<\/p>\n<p data-start=\"2663\" data-end=\"3375\">Wundersch\u00f6ner Kupfer-Tsuba aus dem 19. Jahrhundert, signiert, mit Rand und Reliefs aus Shakud\u014d (Gold-Kupfer-Legierung), der einen Karpfen mit goldgefassten Augen darstellt. Ein einzigartiges Kunstwerk.<br data-start=\"2864\" data-end=\"2867\" \/>Der Koi-Karpfen ist in der japanischen Kultur hoch gesch\u00e4tzt und eines der beliebtesten Motive in vielen Kunstformen; Tsuba mit diesem Motiv sind jedoch sehr selten und ungew\u00f6hnlich und daher bei Sammlern besonders begehrt. Dar\u00fcber hinaus ist dieses St\u00fcck von au\u00dfergew\u00f6hnlich hoher Qualit\u00e4t und wird von einem NBTHK-Zertifikat begleitet \u2014 der weltweit wichtigsten Organisation zur Erhaltung des japanischen Schwertes \u2014, das es als Objekt von besonderem kulturellem und konservatorischem Interesse einstuft.<\/p>\n<p data-start=\"3377\" data-end=\"3391\">7,4 \u00d7 7,2 cm<\/p>\n<p data-start=\"3393\" data-end=\"3408\"><strong data-start=\"3393\" data-end=\"3406\">\u00dcBER UNS:<\/strong><\/p>\n<p data-start=\"3410\" data-end=\"4725\">Bei Supein Nihonto bem\u00fchen wir uns, Ihnen hochwertige Samurai-Schwerter und R\u00fcstungen zu Preisen anzubieten, die deutlich unter denen der Konkurrenz liegen. Wir sind wahrscheinlich der gr\u00f6\u00dfte Exporteur Europas und stolz darauf, der <strong data-start=\"3642\" data-end=\"3671\">Top-Verk\u00e4ufer Nummer eins<\/strong> in den Samurai- und japanischen Auktionen auf Catawiki zu sein.<br data-start=\"3735\" data-end=\"3738\" \/>Dies ist besonders wichtig, um Steuern und Wartezeiten zu vermeiden, die bei japanischen Verk\u00e4ufern mehr als vier Monate betragen k\u00f6nnen, sowie umst\u00e4ndliche und teils problematische Verfahren, die die Lieferung weiter verz\u00f6gern, bis hin zur R\u00fccksendung der Ware an den Absender, zus\u00e4tzlich zu \u00fcber 35 % Aufschlag auf den Endpreis durch Zoll, Abgaben und Geb\u00fchren, die den Preis erh\u00f6hen, nicht jedoch die Qualit\u00e4t oder den zuk\u00fcnftigen Wiederverkaufswert.<br data-start=\"4191\" data-end=\"4194\" \/>Als professionelle Verk\u00e4ufer bieten wir eine \u00fcberlegene Zufriedenheitsgarantie, Fachkenntnis und Standards sowie einen erweiterten Kundendienst. Dank unserer sehr niedrigen professionellen Preise und unserer schnellen und effizienten Versandmethode \u2014 in Europa selten mehr als drei Tage \u2014 sind wir \u00fcberzeugt, dass Sie diese hervorragende Gelegenheit genie\u00dfen werden, ein Kunstwerk zu besitzen, das \u00fcber Jahre hinweg an Wert gewinnt und eine ausgezeichnete Investition darstellt. Vertrauen Sie uns, um die Samurai-Kunst zu genie\u00dfen.<\/p>\n","protected":false},"excerpt":{"rendered":"<p>ARTIKEL: Wird mit Zertifikat von Supein Nihonto geliefert. Inklusive NBTHK-Hozon-Zertifikat. Inklusive Holzbox. Wundersch\u00f6ner Kupfer-Tsuba aus dem 19. Jahrhundert, signiert, mit Rand und Reliefs aus Shakud\u014d (Gold-Kupfer-Legierung), der einen Karpfen mit goldgefassten Augen darstellt. Ein einzigartiges Kunstwerk.Der Koi-Karpfen ist in der japanischen Kultur hoch gesch\u00e4tzt und eines der beliebtesten Motive in [&hellip;]<\/p>\n","protected":false},"featured_media":45081,"template":"","meta":{"jetpack_post_was_ever_published":false},"product_brand":[],"product_cat":[577,573],"product_tag":[453,457,469,623],"class_list":{"0":"post-45070","1":"product","2":"type-product","3":"status-publish","4":"has-post-thumbnail","6":"product_cat-tosogu","7":"product_cat-tsuba","8":"product_tag-hozon","9":"product_tag-katana","10":"product_tag-nbthk","11":"product_tag-tsuba","12":"product_shipping_class-light","14":"first","15":"instock","16":"featured","17":"sold-individually","18":"shipping-taxable","19":"purchasable","20":"product-type-simple"},"yoast_head":"<!-- This site is optimized with the Yoast SEO plugin v27.4 - https:\/\/yoast.com\/product\/yoast-seo-wordpress\/ -->\n<title>Marugata-Tsuba aus Kupfer mit Koi-Motiv, NBTHK-Hozon-zertifiziert - Supein Nihonto<\/title>\n<meta name=\"description\" content=\"Wundersch\u00f6ner Kupfer-Tsuba aus dem 19. Jahrhundert mit Rand und Reliefs aus Shakud\u014d (Gold-Kupfer-Legierung), der einen Karpfen mit goldgefassten Augen darstellt. Ein einzigartiges Kunstwerk.\" \/>\n<meta name=\"robots\" content=\"index, follow, max-snippet:-1, max-image-preview:large, max-video-preview:-1\" \/>\n<link rel=\"canonical\" href=\"https:\/\/www.supeinnihonto.com\/de\/produkt\/marugata-tsuba-aus-kupfer-mit-koi-motiv-nbthk-hozon-zertifiziert-12\/\" \/>\n<meta property=\"og:locale\" content=\"de_DE\" \/>\n<meta property=\"og:type\" content=\"article\" \/>\n<meta property=\"og:title\" content=\"Marugata-Tsuba aus Kupfer mit Koi-Motiv, NBTHK-Hozon-zertifiziert - Supein Nihonto\" \/>\n<meta property=\"og:description\" content=\"Wundersch\u00f6ner Kupfer-Tsuba aus dem 19. Jahrhundert mit Rand und Reliefs aus Shakud\u014d (Gold-Kupfer-Legierung), der einen Karpfen mit goldgefassten Augen darstellt. Ein einzigartiges Kunstwerk.\" \/>\n<meta property=\"og:url\" content=\"https:\/\/www.supeinnihonto.com\/de\/produkt\/marugata-tsuba-aus-kupfer-mit-koi-motiv-nbthk-hozon-zertifiziert-12\/\" \/>\n<meta property=\"og:site_name\" content=\"Supein Nihonto\" \/>\n<meta property=\"article:modified_time\" content=\"2026-03-05T08:56:58+00:00\" \/>\n<meta property=\"og:image\" content=\"https:\/\/www.supeinnihonto.com\/wp-content\/uploads\/2026\/03\/DSC_6396-scaled.jpg\" \/>\n\t<meta property=\"og:image:width\" content=\"2560\" \/>\n\t<meta property=\"og:image:height\" content=\"1707\" \/>\n\t<meta property=\"og:image:type\" content=\"image\/jpeg\" \/>\n<meta name=\"twitter:card\" content=\"summary_large_image\" \/>\n<meta name=\"twitter:label1\" content=\"Gesch\u00e4tzte Lesezeit\" \/>\n\t<meta name=\"twitter:data1\" content=\"2\u00a0Minuten\" \/>\n<script type=\"application\/ld+json\" class=\"yoast-schema-graph\">{\"@context\":\"https:\\\/\\\/schema.org\",\"@graph\":[{\"@type\":\"WebPage\",\"@id\":\"https:\\\/\\\/www.supeinnihonto.com\\\/de\\\/produkt\\\/marugata-tsuba-aus-kupfer-mit-koi-motiv-nbthk-hozon-zertifiziert-12\\\/\",\"url\":\"https:\\\/\\\/www.supeinnihonto.com\\\/de\\\/produkt\\\/marugata-tsuba-aus-kupfer-mit-koi-motiv-nbthk-hozon-zertifiziert-12\\\/\",\"name\":\"Marugata-Tsuba aus Kupfer mit Koi-Motiv, NBTHK-Hozon-zertifiziert - Supein Nihonto\",\"isPartOf\":{\"@id\":\"https:\\\/\\\/www.supeinnihonto.com\\\/de\\\/#website\"},\"primaryImageOfPage\":{\"@id\":\"https:\\\/\\\/www.supeinnihonto.com\\\/de\\\/produkt\\\/marugata-tsuba-aus-kupfer-mit-koi-motiv-nbthk-hozon-zertifiziert-12\\\/#primaryimage\"},\"image\":{\"@id\":\"https:\\\/\\\/www.supeinnihonto.com\\\/de\\\/produkt\\\/marugata-tsuba-aus-kupfer-mit-koi-motiv-nbthk-hozon-zertifiziert-12\\\/#primaryimage\"},\"thumbnailUrl\":\"https:\\\/\\\/i0.wp.com\\\/www.supeinnihonto.com\\\/wp-content\\\/uploads\\\/2026\\\/03\\\/DSC_6396-scaled.jpg?fit=2560%2C1707&ssl=1\",\"datePublished\":\"2026-03-01T15:42:08+00:00\",\"dateModified\":\"2026-03-05T08:56:58+00:00\",\"description\":\"Wundersch\u00f6ner Kupfer-Tsuba aus dem 19. Jahrhundert mit Rand und Reliefs aus Shakud\u014d (Gold-Kupfer-Legierung), der einen Karpfen mit goldgefassten Augen darstellt. Ein einzigartiges Kunstwerk.\",\"breadcrumb\":{\"@id\":\"https:\\\/\\\/www.supeinnihonto.com\\\/de\\\/produkt\\\/marugata-tsuba-aus-kupfer-mit-koi-motiv-nbthk-hozon-zertifiziert-12\\\/#breadcrumb\"},\"inLanguage\":\"de\",\"potentialAction\":[{\"@type\":\"ReadAction\",\"target\":[\"https:\\\/\\\/www.supeinnihonto.com\\\/de\\\/produkt\\\/marugata-tsuba-aus-kupfer-mit-koi-motiv-nbthk-hozon-zertifiziert-12\\\/\"]}]},{\"@type\":\"ImageObject\",\"inLanguage\":\"de\",\"@id\":\"https:\\\/\\\/www.supeinnihonto.com\\\/de\\\/produkt\\\/marugata-tsuba-aus-kupfer-mit-koi-motiv-nbthk-hozon-zertifiziert-12\\\/#primaryimage\",\"url\":\"https:\\\/\\\/i0.wp.com\\\/www.supeinnihonto.com\\\/wp-content\\\/uploads\\\/2026\\\/03\\\/DSC_6396-scaled.jpg?fit=2560%2C1707&ssl=1\",\"contentUrl\":\"https:\\\/\\\/i0.wp.com\\\/www.supeinnihonto.com\\\/wp-content\\\/uploads\\\/2026\\\/03\\\/DSC_6396-scaled.jpg?fit=2560%2C1707&ssl=1\",\"width\":2560,\"height\":1707,\"caption\":\"Silver tsuba for sale\"},{\"@type\":\"BreadcrumbList\",\"@id\":\"https:\\\/\\\/www.supeinnihonto.com\\\/de\\\/produkt\\\/marugata-tsuba-aus-kupfer-mit-koi-motiv-nbthk-hozon-zertifiziert-12\\\/#breadcrumb\",\"itemListElement\":[{\"@type\":\"ListItem\",\"position\":1,\"name\":\"Portada\",\"item\":\"https:\\\/\\\/www.supeinnihonto.com\\\/de\\\/\"},{\"@type\":\"ListItem\",\"position\":2,\"name\":\"Shop\",\"item\":\"https:\\\/\\\/www.supeinnihonto.com\\\/de\\\/shop\\\/\"},{\"@type\":\"ListItem\",\"position\":3,\"name\":\"Marugata-Tsuba aus Kupfer mit Koi-Motiv, NBTHK-Hozon-zertifiziert\"}]},{\"@type\":\"WebSite\",\"@id\":\"https:\\\/\\\/www.supeinnihonto.com\\\/de\\\/#website\",\"url\":\"https:\\\/\\\/www.supeinnihonto.com\\\/de\\\/\",\"name\":\"Supein Nihonto\",\"description\":\"Authentic japanese Nihonto katana \",\"publisher\":{\"@id\":\"https:\\\/\\\/www.supeinnihonto.com\\\/de\\\/#organization\"},\"potentialAction\":[{\"@type\":\"SearchAction\",\"target\":{\"@type\":\"EntryPoint\",\"urlTemplate\":\"https:\\\/\\\/www.supeinnihonto.com\\\/de\\\/?s={search_term_string}\"},\"query-input\":{\"@type\":\"PropertyValueSpecification\",\"valueRequired\":true,\"valueName\":\"search_term_string\"}}],\"inLanguage\":\"de\"},{\"@type\":\"Organization\",\"@id\":\"https:\\\/\\\/www.supeinnihonto.com\\\/de\\\/#organization\",\"name\":\"SupeinNihonto\",\"url\":\"https:\\\/\\\/www.supeinnihonto.com\\\/de\\\/\",\"logo\":{\"@type\":\"ImageObject\",\"inLanguage\":\"de\",\"@id\":\"https:\\\/\\\/www.supeinnihonto.com\\\/de\\\/#\\\/schema\\\/logo\\\/image\\\/\",\"url\":\"https:\\\/\\\/www.supeinnihonto.com\\\/wp-content\\\/uploads\\\/2021\\\/11\\\/animation_Default_3szk0jcenoloop.gif\",\"contentUrl\":\"https:\\\/\\\/www.supeinnihonto.com\\\/wp-content\\\/uploads\\\/2021\\\/11\\\/animation_Default_3szk0jcenoloop.gif\",\"width\":750,\"height\":641,\"caption\":\"SupeinNihonto\"},\"image\":{\"@id\":\"https:\\\/\\\/www.supeinnihonto.com\\\/de\\\/#\\\/schema\\\/logo\\\/image\\\/\"}}]}<\/script>\n<!-- \/ Yoast SEO plugin. -->","yoast_head_json":{"title":"Marugata-Tsuba aus Kupfer mit Koi-Motiv, NBTHK-Hozon-zertifiziert - Supein Nihonto","description":"Wundersch\u00f6ner Kupfer-Tsuba aus dem 19. Jahrhundert mit Rand und Reliefs aus Shakud\u014d (Gold-Kupfer-Legierung), der einen Karpfen mit goldgefassten Augen darstellt. Ein einzigartiges Kunstwerk.","robots":{"index":"index","follow":"follow","max-snippet":"max-snippet:-1","max-image-preview":"max-image-preview:large","max-video-preview":"max-video-preview:-1"},"canonical":"https:\/\/www.supeinnihonto.com\/de\/produkt\/marugata-tsuba-aus-kupfer-mit-koi-motiv-nbthk-hozon-zertifiziert-12\/","og_locale":"de_DE","og_type":"article","og_title":"Marugata-Tsuba aus Kupfer mit Koi-Motiv, NBTHK-Hozon-zertifiziert - Supein Nihonto","og_description":"Wundersch\u00f6ner Kupfer-Tsuba aus dem 19. Jahrhundert mit Rand und Reliefs aus Shakud\u014d (Gold-Kupfer-Legierung), der einen Karpfen mit goldgefassten Augen darstellt. Ein einzigartiges Kunstwerk.","og_url":"https:\/\/www.supeinnihonto.com\/de\/produkt\/marugata-tsuba-aus-kupfer-mit-koi-motiv-nbthk-hozon-zertifiziert-12\/","og_site_name":"Supein Nihonto","article_modified_time":"2026-03-05T08:56:58+00:00","og_image":[{"width":2560,"height":1707,"url":"https:\/\/www.supeinnihonto.com\/wp-content\/uploads\/2026\/03\/DSC_6396-scaled.jpg","type":"image\/jpeg"}],"twitter_card":"summary_large_image","twitter_misc":{"Gesch\u00e4tzte Lesezeit":"2\u00a0Minuten"},"schema":{"@context":"https:\/\/schema.org","@graph":[{"@type":"WebPage","@id":"https:\/\/www.supeinnihonto.com\/de\/produkt\/marugata-tsuba-aus-kupfer-mit-koi-motiv-nbthk-hozon-zertifiziert-12\/","url":"https:\/\/www.supeinnihonto.com\/de\/produkt\/marugata-tsuba-aus-kupfer-mit-koi-motiv-nbthk-hozon-zertifiziert-12\/","name":"Marugata-Tsuba aus Kupfer mit Koi-Motiv, NBTHK-Hozon-zertifiziert - Supein Nihonto","isPartOf":{"@id":"https:\/\/www.supeinnihonto.com\/de\/#website"},"primaryImageOfPage":{"@id":"https:\/\/www.supeinnihonto.com\/de\/produkt\/marugata-tsuba-aus-kupfer-mit-koi-motiv-nbthk-hozon-zertifiziert-12\/#primaryimage"},"image":{"@id":"https:\/\/www.supeinnihonto.com\/de\/produkt\/marugata-tsuba-aus-kupfer-mit-koi-motiv-nbthk-hozon-zertifiziert-12\/#primaryimage"},"thumbnailUrl":"https:\/\/i0.wp.com\/www.supeinnihonto.com\/wp-content\/uploads\/2026\/03\/DSC_6396-scaled.jpg?fit=2560%2C1707&ssl=1","datePublished":"2026-03-01T15:42:08+00:00","dateModified":"2026-03-05T08:56:58+00:00","description":"Wundersch\u00f6ner Kupfer-Tsuba aus dem 19. Jahrhundert mit Rand und Reliefs aus Shakud\u014d (Gold-Kupfer-Legierung), der einen Karpfen mit goldgefassten Augen darstellt. Ein einzigartiges Kunstwerk.","breadcrumb":{"@id":"https:\/\/www.supeinnihonto.com\/de\/produkt\/marugata-tsuba-aus-kupfer-mit-koi-motiv-nbthk-hozon-zertifiziert-12\/#breadcrumb"},"inLanguage":"de","potentialAction":[{"@type":"ReadAction","target":["https:\/\/www.supeinnihonto.com\/de\/produkt\/marugata-tsuba-aus-kupfer-mit-koi-motiv-nbthk-hozon-zertifiziert-12\/"]}]},{"@type":"ImageObject","inLanguage":"de","@id":"https:\/\/www.supeinnihonto.com\/de\/produkt\/marugata-tsuba-aus-kupfer-mit-koi-motiv-nbthk-hozon-zertifiziert-12\/#primaryimage","url":"https:\/\/i0.wp.com\/www.supeinnihonto.com\/wp-content\/uploads\/2026\/03\/DSC_6396-scaled.jpg?fit=2560%2C1707&ssl=1","contentUrl":"https:\/\/i0.wp.com\/www.supeinnihonto.com\/wp-content\/uploads\/2026\/03\/DSC_6396-scaled.jpg?fit=2560%2C1707&ssl=1","width":2560,"height":1707,"caption":"Silver tsuba for sale"},{"@type":"BreadcrumbList","@id":"https:\/\/www.supeinnihonto.com\/de\/produkt\/marugata-tsuba-aus-kupfer-mit-koi-motiv-nbthk-hozon-zertifiziert-12\/#breadcrumb","itemListElement":[{"@type":"ListItem","position":1,"name":"Portada","item":"https:\/\/www.supeinnihonto.com\/de\/"},{"@type":"ListItem","position":2,"name":"Shop","item":"https:\/\/www.supeinnihonto.com\/de\/shop\/"},{"@type":"ListItem","position":3,"name":"Marugata-Tsuba aus Kupfer mit Koi-Motiv, NBTHK-Hozon-zertifiziert"}]},{"@type":"WebSite","@id":"https:\/\/www.supeinnihonto.com\/de\/#website","url":"https:\/\/www.supeinnihonto.com\/de\/","name":"Supein Nihonto","description":"Authentic japanese Nihonto katana ","publisher":{"@id":"https:\/\/www.supeinnihonto.com\/de\/#organization"},"potentialAction":[{"@type":"SearchAction","target":{"@type":"EntryPoint","urlTemplate":"https:\/\/www.supeinnihonto.com\/de\/?s={search_term_string}"},"query-input":{"@type":"PropertyValueSpecification","valueRequired":true,"valueName":"search_term_string"}}],"inLanguage":"de"},{"@type":"Organization","@id":"https:\/\/www.supeinnihonto.com\/de\/#organization","name":"SupeinNihonto","url":"https:\/\/www.supeinnihonto.com\/de\/","logo":{"@type":"ImageObject","inLanguage":"de","@id":"https:\/\/www.supeinnihonto.com\/de\/#\/schema\/logo\/image\/","url":"https:\/\/www.supeinnihonto.com\/wp-content\/uploads\/2021\/11\/animation_Default_3szk0jcenoloop.gif","contentUrl":"https:\/\/www.supeinnihonto.com\/wp-content\/uploads\/2021\/11\/animation_Default_3szk0jcenoloop.gif","width":750,"height":641,"caption":"SupeinNihonto"},"image":{"@id":"https:\/\/www.supeinnihonto.com\/de\/#\/schema\/logo\/image\/"}}]}},"jetpack-related-posts":[{"id":12408,"url":"https:\/\/www.supeinnihonto.com\/de\/produkt\/marugata-tsuba-aus-kupfer-mit-koi-motiv-nbthk-hozon-zertifiziert\/","url_meta":{"origin":45070,"position":0},"title":"Marugata-Tsuba aus Kupfer mit Koi-Motiv, NBTHK-Hozon-zertifiziert.","author":"Eric Majo","date":"11 de November de 2024","format":false,"excerpt":"ARTIKEL: Wird mit Zertifikat von Supein Nihonto geliefert. Inklusive NBTHK-Hozon-Zertifikat. Inklusive Holzbox. Wundersch\u00f6ner Kupfer-Tsuba aus dem 19. Jahrhundert, signiert, mit Rand und Reliefs aus Shakud\u014d (Gold-Kupfer-Legierung), der einen Karpfen mit goldgefassten Augen darstellt. Ein einzigartiges Kunstwerk.Der Koi-Karpfen ist in der japanischen Kultur hoch gesch\u00e4tzt und eines der beliebtesten Motive in\u2026","rel":"","context":"\u00c4hnlicher Beitrag","block_context":{"text":"\u00c4hnlicher Beitrag","link":""},"img":{"alt_text":"Marugata copper koi tsuba NBTHK hozon","src":"https:\/\/i0.wp.com\/www.supeinnihonto.com\/wp-content\/uploads\/2024\/11\/DSC1819-scaled.jpg?fit=1200%2C800&ssl=1&resize=350%2C200","width":350,"height":200,"srcset":"https:\/\/i0.wp.com\/www.supeinnihonto.com\/wp-content\/uploads\/2024\/11\/DSC1819-scaled.jpg?fit=1200%2C800&ssl=1&resize=350%2C200 1x, https:\/\/i0.wp.com\/www.supeinnihonto.com\/wp-content\/uploads\/2024\/11\/DSC1819-scaled.jpg?fit=1200%2C800&ssl=1&resize=525%2C300 1.5x, https:\/\/i0.wp.com\/www.supeinnihonto.com\/wp-content\/uploads\/2024\/11\/DSC1819-scaled.jpg?fit=1200%2C800&ssl=1&resize=700%2C400 2x, https:\/\/i0.wp.com\/www.supeinnihonto.com\/wp-content\/uploads\/2024\/11\/DSC1819-scaled.jpg?fit=1200%2C800&ssl=1&resize=1050%2C600 3x"},"classes":[]},{"id":45251,"url":"https:\/\/www.supeinnihonto.com\/de\/produkt\/marugata-tsuba-aus-kupfer-mit-koi-motiv-nbthk-hozon-zertifiziert-3\/","url_meta":{"origin":45070,"position":1},"title":"Marugata-Tsuba aus Kupfer mit Koi-Motiv, NBTHK-Hozon-zertifiziert","author":"Eric Majo","date":"1 de M\u00e4rz de 2026","format":false,"excerpt":"ARTIKEL: Wird mit Zertifikat von Supein Nihonto geliefert. Inklusive NBTHK-Hozon-Zertifikat. Inklusive Holzbox. Wundersch\u00f6ner Kupfer-Tsuba aus dem 19. Jahrhundert, signiert, mit Rand und Reliefs aus Shakud\u014d (Gold-Kupfer-Legierung), der einen Karpfen mit goldgefassten Augen darstellt. Ein einzigartiges Kunstwerk.Der Koi-Karpfen ist in der japanischen Kultur hoch gesch\u00e4tzt und eines der beliebtesten Motive in\u2026","rel":"","context":"\u00c4hnlicher Beitrag","block_context":{"text":"\u00c4hnlicher Beitrag","link":""},"img":{"alt_text":"Tsuba koi Meiji period","src":"https:\/\/i0.wp.com\/www.supeinnihonto.com\/wp-content\/uploads\/2026\/03\/DSC_6545-scaled.jpg?fit=1200%2C800&ssl=1&resize=350%2C200","width":350,"height":200,"srcset":"https:\/\/i0.wp.com\/www.supeinnihonto.com\/wp-content\/uploads\/2026\/03\/DSC_6545-scaled.jpg?fit=1200%2C800&ssl=1&resize=350%2C200 1x, https:\/\/i0.wp.com\/www.supeinnihonto.com\/wp-content\/uploads\/2026\/03\/DSC_6545-scaled.jpg?fit=1200%2C800&ssl=1&resize=525%2C300 1.5x, https:\/\/i0.wp.com\/www.supeinnihonto.com\/wp-content\/uploads\/2026\/03\/DSC_6545-scaled.jpg?fit=1200%2C800&ssl=1&resize=700%2C400 2x, https:\/\/i0.wp.com\/www.supeinnihonto.com\/wp-content\/uploads\/2026\/03\/DSC_6545-scaled.jpg?fit=1200%2C800&ssl=1&resize=1050%2C600 3x"},"classes":[]},{"id":45210,"url":"https:\/\/www.supeinnihonto.com\/de\/produkt\/marugata-tsuba-aus-kupfer-mit-koi-motiv-nbthk-hozon-zertifiziert-5\/","url_meta":{"origin":45070,"position":2},"title":"Marugata-Tsuba aus Kupfer mit Koi-Motiv, NBTHK-Hozon-zertifiziert","author":"Eric Majo","date":"1 de M\u00e4rz de 2026","format":false,"excerpt":"ARTIKEL: Wird mit Zertifikat von Supein Nihonto geliefert. Inklusive NBTHK-Hozon-Zertifikat. Inklusive Holzbox. Wundersch\u00f6ner Kupfer-Tsuba aus dem 19. Jahrhundert, signiert, mit Rand und Reliefs aus Shakud\u014d (Gold-Kupfer-Legierung), der einen Karpfen mit goldgefassten Augen darstellt. Ein einzigartiges Kunstwerk.Der Koi-Karpfen ist in der japanischen Kultur hoch gesch\u00e4tzt und eines der beliebtesten Motive in\u2026","rel":"","context":"\u00c4hnlicher Beitrag","block_context":{"text":"\u00c4hnlicher Beitrag","link":""},"img":{"alt_text":"Iron dragon Edo tsuba for sale","src":"https:\/\/i0.wp.com\/www.supeinnihonto.com\/wp-content\/uploads\/2026\/03\/DSC_6506-scaled.jpg?fit=1200%2C800&ssl=1&resize=350%2C200","width":350,"height":200,"srcset":"https:\/\/i0.wp.com\/www.supeinnihonto.com\/wp-content\/uploads\/2026\/03\/DSC_6506-scaled.jpg?fit=1200%2C800&ssl=1&resize=350%2C200 1x, https:\/\/i0.wp.com\/www.supeinnihonto.com\/wp-content\/uploads\/2026\/03\/DSC_6506-scaled.jpg?fit=1200%2C800&ssl=1&resize=525%2C300 1.5x, https:\/\/i0.wp.com\/www.supeinnihonto.com\/wp-content\/uploads\/2026\/03\/DSC_6506-scaled.jpg?fit=1200%2C800&ssl=1&resize=700%2C400 2x, https:\/\/i0.wp.com\/www.supeinnihonto.com\/wp-content\/uploads\/2026\/03\/DSC_6506-scaled.jpg?fit=1200%2C800&ssl=1&resize=1050%2C600 3x"},"classes":[]},{"id":45101,"url":"https:\/\/www.supeinnihonto.com\/de\/produkt\/marugata-tsuba-aus-kupfer-mit-koi-motiv-nbthk-hozon-zertifiziert-10\/","url_meta":{"origin":45070,"position":3},"title":"Marugata-Tsuba aus Kupfer mit Koi-Motiv, NBTHK-Hozon-zertifiziert","author":"Eric Majo","date":"1 de M\u00e4rz de 2026","format":false,"excerpt":"ARTIKEL: Wird mit Zertifikat von Supein Nihonto geliefert. Inklusive NBTHK-Hozon-Zertifikat. Inklusive Holzbox. Wundersch\u00f6ner Kupfer-Tsuba aus dem 19. Jahrhundert, signiert, mit Rand und Reliefs aus Shakud\u014d (Gold-Kupfer-Legierung), der einen Karpfen mit goldgefassten Augen darstellt. Ein einzigartiges Kunstwerk.Der Koi-Karpfen ist in der japanischen Kultur hoch gesch\u00e4tzt und eines der beliebtesten Motive in\u2026","rel":"","context":"\u00c4hnlicher Beitrag","block_context":{"text":"\u00c4hnlicher Beitrag","link":""},"img":{"alt_text":"Iron tsuba soten for sale","src":"https:\/\/i0.wp.com\/www.supeinnihonto.com\/wp-content\/uploads\/2026\/03\/DSC_6419-scaled.jpg?fit=1200%2C800&ssl=1&resize=350%2C200","width":350,"height":200,"srcset":"https:\/\/i0.wp.com\/www.supeinnihonto.com\/wp-content\/uploads\/2026\/03\/DSC_6419-scaled.jpg?fit=1200%2C800&ssl=1&resize=350%2C200 1x, https:\/\/i0.wp.com\/www.supeinnihonto.com\/wp-content\/uploads\/2026\/03\/DSC_6419-scaled.jpg?fit=1200%2C800&ssl=1&resize=525%2C300 1.5x, https:\/\/i0.wp.com\/www.supeinnihonto.com\/wp-content\/uploads\/2026\/03\/DSC_6419-scaled.jpg?fit=1200%2C800&ssl=1&resize=700%2C400 2x, https:\/\/i0.wp.com\/www.supeinnihonto.com\/wp-content\/uploads\/2026\/03\/DSC_6419-scaled.jpg?fit=1200%2C800&ssl=1&resize=1050%2C600 3x"},"classes":[]},{"id":45138,"url":"https:\/\/www.supeinnihonto.com\/de\/produkt\/marugata-tsuba-aus-kupfer-mit-koi-motiv-nbthk-hozon-zertifiziert-8\/","url_meta":{"origin":45070,"position":4},"title":"Marugata-Tsuba aus Kupfer mit Koi-Motiv, NBTHK-Hozon-zertifiziert","author":"Eric Majo","date":"1 de M\u00e4rz de 2026","format":false,"excerpt":"ARTIKEL: Wird mit Zertifikat von Supein Nihonto geliefert. Inklusive NBTHK-Hozon-Zertifikat. Inklusive Holzbox. Wundersch\u00f6ner Kupfer-Tsuba aus dem 19. Jahrhundert, signiert, mit Rand und Reliefs aus Shakud\u014d (Gold-Kupfer-Legierung), der einen Karpfen mit goldgefassten Augen darstellt. Ein einzigartiges Kunstwerk.Der Koi-Karpfen ist in der japanischen Kultur hoch gesch\u00e4tzt und eines der beliebtesten Motive in\u2026","rel":"","context":"\u00c4hnlicher Beitrag","block_context":{"text":"\u00c4hnlicher Beitrag","link":""},"img":{"alt_text":"Daisho tsuba for sale","src":"https:\/\/i0.wp.com\/www.supeinnihonto.com\/wp-content\/uploads\/2026\/03\/DSC_6444-scaled.jpg?fit=1200%2C800&ssl=1&resize=350%2C200","width":350,"height":200,"srcset":"https:\/\/i0.wp.com\/www.supeinnihonto.com\/wp-content\/uploads\/2026\/03\/DSC_6444-scaled.jpg?fit=1200%2C800&ssl=1&resize=350%2C200 1x, https:\/\/i0.wp.com\/www.supeinnihonto.com\/wp-content\/uploads\/2026\/03\/DSC_6444-scaled.jpg?fit=1200%2C800&ssl=1&resize=525%2C300 1.5x, https:\/\/i0.wp.com\/www.supeinnihonto.com\/wp-content\/uploads\/2026\/03\/DSC_6444-scaled.jpg?fit=1200%2C800&ssl=1&resize=700%2C400 2x, https:\/\/i0.wp.com\/www.supeinnihonto.com\/wp-content\/uploads\/2026\/03\/DSC_6444-scaled.jpg?fit=1200%2C800&ssl=1&resize=1050%2C600 3x"},"classes":[]},{"id":45121,"url":"https:\/\/www.supeinnihonto.com\/de\/produkt\/marugata-tsuba-aus-kupfer-mit-koi-motiv-nbthk-hozon-zertifiziert-9\/","url_meta":{"origin":45070,"position":5},"title":"Marugata-Tsuba aus Kupfer mit Koi-Motiv, NBTHK-Hozon-zertifiziert","author":"Eric Majo","date":"1 de M\u00e4rz de 2026","format":false,"excerpt":"ARTIKEL: Wird mit Zertifikat von Supein Nihonto geliefert. Inklusive NBTHK-Hozon-Zertifikat. Inklusive Holzbox. Wundersch\u00f6ner Kupfer-Tsuba aus dem 19. Jahrhundert, signiert, mit Rand und Reliefs aus Shakud\u014d (Gold-Kupfer-Legierung), der einen Karpfen mit goldgefassten Augen darstellt. Ein einzigartiges Kunstwerk.Der Koi-Karpfen ist in der japanischen Kultur hoch gesch\u00e4tzt und eines der beliebtesten Motive in\u2026","rel":"","context":"\u00c4hnlicher Beitrag","block_context":{"text":"\u00c4hnlicher Beitrag","link":""},"img":{"alt_text":"","src":"https:\/\/i0.wp.com\/www.supeinnihonto.com\/wp-content\/uploads\/2026\/03\/DSC_6430-scaled.jpg?fit=1200%2C800&ssl=1&resize=350%2C200","width":350,"height":200,"srcset":"https:\/\/i0.wp.com\/www.supeinnihonto.com\/wp-content\/uploads\/2026\/03\/DSC_6430-scaled.jpg?fit=1200%2C800&ssl=1&resize=350%2C200 1x, https:\/\/i0.wp.com\/www.supeinnihonto.com\/wp-content\/uploads\/2026\/03\/DSC_6430-scaled.jpg?fit=1200%2C800&ssl=1&resize=525%2C300 1.5x, https:\/\/i0.wp.com\/www.supeinnihonto.com\/wp-content\/uploads\/2026\/03\/DSC_6430-scaled.jpg?fit=1200%2C800&ssl=1&resize=700%2C400 2x, https:\/\/i0.wp.com\/www.supeinnihonto.com\/wp-content\/uploads\/2026\/03\/DSC_6430-scaled.jpg?fit=1200%2C800&ssl=1&resize=1050%2C600 3x"},"classes":[]}],"jetpack_sharing_enabled":true,"_links":{"self":[{"href":"https:\/\/www.supeinnihonto.com\/de\/wp-json\/wp\/v2\/product\/45070","targetHints":{"allow":["GET"]}}],"collection":[{"href":"https:\/\/www.supeinnihonto.com\/de\/wp-json\/wp\/v2\/product"}],"about":[{"href":"https:\/\/www.supeinnihonto.com\/de\/wp-json\/wp\/v2\/types\/product"}],"wp:featuredmedia":[{"embeddable":true,"href":"https:\/\/www.supeinnihonto.com\/de\/wp-json\/wp\/v2\/media\/45081"}],"wp:attachment":[{"href":"https:\/\/www.supeinnihonto.com\/de\/wp-json\/wp\/v2\/media?parent=45070"}],"wp:term":[{"taxonomy":"product_brand","embeddable":true,"href":"https:\/\/www.supeinnihonto.com\/de\/wp-json\/wp\/v2\/product_brand?post=45070"},{"taxonomy":"product_cat","embeddable":true,"href":"https:\/\/www.supeinnihonto.com\/de\/wp-json\/wp\/v2\/product_cat?post=45070"},{"taxonomy":"product_tag","embeddable":true,"href":"https:\/\/www.supeinnihonto.com\/de\/wp-json\/wp\/v2\/product_tag?post=45070"}],"curies":[{"name":"wp","href":"https:\/\/api.w.org\/{rel}","templated":true}]}}