{"id":39176,"date":"2025-12-26T12:29:05","date_gmt":"2025-12-26T12:29:05","guid":{"rendered":"https:\/\/www.supeinnihonto.com\/?post_type=product&#038;p=39176"},"modified":"2026-03-05T10:11:25","modified_gmt":"2026-03-05T10:11:25","slug":"suji-bachi-kabuto-4","status":"publish","type":"product","link":"https:\/\/www.supeinnihonto.com\/de\/produkt\/suji-bachi-kabuto-4\/","title":{"rendered":"Suji Bachi Kabuto"},"content":{"rendered":"<p><em><strong>\u00dcber uns:<\/strong><\/em><\/p>\n<p>Unsere Fotografien werden ohne Retusche oder Photoshop aufgenommen, um sicherzustellen, dass der Kunde die Realit\u00e4t des Objekts beurteilen kann.<\/p>\n<p>Dank der st\u00e4ndigen Zusammenarbeit direkt mit den besten Sammlern, Museen und Galerien in Japan sowie der Freundschaft zu ihnen, kombiniert mit einer Gewinnspanne, die deutlich unter der europ\u00e4ischen Konkurrenz liegt, k\u00f6nnen wir Objekte anbieten, sodass viele Menschen sich f\u00fcr authentische St\u00fccke mit Hunderten von Jahren entscheiden k\u00f6nnen \u2013 und das zu mehr als wettbewerbsf\u00e4higen Preisen. Schlie\u00dflich ist Samurai-Kunst unsere Leidenschaft und wir m\u00f6chten sie mit der Welt teilen.<\/p>\n<p><span>ARTIKELBESCHREIBUNG:<\/span><\/p>\n<p><span>Wird mit Zertifikat f\u00fcr supein Nihonto geliefert.<\/span><\/p>\n<p><span>Edo-Zeit (1615-1868)<\/span><\/p>\n<p><span>Beschreibung des Kabuto<\/span><\/p>\n<p><span>Helmtyp:<\/span><\/p>\n<p><span>Pr\u00e4chtiger japanischer Kabuto aus dem 18.-19. Jahrhundert, gefertigt aus geschmiedetem Eisen mit exquisiter Lackarbeit am Shikoro. Dieser Helm ist ein feines Beispiel des suji bachi 62-Platten-Kabuto-Typs, bestehend aus mehreren vertikalen Platten, die miteinander vernietet sind und sich am oberen Tehen no Kanamono treffen, das zart mit vergoldetem Metall verziert ist. Die Schmiedearbeit zeigt au\u00dfergew\u00f6hnliches handwerkliches K\u00f6nnen, mit pr\u00e4ziser Nietenausrichtung, die sowohl St\u00e4rke als auch Symmetrie verst\u00e4rkt.<\/span><\/p>\n<p><span>Das Shikoro (Nackenschutz) verf\u00fcgt \u00fcber einen reichen schwarzen Lack mit dunkelblauer Seidenbespannung, perfekt erhalten und optisch beeindruckend. Die gro\u00dfen Fukigaeshi auf beiden Seiten sind mit einem Metall-Mon (Familienwappen) verziert, das ein stilisiertes Blumenmotiv zeigt, umrahmt von \u00dcberresten von Vergoldung und subtilen pflanzlichen Dekorationen auf der Lackoberfl\u00e4che.<\/span><\/p>\n<p><span>Ein gro\u00dfer Maedate in Form von Hirschgeweihen (Kuwagata) dominiert die Vorderseite, gefertigt aus geh\u00e4rtetem Leder oder Holz (Nerikawa) und mit r\u00f6tlich-braunem und goldenem Lack veredelt. Dieses Design symbolisiert St\u00e4rke, Widerstandskraft und Harmonie mit der Natur \u2013 und diente sowohl als Erkennungszeichen auf dem Schlachtfeld als auch als Prestigezeichen.<\/span><\/p>\n<p><span>Das Tehen no Kanamono, das den Helm oben kr\u00f6nt, zeigt filigrane konzentrische florale Ornamente aus vergoldetem Metall, typisch f\u00fcr hochwertige Helme der Edo-Zeit.<\/span><\/p>\n<p><span>Insgesamt verk\u00f6rpert dieser Kabuto die japanische Meisterschaft, Funktionalit\u00e4t mit Sch\u00f6nheit zu verbinden \u2013 eine harmonische Mischung aus milit\u00e4rischem Nutzen, verfeinerter Kunstfertigkeit und symbolischer Bedeutung, tief verwurzelt im Samurai-Ethos.<\/span><\/p>\n","protected":false},"excerpt":{"rendered":"<p>\u00dcber uns: Unsere Fotografien werden ohne Retusche oder Photoshop aufgenommen, um sicherzustellen, dass der Kunde die Realit\u00e4t des Objekts beurteilen kann. Dank der st\u00e4ndigen Zusammenarbeit direkt mit den besten Sammlern, Museen und Galerien in Japan sowie der Freundschaft zu ihnen, kombiniert mit einer Gewinnspanne, die deutlich unter der europ\u00e4ischen Konkurrenz [&hellip;]<\/p>\n","protected":false},"featured_media":11079,"template":"","meta":{"jetpack_post_was_ever_published":false},"product_brand":[],"product_cat":[570],"product_tag":[445,636,589],"class_list":{"0":"post-39176","1":"product","2":"type-product","3":"status-publish","4":"has-post-thumbnail","6":"product_cat-kabuto","7":"product_tag-edo","8":"product_tag-kabuto","9":"product_tag-yoroi","10":"product_shipping_class-light","12":"first","13":"outofstock","14":"shipping-taxable","15":"purchasable","16":"product-type-simple"},"yoast_head":"<!-- This site is optimized with the Yoast SEO plugin v27.4 - https:\/\/yoast.com\/product\/yoast-seo-wordpress\/ -->\n<title>Suji Bachi Kabuto - Supein Nihonto<\/title>\n<meta name=\"description\" content=\"Pr\u00e4chtiger japanischer Kabuto aus dem 18.\u201319. Jahrhundert, gefertigt aus geschmiedetem Eisen mit hervorragender Lackarbeit am Shikoro. Dieser Helm ist ein sch\u00f6nes Beispiel eines Suji-Bachi-Kabuto mit 62 Platten, bestehend aus zahlreichen vertikalen, miteinander vernieteten Platten, die sich am oberen Ende im Tehen no Kanamono vereinen, welcher fein mit vergoldetem Metall verziert ist.\" \/>\n<meta name=\"robots\" content=\"index, follow, max-snippet:-1, max-image-preview:large, max-video-preview:-1\" \/>\n<link rel=\"canonical\" href=\"https:\/\/www.supeinnihonto.com\/de\/produkt\/suji-bachi-kabuto-4\/\" \/>\n<meta property=\"og:locale\" content=\"de_DE\" \/>\n<meta property=\"og:type\" content=\"article\" \/>\n<meta property=\"og:title\" content=\"Suji Bachi Kabuto - Supein Nihonto\" \/>\n<meta property=\"og:description\" content=\"Pr\u00e4chtiger japanischer Kabuto aus dem 18.\u201319. Jahrhundert, gefertigt aus geschmiedetem Eisen mit hervorragender Lackarbeit am Shikoro. Dieser Helm ist ein sch\u00f6nes Beispiel eines Suji-Bachi-Kabuto mit 62 Platten, bestehend aus zahlreichen vertikalen, miteinander vernieteten Platten, die sich am oberen Ende im Tehen no Kanamono vereinen, welcher fein mit vergoldetem Metall verziert ist.\" \/>\n<meta property=\"og:url\" content=\"https:\/\/www.supeinnihonto.com\/de\/produkt\/suji-bachi-kabuto-4\/\" \/>\n<meta property=\"og:site_name\" content=\"Supein Nihonto\" \/>\n<meta property=\"article:modified_time\" content=\"2026-03-05T10:11:25+00:00\" \/>\n<meta property=\"og:image\" content=\"https:\/\/www.supeinnihonto.com\/wp-content\/uploads\/2024\/01\/logo-sold-scaled.png\" \/>\n\t<meta property=\"og:image:width\" content=\"3125\" \/>\n\t<meta property=\"og:image:height\" content=\"1875\" \/>\n\t<meta property=\"og:image:type\" content=\"image\/png\" \/>\n<meta name=\"twitter:card\" content=\"summary_large_image\" \/>\n<meta name=\"twitter:label1\" content=\"Gesch\u00e4tzte Lesezeit\" \/>\n\t<meta name=\"twitter:data1\" content=\"2\u00a0Minuten\" \/>\n<script type=\"application\/ld+json\" class=\"yoast-schema-graph\">{\"@context\":\"https:\\\/\\\/schema.org\",\"@graph\":[{\"@type\":\"WebPage\",\"@id\":\"https:\\\/\\\/www.supeinnihonto.com\\\/de\\\/produkt\\\/suji-bachi-kabuto-4\\\/\",\"url\":\"https:\\\/\\\/www.supeinnihonto.com\\\/de\\\/produkt\\\/suji-bachi-kabuto-4\\\/\",\"name\":\"Suji Bachi Kabuto - Supein Nihonto\",\"isPartOf\":{\"@id\":\"https:\\\/\\\/www.supeinnihonto.com\\\/de\\\/#website\"},\"primaryImageOfPage\":{\"@id\":\"https:\\\/\\\/www.supeinnihonto.com\\\/de\\\/produkt\\\/suji-bachi-kabuto-4\\\/#primaryimage\"},\"image\":{\"@id\":\"https:\\\/\\\/www.supeinnihonto.com\\\/de\\\/produkt\\\/suji-bachi-kabuto-4\\\/#primaryimage\"},\"thumbnailUrl\":\"https:\\\/\\\/i0.wp.com\\\/www.supeinnihonto.com\\\/wp-content\\\/uploads\\\/2024\\\/01\\\/logo-sold-scaled.png?fit=3125%2C1875&ssl=1\",\"datePublished\":\"2025-12-26T12:29:05+00:00\",\"dateModified\":\"2026-03-05T10:11:25+00:00\",\"description\":\"Pr\u00e4chtiger japanischer Kabuto aus dem 18.\u201319. Jahrhundert, gefertigt aus geschmiedetem Eisen mit hervorragender Lackarbeit am Shikoro. Dieser Helm ist ein sch\u00f6nes Beispiel eines Suji-Bachi-Kabuto mit 62 Platten, bestehend aus zahlreichen vertikalen, miteinander vernieteten Platten, die sich am oberen Ende im Tehen no Kanamono vereinen, welcher fein mit vergoldetem Metall verziert ist.\",\"breadcrumb\":{\"@id\":\"https:\\\/\\\/www.supeinnihonto.com\\\/de\\\/produkt\\\/suji-bachi-kabuto-4\\\/#breadcrumb\"},\"inLanguage\":\"de\",\"potentialAction\":[{\"@type\":\"ReadAction\",\"target\":[\"https:\\\/\\\/www.supeinnihonto.com\\\/de\\\/produkt\\\/suji-bachi-kabuto-4\\\/\"]}]},{\"@type\":\"ImageObject\",\"inLanguage\":\"de\",\"@id\":\"https:\\\/\\\/www.supeinnihonto.com\\\/de\\\/produkt\\\/suji-bachi-kabuto-4\\\/#primaryimage\",\"url\":\"https:\\\/\\\/i0.wp.com\\\/www.supeinnihonto.com\\\/wp-content\\\/uploads\\\/2024\\\/01\\\/logo-sold-scaled.png?fit=3125%2C1875&ssl=1\",\"contentUrl\":\"https:\\\/\\\/i0.wp.com\\\/www.supeinnihonto.com\\\/wp-content\\\/uploads\\\/2024\\\/01\\\/logo-sold-scaled.png?fit=3125%2C1875&ssl=1\",\"width\":3125,\"height\":1875,\"caption\":\"Sold\"},{\"@type\":\"BreadcrumbList\",\"@id\":\"https:\\\/\\\/www.supeinnihonto.com\\\/de\\\/produkt\\\/suji-bachi-kabuto-4\\\/#breadcrumb\",\"itemListElement\":[{\"@type\":\"ListItem\",\"position\":1,\"name\":\"Portada\",\"item\":\"https:\\\/\\\/www.supeinnihonto.com\\\/de\\\/\"},{\"@type\":\"ListItem\",\"position\":2,\"name\":\"Shop\",\"item\":\"https:\\\/\\\/www.supeinnihonto.com\\\/de\\\/shop\\\/\"},{\"@type\":\"ListItem\",\"position\":3,\"name\":\"Suji Bachi Kabuto\"}]},{\"@type\":\"WebSite\",\"@id\":\"https:\\\/\\\/www.supeinnihonto.com\\\/de\\\/#website\",\"url\":\"https:\\\/\\\/www.supeinnihonto.com\\\/de\\\/\",\"name\":\"Supein Nihonto\",\"description\":\"Authentic japanese Nihonto katana \",\"publisher\":{\"@id\":\"https:\\\/\\\/www.supeinnihonto.com\\\/de\\\/#organization\"},\"potentialAction\":[{\"@type\":\"SearchAction\",\"target\":{\"@type\":\"EntryPoint\",\"urlTemplate\":\"https:\\\/\\\/www.supeinnihonto.com\\\/de\\\/?s={search_term_string}\"},\"query-input\":{\"@type\":\"PropertyValueSpecification\",\"valueRequired\":true,\"valueName\":\"search_term_string\"}}],\"inLanguage\":\"de\"},{\"@type\":\"Organization\",\"@id\":\"https:\\\/\\\/www.supeinnihonto.com\\\/de\\\/#organization\",\"name\":\"SupeinNihonto\",\"url\":\"https:\\\/\\\/www.supeinnihonto.com\\\/de\\\/\",\"logo\":{\"@type\":\"ImageObject\",\"inLanguage\":\"de\",\"@id\":\"https:\\\/\\\/www.supeinnihonto.com\\\/de\\\/#\\\/schema\\\/logo\\\/image\\\/\",\"url\":\"https:\\\/\\\/www.supeinnihonto.com\\\/wp-content\\\/uploads\\\/2021\\\/11\\\/animation_Default_3szk0jcenoloop.gif\",\"contentUrl\":\"https:\\\/\\\/www.supeinnihonto.com\\\/wp-content\\\/uploads\\\/2021\\\/11\\\/animation_Default_3szk0jcenoloop.gif\",\"width\":750,\"height\":641,\"caption\":\"SupeinNihonto\"},\"image\":{\"@id\":\"https:\\\/\\\/www.supeinnihonto.com\\\/de\\\/#\\\/schema\\\/logo\\\/image\\\/\"}}]}<\/script>\n<!-- \/ Yoast SEO plugin. -->","yoast_head_json":{"title":"Suji Bachi Kabuto - Supein Nihonto","description":"Pr\u00e4chtiger japanischer Kabuto aus dem 18.\u201319. Jahrhundert, gefertigt aus geschmiedetem Eisen mit hervorragender Lackarbeit am Shikoro. Dieser Helm ist ein sch\u00f6nes Beispiel eines Suji-Bachi-Kabuto mit 62 Platten, bestehend aus zahlreichen vertikalen, miteinander vernieteten Platten, die sich am oberen Ende im Tehen no Kanamono vereinen, welcher fein mit vergoldetem Metall verziert ist.","robots":{"index":"index","follow":"follow","max-snippet":"max-snippet:-1","max-image-preview":"max-image-preview:large","max-video-preview":"max-video-preview:-1"},"canonical":"https:\/\/www.supeinnihonto.com\/de\/produkt\/suji-bachi-kabuto-4\/","og_locale":"de_DE","og_type":"article","og_title":"Suji Bachi Kabuto - Supein Nihonto","og_description":"Pr\u00e4chtiger japanischer Kabuto aus dem 18.\u201319. Jahrhundert, gefertigt aus geschmiedetem Eisen mit hervorragender Lackarbeit am Shikoro. Dieser Helm ist ein sch\u00f6nes Beispiel eines Suji-Bachi-Kabuto mit 62 Platten, bestehend aus zahlreichen vertikalen, miteinander vernieteten Platten, die sich am oberen Ende im Tehen no Kanamono vereinen, welcher fein mit vergoldetem Metall verziert ist.","og_url":"https:\/\/www.supeinnihonto.com\/de\/produkt\/suji-bachi-kabuto-4\/","og_site_name":"Supein Nihonto","article_modified_time":"2026-03-05T10:11:25+00:00","og_image":[{"width":3125,"height":1875,"url":"https:\/\/www.supeinnihonto.com\/wp-content\/uploads\/2024\/01\/logo-sold-scaled.png","type":"image\/png"}],"twitter_card":"summary_large_image","twitter_misc":{"Gesch\u00e4tzte Lesezeit":"2\u00a0Minuten"},"schema":{"@context":"https:\/\/schema.org","@graph":[{"@type":"WebPage","@id":"https:\/\/www.supeinnihonto.com\/de\/produkt\/suji-bachi-kabuto-4\/","url":"https:\/\/www.supeinnihonto.com\/de\/produkt\/suji-bachi-kabuto-4\/","name":"Suji Bachi Kabuto - Supein Nihonto","isPartOf":{"@id":"https:\/\/www.supeinnihonto.com\/de\/#website"},"primaryImageOfPage":{"@id":"https:\/\/www.supeinnihonto.com\/de\/produkt\/suji-bachi-kabuto-4\/#primaryimage"},"image":{"@id":"https:\/\/www.supeinnihonto.com\/de\/produkt\/suji-bachi-kabuto-4\/#primaryimage"},"thumbnailUrl":"https:\/\/i0.wp.com\/www.supeinnihonto.com\/wp-content\/uploads\/2024\/01\/logo-sold-scaled.png?fit=3125%2C1875&ssl=1","datePublished":"2025-12-26T12:29:05+00:00","dateModified":"2026-03-05T10:11:25+00:00","description":"Pr\u00e4chtiger japanischer Kabuto aus dem 18.\u201319. Jahrhundert, gefertigt aus geschmiedetem Eisen mit hervorragender Lackarbeit am Shikoro. Dieser Helm ist ein sch\u00f6nes Beispiel eines Suji-Bachi-Kabuto mit 62 Platten, bestehend aus zahlreichen vertikalen, miteinander vernieteten Platten, die sich am oberen Ende im Tehen no Kanamono vereinen, welcher fein mit vergoldetem Metall verziert ist.","breadcrumb":{"@id":"https:\/\/www.supeinnihonto.com\/de\/produkt\/suji-bachi-kabuto-4\/#breadcrumb"},"inLanguage":"de","potentialAction":[{"@type":"ReadAction","target":["https:\/\/www.supeinnihonto.com\/de\/produkt\/suji-bachi-kabuto-4\/"]}]},{"@type":"ImageObject","inLanguage":"de","@id":"https:\/\/www.supeinnihonto.com\/de\/produkt\/suji-bachi-kabuto-4\/#primaryimage","url":"https:\/\/i0.wp.com\/www.supeinnihonto.com\/wp-content\/uploads\/2024\/01\/logo-sold-scaled.png?fit=3125%2C1875&ssl=1","contentUrl":"https:\/\/i0.wp.com\/www.supeinnihonto.com\/wp-content\/uploads\/2024\/01\/logo-sold-scaled.png?fit=3125%2C1875&ssl=1","width":3125,"height":1875,"caption":"Sold"},{"@type":"BreadcrumbList","@id":"https:\/\/www.supeinnihonto.com\/de\/produkt\/suji-bachi-kabuto-4\/#breadcrumb","itemListElement":[{"@type":"ListItem","position":1,"name":"Portada","item":"https:\/\/www.supeinnihonto.com\/de\/"},{"@type":"ListItem","position":2,"name":"Shop","item":"https:\/\/www.supeinnihonto.com\/de\/shop\/"},{"@type":"ListItem","position":3,"name":"Suji Bachi Kabuto"}]},{"@type":"WebSite","@id":"https:\/\/www.supeinnihonto.com\/de\/#website","url":"https:\/\/www.supeinnihonto.com\/de\/","name":"Supein Nihonto","description":"Authentic japanese Nihonto katana ","publisher":{"@id":"https:\/\/www.supeinnihonto.com\/de\/#organization"},"potentialAction":[{"@type":"SearchAction","target":{"@type":"EntryPoint","urlTemplate":"https:\/\/www.supeinnihonto.com\/de\/?s={search_term_string}"},"query-input":{"@type":"PropertyValueSpecification","valueRequired":true,"valueName":"search_term_string"}}],"inLanguage":"de"},{"@type":"Organization","@id":"https:\/\/www.supeinnihonto.com\/de\/#organization","name":"SupeinNihonto","url":"https:\/\/www.supeinnihonto.com\/de\/","logo":{"@type":"ImageObject","inLanguage":"de","@id":"https:\/\/www.supeinnihonto.com\/de\/#\/schema\/logo\/image\/","url":"https:\/\/www.supeinnihonto.com\/wp-content\/uploads\/2021\/11\/animation_Default_3szk0jcenoloop.gif","contentUrl":"https:\/\/www.supeinnihonto.com\/wp-content\/uploads\/2021\/11\/animation_Default_3szk0jcenoloop.gif","width":750,"height":641,"caption":"SupeinNihonto"},"image":{"@id":"https:\/\/www.supeinnihonto.com\/de\/#\/schema\/logo\/image\/"}}]}},"jetpack-related-posts":[{"id":13518,"url":"https:\/\/www.supeinnihonto.com\/de\/produkt\/kawari-kabuto-shachihoko\/","url_meta":{"origin":39176,"position":0},"title":"Kawari Kabuto Shachihoko","author":"Supein Nihonto","date":"30 de Mai de 2024","format":false,"excerpt":"\u00dcber uns: Unsere Fotografien werden ohne Retusche oder Photoshop aufgenommen, um sicherzustellen, dass der Kunde die Realit\u00e4t des Objekts beurteilen kann. Dank der st\u00e4ndigen Zusammenarbeit direkt mit den besten Sammlern, Museen und Galerien in Japan und der Freundschaft zu ihnen, sowie einer Gewinnspanne, die deutlich niedriger ist als bei der\u2026","rel":"","context":"\u00c4hnlicher Beitrag","block_context":{"text":"\u00c4hnlicher Beitrag","link":""},"img":{"alt_text":"Kawari Kabuto Shachihoko","src":"https:\/\/i0.wp.com\/www.supeinnihonto.com\/wp-content\/uploads\/2024\/05\/DSC_4575-scaled.jpg?fit=800%2C1200&ssl=1&resize=350%2C200","width":350,"height":200,"srcset":"https:\/\/i0.wp.com\/www.supeinnihonto.com\/wp-content\/uploads\/2024\/05\/DSC_4575-scaled.jpg?fit=800%2C1200&ssl=1&resize=350%2C200 1x, https:\/\/i0.wp.com\/www.supeinnihonto.com\/wp-content\/uploads\/2024\/05\/DSC_4575-scaled.jpg?fit=800%2C1200&ssl=1&resize=525%2C300 1.5x, https:\/\/i0.wp.com\/www.supeinnihonto.com\/wp-content\/uploads\/2024\/05\/DSC_4575-scaled.jpg?fit=800%2C1200&ssl=1&resize=700%2C400 2x"},"classes":[]},{"id":11287,"url":"https:\/\/www.supeinnihonto.com\/de\/produkt\/snake-maedate-kabuto\/","url_meta":{"origin":39176,"position":1},"title":"Snake Maedate Kabuto","author":"Eric Majo","date":"22 de Juli de 2025","format":false,"excerpt":"About US: Unsere Fotografien werden ohne Retusche oder Photoshop aufgenommen, damit der Kunde den tats\u00e4chlichen Zustand des Objekts realistisch beurteilen kann. Dank unserer kontinuierlichen direkten Zusammenarbeit mit den besten Sammlern, Museen und Galerien in Japan sowie freundschaftlicher Beziehungen zu ihnen und einer deutlich niedrigeren Gewinnmarge als bei der europ\u00e4ischen Konkurrenz\u2026","rel":"","context":"\u00c4hnlicher Beitrag","block_context":{"text":"\u00c4hnlicher Beitrag","link":""},"img":{"alt_text":"Snake Maedate Kabuto","src":"https:\/\/i0.wp.com\/www.supeinnihonto.com\/wp-content\/uploads\/2025\/07\/DSC_9960-scaled-1.webp?fit=1200%2C966&ssl=1&resize=350%2C200","width":350,"height":200,"srcset":"https:\/\/i0.wp.com\/www.supeinnihonto.com\/wp-content\/uploads\/2025\/07\/DSC_9960-scaled-1.webp?fit=1200%2C966&ssl=1&resize=350%2C200 1x, https:\/\/i0.wp.com\/www.supeinnihonto.com\/wp-content\/uploads\/2025\/07\/DSC_9960-scaled-1.webp?fit=1200%2C966&ssl=1&resize=525%2C300 1.5x, https:\/\/i0.wp.com\/www.supeinnihonto.com\/wp-content\/uploads\/2025\/07\/DSC_9960-scaled-1.webp?fit=1200%2C966&ssl=1&resize=700%2C400 2x, https:\/\/i0.wp.com\/www.supeinnihonto.com\/wp-content\/uploads\/2025\/07\/DSC_9960-scaled-1.webp?fit=1200%2C966&ssl=1&resize=1050%2C600 3x"},"classes":[]},{"id":10968,"url":"https:\/\/www.supeinnihonto.com\/de\/produkt\/tengu-kawari-kabuto\/","url_meta":{"origin":39176,"position":2},"title":"Tengu Kawari Kabuto","author":"Eric Majo","date":"29 de November de 2025","format":false,"excerpt":"\u00dcber uns: Unsere Fotografien werden ohne Retusche oder Photoshop aufgenommen, um sicherzustellen, dass der Kunde die Realit\u00e4t des Objekts beurteilen kann. Dank der st\u00e4ndigen Zusammenarbeit direkt mit den besten Sammlern, Museen und Galerien in Japan sowie der Freundschaft zu ihnen, zusammen mit einer Gewinnspanne, die deutlich unter der europ\u00e4ischen Konkurrenz\u2026","rel":"","context":"\u00c4hnlicher Beitrag","block_context":{"text":"\u00c4hnlicher Beitrag","link":""},"img":{"alt_text":"Tengu kabuto for sale","src":"https:\/\/i0.wp.com\/www.supeinnihonto.com\/wp-content\/uploads\/2025\/11\/DSC_4003-scaled.jpg?fit=1200%2C959&ssl=1&resize=350%2C200","width":350,"height":200,"srcset":"https:\/\/i0.wp.com\/www.supeinnihonto.com\/wp-content\/uploads\/2025\/11\/DSC_4003-scaled.jpg?fit=1200%2C959&ssl=1&resize=350%2C200 1x, https:\/\/i0.wp.com\/www.supeinnihonto.com\/wp-content\/uploads\/2025\/11\/DSC_4003-scaled.jpg?fit=1200%2C959&ssl=1&resize=525%2C300 1.5x, https:\/\/i0.wp.com\/www.supeinnihonto.com\/wp-content\/uploads\/2025\/11\/DSC_4003-scaled.jpg?fit=1200%2C959&ssl=1&resize=700%2C400 2x, https:\/\/i0.wp.com\/www.supeinnihonto.com\/wp-content\/uploads\/2025\/11\/DSC_4003-scaled.jpg?fit=1200%2C959&ssl=1&resize=1050%2C600 3x"},"classes":[]},{"id":11245,"url":"https:\/\/www.supeinnihonto.com\/de\/produkt\/usagi-kabuto\/","url_meta":{"origin":39176,"position":3},"title":"Usagi Kabuto","author":"Eric Majo","date":"22 de Juli de 2025","format":false,"excerpt":"About US: Unsere Fotografien werden ohne Retusche oder Photoshop aufgenommen, damit der Kunde den tats\u00e4chlichen Zustand des Objekts realistisch beurteilen kann. Dank unserer kontinuierlichen direkten Zusammenarbeit mit den besten Sammlern, Museen und Galerien in Japan sowie freundschaftlicher Beziehungen zu ihnen und einer deutlich niedrigeren Gewinnmarge als bei der europ\u00e4ischen Konkurrenz\u2026","rel":"","context":"\u00c4hnlicher Beitrag","block_context":{"text":"\u00c4hnlicher Beitrag","link":""},"img":{"alt_text":"","src":"https:\/\/i0.wp.com\/www.supeinnihonto.com\/wp-content\/uploads\/2025\/07\/DSC_9977-scaled-1.webp?fit=1200%2C1103&ssl=1&resize=350%2C200","width":350,"height":200,"srcset":"https:\/\/i0.wp.com\/www.supeinnihonto.com\/wp-content\/uploads\/2025\/07\/DSC_9977-scaled-1.webp?fit=1200%2C1103&ssl=1&resize=350%2C200 1x, https:\/\/i0.wp.com\/www.supeinnihonto.com\/wp-content\/uploads\/2025\/07\/DSC_9977-scaled-1.webp?fit=1200%2C1103&ssl=1&resize=525%2C300 1.5x, https:\/\/i0.wp.com\/www.supeinnihonto.com\/wp-content\/uploads\/2025\/07\/DSC_9977-scaled-1.webp?fit=1200%2C1103&ssl=1&resize=700%2C400 2x, https:\/\/i0.wp.com\/www.supeinnihonto.com\/wp-content\/uploads\/2025\/07\/DSC_9977-scaled-1.webp?fit=1200%2C1103&ssl=1&resize=1050%2C600 3x"},"classes":[]},{"id":10990,"url":"https:\/\/www.supeinnihonto.com\/de\/produkt\/kawari-kabuto\/","url_meta":{"origin":39176,"position":4},"title":"Kawari Kabuto","author":"Eric Majo","date":"25 de November de 2025","format":false,"excerpt":"\u00dcber uns: Unsere Fotografien werden ohne Retusche oder Photoshop aufgenommen, um sicherzustellen, dass der Kunde die Realit\u00e4t des Objekts beurteilen kann. Dank der st\u00e4ndigen Zusammenarbeit direkt mit den besten Sammlern, Museen und Galerien in Japan sowie der Freundschaft mit ihnen und einer Gewinnspanne, die deutlich unter der europ\u00e4ischen Konkurrenz liegt,\u2026","rel":"","context":"\u00c4hnlicher Beitrag","block_context":{"text":"\u00c4hnlicher Beitrag","link":""},"img":{"alt_text":"Kabuto for sale","src":"https:\/\/i0.wp.com\/www.supeinnihonto.com\/wp-content\/uploads\/2025\/11\/DSC_3872-scaled.jpg?fit=975%2C1200&ssl=1&resize=350%2C200","width":350,"height":200,"srcset":"https:\/\/i0.wp.com\/www.supeinnihonto.com\/wp-content\/uploads\/2025\/11\/DSC_3872-scaled.jpg?fit=975%2C1200&ssl=1&resize=350%2C200 1x, https:\/\/i0.wp.com\/www.supeinnihonto.com\/wp-content\/uploads\/2025\/11\/DSC_3872-scaled.jpg?fit=975%2C1200&ssl=1&resize=525%2C300 1.5x, https:\/\/i0.wp.com\/www.supeinnihonto.com\/wp-content\/uploads\/2025\/11\/DSC_3872-scaled.jpg?fit=975%2C1200&ssl=1&resize=700%2C400 2x"},"classes":[]},{"id":10978,"url":"https:\/\/www.supeinnihonto.com\/de\/produkt\/golden-kawari-kabuto\/","url_meta":{"origin":39176,"position":5},"title":"Golden Kawari Kabuto","author":"Eric Majo","date":"29 de November de 2025","format":false,"excerpt":"\u00dcber uns: Unsere Fotografien werden ohne Retusche oder Photoshop aufgenommen, damit der Kunde die tats\u00e4chliche Beschaffenheit des Objekts realistisch beurteilen kann. Dank kontinuierlicher Zusammenarbeit direkt mit den besten Sammlern, Museen und Galerien in Japan sowie freundschaftlicher Beziehungen zu ihnen und einer deutlich niedrigeren Gewinnmarge als bei der europ\u00e4ischen Konkurrenz k\u00f6nnen\u2026","rel":"","context":"\u00c4hnlicher Beitrag","block_context":{"text":"\u00c4hnlicher Beitrag","link":""},"img":{"alt_text":"Sold","src":"https:\/\/i0.wp.com\/www.supeinnihonto.com\/wp-content\/uploads\/2024\/01\/logo-sold-scaled.png?fit=1200%2C720&ssl=1&resize=350%2C200","width":350,"height":200,"srcset":"https:\/\/i0.wp.com\/www.supeinnihonto.com\/wp-content\/uploads\/2024\/01\/logo-sold-scaled.png?fit=1200%2C720&ssl=1&resize=350%2C200 1x, https:\/\/i0.wp.com\/www.supeinnihonto.com\/wp-content\/uploads\/2024\/01\/logo-sold-scaled.png?fit=1200%2C720&ssl=1&resize=525%2C300 1.5x, https:\/\/i0.wp.com\/www.supeinnihonto.com\/wp-content\/uploads\/2024\/01\/logo-sold-scaled.png?fit=1200%2C720&ssl=1&resize=700%2C400 2x, https:\/\/i0.wp.com\/www.supeinnihonto.com\/wp-content\/uploads\/2024\/01\/logo-sold-scaled.png?fit=1200%2C720&ssl=1&resize=1050%2C600 3x"},"classes":[]}],"jetpack_sharing_enabled":true,"_links":{"self":[{"href":"https:\/\/www.supeinnihonto.com\/de\/wp-json\/wp\/v2\/product\/39176","targetHints":{"allow":["GET"]}}],"collection":[{"href":"https:\/\/www.supeinnihonto.com\/de\/wp-json\/wp\/v2\/product"}],"about":[{"href":"https:\/\/www.supeinnihonto.com\/de\/wp-json\/wp\/v2\/types\/product"}],"wp:featuredmedia":[{"embeddable":true,"href":"https:\/\/www.supeinnihonto.com\/de\/wp-json\/wp\/v2\/media\/11079"}],"wp:attachment":[{"href":"https:\/\/www.supeinnihonto.com\/de\/wp-json\/wp\/v2\/media?parent=39176"}],"wp:term":[{"taxonomy":"product_brand","embeddable":true,"href":"https:\/\/www.supeinnihonto.com\/de\/wp-json\/wp\/v2\/product_brand?post=39176"},{"taxonomy":"product_cat","embeddable":true,"href":"https:\/\/www.supeinnihonto.com\/de\/wp-json\/wp\/v2\/product_cat?post=39176"},{"taxonomy":"product_tag","embeddable":true,"href":"https:\/\/www.supeinnihonto.com\/de\/wp-json\/wp\/v2\/product_tag?post=39176"}],"curies":[{"name":"wp","href":"https:\/\/api.w.org\/{rel}","templated":true}]}}