{"id":15069,"date":"2024-02-03T17:42:11","date_gmt":"2024-02-03T17:42:11","guid":{"rendered":"https:\/\/www.supeinnihonto.com\/product\/nihonto-tanto-jewel-koshirae\/"},"modified":"2025-12-16T08:57:38","modified_gmt":"2025-12-16T08:57:38","slug":"nihonto-tanto-jewel-koshirae","status":"publish","type":"product","link":"https:\/\/www.supeinnihonto.com\/de\/produkt\/nihonto-tanto-jewel-koshirae\/","title":{"rendered":"Nihonto Tanto Jewel Koshirae"},"content":{"rendered":"<p>Nihonto Tanto Jewel Koshirae<\/p>\n<p>At Supein Nihonto we strive to bring you high quality samurai swords at prices far below the competition. We are probably the largest exporter in Europe. This is especially important to save on taxes and waiting times that can exceed three months with Japanese sellers and more than 30% extra on the final price. Thanks to this and the lowest professional prices in the industry plus our fast and efficient shipping method, we are sure you will enjoy this great opportunity to own a piece of art that will appreciate in value for years to come.<\/p>\n<p>Comes with kimono or cotton bag.<\/p>\n<p>Amazing Tanto with a full mach jewel koshirae, a piece of art worthly of any museum in the world. This kind of pieces are extremely hard to find even paying high value prices, dont miss this opportunity. This spectacular tanto from XIX century.<\/p>\n<p>It has a beautiful red silk tsuka ito in perfect condition. The hand-painted flowers and bronze elements in high relief give it a quality that is well above average. This work was undoubtedly made for a high ranking or opulent person in late Edo period society. It has been recently polished by a Japanese master polisher so its hamon and sharpening are in perfect condition. A piece of great beauty.<\/p>\n<p>Beautiful and vivid hamon and nice Jihada (skin of the blade). Very rare and desirable find a blade with this quality polish in such almost perfect condition. The koshirae is in very good condition too. And amazing piece of art. Normal signs of use and battle as normal for such kind of item. A great museum piece to any collector. Special and rare sword full of history to tell.<\/p>\n<p>The blade is in old japanese polish remaining in good condition, the jihada of the steel is detailed and full of details to appreciate. A masterpiece Worthly a museum and a great addition to any private collection.<\/p>\n<p>Blade is in very good condition due to aging. Not hagire and not fatal damage, of course. This is a japanese weapon so have a real historical value. This is a weapon with centuries, not machine crafted so can be minor movements of saya, tsuka, tsuba, etc. Because of dilatation, humidity, etc. and little damages propers of his age like small rust, scratches, etc.. Sold as is.<\/p>\n<p>All my swords are originals, imported from japan and Europe from the best dealers and collectors during many years of collection and passion.<\/p>\n<p>Nihonto Tanto Jewel Koshirae.<\/p>\n<p>Size: Koshirae Full length: 36 cm<br \/>\nBlade length: 23,3 cm Sori: 0,0 cm<\/p>\n","protected":false},"excerpt":{"rendered":"<p>Nihonto Tanto Jewel Koshirae At Supein Nihonto we strive to bring you high quality samurai swords at prices far below the competition. We are probably the largest exporter in Europe. This is especially important to save on taxes and waiting times that can exceed three months with Japanese sellers and [&hellip;]<\/p>\n","protected":false},"featured_media":10957,"template":"","meta":{"jetpack_post_was_ever_published":false},"product_brand":[],"product_cat":[579,581],"product_tag":[457,439,489],"class_list":{"0":"post-15069","1":"product","2":"type-product","3":"status-publish","4":"has-post-thumbnail","6":"product_cat-nihonto","7":"product_cat-tanto","8":"product_tag-katana","9":"product_tag-nihonto","10":"product_tag-verkauft","12":"first","13":"outofstock","14":"shipping-taxable","15":"purchasable","16":"product-type-simple"},"yoast_head":"<!-- This site is optimized with the Yoast SEO plugin v27.3 - https:\/\/yoast.com\/product\/yoast-seo-wordpress\/ -->\n<title>Nihonto Tanto Jewel Koshirae - Supein Nihonto<\/title>\n<meta name=\"description\" content=\"Nihonto Tanto Jewel Koshirae. Amazing Tanto with a full mach jewel koshirae, a piece of art worthly of any museum in the world.\" \/>\n<meta name=\"robots\" content=\"index, follow, max-snippet:-1, max-image-preview:large, max-video-preview:-1\" \/>\n<link rel=\"canonical\" href=\"https:\/\/www.supeinnihonto.com\/de\/produkt\/nihonto-tanto-jewel-koshirae\/\" \/>\n<meta property=\"og:locale\" content=\"de_DE\" \/>\n<meta property=\"og:type\" content=\"article\" \/>\n<meta property=\"og:title\" content=\"Nihonto Tanto Jewel Koshirae - Supein Nihonto\" \/>\n<meta property=\"og:description\" content=\"Nihonto Tanto Jewel Koshirae. Amazing Tanto with a full mach jewel koshirae, a piece of art worthly of any museum in the world.\" \/>\n<meta property=\"og:url\" content=\"https:\/\/www.supeinnihonto.com\/de\/produkt\/nihonto-tanto-jewel-koshirae\/\" \/>\n<meta property=\"og:site_name\" content=\"Supein Nihonto\" \/>\n<meta property=\"article:modified_time\" content=\"2025-12-16T08:57:38+00:00\" \/>\n<meta property=\"og:image\" content=\"https:\/\/www.supeinnihonto.com\/wp-content\/uploads\/2024\/02\/logo-sold.png\" \/>\n\t<meta property=\"og:image:width\" content=\"3125\" \/>\n\t<meta property=\"og:image:height\" content=\"1875\" \/>\n\t<meta property=\"og:image:type\" content=\"image\/png\" \/>\n<meta name=\"twitter:card\" content=\"summary_large_image\" \/>\n<meta name=\"twitter:label1\" content=\"Gesch\u00e4tzte Lesezeit\" \/>\n\t<meta name=\"twitter:data1\" content=\"2\u00a0Minuten\" \/>\n<script type=\"application\/ld+json\" class=\"yoast-schema-graph\">{\"@context\":\"https:\\\/\\\/schema.org\",\"@graph\":[{\"@type\":\"WebPage\",\"@id\":\"https:\\\/\\\/www.supeinnihonto.com\\\/de\\\/produkt\\\/nihonto-tanto-jewel-koshirae\\\/\",\"url\":\"https:\\\/\\\/www.supeinnihonto.com\\\/de\\\/produkt\\\/nihonto-tanto-jewel-koshirae\\\/\",\"name\":\"Nihonto Tanto Jewel Koshirae - Supein Nihonto\",\"isPartOf\":{\"@id\":\"https:\\\/\\\/www.supeinnihonto.com\\\/de\\\/#website\"},\"primaryImageOfPage\":{\"@id\":\"https:\\\/\\\/www.supeinnihonto.com\\\/de\\\/produkt\\\/nihonto-tanto-jewel-koshirae\\\/#primaryimage\"},\"image\":{\"@id\":\"https:\\\/\\\/www.supeinnihonto.com\\\/de\\\/produkt\\\/nihonto-tanto-jewel-koshirae\\\/#primaryimage\"},\"thumbnailUrl\":\"https:\\\/\\\/i0.wp.com\\\/www.supeinnihonto.com\\\/wp-content\\\/uploads\\\/2024\\\/02\\\/logo-sold-scaled.png?fit=3125%2C1875&ssl=1\",\"datePublished\":\"2024-02-03T17:42:11+00:00\",\"dateModified\":\"2025-12-16T08:57:38+00:00\",\"description\":\"Nihonto Tanto Jewel Koshirae. Amazing Tanto with a full mach jewel koshirae, a piece of art worthly of any museum in the world.\",\"breadcrumb\":{\"@id\":\"https:\\\/\\\/www.supeinnihonto.com\\\/de\\\/produkt\\\/nihonto-tanto-jewel-koshirae\\\/#breadcrumb\"},\"inLanguage\":\"de\",\"potentialAction\":[{\"@type\":\"ReadAction\",\"target\":[\"https:\\\/\\\/www.supeinnihonto.com\\\/de\\\/produkt\\\/nihonto-tanto-jewel-koshirae\\\/\"]}]},{\"@type\":\"ImageObject\",\"inLanguage\":\"de\",\"@id\":\"https:\\\/\\\/www.supeinnihonto.com\\\/de\\\/produkt\\\/nihonto-tanto-jewel-koshirae\\\/#primaryimage\",\"url\":\"https:\\\/\\\/i0.wp.com\\\/www.supeinnihonto.com\\\/wp-content\\\/uploads\\\/2024\\\/02\\\/logo-sold-scaled.png?fit=3125%2C1875&ssl=1\",\"contentUrl\":\"https:\\\/\\\/i0.wp.com\\\/www.supeinnihonto.com\\\/wp-content\\\/uploads\\\/2024\\\/02\\\/logo-sold-scaled.png?fit=3125%2C1875&ssl=1\",\"width\":3125,\"height\":1875,\"caption\":\"sold\"},{\"@type\":\"BreadcrumbList\",\"@id\":\"https:\\\/\\\/www.supeinnihonto.com\\\/de\\\/produkt\\\/nihonto-tanto-jewel-koshirae\\\/#breadcrumb\",\"itemListElement\":[{\"@type\":\"ListItem\",\"position\":1,\"name\":\"Portada\",\"item\":\"https:\\\/\\\/www.supeinnihonto.com\\\/de\\\/\"},{\"@type\":\"ListItem\",\"position\":2,\"name\":\"Shop\",\"item\":\"https:\\\/\\\/www.supeinnihonto.com\\\/de\\\/shop\\\/\"},{\"@type\":\"ListItem\",\"position\":3,\"name\":\"Nihonto Tanto Jewel Koshirae\"}]},{\"@type\":\"WebSite\",\"@id\":\"https:\\\/\\\/www.supeinnihonto.com\\\/de\\\/#website\",\"url\":\"https:\\\/\\\/www.supeinnihonto.com\\\/de\\\/\",\"name\":\"Supein Nihonto\",\"description\":\"Authentic japanese Nihonto katana \",\"publisher\":{\"@id\":\"https:\\\/\\\/www.supeinnihonto.com\\\/de\\\/#organization\"},\"potentialAction\":[{\"@type\":\"SearchAction\",\"target\":{\"@type\":\"EntryPoint\",\"urlTemplate\":\"https:\\\/\\\/www.supeinnihonto.com\\\/de\\\/?s={search_term_string}\"},\"query-input\":{\"@type\":\"PropertyValueSpecification\",\"valueRequired\":true,\"valueName\":\"search_term_string\"}}],\"inLanguage\":\"de\"},{\"@type\":\"Organization\",\"@id\":\"https:\\\/\\\/www.supeinnihonto.com\\\/de\\\/#organization\",\"name\":\"SupeinNihonto\",\"url\":\"https:\\\/\\\/www.supeinnihonto.com\\\/de\\\/\",\"logo\":{\"@type\":\"ImageObject\",\"inLanguage\":\"de\",\"@id\":\"https:\\\/\\\/www.supeinnihonto.com\\\/de\\\/#\\\/schema\\\/logo\\\/image\\\/\",\"url\":\"https:\\\/\\\/www.supeinnihonto.com\\\/wp-content\\\/uploads\\\/2021\\\/11\\\/animation_Default_3szk0jcenoloop.gif\",\"contentUrl\":\"https:\\\/\\\/www.supeinnihonto.com\\\/wp-content\\\/uploads\\\/2021\\\/11\\\/animation_Default_3szk0jcenoloop.gif\",\"width\":750,\"height\":641,\"caption\":\"SupeinNihonto\"},\"image\":{\"@id\":\"https:\\\/\\\/www.supeinnihonto.com\\\/de\\\/#\\\/schema\\\/logo\\\/image\\\/\"}}]}<\/script>\n<!-- \/ Yoast SEO plugin. -->","yoast_head_json":{"title":"Nihonto Tanto Jewel Koshirae - Supein Nihonto","description":"Nihonto Tanto Jewel Koshirae. Amazing Tanto with a full mach jewel koshirae, a piece of art worthly of any museum in the world.","robots":{"index":"index","follow":"follow","max-snippet":"max-snippet:-1","max-image-preview":"max-image-preview:large","max-video-preview":"max-video-preview:-1"},"canonical":"https:\/\/www.supeinnihonto.com\/de\/produkt\/nihonto-tanto-jewel-koshirae\/","og_locale":"de_DE","og_type":"article","og_title":"Nihonto Tanto Jewel Koshirae - Supein Nihonto","og_description":"Nihonto Tanto Jewel Koshirae. Amazing Tanto with a full mach jewel koshirae, a piece of art worthly of any museum in the world.","og_url":"https:\/\/www.supeinnihonto.com\/de\/produkt\/nihonto-tanto-jewel-koshirae\/","og_site_name":"Supein Nihonto","article_modified_time":"2025-12-16T08:57:38+00:00","og_image":[{"width":3125,"height":1875,"url":"https:\/\/www.supeinnihonto.com\/wp-content\/uploads\/2024\/02\/logo-sold.png","type":"image\/png"}],"twitter_card":"summary_large_image","twitter_misc":{"Gesch\u00e4tzte Lesezeit":"2\u00a0Minuten"},"schema":{"@context":"https:\/\/schema.org","@graph":[{"@type":"WebPage","@id":"https:\/\/www.supeinnihonto.com\/de\/produkt\/nihonto-tanto-jewel-koshirae\/","url":"https:\/\/www.supeinnihonto.com\/de\/produkt\/nihonto-tanto-jewel-koshirae\/","name":"Nihonto Tanto Jewel Koshirae - Supein Nihonto","isPartOf":{"@id":"https:\/\/www.supeinnihonto.com\/de\/#website"},"primaryImageOfPage":{"@id":"https:\/\/www.supeinnihonto.com\/de\/produkt\/nihonto-tanto-jewel-koshirae\/#primaryimage"},"image":{"@id":"https:\/\/www.supeinnihonto.com\/de\/produkt\/nihonto-tanto-jewel-koshirae\/#primaryimage"},"thumbnailUrl":"https:\/\/i0.wp.com\/www.supeinnihonto.com\/wp-content\/uploads\/2024\/02\/logo-sold-scaled.png?fit=3125%2C1875&ssl=1","datePublished":"2024-02-03T17:42:11+00:00","dateModified":"2025-12-16T08:57:38+00:00","description":"Nihonto Tanto Jewel Koshirae. Amazing Tanto with a full mach jewel koshirae, a piece of art worthly of any museum in the world.","breadcrumb":{"@id":"https:\/\/www.supeinnihonto.com\/de\/produkt\/nihonto-tanto-jewel-koshirae\/#breadcrumb"},"inLanguage":"de","potentialAction":[{"@type":"ReadAction","target":["https:\/\/www.supeinnihonto.com\/de\/produkt\/nihonto-tanto-jewel-koshirae\/"]}]},{"@type":"ImageObject","inLanguage":"de","@id":"https:\/\/www.supeinnihonto.com\/de\/produkt\/nihonto-tanto-jewel-koshirae\/#primaryimage","url":"https:\/\/i0.wp.com\/www.supeinnihonto.com\/wp-content\/uploads\/2024\/02\/logo-sold-scaled.png?fit=3125%2C1875&ssl=1","contentUrl":"https:\/\/i0.wp.com\/www.supeinnihonto.com\/wp-content\/uploads\/2024\/02\/logo-sold-scaled.png?fit=3125%2C1875&ssl=1","width":3125,"height":1875,"caption":"sold"},{"@type":"BreadcrumbList","@id":"https:\/\/www.supeinnihonto.com\/de\/produkt\/nihonto-tanto-jewel-koshirae\/#breadcrumb","itemListElement":[{"@type":"ListItem","position":1,"name":"Portada","item":"https:\/\/www.supeinnihonto.com\/de\/"},{"@type":"ListItem","position":2,"name":"Shop","item":"https:\/\/www.supeinnihonto.com\/de\/shop\/"},{"@type":"ListItem","position":3,"name":"Nihonto Tanto Jewel Koshirae"}]},{"@type":"WebSite","@id":"https:\/\/www.supeinnihonto.com\/de\/#website","url":"https:\/\/www.supeinnihonto.com\/de\/","name":"Supein Nihonto","description":"Authentic japanese Nihonto katana ","publisher":{"@id":"https:\/\/www.supeinnihonto.com\/de\/#organization"},"potentialAction":[{"@type":"SearchAction","target":{"@type":"EntryPoint","urlTemplate":"https:\/\/www.supeinnihonto.com\/de\/?s={search_term_string}"},"query-input":{"@type":"PropertyValueSpecification","valueRequired":true,"valueName":"search_term_string"}}],"inLanguage":"de"},{"@type":"Organization","@id":"https:\/\/www.supeinnihonto.com\/de\/#organization","name":"SupeinNihonto","url":"https:\/\/www.supeinnihonto.com\/de\/","logo":{"@type":"ImageObject","inLanguage":"de","@id":"https:\/\/www.supeinnihonto.com\/de\/#\/schema\/logo\/image\/","url":"https:\/\/www.supeinnihonto.com\/wp-content\/uploads\/2021\/11\/animation_Default_3szk0jcenoloop.gif","contentUrl":"https:\/\/www.supeinnihonto.com\/wp-content\/uploads\/2021\/11\/animation_Default_3szk0jcenoloop.gif","width":750,"height":641,"caption":"SupeinNihonto"},"image":{"@id":"https:\/\/www.supeinnihonto.com\/de\/#\/schema\/logo\/image\/"}}]}},"jetpack-related-posts":[{"id":15210,"url":"https:\/\/www.supeinnihonto.com\/es\/produkt\/nihonto-tanto-jewel-koshirae\/","url_meta":{"origin":15069,"position":0},"title":"Nihonto Tanto Jewel Koshirae","author":"Supein Nihonto","date":"3 de Februar de 2024","format":false,"excerpt":"Nihonto Tanto Jewel Koshirae At Supein Nihonto we strive to bring you high quality samurai swords at prices far below the competition. We are probably the largest exporter in Europe. This is especially important to save on taxes and waiting times that can exceed three months with Japanese sellers and\u2026","rel":"","context":"\u00c4hnlicher Beitrag","block_context":{"text":"\u00c4hnlicher Beitrag","link":""},"img":{"alt_text":"sold","src":"https:\/\/i0.wp.com\/www.supeinnihonto.com\/wp-content\/uploads\/2024\/02\/logo-sold-scaled.png?fit=1200%2C720&ssl=1&resize=350%2C200","width":350,"height":200,"srcset":"https:\/\/i0.wp.com\/www.supeinnihonto.com\/wp-content\/uploads\/2024\/02\/logo-sold-scaled.png?fit=1200%2C720&ssl=1&resize=350%2C200 1x, https:\/\/i0.wp.com\/www.supeinnihonto.com\/wp-content\/uploads\/2024\/02\/logo-sold-scaled.png?fit=1200%2C720&ssl=1&resize=525%2C300 1.5x, https:\/\/i0.wp.com\/www.supeinnihonto.com\/wp-content\/uploads\/2024\/02\/logo-sold-scaled.png?fit=1200%2C720&ssl=1&resize=700%2C400 2x, https:\/\/i0.wp.com\/www.supeinnihonto.com\/wp-content\/uploads\/2024\/02\/logo-sold-scaled.png?fit=1200%2C720&ssl=1&resize=1050%2C600 3x"},"classes":[]},{"id":15067,"url":"https:\/\/www.supeinnihonto.com\/fr\/produit\/nihonto-tanto-jewel-koshirae\/","url_meta":{"origin":15069,"position":1},"title":"Nihonto Tanto Jewel Koshirae","author":"Supein Nihonto","date":"3 de Februar de 2024","format":false,"excerpt":"Nihonto Tanto Jewel Koshirae At Supein Nihonto we strive to bring you high quality samurai swords at prices far below the competition. We are probably the largest exporter in Europe. This is especially important to save on taxes and waiting times that can exceed three months with Japanese sellers and\u2026","rel":"","context":"\u00c4hnlicher Beitrag","block_context":{"text":"\u00c4hnlicher Beitrag","link":""},"img":{"alt_text":"sold","src":"https:\/\/i0.wp.com\/www.supeinnihonto.com\/wp-content\/uploads\/2024\/02\/logo-sold-scaled.png?fit=1200%2C720&ssl=1&resize=350%2C200","width":350,"height":200,"srcset":"https:\/\/i0.wp.com\/www.supeinnihonto.com\/wp-content\/uploads\/2024\/02\/logo-sold-scaled.png?fit=1200%2C720&ssl=1&resize=350%2C200 1x, https:\/\/i0.wp.com\/www.supeinnihonto.com\/wp-content\/uploads\/2024\/02\/logo-sold-scaled.png?fit=1200%2C720&ssl=1&resize=525%2C300 1.5x, https:\/\/i0.wp.com\/www.supeinnihonto.com\/wp-content\/uploads\/2024\/02\/logo-sold-scaled.png?fit=1200%2C720&ssl=1&resize=700%2C400 2x, https:\/\/i0.wp.com\/www.supeinnihonto.com\/wp-content\/uploads\/2024\/02\/logo-sold-scaled.png?fit=1200%2C720&ssl=1&resize=1050%2C600 3x"},"classes":[]},{"id":15071,"url":"https:\/\/www.supeinnihonto.com\/it\/prodotto\/nihonto-tanto-jewel-koshirae\/","url_meta":{"origin":15069,"position":2},"title":"Nihonto Tanto Jewel Koshirae","author":"Supein Nihonto","date":"3 de Februar de 2024","format":false,"excerpt":"Nihonto Tanto Jewel Koshirae At Supein Nihonto we strive to bring you high quality samurai swords at prices far below the competition. We are probably the largest exporter in Europe. This is especially important to save on taxes and waiting times that can exceed three months with Japanese sellers and\u2026","rel":"","context":"\u00c4hnlicher Beitrag","block_context":{"text":"\u00c4hnlicher Beitrag","link":""},"img":{"alt_text":"sold","src":"https:\/\/i0.wp.com\/www.supeinnihonto.com\/wp-content\/uploads\/2024\/02\/logo-sold-scaled.png?fit=1200%2C720&ssl=1&resize=350%2C200","width":350,"height":200,"srcset":"https:\/\/i0.wp.com\/www.supeinnihonto.com\/wp-content\/uploads\/2024\/02\/logo-sold-scaled.png?fit=1200%2C720&ssl=1&resize=350%2C200 1x, https:\/\/i0.wp.com\/www.supeinnihonto.com\/wp-content\/uploads\/2024\/02\/logo-sold-scaled.png?fit=1200%2C720&ssl=1&resize=525%2C300 1.5x, https:\/\/i0.wp.com\/www.supeinnihonto.com\/wp-content\/uploads\/2024\/02\/logo-sold-scaled.png?fit=1200%2C720&ssl=1&resize=700%2C400 2x, https:\/\/i0.wp.com\/www.supeinnihonto.com\/wp-content\/uploads\/2024\/02\/logo-sold-scaled.png?fit=1200%2C720&ssl=1&resize=1050%2C600 3x"},"classes":[]},{"id":37006,"url":"https:\/\/www.supeinnihonto.com\/es\/produkt\/nihonto-tanto-jewel-koshirae\/","url_meta":{"origin":15069,"position":3},"title":"Nihonto Tanto Jewel Koshirae","author":"Supein Nihonto","date":"3 de Februar de 2024","format":false,"excerpt":"Nihonto Tanto Jewel Koshirae At Supein Nihonto we strive to bring you high quality samurai swords at prices far below the competition. We are probably the largest exporter in Europe. This is especially important to save on taxes and waiting times that can exceed three months with Japanese sellers and\u2026","rel":"","context":"\u00c4hnlicher Beitrag","block_context":{"text":"\u00c4hnlicher Beitrag","link":""},"img":{"alt_text":"sold","src":"https:\/\/i0.wp.com\/www.supeinnihonto.com\/wp-content\/uploads\/2024\/02\/logo-sold-scaled.png?fit=1200%2C720&ssl=1&resize=350%2C200","width":350,"height":200,"srcset":"https:\/\/i0.wp.com\/www.supeinnihonto.com\/wp-content\/uploads\/2024\/02\/logo-sold-scaled.png?fit=1200%2C720&ssl=1&resize=350%2C200 1x, https:\/\/i0.wp.com\/www.supeinnihonto.com\/wp-content\/uploads\/2024\/02\/logo-sold-scaled.png?fit=1200%2C720&ssl=1&resize=525%2C300 1.5x, https:\/\/i0.wp.com\/www.supeinnihonto.com\/wp-content\/uploads\/2024\/02\/logo-sold-scaled.png?fit=1200%2C720&ssl=1&resize=700%2C400 2x, https:\/\/i0.wp.com\/www.supeinnihonto.com\/wp-content\/uploads\/2024\/02\/logo-sold-scaled.png?fit=1200%2C720&ssl=1&resize=1050%2C600 3x"},"classes":[]},{"id":2169,"url":"https:\/\/www.supeinnihonto.com\/produkt\/nihonto-tanto-jewel-koshirae\/","url_meta":{"origin":15069,"position":4},"title":"Nihonto Tanto Jewel Koshirae","author":"Supein Nihonto","date":"3 de Februar de 2024","format":false,"excerpt":"Nihonto Tanto Jewel Koshirae At Supein Nihonto we strive to bring you high quality samurai swords at prices far below the competition. We are probably the largest exporter in Europe. This is especially important to save on taxes and waiting times that can exceed three months with Japanese sellers and\u2026","rel":"","context":"\u00c4hnlicher Beitrag","block_context":{"text":"\u00c4hnlicher Beitrag","link":""},"img":{"alt_text":"sold","src":"https:\/\/i0.wp.com\/www.supeinnihonto.com\/wp-content\/uploads\/2024\/02\/logo-sold-scaled.png?fit=1200%2C720&ssl=1&resize=350%2C200","width":350,"height":200,"srcset":"https:\/\/i0.wp.com\/www.supeinnihonto.com\/wp-content\/uploads\/2024\/02\/logo-sold-scaled.png?fit=1200%2C720&ssl=1&resize=350%2C200 1x, https:\/\/i0.wp.com\/www.supeinnihonto.com\/wp-content\/uploads\/2024\/02\/logo-sold-scaled.png?fit=1200%2C720&ssl=1&resize=525%2C300 1.5x, https:\/\/i0.wp.com\/www.supeinnihonto.com\/wp-content\/uploads\/2024\/02\/logo-sold-scaled.png?fit=1200%2C720&ssl=1&resize=700%2C400 2x, https:\/\/i0.wp.com\/www.supeinnihonto.com\/wp-content\/uploads\/2024\/02\/logo-sold-scaled.png?fit=1200%2C720&ssl=1&resize=1050%2C600 3x"},"classes":[]},{"id":15045,"url":"https:\/\/www.supeinnihonto.com\/de\/produkt\/nihonto-tanto-silver-tosogu\/","url_meta":{"origin":15069,"position":5},"title":"Nihonto Tanto Silber Tosogu","author":"Supein Nihonto","date":"3 de Februar de 2024","format":false,"excerpt":"Nihonto Tanto Silver Tosogu. Bei Supein Nihonto bem\u00fchen wir uns, Ihnen hochwertige Samurai-Schwerter zu Preisen anzubieten, die weit unter denen der Konkurrenz liegen. Wir sind wahrscheinlich der gr\u00f6\u00dfte Exporteur in Europa. Dies ist besonders wichtig, um Steuern und Wartezeiten zu sparen, die bei japanischen Verk\u00e4ufern \u00fcber drei Monate betragen k\u00f6nnen,\u2026","rel":"","context":"\u00c4hnlicher Beitrag","block_context":{"text":"\u00c4hnlicher Beitrag","link":""},"img":{"alt_text":"sold","src":"https:\/\/i0.wp.com\/www.supeinnihonto.com\/wp-content\/uploads\/2024\/02\/logo-sold-scaled.png?fit=1200%2C720&ssl=1&resize=350%2C200","width":350,"height":200,"srcset":"https:\/\/i0.wp.com\/www.supeinnihonto.com\/wp-content\/uploads\/2024\/02\/logo-sold-scaled.png?fit=1200%2C720&ssl=1&resize=350%2C200 1x, https:\/\/i0.wp.com\/www.supeinnihonto.com\/wp-content\/uploads\/2024\/02\/logo-sold-scaled.png?fit=1200%2C720&ssl=1&resize=525%2C300 1.5x, https:\/\/i0.wp.com\/www.supeinnihonto.com\/wp-content\/uploads\/2024\/02\/logo-sold-scaled.png?fit=1200%2C720&ssl=1&resize=700%2C400 2x, https:\/\/i0.wp.com\/www.supeinnihonto.com\/wp-content\/uploads\/2024\/02\/logo-sold-scaled.png?fit=1200%2C720&ssl=1&resize=1050%2C600 3x"},"classes":[]}],"jetpack_sharing_enabled":true,"_links":{"self":[{"href":"https:\/\/www.supeinnihonto.com\/de\/wp-json\/wp\/v2\/product\/15069","targetHints":{"allow":["GET"]}}],"collection":[{"href":"https:\/\/www.supeinnihonto.com\/de\/wp-json\/wp\/v2\/product"}],"about":[{"href":"https:\/\/www.supeinnihonto.com\/de\/wp-json\/wp\/v2\/types\/product"}],"wp:featuredmedia":[{"embeddable":true,"href":"https:\/\/www.supeinnihonto.com\/de\/wp-json\/wp\/v2\/media\/10957"}],"wp:attachment":[{"href":"https:\/\/www.supeinnihonto.com\/de\/wp-json\/wp\/v2\/media?parent=15069"}],"wp:term":[{"taxonomy":"product_brand","embeddable":true,"href":"https:\/\/www.supeinnihonto.com\/de\/wp-json\/wp\/v2\/product_brand?post=15069"},{"taxonomy":"product_cat","embeddable":true,"href":"https:\/\/www.supeinnihonto.com\/de\/wp-json\/wp\/v2\/product_cat?post=15069"},{"taxonomy":"product_tag","embeddable":true,"href":"https:\/\/www.supeinnihonto.com\/de\/wp-json\/wp\/v2\/product_tag?post=15069"}],"curies":[{"name":"wp","href":"https:\/\/api.w.org\/{rel}","templated":true}]}}