{"id":15029,"date":"2024-02-04T10:59:32","date_gmt":"2024-02-04T10:59:32","guid":{"rendered":"https:\/\/www.supeinnihonto.com\/product\/nihonto-wakizashi-horimono-in-shirasaya\/"},"modified":"2025-12-14T23:22:38","modified_gmt":"2025-12-14T23:22:38","slug":"nihonto-wakizashi-horimono-in-shirasaya","status":"publish","type":"product","link":"https:\/\/www.supeinnihonto.com\/de\/produkt\/nihonto-wakizashi-horimono-in-shirasaya\/","title":{"rendered":"Nihonto Wakizashi Horimono in Shirasaya"},"content":{"rendered":"<p>Nihonto Wakizashi Horimono in Shirasaya.<\/p>\n<p>Bei Supein Nihonto bem\u00fchen wir uns, Ihnen hochwertige Samurai-Schwerter zu Preisen anzubieten, die weit unter denen der Konkurrenz liegen. Wir sind wahrscheinlich der gr\u00f6\u00dfte Exporteur in Europa. Dies ist besonders wichtig, um Steuern und Wartezeiten zu sparen, die bei japanischen Verk\u00e4ufern mehr als drei Monate betragen k\u00f6nnen, sowie mehr als 30 % Aufschlag auf den Endpreis. Dank dessen und der niedrigsten professionellen Preise der Branche sowie unserer schnellen und effizienten Versandmethode sind wir sicher, dass Sie diese gro\u00dfartige Gelegenheit genie\u00dfen werden, ein Kunstwerk zu besitzen, das im Wert \u00fcber Jahre hinweg steigen wird.<\/p>\n<p>Wird mit Kimono- oder Baumwolltasche geliefert.<\/p>\n<p>Sch\u00f6nes Wakizashi Nihonto in Shirasaya mit einem wundersch\u00f6nen Ken (Schwert) Horimono. Ein sch\u00f6nes St\u00fcck f\u00fcr Neulinge oder fortgeschrittene Sammler zu einem sehr niedrigen Preis f\u00fcr seine Qualit\u00e4t. Das Schwert kommt in Shirasaya, der \u00fcblichen Aufbewahrung, in der die Klingen nach dem Kampf aufbewahrt wurden, um Sch\u00e4den zu vermeiden. Dank seines Zedernholzes bewahrt es das Schwert vor Feuchtigkeit und Rostbefall. Das Schwert befindet sich in einem sehr guten Erhaltungszustand und stammt ungef\u00e4hr aus der Mitte des 17. Jahrhunderts. Fr\u00fche Edo-Zeit.<\/p>\n<p>Die Klinge ist in altem japanischem Polierzustand und bleibt in gutem Zustand, die Jihada des Stahls ist detailliert und voller Details zum Bewundern. Ein Meisterwerk, das eines Museums w\u00fcrdig ist und eine gro\u00dfartige Erg\u00e4nzung f\u00fcr jede private Sammlung darstellt.<\/p>\n<p>Die Klinge ist aufgrund des Alters in sehr gutem Zustand. Keine Hagire und nat\u00fcrlich keine fatalen Sch\u00e4den. Dies ist eine japanische Waffe und hat daher einen echten historischen Wert. Dies ist eine Waffe mit Jahrhunderten, nicht maschinell gefertigt, daher kann es zu kleinen Bewegungen von Saya, Tsuka, Tsuba usw. kommen. Aufgrund von Ausdehnung, Feuchtigkeit usw. sowie kleinen altersbedingten Sch\u00e4den wie leichtem Rost, Kratzern usw. Wird wie gesehen verkauft.<\/p>\n<p>Alle meine Schwerter sind Originale, importiert aus Japan und Europa von den besten H\u00e4ndlern und Sammlern w\u00e4hrend vieler Jahre der Sammlung und Leidenschaft.<\/p>\n<p>Nihonto Wakizashi Horimono in Shirasaya.<\/p>\n<p>Gr\u00f6\u00dfe: Koshirae Gesamtl\u00e4nge: 67 cm<br \/>\nKlingenl\u00e4nge: 45,4 cm Sori: 1,1 cm<\/p>\n","protected":false},"excerpt":{"rendered":"<p>Nihonto Wakizashi Horimono in Shirasaya. Bei Supein Nihonto bem\u00fchen wir uns, Ihnen hochwertige Samurai-Schwerter zu Preisen anzubieten, die weit unter denen der Konkurrenz liegen. Wir sind wahrscheinlich der gr\u00f6\u00dfte Exporteur in Europa. Dies ist besonders wichtig, um Steuern und Wartezeiten zu sparen, die bei japanischen Verk\u00e4ufern mehr als drei Monate [&hellip;]<\/p>\n","protected":false},"featured_media":15030,"template":"","meta":{"jetpack_post_was_ever_published":false},"product_brand":[],"product_cat":[579,582],"product_tag":[457,439,429],"class_list":{"0":"post-15029","1":"product","2":"type-product","3":"status-publish","4":"has-post-thumbnail","6":"product_cat-nihonto","7":"product_cat-wakizashi","8":"product_tag-katana","9":"product_tag-nihonto","10":"product_tag-wakizashi","11":"product_shipping_class-schwerter","13":"first","14":"instock","15":"featured","16":"shipping-taxable","17":"purchasable","18":"product-type-simple"},"yoast_head":"<!-- This site is optimized with the Yoast SEO plugin v27.5 - https:\/\/yoast.com\/product\/yoast-seo-wordpress\/ -->\n<title>Nihonto Wakizashi Horimono in Shirasaya - Supein Nihonto<\/title>\n<meta name=\"description\" content=\"Nihonto Wakizashi Horimono in Shirasaya. Nice Wakizashi nihonto in Shirasaya with a beautiful ken (sword) horimono. A beautiful piece for neophytes...\" \/>\n<meta name=\"robots\" content=\"index, follow, max-snippet:-1, max-image-preview:large, max-video-preview:-1\" \/>\n<link rel=\"canonical\" href=\"https:\/\/www.supeinnihonto.com\/de\/produkt\/nihonto-wakizashi-horimono-in-shirasaya\/\" \/>\n<meta property=\"og:locale\" content=\"de_DE\" \/>\n<meta property=\"og:type\" content=\"article\" \/>\n<meta property=\"og:title\" content=\"Nihonto Wakizashi Horimono in Shirasaya - Supein Nihonto\" \/>\n<meta property=\"og:description\" content=\"Nihonto Wakizashi Horimono in Shirasaya. Nice Wakizashi nihonto in Shirasaya with a beautiful ken (sword) horimono. A beautiful piece for neophytes...\" \/>\n<meta property=\"og:url\" content=\"https:\/\/www.supeinnihonto.com\/de\/produkt\/nihonto-wakizashi-horimono-in-shirasaya\/\" \/>\n<meta property=\"og:site_name\" content=\"Supein Nihonto\" \/>\n<meta property=\"article:modified_time\" content=\"2025-12-14T23:22:38+00:00\" \/>\n<meta property=\"og:image\" content=\"https:\/\/www.supeinnihonto.com\/wp-content\/uploads\/2024\/02\/DSC_0007-scaled.jpg\" \/>\n\t<meta property=\"og:image:width\" content=\"2560\" \/>\n\t<meta property=\"og:image:height\" content=\"1708\" \/>\n\t<meta property=\"og:image:type\" content=\"image\/jpeg\" \/>\n<meta name=\"twitter:card\" content=\"summary_large_image\" \/>\n<meta name=\"twitter:label1\" content=\"Gesch\u00e4tzte Lesezeit\" \/>\n\t<meta name=\"twitter:data1\" content=\"2\u00a0Minuten\" \/>\n<script type=\"application\/ld+json\" class=\"yoast-schema-graph\">{\"@context\":\"https:\\\/\\\/schema.org\",\"@graph\":[{\"@type\":\"WebPage\",\"@id\":\"https:\\\/\\\/www.supeinnihonto.com\\\/de\\\/produkt\\\/nihonto-wakizashi-horimono-in-shirasaya\\\/\",\"url\":\"https:\\\/\\\/www.supeinnihonto.com\\\/de\\\/produkt\\\/nihonto-wakizashi-horimono-in-shirasaya\\\/\",\"name\":\"Nihonto Wakizashi Horimono in Shirasaya - Supein Nihonto\",\"isPartOf\":{\"@id\":\"https:\\\/\\\/www.supeinnihonto.com\\\/de\\\/#website\"},\"primaryImageOfPage\":{\"@id\":\"https:\\\/\\\/www.supeinnihonto.com\\\/de\\\/produkt\\\/nihonto-wakizashi-horimono-in-shirasaya\\\/#primaryimage\"},\"image\":{\"@id\":\"https:\\\/\\\/www.supeinnihonto.com\\\/de\\\/produkt\\\/nihonto-wakizashi-horimono-in-shirasaya\\\/#primaryimage\"},\"thumbnailUrl\":\"https:\\\/\\\/i0.wp.com\\\/www.supeinnihonto.com\\\/wp-content\\\/uploads\\\/2024\\\/02\\\/DSC_0007-scaled.jpg?fit=2560%2C1708&ssl=1\",\"datePublished\":\"2024-02-04T10:59:32+00:00\",\"dateModified\":\"2025-12-14T23:22:38+00:00\",\"description\":\"Nihonto Wakizashi Horimono in Shirasaya. Nice Wakizashi nihonto in Shirasaya with a beautiful ken (sword) horimono. A beautiful piece for neophytes...\",\"breadcrumb\":{\"@id\":\"https:\\\/\\\/www.supeinnihonto.com\\\/de\\\/produkt\\\/nihonto-wakizashi-horimono-in-shirasaya\\\/#breadcrumb\"},\"inLanguage\":\"de\",\"potentialAction\":[{\"@type\":\"ReadAction\",\"target\":[\"https:\\\/\\\/www.supeinnihonto.com\\\/de\\\/produkt\\\/nihonto-wakizashi-horimono-in-shirasaya\\\/\"]}]},{\"@type\":\"ImageObject\",\"inLanguage\":\"de\",\"@id\":\"https:\\\/\\\/www.supeinnihonto.com\\\/de\\\/produkt\\\/nihonto-wakizashi-horimono-in-shirasaya\\\/#primaryimage\",\"url\":\"https:\\\/\\\/i0.wp.com\\\/www.supeinnihonto.com\\\/wp-content\\\/uploads\\\/2024\\\/02\\\/DSC_0007-scaled.jpg?fit=2560%2C1708&ssl=1\",\"contentUrl\":\"https:\\\/\\\/i0.wp.com\\\/www.supeinnihonto.com\\\/wp-content\\\/uploads\\\/2024\\\/02\\\/DSC_0007-scaled.jpg?fit=2560%2C1708&ssl=1\",\"width\":2560,\"height\":1708,\"caption\":\"Wakizashi Horimono in Shirasaya\"},{\"@type\":\"BreadcrumbList\",\"@id\":\"https:\\\/\\\/www.supeinnihonto.com\\\/de\\\/produkt\\\/nihonto-wakizashi-horimono-in-shirasaya\\\/#breadcrumb\",\"itemListElement\":[{\"@type\":\"ListItem\",\"position\":1,\"name\":\"Portada\",\"item\":\"https:\\\/\\\/www.supeinnihonto.com\\\/de\\\/\"},{\"@type\":\"ListItem\",\"position\":2,\"name\":\"Shop\",\"item\":\"https:\\\/\\\/www.supeinnihonto.com\\\/de\\\/shop\\\/\"},{\"@type\":\"ListItem\",\"position\":3,\"name\":\"Nihonto Wakizashi Horimono in Shirasaya\"}]},{\"@type\":\"WebSite\",\"@id\":\"https:\\\/\\\/www.supeinnihonto.com\\\/de\\\/#website\",\"url\":\"https:\\\/\\\/www.supeinnihonto.com\\\/de\\\/\",\"name\":\"Supein Nihonto\",\"description\":\"Authentic japanese Nihonto katana \",\"publisher\":{\"@id\":\"https:\\\/\\\/www.supeinnihonto.com\\\/de\\\/#organization\"},\"potentialAction\":[{\"@type\":\"SearchAction\",\"target\":{\"@type\":\"EntryPoint\",\"urlTemplate\":\"https:\\\/\\\/www.supeinnihonto.com\\\/de\\\/?s={search_term_string}\"},\"query-input\":{\"@type\":\"PropertyValueSpecification\",\"valueRequired\":true,\"valueName\":\"search_term_string\"}}],\"inLanguage\":\"de\"},{\"@type\":\"Organization\",\"@id\":\"https:\\\/\\\/www.supeinnihonto.com\\\/de\\\/#organization\",\"name\":\"SupeinNihonto\",\"url\":\"https:\\\/\\\/www.supeinnihonto.com\\\/de\\\/\",\"logo\":{\"@type\":\"ImageObject\",\"inLanguage\":\"de\",\"@id\":\"https:\\\/\\\/www.supeinnihonto.com\\\/de\\\/#\\\/schema\\\/logo\\\/image\\\/\",\"url\":\"https:\\\/\\\/www.supeinnihonto.com\\\/wp-content\\\/uploads\\\/2021\\\/11\\\/animation_Default_3szk0jcenoloop.gif\",\"contentUrl\":\"https:\\\/\\\/www.supeinnihonto.com\\\/wp-content\\\/uploads\\\/2021\\\/11\\\/animation_Default_3szk0jcenoloop.gif\",\"width\":750,\"height\":641,\"caption\":\"SupeinNihonto\"},\"image\":{\"@id\":\"https:\\\/\\\/www.supeinnihonto.com\\\/de\\\/#\\\/schema\\\/logo\\\/image\\\/\"}}]}<\/script>\n<!-- \/ Yoast SEO plugin. -->","yoast_head_json":{"title":"Nihonto Wakizashi Horimono in Shirasaya - Supein Nihonto","description":"Nihonto Wakizashi Horimono in Shirasaya. Nice Wakizashi nihonto in Shirasaya with a beautiful ken (sword) horimono. A beautiful piece for neophytes...","robots":{"index":"index","follow":"follow","max-snippet":"max-snippet:-1","max-image-preview":"max-image-preview:large","max-video-preview":"max-video-preview:-1"},"canonical":"https:\/\/www.supeinnihonto.com\/de\/produkt\/nihonto-wakizashi-horimono-in-shirasaya\/","og_locale":"de_DE","og_type":"article","og_title":"Nihonto Wakizashi Horimono in Shirasaya - Supein Nihonto","og_description":"Nihonto Wakizashi Horimono in Shirasaya. Nice Wakizashi nihonto in Shirasaya with a beautiful ken (sword) horimono. A beautiful piece for neophytes...","og_url":"https:\/\/www.supeinnihonto.com\/de\/produkt\/nihonto-wakizashi-horimono-in-shirasaya\/","og_site_name":"Supein Nihonto","article_modified_time":"2025-12-14T23:22:38+00:00","og_image":[{"width":2560,"height":1708,"url":"https:\/\/www.supeinnihonto.com\/wp-content\/uploads\/2024\/02\/DSC_0007-scaled.jpg","type":"image\/jpeg"}],"twitter_card":"summary_large_image","twitter_misc":{"Gesch\u00e4tzte Lesezeit":"2\u00a0Minuten"},"schema":{"@context":"https:\/\/schema.org","@graph":[{"@type":"WebPage","@id":"https:\/\/www.supeinnihonto.com\/de\/produkt\/nihonto-wakizashi-horimono-in-shirasaya\/","url":"https:\/\/www.supeinnihonto.com\/de\/produkt\/nihonto-wakizashi-horimono-in-shirasaya\/","name":"Nihonto Wakizashi Horimono in Shirasaya - Supein Nihonto","isPartOf":{"@id":"https:\/\/www.supeinnihonto.com\/de\/#website"},"primaryImageOfPage":{"@id":"https:\/\/www.supeinnihonto.com\/de\/produkt\/nihonto-wakizashi-horimono-in-shirasaya\/#primaryimage"},"image":{"@id":"https:\/\/www.supeinnihonto.com\/de\/produkt\/nihonto-wakizashi-horimono-in-shirasaya\/#primaryimage"},"thumbnailUrl":"https:\/\/i0.wp.com\/www.supeinnihonto.com\/wp-content\/uploads\/2024\/02\/DSC_0007-scaled.jpg?fit=2560%2C1708&ssl=1","datePublished":"2024-02-04T10:59:32+00:00","dateModified":"2025-12-14T23:22:38+00:00","description":"Nihonto Wakizashi Horimono in Shirasaya. Nice Wakizashi nihonto in Shirasaya with a beautiful ken (sword) horimono. A beautiful piece for neophytes...","breadcrumb":{"@id":"https:\/\/www.supeinnihonto.com\/de\/produkt\/nihonto-wakizashi-horimono-in-shirasaya\/#breadcrumb"},"inLanguage":"de","potentialAction":[{"@type":"ReadAction","target":["https:\/\/www.supeinnihonto.com\/de\/produkt\/nihonto-wakizashi-horimono-in-shirasaya\/"]}]},{"@type":"ImageObject","inLanguage":"de","@id":"https:\/\/www.supeinnihonto.com\/de\/produkt\/nihonto-wakizashi-horimono-in-shirasaya\/#primaryimage","url":"https:\/\/i0.wp.com\/www.supeinnihonto.com\/wp-content\/uploads\/2024\/02\/DSC_0007-scaled.jpg?fit=2560%2C1708&ssl=1","contentUrl":"https:\/\/i0.wp.com\/www.supeinnihonto.com\/wp-content\/uploads\/2024\/02\/DSC_0007-scaled.jpg?fit=2560%2C1708&ssl=1","width":2560,"height":1708,"caption":"Wakizashi Horimono in Shirasaya"},{"@type":"BreadcrumbList","@id":"https:\/\/www.supeinnihonto.com\/de\/produkt\/nihonto-wakizashi-horimono-in-shirasaya\/#breadcrumb","itemListElement":[{"@type":"ListItem","position":1,"name":"Portada","item":"https:\/\/www.supeinnihonto.com\/de\/"},{"@type":"ListItem","position":2,"name":"Shop","item":"https:\/\/www.supeinnihonto.com\/de\/shop\/"},{"@type":"ListItem","position":3,"name":"Nihonto Wakizashi Horimono in Shirasaya"}]},{"@type":"WebSite","@id":"https:\/\/www.supeinnihonto.com\/de\/#website","url":"https:\/\/www.supeinnihonto.com\/de\/","name":"Supein Nihonto","description":"Authentic japanese Nihonto katana ","publisher":{"@id":"https:\/\/www.supeinnihonto.com\/de\/#organization"},"potentialAction":[{"@type":"SearchAction","target":{"@type":"EntryPoint","urlTemplate":"https:\/\/www.supeinnihonto.com\/de\/?s={search_term_string}"},"query-input":{"@type":"PropertyValueSpecification","valueRequired":true,"valueName":"search_term_string"}}],"inLanguage":"de"},{"@type":"Organization","@id":"https:\/\/www.supeinnihonto.com\/de\/#organization","name":"SupeinNihonto","url":"https:\/\/www.supeinnihonto.com\/de\/","logo":{"@type":"ImageObject","inLanguage":"de","@id":"https:\/\/www.supeinnihonto.com\/de\/#\/schema\/logo\/image\/","url":"https:\/\/www.supeinnihonto.com\/wp-content\/uploads\/2021\/11\/animation_Default_3szk0jcenoloop.gif","contentUrl":"https:\/\/www.supeinnihonto.com\/wp-content\/uploads\/2021\/11\/animation_Default_3szk0jcenoloop.gif","width":750,"height":641,"caption":"SupeinNihonto"},"image":{"@id":"https:\/\/www.supeinnihonto.com\/de\/#\/schema\/logo\/image\/"}}]}},"jetpack-related-posts":[{"id":14725,"url":"https:\/\/www.supeinnihonto.com\/de\/produkt\/marugata-tsuba-aus-eisen-mit-tiger\/","url_meta":{"origin":15029,"position":0},"title":"Marugata-Tsuba aus Eisen mit Tiger","author":"Supein Nihonto","date":"8 de Mai de 2024","format":false,"excerpt":"OBJEKT: Wird mit Zertifikat von SupeinNihonto geliefert. Marugata-Tsuba aus Eisen mit Tiger. Sch\u00f6nes St\u00fcck mit eingelegtem Tiger, Sennins und Bambus. Verschiedene Einlagen aus Gold und Kupfer. Sch\u00f6ne antike Patina. Fr\u00fche \u2013 mittlere Edo-Zeit. 7,3 x 6,6 cm \u00dcBER UNS: Bei Supein Nihonto bem\u00fchen wir uns, Ihnen hochwertige Samurai-Schwerter und R\u00fcstungen\u2026","rel":"","context":"\u00c4hnlicher Beitrag","block_context":{"text":"\u00c4hnlicher Beitrag","link":""},"img":{"alt_text":"Marugata iron tiger tsuba","src":"https:\/\/i0.wp.com\/www.supeinnihonto.com\/wp-content\/uploads\/2024\/05\/DSC_3499-scaled.jpg?fit=1200%2C800&ssl=1&resize=350%2C200","width":350,"height":200,"srcset":"https:\/\/i0.wp.com\/www.supeinnihonto.com\/wp-content\/uploads\/2024\/05\/DSC_3499-scaled.jpg?fit=1200%2C800&ssl=1&resize=350%2C200 1x, https:\/\/i0.wp.com\/www.supeinnihonto.com\/wp-content\/uploads\/2024\/05\/DSC_3499-scaled.jpg?fit=1200%2C800&ssl=1&resize=525%2C300 1.5x, https:\/\/i0.wp.com\/www.supeinnihonto.com\/wp-content\/uploads\/2024\/05\/DSC_3499-scaled.jpg?fit=1200%2C800&ssl=1&resize=700%2C400 2x, https:\/\/i0.wp.com\/www.supeinnihonto.com\/wp-content\/uploads\/2024\/05\/DSC_3499-scaled.jpg?fit=1200%2C800&ssl=1&resize=1050%2C600 3x"},"classes":[]},{"id":14835,"url":"https:\/\/www.supeinnihonto.com\/de\/produkt\/kikugata-shakudo-tsuba-mit-durchbrucharbeit\/","url_meta":{"origin":15029,"position":1},"title":"Kikugata-Shakud\u014d-Tsuba mit Durchbrucharbeit","author":"Supein Nihonto","date":"8 de Mai de 2024","format":false,"excerpt":"OBJEKT: Wird mit Zertifikat von SupeinNihonto geliefert. Kikugata-Shakud\u014d-Tsuba mit Durchbrucharbeit. Sch\u00f6ne Tsuba aus Shakud\u014d (Kupfer-Gold-Legierung) in sehr gutem Zustand in Anbetracht ihres Alters. Hervorragende Durchbrucharbeit und sch\u00f6ne bl\u00e4uliche Patina. 6,6 x 6,4 cm \u00dcBER UNS: Bei Supein Nihonto bem\u00fchen wir uns, Ihnen hochwertige Samurai-Schwerter und R\u00fcstungen zu Preisen anzubieten, die\u2026","rel":"","context":"\u00c4hnlicher Beitrag","block_context":{"text":"\u00c4hnlicher Beitrag","link":""},"img":{"alt_text":"Kikugata shakudo openwork tsuba","src":"https:\/\/i0.wp.com\/www.supeinnihonto.com\/wp-content\/uploads\/2024\/05\/DSC_3529-scaled.jpg?fit=1200%2C800&ssl=1&resize=350%2C200","width":350,"height":200,"srcset":"https:\/\/i0.wp.com\/www.supeinnihonto.com\/wp-content\/uploads\/2024\/05\/DSC_3529-scaled.jpg?fit=1200%2C800&ssl=1&resize=350%2C200 1x, https:\/\/i0.wp.com\/www.supeinnihonto.com\/wp-content\/uploads\/2024\/05\/DSC_3529-scaled.jpg?fit=1200%2C800&ssl=1&resize=525%2C300 1.5x, https:\/\/i0.wp.com\/www.supeinnihonto.com\/wp-content\/uploads\/2024\/05\/DSC_3529-scaled.jpg?fit=1200%2C800&ssl=1&resize=700%2C400 2x, https:\/\/i0.wp.com\/www.supeinnihonto.com\/wp-content\/uploads\/2024\/05\/DSC_3529-scaled.jpg?fit=1200%2C800&ssl=1&resize=1050%2C600 3x"},"classes":[]},{"id":14797,"url":"https:\/\/www.supeinnihonto.com\/de\/produkt\/marugata-tsuba-aus-eisen-mit-ochsenmotiv\/","url_meta":{"origin":15029,"position":2},"title":"Marugata-Tsuba aus Eisen mit Ochsenmotiv","author":"Supein Nihonto","date":"8 de Mai de 2024","format":false,"excerpt":"OBJEKT: Wird mit Zertifikat von SupeinNihonto geliefert. Marugata-Tsuba aus Eisen mit Ochsenmotiv. Wundersch\u00f6ne Tsuba von ungew\u00f6hnlicher Form (kawari), signiert, aus Eisen gefertigt, mit zwei Ochsen, die einen Kreis bilden. Der Shogun und Einiger Japans Tokugawa Ieyasu besa\u00df an einem seiner Schwerter eine solche Tsuba. Zahlreiche Details. Die Schnitzarbeit und das\u2026","rel":"","context":"\u00c4hnlicher Beitrag","block_context":{"text":"\u00c4hnlicher Beitrag","link":""},"img":{"alt_text":"Marugata Iron ox tsuba","src":"https:\/\/i0.wp.com\/www.supeinnihonto.com\/wp-content\/uploads\/2024\/05\/DSC_3555-scaled.jpg?fit=1200%2C800&ssl=1&resize=350%2C200","width":350,"height":200,"srcset":"https:\/\/i0.wp.com\/www.supeinnihonto.com\/wp-content\/uploads\/2024\/05\/DSC_3555-scaled.jpg?fit=1200%2C800&ssl=1&resize=350%2C200 1x, https:\/\/i0.wp.com\/www.supeinnihonto.com\/wp-content\/uploads\/2024\/05\/DSC_3555-scaled.jpg?fit=1200%2C800&ssl=1&resize=525%2C300 1.5x, https:\/\/i0.wp.com\/www.supeinnihonto.com\/wp-content\/uploads\/2024\/05\/DSC_3555-scaled.jpg?fit=1200%2C800&ssl=1&resize=700%2C400 2x, https:\/\/i0.wp.com\/www.supeinnihonto.com\/wp-content\/uploads\/2024\/05\/DSC_3555-scaled.jpg?fit=1200%2C800&ssl=1&resize=1050%2C600 3x"},"classes":[]},{"id":14765,"url":"https:\/\/www.supeinnihonto.com\/de\/produkt\/marugata-tsuba-aus-eisen-mit-ryu-motiv\/","url_meta":{"origin":15029,"position":3},"title":"Marugata-Tsuba aus Eisen mit Ryu-Motiv","author":"Supein Nihonto","date":"8 de Mai de 2024","format":false,"excerpt":"ARTIKEL: Es wird mit einem Zertifikat von SupeinNihonto geliefert. Marugata Iron ryu Tsuba. Dieses Tsuba zeigt die Figur eines Drachens, der aus den rauen Wellen auftaucht und gen Himmel fliegt. Das Erscheinungsbild des Drachens, der hoch am Himmel aufsteigt und die Wolken greift, wirkt kraftvoll. Auf diesen Drachen und die\u2026","rel":"","context":"\u00c4hnlicher Beitrag","block_context":{"text":"\u00c4hnlicher Beitrag","link":""},"img":{"alt_text":"Marugata Iron ryu tsuba","src":"https:\/\/i0.wp.com\/www.supeinnihonto.com\/wp-content\/uploads\/2024\/05\/DSC_3523-scaled.jpg?fit=1200%2C800&ssl=1&resize=350%2C200","width":350,"height":200,"srcset":"https:\/\/i0.wp.com\/www.supeinnihonto.com\/wp-content\/uploads\/2024\/05\/DSC_3523-scaled.jpg?fit=1200%2C800&ssl=1&resize=350%2C200 1x, https:\/\/i0.wp.com\/www.supeinnihonto.com\/wp-content\/uploads\/2024\/05\/DSC_3523-scaled.jpg?fit=1200%2C800&ssl=1&resize=525%2C300 1.5x, https:\/\/i0.wp.com\/www.supeinnihonto.com\/wp-content\/uploads\/2024\/05\/DSC_3523-scaled.jpg?fit=1200%2C800&ssl=1&resize=700%2C400 2x, https:\/\/i0.wp.com\/www.supeinnihonto.com\/wp-content\/uploads\/2024\/05\/DSC_3523-scaled.jpg?fit=1200%2C800&ssl=1&resize=1050%2C600 3x"},"classes":[]},{"id":12424,"url":"https:\/\/www.supeinnihonto.com\/de\/produkt\/marugata-tsuba-aus-shakudo-mit-folklorischem-motiv\/","url_meta":{"origin":15029,"position":4},"title":"Marugata-Tsuba aus Shakud\u014d mit folklorischem Motiv","author":"Eric Majo","date":"11 de November de 2024","format":false,"excerpt":"ARTIKEL: Wird mit Zertifikat von Supein Nihonto geliefert. Pr\u00e4chtiger Marugata-Tsuba aus Shakud\u014d aus dem 18.\u201319. Jahrhundert mit hervorragender Gravur eines japanischen Folkloremotivs sowie Einlagen aus Gold, Kupfer und Silber. Ein wundersch\u00f6nes St\u00fcck. 8,2 \u00d7 7,8 cm \u00dcBER UNS: Bei Supein Nihonto bem\u00fchen wir uns, Ihnen hochwertige Samurai-Schwerter und R\u00fcstungen zu\u2026","rel":"","context":"\u00c4hnlicher Beitrag","block_context":{"text":"\u00c4hnlicher Beitrag","link":""},"img":{"alt_text":"Marugata shakudo folklore tsuba","src":"https:\/\/i0.wp.com\/www.supeinnihonto.com\/wp-content\/uploads\/2024\/11\/DSC1790-scaled.jpg?fit=1200%2C800&ssl=1&resize=350%2C200","width":350,"height":200,"srcset":"https:\/\/i0.wp.com\/www.supeinnihonto.com\/wp-content\/uploads\/2024\/11\/DSC1790-scaled.jpg?fit=1200%2C800&ssl=1&resize=350%2C200 1x, https:\/\/i0.wp.com\/www.supeinnihonto.com\/wp-content\/uploads\/2024\/11\/DSC1790-scaled.jpg?fit=1200%2C800&ssl=1&resize=525%2C300 1.5x, https:\/\/i0.wp.com\/www.supeinnihonto.com\/wp-content\/uploads\/2024\/11\/DSC1790-scaled.jpg?fit=1200%2C800&ssl=1&resize=700%2C400 2x, https:\/\/i0.wp.com\/www.supeinnihonto.com\/wp-content\/uploads\/2024\/11\/DSC1790-scaled.jpg?fit=1200%2C800&ssl=1&resize=1050%2C600 3x"},"classes":[]},{"id":14749,"url":"https:\/\/www.supeinnihonto.com\/de\/produkt\/sechseckige-kupfer-tsuba-mit-chrysanthemenmotiv\/","url_meta":{"origin":15029,"position":5},"title":"Sechseckige Kupfer-Tsuba mit Chrysanthemenmotiv","author":"Supein Nihonto","date":"8 de Mai de 2024","format":false,"excerpt":"OBJEKT: Wird mit Zertifikat von SupeinNihonto geliefert. Seltenes Beispiel einer sechseckigen Tsuba aus zwei Materialien, au\u00dfen aus Kupfer und innen mit einer Chrysantheme aus Shakud\u014d. Sehr seltene und sammelw\u00fcrdige Tsuba. 6,7 x 6,2 cm \u00dcBER UNS: Bei Supein Nihonto bem\u00fchen wir uns, Ihnen hochwertige Samurai-Schwerter und R\u00fcstungen zu Preisen anzubieten,\u2026","rel":"","context":"\u00c4hnlicher Beitrag","block_context":{"text":"\u00c4hnlicher Beitrag","link":""},"img":{"alt_text":"Exagonal copper Chrisantemum tsuba","src":"https:\/\/i0.wp.com\/www.supeinnihonto.com\/wp-content\/uploads\/2024\/05\/Exagonal-copper-Chrisantemum.webp?fit=600%2C400&ssl=1&resize=350%2C200","width":350,"height":200,"srcset":"https:\/\/i0.wp.com\/www.supeinnihonto.com\/wp-content\/uploads\/2024\/05\/Exagonal-copper-Chrisantemum.webp?fit=600%2C400&ssl=1&resize=350%2C200 1x, https:\/\/i0.wp.com\/www.supeinnihonto.com\/wp-content\/uploads\/2024\/05\/Exagonal-copper-Chrisantemum.webp?fit=600%2C400&ssl=1&resize=525%2C300 1.5x"},"classes":[]}],"jetpack_sharing_enabled":true,"_links":{"self":[{"href":"https:\/\/www.supeinnihonto.com\/de\/wp-json\/wp\/v2\/product\/15029","targetHints":{"allow":["GET"]}}],"collection":[{"href":"https:\/\/www.supeinnihonto.com\/de\/wp-json\/wp\/v2\/product"}],"about":[{"href":"https:\/\/www.supeinnihonto.com\/de\/wp-json\/wp\/v2\/types\/product"}],"wp:featuredmedia":[{"embeddable":true,"href":"https:\/\/www.supeinnihonto.com\/de\/wp-json\/wp\/v2\/media\/15030"}],"wp:attachment":[{"href":"https:\/\/www.supeinnihonto.com\/de\/wp-json\/wp\/v2\/media?parent=15029"}],"wp:term":[{"taxonomy":"product_brand","embeddable":true,"href":"https:\/\/www.supeinnihonto.com\/de\/wp-json\/wp\/v2\/product_brand?post=15029"},{"taxonomy":"product_cat","embeddable":true,"href":"https:\/\/www.supeinnihonto.com\/de\/wp-json\/wp\/v2\/product_cat?post=15029"},{"taxonomy":"product_tag","embeddable":true,"href":"https:\/\/www.supeinnihonto.com\/de\/wp-json\/wp\/v2\/product_tag?post=15029"}],"curies":[{"name":"wp","href":"https:\/\/api.w.org\/{rel}","templated":true}]}}