{"id":14977,"date":"2024-05-28T09:28:55","date_gmt":"2024-05-28T09:28:55","guid":{"rendered":"https:\/\/www.supeinnihonto.com\/product\/netsuke-nobles-walking-ivory\/"},"modified":"2025-12-26T17:32:13","modified_gmt":"2025-12-26T17:32:13","slug":"netsuke-wandelnde-adlige-aus-elfenbein","status":"publish","type":"product","link":"https:\/\/www.supeinnihonto.com\/de\/produkt\/netsuke-wandelnde-adlige-aus-elfenbein\/","title":{"rendered":"Netsuke wandelnde Adlige aus Elfenbein"},"content":{"rendered":"<p data-start=\"601\" data-end=\"621\">Kostenloser Versand.<\/p>\n<p data-start=\"623\" data-end=\"805\">Sch\u00f6nes adliges Paar beim Spaziergang, einer h\u00e4lt einen F\u00e4cher, der andere eine Taiko-Trommel. Meiji-Zeit, Ende des 19. Jahrhunderts. Wird mit Gutachten und CITES-Dokument geliefert.<\/p>\n<p data-start=\"807\" data-end=\"823\">3,9 x 3 x 1,9 cm<\/p>\n","protected":false},"excerpt":{"rendered":"<p>Kostenloser Versand. Sch\u00f6nes adliges Paar beim Spaziergang, einer h\u00e4lt einen F\u00e4cher, der andere eine Taiko-Trommel. Meiji-Zeit, Ende des 19. Jahrhunderts. Wird mit Gutachten und CITES-Dokument geliefert. 3,9 x 3 x 1,9 cm<\/p>\n","protected":false},"featured_media":14978,"template":"","meta":{"jetpack_post_was_ever_published":false},"product_brand":[],"product_cat":[572],"product_tag":[638,654,656],"class_list":{"0":"post-14977","1":"product","2":"type-product","3":"status-publish","4":"has-post-thumbnail","6":"product_cat-netsuke","7":"product_tag-ivory","8":"product_tag-netsuke","9":"product_tag-okimono","10":"product_shipping_class-light","12":"first","13":"instock","14":"featured","15":"sold-individually","16":"shipping-taxable","17":"purchasable","18":"product-type-simple"},"yoast_head":"<!-- This site is optimized with the Yoast SEO plugin v27.5 - https:\/\/yoast.com\/product\/yoast-seo-wordpress\/ -->\n<title>Netsuke wandelnde Adlige aus Elfenbein - Supein Nihonto<\/title>\n<meta name=\"description\" content=\"Sch\u00f6nes adliges Paar beim Spaziergang, einer h\u00e4lt einen F\u00e4cher, der andere eine Taiko-Trommel. Meiji-Zeit, Ende des 19. Jahrhunderts. Wird mit Gutachten geliefert.\" \/>\n<meta name=\"robots\" content=\"index, follow, max-snippet:-1, max-image-preview:large, max-video-preview:-1\" \/>\n<link rel=\"canonical\" href=\"https:\/\/www.supeinnihonto.com\/de\/produkt\/netsuke-wandelnde-adlige-aus-elfenbein\/\" \/>\n<meta property=\"og:locale\" content=\"de_DE\" \/>\n<meta property=\"og:type\" content=\"article\" \/>\n<meta property=\"og:title\" content=\"Netsuke wandelnde Adlige aus Elfenbein - Supein Nihonto\" \/>\n<meta property=\"og:description\" content=\"Sch\u00f6nes adliges Paar beim Spaziergang, einer h\u00e4lt einen F\u00e4cher, der andere eine Taiko-Trommel. Meiji-Zeit, Ende des 19. Jahrhunderts. Wird mit Gutachten geliefert.\" \/>\n<meta property=\"og:url\" content=\"https:\/\/www.supeinnihonto.com\/de\/produkt\/netsuke-wandelnde-adlige-aus-elfenbein\/\" \/>\n<meta property=\"og:site_name\" content=\"Supein Nihonto\" \/>\n<meta property=\"article:modified_time\" content=\"2025-12-26T17:32:13+00:00\" \/>\n<meta property=\"og:image\" content=\"https:\/\/www.supeinnihonto.com\/wp-content\/uploads\/2024\/05\/DSC_3985-scaled.jpg\" \/>\n\t<meta property=\"og:image:width\" content=\"2560\" \/>\n\t<meta property=\"og:image:height\" content=\"1707\" \/>\n\t<meta property=\"og:image:type\" content=\"image\/jpeg\" \/>\n<meta name=\"twitter:card\" content=\"summary_large_image\" \/>\n<meta name=\"twitter:label1\" content=\"Gesch\u00e4tzte Lesezeit\" \/>\n\t<meta name=\"twitter:data1\" content=\"1\u00a0Minute\" \/>\n<script type=\"application\/ld+json\" class=\"yoast-schema-graph\">{\"@context\":\"https:\\\/\\\/schema.org\",\"@graph\":[{\"@type\":\"WebPage\",\"@id\":\"https:\\\/\\\/www.supeinnihonto.com\\\/de\\\/produkt\\\/netsuke-wandelnde-adlige-aus-elfenbein\\\/\",\"url\":\"https:\\\/\\\/www.supeinnihonto.com\\\/de\\\/produkt\\\/netsuke-wandelnde-adlige-aus-elfenbein\\\/\",\"name\":\"Netsuke wandelnde Adlige aus Elfenbein - Supein Nihonto\",\"isPartOf\":{\"@id\":\"https:\\\/\\\/www.supeinnihonto.com\\\/de\\\/#website\"},\"primaryImageOfPage\":{\"@id\":\"https:\\\/\\\/www.supeinnihonto.com\\\/de\\\/produkt\\\/netsuke-wandelnde-adlige-aus-elfenbein\\\/#primaryimage\"},\"image\":{\"@id\":\"https:\\\/\\\/www.supeinnihonto.com\\\/de\\\/produkt\\\/netsuke-wandelnde-adlige-aus-elfenbein\\\/#primaryimage\"},\"thumbnailUrl\":\"https:\\\/\\\/i0.wp.com\\\/www.supeinnihonto.com\\\/wp-content\\\/uploads\\\/2024\\\/05\\\/DSC_3985-scaled.jpg?fit=2560%2C1707&ssl=1\",\"datePublished\":\"2024-05-28T09:28:55+00:00\",\"dateModified\":\"2025-12-26T17:32:13+00:00\",\"description\":\"Sch\u00f6nes adliges Paar beim Spaziergang, einer h\u00e4lt einen F\u00e4cher, der andere eine Taiko-Trommel. Meiji-Zeit, Ende des 19. Jahrhunderts. Wird mit Gutachten geliefert.\",\"breadcrumb\":{\"@id\":\"https:\\\/\\\/www.supeinnihonto.com\\\/de\\\/produkt\\\/netsuke-wandelnde-adlige-aus-elfenbein\\\/#breadcrumb\"},\"inLanguage\":\"de\",\"potentialAction\":[{\"@type\":\"ReadAction\",\"target\":[\"https:\\\/\\\/www.supeinnihonto.com\\\/de\\\/produkt\\\/netsuke-wandelnde-adlige-aus-elfenbein\\\/\"]}]},{\"@type\":\"ImageObject\",\"inLanguage\":\"de\",\"@id\":\"https:\\\/\\\/www.supeinnihonto.com\\\/de\\\/produkt\\\/netsuke-wandelnde-adlige-aus-elfenbein\\\/#primaryimage\",\"url\":\"https:\\\/\\\/i0.wp.com\\\/www.supeinnihonto.com\\\/wp-content\\\/uploads\\\/2024\\\/05\\\/DSC_3985-scaled.jpg?fit=2560%2C1707&ssl=1\",\"contentUrl\":\"https:\\\/\\\/i0.wp.com\\\/www.supeinnihonto.com\\\/wp-content\\\/uploads\\\/2024\\\/05\\\/DSC_3985-scaled.jpg?fit=2560%2C1707&ssl=1\",\"width\":2560,\"height\":1707,\"caption\":\"Netsuke nobles walking ivory\"},{\"@type\":\"BreadcrumbList\",\"@id\":\"https:\\\/\\\/www.supeinnihonto.com\\\/de\\\/produkt\\\/netsuke-wandelnde-adlige-aus-elfenbein\\\/#breadcrumb\",\"itemListElement\":[{\"@type\":\"ListItem\",\"position\":1,\"name\":\"Portada\",\"item\":\"https:\\\/\\\/www.supeinnihonto.com\\\/de\\\/\"},{\"@type\":\"ListItem\",\"position\":2,\"name\":\"Shop\",\"item\":\"https:\\\/\\\/www.supeinnihonto.com\\\/de\\\/shop\\\/\"},{\"@type\":\"ListItem\",\"position\":3,\"name\":\"Netsuke wandelnde Adlige aus Elfenbein\"}]},{\"@type\":\"WebSite\",\"@id\":\"https:\\\/\\\/www.supeinnihonto.com\\\/de\\\/#website\",\"url\":\"https:\\\/\\\/www.supeinnihonto.com\\\/de\\\/\",\"name\":\"Supein Nihonto\",\"description\":\"Authentic japanese Nihonto katana \",\"publisher\":{\"@id\":\"https:\\\/\\\/www.supeinnihonto.com\\\/de\\\/#organization\"},\"potentialAction\":[{\"@type\":\"SearchAction\",\"target\":{\"@type\":\"EntryPoint\",\"urlTemplate\":\"https:\\\/\\\/www.supeinnihonto.com\\\/de\\\/?s={search_term_string}\"},\"query-input\":{\"@type\":\"PropertyValueSpecification\",\"valueRequired\":true,\"valueName\":\"search_term_string\"}}],\"inLanguage\":\"de\"},{\"@type\":\"Organization\",\"@id\":\"https:\\\/\\\/www.supeinnihonto.com\\\/de\\\/#organization\",\"name\":\"SupeinNihonto\",\"url\":\"https:\\\/\\\/www.supeinnihonto.com\\\/de\\\/\",\"logo\":{\"@type\":\"ImageObject\",\"inLanguage\":\"de\",\"@id\":\"https:\\\/\\\/www.supeinnihonto.com\\\/de\\\/#\\\/schema\\\/logo\\\/image\\\/\",\"url\":\"https:\\\/\\\/www.supeinnihonto.com\\\/wp-content\\\/uploads\\\/2021\\\/11\\\/animation_Default_3szk0jcenoloop.gif\",\"contentUrl\":\"https:\\\/\\\/www.supeinnihonto.com\\\/wp-content\\\/uploads\\\/2021\\\/11\\\/animation_Default_3szk0jcenoloop.gif\",\"width\":750,\"height\":641,\"caption\":\"SupeinNihonto\"},\"image\":{\"@id\":\"https:\\\/\\\/www.supeinnihonto.com\\\/de\\\/#\\\/schema\\\/logo\\\/image\\\/\"}}]}<\/script>\n<!-- \/ Yoast SEO plugin. -->","yoast_head_json":{"title":"Netsuke wandelnde Adlige aus Elfenbein - Supein Nihonto","description":"Sch\u00f6nes adliges Paar beim Spaziergang, einer h\u00e4lt einen F\u00e4cher, der andere eine Taiko-Trommel. Meiji-Zeit, Ende des 19. Jahrhunderts. Wird mit Gutachten geliefert.","robots":{"index":"index","follow":"follow","max-snippet":"max-snippet:-1","max-image-preview":"max-image-preview:large","max-video-preview":"max-video-preview:-1"},"canonical":"https:\/\/www.supeinnihonto.com\/de\/produkt\/netsuke-wandelnde-adlige-aus-elfenbein\/","og_locale":"de_DE","og_type":"article","og_title":"Netsuke wandelnde Adlige aus Elfenbein - Supein Nihonto","og_description":"Sch\u00f6nes adliges Paar beim Spaziergang, einer h\u00e4lt einen F\u00e4cher, der andere eine Taiko-Trommel. Meiji-Zeit, Ende des 19. Jahrhunderts. Wird mit Gutachten geliefert.","og_url":"https:\/\/www.supeinnihonto.com\/de\/produkt\/netsuke-wandelnde-adlige-aus-elfenbein\/","og_site_name":"Supein Nihonto","article_modified_time":"2025-12-26T17:32:13+00:00","og_image":[{"width":2560,"height":1707,"url":"https:\/\/www.supeinnihonto.com\/wp-content\/uploads\/2024\/05\/DSC_3985-scaled.jpg","type":"image\/jpeg"}],"twitter_card":"summary_large_image","twitter_misc":{"Gesch\u00e4tzte Lesezeit":"1\u00a0Minute"},"schema":{"@context":"https:\/\/schema.org","@graph":[{"@type":"WebPage","@id":"https:\/\/www.supeinnihonto.com\/de\/produkt\/netsuke-wandelnde-adlige-aus-elfenbein\/","url":"https:\/\/www.supeinnihonto.com\/de\/produkt\/netsuke-wandelnde-adlige-aus-elfenbein\/","name":"Netsuke wandelnde Adlige aus Elfenbein - Supein Nihonto","isPartOf":{"@id":"https:\/\/www.supeinnihonto.com\/de\/#website"},"primaryImageOfPage":{"@id":"https:\/\/www.supeinnihonto.com\/de\/produkt\/netsuke-wandelnde-adlige-aus-elfenbein\/#primaryimage"},"image":{"@id":"https:\/\/www.supeinnihonto.com\/de\/produkt\/netsuke-wandelnde-adlige-aus-elfenbein\/#primaryimage"},"thumbnailUrl":"https:\/\/i0.wp.com\/www.supeinnihonto.com\/wp-content\/uploads\/2024\/05\/DSC_3985-scaled.jpg?fit=2560%2C1707&ssl=1","datePublished":"2024-05-28T09:28:55+00:00","dateModified":"2025-12-26T17:32:13+00:00","description":"Sch\u00f6nes adliges Paar beim Spaziergang, einer h\u00e4lt einen F\u00e4cher, der andere eine Taiko-Trommel. Meiji-Zeit, Ende des 19. Jahrhunderts. Wird mit Gutachten geliefert.","breadcrumb":{"@id":"https:\/\/www.supeinnihonto.com\/de\/produkt\/netsuke-wandelnde-adlige-aus-elfenbein\/#breadcrumb"},"inLanguage":"de","potentialAction":[{"@type":"ReadAction","target":["https:\/\/www.supeinnihonto.com\/de\/produkt\/netsuke-wandelnde-adlige-aus-elfenbein\/"]}]},{"@type":"ImageObject","inLanguage":"de","@id":"https:\/\/www.supeinnihonto.com\/de\/produkt\/netsuke-wandelnde-adlige-aus-elfenbein\/#primaryimage","url":"https:\/\/i0.wp.com\/www.supeinnihonto.com\/wp-content\/uploads\/2024\/05\/DSC_3985-scaled.jpg?fit=2560%2C1707&ssl=1","contentUrl":"https:\/\/i0.wp.com\/www.supeinnihonto.com\/wp-content\/uploads\/2024\/05\/DSC_3985-scaled.jpg?fit=2560%2C1707&ssl=1","width":2560,"height":1707,"caption":"Netsuke nobles walking ivory"},{"@type":"BreadcrumbList","@id":"https:\/\/www.supeinnihonto.com\/de\/produkt\/netsuke-wandelnde-adlige-aus-elfenbein\/#breadcrumb","itemListElement":[{"@type":"ListItem","position":1,"name":"Portada","item":"https:\/\/www.supeinnihonto.com\/de\/"},{"@type":"ListItem","position":2,"name":"Shop","item":"https:\/\/www.supeinnihonto.com\/de\/shop\/"},{"@type":"ListItem","position":3,"name":"Netsuke wandelnde Adlige aus Elfenbein"}]},{"@type":"WebSite","@id":"https:\/\/www.supeinnihonto.com\/de\/#website","url":"https:\/\/www.supeinnihonto.com\/de\/","name":"Supein Nihonto","description":"Authentic japanese Nihonto katana ","publisher":{"@id":"https:\/\/www.supeinnihonto.com\/de\/#organization"},"potentialAction":[{"@type":"SearchAction","target":{"@type":"EntryPoint","urlTemplate":"https:\/\/www.supeinnihonto.com\/de\/?s={search_term_string}"},"query-input":{"@type":"PropertyValueSpecification","valueRequired":true,"valueName":"search_term_string"}}],"inLanguage":"de"},{"@type":"Organization","@id":"https:\/\/www.supeinnihonto.com\/de\/#organization","name":"SupeinNihonto","url":"https:\/\/www.supeinnihonto.com\/de\/","logo":{"@type":"ImageObject","inLanguage":"de","@id":"https:\/\/www.supeinnihonto.com\/de\/#\/schema\/logo\/image\/","url":"https:\/\/www.supeinnihonto.com\/wp-content\/uploads\/2021\/11\/animation_Default_3szk0jcenoloop.gif","contentUrl":"https:\/\/www.supeinnihonto.com\/wp-content\/uploads\/2021\/11\/animation_Default_3szk0jcenoloop.gif","width":750,"height":641,"caption":"SupeinNihonto"},"image":{"@id":"https:\/\/www.supeinnihonto.com\/de\/#\/schema\/logo\/image\/"}}]}},"jetpack-related-posts":[{"id":5662,"url":"https:\/\/www.supeinnihonto.com\/produkt\/netsuke-turtle-wood-55-x-35-x-23-cm\/","url_meta":{"origin":14977,"position":0},"title":"Netsuke turtle wood","author":"Eric Majo","date":"5 de November de 2024","format":false,"excerpt":"Free shipping. Fantastic carving and patina of a turtle hidden in its shell. Edo period. 5,5 x 3,5 x 2,3 cm","rel":"","context":"\u00c4hnlicher Beitrag","block_context":{"text":"\u00c4hnlicher Beitrag","link":""},"img":{"alt_text":"turtle wood netsuke","src":"https:\/\/i0.wp.com\/www.supeinnihonto.com\/wp-content\/uploads\/2024\/11\/DSC1365-scaled.jpg?fit=1200%2C800&ssl=1&resize=350%2C200","width":350,"height":200,"srcset":"https:\/\/i0.wp.com\/www.supeinnihonto.com\/wp-content\/uploads\/2024\/11\/DSC1365-scaled.jpg?fit=1200%2C800&ssl=1&resize=350%2C200 1x, https:\/\/i0.wp.com\/www.supeinnihonto.com\/wp-content\/uploads\/2024\/11\/DSC1365-scaled.jpg?fit=1200%2C800&ssl=1&resize=525%2C300 1.5x, https:\/\/i0.wp.com\/www.supeinnihonto.com\/wp-content\/uploads\/2024\/11\/DSC1365-scaled.jpg?fit=1200%2C800&ssl=1&resize=700%2C400 2x, https:\/\/i0.wp.com\/www.supeinnihonto.com\/wp-content\/uploads\/2024\/11\/DSC1365-scaled.jpg?fit=1200%2C800&ssl=1&resize=1050%2C600 3x"},"classes":[]},{"id":12827,"url":"https:\/\/www.supeinnihonto.com\/it\/prodotto\/netsuke-pesce-in-legno\/","url_meta":{"origin":14977,"position":1},"title":"Netsuke pesce in legno","author":"Eric Majo","date":"6 de November de 2024","format":false,"excerpt":"Spedizione gratuita. Netsuke molto raro e originale raffigurante un grande pesce, bella scultura in legno con molti dettagli, firmato su una piastra di rame incassata. XIX secolo. 12,5 x 6,5 x 2 cm \u00a0","rel":"","context":"\u00c4hnlicher Beitrag","block_context":{"text":"\u00c4hnlicher Beitrag","link":""},"img":{"alt_text":"Very rare and original netsuke of a large fish, nice wood carving with a lot of detail, signed on an inset copper plate. 19th century.12,5 x 6,5 x 2 cm","src":"https:\/\/i0.wp.com\/www.supeinnihonto.com\/wp-content\/uploads\/2024\/11\/Netsuke-fish-wood.webp?fit=1200%2C800&ssl=1&resize=350%2C200","width":350,"height":200,"srcset":"https:\/\/i0.wp.com\/www.supeinnihonto.com\/wp-content\/uploads\/2024\/11\/Netsuke-fish-wood.webp?fit=1200%2C800&ssl=1&resize=350%2C200 1x, https:\/\/i0.wp.com\/www.supeinnihonto.com\/wp-content\/uploads\/2024\/11\/Netsuke-fish-wood.webp?fit=1200%2C800&ssl=1&resize=525%2C300 1.5x, https:\/\/i0.wp.com\/www.supeinnihonto.com\/wp-content\/uploads\/2024\/11\/Netsuke-fish-wood.webp?fit=1200%2C800&ssl=1&resize=700%2C400 2x, https:\/\/i0.wp.com\/www.supeinnihonto.com\/wp-content\/uploads\/2024\/11\/Netsuke-fish-wood.webp?fit=1200%2C800&ssl=1&resize=1050%2C600 3x"},"classes":[]},{"id":12825,"url":"https:\/\/www.supeinnihonto.com\/de\/produkt\/netsuke-fisch-aus-holz\/","url_meta":{"origin":14977,"position":2},"title":"Netsuke Fisch aus Holz","author":"Eric Majo","date":"6 de November de 2024","format":false,"excerpt":"Kostenloser Versand. Sehr seltenes und originales Netsuke eines gro\u00dfen Fisches, sch\u00f6ne Holzschnitzerei mit vielen Details, signiert auf einer eingelassenen Kupferplatte. 19. Jahrhundert. 12,5 x 6,5 x 2 cm \u00a0","rel":"","context":"\u00c4hnlicher Beitrag","block_context":{"text":"\u00c4hnlicher Beitrag","link":""},"img":{"alt_text":"Very rare and original netsuke of a large fish, nice wood carving with a lot of detail, signed on an inset copper plate. 19th century.12,5 x 6,5 x 2 cm","src":"https:\/\/i0.wp.com\/www.supeinnihonto.com\/wp-content\/uploads\/2024\/11\/Netsuke-fish-wood.webp?fit=1200%2C800&ssl=1&resize=350%2C200","width":350,"height":200,"srcset":"https:\/\/i0.wp.com\/www.supeinnihonto.com\/wp-content\/uploads\/2024\/11\/Netsuke-fish-wood.webp?fit=1200%2C800&ssl=1&resize=350%2C200 1x, https:\/\/i0.wp.com\/www.supeinnihonto.com\/wp-content\/uploads\/2024\/11\/Netsuke-fish-wood.webp?fit=1200%2C800&ssl=1&resize=525%2C300 1.5x, https:\/\/i0.wp.com\/www.supeinnihonto.com\/wp-content\/uploads\/2024\/11\/Netsuke-fish-wood.webp?fit=1200%2C800&ssl=1&resize=700%2C400 2x, https:\/\/i0.wp.com\/www.supeinnihonto.com\/wp-content\/uploads\/2024\/11\/Netsuke-fish-wood.webp?fit=1200%2C800&ssl=1&resize=1050%2C600 3x"},"classes":[]},{"id":12821,"url":"https:\/\/www.supeinnihonto.com\/nl\/product\/netsuke-vis-van-hout\/","url_meta":{"origin":14977,"position":3},"title":"Netsuke vis van hout","author":"Eric Majo","date":"6 de November de 2024","format":false,"excerpt":"Gratis verzending. Zeer zeldzame en originele netsuke van een grote vis, mooie houtsnijwerk met veel details, gesigneerd op een ingelegde koperen plaat. 19e eeuw. 12,5 x 6,5 x 2 cm \u00a0","rel":"","context":"\u00c4hnlicher Beitrag","block_context":{"text":"\u00c4hnlicher Beitrag","link":""},"img":{"alt_text":"Very rare and original netsuke of a large fish, nice wood carving with a lot of detail, signed on an inset copper plate. 19th century.12,5 x 6,5 x 2 cm","src":"https:\/\/i0.wp.com\/www.supeinnihonto.com\/wp-content\/uploads\/2024\/11\/Netsuke-fish-wood.webp?fit=1200%2C800&ssl=1&resize=350%2C200","width":350,"height":200,"srcset":"https:\/\/i0.wp.com\/www.supeinnihonto.com\/wp-content\/uploads\/2024\/11\/Netsuke-fish-wood.webp?fit=1200%2C800&ssl=1&resize=350%2C200 1x, https:\/\/i0.wp.com\/www.supeinnihonto.com\/wp-content\/uploads\/2024\/11\/Netsuke-fish-wood.webp?fit=1200%2C800&ssl=1&resize=525%2C300 1.5x, https:\/\/i0.wp.com\/www.supeinnihonto.com\/wp-content\/uploads\/2024\/11\/Netsuke-fish-wood.webp?fit=1200%2C800&ssl=1&resize=700%2C400 2x, https:\/\/i0.wp.com\/www.supeinnihonto.com\/wp-content\/uploads\/2024\/11\/Netsuke-fish-wood.webp?fit=1200%2C800&ssl=1&resize=1050%2C600 3x"},"classes":[]},{"id":12823,"url":"https:\/\/www.supeinnihonto.com\/fr\/produit\/netsuke-poisson-en-bois\/","url_meta":{"origin":14977,"position":4},"title":"Netsuke poisson en bois","author":"Eric Majo","date":"6 de November de 2024","format":false,"excerpt":"Livraison gratuite. Netsuke tr\u00e8s rare et original repr\u00e9sentant un grand poisson, belle sculpture en bois avec beaucoup de d\u00e9tails, sign\u00e9 sur une plaque de cuivre incrust\u00e9e. XIXe si\u00e8cle. 12,5 x 6,5 x 2 cm \u00a0","rel":"","context":"\u00c4hnlicher Beitrag","block_context":{"text":"\u00c4hnlicher Beitrag","link":""},"img":{"alt_text":"Very rare and original netsuke of a large fish, nice wood carving with a lot of detail, signed on an inset copper plate. 19th century.12,5 x 6,5 x 2 cm","src":"https:\/\/i0.wp.com\/www.supeinnihonto.com\/wp-content\/uploads\/2024\/11\/Netsuke-fish-wood.webp?fit=1200%2C800&ssl=1&resize=350%2C200","width":350,"height":200,"srcset":"https:\/\/i0.wp.com\/www.supeinnihonto.com\/wp-content\/uploads\/2024\/11\/Netsuke-fish-wood.webp?fit=1200%2C800&ssl=1&resize=350%2C200 1x, https:\/\/i0.wp.com\/www.supeinnihonto.com\/wp-content\/uploads\/2024\/11\/Netsuke-fish-wood.webp?fit=1200%2C800&ssl=1&resize=525%2C300 1.5x, https:\/\/i0.wp.com\/www.supeinnihonto.com\/wp-content\/uploads\/2024\/11\/Netsuke-fish-wood.webp?fit=1200%2C800&ssl=1&resize=700%2C400 2x, https:\/\/i0.wp.com\/www.supeinnihonto.com\/wp-content\/uploads\/2024\/11\/Netsuke-fish-wood.webp?fit=1200%2C800&ssl=1&resize=1050%2C600 3x"},"classes":[]},{"id":3524,"url":"https:\/\/www.supeinnihonto.com\/produkt\/netsuke-monkey-ivory\/","url_meta":{"origin":14977,"position":5},"title":"Netsuke monkey ivory","author":"Supein Nihonto","date":"28 de Mai de 2024","format":false,"excerpt":"Free shipping. An ivory netsuke of a monkey, brown stained engraving, signed \"Matsuyama\". Meiji period. Comes with certificate CITES document. 4,3 x 3 x 2,7 cm","rel":"","context":"\u00c4hnlicher Beitrag","block_context":{"text":"\u00c4hnlicher Beitrag","link":""},"img":{"alt_text":"Netsuke monkey ivory","src":"https:\/\/i0.wp.com\/www.supeinnihonto.com\/wp-content\/uploads\/2024\/05\/DSC_4065-scaled.jpg?fit=1200%2C800&ssl=1&resize=350%2C200","width":350,"height":200,"srcset":"https:\/\/i0.wp.com\/www.supeinnihonto.com\/wp-content\/uploads\/2024\/05\/DSC_4065-scaled.jpg?fit=1200%2C800&ssl=1&resize=350%2C200 1x, https:\/\/i0.wp.com\/www.supeinnihonto.com\/wp-content\/uploads\/2024\/05\/DSC_4065-scaled.jpg?fit=1200%2C800&ssl=1&resize=525%2C300 1.5x, https:\/\/i0.wp.com\/www.supeinnihonto.com\/wp-content\/uploads\/2024\/05\/DSC_4065-scaled.jpg?fit=1200%2C800&ssl=1&resize=700%2C400 2x, https:\/\/i0.wp.com\/www.supeinnihonto.com\/wp-content\/uploads\/2024\/05\/DSC_4065-scaled.jpg?fit=1200%2C800&ssl=1&resize=1050%2C600 3x"},"classes":[]}],"jetpack_sharing_enabled":true,"_links":{"self":[{"href":"https:\/\/www.supeinnihonto.com\/de\/wp-json\/wp\/v2\/product\/14977","targetHints":{"allow":["GET"]}}],"collection":[{"href":"https:\/\/www.supeinnihonto.com\/de\/wp-json\/wp\/v2\/product"}],"about":[{"href":"https:\/\/www.supeinnihonto.com\/de\/wp-json\/wp\/v2\/types\/product"}],"wp:featuredmedia":[{"embeddable":true,"href":"https:\/\/www.supeinnihonto.com\/de\/wp-json\/wp\/v2\/media\/14978"}],"wp:attachment":[{"href":"https:\/\/www.supeinnihonto.com\/de\/wp-json\/wp\/v2\/media?parent=14977"}],"wp:term":[{"taxonomy":"product_brand","embeddable":true,"href":"https:\/\/www.supeinnihonto.com\/de\/wp-json\/wp\/v2\/product_brand?post=14977"},{"taxonomy":"product_cat","embeddable":true,"href":"https:\/\/www.supeinnihonto.com\/de\/wp-json\/wp\/v2\/product_cat?post=14977"},{"taxonomy":"product_tag","embeddable":true,"href":"https:\/\/www.supeinnihonto.com\/de\/wp-json\/wp\/v2\/product_tag?post=14977"}],"curies":[{"name":"wp","href":"https:\/\/api.w.org\/{rel}","templated":true}]}}