{"id":14877,"date":"2024-05-09T08:30:37","date_gmt":"2024-05-09T08:30:37","guid":{"rendered":"https:\/\/www.supeinnihonto.com\/product\/inro-makie-horses-and-oxen\/"},"modified":"2026-01-02T10:44:36","modified_gmt":"2026-01-02T10:44:36","slug":"inro-mit-maki-e-dekor-von-pferden-und-ochsen","status":"publish","type":"product","link":"https:\/\/www.supeinnihonto.com\/de\/produkt\/inro-mit-maki-e-dekor-von-pferden-und-ochsen\/","title":{"rendered":"Inro mit Maki-e-Dekor von Pferden und Ochsen"},"content":{"rendered":"<p><em><strong>Objekt: <\/strong><\/em><\/p>\n<p>Inro mit Maki-e-Dekor von Pferden und Ochsen. Signiert \u201eKajikawa Tomohide\u201c. Wundersch\u00f6nes Inro in au\u00dfergew\u00f6hnlichem Erhaltungszustand mit hervorragender Maki-e-Technik, Pferde auf der einen Seite und Ochsen auf der anderen. Das St\u00fcck befindet sich in nahezu makellosem Zustand und bewahrt alle seine Elemente, wie den ebenfalls mit Maki-e lackierten Manju-Netsuke oder das doppelte Ojime aus roter Koralle und Metall. Ein echtes Museumsst\u00fcck. 19. Jahrhundert.<\/p>\n<p>5,5 x 3,5 cm<\/p>\n<p><em><strong><span style=\"color: #000000;\">Was ist ein Inro?<\/span><\/strong><\/em><\/p>\n<p><span style=\"color: #000000;\">Ein <i><b>Inro<\/b><\/i> ist ein traditionelles japanisches Beh\u00e4ltnis zur Aufbewahrung kleiner Gegenst\u00e4nde, das am <span title=\"Japanese-language romanization\"><i lang=\"ja-Latn\"><a href=\"https:\/\/en.wikipedia.org\/wiki\/Obi_(sash)\" title=\"Obi (sash)\" style=\"color: #000000;\">Obi<\/a><\/i><\/span> (G\u00fcrtel) befestigt wird, der beim Tragen eines <a href=\"https:\/\/en.wikipedia.org\/wiki\/Kimono\" title=\"Kimono\" style=\"color: #000000;\">Kimonos<\/a> um die Taille getragen wird. Sie sind h\u00e4ufig reich verziert mit Materialien wie <a href=\"https:\/\/en.wikipedia.org\/wiki\/Lacquer\" title=\"Lacquer\" style=\"color: #000000;\">Lack<\/a> und Techniken wie <span title=\"Japanese-language romanization\"><i lang=\"ja-Latn\"><a href=\"https:\/\/en.wikipedia.org\/wiki\/Maki-e\" title=\"Maki-e\" style=\"color: #000000;\">Maki-e<\/a><\/i><\/span> und sind dekorativer als andere <a href=\"https:\/\/en.wikipedia.org\/wiki\/Japanese_lacquerware\" title=\"Japanese lacquerware\" style=\"color: #000000;\">japanische Lackarbeiten<\/a>.<\/span><\/p>\n<p><span style=\"color: #000000;\">Da die traditionelle japanische Kleidung keine Taschen besa\u00df, wurden Gegenst\u00e4nde h\u00e4ufig am <span title=\"Japanese-language romanization\"><i lang=\"ja-Latn\">Obi<\/i><\/span> in Beh\u00e4ltern getragen, die als <span title=\"Japanese-language romanization\"><i lang=\"ja-Latn\"><a href=\"https:\/\/en.wiktionary.org\/wiki\/sagemono\" class=\"extiw\" title=\"wikt:sagemono\" style=\"color: #000000;\">Sagemono<\/a><\/i><\/span> bekannt sind. Die meisten <span title=\"Japanese-language romanization\"><i lang=\"ja-Latn\">Sagemono<\/i><\/span> dienten speziellen Inhalten wie Tabak, Pfeifen, Schreibpinseln und Tinte, doch der Typ <span title=\"Japanese-language romanization\"><i lang=\"ja-Latn\">Inro<\/i><\/span> eignete sich f\u00fcr kleine Gegenst\u00e4nde und entstand in der <a href=\"https:\/\/en.wikipedia.org\/wiki\/Sengoku_period\" title=\"Sengoku period\" style=\"color: #000000;\">Sengoku-Zeit<\/a> (1467\u20131615) als tragbares Identit\u00e4tssiegel und Arzneibeh\u00e4lter f\u00fcr Reisen.<\/span><\/p>\n","protected":false},"excerpt":{"rendered":"<p>Objekt: Inro mit Maki-e-Dekor von Pferden und Ochsen. Signiert \u201eKajikawa Tomohide\u201c. Wundersch\u00f6nes Inro in au\u00dfergew\u00f6hnlichem Erhaltungszustand mit hervorragender Maki-e-Technik, Pferde auf der einen Seite und Ochsen auf der anderen. Das St\u00fcck befindet sich in nahezu makellosem Zustand und bewahrt alle seine Elemente, wie den ebenfalls mit Maki-e lackierten Manju-Netsuke oder [&hellip;]<\/p>\n","protected":false},"featured_media":14878,"template":"","meta":{"jetpack_post_was_ever_published":false},"product_brand":[],"product_cat":[571],"product_tag":[],"class_list":{"0":"post-14877","1":"product","2":"type-product","3":"status-publish","4":"has-post-thumbnail","6":"product_cat-inro","7":"product_shipping_class-light","9":"first","10":"instock","11":"featured","12":"sold-individually","13":"shipping-taxable","14":"purchasable","15":"product-type-simple"},"yoast_head":"<!-- This site is optimized with the Yoast SEO plugin v27.4 - https:\/\/yoast.com\/product\/yoast-seo-wordpress\/ -->\n<title>Inro mit Maki-e-Dekor von Pferden und Ochsen - Supein Nihonto<\/title>\n<meta name=\"description\" content=\"Inro mit Maki-e-Dekor mit Chrysanthemenbl\u00fcten. Seltenes Inro im Miniaturformat von exquisiter Handwerkskunst, mit zahlreichen Details und einigen Shibayama-Einlagen aus Perlmutt.\" \/>\n<meta name=\"robots\" content=\"index, follow, max-snippet:-1, max-image-preview:large, max-video-preview:-1\" \/>\n<link rel=\"canonical\" href=\"https:\/\/www.supeinnihonto.com\/de\/produkt\/inro-mit-maki-e-dekor-von-pferden-und-ochsen\/\" \/>\n<meta property=\"og:locale\" content=\"de_DE\" \/>\n<meta property=\"og:type\" content=\"article\" \/>\n<meta property=\"og:title\" content=\"Inro mit Maki-e-Dekor von Pferden und Ochsen - Supein Nihonto\" \/>\n<meta property=\"og:description\" content=\"Inro mit Maki-e-Dekor mit Chrysanthemenbl\u00fcten. Seltenes Inro im Miniaturformat von exquisiter Handwerkskunst, mit zahlreichen Details und einigen Shibayama-Einlagen aus Perlmutt.\" \/>\n<meta property=\"og:url\" content=\"https:\/\/www.supeinnihonto.com\/de\/produkt\/inro-mit-maki-e-dekor-von-pferden-und-ochsen\/\" \/>\n<meta property=\"og:site_name\" content=\"Supein Nihonto\" \/>\n<meta property=\"article:modified_time\" content=\"2026-01-02T10:44:36+00:00\" \/>\n<meta property=\"og:image\" content=\"https:\/\/www.supeinnihonto.com\/wp-content\/uploads\/2024\/05\/DSC_3581-scaled.jpg\" \/>\n\t<meta property=\"og:image:width\" content=\"2560\" \/>\n\t<meta property=\"og:image:height\" content=\"1707\" \/>\n\t<meta property=\"og:image:type\" content=\"image\/jpeg\" \/>\n<meta name=\"twitter:card\" content=\"summary_large_image\" \/>\n<meta name=\"twitter:label1\" content=\"Gesch\u00e4tzte Lesezeit\" \/>\n\t<meta name=\"twitter:data1\" content=\"2\u00a0Minuten\" \/>\n<script type=\"application\/ld+json\" class=\"yoast-schema-graph\">{\"@context\":\"https:\\\/\\\/schema.org\",\"@graph\":[{\"@type\":\"WebPage\",\"@id\":\"https:\\\/\\\/www.supeinnihonto.com\\\/de\\\/produkt\\\/inro-mit-maki-e-dekor-von-pferden-und-ochsen\\\/\",\"url\":\"https:\\\/\\\/www.supeinnihonto.com\\\/de\\\/produkt\\\/inro-mit-maki-e-dekor-von-pferden-und-ochsen\\\/\",\"name\":\"Inro mit Maki-e-Dekor von Pferden und Ochsen - Supein Nihonto\",\"isPartOf\":{\"@id\":\"https:\\\/\\\/www.supeinnihonto.com\\\/de\\\/#website\"},\"primaryImageOfPage\":{\"@id\":\"https:\\\/\\\/www.supeinnihonto.com\\\/de\\\/produkt\\\/inro-mit-maki-e-dekor-von-pferden-und-ochsen\\\/#primaryimage\"},\"image\":{\"@id\":\"https:\\\/\\\/www.supeinnihonto.com\\\/de\\\/produkt\\\/inro-mit-maki-e-dekor-von-pferden-und-ochsen\\\/#primaryimage\"},\"thumbnailUrl\":\"https:\\\/\\\/i0.wp.com\\\/www.supeinnihonto.com\\\/wp-content\\\/uploads\\\/2024\\\/05\\\/DSC_3581-scaled.jpg?fit=2560%2C1707&ssl=1\",\"datePublished\":\"2024-05-09T08:30:37+00:00\",\"dateModified\":\"2026-01-02T10:44:36+00:00\",\"description\":\"Inro mit Maki-e-Dekor mit Chrysanthemenbl\u00fcten. Seltenes Inro im Miniaturformat von exquisiter Handwerkskunst, mit zahlreichen Details und einigen Shibayama-Einlagen aus Perlmutt.\",\"breadcrumb\":{\"@id\":\"https:\\\/\\\/www.supeinnihonto.com\\\/de\\\/produkt\\\/inro-mit-maki-e-dekor-von-pferden-und-ochsen\\\/#breadcrumb\"},\"inLanguage\":\"de\",\"potentialAction\":[{\"@type\":\"ReadAction\",\"target\":[\"https:\\\/\\\/www.supeinnihonto.com\\\/de\\\/produkt\\\/inro-mit-maki-e-dekor-von-pferden-und-ochsen\\\/\"]}]},{\"@type\":\"ImageObject\",\"inLanguage\":\"de\",\"@id\":\"https:\\\/\\\/www.supeinnihonto.com\\\/de\\\/produkt\\\/inro-mit-maki-e-dekor-von-pferden-und-ochsen\\\/#primaryimage\",\"url\":\"https:\\\/\\\/i0.wp.com\\\/www.supeinnihonto.com\\\/wp-content\\\/uploads\\\/2024\\\/05\\\/DSC_3581-scaled.jpg?fit=2560%2C1707&ssl=1\",\"contentUrl\":\"https:\\\/\\\/i0.wp.com\\\/www.supeinnihonto.com\\\/wp-content\\\/uploads\\\/2024\\\/05\\\/DSC_3581-scaled.jpg?fit=2560%2C1707&ssl=1\",\"width\":2560,\"height\":1707,\"caption\":\"Inro Makie horses and oxen\"},{\"@type\":\"BreadcrumbList\",\"@id\":\"https:\\\/\\\/www.supeinnihonto.com\\\/de\\\/produkt\\\/inro-mit-maki-e-dekor-von-pferden-und-ochsen\\\/#breadcrumb\",\"itemListElement\":[{\"@type\":\"ListItem\",\"position\":1,\"name\":\"Portada\",\"item\":\"https:\\\/\\\/www.supeinnihonto.com\\\/de\\\/\"},{\"@type\":\"ListItem\",\"position\":2,\"name\":\"Shop\",\"item\":\"https:\\\/\\\/www.supeinnihonto.com\\\/de\\\/shop\\\/\"},{\"@type\":\"ListItem\",\"position\":3,\"name\":\"Inro mit Maki-e-Dekor von Pferden und Ochsen\"}]},{\"@type\":\"WebSite\",\"@id\":\"https:\\\/\\\/www.supeinnihonto.com\\\/de\\\/#website\",\"url\":\"https:\\\/\\\/www.supeinnihonto.com\\\/de\\\/\",\"name\":\"Supein Nihonto\",\"description\":\"Authentic japanese Nihonto katana \",\"publisher\":{\"@id\":\"https:\\\/\\\/www.supeinnihonto.com\\\/de\\\/#organization\"},\"potentialAction\":[{\"@type\":\"SearchAction\",\"target\":{\"@type\":\"EntryPoint\",\"urlTemplate\":\"https:\\\/\\\/www.supeinnihonto.com\\\/de\\\/?s={search_term_string}\"},\"query-input\":{\"@type\":\"PropertyValueSpecification\",\"valueRequired\":true,\"valueName\":\"search_term_string\"}}],\"inLanguage\":\"de\"},{\"@type\":\"Organization\",\"@id\":\"https:\\\/\\\/www.supeinnihonto.com\\\/de\\\/#organization\",\"name\":\"SupeinNihonto\",\"url\":\"https:\\\/\\\/www.supeinnihonto.com\\\/de\\\/\",\"logo\":{\"@type\":\"ImageObject\",\"inLanguage\":\"de\",\"@id\":\"https:\\\/\\\/www.supeinnihonto.com\\\/de\\\/#\\\/schema\\\/logo\\\/image\\\/\",\"url\":\"https:\\\/\\\/www.supeinnihonto.com\\\/wp-content\\\/uploads\\\/2021\\\/11\\\/animation_Default_3szk0jcenoloop.gif\",\"contentUrl\":\"https:\\\/\\\/www.supeinnihonto.com\\\/wp-content\\\/uploads\\\/2021\\\/11\\\/animation_Default_3szk0jcenoloop.gif\",\"width\":750,\"height\":641,\"caption\":\"SupeinNihonto\"},\"image\":{\"@id\":\"https:\\\/\\\/www.supeinnihonto.com\\\/de\\\/#\\\/schema\\\/logo\\\/image\\\/\"}}]}<\/script>\n<!-- \/ Yoast SEO plugin. -->","yoast_head_json":{"title":"Inro mit Maki-e-Dekor von Pferden und Ochsen - Supein Nihonto","description":"Inro mit Maki-e-Dekor mit Chrysanthemenbl\u00fcten. Seltenes Inro im Miniaturformat von exquisiter Handwerkskunst, mit zahlreichen Details und einigen Shibayama-Einlagen aus Perlmutt.","robots":{"index":"index","follow":"follow","max-snippet":"max-snippet:-1","max-image-preview":"max-image-preview:large","max-video-preview":"max-video-preview:-1"},"canonical":"https:\/\/www.supeinnihonto.com\/de\/produkt\/inro-mit-maki-e-dekor-von-pferden-und-ochsen\/","og_locale":"de_DE","og_type":"article","og_title":"Inro mit Maki-e-Dekor von Pferden und Ochsen - Supein Nihonto","og_description":"Inro mit Maki-e-Dekor mit Chrysanthemenbl\u00fcten. Seltenes Inro im Miniaturformat von exquisiter Handwerkskunst, mit zahlreichen Details und einigen Shibayama-Einlagen aus Perlmutt.","og_url":"https:\/\/www.supeinnihonto.com\/de\/produkt\/inro-mit-maki-e-dekor-von-pferden-und-ochsen\/","og_site_name":"Supein Nihonto","article_modified_time":"2026-01-02T10:44:36+00:00","og_image":[{"width":2560,"height":1707,"url":"https:\/\/www.supeinnihonto.com\/wp-content\/uploads\/2024\/05\/DSC_3581-scaled.jpg","type":"image\/jpeg"}],"twitter_card":"summary_large_image","twitter_misc":{"Gesch\u00e4tzte Lesezeit":"2\u00a0Minuten"},"schema":{"@context":"https:\/\/schema.org","@graph":[{"@type":"WebPage","@id":"https:\/\/www.supeinnihonto.com\/de\/produkt\/inro-mit-maki-e-dekor-von-pferden-und-ochsen\/","url":"https:\/\/www.supeinnihonto.com\/de\/produkt\/inro-mit-maki-e-dekor-von-pferden-und-ochsen\/","name":"Inro mit Maki-e-Dekor von Pferden und Ochsen - Supein Nihonto","isPartOf":{"@id":"https:\/\/www.supeinnihonto.com\/de\/#website"},"primaryImageOfPage":{"@id":"https:\/\/www.supeinnihonto.com\/de\/produkt\/inro-mit-maki-e-dekor-von-pferden-und-ochsen\/#primaryimage"},"image":{"@id":"https:\/\/www.supeinnihonto.com\/de\/produkt\/inro-mit-maki-e-dekor-von-pferden-und-ochsen\/#primaryimage"},"thumbnailUrl":"https:\/\/i0.wp.com\/www.supeinnihonto.com\/wp-content\/uploads\/2024\/05\/DSC_3581-scaled.jpg?fit=2560%2C1707&ssl=1","datePublished":"2024-05-09T08:30:37+00:00","dateModified":"2026-01-02T10:44:36+00:00","description":"Inro mit Maki-e-Dekor mit Chrysanthemenbl\u00fcten. Seltenes Inro im Miniaturformat von exquisiter Handwerkskunst, mit zahlreichen Details und einigen Shibayama-Einlagen aus Perlmutt.","breadcrumb":{"@id":"https:\/\/www.supeinnihonto.com\/de\/produkt\/inro-mit-maki-e-dekor-von-pferden-und-ochsen\/#breadcrumb"},"inLanguage":"de","potentialAction":[{"@type":"ReadAction","target":["https:\/\/www.supeinnihonto.com\/de\/produkt\/inro-mit-maki-e-dekor-von-pferden-und-ochsen\/"]}]},{"@type":"ImageObject","inLanguage":"de","@id":"https:\/\/www.supeinnihonto.com\/de\/produkt\/inro-mit-maki-e-dekor-von-pferden-und-ochsen\/#primaryimage","url":"https:\/\/i0.wp.com\/www.supeinnihonto.com\/wp-content\/uploads\/2024\/05\/DSC_3581-scaled.jpg?fit=2560%2C1707&ssl=1","contentUrl":"https:\/\/i0.wp.com\/www.supeinnihonto.com\/wp-content\/uploads\/2024\/05\/DSC_3581-scaled.jpg?fit=2560%2C1707&ssl=1","width":2560,"height":1707,"caption":"Inro Makie horses and oxen"},{"@type":"BreadcrumbList","@id":"https:\/\/www.supeinnihonto.com\/de\/produkt\/inro-mit-maki-e-dekor-von-pferden-und-ochsen\/#breadcrumb","itemListElement":[{"@type":"ListItem","position":1,"name":"Portada","item":"https:\/\/www.supeinnihonto.com\/de\/"},{"@type":"ListItem","position":2,"name":"Shop","item":"https:\/\/www.supeinnihonto.com\/de\/shop\/"},{"@type":"ListItem","position":3,"name":"Inro mit Maki-e-Dekor von Pferden und Ochsen"}]},{"@type":"WebSite","@id":"https:\/\/www.supeinnihonto.com\/de\/#website","url":"https:\/\/www.supeinnihonto.com\/de\/","name":"Supein Nihonto","description":"Authentic japanese Nihonto katana ","publisher":{"@id":"https:\/\/www.supeinnihonto.com\/de\/#organization"},"potentialAction":[{"@type":"SearchAction","target":{"@type":"EntryPoint","urlTemplate":"https:\/\/www.supeinnihonto.com\/de\/?s={search_term_string}"},"query-input":{"@type":"PropertyValueSpecification","valueRequired":true,"valueName":"search_term_string"}}],"inLanguage":"de"},{"@type":"Organization","@id":"https:\/\/www.supeinnihonto.com\/de\/#organization","name":"SupeinNihonto","url":"https:\/\/www.supeinnihonto.com\/de\/","logo":{"@type":"ImageObject","inLanguage":"de","@id":"https:\/\/www.supeinnihonto.com\/de\/#\/schema\/logo\/image\/","url":"https:\/\/www.supeinnihonto.com\/wp-content\/uploads\/2021\/11\/animation_Default_3szk0jcenoloop.gif","contentUrl":"https:\/\/www.supeinnihonto.com\/wp-content\/uploads\/2021\/11\/animation_Default_3szk0jcenoloop.gif","width":750,"height":641,"caption":"SupeinNihonto"},"image":{"@id":"https:\/\/www.supeinnihonto.com\/de\/#\/schema\/logo\/image\/"}}]}},"jetpack-related-posts":[{"id":14779,"url":"https:\/\/www.supeinnihonto.com\/de\/produkt\/inro-mit-maki-e-dekor-mit-chrysanthemenblueten\/","url_meta":{"origin":14877,"position":0},"title":"Inro mit Maki-e-Dekor mit Chrysanthemenbl\u00fcten","author":"Supein Nihonto","date":"9 de Mai de 2024","format":false,"excerpt":"Objekt: Inro mit Maki-e-Dekor mit Chrysanthemenbl\u00fcten. Seltenes Inro im Miniaturformat von exquisiter Handwerkskunst, mit zahlreichen Details und einigen Shibayama-Einlagen aus Perlmutt. Manju-Netsuke aus Bronze und Knochen. Ojime aus roter Koralle. Sowohl das Inro als auch das Netsuke befinden sich in sehr gutem Zustand, was f\u00fcr die meisten Sammler von gro\u00dfer\u2026","rel":"","context":"\u00c4hnlicher Beitrag","block_context":{"text":"\u00c4hnlicher Beitrag","link":""},"img":{"alt_text":"Inro Makie Chrisantemum flowers","src":"https:\/\/i0.wp.com\/www.supeinnihonto.com\/wp-content\/uploads\/2024\/05\/Inro-Makie-Chrisantemum-flowers.webp?fit=1200%2C800&ssl=1&resize=350%2C200","width":350,"height":200,"srcset":"https:\/\/i0.wp.com\/www.supeinnihonto.com\/wp-content\/uploads\/2024\/05\/Inro-Makie-Chrisantemum-flowers.webp?fit=1200%2C800&ssl=1&resize=350%2C200 1x, https:\/\/i0.wp.com\/www.supeinnihonto.com\/wp-content\/uploads\/2024\/05\/Inro-Makie-Chrisantemum-flowers.webp?fit=1200%2C800&ssl=1&resize=525%2C300 1.5x, https:\/\/i0.wp.com\/www.supeinnihonto.com\/wp-content\/uploads\/2024\/05\/Inro-Makie-Chrisantemum-flowers.webp?fit=1200%2C800&ssl=1&resize=700%2C400 2x, https:\/\/i0.wp.com\/www.supeinnihonto.com\/wp-content\/uploads\/2024\/05\/Inro-Makie-Chrisantemum-flowers.webp?fit=1200%2C800&ssl=1&resize=1050%2C600 3x"},"classes":[]},{"id":14845,"url":"https:\/\/www.supeinnihonto.com\/de\/produkt\/inro-in-maki-e-mit-voegeln-und-pflaumenbaum\/","url_meta":{"origin":14877,"position":1},"title":"Inr\u014d in Maki-e mit V\u00f6geln und Pflaumenbaum","author":"Supein Nihonto","date":"10 de Mai de 2024","format":false,"excerpt":"Objekt: Inr\u014d in Maki-e mit V\u00f6geln und Pflaumenbaum. Gro\u00dfes und beeindruckendes Inr\u014d mit f\u00fcnf F\u00e4chern, ausgef\u00fchrt in kostbarer Arbeit mit verschiedenen Techniken, in ausgezeichnetem Erhaltungszustand. Aus der Meiji-Zeit, Ende des 19. Jahrhunderts. Das Inr\u014d umfasst au\u00dferdem einen metallenen Ojime mit Cloisonn\u00e9-Dekor sowie einen antiken h\u00f6lzernen Netsuke aus dem 19. Jahrhundert.\u2026","rel":"","context":"\u00c4hnlicher Beitrag","block_context":{"text":"\u00c4hnlicher Beitrag","link":""},"img":{"alt_text":"Inro makie birds","src":"https:\/\/i0.wp.com\/www.supeinnihonto.com\/wp-content\/uploads\/2024\/05\/DSC_3629-scaled.jpg?fit=800%2C1200&ssl=1&resize=350%2C200","width":350,"height":200,"srcset":"https:\/\/i0.wp.com\/www.supeinnihonto.com\/wp-content\/uploads\/2024\/05\/DSC_3629-scaled.jpg?fit=800%2C1200&ssl=1&resize=350%2C200 1x, https:\/\/i0.wp.com\/www.supeinnihonto.com\/wp-content\/uploads\/2024\/05\/DSC_3629-scaled.jpg?fit=800%2C1200&ssl=1&resize=525%2C300 1.5x, https:\/\/i0.wp.com\/www.supeinnihonto.com\/wp-content\/uploads\/2024\/05\/DSC_3629-scaled.jpg?fit=800%2C1200&ssl=1&resize=700%2C400 2x"},"classes":[]},{"id":14869,"url":"https:\/\/www.supeinnihonto.com\/de\/produkt\/inro-in-shibayama-maki-e-mit-drache\/","url_meta":{"origin":14877,"position":2},"title":"Inr\u014d in Shibayama-Maki-e mit Drache","author":"Supein Nihonto","date":"9 de Mai de 2024","format":false,"excerpt":"Objekt: Vierfaches Inr\u014d mit Einlagen und Goldlack. Inr\u014d. Meiji-Zeit (1868\u20131912). Linsenf\u00f6rmiger Kinji-Grund, dekoriert in Gold und leicht farbigem Takamaki-e, Gold-Hiramaki-e, Kirikane und im Shibayama-Stil mit der Darstellung von Kosekik\u014d (chinesisch: Huangshigong), kniend auf Felsen und einen gefallenen Schuh zu Ch\u014dry\u014d (Zhang Liang) emporhaltend, der auf der anderen Seite zu Pferd\u2026","rel":"","context":"\u00c4hnlicher Beitrag","block_context":{"text":"\u00c4hnlicher Beitrag","link":""},"img":{"alt_text":"Inro Makie shibayama dragon","src":"https:\/\/i0.wp.com\/www.supeinnihonto.com\/wp-content\/uploads\/2024\/05\/DSC_3591-scaled.jpg?fit=870%2C1200&ssl=1&resize=350%2C200","width":350,"height":200,"srcset":"https:\/\/i0.wp.com\/www.supeinnihonto.com\/wp-content\/uploads\/2024\/05\/DSC_3591-scaled.jpg?fit=870%2C1200&ssl=1&resize=350%2C200 1x, https:\/\/i0.wp.com\/www.supeinnihonto.com\/wp-content\/uploads\/2024\/05\/DSC_3591-scaled.jpg?fit=870%2C1200&ssl=1&resize=525%2C300 1.5x, https:\/\/i0.wp.com\/www.supeinnihonto.com\/wp-content\/uploads\/2024\/05\/DSC_3591-scaled.jpg?fit=870%2C1200&ssl=1&resize=700%2C400 2x"},"classes":[]},{"id":14853,"url":"https:\/\/www.supeinnihonto.com\/de\/produkt\/inro-in-maki-e-mit-hahn-und-henne-2\/","url_meta":{"origin":14877,"position":3},"title":"Inr\u014d in Maki-e mit Hahn und Henne","author":"Supein Nihonto","date":"9 de Mai de 2024","format":false,"excerpt":"Objekt: Inr\u014d in Maki-e mit Hahn und Henne. F\u00fcnfteiliger Inr\u014d, lackiert mit der Darstellung eines Hahns und einer Henne, wobei der Hahn auf einer Trommel steht, unter einer Kiefer mit herabh\u00e4ngenden Zweigen, die sich auf die andere Seite \u00fcber zwei K\u00fcken erstrecken; Trommel und Kiefer mit eingelegten Silberdetails, das Innere\u2026","rel":"","context":"\u00c4hnlicher Beitrag","block_context":{"text":"\u00c4hnlicher Beitrag","link":""},"img":{"alt_text":"Inro Rooster and hen","src":"https:\/\/i0.wp.com\/www.supeinnihonto.com\/wp-content\/uploads\/2024\/05\/DSC_3622-scaled.jpg?fit=800%2C1200&ssl=1&resize=350%2C200","width":350,"height":200,"srcset":"https:\/\/i0.wp.com\/www.supeinnihonto.com\/wp-content\/uploads\/2024\/05\/DSC_3622-scaled.jpg?fit=800%2C1200&ssl=1&resize=350%2C200 1x, https:\/\/i0.wp.com\/www.supeinnihonto.com\/wp-content\/uploads\/2024\/05\/DSC_3622-scaled.jpg?fit=800%2C1200&ssl=1&resize=525%2C300 1.5x, https:\/\/i0.wp.com\/www.supeinnihonto.com\/wp-content\/uploads\/2024\/05\/DSC_3622-scaled.jpg?fit=800%2C1200&ssl=1&resize=700%2C400 2x"},"classes":[]},{"id":14677,"url":"https:\/\/www.supeinnihonto.com\/de\/produkt\/inro-in-maki-e-mit-hahn-und-henne\/","url_meta":{"origin":14877,"position":4},"title":"Inr\u014d in Maki-e mit Hahn und Henne","author":"Supein Nihonto","date":"10 de Mai de 2024","format":false,"excerpt":"Objekt: Inr\u014d in Maki-e mit Hahn und Henne. Gro\u00dfes, sch\u00f6nes Inr\u014d in Maki-e mit hervorragender Darstellung der V\u00f6gel und ihrer Bewegung. Inr\u014d in ausgezeichnetem Erhaltungszustand und signiert. Kagamibuta-Netsuke mit einigen alten Reparaturen. Verwendung von Silber, Gold und rotem Lack f\u00fcr die Wappen. Hervorragendes Sammlerst\u00fcck. 8 x 7 cm Was ist\u2026","rel":"","context":"\u00c4hnlicher Beitrag","block_context":{"text":"\u00c4hnlicher Beitrag","link":""},"img":{"alt_text":"Inro makie chicken and hen","src":"https:\/\/i0.wp.com\/www.supeinnihonto.com\/wp-content\/uploads\/2024\/05\/DSC_3680-scaled.jpg?fit=1200%2C800&ssl=1&resize=350%2C200","width":350,"height":200,"srcset":"https:\/\/i0.wp.com\/www.supeinnihonto.com\/wp-content\/uploads\/2024\/05\/DSC_3680-scaled.jpg?fit=1200%2C800&ssl=1&resize=350%2C200 1x, https:\/\/i0.wp.com\/www.supeinnihonto.com\/wp-content\/uploads\/2024\/05\/DSC_3680-scaled.jpg?fit=1200%2C800&ssl=1&resize=525%2C300 1.5x, https:\/\/i0.wp.com\/www.supeinnihonto.com\/wp-content\/uploads\/2024\/05\/DSC_3680-scaled.jpg?fit=1200%2C800&ssl=1&resize=700%2C400 2x, https:\/\/i0.wp.com\/www.supeinnihonto.com\/wp-content\/uploads\/2024\/05\/DSC_3680-scaled.jpg?fit=1200%2C800&ssl=1&resize=1050%2C600 3x"},"classes":[]},{"id":14789,"url":"https:\/\/www.supeinnihonto.com\/de\/produkt\/inro-aus-rotem-lack-mit-pferd\/","url_meta":{"origin":14877,"position":5},"title":"Inro aus rotem Lack mit Pferd","author":"Supein Nihonto","date":"9 de Mai de 2024","format":false,"excerpt":"Objekt: Gro\u00dfartiges Inro, lackiert mit rotem Urushi-Lack, mit einer Maki-e-Darstellung auf jeder Seite, ein Pferd auf der einen und ein Ochse auf der anderen. Signiert \u201eJ\u014dsen saku\u201c \u5e38\u5ddd\u4f5c, rotes Siegel: Seisan \u6e05\u4e09. Das Etui ist in f\u00fcnf Teile unterteilt und verf\u00fcgt \u00fcber vier F\u00e4cher. Zudem besitzt es ein wundersch\u00f6n geschnitztes\u2026","rel":"","context":"\u00c4hnlicher Beitrag","block_context":{"text":"\u00c4hnlicher Beitrag","link":""},"img":{"alt_text":"Inro Red lacquer horse","src":"https:\/\/i0.wp.com\/www.supeinnihonto.com\/wp-content\/uploads\/2024\/05\/DSC_3560-scaled.jpg?fit=800%2C1200&ssl=1&resize=350%2C200","width":350,"height":200,"srcset":"https:\/\/i0.wp.com\/www.supeinnihonto.com\/wp-content\/uploads\/2024\/05\/DSC_3560-scaled.jpg?fit=800%2C1200&ssl=1&resize=350%2C200 1x, https:\/\/i0.wp.com\/www.supeinnihonto.com\/wp-content\/uploads\/2024\/05\/DSC_3560-scaled.jpg?fit=800%2C1200&ssl=1&resize=525%2C300 1.5x, https:\/\/i0.wp.com\/www.supeinnihonto.com\/wp-content\/uploads\/2024\/05\/DSC_3560-scaled.jpg?fit=800%2C1200&ssl=1&resize=700%2C400 2x"},"classes":[]}],"jetpack_sharing_enabled":true,"_links":{"self":[{"href":"https:\/\/www.supeinnihonto.com\/de\/wp-json\/wp\/v2\/product\/14877","targetHints":{"allow":["GET"]}}],"collection":[{"href":"https:\/\/www.supeinnihonto.com\/de\/wp-json\/wp\/v2\/product"}],"about":[{"href":"https:\/\/www.supeinnihonto.com\/de\/wp-json\/wp\/v2\/types\/product"}],"wp:featuredmedia":[{"embeddable":true,"href":"https:\/\/www.supeinnihonto.com\/de\/wp-json\/wp\/v2\/media\/14878"}],"wp:attachment":[{"href":"https:\/\/www.supeinnihonto.com\/de\/wp-json\/wp\/v2\/media?parent=14877"}],"wp:term":[{"taxonomy":"product_brand","embeddable":true,"href":"https:\/\/www.supeinnihonto.com\/de\/wp-json\/wp\/v2\/product_brand?post=14877"},{"taxonomy":"product_cat","embeddable":true,"href":"https:\/\/www.supeinnihonto.com\/de\/wp-json\/wp\/v2\/product_cat?post=14877"},{"taxonomy":"product_tag","embeddable":true,"href":"https:\/\/www.supeinnihonto.com\/de\/wp-json\/wp\/v2\/product_tag?post=14877"}],"curies":[{"name":"wp","href":"https:\/\/api.w.org\/{rel}","templated":true}]}}