{"id":14835,"date":"2024-05-08T17:14:11","date_gmt":"2024-05-08T17:14:11","guid":{"rendered":"https:\/\/www.supeinnihonto.com\/product\/kikugata-shakudo-openwork-tsuba\/"},"modified":"2026-01-02T18:43:03","modified_gmt":"2026-01-02T18:43:03","slug":"kikugata-shakudo-tsuba-mit-durchbrucharbeit","status":"publish","type":"product","link":"https:\/\/www.supeinnihonto.com\/de\/produkt\/kikugata-shakudo-tsuba-mit-durchbrucharbeit\/","title":{"rendered":"Kikugata-Shakud\u014d-Tsuba mit Durchbrucharbeit"},"content":{"rendered":"<p><span>OBJEKT:<\/span><\/p>\n<p><span>Wird mit Zertifikat von SupeinNihonto geliefert.<\/span><\/p>\n<p>Kikugata-Shakud\u014d-Tsuba mit Durchbrucharbeit. Sch\u00f6ne Tsuba aus Shakud\u014d (Kupfer-Gold-Legierung) in sehr gutem Zustand in Anbetracht ihres Alters. Hervorragende Durchbrucharbeit und sch\u00f6ne bl\u00e4uliche Patina.<\/p>\n<p>6,6 x 6,4 cm<\/p>\n<p><span>\u00dcBER UNS:<\/span><\/p>\n<p><span>Bei Supein Nihonto bem\u00fchen wir uns, Ihnen hochwertige Samurai-Schwerter und R\u00fcstungen zu Preisen anzubieten, die deutlich unter denen der Konkurrenz liegen. Wir sind wahrscheinlich der gr\u00f6\u00dfte Exporteur Europas und stolz darauf, bekannt zu geben, dass wir die Nummer eins, TOP SELLER, bei Catawiki Samurai- und japanischen Auktionen sind. Dies ist besonders wichtig, um Steuern und Wartezeiten zu sparen, die bei japanischen Verk\u00e4ufern vier Monate \u00fcberschreiten k\u00f6nnen, sowie den \u00c4rger mit langwierigen und teilweise problematischen Verfahren, die die Lieferzeiten weiter verl\u00e4ngern, bis hin zur R\u00fccksendung der Sendung an den Ursprung, und mehr als 35 % zus\u00e4tzliche Kosten auf den Endpreis durch Zoll, Abgaben und Geb\u00fchren, die den Preis erh\u00f6hen, jedoch nicht die Qualit\u00e4t oder den zuk\u00fcnftigen Wiederverkaufswert. Wir sind zudem professionelle Verk\u00e4ufer, weshalb unsere Zufriedenheitsgarantie, unser Fachwissen und unsere Standards denen privater Verk\u00e4ufer \u00fcberlegen sind und wir h\u00f6here After-Sales-Garantien bieten. Dank all dessen, unserer branchenweit niedrigsten professionellen Preise sowie unserer schnellen und effizienten Versandmethode, die in Europa selten mehr als drei Tage ben\u00f6tigt, sind wir sicher, dass Sie diese gro\u00dfartige Gelegenheit genie\u00dfen werden, ein Kunstwerk zu besitzen, das im Laufe der Jahre an Wert gewinnt und eine hervorragende Investition darstellt. Vertrauen Sie uns, um die Kunst der Samurai zu genie\u00dfen.<\/span><\/p>\n","protected":false},"excerpt":{"rendered":"<p>OBJEKT: Wird mit Zertifikat von SupeinNihonto geliefert. Kikugata-Shakud\u014d-Tsuba mit Durchbrucharbeit. Sch\u00f6ne Tsuba aus Shakud\u014d (Kupfer-Gold-Legierung) in sehr gutem Zustand in Anbetracht ihres Alters. Hervorragende Durchbrucharbeit und sch\u00f6ne bl\u00e4uliche Patina. 6,6 x 6,4 cm \u00dcBER UNS: Bei Supein Nihonto bem\u00fchen wir uns, Ihnen hochwertige Samurai-Schwerter und R\u00fcstungen zu Preisen anzubieten, die [&hellip;]<\/p>\n","protected":false},"featured_media":14837,"template":"","meta":{"jetpack_post_was_ever_published":false},"product_brand":[],"product_cat":[577,573],"product_tag":[],"class_list":{"0":"post-14835","1":"product","2":"type-product","3":"status-publish","4":"has-post-thumbnail","6":"product_cat-tosogu","7":"product_cat-tsuba","8":"product_shipping_class-light","10":"first","11":"instock","12":"featured","13":"sold-individually","14":"shipping-taxable","15":"purchasable","16":"product-type-simple"},"yoast_head":"<!-- This site is optimized with the Yoast SEO plugin v27.3 - https:\/\/yoast.com\/product\/yoast-seo-wordpress\/ -->\n<title>Kikugata-Shakud\u014d-Tsuba mit Durchbrucharbeit - Supein Nihonto<\/title>\n<meta name=\"description\" content=\"Kikugata-Shakud\u014d-Tsuba mit Durchbrucharbeit. Sch\u00f6ne Tsuba aus Shakud\u014d (Kupfer-Gold-Legierung) in sehr gutem Zustand in Anbetracht ihres Alters.\" \/>\n<meta name=\"robots\" content=\"index, follow, max-snippet:-1, max-image-preview:large, max-video-preview:-1\" \/>\n<link rel=\"canonical\" href=\"https:\/\/www.supeinnihonto.com\/de\/produkt\/kikugata-shakudo-tsuba-mit-durchbrucharbeit\/\" \/>\n<meta property=\"og:locale\" content=\"de_DE\" \/>\n<meta property=\"og:type\" content=\"article\" \/>\n<meta property=\"og:title\" content=\"Kikugata-Shakud\u014d-Tsuba mit Durchbrucharbeit - Supein Nihonto\" \/>\n<meta property=\"og:description\" content=\"Kikugata-Shakud\u014d-Tsuba mit Durchbrucharbeit. Sch\u00f6ne Tsuba aus Shakud\u014d (Kupfer-Gold-Legierung) in sehr gutem Zustand in Anbetracht ihres Alters.\" \/>\n<meta property=\"og:url\" content=\"https:\/\/www.supeinnihonto.com\/de\/produkt\/kikugata-shakudo-tsuba-mit-durchbrucharbeit\/\" \/>\n<meta property=\"og:site_name\" content=\"Supein Nihonto\" \/>\n<meta property=\"article:modified_time\" content=\"2026-01-02T18:43:03+00:00\" \/>\n<meta property=\"og:image\" content=\"https:\/\/www.supeinnihonto.com\/wp-content\/uploads\/2024\/05\/DSC_3529-scaled.jpg\" \/>\n\t<meta property=\"og:image:width\" content=\"2560\" \/>\n\t<meta property=\"og:image:height\" content=\"1707\" \/>\n\t<meta property=\"og:image:type\" content=\"image\/jpeg\" \/>\n<meta name=\"twitter:card\" content=\"summary_large_image\" \/>\n<meta name=\"twitter:label1\" content=\"Gesch\u00e4tzte Lesezeit\" \/>\n\t<meta name=\"twitter:data1\" content=\"2\u00a0Minuten\" \/>\n<script type=\"application\/ld+json\" class=\"yoast-schema-graph\">{\"@context\":\"https:\\\/\\\/schema.org\",\"@graph\":[{\"@type\":\"WebPage\",\"@id\":\"https:\\\/\\\/www.supeinnihonto.com\\\/de\\\/produkt\\\/kikugata-shakudo-tsuba-mit-durchbrucharbeit\\\/\",\"url\":\"https:\\\/\\\/www.supeinnihonto.com\\\/de\\\/produkt\\\/kikugata-shakudo-tsuba-mit-durchbrucharbeit\\\/\",\"name\":\"Kikugata-Shakud\u014d-Tsuba mit Durchbrucharbeit - Supein Nihonto\",\"isPartOf\":{\"@id\":\"https:\\\/\\\/www.supeinnihonto.com\\\/de\\\/#website\"},\"primaryImageOfPage\":{\"@id\":\"https:\\\/\\\/www.supeinnihonto.com\\\/de\\\/produkt\\\/kikugata-shakudo-tsuba-mit-durchbrucharbeit\\\/#primaryimage\"},\"image\":{\"@id\":\"https:\\\/\\\/www.supeinnihonto.com\\\/de\\\/produkt\\\/kikugata-shakudo-tsuba-mit-durchbrucharbeit\\\/#primaryimage\"},\"thumbnailUrl\":\"https:\\\/\\\/i0.wp.com\\\/www.supeinnihonto.com\\\/wp-content\\\/uploads\\\/2024\\\/05\\\/DSC_3529-scaled.jpg?fit=2560%2C1707&ssl=1\",\"datePublished\":\"2024-05-08T17:14:11+00:00\",\"dateModified\":\"2026-01-02T18:43:03+00:00\",\"description\":\"Kikugata-Shakud\u014d-Tsuba mit Durchbrucharbeit. Sch\u00f6ne Tsuba aus Shakud\u014d (Kupfer-Gold-Legierung) in sehr gutem Zustand in Anbetracht ihres Alters.\",\"breadcrumb\":{\"@id\":\"https:\\\/\\\/www.supeinnihonto.com\\\/de\\\/produkt\\\/kikugata-shakudo-tsuba-mit-durchbrucharbeit\\\/#breadcrumb\"},\"inLanguage\":\"de\",\"potentialAction\":[{\"@type\":\"ReadAction\",\"target\":[\"https:\\\/\\\/www.supeinnihonto.com\\\/de\\\/produkt\\\/kikugata-shakudo-tsuba-mit-durchbrucharbeit\\\/\"]}]},{\"@type\":\"ImageObject\",\"inLanguage\":\"de\",\"@id\":\"https:\\\/\\\/www.supeinnihonto.com\\\/de\\\/produkt\\\/kikugata-shakudo-tsuba-mit-durchbrucharbeit\\\/#primaryimage\",\"url\":\"https:\\\/\\\/i0.wp.com\\\/www.supeinnihonto.com\\\/wp-content\\\/uploads\\\/2024\\\/05\\\/DSC_3529-scaled.jpg?fit=2560%2C1707&ssl=1\",\"contentUrl\":\"https:\\\/\\\/i0.wp.com\\\/www.supeinnihonto.com\\\/wp-content\\\/uploads\\\/2024\\\/05\\\/DSC_3529-scaled.jpg?fit=2560%2C1707&ssl=1\",\"width\":2560,\"height\":1707,\"caption\":\"Kikugata shakudo openwork tsuba\"},{\"@type\":\"BreadcrumbList\",\"@id\":\"https:\\\/\\\/www.supeinnihonto.com\\\/de\\\/produkt\\\/kikugata-shakudo-tsuba-mit-durchbrucharbeit\\\/#breadcrumb\",\"itemListElement\":[{\"@type\":\"ListItem\",\"position\":1,\"name\":\"Portada\",\"item\":\"https:\\\/\\\/www.supeinnihonto.com\\\/de\\\/\"},{\"@type\":\"ListItem\",\"position\":2,\"name\":\"Shop\",\"item\":\"https:\\\/\\\/www.supeinnihonto.com\\\/de\\\/shop\\\/\"},{\"@type\":\"ListItem\",\"position\":3,\"name\":\"Kikugata-Shakud\u014d-Tsuba mit Durchbrucharbeit\"}]},{\"@type\":\"WebSite\",\"@id\":\"https:\\\/\\\/www.supeinnihonto.com\\\/de\\\/#website\",\"url\":\"https:\\\/\\\/www.supeinnihonto.com\\\/de\\\/\",\"name\":\"Supein Nihonto\",\"description\":\"Authentic japanese Nihonto katana \",\"publisher\":{\"@id\":\"https:\\\/\\\/www.supeinnihonto.com\\\/de\\\/#organization\"},\"potentialAction\":[{\"@type\":\"SearchAction\",\"target\":{\"@type\":\"EntryPoint\",\"urlTemplate\":\"https:\\\/\\\/www.supeinnihonto.com\\\/de\\\/?s={search_term_string}\"},\"query-input\":{\"@type\":\"PropertyValueSpecification\",\"valueRequired\":true,\"valueName\":\"search_term_string\"}}],\"inLanguage\":\"de\"},{\"@type\":\"Organization\",\"@id\":\"https:\\\/\\\/www.supeinnihonto.com\\\/de\\\/#organization\",\"name\":\"SupeinNihonto\",\"url\":\"https:\\\/\\\/www.supeinnihonto.com\\\/de\\\/\",\"logo\":{\"@type\":\"ImageObject\",\"inLanguage\":\"de\",\"@id\":\"https:\\\/\\\/www.supeinnihonto.com\\\/de\\\/#\\\/schema\\\/logo\\\/image\\\/\",\"url\":\"https:\\\/\\\/www.supeinnihonto.com\\\/wp-content\\\/uploads\\\/2021\\\/11\\\/animation_Default_3szk0jcenoloop.gif\",\"contentUrl\":\"https:\\\/\\\/www.supeinnihonto.com\\\/wp-content\\\/uploads\\\/2021\\\/11\\\/animation_Default_3szk0jcenoloop.gif\",\"width\":750,\"height\":641,\"caption\":\"SupeinNihonto\"},\"image\":{\"@id\":\"https:\\\/\\\/www.supeinnihonto.com\\\/de\\\/#\\\/schema\\\/logo\\\/image\\\/\"}}]}<\/script>\n<!-- \/ Yoast SEO plugin. -->","yoast_head_json":{"title":"Kikugata-Shakud\u014d-Tsuba mit Durchbrucharbeit - Supein Nihonto","description":"Kikugata-Shakud\u014d-Tsuba mit Durchbrucharbeit. Sch\u00f6ne Tsuba aus Shakud\u014d (Kupfer-Gold-Legierung) in sehr gutem Zustand in Anbetracht ihres Alters.","robots":{"index":"index","follow":"follow","max-snippet":"max-snippet:-1","max-image-preview":"max-image-preview:large","max-video-preview":"max-video-preview:-1"},"canonical":"https:\/\/www.supeinnihonto.com\/de\/produkt\/kikugata-shakudo-tsuba-mit-durchbrucharbeit\/","og_locale":"de_DE","og_type":"article","og_title":"Kikugata-Shakud\u014d-Tsuba mit Durchbrucharbeit - Supein Nihonto","og_description":"Kikugata-Shakud\u014d-Tsuba mit Durchbrucharbeit. Sch\u00f6ne Tsuba aus Shakud\u014d (Kupfer-Gold-Legierung) in sehr gutem Zustand in Anbetracht ihres Alters.","og_url":"https:\/\/www.supeinnihonto.com\/de\/produkt\/kikugata-shakudo-tsuba-mit-durchbrucharbeit\/","og_site_name":"Supein Nihonto","article_modified_time":"2026-01-02T18:43:03+00:00","og_image":[{"width":2560,"height":1707,"url":"https:\/\/www.supeinnihonto.com\/wp-content\/uploads\/2024\/05\/DSC_3529-scaled.jpg","type":"image\/jpeg"}],"twitter_card":"summary_large_image","twitter_misc":{"Gesch\u00e4tzte Lesezeit":"2\u00a0Minuten"},"schema":{"@context":"https:\/\/schema.org","@graph":[{"@type":"WebPage","@id":"https:\/\/www.supeinnihonto.com\/de\/produkt\/kikugata-shakudo-tsuba-mit-durchbrucharbeit\/","url":"https:\/\/www.supeinnihonto.com\/de\/produkt\/kikugata-shakudo-tsuba-mit-durchbrucharbeit\/","name":"Kikugata-Shakud\u014d-Tsuba mit Durchbrucharbeit - Supein Nihonto","isPartOf":{"@id":"https:\/\/www.supeinnihonto.com\/de\/#website"},"primaryImageOfPage":{"@id":"https:\/\/www.supeinnihonto.com\/de\/produkt\/kikugata-shakudo-tsuba-mit-durchbrucharbeit\/#primaryimage"},"image":{"@id":"https:\/\/www.supeinnihonto.com\/de\/produkt\/kikugata-shakudo-tsuba-mit-durchbrucharbeit\/#primaryimage"},"thumbnailUrl":"https:\/\/i0.wp.com\/www.supeinnihonto.com\/wp-content\/uploads\/2024\/05\/DSC_3529-scaled.jpg?fit=2560%2C1707&ssl=1","datePublished":"2024-05-08T17:14:11+00:00","dateModified":"2026-01-02T18:43:03+00:00","description":"Kikugata-Shakud\u014d-Tsuba mit Durchbrucharbeit. Sch\u00f6ne Tsuba aus Shakud\u014d (Kupfer-Gold-Legierung) in sehr gutem Zustand in Anbetracht ihres Alters.","breadcrumb":{"@id":"https:\/\/www.supeinnihonto.com\/de\/produkt\/kikugata-shakudo-tsuba-mit-durchbrucharbeit\/#breadcrumb"},"inLanguage":"de","potentialAction":[{"@type":"ReadAction","target":["https:\/\/www.supeinnihonto.com\/de\/produkt\/kikugata-shakudo-tsuba-mit-durchbrucharbeit\/"]}]},{"@type":"ImageObject","inLanguage":"de","@id":"https:\/\/www.supeinnihonto.com\/de\/produkt\/kikugata-shakudo-tsuba-mit-durchbrucharbeit\/#primaryimage","url":"https:\/\/i0.wp.com\/www.supeinnihonto.com\/wp-content\/uploads\/2024\/05\/DSC_3529-scaled.jpg?fit=2560%2C1707&ssl=1","contentUrl":"https:\/\/i0.wp.com\/www.supeinnihonto.com\/wp-content\/uploads\/2024\/05\/DSC_3529-scaled.jpg?fit=2560%2C1707&ssl=1","width":2560,"height":1707,"caption":"Kikugata shakudo openwork tsuba"},{"@type":"BreadcrumbList","@id":"https:\/\/www.supeinnihonto.com\/de\/produkt\/kikugata-shakudo-tsuba-mit-durchbrucharbeit\/#breadcrumb","itemListElement":[{"@type":"ListItem","position":1,"name":"Portada","item":"https:\/\/www.supeinnihonto.com\/de\/"},{"@type":"ListItem","position":2,"name":"Shop","item":"https:\/\/www.supeinnihonto.com\/de\/shop\/"},{"@type":"ListItem","position":3,"name":"Kikugata-Shakud\u014d-Tsuba mit Durchbrucharbeit"}]},{"@type":"WebSite","@id":"https:\/\/www.supeinnihonto.com\/de\/#website","url":"https:\/\/www.supeinnihonto.com\/de\/","name":"Supein Nihonto","description":"Authentic japanese Nihonto katana ","publisher":{"@id":"https:\/\/www.supeinnihonto.com\/de\/#organization"},"potentialAction":[{"@type":"SearchAction","target":{"@type":"EntryPoint","urlTemplate":"https:\/\/www.supeinnihonto.com\/de\/?s={search_term_string}"},"query-input":{"@type":"PropertyValueSpecification","valueRequired":true,"valueName":"search_term_string"}}],"inLanguage":"de"},{"@type":"Organization","@id":"https:\/\/www.supeinnihonto.com\/de\/#organization","name":"SupeinNihonto","url":"https:\/\/www.supeinnihonto.com\/de\/","logo":{"@type":"ImageObject","inLanguage":"de","@id":"https:\/\/www.supeinnihonto.com\/de\/#\/schema\/logo\/image\/","url":"https:\/\/www.supeinnihonto.com\/wp-content\/uploads\/2021\/11\/animation_Default_3szk0jcenoloop.gif","contentUrl":"https:\/\/www.supeinnihonto.com\/wp-content\/uploads\/2021\/11\/animation_Default_3szk0jcenoloop.gif","width":750,"height":641,"caption":"SupeinNihonto"},"image":{"@id":"https:\/\/www.supeinnihonto.com\/de\/#\/schema\/logo\/image\/"}}]}},"jetpack-related-posts":[{"id":14757,"url":"https:\/\/www.supeinnihonto.com\/de\/produkt\/aorigata-shakudo-tsuba-mit-tiger\/","url_meta":{"origin":14835,"position":0},"title":"Aorigata-Shakud\u014d-Tsuba mit Tiger","author":"Supein Nihonto","date":"8 de Mai de 2024","format":false,"excerpt":"OBJEKT: Wird mit Zertifikat von SupeinNihonto geliefert. Aorigata-Shakud\u014d-Tsuba mit Tiger. Ungew\u00f6hnliche Tsuba von hoher Qualit\u00e4t, museumsw\u00fcrdig, gefertigt aus Shakud\u014d (Gold-Kupfer-Legierung) mit einem sehr fein geschnitzten Tiger, der in die Tsuba eingelegt ist und aus Shibuichi (Silber-Kupfer-Legierung) oder Silber besteht. Die meisterhafte Ausf\u00fchrung ist in diesem au\u00dfergew\u00f6hnlichen St\u00fcck deutlich erkennbar. Da\u2026","rel":"","context":"\u00c4hnlicher Beitrag","block_context":{"text":"\u00c4hnlicher Beitrag","link":""},"img":{"alt_text":"Aorigata shakudo tiger tsuba","src":"https:\/\/i0.wp.com\/www.supeinnihonto.com\/wp-content\/uploads\/2024\/05\/DSC_3519-scaled.jpg?fit=1200%2C800&ssl=1&resize=350%2C200","width":350,"height":200,"srcset":"https:\/\/i0.wp.com\/www.supeinnihonto.com\/wp-content\/uploads\/2024\/05\/DSC_3519-scaled.jpg?fit=1200%2C800&ssl=1&resize=350%2C200 1x, https:\/\/i0.wp.com\/www.supeinnihonto.com\/wp-content\/uploads\/2024\/05\/DSC_3519-scaled.jpg?fit=1200%2C800&ssl=1&resize=525%2C300 1.5x, https:\/\/i0.wp.com\/www.supeinnihonto.com\/wp-content\/uploads\/2024\/05\/DSC_3519-scaled.jpg?fit=1200%2C800&ssl=1&resize=700%2C400 2x, https:\/\/i0.wp.com\/www.supeinnihonto.com\/wp-content\/uploads\/2024\/05\/DSC_3519-scaled.jpg?fit=1200%2C800&ssl=1&resize=1050%2C600 3x"},"classes":[]},{"id":12424,"url":"https:\/\/www.supeinnihonto.com\/de\/produkt\/marugata-tsuba-aus-shakudo-mit-folklorischem-motiv\/","url_meta":{"origin":14835,"position":1},"title":"Marugata-Tsuba aus Shakud\u014d mit folklorischem Motiv","author":"Eric Majo","date":"11 de November de 2024","format":false,"excerpt":"ARTIKEL: Wird mit Zertifikat von Supein Nihonto geliefert. Pr\u00e4chtiger Marugata-Tsuba aus Shakud\u014d aus dem 18.\u201319. Jahrhundert mit hervorragender Gravur eines japanischen Folkloremotivs sowie Einlagen aus Gold, Kupfer und Silber. Ein wundersch\u00f6nes St\u00fcck. 8,2 \u00d7 7,8 cm \u00dcBER UNS: Bei Supein Nihonto bem\u00fchen wir uns, Ihnen hochwertige Samurai-Schwerter und R\u00fcstungen zu\u2026","rel":"","context":"\u00c4hnlicher Beitrag","block_context":{"text":"\u00c4hnlicher Beitrag","link":""},"img":{"alt_text":"Marugata shakudo folklore tsuba","src":"https:\/\/i0.wp.com\/www.supeinnihonto.com\/wp-content\/uploads\/2024\/11\/DSC1790-scaled.jpg?fit=1200%2C800&ssl=1&resize=350%2C200","width":350,"height":200,"srcset":"https:\/\/i0.wp.com\/www.supeinnihonto.com\/wp-content\/uploads\/2024\/11\/DSC1790-scaled.jpg?fit=1200%2C800&ssl=1&resize=350%2C200 1x, https:\/\/i0.wp.com\/www.supeinnihonto.com\/wp-content\/uploads\/2024\/11\/DSC1790-scaled.jpg?fit=1200%2C800&ssl=1&resize=525%2C300 1.5x, https:\/\/i0.wp.com\/www.supeinnihonto.com\/wp-content\/uploads\/2024\/11\/DSC1790-scaled.jpg?fit=1200%2C800&ssl=1&resize=700%2C400 2x, https:\/\/i0.wp.com\/www.supeinnihonto.com\/wp-content\/uploads\/2024\/11\/DSC1790-scaled.jpg?fit=1200%2C800&ssl=1&resize=1050%2C600 3x"},"classes":[]},{"id":14725,"url":"https:\/\/www.supeinnihonto.com\/de\/produkt\/marugata-tsuba-aus-eisen-mit-tiger\/","url_meta":{"origin":14835,"position":2},"title":"Marugata-Tsuba aus Eisen mit Tiger","author":"Supein Nihonto","date":"8 de Mai de 2024","format":false,"excerpt":"OBJEKT: Wird mit Zertifikat von SupeinNihonto geliefert. Marugata-Tsuba aus Eisen mit Tiger. Sch\u00f6nes St\u00fcck mit eingelegtem Tiger, Sennins und Bambus. Verschiedene Einlagen aus Gold und Kupfer. Sch\u00f6ne antike Patina. Fr\u00fche \u2013 mittlere Edo-Zeit. 7,3 x 6,6 cm \u00dcBER UNS: Bei Supein Nihonto bem\u00fchen wir uns, Ihnen hochwertige Samurai-Schwerter und R\u00fcstungen\u2026","rel":"","context":"\u00c4hnlicher Beitrag","block_context":{"text":"\u00c4hnlicher Beitrag","link":""},"img":{"alt_text":"Marugata iron tiger tsuba","src":"https:\/\/i0.wp.com\/www.supeinnihonto.com\/wp-content\/uploads\/2024\/05\/DSC_3499-scaled.jpg?fit=1200%2C800&ssl=1&resize=350%2C200","width":350,"height":200,"srcset":"https:\/\/i0.wp.com\/www.supeinnihonto.com\/wp-content\/uploads\/2024\/05\/DSC_3499-scaled.jpg?fit=1200%2C800&ssl=1&resize=350%2C200 1x, https:\/\/i0.wp.com\/www.supeinnihonto.com\/wp-content\/uploads\/2024\/05\/DSC_3499-scaled.jpg?fit=1200%2C800&ssl=1&resize=525%2C300 1.5x, https:\/\/i0.wp.com\/www.supeinnihonto.com\/wp-content\/uploads\/2024\/05\/DSC_3499-scaled.jpg?fit=1200%2C800&ssl=1&resize=700%2C400 2x, https:\/\/i0.wp.com\/www.supeinnihonto.com\/wp-content\/uploads\/2024\/05\/DSC_3499-scaled.jpg?fit=1200%2C800&ssl=1&resize=1050%2C600 3x"},"classes":[]},{"id":14749,"url":"https:\/\/www.supeinnihonto.com\/de\/produkt\/sechseckige-kupfer-tsuba-mit-chrysanthemenmotiv\/","url_meta":{"origin":14835,"position":3},"title":"Sechseckige Kupfer-Tsuba mit Chrysanthemenmotiv","author":"Supein Nihonto","date":"8 de Mai de 2024","format":false,"excerpt":"OBJEKT: Wird mit Zertifikat von SupeinNihonto geliefert. Seltenes Beispiel einer sechseckigen Tsuba aus zwei Materialien, au\u00dfen aus Kupfer und innen mit einer Chrysantheme aus Shakud\u014d. Sehr seltene und sammelw\u00fcrdige Tsuba. 6,7 x 6,2 cm \u00dcBER UNS: Bei Supein Nihonto bem\u00fchen wir uns, Ihnen hochwertige Samurai-Schwerter und R\u00fcstungen zu Preisen anzubieten,\u2026","rel":"","context":"\u00c4hnlicher Beitrag","block_context":{"text":"\u00c4hnlicher Beitrag","link":""},"img":{"alt_text":"Exagonal copper Chrisantemum tsuba","src":"https:\/\/i0.wp.com\/www.supeinnihonto.com\/wp-content\/uploads\/2024\/05\/Exagonal-copper-Chrisantemum.webp?fit=600%2C400&ssl=1&resize=350%2C200","width":350,"height":200,"srcset":"https:\/\/i0.wp.com\/www.supeinnihonto.com\/wp-content\/uploads\/2024\/05\/Exagonal-copper-Chrisantemum.webp?fit=600%2C400&ssl=1&resize=350%2C200 1x, https:\/\/i0.wp.com\/www.supeinnihonto.com\/wp-content\/uploads\/2024\/05\/Exagonal-copper-Chrisantemum.webp?fit=600%2C400&ssl=1&resize=525%2C300 1.5x"},"classes":[]},{"id":12344,"url":"https:\/\/www.supeinnihonto.com\/de\/produkt\/marugata-shakudo-samurai\/","url_meta":{"origin":14835,"position":4},"title":"Marugata shakudo tsuba samurai","author":"Eric Majo","date":"12 de November de 2024","format":false,"excerpt":"ARTIKEL: Wird mit Zertifikat von Supein Nihonto geliefert. Inklusive Holzbox. Signiert \u201eNara Naoyoshi\u201c, marugata-Tsuba aus K\u0101\u014d-Shakud\u014d (Gold-Kupfer-Legierung). Ein St\u00fcck von unvergleichlicher Qualit\u00e4t, w\u00fcrdig der besten Museen der Welt. Die au\u00dfergew\u00f6hnliche Detailgenauigkeit und Schnitzkunst dieser wunderbaren Arbeit, die eine Kriegsszene von Dan no Ura darstellt, ist deutlich erkennbar. Eingelegt mit Kupfer,\u2026","rel":"","context":"\u00c4hnlicher Beitrag","block_context":{"text":"\u00c4hnlicher Beitrag","link":""},"img":{"alt_text":"Marugata shakudo tsuba samurai","src":"https:\/\/i0.wp.com\/www.supeinnihonto.com\/wp-content\/uploads\/2024\/11\/DSC1956-scaled.jpg?fit=1200%2C800&ssl=1&resize=350%2C200","width":350,"height":200,"srcset":"https:\/\/i0.wp.com\/www.supeinnihonto.com\/wp-content\/uploads\/2024\/11\/DSC1956-scaled.jpg?fit=1200%2C800&ssl=1&resize=350%2C200 1x, https:\/\/i0.wp.com\/www.supeinnihonto.com\/wp-content\/uploads\/2024\/11\/DSC1956-scaled.jpg?fit=1200%2C800&ssl=1&resize=525%2C300 1.5x, https:\/\/i0.wp.com\/www.supeinnihonto.com\/wp-content\/uploads\/2024\/11\/DSC1956-scaled.jpg?fit=1200%2C800&ssl=1&resize=700%2C400 2x, https:\/\/i0.wp.com\/www.supeinnihonto.com\/wp-content\/uploads\/2024\/11\/DSC1956-scaled.jpg?fit=1200%2C800&ssl=1&resize=1050%2C600 3x"},"classes":[]},{"id":12408,"url":"https:\/\/www.supeinnihonto.com\/de\/produkt\/marugata-tsuba-aus-kupfer-mit-koi-motiv-nbthk-hozon-zertifiziert\/","url_meta":{"origin":14835,"position":5},"title":"Marugata-Tsuba aus Kupfer mit Koi-Motiv, NBTHK-Hozon-zertifiziert.","author":"Eric Majo","date":"11 de November de 2024","format":false,"excerpt":"ARTIKEL: Wird mit Zertifikat von Supein Nihonto geliefert. Inklusive NBTHK-Hozon-Zertifikat. Inklusive Holzbox. Wundersch\u00f6ner Kupfer-Tsuba aus dem 19. Jahrhundert, signiert, mit Rand und Reliefs aus Shakud\u014d (Gold-Kupfer-Legierung), der einen Karpfen mit goldgefassten Augen darstellt. Ein einzigartiges Kunstwerk.Der Koi-Karpfen ist in der japanischen Kultur hoch gesch\u00e4tzt und eines der beliebtesten Motive in\u2026","rel":"","context":"\u00c4hnlicher Beitrag","block_context":{"text":"\u00c4hnlicher Beitrag","link":""},"img":{"alt_text":"Marugata copper koi tsuba NBTHK hozon","src":"https:\/\/i0.wp.com\/www.supeinnihonto.com\/wp-content\/uploads\/2024\/11\/DSC1819-scaled.jpg?fit=1200%2C800&ssl=1&resize=350%2C200","width":350,"height":200,"srcset":"https:\/\/i0.wp.com\/www.supeinnihonto.com\/wp-content\/uploads\/2024\/11\/DSC1819-scaled.jpg?fit=1200%2C800&ssl=1&resize=350%2C200 1x, https:\/\/i0.wp.com\/www.supeinnihonto.com\/wp-content\/uploads\/2024\/11\/DSC1819-scaled.jpg?fit=1200%2C800&ssl=1&resize=525%2C300 1.5x, https:\/\/i0.wp.com\/www.supeinnihonto.com\/wp-content\/uploads\/2024\/11\/DSC1819-scaled.jpg?fit=1200%2C800&ssl=1&resize=700%2C400 2x, https:\/\/i0.wp.com\/www.supeinnihonto.com\/wp-content\/uploads\/2024\/11\/DSC1819-scaled.jpg?fit=1200%2C800&ssl=1&resize=1050%2C600 3x"},"classes":[]}],"jetpack_sharing_enabled":true,"_links":{"self":[{"href":"https:\/\/www.supeinnihonto.com\/de\/wp-json\/wp\/v2\/product\/14835","targetHints":{"allow":["GET"]}}],"collection":[{"href":"https:\/\/www.supeinnihonto.com\/de\/wp-json\/wp\/v2\/product"}],"about":[{"href":"https:\/\/www.supeinnihonto.com\/de\/wp-json\/wp\/v2\/types\/product"}],"wp:featuredmedia":[{"embeddable":true,"href":"https:\/\/www.supeinnihonto.com\/de\/wp-json\/wp\/v2\/media\/14837"}],"wp:attachment":[{"href":"https:\/\/www.supeinnihonto.com\/de\/wp-json\/wp\/v2\/media?parent=14835"}],"wp:term":[{"taxonomy":"product_brand","embeddable":true,"href":"https:\/\/www.supeinnihonto.com\/de\/wp-json\/wp\/v2\/product_brand?post=14835"},{"taxonomy":"product_cat","embeddable":true,"href":"https:\/\/www.supeinnihonto.com\/de\/wp-json\/wp\/v2\/product_cat?post=14835"},{"taxonomy":"product_tag","embeddable":true,"href":"https:\/\/www.supeinnihonto.com\/de\/wp-json\/wp\/v2\/product_tag?post=14835"}],"curies":[{"name":"wp","href":"https:\/\/api.w.org\/{rel}","templated":true}]}}