{"id":14765,"date":"2024-05-08T16:48:02","date_gmt":"2024-05-08T16:48:02","guid":{"rendered":"https:\/\/www.supeinnihonto.com\/product\/marugata-iron-ryu-tsuba\/"},"modified":"2026-01-02T18:52:55","modified_gmt":"2026-01-02T18:52:55","slug":"marugata-tsuba-aus-eisen-mit-ryu-motiv","status":"publish","type":"product","link":"https:\/\/www.supeinnihonto.com\/de\/produkt\/marugata-tsuba-aus-eisen-mit-ryu-motiv\/","title":{"rendered":"Marugata-Tsuba aus Eisen mit Ryu-Motiv"},"content":{"rendered":"<p><span>ARTIKEL:<\/span><\/p>\n<p><span>Es wird mit einem Zertifikat von SupeinNihonto geliefert.<\/span><\/p>\n<p>Marugata Iron ryu Tsuba.<span> Dieses Tsuba zeigt die Figur eines Drachens, der aus den rauen Wellen auftaucht und gen Himmel fliegt. Das Erscheinungsbild des Drachens, der hoch am Himmel aufsteigt und die Wolken greift, wirkt kraftvoll. Auf diesen Drachen und die Wassertropfen wurde goldene Farbe aufgetragen. Diese F\u00e4rbung erzeugt einen Farbkontrast zwischen Gold und der schwarzen Farbe des Materials.<br \/>\n<\/span><\/p>\n<p><span>Urspr\u00fcnglich ist der Drache ein imagin\u00e4res Wesen, das in alten fremden Traditionen oder Mythen vorkommt. Dar\u00fcber hinaus gilt er als symbolisches Tier f\u00fcr gl\u00fcckverhei\u00dfende Zeichen. Sein K\u00f6rper wird mit neun Tieren verglichen: Geweihe sind von einem Hirsch, der Kopf ist ein Kamel, die Augen sind D\u00e4monen, der Hals ist eine Schlange, der Bauch ist der Mizuchi (\u86df, ein mythisches Tier in Japan, das wie eine Schlange aussieht und ein Horn sowie vier Beine hat), die Schuppen sind Fische, die Krallen sind Falken, die Handfl\u00e4chen sind Tiger und die Ohren sind K\u00fche. Man glaubte, dass der Drache aufgrund seines ungew\u00f6hnlichen Aussehens \u00fcber allen Tieren herrschen w\u00fcrde.<\/span><\/p>\n<p>&nbsp;<\/p>\n<p>7,0 x 6,5 cm<\/p>\n<p><span>\u00dcBER UNS:<\/span><\/p>\n<p><span>Bei Supein Nihonto bem\u00fchen wir uns, Ihnen hochwertige Samurai-Schwerter und R\u00fcstungen zu Preisen anzubieten, die weit unter denen der Konkurrenz liegen. Wir sind wahrscheinlich der gr\u00f6\u00dfte Exporteur in Europa und sind stolz darauf, bekannt zu geben, dass wir der Nummer eins TOP VERK\u00c4UFER bei Catawiki Samurai- und japanischen Auktionen sind. Dies ist besonders wichtig, um Steuern und Wartezeiten zu sparen, die bei japanischen Verk\u00e4ufern oft vier Monate oder l\u00e4nger betragen k\u00f6nnen, sowie Kopfschmerzen durch m\u00fchsame und manchmal problematische Prozesse, die die Lieferzeiten weiter verl\u00e4ngern, einschlie\u00dflich der R\u00fccksendung des Pakets an den Ursprung und mehr als 35 % Aufschlag auf den Endpreis aufgrund von Zollgeb\u00fchren, Tarifen und Abgaben, die das Produkt verteuern, aber nicht die Qualit\u00e4t und den zuk\u00fcnftigen Wiederverkaufswert erh\u00f6hen. Wir sind au\u00dferdem professionelle Verk\u00e4ufer und bieten daher eine Zufriedenheitsgarantie, Fachwissen und Standards, die privaten Verk\u00e4ufern \u00fcberlegen sind, sowie h\u00f6here After-Sales-Garantien. Dank dessen und der niedrigsten professionellen Preise in der Branche sowie unserer schnellen und effizienten Versandmethode, die in Europa selten mehr als drei Tage Lieferzeit ben\u00f6tigt, sind wir sicher, dass Sie diese gro\u00dfartige Gelegenheit genie\u00dfen werden, ein Kunstwerk zu besitzen, das im Wert \u00fcber Jahre hinweg steigen wird, und eine hervorragende Investition. Vertrauen Sie uns, um die Samurai-Kunst zu genie\u00dfen.<\/span><\/p>\n","protected":false},"excerpt":{"rendered":"<p>ARTIKEL: Es wird mit einem Zertifikat von SupeinNihonto geliefert. Marugata Iron ryu Tsuba. Dieses Tsuba zeigt die Figur eines Drachens, der aus den rauen Wellen auftaucht und gen Himmel fliegt. Das Erscheinungsbild des Drachens, der hoch am Himmel aufsteigt und die Wolken greift, wirkt kraftvoll. Auf diesen Drachen und die [&hellip;]<\/p>\n","protected":false},"featured_media":14766,"template":"","meta":{"jetpack_post_was_ever_published":false},"product_brand":[],"product_cat":[577,573],"product_tag":[],"class_list":{"0":"post-14765","1":"product","2":"type-product","3":"status-publish","4":"has-post-thumbnail","6":"product_cat-tosogu","7":"product_cat-tsuba","8":"product_shipping_class-light","10":"first","11":"instock","12":"featured","13":"sold-individually","14":"shipping-taxable","15":"purchasable","16":"product-type-simple"},"yoast_head":"<!-- This site is optimized with the Yoast SEO plugin v27.3 - https:\/\/yoast.com\/product\/yoast-seo-wordpress\/ -->\n<title>Marugata-Tsuba aus Eisen mit Ryu-Motiv - Supein Nihonto<\/title>\n<meta name=\"description\" content=\"Marugata-Tsuba aus Eisen mit Ryu-Motiv, die einen Drachen darstellt, der aus aufgew\u00fchlten Wellen emporsteigt und in den Himmel aufsteigt. Das Erscheinungsbild des Drachen ist \u00e4u\u00dferst detailliert ausgearbeitet und f\u00e4ngt seinen majest\u00e4tischen Flug ein.\" \/>\n<meta name=\"robots\" content=\"index, follow, max-snippet:-1, max-image-preview:large, max-video-preview:-1\" \/>\n<link rel=\"canonical\" href=\"https:\/\/www.supeinnihonto.com\/de\/produkt\/marugata-tsuba-aus-eisen-mit-ryu-motiv\/\" \/>\n<meta property=\"og:locale\" content=\"de_DE\" \/>\n<meta property=\"og:type\" content=\"article\" \/>\n<meta property=\"og:title\" content=\"Marugata-Tsuba aus Eisen mit Ryu-Motiv - Supein Nihonto\" \/>\n<meta property=\"og:description\" content=\"Marugata-Tsuba aus Eisen mit Ryu-Motiv, die einen Drachen darstellt, der aus aufgew\u00fchlten Wellen emporsteigt und in den Himmel aufsteigt. Das Erscheinungsbild des Drachen ist \u00e4u\u00dferst detailliert ausgearbeitet und f\u00e4ngt seinen majest\u00e4tischen Flug ein.\" \/>\n<meta property=\"og:url\" content=\"https:\/\/www.supeinnihonto.com\/de\/produkt\/marugata-tsuba-aus-eisen-mit-ryu-motiv\/\" \/>\n<meta property=\"og:site_name\" content=\"Supein Nihonto\" \/>\n<meta property=\"article:modified_time\" content=\"2026-01-02T18:52:55+00:00\" \/>\n<meta property=\"og:image\" content=\"https:\/\/www.supeinnihonto.com\/wp-content\/uploads\/2024\/05\/DSC_3523-scaled.jpg\" \/>\n\t<meta property=\"og:image:width\" content=\"2560\" \/>\n\t<meta property=\"og:image:height\" content=\"1707\" \/>\n\t<meta property=\"og:image:type\" content=\"image\/jpeg\" \/>\n<meta name=\"twitter:card\" content=\"summary_large_image\" \/>\n<meta name=\"twitter:label1\" content=\"Gesch\u00e4tzte Lesezeit\" \/>\n\t<meta name=\"twitter:data1\" content=\"2\u00a0Minuten\" \/>\n<script type=\"application\/ld+json\" class=\"yoast-schema-graph\">{\"@context\":\"https:\\\/\\\/schema.org\",\"@graph\":[{\"@type\":\"WebPage\",\"@id\":\"https:\\\/\\\/www.supeinnihonto.com\\\/de\\\/produkt\\\/marugata-tsuba-aus-eisen-mit-ryu-motiv\\\/\",\"url\":\"https:\\\/\\\/www.supeinnihonto.com\\\/de\\\/produkt\\\/marugata-tsuba-aus-eisen-mit-ryu-motiv\\\/\",\"name\":\"Marugata-Tsuba aus Eisen mit Ryu-Motiv - Supein Nihonto\",\"isPartOf\":{\"@id\":\"https:\\\/\\\/www.supeinnihonto.com\\\/de\\\/#website\"},\"primaryImageOfPage\":{\"@id\":\"https:\\\/\\\/www.supeinnihonto.com\\\/de\\\/produkt\\\/marugata-tsuba-aus-eisen-mit-ryu-motiv\\\/#primaryimage\"},\"image\":{\"@id\":\"https:\\\/\\\/www.supeinnihonto.com\\\/de\\\/produkt\\\/marugata-tsuba-aus-eisen-mit-ryu-motiv\\\/#primaryimage\"},\"thumbnailUrl\":\"https:\\\/\\\/i0.wp.com\\\/www.supeinnihonto.com\\\/wp-content\\\/uploads\\\/2024\\\/05\\\/DSC_3523-scaled.jpg?fit=2560%2C1707&ssl=1\",\"datePublished\":\"2024-05-08T16:48:02+00:00\",\"dateModified\":\"2026-01-02T18:52:55+00:00\",\"description\":\"Marugata-Tsuba aus Eisen mit Ryu-Motiv, die einen Drachen darstellt, der aus aufgew\u00fchlten Wellen emporsteigt und in den Himmel aufsteigt. Das Erscheinungsbild des Drachen ist \u00e4u\u00dferst detailliert ausgearbeitet und f\u00e4ngt seinen majest\u00e4tischen Flug ein.\",\"breadcrumb\":{\"@id\":\"https:\\\/\\\/www.supeinnihonto.com\\\/de\\\/produkt\\\/marugata-tsuba-aus-eisen-mit-ryu-motiv\\\/#breadcrumb\"},\"inLanguage\":\"de\",\"potentialAction\":[{\"@type\":\"ReadAction\",\"target\":[\"https:\\\/\\\/www.supeinnihonto.com\\\/de\\\/produkt\\\/marugata-tsuba-aus-eisen-mit-ryu-motiv\\\/\"]}]},{\"@type\":\"ImageObject\",\"inLanguage\":\"de\",\"@id\":\"https:\\\/\\\/www.supeinnihonto.com\\\/de\\\/produkt\\\/marugata-tsuba-aus-eisen-mit-ryu-motiv\\\/#primaryimage\",\"url\":\"https:\\\/\\\/i0.wp.com\\\/www.supeinnihonto.com\\\/wp-content\\\/uploads\\\/2024\\\/05\\\/DSC_3523-scaled.jpg?fit=2560%2C1707&ssl=1\",\"contentUrl\":\"https:\\\/\\\/i0.wp.com\\\/www.supeinnihonto.com\\\/wp-content\\\/uploads\\\/2024\\\/05\\\/DSC_3523-scaled.jpg?fit=2560%2C1707&ssl=1\",\"width\":2560,\"height\":1707,\"caption\":\"Marugata Iron ryu tsuba\"},{\"@type\":\"BreadcrumbList\",\"@id\":\"https:\\\/\\\/www.supeinnihonto.com\\\/de\\\/produkt\\\/marugata-tsuba-aus-eisen-mit-ryu-motiv\\\/#breadcrumb\",\"itemListElement\":[{\"@type\":\"ListItem\",\"position\":1,\"name\":\"Portada\",\"item\":\"https:\\\/\\\/www.supeinnihonto.com\\\/de\\\/\"},{\"@type\":\"ListItem\",\"position\":2,\"name\":\"Shop\",\"item\":\"https:\\\/\\\/www.supeinnihonto.com\\\/de\\\/shop\\\/\"},{\"@type\":\"ListItem\",\"position\":3,\"name\":\"Marugata-Tsuba aus Eisen mit Ryu-Motiv\"}]},{\"@type\":\"WebSite\",\"@id\":\"https:\\\/\\\/www.supeinnihonto.com\\\/de\\\/#website\",\"url\":\"https:\\\/\\\/www.supeinnihonto.com\\\/de\\\/\",\"name\":\"Supein Nihonto\",\"description\":\"Authentic japanese Nihonto katana \",\"publisher\":{\"@id\":\"https:\\\/\\\/www.supeinnihonto.com\\\/de\\\/#organization\"},\"potentialAction\":[{\"@type\":\"SearchAction\",\"target\":{\"@type\":\"EntryPoint\",\"urlTemplate\":\"https:\\\/\\\/www.supeinnihonto.com\\\/de\\\/?s={search_term_string}\"},\"query-input\":{\"@type\":\"PropertyValueSpecification\",\"valueRequired\":true,\"valueName\":\"search_term_string\"}}],\"inLanguage\":\"de\"},{\"@type\":\"Organization\",\"@id\":\"https:\\\/\\\/www.supeinnihonto.com\\\/de\\\/#organization\",\"name\":\"SupeinNihonto\",\"url\":\"https:\\\/\\\/www.supeinnihonto.com\\\/de\\\/\",\"logo\":{\"@type\":\"ImageObject\",\"inLanguage\":\"de\",\"@id\":\"https:\\\/\\\/www.supeinnihonto.com\\\/de\\\/#\\\/schema\\\/logo\\\/image\\\/\",\"url\":\"https:\\\/\\\/www.supeinnihonto.com\\\/wp-content\\\/uploads\\\/2021\\\/11\\\/animation_Default_3szk0jcenoloop.gif\",\"contentUrl\":\"https:\\\/\\\/www.supeinnihonto.com\\\/wp-content\\\/uploads\\\/2021\\\/11\\\/animation_Default_3szk0jcenoloop.gif\",\"width\":750,\"height\":641,\"caption\":\"SupeinNihonto\"},\"image\":{\"@id\":\"https:\\\/\\\/www.supeinnihonto.com\\\/de\\\/#\\\/schema\\\/logo\\\/image\\\/\"}}]}<\/script>\n<!-- \/ Yoast SEO plugin. -->","yoast_head_json":{"title":"Marugata-Tsuba aus Eisen mit Ryu-Motiv - Supein Nihonto","description":"Marugata-Tsuba aus Eisen mit Ryu-Motiv, die einen Drachen darstellt, der aus aufgew\u00fchlten Wellen emporsteigt und in den Himmel aufsteigt. Das Erscheinungsbild des Drachen ist \u00e4u\u00dferst detailliert ausgearbeitet und f\u00e4ngt seinen majest\u00e4tischen Flug ein.","robots":{"index":"index","follow":"follow","max-snippet":"max-snippet:-1","max-image-preview":"max-image-preview:large","max-video-preview":"max-video-preview:-1"},"canonical":"https:\/\/www.supeinnihonto.com\/de\/produkt\/marugata-tsuba-aus-eisen-mit-ryu-motiv\/","og_locale":"de_DE","og_type":"article","og_title":"Marugata-Tsuba aus Eisen mit Ryu-Motiv - Supein Nihonto","og_description":"Marugata-Tsuba aus Eisen mit Ryu-Motiv, die einen Drachen darstellt, der aus aufgew\u00fchlten Wellen emporsteigt und in den Himmel aufsteigt. Das Erscheinungsbild des Drachen ist \u00e4u\u00dferst detailliert ausgearbeitet und f\u00e4ngt seinen majest\u00e4tischen Flug ein.","og_url":"https:\/\/www.supeinnihonto.com\/de\/produkt\/marugata-tsuba-aus-eisen-mit-ryu-motiv\/","og_site_name":"Supein Nihonto","article_modified_time":"2026-01-02T18:52:55+00:00","og_image":[{"width":2560,"height":1707,"url":"https:\/\/www.supeinnihonto.com\/wp-content\/uploads\/2024\/05\/DSC_3523-scaled.jpg","type":"image\/jpeg"}],"twitter_card":"summary_large_image","twitter_misc":{"Gesch\u00e4tzte Lesezeit":"2\u00a0Minuten"},"schema":{"@context":"https:\/\/schema.org","@graph":[{"@type":"WebPage","@id":"https:\/\/www.supeinnihonto.com\/de\/produkt\/marugata-tsuba-aus-eisen-mit-ryu-motiv\/","url":"https:\/\/www.supeinnihonto.com\/de\/produkt\/marugata-tsuba-aus-eisen-mit-ryu-motiv\/","name":"Marugata-Tsuba aus Eisen mit Ryu-Motiv - Supein Nihonto","isPartOf":{"@id":"https:\/\/www.supeinnihonto.com\/de\/#website"},"primaryImageOfPage":{"@id":"https:\/\/www.supeinnihonto.com\/de\/produkt\/marugata-tsuba-aus-eisen-mit-ryu-motiv\/#primaryimage"},"image":{"@id":"https:\/\/www.supeinnihonto.com\/de\/produkt\/marugata-tsuba-aus-eisen-mit-ryu-motiv\/#primaryimage"},"thumbnailUrl":"https:\/\/i0.wp.com\/www.supeinnihonto.com\/wp-content\/uploads\/2024\/05\/DSC_3523-scaled.jpg?fit=2560%2C1707&ssl=1","datePublished":"2024-05-08T16:48:02+00:00","dateModified":"2026-01-02T18:52:55+00:00","description":"Marugata-Tsuba aus Eisen mit Ryu-Motiv, die einen Drachen darstellt, der aus aufgew\u00fchlten Wellen emporsteigt und in den Himmel aufsteigt. Das Erscheinungsbild des Drachen ist \u00e4u\u00dferst detailliert ausgearbeitet und f\u00e4ngt seinen majest\u00e4tischen Flug ein.","breadcrumb":{"@id":"https:\/\/www.supeinnihonto.com\/de\/produkt\/marugata-tsuba-aus-eisen-mit-ryu-motiv\/#breadcrumb"},"inLanguage":"de","potentialAction":[{"@type":"ReadAction","target":["https:\/\/www.supeinnihonto.com\/de\/produkt\/marugata-tsuba-aus-eisen-mit-ryu-motiv\/"]}]},{"@type":"ImageObject","inLanguage":"de","@id":"https:\/\/www.supeinnihonto.com\/de\/produkt\/marugata-tsuba-aus-eisen-mit-ryu-motiv\/#primaryimage","url":"https:\/\/i0.wp.com\/www.supeinnihonto.com\/wp-content\/uploads\/2024\/05\/DSC_3523-scaled.jpg?fit=2560%2C1707&ssl=1","contentUrl":"https:\/\/i0.wp.com\/www.supeinnihonto.com\/wp-content\/uploads\/2024\/05\/DSC_3523-scaled.jpg?fit=2560%2C1707&ssl=1","width":2560,"height":1707,"caption":"Marugata Iron ryu tsuba"},{"@type":"BreadcrumbList","@id":"https:\/\/www.supeinnihonto.com\/de\/produkt\/marugata-tsuba-aus-eisen-mit-ryu-motiv\/#breadcrumb","itemListElement":[{"@type":"ListItem","position":1,"name":"Portada","item":"https:\/\/www.supeinnihonto.com\/de\/"},{"@type":"ListItem","position":2,"name":"Shop","item":"https:\/\/www.supeinnihonto.com\/de\/shop\/"},{"@type":"ListItem","position":3,"name":"Marugata-Tsuba aus Eisen mit Ryu-Motiv"}]},{"@type":"WebSite","@id":"https:\/\/www.supeinnihonto.com\/de\/#website","url":"https:\/\/www.supeinnihonto.com\/de\/","name":"Supein Nihonto","description":"Authentic japanese Nihonto katana ","publisher":{"@id":"https:\/\/www.supeinnihonto.com\/de\/#organization"},"potentialAction":[{"@type":"SearchAction","target":{"@type":"EntryPoint","urlTemplate":"https:\/\/www.supeinnihonto.com\/de\/?s={search_term_string}"},"query-input":{"@type":"PropertyValueSpecification","valueRequired":true,"valueName":"search_term_string"}}],"inLanguage":"de"},{"@type":"Organization","@id":"https:\/\/www.supeinnihonto.com\/de\/#organization","name":"SupeinNihonto","url":"https:\/\/www.supeinnihonto.com\/de\/","logo":{"@type":"ImageObject","inLanguage":"de","@id":"https:\/\/www.supeinnihonto.com\/de\/#\/schema\/logo\/image\/","url":"https:\/\/www.supeinnihonto.com\/wp-content\/uploads\/2021\/11\/animation_Default_3szk0jcenoloop.gif","contentUrl":"https:\/\/www.supeinnihonto.com\/wp-content\/uploads\/2021\/11\/animation_Default_3szk0jcenoloop.gif","width":750,"height":641,"caption":"SupeinNihonto"},"image":{"@id":"https:\/\/www.supeinnihonto.com\/de\/#\/schema\/logo\/image\/"}}]}},"jetpack-related-posts":[{"id":10898,"url":"https:\/\/www.supeinnihonto.com\/de\/produkt\/nihonto-katana-yasutsugu-with-aoi-mon-nbthk-tokobetsu-hozon\/","url_meta":{"origin":14765,"position":0},"title":"Nihonto katana &#8222;Yasutsugu&#8220; with Aoi mon NBTHK Tokobetsu Hozon","author":"Eric Majo","date":"1 de Dezember de 2025","format":false,"excerpt":"OBJEKTBESCHREIBUNG: Wird mit Kimono- oder Baumwollbeutel geliefert. Wird mit Zertifikat von Supein Nihonto geliefert. Wird mit originalem Pr\u00e4fektur-Zertifikat geliefert. Wird mit NBTHK Tokobetsu Hozon geliefert. Signiert: Yasutsugu (3. Generation, Echizen)Torokusho: Tokyo #328366Klingenl\u00e4nge: 73,5 cm Torokusho-\u00dcbersetzung (Registrierung eines japanischen Schwertes) Tokyo-Registrierung N\u00ba 328366Typ: KatanaKlingenl\u00e4nge: 73,5 cmKr\u00fcmmung: 2,2 cmMei:Omote: Aoi-mon + Yasutsugu\u2026","rel":"","context":"\u00c4hnlicher Beitrag","block_context":{"text":"\u00c4hnlicher Beitrag","link":""},"img":{"alt_text":"Sold","src":"https:\/\/i0.wp.com\/www.supeinnihonto.com\/wp-content\/uploads\/2024\/01\/logo-sold-scaled.png?fit=1200%2C720&ssl=1&resize=350%2C200","width":350,"height":200,"srcset":"https:\/\/i0.wp.com\/www.supeinnihonto.com\/wp-content\/uploads\/2024\/01\/logo-sold-scaled.png?fit=1200%2C720&ssl=1&resize=350%2C200 1x, https:\/\/i0.wp.com\/www.supeinnihonto.com\/wp-content\/uploads\/2024\/01\/logo-sold-scaled.png?fit=1200%2C720&ssl=1&resize=525%2C300 1.5x, https:\/\/i0.wp.com\/www.supeinnihonto.com\/wp-content\/uploads\/2024\/01\/logo-sold-scaled.png?fit=1200%2C720&ssl=1&resize=700%2C400 2x, https:\/\/i0.wp.com\/www.supeinnihonto.com\/wp-content\/uploads\/2024\/01\/logo-sold-scaled.png?fit=1200%2C720&ssl=1&resize=1050%2C600 3x"},"classes":[]},{"id":11055,"url":"https:\/\/www.supeinnihonto.com\/de\/produkt\/nihonto-katana\/","url_meta":{"origin":14765,"position":1},"title":"Nihonto Katana in Koshirae","author":"Eric Majo","date":"5 de November de 2025","format":false,"excerpt":"ARTIKELBESCHREIBUNG: Lieferung mit Kimono- oder Baumwolltasche. Wird mit Zertifikat von Supein Nihonto geliefert. Dieses Katana aus der Edo-Zeit ist ein hervorragendes Beispiel der Samurai-Tradition und vereint die St\u00e4rke seiner Klinge mit der feinen Eleganz eines vollst\u00e4ndigen Koshirae. Das Schwert verk\u00f6rpert sowohl N\u00fctzlichkeit als auch Kunstfertigkeit und ist ein \u00e4u\u00dferst begehrtes\u2026","rel":"","context":"\u00c4hnlicher Beitrag","block_context":{"text":"\u00c4hnlicher Beitrag","link":""},"img":{"alt_text":"nihonto for sale","src":"https:\/\/i0.wp.com\/www.supeinnihonto.com\/wp-content\/uploads\/2025\/11\/DSC_2122-scaled.jpg?fit=1200%2C556&ssl=1&resize=350%2C200","width":350,"height":200,"srcset":"https:\/\/i0.wp.com\/www.supeinnihonto.com\/wp-content\/uploads\/2025\/11\/DSC_2122-scaled.jpg?fit=1200%2C556&ssl=1&resize=350%2C200 1x, https:\/\/i0.wp.com\/www.supeinnihonto.com\/wp-content\/uploads\/2025\/11\/DSC_2122-scaled.jpg?fit=1200%2C556&ssl=1&resize=525%2C300 1.5x, https:\/\/i0.wp.com\/www.supeinnihonto.com\/wp-content\/uploads\/2025\/11\/DSC_2122-scaled.jpg?fit=1200%2C556&ssl=1&resize=700%2C400 2x, https:\/\/i0.wp.com\/www.supeinnihonto.com\/wp-content\/uploads\/2025\/11\/DSC_2122-scaled.jpg?fit=1200%2C556&ssl=1&resize=1050%2C600 3x"},"classes":[]},{"id":12408,"url":"https:\/\/www.supeinnihonto.com\/de\/produkt\/marugata-tsuba-aus-kupfer-mit-koi-motiv-nbthk-hozon-zertifiziert\/","url_meta":{"origin":14765,"position":2},"title":"Marugata-Tsuba aus Kupfer mit Koi-Motiv, NBTHK-Hozon-zertifiziert.","author":"Eric Majo","date":"11 de November de 2024","format":false,"excerpt":"ARTIKEL: Wird mit Zertifikat von Supein Nihonto geliefert. Inklusive NBTHK-Hozon-Zertifikat. Inklusive Holzbox. Wundersch\u00f6ner Kupfer-Tsuba aus dem 19. Jahrhundert, signiert, mit Rand und Reliefs aus Shakud\u014d (Gold-Kupfer-Legierung), der einen Karpfen mit goldgefassten Augen darstellt. Ein einzigartiges Kunstwerk.Der Koi-Karpfen ist in der japanischen Kultur hoch gesch\u00e4tzt und eines der beliebtesten Motive in\u2026","rel":"","context":"\u00c4hnlicher Beitrag","block_context":{"text":"\u00c4hnlicher Beitrag","link":""},"img":{"alt_text":"Marugata copper koi tsuba NBTHK hozon","src":"https:\/\/i0.wp.com\/www.supeinnihonto.com\/wp-content\/uploads\/2024\/11\/DSC1819-scaled.jpg?fit=1200%2C800&ssl=1&resize=350%2C200","width":350,"height":200,"srcset":"https:\/\/i0.wp.com\/www.supeinnihonto.com\/wp-content\/uploads\/2024\/11\/DSC1819-scaled.jpg?fit=1200%2C800&ssl=1&resize=350%2C200 1x, https:\/\/i0.wp.com\/www.supeinnihonto.com\/wp-content\/uploads\/2024\/11\/DSC1819-scaled.jpg?fit=1200%2C800&ssl=1&resize=525%2C300 1.5x, https:\/\/i0.wp.com\/www.supeinnihonto.com\/wp-content\/uploads\/2024\/11\/DSC1819-scaled.jpg?fit=1200%2C800&ssl=1&resize=700%2C400 2x, https:\/\/i0.wp.com\/www.supeinnihonto.com\/wp-content\/uploads\/2024\/11\/DSC1819-scaled.jpg?fit=1200%2C800&ssl=1&resize=1050%2C600 3x"},"classes":[]},{"id":45210,"url":"https:\/\/www.supeinnihonto.com\/de\/produkt\/marugata-tsuba-aus-kupfer-mit-koi-motiv-nbthk-hozon-zertifiziert-5\/","url_meta":{"origin":14765,"position":3},"title":"Marugata-Tsuba aus Kupfer mit Koi-Motiv, NBTHK-Hozon-zertifiziert","author":"Eric Majo","date":"1 de M\u00e4rz de 2026","format":false,"excerpt":"ARTIKEL: Wird mit Zertifikat von Supein Nihonto geliefert. Inklusive NBTHK-Hozon-Zertifikat. Inklusive Holzbox. Wundersch\u00f6ner Kupfer-Tsuba aus dem 19. Jahrhundert, signiert, mit Rand und Reliefs aus Shakud\u014d (Gold-Kupfer-Legierung), der einen Karpfen mit goldgefassten Augen darstellt. Ein einzigartiges Kunstwerk.Der Koi-Karpfen ist in der japanischen Kultur hoch gesch\u00e4tzt und eines der beliebtesten Motive in\u2026","rel":"","context":"\u00c4hnlicher Beitrag","block_context":{"text":"\u00c4hnlicher Beitrag","link":""},"img":{"alt_text":"Iron dragon Edo tsuba for sale","src":"https:\/\/i0.wp.com\/www.supeinnihonto.com\/wp-content\/uploads\/2026\/03\/DSC_6506-scaled.jpg?fit=1200%2C800&ssl=1&resize=350%2C200","width":350,"height":200,"srcset":"https:\/\/i0.wp.com\/www.supeinnihonto.com\/wp-content\/uploads\/2026\/03\/DSC_6506-scaled.jpg?fit=1200%2C800&ssl=1&resize=350%2C200 1x, https:\/\/i0.wp.com\/www.supeinnihonto.com\/wp-content\/uploads\/2026\/03\/DSC_6506-scaled.jpg?fit=1200%2C800&ssl=1&resize=525%2C300 1.5x, https:\/\/i0.wp.com\/www.supeinnihonto.com\/wp-content\/uploads\/2026\/03\/DSC_6506-scaled.jpg?fit=1200%2C800&ssl=1&resize=700%2C400 2x, https:\/\/i0.wp.com\/www.supeinnihonto.com\/wp-content\/uploads\/2026\/03\/DSC_6506-scaled.jpg?fit=1200%2C800&ssl=1&resize=1050%2C600 3x"},"classes":[]},{"id":45101,"url":"https:\/\/www.supeinnihonto.com\/de\/produkt\/marugata-tsuba-aus-kupfer-mit-koi-motiv-nbthk-hozon-zertifiziert-10\/","url_meta":{"origin":14765,"position":4},"title":"Marugata-Tsuba aus Kupfer mit Koi-Motiv, NBTHK-Hozon-zertifiziert","author":"Eric Majo","date":"1 de M\u00e4rz de 2026","format":false,"excerpt":"ARTIKEL: Wird mit Zertifikat von Supein Nihonto geliefert. Inklusive NBTHK-Hozon-Zertifikat. Inklusive Holzbox. Wundersch\u00f6ner Kupfer-Tsuba aus dem 19. Jahrhundert, signiert, mit Rand und Reliefs aus Shakud\u014d (Gold-Kupfer-Legierung), der einen Karpfen mit goldgefassten Augen darstellt. Ein einzigartiges Kunstwerk.Der Koi-Karpfen ist in der japanischen Kultur hoch gesch\u00e4tzt und eines der beliebtesten Motive in\u2026","rel":"","context":"\u00c4hnlicher Beitrag","block_context":{"text":"\u00c4hnlicher Beitrag","link":""},"img":{"alt_text":"Iron tsuba soten for sale","src":"https:\/\/i0.wp.com\/www.supeinnihonto.com\/wp-content\/uploads\/2026\/03\/DSC_6419-scaled.jpg?fit=1200%2C800&ssl=1&resize=350%2C200","width":350,"height":200,"srcset":"https:\/\/i0.wp.com\/www.supeinnihonto.com\/wp-content\/uploads\/2026\/03\/DSC_6419-scaled.jpg?fit=1200%2C800&ssl=1&resize=350%2C200 1x, https:\/\/i0.wp.com\/www.supeinnihonto.com\/wp-content\/uploads\/2026\/03\/DSC_6419-scaled.jpg?fit=1200%2C800&ssl=1&resize=525%2C300 1.5x, https:\/\/i0.wp.com\/www.supeinnihonto.com\/wp-content\/uploads\/2026\/03\/DSC_6419-scaled.jpg?fit=1200%2C800&ssl=1&resize=700%2C400 2x, https:\/\/i0.wp.com\/www.supeinnihonto.com\/wp-content\/uploads\/2026\/03\/DSC_6419-scaled.jpg?fit=1200%2C800&ssl=1&resize=1050%2C600 3x"},"classes":[]},{"id":45251,"url":"https:\/\/www.supeinnihonto.com\/de\/produkt\/marugata-tsuba-aus-kupfer-mit-koi-motiv-nbthk-hozon-zertifiziert-3\/","url_meta":{"origin":14765,"position":5},"title":"Marugata-Tsuba aus Kupfer mit Koi-Motiv, NBTHK-Hozon-zertifiziert","author":"Eric Majo","date":"1 de M\u00e4rz de 2026","format":false,"excerpt":"ARTIKEL: Wird mit Zertifikat von Supein Nihonto geliefert. Inklusive NBTHK-Hozon-Zertifikat. Inklusive Holzbox. Wundersch\u00f6ner Kupfer-Tsuba aus dem 19. Jahrhundert, signiert, mit Rand und Reliefs aus Shakud\u014d (Gold-Kupfer-Legierung), der einen Karpfen mit goldgefassten Augen darstellt. Ein einzigartiges Kunstwerk.Der Koi-Karpfen ist in der japanischen Kultur hoch gesch\u00e4tzt und eines der beliebtesten Motive in\u2026","rel":"","context":"\u00c4hnlicher Beitrag","block_context":{"text":"\u00c4hnlicher Beitrag","link":""},"img":{"alt_text":"Tsuba koi Meiji period","src":"https:\/\/i0.wp.com\/www.supeinnihonto.com\/wp-content\/uploads\/2026\/03\/DSC_6545-scaled.jpg?fit=1200%2C800&ssl=1&resize=350%2C200","width":350,"height":200,"srcset":"https:\/\/i0.wp.com\/www.supeinnihonto.com\/wp-content\/uploads\/2026\/03\/DSC_6545-scaled.jpg?fit=1200%2C800&ssl=1&resize=350%2C200 1x, https:\/\/i0.wp.com\/www.supeinnihonto.com\/wp-content\/uploads\/2026\/03\/DSC_6545-scaled.jpg?fit=1200%2C800&ssl=1&resize=525%2C300 1.5x, https:\/\/i0.wp.com\/www.supeinnihonto.com\/wp-content\/uploads\/2026\/03\/DSC_6545-scaled.jpg?fit=1200%2C800&ssl=1&resize=700%2C400 2x, https:\/\/i0.wp.com\/www.supeinnihonto.com\/wp-content\/uploads\/2026\/03\/DSC_6545-scaled.jpg?fit=1200%2C800&ssl=1&resize=1050%2C600 3x"},"classes":[]}],"jetpack_sharing_enabled":true,"_links":{"self":[{"href":"https:\/\/www.supeinnihonto.com\/de\/wp-json\/wp\/v2\/product\/14765","targetHints":{"allow":["GET"]}}],"collection":[{"href":"https:\/\/www.supeinnihonto.com\/de\/wp-json\/wp\/v2\/product"}],"about":[{"href":"https:\/\/www.supeinnihonto.com\/de\/wp-json\/wp\/v2\/types\/product"}],"wp:featuredmedia":[{"embeddable":true,"href":"https:\/\/www.supeinnihonto.com\/de\/wp-json\/wp\/v2\/media\/14766"}],"wp:attachment":[{"href":"https:\/\/www.supeinnihonto.com\/de\/wp-json\/wp\/v2\/media?parent=14765"}],"wp:term":[{"taxonomy":"product_brand","embeddable":true,"href":"https:\/\/www.supeinnihonto.com\/de\/wp-json\/wp\/v2\/product_brand?post=14765"},{"taxonomy":"product_cat","embeddable":true,"href":"https:\/\/www.supeinnihonto.com\/de\/wp-json\/wp\/v2\/product_cat?post=14765"},{"taxonomy":"product_tag","embeddable":true,"href":"https:\/\/www.supeinnihonto.com\/de\/wp-json\/wp\/v2\/product_tag?post=14765"}],"curies":[{"name":"wp","href":"https:\/\/api.w.org\/{rel}","templated":true}]}}