{"id":14749,"date":"2024-05-08T15:23:59","date_gmt":"2024-05-08T15:23:59","guid":{"rendered":"https:\/\/www.supeinnihonto.com\/product\/exagonal-copper-chrisantemum-tsuba\/"},"modified":"2026-01-03T14:06:12","modified_gmt":"2026-01-03T14:06:12","slug":"sechseckige-kupfer-tsuba-mit-chrysanthemenmotiv","status":"publish","type":"product","link":"https:\/\/www.supeinnihonto.com\/de\/produkt\/sechseckige-kupfer-tsuba-mit-chrysanthemenmotiv\/","title":{"rendered":"Sechseckige Kupfer-Tsuba mit Chrysanthemenmotiv"},"content":{"rendered":"<p><span>OBJEKT:<\/span><\/p>\n<p><span>Wird mit Zertifikat von SupeinNihonto geliefert.<\/span><\/p>\n<p>Seltenes Beispiel einer sechseckigen Tsuba aus zwei Materialien, au\u00dfen aus Kupfer und innen mit einer Chrysantheme aus Shakud\u014d. Sehr seltene und sammelw\u00fcrdige Tsuba.<\/p>\n<p>6,7 x 6,2 cm<\/p>\n<p><span>\u00dcBER UNS:<\/span><\/p>\n<p><span>Bei Supein Nihonto bem\u00fchen wir uns, Ihnen hochwertige Samurai-Schwerter und R\u00fcstungen zu Preisen anzubieten, die deutlich unter denen der Konkurrenz liegen. Wir sind wahrscheinlich der gr\u00f6\u00dfte Exporteur Europas und stolz darauf, bekannt zu geben, dass wir die Nummer eins, TOP SELLER, bei Catawiki Samurai- und japanischen Auktionen sind. Dies ist besonders wichtig, um Steuern und Wartezeiten zu sparen, die bei japanischen Verk\u00e4ufern vier Monate \u00fcberschreiten k\u00f6nnen, sowie den \u00c4rger mit langwierigen und teilweise problematischen Verfahren, die die Lieferzeiten weiter verl\u00e4ngern, bis hin zur R\u00fccksendung der Sendung an den Ursprung, und mehr als 35 % zus\u00e4tzliche Kosten auf den Endpreis durch Zoll, Abgaben und Geb\u00fchren, die den Preis erh\u00f6hen, jedoch nicht die Qualit\u00e4t oder den zuk\u00fcnftigen Wiederverkaufswert. Wir sind zudem professionelle Verk\u00e4ufer, weshalb unsere Zufriedenheitsgarantie, unser Fachwissen und unsere Standards denen privater Verk\u00e4ufer \u00fcberlegen sind und wir h\u00f6here After-Sales-Garantien bieten. Dank all dessen, unserer branchenweit niedrigsten professionellen Preise sowie unserer schnellen und effizienten Versandmethode, die in Europa selten mehr als drei Tage ben\u00f6tigt, sind wir sicher, dass Sie diese gro\u00dfartige Gelegenheit genie\u00dfen werden, ein Kunstwerk zu besitzen, das im Laufe der Jahre an Wert gewinnt und eine hervorragende Investition darstellt. Vertrauen Sie uns, um die Kunst der Samurai zu genie\u00dfen.<\/span><\/p>\n","protected":false},"excerpt":{"rendered":"<p>OBJEKT: Wird mit Zertifikat von SupeinNihonto geliefert. Seltenes Beispiel einer sechseckigen Tsuba aus zwei Materialien, au\u00dfen aus Kupfer und innen mit einer Chrysantheme aus Shakud\u014d. Sehr seltene und sammelw\u00fcrdige Tsuba. 6,7 x 6,2 cm \u00dcBER UNS: Bei Supein Nihonto bem\u00fchen wir uns, Ihnen hochwertige Samurai-Schwerter und R\u00fcstungen zu Preisen anzubieten, [&hellip;]<\/p>\n","protected":false},"featured_media":39641,"template":"","meta":{"jetpack_post_was_ever_published":false},"product_brand":[],"product_cat":[577,573],"product_tag":[],"class_list":{"0":"post-14749","1":"product","2":"type-product","3":"status-publish","4":"has-post-thumbnail","6":"product_cat-tosogu","7":"product_cat-tsuba","8":"product_shipping_class-light","10":"first","11":"instock","12":"featured","13":"sold-individually","14":"shipping-taxable","15":"purchasable","16":"product-type-simple"},"yoast_head":"<!-- This site is optimized with the Yoast SEO plugin v27.4 - https:\/\/yoast.com\/product\/yoast-seo-wordpress\/ -->\n<title>Sechseckige Kupfer-Tsuba mit Chrysanthemenmotiv - Supein Nihonto<\/title>\n<meta name=\"description\" content=\"Seltenes Beispiel einer sechseckigen Tsuba aus zwei Materialien, au\u00dfen aus Kupfer und innen mit einer Chrysantheme aus Shakud\u014d. Sehr seltene und sammelw\u00fcrdige Tsuba.\" \/>\n<meta name=\"robots\" content=\"index, follow, max-snippet:-1, max-image-preview:large, max-video-preview:-1\" \/>\n<link rel=\"canonical\" href=\"https:\/\/www.supeinnihonto.com\/de\/produkt\/sechseckige-kupfer-tsuba-mit-chrysanthemenmotiv\/\" \/>\n<meta property=\"og:locale\" content=\"de_DE\" \/>\n<meta property=\"og:type\" content=\"article\" \/>\n<meta property=\"og:title\" content=\"Sechseckige Kupfer-Tsuba mit Chrysanthemenmotiv - Supein Nihonto\" \/>\n<meta property=\"og:description\" content=\"Seltenes Beispiel einer sechseckigen Tsuba aus zwei Materialien, au\u00dfen aus Kupfer und innen mit einer Chrysantheme aus Shakud\u014d. Sehr seltene und sammelw\u00fcrdige Tsuba.\" \/>\n<meta property=\"og:url\" content=\"https:\/\/www.supeinnihonto.com\/de\/produkt\/sechseckige-kupfer-tsuba-mit-chrysanthemenmotiv\/\" \/>\n<meta property=\"og:site_name\" content=\"Supein Nihonto\" \/>\n<meta property=\"article:modified_time\" content=\"2026-01-03T14:06:12+00:00\" \/>\n<meta property=\"og:image\" content=\"https:\/\/www.supeinnihonto.com\/wp-content\/uploads\/2024\/05\/Exagonal-copper-Chrisantemum.webp\" \/>\n\t<meta property=\"og:image:width\" content=\"600\" \/>\n\t<meta property=\"og:image:height\" content=\"400\" \/>\n\t<meta property=\"og:image:type\" content=\"image\/webp\" \/>\n<meta name=\"twitter:card\" content=\"summary_large_image\" \/>\n<meta name=\"twitter:label1\" content=\"Gesch\u00e4tzte Lesezeit\" \/>\n\t<meta name=\"twitter:data1\" content=\"2\u00a0Minuten\" \/>\n<script type=\"application\/ld+json\" class=\"yoast-schema-graph\">{\"@context\":\"https:\\\/\\\/schema.org\",\"@graph\":[{\"@type\":\"WebPage\",\"@id\":\"https:\\\/\\\/www.supeinnihonto.com\\\/de\\\/produkt\\\/sechseckige-kupfer-tsuba-mit-chrysanthemenmotiv\\\/\",\"url\":\"https:\\\/\\\/www.supeinnihonto.com\\\/de\\\/produkt\\\/sechseckige-kupfer-tsuba-mit-chrysanthemenmotiv\\\/\",\"name\":\"Sechseckige Kupfer-Tsuba mit Chrysanthemenmotiv - Supein Nihonto\",\"isPartOf\":{\"@id\":\"https:\\\/\\\/www.supeinnihonto.com\\\/de\\\/#website\"},\"primaryImageOfPage\":{\"@id\":\"https:\\\/\\\/www.supeinnihonto.com\\\/de\\\/produkt\\\/sechseckige-kupfer-tsuba-mit-chrysanthemenmotiv\\\/#primaryimage\"},\"image\":{\"@id\":\"https:\\\/\\\/www.supeinnihonto.com\\\/de\\\/produkt\\\/sechseckige-kupfer-tsuba-mit-chrysanthemenmotiv\\\/#primaryimage\"},\"thumbnailUrl\":\"https:\\\/\\\/i0.wp.com\\\/www.supeinnihonto.com\\\/wp-content\\\/uploads\\\/2024\\\/05\\\/Exagonal-copper-Chrisantemum.webp?fit=600%2C400&ssl=1\",\"datePublished\":\"2024-05-08T15:23:59+00:00\",\"dateModified\":\"2026-01-03T14:06:12+00:00\",\"description\":\"Seltenes Beispiel einer sechseckigen Tsuba aus zwei Materialien, au\u00dfen aus Kupfer und innen mit einer Chrysantheme aus Shakud\u014d. Sehr seltene und sammelw\u00fcrdige Tsuba.\",\"breadcrumb\":{\"@id\":\"https:\\\/\\\/www.supeinnihonto.com\\\/de\\\/produkt\\\/sechseckige-kupfer-tsuba-mit-chrysanthemenmotiv\\\/#breadcrumb\"},\"inLanguage\":\"de\",\"potentialAction\":[{\"@type\":\"ReadAction\",\"target\":[\"https:\\\/\\\/www.supeinnihonto.com\\\/de\\\/produkt\\\/sechseckige-kupfer-tsuba-mit-chrysanthemenmotiv\\\/\"]}]},{\"@type\":\"ImageObject\",\"inLanguage\":\"de\",\"@id\":\"https:\\\/\\\/www.supeinnihonto.com\\\/de\\\/produkt\\\/sechseckige-kupfer-tsuba-mit-chrysanthemenmotiv\\\/#primaryimage\",\"url\":\"https:\\\/\\\/i0.wp.com\\\/www.supeinnihonto.com\\\/wp-content\\\/uploads\\\/2024\\\/05\\\/Exagonal-copper-Chrisantemum.webp?fit=600%2C400&ssl=1\",\"contentUrl\":\"https:\\\/\\\/i0.wp.com\\\/www.supeinnihonto.com\\\/wp-content\\\/uploads\\\/2024\\\/05\\\/Exagonal-copper-Chrisantemum.webp?fit=600%2C400&ssl=1\",\"width\":600,\"height\":400,\"caption\":\"Exagonal copper Chrisantemum tsuba\"},{\"@type\":\"BreadcrumbList\",\"@id\":\"https:\\\/\\\/www.supeinnihonto.com\\\/de\\\/produkt\\\/sechseckige-kupfer-tsuba-mit-chrysanthemenmotiv\\\/#breadcrumb\",\"itemListElement\":[{\"@type\":\"ListItem\",\"position\":1,\"name\":\"Portada\",\"item\":\"https:\\\/\\\/www.supeinnihonto.com\\\/de\\\/\"},{\"@type\":\"ListItem\",\"position\":2,\"name\":\"Shop\",\"item\":\"https:\\\/\\\/www.supeinnihonto.com\\\/de\\\/shop\\\/\"},{\"@type\":\"ListItem\",\"position\":3,\"name\":\"Sechseckige Kupfer-Tsuba mit Chrysanthemenmotiv\"}]},{\"@type\":\"WebSite\",\"@id\":\"https:\\\/\\\/www.supeinnihonto.com\\\/de\\\/#website\",\"url\":\"https:\\\/\\\/www.supeinnihonto.com\\\/de\\\/\",\"name\":\"Supein Nihonto\",\"description\":\"Authentic japanese Nihonto katana \",\"publisher\":{\"@id\":\"https:\\\/\\\/www.supeinnihonto.com\\\/de\\\/#organization\"},\"potentialAction\":[{\"@type\":\"SearchAction\",\"target\":{\"@type\":\"EntryPoint\",\"urlTemplate\":\"https:\\\/\\\/www.supeinnihonto.com\\\/de\\\/?s={search_term_string}\"},\"query-input\":{\"@type\":\"PropertyValueSpecification\",\"valueRequired\":true,\"valueName\":\"search_term_string\"}}],\"inLanguage\":\"de\"},{\"@type\":\"Organization\",\"@id\":\"https:\\\/\\\/www.supeinnihonto.com\\\/de\\\/#organization\",\"name\":\"SupeinNihonto\",\"url\":\"https:\\\/\\\/www.supeinnihonto.com\\\/de\\\/\",\"logo\":{\"@type\":\"ImageObject\",\"inLanguage\":\"de\",\"@id\":\"https:\\\/\\\/www.supeinnihonto.com\\\/de\\\/#\\\/schema\\\/logo\\\/image\\\/\",\"url\":\"https:\\\/\\\/www.supeinnihonto.com\\\/wp-content\\\/uploads\\\/2021\\\/11\\\/animation_Default_3szk0jcenoloop.gif\",\"contentUrl\":\"https:\\\/\\\/www.supeinnihonto.com\\\/wp-content\\\/uploads\\\/2021\\\/11\\\/animation_Default_3szk0jcenoloop.gif\",\"width\":750,\"height\":641,\"caption\":\"SupeinNihonto\"},\"image\":{\"@id\":\"https:\\\/\\\/www.supeinnihonto.com\\\/de\\\/#\\\/schema\\\/logo\\\/image\\\/\"}}]}<\/script>\n<!-- \/ Yoast SEO plugin. -->","yoast_head_json":{"title":"Sechseckige Kupfer-Tsuba mit Chrysanthemenmotiv - Supein Nihonto","description":"Seltenes Beispiel einer sechseckigen Tsuba aus zwei Materialien, au\u00dfen aus Kupfer und innen mit einer Chrysantheme aus Shakud\u014d. Sehr seltene und sammelw\u00fcrdige Tsuba.","robots":{"index":"index","follow":"follow","max-snippet":"max-snippet:-1","max-image-preview":"max-image-preview:large","max-video-preview":"max-video-preview:-1"},"canonical":"https:\/\/www.supeinnihonto.com\/de\/produkt\/sechseckige-kupfer-tsuba-mit-chrysanthemenmotiv\/","og_locale":"de_DE","og_type":"article","og_title":"Sechseckige Kupfer-Tsuba mit Chrysanthemenmotiv - Supein Nihonto","og_description":"Seltenes Beispiel einer sechseckigen Tsuba aus zwei Materialien, au\u00dfen aus Kupfer und innen mit einer Chrysantheme aus Shakud\u014d. Sehr seltene und sammelw\u00fcrdige Tsuba.","og_url":"https:\/\/www.supeinnihonto.com\/de\/produkt\/sechseckige-kupfer-tsuba-mit-chrysanthemenmotiv\/","og_site_name":"Supein Nihonto","article_modified_time":"2026-01-03T14:06:12+00:00","og_image":[{"width":600,"height":400,"url":"https:\/\/www.supeinnihonto.com\/wp-content\/uploads\/2024\/05\/Exagonal-copper-Chrisantemum.webp","type":"image\/webp"}],"twitter_card":"summary_large_image","twitter_misc":{"Gesch\u00e4tzte Lesezeit":"2\u00a0Minuten"},"schema":{"@context":"https:\/\/schema.org","@graph":[{"@type":"WebPage","@id":"https:\/\/www.supeinnihonto.com\/de\/produkt\/sechseckige-kupfer-tsuba-mit-chrysanthemenmotiv\/","url":"https:\/\/www.supeinnihonto.com\/de\/produkt\/sechseckige-kupfer-tsuba-mit-chrysanthemenmotiv\/","name":"Sechseckige Kupfer-Tsuba mit Chrysanthemenmotiv - Supein Nihonto","isPartOf":{"@id":"https:\/\/www.supeinnihonto.com\/de\/#website"},"primaryImageOfPage":{"@id":"https:\/\/www.supeinnihonto.com\/de\/produkt\/sechseckige-kupfer-tsuba-mit-chrysanthemenmotiv\/#primaryimage"},"image":{"@id":"https:\/\/www.supeinnihonto.com\/de\/produkt\/sechseckige-kupfer-tsuba-mit-chrysanthemenmotiv\/#primaryimage"},"thumbnailUrl":"https:\/\/i0.wp.com\/www.supeinnihonto.com\/wp-content\/uploads\/2024\/05\/Exagonal-copper-Chrisantemum.webp?fit=600%2C400&ssl=1","datePublished":"2024-05-08T15:23:59+00:00","dateModified":"2026-01-03T14:06:12+00:00","description":"Seltenes Beispiel einer sechseckigen Tsuba aus zwei Materialien, au\u00dfen aus Kupfer und innen mit einer Chrysantheme aus Shakud\u014d. Sehr seltene und sammelw\u00fcrdige Tsuba.","breadcrumb":{"@id":"https:\/\/www.supeinnihonto.com\/de\/produkt\/sechseckige-kupfer-tsuba-mit-chrysanthemenmotiv\/#breadcrumb"},"inLanguage":"de","potentialAction":[{"@type":"ReadAction","target":["https:\/\/www.supeinnihonto.com\/de\/produkt\/sechseckige-kupfer-tsuba-mit-chrysanthemenmotiv\/"]}]},{"@type":"ImageObject","inLanguage":"de","@id":"https:\/\/www.supeinnihonto.com\/de\/produkt\/sechseckige-kupfer-tsuba-mit-chrysanthemenmotiv\/#primaryimage","url":"https:\/\/i0.wp.com\/www.supeinnihonto.com\/wp-content\/uploads\/2024\/05\/Exagonal-copper-Chrisantemum.webp?fit=600%2C400&ssl=1","contentUrl":"https:\/\/i0.wp.com\/www.supeinnihonto.com\/wp-content\/uploads\/2024\/05\/Exagonal-copper-Chrisantemum.webp?fit=600%2C400&ssl=1","width":600,"height":400,"caption":"Exagonal copper Chrisantemum tsuba"},{"@type":"BreadcrumbList","@id":"https:\/\/www.supeinnihonto.com\/de\/produkt\/sechseckige-kupfer-tsuba-mit-chrysanthemenmotiv\/#breadcrumb","itemListElement":[{"@type":"ListItem","position":1,"name":"Portada","item":"https:\/\/www.supeinnihonto.com\/de\/"},{"@type":"ListItem","position":2,"name":"Shop","item":"https:\/\/www.supeinnihonto.com\/de\/shop\/"},{"@type":"ListItem","position":3,"name":"Sechseckige Kupfer-Tsuba mit Chrysanthemenmotiv"}]},{"@type":"WebSite","@id":"https:\/\/www.supeinnihonto.com\/de\/#website","url":"https:\/\/www.supeinnihonto.com\/de\/","name":"Supein Nihonto","description":"Authentic japanese Nihonto katana ","publisher":{"@id":"https:\/\/www.supeinnihonto.com\/de\/#organization"},"potentialAction":[{"@type":"SearchAction","target":{"@type":"EntryPoint","urlTemplate":"https:\/\/www.supeinnihonto.com\/de\/?s={search_term_string}"},"query-input":{"@type":"PropertyValueSpecification","valueRequired":true,"valueName":"search_term_string"}}],"inLanguage":"de"},{"@type":"Organization","@id":"https:\/\/www.supeinnihonto.com\/de\/#organization","name":"SupeinNihonto","url":"https:\/\/www.supeinnihonto.com\/de\/","logo":{"@type":"ImageObject","inLanguage":"de","@id":"https:\/\/www.supeinnihonto.com\/de\/#\/schema\/logo\/image\/","url":"https:\/\/www.supeinnihonto.com\/wp-content\/uploads\/2021\/11\/animation_Default_3szk0jcenoloop.gif","contentUrl":"https:\/\/www.supeinnihonto.com\/wp-content\/uploads\/2021\/11\/animation_Default_3szk0jcenoloop.gif","width":750,"height":641,"caption":"SupeinNihonto"},"image":{"@id":"https:\/\/www.supeinnihonto.com\/de\/#\/schema\/logo\/image\/"}}]}},"jetpack-related-posts":[{"id":12408,"url":"https:\/\/www.supeinnihonto.com\/de\/produkt\/marugata-tsuba-aus-kupfer-mit-koi-motiv-nbthk-hozon-zertifiziert\/","url_meta":{"origin":14749,"position":0},"title":"Marugata-Tsuba aus Kupfer mit Koi-Motiv, NBTHK-Hozon-zertifiziert.","author":"Eric Majo","date":"11 de November de 2024","format":false,"excerpt":"ARTIKEL: Wird mit Zertifikat von Supein Nihonto geliefert. Inklusive NBTHK-Hozon-Zertifikat. Inklusive Holzbox. Wundersch\u00f6ner Kupfer-Tsuba aus dem 19. Jahrhundert, signiert, mit Rand und Reliefs aus Shakud\u014d (Gold-Kupfer-Legierung), der einen Karpfen mit goldgefassten Augen darstellt. Ein einzigartiges Kunstwerk.Der Koi-Karpfen ist in der japanischen Kultur hoch gesch\u00e4tzt und eines der beliebtesten Motive in\u2026","rel":"","context":"\u00c4hnlicher Beitrag","block_context":{"text":"\u00c4hnlicher Beitrag","link":""},"img":{"alt_text":"Marugata copper koi tsuba NBTHK hozon","src":"https:\/\/i0.wp.com\/www.supeinnihonto.com\/wp-content\/uploads\/2024\/11\/DSC1819-scaled.jpg?fit=1200%2C800&ssl=1&resize=350%2C200","width":350,"height":200,"srcset":"https:\/\/i0.wp.com\/www.supeinnihonto.com\/wp-content\/uploads\/2024\/11\/DSC1819-scaled.jpg?fit=1200%2C800&ssl=1&resize=350%2C200 1x, https:\/\/i0.wp.com\/www.supeinnihonto.com\/wp-content\/uploads\/2024\/11\/DSC1819-scaled.jpg?fit=1200%2C800&ssl=1&resize=525%2C300 1.5x, https:\/\/i0.wp.com\/www.supeinnihonto.com\/wp-content\/uploads\/2024\/11\/DSC1819-scaled.jpg?fit=1200%2C800&ssl=1&resize=700%2C400 2x, https:\/\/i0.wp.com\/www.supeinnihonto.com\/wp-content\/uploads\/2024\/11\/DSC1819-scaled.jpg?fit=1200%2C800&ssl=1&resize=1050%2C600 3x"},"classes":[]},{"id":45210,"url":"https:\/\/www.supeinnihonto.com\/de\/produkt\/marugata-tsuba-aus-kupfer-mit-koi-motiv-nbthk-hozon-zertifiziert-5\/","url_meta":{"origin":14749,"position":1},"title":"Marugata-Tsuba aus Kupfer mit Koi-Motiv, NBTHK-Hozon-zertifiziert","author":"Eric Majo","date":"1 de M\u00e4rz de 2026","format":false,"excerpt":"ARTIKEL: Wird mit Zertifikat von Supein Nihonto geliefert. Inklusive NBTHK-Hozon-Zertifikat. Inklusive Holzbox. Wundersch\u00f6ner Kupfer-Tsuba aus dem 19. Jahrhundert, signiert, mit Rand und Reliefs aus Shakud\u014d (Gold-Kupfer-Legierung), der einen Karpfen mit goldgefassten Augen darstellt. Ein einzigartiges Kunstwerk.Der Koi-Karpfen ist in der japanischen Kultur hoch gesch\u00e4tzt und eines der beliebtesten Motive in\u2026","rel":"","context":"\u00c4hnlicher Beitrag","block_context":{"text":"\u00c4hnlicher Beitrag","link":""},"img":{"alt_text":"Iron dragon Edo tsuba for sale","src":"https:\/\/i0.wp.com\/www.supeinnihonto.com\/wp-content\/uploads\/2026\/03\/DSC_6506-scaled.jpg?fit=1200%2C800&ssl=1&resize=350%2C200","width":350,"height":200,"srcset":"https:\/\/i0.wp.com\/www.supeinnihonto.com\/wp-content\/uploads\/2026\/03\/DSC_6506-scaled.jpg?fit=1200%2C800&ssl=1&resize=350%2C200 1x, https:\/\/i0.wp.com\/www.supeinnihonto.com\/wp-content\/uploads\/2026\/03\/DSC_6506-scaled.jpg?fit=1200%2C800&ssl=1&resize=525%2C300 1.5x, https:\/\/i0.wp.com\/www.supeinnihonto.com\/wp-content\/uploads\/2026\/03\/DSC_6506-scaled.jpg?fit=1200%2C800&ssl=1&resize=700%2C400 2x, https:\/\/i0.wp.com\/www.supeinnihonto.com\/wp-content\/uploads\/2026\/03\/DSC_6506-scaled.jpg?fit=1200%2C800&ssl=1&resize=1050%2C600 3x"},"classes":[]},{"id":45101,"url":"https:\/\/www.supeinnihonto.com\/de\/produkt\/marugata-tsuba-aus-kupfer-mit-koi-motiv-nbthk-hozon-zertifiziert-10\/","url_meta":{"origin":14749,"position":2},"title":"Marugata-Tsuba aus Kupfer mit Koi-Motiv, NBTHK-Hozon-zertifiziert","author":"Eric Majo","date":"1 de M\u00e4rz de 2026","format":false,"excerpt":"ARTIKEL: Wird mit Zertifikat von Supein Nihonto geliefert. Inklusive NBTHK-Hozon-Zertifikat. Inklusive Holzbox. Wundersch\u00f6ner Kupfer-Tsuba aus dem 19. Jahrhundert, signiert, mit Rand und Reliefs aus Shakud\u014d (Gold-Kupfer-Legierung), der einen Karpfen mit goldgefassten Augen darstellt. Ein einzigartiges Kunstwerk.Der Koi-Karpfen ist in der japanischen Kultur hoch gesch\u00e4tzt und eines der beliebtesten Motive in\u2026","rel":"","context":"\u00c4hnlicher Beitrag","block_context":{"text":"\u00c4hnlicher Beitrag","link":""},"img":{"alt_text":"Iron tsuba soten for sale","src":"https:\/\/i0.wp.com\/www.supeinnihonto.com\/wp-content\/uploads\/2026\/03\/DSC_6419-scaled.jpg?fit=1200%2C800&ssl=1&resize=350%2C200","width":350,"height":200,"srcset":"https:\/\/i0.wp.com\/www.supeinnihonto.com\/wp-content\/uploads\/2026\/03\/DSC_6419-scaled.jpg?fit=1200%2C800&ssl=1&resize=350%2C200 1x, https:\/\/i0.wp.com\/www.supeinnihonto.com\/wp-content\/uploads\/2026\/03\/DSC_6419-scaled.jpg?fit=1200%2C800&ssl=1&resize=525%2C300 1.5x, https:\/\/i0.wp.com\/www.supeinnihonto.com\/wp-content\/uploads\/2026\/03\/DSC_6419-scaled.jpg?fit=1200%2C800&ssl=1&resize=700%2C400 2x, https:\/\/i0.wp.com\/www.supeinnihonto.com\/wp-content\/uploads\/2026\/03\/DSC_6419-scaled.jpg?fit=1200%2C800&ssl=1&resize=1050%2C600 3x"},"classes":[]},{"id":45251,"url":"https:\/\/www.supeinnihonto.com\/de\/produkt\/marugata-tsuba-aus-kupfer-mit-koi-motiv-nbthk-hozon-zertifiziert-3\/","url_meta":{"origin":14749,"position":3},"title":"Marugata-Tsuba aus Kupfer mit Koi-Motiv, NBTHK-Hozon-zertifiziert","author":"Eric Majo","date":"1 de M\u00e4rz de 2026","format":false,"excerpt":"ARTIKEL: Wird mit Zertifikat von Supein Nihonto geliefert. Inklusive NBTHK-Hozon-Zertifikat. Inklusive Holzbox. Wundersch\u00f6ner Kupfer-Tsuba aus dem 19. Jahrhundert, signiert, mit Rand und Reliefs aus Shakud\u014d (Gold-Kupfer-Legierung), der einen Karpfen mit goldgefassten Augen darstellt. Ein einzigartiges Kunstwerk.Der Koi-Karpfen ist in der japanischen Kultur hoch gesch\u00e4tzt und eines der beliebtesten Motive in\u2026","rel":"","context":"\u00c4hnlicher Beitrag","block_context":{"text":"\u00c4hnlicher Beitrag","link":""},"img":{"alt_text":"Tsuba koi Meiji period","src":"https:\/\/i0.wp.com\/www.supeinnihonto.com\/wp-content\/uploads\/2026\/03\/DSC_6545-scaled.jpg?fit=1200%2C800&ssl=1&resize=350%2C200","width":350,"height":200,"srcset":"https:\/\/i0.wp.com\/www.supeinnihonto.com\/wp-content\/uploads\/2026\/03\/DSC_6545-scaled.jpg?fit=1200%2C800&ssl=1&resize=350%2C200 1x, https:\/\/i0.wp.com\/www.supeinnihonto.com\/wp-content\/uploads\/2026\/03\/DSC_6545-scaled.jpg?fit=1200%2C800&ssl=1&resize=525%2C300 1.5x, https:\/\/i0.wp.com\/www.supeinnihonto.com\/wp-content\/uploads\/2026\/03\/DSC_6545-scaled.jpg?fit=1200%2C800&ssl=1&resize=700%2C400 2x, https:\/\/i0.wp.com\/www.supeinnihonto.com\/wp-content\/uploads\/2026\/03\/DSC_6545-scaled.jpg?fit=1200%2C800&ssl=1&resize=1050%2C600 3x"},"classes":[]},{"id":45138,"url":"https:\/\/www.supeinnihonto.com\/de\/produkt\/marugata-tsuba-aus-kupfer-mit-koi-motiv-nbthk-hozon-zertifiziert-8\/","url_meta":{"origin":14749,"position":4},"title":"Marugata-Tsuba aus Kupfer mit Koi-Motiv, NBTHK-Hozon-zertifiziert","author":"Eric Majo","date":"1 de M\u00e4rz de 2026","format":false,"excerpt":"ARTIKEL: Wird mit Zertifikat von Supein Nihonto geliefert. Inklusive NBTHK-Hozon-Zertifikat. Inklusive Holzbox. Wundersch\u00f6ner Kupfer-Tsuba aus dem 19. Jahrhundert, signiert, mit Rand und Reliefs aus Shakud\u014d (Gold-Kupfer-Legierung), der einen Karpfen mit goldgefassten Augen darstellt. Ein einzigartiges Kunstwerk.Der Koi-Karpfen ist in der japanischen Kultur hoch gesch\u00e4tzt und eines der beliebtesten Motive in\u2026","rel":"","context":"\u00c4hnlicher Beitrag","block_context":{"text":"\u00c4hnlicher Beitrag","link":""},"img":{"alt_text":"Daisho tsuba for sale","src":"https:\/\/i0.wp.com\/www.supeinnihonto.com\/wp-content\/uploads\/2026\/03\/DSC_6444-scaled.jpg?fit=1200%2C800&ssl=1&resize=350%2C200","width":350,"height":200,"srcset":"https:\/\/i0.wp.com\/www.supeinnihonto.com\/wp-content\/uploads\/2026\/03\/DSC_6444-scaled.jpg?fit=1200%2C800&ssl=1&resize=350%2C200 1x, https:\/\/i0.wp.com\/www.supeinnihonto.com\/wp-content\/uploads\/2026\/03\/DSC_6444-scaled.jpg?fit=1200%2C800&ssl=1&resize=525%2C300 1.5x, https:\/\/i0.wp.com\/www.supeinnihonto.com\/wp-content\/uploads\/2026\/03\/DSC_6444-scaled.jpg?fit=1200%2C800&ssl=1&resize=700%2C400 2x, https:\/\/i0.wp.com\/www.supeinnihonto.com\/wp-content\/uploads\/2026\/03\/DSC_6444-scaled.jpg?fit=1200%2C800&ssl=1&resize=1050%2C600 3x"},"classes":[]},{"id":45070,"url":"https:\/\/www.supeinnihonto.com\/de\/produkt\/marugata-tsuba-aus-kupfer-mit-koi-motiv-nbthk-hozon-zertifiziert-12\/","url_meta":{"origin":14749,"position":5},"title":"Marugata-Tsuba aus Kupfer mit Koi-Motiv, NBTHK-Hozon-zertifiziert","author":"Eric Majo","date":"1 de M\u00e4rz de 2026","format":false,"excerpt":"ARTIKEL: Wird mit Zertifikat von Supein Nihonto geliefert. Inklusive NBTHK-Hozon-Zertifikat. Inklusive Holzbox. Wundersch\u00f6ner Kupfer-Tsuba aus dem 19. Jahrhundert, signiert, mit Rand und Reliefs aus Shakud\u014d (Gold-Kupfer-Legierung), der einen Karpfen mit goldgefassten Augen darstellt. Ein einzigartiges Kunstwerk.Der Koi-Karpfen ist in der japanischen Kultur hoch gesch\u00e4tzt und eines der beliebtesten Motive in\u2026","rel":"","context":"\u00c4hnlicher Beitrag","block_context":{"text":"\u00c4hnlicher Beitrag","link":""},"img":{"alt_text":"Silver tsuba for sale","src":"https:\/\/i0.wp.com\/www.supeinnihonto.com\/wp-content\/uploads\/2026\/03\/DSC_6396-scaled.jpg?fit=1200%2C800&ssl=1&resize=350%2C200","width":350,"height":200,"srcset":"https:\/\/i0.wp.com\/www.supeinnihonto.com\/wp-content\/uploads\/2026\/03\/DSC_6396-scaled.jpg?fit=1200%2C800&ssl=1&resize=350%2C200 1x, https:\/\/i0.wp.com\/www.supeinnihonto.com\/wp-content\/uploads\/2026\/03\/DSC_6396-scaled.jpg?fit=1200%2C800&ssl=1&resize=525%2C300 1.5x, https:\/\/i0.wp.com\/www.supeinnihonto.com\/wp-content\/uploads\/2026\/03\/DSC_6396-scaled.jpg?fit=1200%2C800&ssl=1&resize=700%2C400 2x, https:\/\/i0.wp.com\/www.supeinnihonto.com\/wp-content\/uploads\/2026\/03\/DSC_6396-scaled.jpg?fit=1200%2C800&ssl=1&resize=1050%2C600 3x"},"classes":[]}],"jetpack_sharing_enabled":true,"_links":{"self":[{"href":"https:\/\/www.supeinnihonto.com\/de\/wp-json\/wp\/v2\/product\/14749","targetHints":{"allow":["GET"]}}],"collection":[{"href":"https:\/\/www.supeinnihonto.com\/de\/wp-json\/wp\/v2\/product"}],"about":[{"href":"https:\/\/www.supeinnihonto.com\/de\/wp-json\/wp\/v2\/types\/product"}],"wp:featuredmedia":[{"embeddable":true,"href":"https:\/\/www.supeinnihonto.com\/de\/wp-json\/wp\/v2\/media\/39641"}],"wp:attachment":[{"href":"https:\/\/www.supeinnihonto.com\/de\/wp-json\/wp\/v2\/media?parent=14749"}],"wp:term":[{"taxonomy":"product_brand","embeddable":true,"href":"https:\/\/www.supeinnihonto.com\/de\/wp-json\/wp\/v2\/product_brand?post=14749"},{"taxonomy":"product_cat","embeddable":true,"href":"https:\/\/www.supeinnihonto.com\/de\/wp-json\/wp\/v2\/product_cat?post=14749"},{"taxonomy":"product_tag","embeddable":true,"href":"https:\/\/www.supeinnihonto.com\/de\/wp-json\/wp\/v2\/product_tag?post=14749"}],"curies":[{"name":"wp","href":"https:\/\/api.w.org\/{rel}","templated":true}]}}