{"id":14677,"date":"2024-05-10T17:18:53","date_gmt":"2024-05-10T17:18:53","guid":{"rendered":"https:\/\/www.supeinnihonto.com\/product\/inro-makie-chicken-and-hen\/"},"modified":"2025-12-27T15:43:58","modified_gmt":"2025-12-27T15:43:58","slug":"inro-in-maki-e-mit-hahn-und-henne","status":"publish","type":"product","link":"https:\/\/www.supeinnihonto.com\/de\/produkt\/inro-in-maki-e-mit-hahn-und-henne\/","title":{"rendered":"Inr\u014d in Maki-e mit Hahn und Henne"},"content":{"rendered":"<p><em><strong>Objekt: <\/strong><\/em><\/p>\n<p><span>Inr\u014d in Maki-e mit Hahn und Henne. Gro\u00dfes, sch\u00f6nes Inr\u014d in Maki-e mit hervorragender Darstellung der V\u00f6gel und ihrer Bewegung. Inr\u014d in ausgezeichnetem Erhaltungszustand und signiert. Kagamibuta-Netsuke mit einigen alten Reparaturen. Verwendung von Silber, Gold und rotem Lack f\u00fcr die Wappen. Hervorragendes Sammlerst\u00fcck.<\/span><\/p>\n<p>8 x 7 cm<\/p>\n<p><em><strong><span style=\"color: #000000;\">Was ist ein Inr\u014d?<\/span><\/strong><\/em><\/p>\n<p><span style=\"color: #000000;\">Ein <i><b>Inr\u014d<\/b><\/i> ist ein traditionelles japanisches Beh\u00e4ltnis zur Aufbewahrung kleiner Gegenst\u00e4nde, das am <span title=\"Japanese-language romanization\"><i lang=\"ja-Latn\"><a href=\"https:\/\/en.wikipedia.org\/wiki\/Obi_(sash)\" title=\"Obi (sash)\" style=\"color: #000000;\">Obi<\/a><\/i><\/span> (G\u00fcrtel) getragen wird, der um die Taille eines <a href=\"https:\/\/en.wikipedia.org\/wiki\/Kimono\" title=\"Kimono\" style=\"color: #000000;\">Kimono<\/a> gebunden ist. Sie sind oft reich verziert mit Materialien wie <a href=\"https:\/\/en.wikipedia.org\/wiki\/Lacquer\" title=\"Lacquer\" style=\"color: #000000;\">Lack<\/a> und Techniken wie <span title=\"Japanese-language romanization\"><i lang=\"ja-Latn\"><a href=\"https:\/\/en.wikipedia.org\/wiki\/Maki-e\" title=\"Maki-e\" style=\"color: #000000;\">Maki-e<\/a><\/i><\/span> und sind meist dekorativer als andere <a href=\"https:\/\/en.wikipedia.org\/wiki\/Japanese_lacquerware\" title=\"Japanese lacquerware\" style=\"color: #000000;\">japanische Lackarbeiten<\/a>.<sup id=\"cite_ref-murata104_1-0\" class=\"reference\"><\/sup><sup id=\"cite_ref-saimitsu79_2-0\" class=\"reference\"><\/sup><\/span><\/p>\n<p><span style=\"color: #000000;\">Da die traditionelle japanische Kleidung keine Taschen hatte, wurden Gegenst\u00e4nde h\u00e4ufig am <span title=\"Japanese-language romanization\"><i lang=\"ja-Latn\">Obi<\/i><\/span> in Beh\u00e4ltern getragen, die als <span title=\"Japanese-language romanization\"><i lang=\"ja-Latn\"><a href=\"https:\/\/en.wiktionary.org\/wiki\/sagemono\" class=\"extiw\" title=\"wikt:sagemono\" style=\"color: #000000;\">Sagemono<\/a><\/i><\/span> bezeichnet werden (h\u00e4ngende Objekte am G\u00fcrtel). Die meisten <span title=\"Japanese-language romanization\"><i lang=\"ja-Latn\">Sagemono<\/i><\/span> dienten speziellen Zwecken wie Tabak, Pfeifen, Schreibpinsel und Tinte, doch der Typ <span title=\"Japanese-language romanization\"><i lang=\"ja-Latn\">Inr\u014d<\/i><\/span> eignete sich f\u00fcr kleine Gegenst\u00e4nde und entstand in der <a href=\"https:\/\/en.wikipedia.org\/wiki\/Sengoku_period\" title=\"Sengoku period\" style=\"color: #000000;\">Sengoku-Zeit<\/a> (1467\u20131615) als tragbares Siegel und Medikamentenbeh\u00e4lter f\u00fcr Reisen.<\/span><sup id=\"cite_ref-murata104_1-1\" class=\"reference\"><\/sup><sup id=\"cite_ref-saimitsu79_2-1\" class=\"reference\"><\/sup><\/p>\n","protected":false},"excerpt":{"rendered":"<p>Objekt: Inr\u014d in Maki-e mit Hahn und Henne. Gro\u00dfes, sch\u00f6nes Inr\u014d in Maki-e mit hervorragender Darstellung der V\u00f6gel und ihrer Bewegung. Inr\u014d in ausgezeichnetem Erhaltungszustand und signiert. Kagamibuta-Netsuke mit einigen alten Reparaturen. Verwendung von Silber, Gold und rotem Lack f\u00fcr die Wappen. Hervorragendes Sammlerst\u00fcck. 8 x 7 cm Was ist [&hellip;]<\/p>\n","protected":false},"featured_media":14678,"template":"","meta":{"jetpack_post_was_ever_published":false},"product_brand":[],"product_cat":[571],"product_tag":[],"class_list":{"0":"post-14677","1":"product","2":"type-product","3":"status-publish","4":"has-post-thumbnail","6":"product_cat-inro","7":"product_shipping_class-light","9":"first","10":"instock","11":"featured","12":"sold-individually","13":"shipping-taxable","14":"purchasable","15":"product-type-simple"},"yoast_head":"<!-- This site is optimized with the Yoast SEO plugin v27.4 - https:\/\/yoast.com\/product\/yoast-seo-wordpress\/ -->\n<title>Inr\u014d in Maki-e mit Hahn und Henne - Supein Nihonto<\/title>\n<meta name=\"description\" content=\"Gro\u00dfes Inr\u014d in Maki-e mit hervorragender Darstellung der V\u00f6gel und ihrer Bewegung. Inr\u014d in ausgezeichnetem Erhaltungszustand und signiert.\" \/>\n<meta name=\"robots\" content=\"index, follow, max-snippet:-1, max-image-preview:large, max-video-preview:-1\" \/>\n<link rel=\"canonical\" href=\"https:\/\/www.supeinnihonto.com\/de\/produkt\/inro-in-maki-e-mit-hahn-und-henne\/\" \/>\n<meta property=\"og:locale\" content=\"de_DE\" \/>\n<meta property=\"og:type\" content=\"article\" \/>\n<meta property=\"og:title\" content=\"Inr\u014d in Maki-e mit Hahn und Henne - Supein Nihonto\" \/>\n<meta property=\"og:description\" content=\"Gro\u00dfes Inr\u014d in Maki-e mit hervorragender Darstellung der V\u00f6gel und ihrer Bewegung. Inr\u014d in ausgezeichnetem Erhaltungszustand und signiert.\" \/>\n<meta property=\"og:url\" content=\"https:\/\/www.supeinnihonto.com\/de\/produkt\/inro-in-maki-e-mit-hahn-und-henne\/\" \/>\n<meta property=\"og:site_name\" content=\"Supein Nihonto\" \/>\n<meta property=\"article:modified_time\" content=\"2025-12-27T15:43:58+00:00\" \/>\n<meta property=\"og:image\" content=\"https:\/\/www.supeinnihonto.com\/wp-content\/uploads\/2024\/05\/DSC_3680-scaled.jpg\" \/>\n\t<meta property=\"og:image:width\" content=\"2560\" \/>\n\t<meta property=\"og:image:height\" content=\"1707\" \/>\n\t<meta property=\"og:image:type\" content=\"image\/jpeg\" \/>\n<meta name=\"twitter:card\" content=\"summary_large_image\" \/>\n<meta name=\"twitter:label1\" content=\"Gesch\u00e4tzte Lesezeit\" \/>\n\t<meta name=\"twitter:data1\" content=\"2\u00a0Minuten\" \/>\n<script type=\"application\/ld+json\" class=\"yoast-schema-graph\">{\"@context\":\"https:\\\/\\\/schema.org\",\"@graph\":[{\"@type\":\"WebPage\",\"@id\":\"https:\\\/\\\/www.supeinnihonto.com\\\/de\\\/produkt\\\/inro-in-maki-e-mit-hahn-und-henne\\\/\",\"url\":\"https:\\\/\\\/www.supeinnihonto.com\\\/de\\\/produkt\\\/inro-in-maki-e-mit-hahn-und-henne\\\/\",\"name\":\"Inr\u014d in Maki-e mit Hahn und Henne - Supein Nihonto\",\"isPartOf\":{\"@id\":\"https:\\\/\\\/www.supeinnihonto.com\\\/de\\\/#website\"},\"primaryImageOfPage\":{\"@id\":\"https:\\\/\\\/www.supeinnihonto.com\\\/de\\\/produkt\\\/inro-in-maki-e-mit-hahn-und-henne\\\/#primaryimage\"},\"image\":{\"@id\":\"https:\\\/\\\/www.supeinnihonto.com\\\/de\\\/produkt\\\/inro-in-maki-e-mit-hahn-und-henne\\\/#primaryimage\"},\"thumbnailUrl\":\"https:\\\/\\\/i0.wp.com\\\/www.supeinnihonto.com\\\/wp-content\\\/uploads\\\/2024\\\/05\\\/DSC_3680-scaled.jpg?fit=2560%2C1707&ssl=1\",\"datePublished\":\"2024-05-10T17:18:53+00:00\",\"dateModified\":\"2025-12-27T15:43:58+00:00\",\"description\":\"Gro\u00dfes Inr\u014d in Maki-e mit hervorragender Darstellung der V\u00f6gel und ihrer Bewegung. Inr\u014d in ausgezeichnetem Erhaltungszustand und signiert.\",\"breadcrumb\":{\"@id\":\"https:\\\/\\\/www.supeinnihonto.com\\\/de\\\/produkt\\\/inro-in-maki-e-mit-hahn-und-henne\\\/#breadcrumb\"},\"inLanguage\":\"de\",\"potentialAction\":[{\"@type\":\"ReadAction\",\"target\":[\"https:\\\/\\\/www.supeinnihonto.com\\\/de\\\/produkt\\\/inro-in-maki-e-mit-hahn-und-henne\\\/\"]}]},{\"@type\":\"ImageObject\",\"inLanguage\":\"de\",\"@id\":\"https:\\\/\\\/www.supeinnihonto.com\\\/de\\\/produkt\\\/inro-in-maki-e-mit-hahn-und-henne\\\/#primaryimage\",\"url\":\"https:\\\/\\\/i0.wp.com\\\/www.supeinnihonto.com\\\/wp-content\\\/uploads\\\/2024\\\/05\\\/DSC_3680-scaled.jpg?fit=2560%2C1707&ssl=1\",\"contentUrl\":\"https:\\\/\\\/i0.wp.com\\\/www.supeinnihonto.com\\\/wp-content\\\/uploads\\\/2024\\\/05\\\/DSC_3680-scaled.jpg?fit=2560%2C1707&ssl=1\",\"width\":2560,\"height\":1707,\"caption\":\"Inro makie chicken and hen\"},{\"@type\":\"BreadcrumbList\",\"@id\":\"https:\\\/\\\/www.supeinnihonto.com\\\/de\\\/produkt\\\/inro-in-maki-e-mit-hahn-und-henne\\\/#breadcrumb\",\"itemListElement\":[{\"@type\":\"ListItem\",\"position\":1,\"name\":\"Portada\",\"item\":\"https:\\\/\\\/www.supeinnihonto.com\\\/de\\\/\"},{\"@type\":\"ListItem\",\"position\":2,\"name\":\"Shop\",\"item\":\"https:\\\/\\\/www.supeinnihonto.com\\\/de\\\/shop\\\/\"},{\"@type\":\"ListItem\",\"position\":3,\"name\":\"Inr\u014d in Maki-e mit Hahn und Henne\"}]},{\"@type\":\"WebSite\",\"@id\":\"https:\\\/\\\/www.supeinnihonto.com\\\/de\\\/#website\",\"url\":\"https:\\\/\\\/www.supeinnihonto.com\\\/de\\\/\",\"name\":\"Supein Nihonto\",\"description\":\"Authentic japanese Nihonto katana \",\"publisher\":{\"@id\":\"https:\\\/\\\/www.supeinnihonto.com\\\/de\\\/#organization\"},\"potentialAction\":[{\"@type\":\"SearchAction\",\"target\":{\"@type\":\"EntryPoint\",\"urlTemplate\":\"https:\\\/\\\/www.supeinnihonto.com\\\/de\\\/?s={search_term_string}\"},\"query-input\":{\"@type\":\"PropertyValueSpecification\",\"valueRequired\":true,\"valueName\":\"search_term_string\"}}],\"inLanguage\":\"de\"},{\"@type\":\"Organization\",\"@id\":\"https:\\\/\\\/www.supeinnihonto.com\\\/de\\\/#organization\",\"name\":\"SupeinNihonto\",\"url\":\"https:\\\/\\\/www.supeinnihonto.com\\\/de\\\/\",\"logo\":{\"@type\":\"ImageObject\",\"inLanguage\":\"de\",\"@id\":\"https:\\\/\\\/www.supeinnihonto.com\\\/de\\\/#\\\/schema\\\/logo\\\/image\\\/\",\"url\":\"https:\\\/\\\/www.supeinnihonto.com\\\/wp-content\\\/uploads\\\/2021\\\/11\\\/animation_Default_3szk0jcenoloop.gif\",\"contentUrl\":\"https:\\\/\\\/www.supeinnihonto.com\\\/wp-content\\\/uploads\\\/2021\\\/11\\\/animation_Default_3szk0jcenoloop.gif\",\"width\":750,\"height\":641,\"caption\":\"SupeinNihonto\"},\"image\":{\"@id\":\"https:\\\/\\\/www.supeinnihonto.com\\\/de\\\/#\\\/schema\\\/logo\\\/image\\\/\"}}]}<\/script>\n<!-- \/ Yoast SEO plugin. -->","yoast_head_json":{"title":"Inr\u014d in Maki-e mit Hahn und Henne - Supein Nihonto","description":"Gro\u00dfes Inr\u014d in Maki-e mit hervorragender Darstellung der V\u00f6gel und ihrer Bewegung. Inr\u014d in ausgezeichnetem Erhaltungszustand und signiert.","robots":{"index":"index","follow":"follow","max-snippet":"max-snippet:-1","max-image-preview":"max-image-preview:large","max-video-preview":"max-video-preview:-1"},"canonical":"https:\/\/www.supeinnihonto.com\/de\/produkt\/inro-in-maki-e-mit-hahn-und-henne\/","og_locale":"de_DE","og_type":"article","og_title":"Inr\u014d in Maki-e mit Hahn und Henne - Supein Nihonto","og_description":"Gro\u00dfes Inr\u014d in Maki-e mit hervorragender Darstellung der V\u00f6gel und ihrer Bewegung. Inr\u014d in ausgezeichnetem Erhaltungszustand und signiert.","og_url":"https:\/\/www.supeinnihonto.com\/de\/produkt\/inro-in-maki-e-mit-hahn-und-henne\/","og_site_name":"Supein Nihonto","article_modified_time":"2025-12-27T15:43:58+00:00","og_image":[{"width":2560,"height":1707,"url":"https:\/\/www.supeinnihonto.com\/wp-content\/uploads\/2024\/05\/DSC_3680-scaled.jpg","type":"image\/jpeg"}],"twitter_card":"summary_large_image","twitter_misc":{"Gesch\u00e4tzte Lesezeit":"2\u00a0Minuten"},"schema":{"@context":"https:\/\/schema.org","@graph":[{"@type":"WebPage","@id":"https:\/\/www.supeinnihonto.com\/de\/produkt\/inro-in-maki-e-mit-hahn-und-henne\/","url":"https:\/\/www.supeinnihonto.com\/de\/produkt\/inro-in-maki-e-mit-hahn-und-henne\/","name":"Inr\u014d in Maki-e mit Hahn und Henne - Supein Nihonto","isPartOf":{"@id":"https:\/\/www.supeinnihonto.com\/de\/#website"},"primaryImageOfPage":{"@id":"https:\/\/www.supeinnihonto.com\/de\/produkt\/inro-in-maki-e-mit-hahn-und-henne\/#primaryimage"},"image":{"@id":"https:\/\/www.supeinnihonto.com\/de\/produkt\/inro-in-maki-e-mit-hahn-und-henne\/#primaryimage"},"thumbnailUrl":"https:\/\/i0.wp.com\/www.supeinnihonto.com\/wp-content\/uploads\/2024\/05\/DSC_3680-scaled.jpg?fit=2560%2C1707&ssl=1","datePublished":"2024-05-10T17:18:53+00:00","dateModified":"2025-12-27T15:43:58+00:00","description":"Gro\u00dfes Inr\u014d in Maki-e mit hervorragender Darstellung der V\u00f6gel und ihrer Bewegung. Inr\u014d in ausgezeichnetem Erhaltungszustand und signiert.","breadcrumb":{"@id":"https:\/\/www.supeinnihonto.com\/de\/produkt\/inro-in-maki-e-mit-hahn-und-henne\/#breadcrumb"},"inLanguage":"de","potentialAction":[{"@type":"ReadAction","target":["https:\/\/www.supeinnihonto.com\/de\/produkt\/inro-in-maki-e-mit-hahn-und-henne\/"]}]},{"@type":"ImageObject","inLanguage":"de","@id":"https:\/\/www.supeinnihonto.com\/de\/produkt\/inro-in-maki-e-mit-hahn-und-henne\/#primaryimage","url":"https:\/\/i0.wp.com\/www.supeinnihonto.com\/wp-content\/uploads\/2024\/05\/DSC_3680-scaled.jpg?fit=2560%2C1707&ssl=1","contentUrl":"https:\/\/i0.wp.com\/www.supeinnihonto.com\/wp-content\/uploads\/2024\/05\/DSC_3680-scaled.jpg?fit=2560%2C1707&ssl=1","width":2560,"height":1707,"caption":"Inro makie chicken and hen"},{"@type":"BreadcrumbList","@id":"https:\/\/www.supeinnihonto.com\/de\/produkt\/inro-in-maki-e-mit-hahn-und-henne\/#breadcrumb","itemListElement":[{"@type":"ListItem","position":1,"name":"Portada","item":"https:\/\/www.supeinnihonto.com\/de\/"},{"@type":"ListItem","position":2,"name":"Shop","item":"https:\/\/www.supeinnihonto.com\/de\/shop\/"},{"@type":"ListItem","position":3,"name":"Inr\u014d in Maki-e mit Hahn und Henne"}]},{"@type":"WebSite","@id":"https:\/\/www.supeinnihonto.com\/de\/#website","url":"https:\/\/www.supeinnihonto.com\/de\/","name":"Supein Nihonto","description":"Authentic japanese Nihonto katana ","publisher":{"@id":"https:\/\/www.supeinnihonto.com\/de\/#organization"},"potentialAction":[{"@type":"SearchAction","target":{"@type":"EntryPoint","urlTemplate":"https:\/\/www.supeinnihonto.com\/de\/?s={search_term_string}"},"query-input":{"@type":"PropertyValueSpecification","valueRequired":true,"valueName":"search_term_string"}}],"inLanguage":"de"},{"@type":"Organization","@id":"https:\/\/www.supeinnihonto.com\/de\/#organization","name":"SupeinNihonto","url":"https:\/\/www.supeinnihonto.com\/de\/","logo":{"@type":"ImageObject","inLanguage":"de","@id":"https:\/\/www.supeinnihonto.com\/de\/#\/schema\/logo\/image\/","url":"https:\/\/www.supeinnihonto.com\/wp-content\/uploads\/2021\/11\/animation_Default_3szk0jcenoloop.gif","contentUrl":"https:\/\/www.supeinnihonto.com\/wp-content\/uploads\/2021\/11\/animation_Default_3szk0jcenoloop.gif","width":750,"height":641,"caption":"SupeinNihonto"},"image":{"@id":"https:\/\/www.supeinnihonto.com\/de\/#\/schema\/logo\/image\/"}}]}},"jetpack-related-posts":[{"id":14853,"url":"https:\/\/www.supeinnihonto.com\/de\/produkt\/inro-in-maki-e-mit-hahn-und-henne-2\/","url_meta":{"origin":14677,"position":0},"title":"Inr\u014d in Maki-e mit Hahn und Henne","author":"Supein Nihonto","date":"9 de Mai de 2024","format":false,"excerpt":"Objekt: Inr\u014d in Maki-e mit Hahn und Henne. F\u00fcnfteiliger Inr\u014d, lackiert mit der Darstellung eines Hahns und einer Henne, wobei der Hahn auf einer Trommel steht, unter einer Kiefer mit herabh\u00e4ngenden Zweigen, die sich auf die andere Seite \u00fcber zwei K\u00fcken erstrecken; Trommel und Kiefer mit eingelegten Silberdetails, das Innere\u2026","rel":"","context":"\u00c4hnlicher Beitrag","block_context":{"text":"\u00c4hnlicher Beitrag","link":""},"img":{"alt_text":"Inro Rooster and hen","src":"https:\/\/i0.wp.com\/www.supeinnihonto.com\/wp-content\/uploads\/2024\/05\/DSC_3622-scaled.jpg?fit=800%2C1200&ssl=1&resize=350%2C200","width":350,"height":200,"srcset":"https:\/\/i0.wp.com\/www.supeinnihonto.com\/wp-content\/uploads\/2024\/05\/DSC_3622-scaled.jpg?fit=800%2C1200&ssl=1&resize=350%2C200 1x, https:\/\/i0.wp.com\/www.supeinnihonto.com\/wp-content\/uploads\/2024\/05\/DSC_3622-scaled.jpg?fit=800%2C1200&ssl=1&resize=525%2C300 1.5x, https:\/\/i0.wp.com\/www.supeinnihonto.com\/wp-content\/uploads\/2024\/05\/DSC_3622-scaled.jpg?fit=800%2C1200&ssl=1&resize=700%2C400 2x"},"classes":[]},{"id":14877,"url":"https:\/\/www.supeinnihonto.com\/de\/produkt\/inro-mit-maki-e-dekor-von-pferden-und-ochsen\/","url_meta":{"origin":14677,"position":1},"title":"Inro mit Maki-e-Dekor von Pferden und Ochsen","author":"Supein Nihonto","date":"9 de Mai de 2024","format":false,"excerpt":"Objekt: Inro mit Maki-e-Dekor von Pferden und Ochsen. Signiert \u201eKajikawa Tomohide\u201c. Wundersch\u00f6nes Inro in au\u00dfergew\u00f6hnlichem Erhaltungszustand mit hervorragender Maki-e-Technik, Pferde auf der einen Seite und Ochsen auf der anderen. Das St\u00fcck befindet sich in nahezu makellosem Zustand und bewahrt alle seine Elemente, wie den ebenfalls mit Maki-e lackierten Manju-Netsuke oder\u2026","rel":"","context":"\u00c4hnlicher Beitrag","block_context":{"text":"\u00c4hnlicher Beitrag","link":""},"img":{"alt_text":"Inro Makie horses and oxen","src":"https:\/\/i0.wp.com\/www.supeinnihonto.com\/wp-content\/uploads\/2024\/05\/DSC_3581-scaled.jpg?fit=1200%2C800&ssl=1&resize=350%2C200","width":350,"height":200,"srcset":"https:\/\/i0.wp.com\/www.supeinnihonto.com\/wp-content\/uploads\/2024\/05\/DSC_3581-scaled.jpg?fit=1200%2C800&ssl=1&resize=350%2C200 1x, https:\/\/i0.wp.com\/www.supeinnihonto.com\/wp-content\/uploads\/2024\/05\/DSC_3581-scaled.jpg?fit=1200%2C800&ssl=1&resize=525%2C300 1.5x, https:\/\/i0.wp.com\/www.supeinnihonto.com\/wp-content\/uploads\/2024\/05\/DSC_3581-scaled.jpg?fit=1200%2C800&ssl=1&resize=700%2C400 2x, https:\/\/i0.wp.com\/www.supeinnihonto.com\/wp-content\/uploads\/2024\/05\/DSC_3581-scaled.jpg?fit=1200%2C800&ssl=1&resize=1050%2C600 3x"},"classes":[]},{"id":14845,"url":"https:\/\/www.supeinnihonto.com\/de\/produkt\/inro-in-maki-e-mit-voegeln-und-pflaumenbaum\/","url_meta":{"origin":14677,"position":2},"title":"Inr\u014d in Maki-e mit V\u00f6geln und Pflaumenbaum","author":"Supein Nihonto","date":"10 de Mai de 2024","format":false,"excerpt":"Objekt: Inr\u014d in Maki-e mit V\u00f6geln und Pflaumenbaum. Gro\u00dfes und beeindruckendes Inr\u014d mit f\u00fcnf F\u00e4chern, ausgef\u00fchrt in kostbarer Arbeit mit verschiedenen Techniken, in ausgezeichnetem Erhaltungszustand. Aus der Meiji-Zeit, Ende des 19. Jahrhunderts. Das Inr\u014d umfasst au\u00dferdem einen metallenen Ojime mit Cloisonn\u00e9-Dekor sowie einen antiken h\u00f6lzernen Netsuke aus dem 19. Jahrhundert.\u2026","rel":"","context":"\u00c4hnlicher Beitrag","block_context":{"text":"\u00c4hnlicher Beitrag","link":""},"img":{"alt_text":"Inro makie birds","src":"https:\/\/i0.wp.com\/www.supeinnihonto.com\/wp-content\/uploads\/2024\/05\/DSC_3629-scaled.jpg?fit=800%2C1200&ssl=1&resize=350%2C200","width":350,"height":200,"srcset":"https:\/\/i0.wp.com\/www.supeinnihonto.com\/wp-content\/uploads\/2024\/05\/DSC_3629-scaled.jpg?fit=800%2C1200&ssl=1&resize=350%2C200 1x, https:\/\/i0.wp.com\/www.supeinnihonto.com\/wp-content\/uploads\/2024\/05\/DSC_3629-scaled.jpg?fit=800%2C1200&ssl=1&resize=525%2C300 1.5x, https:\/\/i0.wp.com\/www.supeinnihonto.com\/wp-content\/uploads\/2024\/05\/DSC_3629-scaled.jpg?fit=800%2C1200&ssl=1&resize=700%2C400 2x"},"classes":[]},{"id":14779,"url":"https:\/\/www.supeinnihonto.com\/de\/produkt\/inro-mit-maki-e-dekor-mit-chrysanthemenblueten\/","url_meta":{"origin":14677,"position":3},"title":"Inro mit Maki-e-Dekor mit Chrysanthemenbl\u00fcten","author":"Supein Nihonto","date":"9 de Mai de 2024","format":false,"excerpt":"Objekt: Inro mit Maki-e-Dekor mit Chrysanthemenbl\u00fcten. Seltenes Inro im Miniaturformat von exquisiter Handwerkskunst, mit zahlreichen Details und einigen Shibayama-Einlagen aus Perlmutt. Manju-Netsuke aus Bronze und Knochen. Ojime aus roter Koralle. Sowohl das Inro als auch das Netsuke befinden sich in sehr gutem Zustand, was f\u00fcr die meisten Sammler von gro\u00dfer\u2026","rel":"","context":"\u00c4hnlicher Beitrag","block_context":{"text":"\u00c4hnlicher Beitrag","link":""},"img":{"alt_text":"Inro Makie Chrisantemum flowers","src":"https:\/\/i0.wp.com\/www.supeinnihonto.com\/wp-content\/uploads\/2024\/05\/Inro-Makie-Chrisantemum-flowers.webp?fit=1200%2C800&ssl=1&resize=350%2C200","width":350,"height":200,"srcset":"https:\/\/i0.wp.com\/www.supeinnihonto.com\/wp-content\/uploads\/2024\/05\/Inro-Makie-Chrisantemum-flowers.webp?fit=1200%2C800&ssl=1&resize=350%2C200 1x, https:\/\/i0.wp.com\/www.supeinnihonto.com\/wp-content\/uploads\/2024\/05\/Inro-Makie-Chrisantemum-flowers.webp?fit=1200%2C800&ssl=1&resize=525%2C300 1.5x, https:\/\/i0.wp.com\/www.supeinnihonto.com\/wp-content\/uploads\/2024\/05\/Inro-Makie-Chrisantemum-flowers.webp?fit=1200%2C800&ssl=1&resize=700%2C400 2x, https:\/\/i0.wp.com\/www.supeinnihonto.com\/wp-content\/uploads\/2024\/05\/Inro-Makie-Chrisantemum-flowers.webp?fit=1200%2C800&ssl=1&resize=1050%2C600 3x"},"classes":[]},{"id":14685,"url":"https:\/\/www.supeinnihonto.com\/de\/produkt\/inro-in-shibayama-maki-e-mit-pfau\/","url_meta":{"origin":14677,"position":4},"title":"Inr\u014d in Shibayama-Maki-e mit Pfau","author":"Supein Nihonto","date":"10 de Mai de 2024","format":false,"excerpt":"Objekt: Edo-Zeit oder fr\u00fche Meiji-Zeit. 19. Jahrhundert. Inr\u014d in Shibayama-Maki-e mit Pfau. In Gold Takamaki-e dekoriert, mit der Darstellung eines stehenden Pfaus mit aufgerichtetem Schwanzgefieder, das sich \u00fcber die andere Seite oberhalb einer Pfauhenne erstreckt; die \u201eAugen\u201c der Schwanzfedern des M\u00e4nnchens sind mit Perlmutt eingelegt, das Innere reich in Nashiji\u2026","rel":"","context":"\u00c4hnlicher Beitrag","block_context":{"text":"\u00c4hnlicher Beitrag","link":""},"img":{"alt_text":"Inro Makie shibayama peacock","src":"https:\/\/i0.wp.com\/www.supeinnihonto.com\/wp-content\/uploads\/2024\/05\/DSC_3666-scaled.jpg?fit=1200%2C800&ssl=1&resize=350%2C200","width":350,"height":200,"srcset":"https:\/\/i0.wp.com\/www.supeinnihonto.com\/wp-content\/uploads\/2024\/05\/DSC_3666-scaled.jpg?fit=1200%2C800&ssl=1&resize=350%2C200 1x, https:\/\/i0.wp.com\/www.supeinnihonto.com\/wp-content\/uploads\/2024\/05\/DSC_3666-scaled.jpg?fit=1200%2C800&ssl=1&resize=525%2C300 1.5x, https:\/\/i0.wp.com\/www.supeinnihonto.com\/wp-content\/uploads\/2024\/05\/DSC_3666-scaled.jpg?fit=1200%2C800&ssl=1&resize=700%2C400 2x, https:\/\/i0.wp.com\/www.supeinnihonto.com\/wp-content\/uploads\/2024\/05\/DSC_3666-scaled.jpg?fit=1200%2C800&ssl=1&resize=1050%2C600 3x"},"classes":[]},{"id":14861,"url":"https:\/\/www.supeinnihonto.com\/de\/produkt\/inro-in-shibayama-maki-e-mit-pilzmotiv-kinoko\/","url_meta":{"origin":14677,"position":5},"title":"Inr\u014d in Shibayama-Maki-e mit Pilzmotiv (Kinoko)","author":"Supein Nihonto","date":"9 de Mai de 2024","format":false,"excerpt":"Artikel:\u00a0 Wundersch\u00f6nes Inro mit Maki-e und Perlmutt-eingelegtem Shibayama. Signiert. Das Inro befindet sich in fantastischem Zustand ebenso wie das aus Holz geschnitzte Netsuke in Form von Pilzen aus der Edo-Zeit. Glas-Ojime. 19. Jahrhundert. 8,7 x 6 cm Was ist ein Inro? Ein\u00a0Inro\u00a0ist ein traditioneller japanischer Beh\u00e4lter zur Aufbewahrung kleiner Gegenst\u00e4nde,\u2026","rel":"","context":"\u00c4hnlicher Beitrag","block_context":{"text":"\u00c4hnlicher Beitrag","link":""},"img":{"alt_text":"Inro makie shibayama kinoko","src":"https:\/\/i0.wp.com\/www.supeinnihonto.com\/wp-content\/uploads\/2024\/05\/DSC_3604-scaled.jpg?fit=800%2C1200&ssl=1&resize=350%2C200","width":350,"height":200,"srcset":"https:\/\/i0.wp.com\/www.supeinnihonto.com\/wp-content\/uploads\/2024\/05\/DSC_3604-scaled.jpg?fit=800%2C1200&ssl=1&resize=350%2C200 1x, https:\/\/i0.wp.com\/www.supeinnihonto.com\/wp-content\/uploads\/2024\/05\/DSC_3604-scaled.jpg?fit=800%2C1200&ssl=1&resize=525%2C300 1.5x, https:\/\/i0.wp.com\/www.supeinnihonto.com\/wp-content\/uploads\/2024\/05\/DSC_3604-scaled.jpg?fit=800%2C1200&ssl=1&resize=700%2C400 2x"},"classes":[]}],"jetpack_sharing_enabled":true,"_links":{"self":[{"href":"https:\/\/www.supeinnihonto.com\/de\/wp-json\/wp\/v2\/product\/14677","targetHints":{"allow":["GET"]}}],"collection":[{"href":"https:\/\/www.supeinnihonto.com\/de\/wp-json\/wp\/v2\/product"}],"about":[{"href":"https:\/\/www.supeinnihonto.com\/de\/wp-json\/wp\/v2\/types\/product"}],"wp:featuredmedia":[{"embeddable":true,"href":"https:\/\/www.supeinnihonto.com\/de\/wp-json\/wp\/v2\/media\/14678"}],"wp:attachment":[{"href":"https:\/\/www.supeinnihonto.com\/de\/wp-json\/wp\/v2\/media?parent=14677"}],"wp:term":[{"taxonomy":"product_brand","embeddable":true,"href":"https:\/\/www.supeinnihonto.com\/de\/wp-json\/wp\/v2\/product_brand?post=14677"},{"taxonomy":"product_cat","embeddable":true,"href":"https:\/\/www.supeinnihonto.com\/de\/wp-json\/wp\/v2\/product_cat?post=14677"},{"taxonomy":"product_tag","embeddable":true,"href":"https:\/\/www.supeinnihonto.com\/de\/wp-json\/wp\/v2\/product_tag?post=14677"}],"curies":[{"name":"wp","href":"https:\/\/api.w.org\/{rel}","templated":true}]}}