{"id":14625,"date":"2024-05-13T15:16:59","date_gmt":"2024-05-13T15:16:59","guid":{"rendered":"https:\/\/www.supeinnihonto.com\/product\/fuchi-kashira-shakudo-swallow\/"},"modified":"2025-12-27T14:59:26","modified_gmt":"2025-12-27T14:59:26","slug":"fuchi-kashira-aus-shakudo-mit-schwalbenmotiv","status":"publish","type":"product","link":"https:\/\/www.supeinnihonto.com\/de\/produkt\/fuchi-kashira-aus-shakudo-mit-schwalbenmotiv\/","title":{"rendered":"Fuchi-Kashira aus Shakud\u014d mit Schwalbenmotiv"},"content":{"rendered":"<div><em><strong>Objekt:<\/strong><\/em><\/div>\n<div><\/div>\n<div><span>Fuchi-Kashira aus Shakud\u014d mit Schwalbenmotiv. Gefertigt aus <i>Shibuichi<\/i>, Kupfer, <i>Shakud\u014d<\/i> und Gold, mit der Darstellung von Feiernden auf einem Boot unter einer Weide und einer Schwalbe, signiert <i>Tsunenao<\/i> mit <i>Kao<\/i><i>.<\/i><\/span><span> <\/span><span>Edo-Zeit.<\/span><\/div>\n<div><\/div>\n<div>Fuchi: 3,5 x 2,1 cm<\/div>\n<div>Kashira: 3,0 x 1,7 cm<\/div>\n<div><\/div>\n<div>Geeignet f\u00fcr Wakizashi und Tant\u014d.<\/div>\n<div><\/div>\n<div class=\"accordion-title active\"><em><strong>Was ist ein Fuchi\/Kashira?<\/strong><\/em><br \/>\n<i class=\"fas fa-caret-up\"><\/i><\/div>\n<div class=\"accordion-content active\" id=\"tab3\">\n<p>Ein Fuchi-Kashira ist ein Paar von Schwertbeschl\u00e4gen, das in der traditionellen japanischen Schwertmontierung (Koshirae) verwendet wird. Sie befinden sich an beiden Enden des Griffs (Tsuka) und erf\u00fcllen sowohl funktionale als auch dekorative Zwecke.<\/p>\n<ul>\n<li style=\"list-style-type: none;\">\n<ul>\n<li><strong>Fuchi:<\/strong><span> <\/span>Das Fuchi ist die Metallmanschette oder Zwinge am Griffansatz, direkt neben der Parierstange (Tsuba). Es dient als dekoratives und sch\u00fctzendes Element und verdeckt den \u00dcbergang zwischen Griff und Parierstange. Das Fuchi besteht in der Regel aus Metall und kann verschiedene Motive aufweisen, oft abgestimmt auf andere Beschl\u00e4ge wie Menuki und Tsuba.<\/li>\n<li><strong>Kashira:<\/strong><span> <\/span>Das Kashira ist der Knauf oder Enddeckel des Griffs und befindet sich am entgegengesetzten Ende der Parierstange (Tsuba). Es sichert die Griffwicklung (Tsukamaki) und dient als Gegengewicht zur Klinge. Wie das Fuchi ist auch das Kashira meist aus Metall gefertigt und kann mit kunstvollen Verzierungen versehen sein, die das Gesamtbild des Schwertes erg\u00e4nzen.<\/li>\n<\/ul>\n<\/li>\n<\/ul>\n<p>Zusammen bilden Fuchi und Kashira ein abgestimmtes Paar von Beschl\u00e4gen, das sowohl zur optischen Wirkung als auch zur Funktionalit\u00e4t des Schwertgriffs beitr\u00e4gt. Sie werden mit gro\u00dfer Sorgfalt gefertigt und k\u00f6nnen in Design, Material und handwerklicher Ausf\u00fchrung stark variieren, was den Stil des Herstellers oder die Vorlieben des Schwertbesitzers widerspiegelt.<\/p>\n<\/div>\n","protected":false},"excerpt":{"rendered":"<p>Objekt: Fuchi-Kashira aus Shakud\u014d mit Schwalbenmotiv. Gefertigt aus Shibuichi, Kupfer, Shakud\u014d und Gold, mit der Darstellung von Feiernden auf einem Boot unter einer Weide und einer Schwalbe, signiert Tsunenao mit Kao. Edo-Zeit. Fuchi: 3,5 x 2,1 cm Kashira: 3,0 x 1,7 cm Geeignet f\u00fcr Wakizashi und Tant\u014d. Was ist ein [&hellip;]<\/p>\n","protected":false},"featured_media":14626,"template":"","meta":{"jetpack_post_was_ever_published":false},"product_brand":[],"product_cat":[576],"product_tag":[],"class_list":{"0":"post-14625","1":"product","2":"type-product","3":"status-publish","4":"has-post-thumbnail","6":"product_cat-fuchi-kashira","7":"product_shipping_class-light","9":"first","10":"instock","11":"featured","12":"sold-individually","13":"shipping-taxable","14":"purchasable","15":"product-type-simple"},"yoast_head":"<!-- This site is optimized with the Yoast SEO plugin v27.5 - https:\/\/yoast.com\/product\/yoast-seo-wordpress\/ -->\n<title>Fuchi-Kashira aus Shakud\u014d mit Schwalbenmotiv - Supein Nihonto<\/title>\n<meta name=\"description\" content=\"Fuchi-Kashira aus Shakud\u014d. Gefertigt aus Shibuichi, Kupfer, Shakud\u014d und Gold, mit der Darstellung von Feiernden auf einem Boot unter einer Weide und einer Schwalbe. Signiert.\" \/>\n<meta name=\"robots\" content=\"index, follow, max-snippet:-1, max-image-preview:large, max-video-preview:-1\" \/>\n<link rel=\"canonical\" href=\"https:\/\/www.supeinnihonto.com\/de\/produkt\/fuchi-kashira-aus-shakudo-mit-schwalbenmotiv\/\" \/>\n<meta property=\"og:locale\" content=\"de_DE\" \/>\n<meta property=\"og:type\" content=\"article\" \/>\n<meta property=\"og:title\" content=\"Fuchi-Kashira aus Shakud\u014d mit Schwalbenmotiv - Supein Nihonto\" \/>\n<meta property=\"og:description\" content=\"Fuchi-Kashira aus Shakud\u014d. Gefertigt aus Shibuichi, Kupfer, Shakud\u014d und Gold, mit der Darstellung von Feiernden auf einem Boot unter einer Weide und einer Schwalbe. Signiert.\" \/>\n<meta property=\"og:url\" content=\"https:\/\/www.supeinnihonto.com\/de\/produkt\/fuchi-kashira-aus-shakudo-mit-schwalbenmotiv\/\" \/>\n<meta property=\"og:site_name\" content=\"Supein Nihonto\" \/>\n<meta property=\"article:modified_time\" content=\"2025-12-27T14:59:26+00:00\" \/>\n<meta property=\"og:image\" content=\"https:\/\/www.supeinnihonto.com\/wp-content\/uploads\/2024\/05\/DSC_3878-scaled.jpg\" \/>\n\t<meta property=\"og:image:width\" content=\"2560\" \/>\n\t<meta property=\"og:image:height\" content=\"1707\" \/>\n\t<meta property=\"og:image:type\" content=\"image\/jpeg\" \/>\n<meta name=\"twitter:card\" content=\"summary_large_image\" \/>\n<meta name=\"twitter:label1\" content=\"Gesch\u00e4tzte Lesezeit\" \/>\n\t<meta name=\"twitter:data1\" content=\"2\u00a0Minuten\" \/>\n<script type=\"application\/ld+json\" class=\"yoast-schema-graph\">{\"@context\":\"https:\\\/\\\/schema.org\",\"@graph\":[{\"@type\":\"WebPage\",\"@id\":\"https:\\\/\\\/www.supeinnihonto.com\\\/de\\\/produkt\\\/fuchi-kashira-aus-shakudo-mit-schwalbenmotiv\\\/\",\"url\":\"https:\\\/\\\/www.supeinnihonto.com\\\/de\\\/produkt\\\/fuchi-kashira-aus-shakudo-mit-schwalbenmotiv\\\/\",\"name\":\"Fuchi-Kashira aus Shakud\u014d mit Schwalbenmotiv - Supein Nihonto\",\"isPartOf\":{\"@id\":\"https:\\\/\\\/www.supeinnihonto.com\\\/de\\\/#website\"},\"primaryImageOfPage\":{\"@id\":\"https:\\\/\\\/www.supeinnihonto.com\\\/de\\\/produkt\\\/fuchi-kashira-aus-shakudo-mit-schwalbenmotiv\\\/#primaryimage\"},\"image\":{\"@id\":\"https:\\\/\\\/www.supeinnihonto.com\\\/de\\\/produkt\\\/fuchi-kashira-aus-shakudo-mit-schwalbenmotiv\\\/#primaryimage\"},\"thumbnailUrl\":\"https:\\\/\\\/i0.wp.com\\\/www.supeinnihonto.com\\\/wp-content\\\/uploads\\\/2024\\\/05\\\/DSC_3878-scaled.jpg?fit=2560%2C1707&ssl=1\",\"datePublished\":\"2024-05-13T15:16:59+00:00\",\"dateModified\":\"2025-12-27T14:59:26+00:00\",\"description\":\"Fuchi-Kashira aus Shakud\u014d. Gefertigt aus Shibuichi, Kupfer, Shakud\u014d und Gold, mit der Darstellung von Feiernden auf einem Boot unter einer Weide und einer Schwalbe. Signiert.\",\"breadcrumb\":{\"@id\":\"https:\\\/\\\/www.supeinnihonto.com\\\/de\\\/produkt\\\/fuchi-kashira-aus-shakudo-mit-schwalbenmotiv\\\/#breadcrumb\"},\"inLanguage\":\"de\",\"potentialAction\":[{\"@type\":\"ReadAction\",\"target\":[\"https:\\\/\\\/www.supeinnihonto.com\\\/de\\\/produkt\\\/fuchi-kashira-aus-shakudo-mit-schwalbenmotiv\\\/\"]}]},{\"@type\":\"ImageObject\",\"inLanguage\":\"de\",\"@id\":\"https:\\\/\\\/www.supeinnihonto.com\\\/de\\\/produkt\\\/fuchi-kashira-aus-shakudo-mit-schwalbenmotiv\\\/#primaryimage\",\"url\":\"https:\\\/\\\/i0.wp.com\\\/www.supeinnihonto.com\\\/wp-content\\\/uploads\\\/2024\\\/05\\\/DSC_3878-scaled.jpg?fit=2560%2C1707&ssl=1\",\"contentUrl\":\"https:\\\/\\\/i0.wp.com\\\/www.supeinnihonto.com\\\/wp-content\\\/uploads\\\/2024\\\/05\\\/DSC_3878-scaled.jpg?fit=2560%2C1707&ssl=1\",\"width\":2560,\"height\":1707,\"caption\":\"Fuchi kashira shakudo swallow\"},{\"@type\":\"BreadcrumbList\",\"@id\":\"https:\\\/\\\/www.supeinnihonto.com\\\/de\\\/produkt\\\/fuchi-kashira-aus-shakudo-mit-schwalbenmotiv\\\/#breadcrumb\",\"itemListElement\":[{\"@type\":\"ListItem\",\"position\":1,\"name\":\"Portada\",\"item\":\"https:\\\/\\\/www.supeinnihonto.com\\\/de\\\/\"},{\"@type\":\"ListItem\",\"position\":2,\"name\":\"Shop\",\"item\":\"https:\\\/\\\/www.supeinnihonto.com\\\/de\\\/shop\\\/\"},{\"@type\":\"ListItem\",\"position\":3,\"name\":\"Fuchi-Kashira aus Shakud\u014d mit Schwalbenmotiv\"}]},{\"@type\":\"WebSite\",\"@id\":\"https:\\\/\\\/www.supeinnihonto.com\\\/de\\\/#website\",\"url\":\"https:\\\/\\\/www.supeinnihonto.com\\\/de\\\/\",\"name\":\"Supein Nihonto\",\"description\":\"Authentic japanese Nihonto katana \",\"publisher\":{\"@id\":\"https:\\\/\\\/www.supeinnihonto.com\\\/de\\\/#organization\"},\"potentialAction\":[{\"@type\":\"SearchAction\",\"target\":{\"@type\":\"EntryPoint\",\"urlTemplate\":\"https:\\\/\\\/www.supeinnihonto.com\\\/de\\\/?s={search_term_string}\"},\"query-input\":{\"@type\":\"PropertyValueSpecification\",\"valueRequired\":true,\"valueName\":\"search_term_string\"}}],\"inLanguage\":\"de\"},{\"@type\":\"Organization\",\"@id\":\"https:\\\/\\\/www.supeinnihonto.com\\\/de\\\/#organization\",\"name\":\"SupeinNihonto\",\"url\":\"https:\\\/\\\/www.supeinnihonto.com\\\/de\\\/\",\"logo\":{\"@type\":\"ImageObject\",\"inLanguage\":\"de\",\"@id\":\"https:\\\/\\\/www.supeinnihonto.com\\\/de\\\/#\\\/schema\\\/logo\\\/image\\\/\",\"url\":\"https:\\\/\\\/www.supeinnihonto.com\\\/wp-content\\\/uploads\\\/2021\\\/11\\\/animation_Default_3szk0jcenoloop.gif\",\"contentUrl\":\"https:\\\/\\\/www.supeinnihonto.com\\\/wp-content\\\/uploads\\\/2021\\\/11\\\/animation_Default_3szk0jcenoloop.gif\",\"width\":750,\"height\":641,\"caption\":\"SupeinNihonto\"},\"image\":{\"@id\":\"https:\\\/\\\/www.supeinnihonto.com\\\/de\\\/#\\\/schema\\\/logo\\\/image\\\/\"}}]}<\/script>\n<!-- \/ Yoast SEO plugin. -->","yoast_head_json":{"title":"Fuchi-Kashira aus Shakud\u014d mit Schwalbenmotiv - Supein Nihonto","description":"Fuchi-Kashira aus Shakud\u014d. Gefertigt aus Shibuichi, Kupfer, Shakud\u014d und Gold, mit der Darstellung von Feiernden auf einem Boot unter einer Weide und einer Schwalbe. Signiert.","robots":{"index":"index","follow":"follow","max-snippet":"max-snippet:-1","max-image-preview":"max-image-preview:large","max-video-preview":"max-video-preview:-1"},"canonical":"https:\/\/www.supeinnihonto.com\/de\/produkt\/fuchi-kashira-aus-shakudo-mit-schwalbenmotiv\/","og_locale":"de_DE","og_type":"article","og_title":"Fuchi-Kashira aus Shakud\u014d mit Schwalbenmotiv - Supein Nihonto","og_description":"Fuchi-Kashira aus Shakud\u014d. Gefertigt aus Shibuichi, Kupfer, Shakud\u014d und Gold, mit der Darstellung von Feiernden auf einem Boot unter einer Weide und einer Schwalbe. Signiert.","og_url":"https:\/\/www.supeinnihonto.com\/de\/produkt\/fuchi-kashira-aus-shakudo-mit-schwalbenmotiv\/","og_site_name":"Supein Nihonto","article_modified_time":"2025-12-27T14:59:26+00:00","og_image":[{"width":2560,"height":1707,"url":"https:\/\/www.supeinnihonto.com\/wp-content\/uploads\/2024\/05\/DSC_3878-scaled.jpg","type":"image\/jpeg"}],"twitter_card":"summary_large_image","twitter_misc":{"Gesch\u00e4tzte Lesezeit":"2\u00a0Minuten"},"schema":{"@context":"https:\/\/schema.org","@graph":[{"@type":"WebPage","@id":"https:\/\/www.supeinnihonto.com\/de\/produkt\/fuchi-kashira-aus-shakudo-mit-schwalbenmotiv\/","url":"https:\/\/www.supeinnihonto.com\/de\/produkt\/fuchi-kashira-aus-shakudo-mit-schwalbenmotiv\/","name":"Fuchi-Kashira aus Shakud\u014d mit Schwalbenmotiv - Supein Nihonto","isPartOf":{"@id":"https:\/\/www.supeinnihonto.com\/de\/#website"},"primaryImageOfPage":{"@id":"https:\/\/www.supeinnihonto.com\/de\/produkt\/fuchi-kashira-aus-shakudo-mit-schwalbenmotiv\/#primaryimage"},"image":{"@id":"https:\/\/www.supeinnihonto.com\/de\/produkt\/fuchi-kashira-aus-shakudo-mit-schwalbenmotiv\/#primaryimage"},"thumbnailUrl":"https:\/\/i0.wp.com\/www.supeinnihonto.com\/wp-content\/uploads\/2024\/05\/DSC_3878-scaled.jpg?fit=2560%2C1707&ssl=1","datePublished":"2024-05-13T15:16:59+00:00","dateModified":"2025-12-27T14:59:26+00:00","description":"Fuchi-Kashira aus Shakud\u014d. Gefertigt aus Shibuichi, Kupfer, Shakud\u014d und Gold, mit der Darstellung von Feiernden auf einem Boot unter einer Weide und einer Schwalbe. Signiert.","breadcrumb":{"@id":"https:\/\/www.supeinnihonto.com\/de\/produkt\/fuchi-kashira-aus-shakudo-mit-schwalbenmotiv\/#breadcrumb"},"inLanguage":"de","potentialAction":[{"@type":"ReadAction","target":["https:\/\/www.supeinnihonto.com\/de\/produkt\/fuchi-kashira-aus-shakudo-mit-schwalbenmotiv\/"]}]},{"@type":"ImageObject","inLanguage":"de","@id":"https:\/\/www.supeinnihonto.com\/de\/produkt\/fuchi-kashira-aus-shakudo-mit-schwalbenmotiv\/#primaryimage","url":"https:\/\/i0.wp.com\/www.supeinnihonto.com\/wp-content\/uploads\/2024\/05\/DSC_3878-scaled.jpg?fit=2560%2C1707&ssl=1","contentUrl":"https:\/\/i0.wp.com\/www.supeinnihonto.com\/wp-content\/uploads\/2024\/05\/DSC_3878-scaled.jpg?fit=2560%2C1707&ssl=1","width":2560,"height":1707,"caption":"Fuchi kashira shakudo swallow"},{"@type":"BreadcrumbList","@id":"https:\/\/www.supeinnihonto.com\/de\/produkt\/fuchi-kashira-aus-shakudo-mit-schwalbenmotiv\/#breadcrumb","itemListElement":[{"@type":"ListItem","position":1,"name":"Portada","item":"https:\/\/www.supeinnihonto.com\/de\/"},{"@type":"ListItem","position":2,"name":"Shop","item":"https:\/\/www.supeinnihonto.com\/de\/shop\/"},{"@type":"ListItem","position":3,"name":"Fuchi-Kashira aus Shakud\u014d mit Schwalbenmotiv"}]},{"@type":"WebSite","@id":"https:\/\/www.supeinnihonto.com\/de\/#website","url":"https:\/\/www.supeinnihonto.com\/de\/","name":"Supein Nihonto","description":"Authentic japanese Nihonto katana ","publisher":{"@id":"https:\/\/www.supeinnihonto.com\/de\/#organization"},"potentialAction":[{"@type":"SearchAction","target":{"@type":"EntryPoint","urlTemplate":"https:\/\/www.supeinnihonto.com\/de\/?s={search_term_string}"},"query-input":{"@type":"PropertyValueSpecification","valueRequired":true,"valueName":"search_term_string"}}],"inLanguage":"de"},{"@type":"Organization","@id":"https:\/\/www.supeinnihonto.com\/de\/#organization","name":"SupeinNihonto","url":"https:\/\/www.supeinnihonto.com\/de\/","logo":{"@type":"ImageObject","inLanguage":"de","@id":"https:\/\/www.supeinnihonto.com\/de\/#\/schema\/logo\/image\/","url":"https:\/\/www.supeinnihonto.com\/wp-content\/uploads\/2021\/11\/animation_Default_3szk0jcenoloop.gif","contentUrl":"https:\/\/www.supeinnihonto.com\/wp-content\/uploads\/2021\/11\/animation_Default_3szk0jcenoloop.gif","width":750,"height":641,"caption":"SupeinNihonto"},"image":{"@id":"https:\/\/www.supeinnihonto.com\/de\/#\/schema\/logo\/image\/"}}]}},"jetpack-related-posts":[{"id":14633,"url":"https:\/\/www.supeinnihonto.com\/de\/produkt\/fuchi-kashira-aus-shakudo-mit-ochsenmotiv\/","url_meta":{"origin":14625,"position":0},"title":"Fuchi-Kashira aus Shakud\u014d mit Ochsenmotiv","author":"Supein Nihonto","date":"13 de Mai de 2024","format":false,"excerpt":"Objekt: Fuchi-Kashira aus Shakud\u014d mit Ochsenmotiv. Fuchi-Kashira aus Shakud\u014d mit der Darstellung des Rinderhirten Kengy\u016b (chinesisch: Qianniu), der einen Ochsen durch die Wolken f\u00fchrt, signiert Asami Hoky\u016b (Haynes 1613, dort der Familienname f\u00e4lschlich als Asagai gelesen) mit Kao. Sehr detailreiches St\u00fcck mit hervorragender Ausarbeitung von Gesicht und Ochse. Edo-Zeit. Fuchi:\u2026","rel":"","context":"\u00c4hnlicher Beitrag","block_context":{"text":"\u00c4hnlicher Beitrag","link":""},"img":{"alt_text":"Fuchi kashira shakudo ox","src":"https:\/\/i0.wp.com\/www.supeinnihonto.com\/wp-content\/uploads\/2024\/05\/DSC_3882-scaled.jpg?fit=1200%2C800&ssl=1&resize=350%2C200","width":350,"height":200,"srcset":"https:\/\/i0.wp.com\/www.supeinnihonto.com\/wp-content\/uploads\/2024\/05\/DSC_3882-scaled.jpg?fit=1200%2C800&ssl=1&resize=350%2C200 1x, https:\/\/i0.wp.com\/www.supeinnihonto.com\/wp-content\/uploads\/2024\/05\/DSC_3882-scaled.jpg?fit=1200%2C800&ssl=1&resize=525%2C300 1.5x, https:\/\/i0.wp.com\/www.supeinnihonto.com\/wp-content\/uploads\/2024\/05\/DSC_3882-scaled.jpg?fit=1200%2C800&ssl=1&resize=700%2C400 2x, https:\/\/i0.wp.com\/www.supeinnihonto.com\/wp-content\/uploads\/2024\/05\/DSC_3882-scaled.jpg?fit=1200%2C800&ssl=1&resize=1050%2C600 3x"},"classes":[]},{"id":14605,"url":"https:\/\/www.supeinnihonto.com\/de\/produkt\/fuchi-kashira-aus-shakudo-mit-zimmermannsmotiv\/","url_meta":{"origin":14625,"position":1},"title":"Fuchi-Kashira aus Shakud\u014d mit Zimmermannsmotiv","author":"Supein Nihonto","date":"13 de Mai de 2024","format":false,"excerpt":"Objekt: Fuchi-Kashira aus Shakud\u014d mit Zimmermannsmotiv. Shakud\u014d und Gold, mit einem berittenen chinesischen Krieger auf dem Kashira sowie Zimmerleuten, die an einem gro\u00dfen Holzbalken auf dem Fuchi arbeiten. Starkes Relief. Edo-Zeit. Fuchi: 3,9 x 2,5 cm Kashira: 3,6 x 2 cm Geeignet f\u00fcr Katana und Wakizashi. Was ist ein Fuchi\/Kashira?\u2026","rel":"","context":"\u00c4hnlicher Beitrag","block_context":{"text":"\u00c4hnlicher Beitrag","link":""},"img":{"alt_text":"Fuchi Kashira shakudo carpenters","src":"https:\/\/i0.wp.com\/www.supeinnihonto.com\/wp-content\/uploads\/2024\/05\/Fuchi-Kashira-shakudo-carpenters.webp?fit=1200%2C800&ssl=1&resize=350%2C200","width":350,"height":200,"srcset":"https:\/\/i0.wp.com\/www.supeinnihonto.com\/wp-content\/uploads\/2024\/05\/Fuchi-Kashira-shakudo-carpenters.webp?fit=1200%2C800&ssl=1&resize=350%2C200 1x, https:\/\/i0.wp.com\/www.supeinnihonto.com\/wp-content\/uploads\/2024\/05\/Fuchi-Kashira-shakudo-carpenters.webp?fit=1200%2C800&ssl=1&resize=525%2C300 1.5x, https:\/\/i0.wp.com\/www.supeinnihonto.com\/wp-content\/uploads\/2024\/05\/Fuchi-Kashira-shakudo-carpenters.webp?fit=1200%2C800&ssl=1&resize=700%2C400 2x, https:\/\/i0.wp.com\/www.supeinnihonto.com\/wp-content\/uploads\/2024\/05\/Fuchi-Kashira-shakudo-carpenters.webp?fit=1200%2C800&ssl=1&resize=1050%2C600 3x"},"classes":[]},{"id":14461,"url":"https:\/\/www.supeinnihonto.com\/de\/produkt\/shakudo-fuchi-kashira-mit-affen\/","url_meta":{"origin":14625,"position":2},"title":"Shakud\u014d-Fuchi-Kashira mit Affen","author":"Supein Nihonto","date":"13 de Mai de 2024","format":false,"excerpt":"Artikel: Fuchi-Kashira aus Shakud\u014d mit Affen. Shakud\u014d-Nanako reliefziseliert und mit Gold sowie anderen Metallen und Legierungen eingelegt, mit Darstellung einer nicht identifizierten historischen Szene mit J\u00e4gern und Affen, signiert Soheishi Nyudo Soten sei. Sehr detailreiches St\u00fcck mit hervorragenden Reliefs. Edo-Zeit. Fuchi: 4 x 2,4 cm Kashira: 3,5 x 1,7 cm\u2026","rel":"","context":"\u00c4hnlicher Beitrag","block_context":{"text":"\u00c4hnlicher Beitrag","link":""},"img":{"alt_text":"sold","src":"https:\/\/i0.wp.com\/www.supeinnihonto.com\/wp-content\/uploads\/2024\/02\/logo-sold-scaled.png?fit=1200%2C720&ssl=1&resize=350%2C200","width":350,"height":200,"srcset":"https:\/\/i0.wp.com\/www.supeinnihonto.com\/wp-content\/uploads\/2024\/02\/logo-sold-scaled.png?fit=1200%2C720&ssl=1&resize=350%2C200 1x, https:\/\/i0.wp.com\/www.supeinnihonto.com\/wp-content\/uploads\/2024\/02\/logo-sold-scaled.png?fit=1200%2C720&ssl=1&resize=525%2C300 1.5x, https:\/\/i0.wp.com\/www.supeinnihonto.com\/wp-content\/uploads\/2024\/02\/logo-sold-scaled.png?fit=1200%2C720&ssl=1&resize=700%2C400 2x, https:\/\/i0.wp.com\/www.supeinnihonto.com\/wp-content\/uploads\/2024\/02\/logo-sold-scaled.png?fit=1200%2C720&ssl=1&resize=1050%2C600 3x"},"classes":[]},{"id":14649,"url":"https:\/\/www.supeinnihonto.com\/de\/produkt\/fuchi-kashira-aus-shakudo-mit-pferdemotiv\/","url_meta":{"origin":14625,"position":3},"title":"Fuchi-Kashira aus Shakud\u014d mit Pferdemotiv","author":"Supein Nihonto","date":"13 de Mai de 2024","format":false,"excerpt":"Objekt: Fuchi-Kashira aus Shakud\u014d mit Pferdemotiv. Hervorragendes Fuchi-Kashira-Paar, sehr fein geschnitzt und detailreich ausgef\u00fchrt. Gefertigt aus Shakud\u014d, mit Einlagen von Pferden und Stallknechten in einem Kiefernwald, signiert Soheishi Kitagawa Ny\u016bd\u014d S\u014dten sei. S\u014dten-Schule. \u00dcber die Jahrhunderte sehr gut erhalten. Edo-Zeit. Fuchi: 4 x 2,5 cm Kashira: 3,8 x 2 cm\u2026","rel":"","context":"\u00c4hnlicher Beitrag","block_context":{"text":"\u00c4hnlicher Beitrag","link":""},"img":{"alt_text":"Fuchi Kashira shakudo Battle","src":"https:\/\/i0.wp.com\/www.supeinnihonto.com\/wp-content\/uploads\/2024\/05\/DSC_3892-scaled.jpg?fit=1200%2C800&ssl=1&resize=350%2C200","width":350,"height":200,"srcset":"https:\/\/i0.wp.com\/www.supeinnihonto.com\/wp-content\/uploads\/2024\/05\/DSC_3892-scaled.jpg?fit=1200%2C800&ssl=1&resize=350%2C200 1x, https:\/\/i0.wp.com\/www.supeinnihonto.com\/wp-content\/uploads\/2024\/05\/DSC_3892-scaled.jpg?fit=1200%2C800&ssl=1&resize=525%2C300 1.5x, https:\/\/i0.wp.com\/www.supeinnihonto.com\/wp-content\/uploads\/2024\/05\/DSC_3892-scaled.jpg?fit=1200%2C800&ssl=1&resize=700%2C400 2x, https:\/\/i0.wp.com\/www.supeinnihonto.com\/wp-content\/uploads\/2024\/05\/DSC_3892-scaled.jpg?fit=1200%2C800&ssl=1&resize=1050%2C600 3x"},"classes":[]},{"id":14497,"url":"https:\/\/www.supeinnihonto.com\/de\/produkt\/fuchi-kashira-aus-shakudo-mit-vogel-und-baummotiv\/","url_meta":{"origin":14625,"position":4},"title":"Fuchi-Kashira aus Shakud\u014d mit Vogel- und Baummotiv","author":"Supein Nihonto","date":"14 de Mai de 2024","format":false,"excerpt":"Artikel: Shakud\u014d-Nanako reliefziseliert und mit Gold sowie anderen Metallen eingelegt. In Relief gearbeitet mit Vogel-, Baum- und Flussdarstellung, signiert Nara Shigemitsu mit Kao (Haynes 08348). Edo-Zeit. Fuchi: 3,9 x 2,5 cm Kashira: 3,5 x 2 cm Geeignet f\u00fcr Katana und Wakizashi. Was ist ein Fuchi\/Kashira? Ein Fuchi-Kashira ist ein Paar\u2026","rel":"","context":"\u00c4hnlicher Beitrag","block_context":{"text":"\u00c4hnlicher Beitrag","link":""},"img":{"alt_text":"fuchi Kashira shakudo birds and three","src":"https:\/\/i0.wp.com\/www.supeinnihonto.com\/wp-content\/uploads\/2024\/05\/DSC_3815-scaled.jpg?fit=1200%2C800&ssl=1&resize=350%2C200","width":350,"height":200,"srcset":"https:\/\/i0.wp.com\/www.supeinnihonto.com\/wp-content\/uploads\/2024\/05\/DSC_3815-scaled.jpg?fit=1200%2C800&ssl=1&resize=350%2C200 1x, https:\/\/i0.wp.com\/www.supeinnihonto.com\/wp-content\/uploads\/2024\/05\/DSC_3815-scaled.jpg?fit=1200%2C800&ssl=1&resize=525%2C300 1.5x, https:\/\/i0.wp.com\/www.supeinnihonto.com\/wp-content\/uploads\/2024\/05\/DSC_3815-scaled.jpg?fit=1200%2C800&ssl=1&resize=700%2C400 2x, https:\/\/i0.wp.com\/www.supeinnihonto.com\/wp-content\/uploads\/2024\/05\/DSC_3815-scaled.jpg?fit=1200%2C800&ssl=1&resize=1050%2C600 3x"},"classes":[]},{"id":14481,"url":"https:\/\/www.supeinnihonto.com\/de\/produkt\/fuchi-kashira-aus-shakudo-uji-fluss\/","url_meta":{"origin":14625,"position":5},"title":"Fuchi-Kashira aus Shakud\u014d, Uji-Fluss","author":"Supein Nihonto","date":"14 de Mai de 2024","format":false,"excerpt":"Artikel: Fuchi-Kashira aus Shakud\u014d, Uji-Fluss. Shakud\u014d-Nanako reliefziseliert und mit Gold sowie anderen Metallen und Legierungen eingelegt. Historische Szene mit Genta Kagesue und Sasaki Takatsuna beim Wettrennen \u00fcber den Uji-Fluss. Hervorragendes Relief. Edo-Zeit. Fuchi: 4 x 2,4 cm Kashira: 3,5 x 1,9 cm Geeignet f\u00fcr Katana und Wakizashi. Was ist ein\u2026","rel":"","context":"\u00c4hnlicher Beitrag","block_context":{"text":"\u00c4hnlicher Beitrag","link":""},"img":{"alt_text":"Fuchi kashira shakudo uji river","src":"https:\/\/i0.wp.com\/www.supeinnihonto.com\/wp-content\/uploads\/2024\/05\/DSC_3839-scaled.jpg?fit=1200%2C800&ssl=1&resize=350%2C200","width":350,"height":200,"srcset":"https:\/\/i0.wp.com\/www.supeinnihonto.com\/wp-content\/uploads\/2024\/05\/DSC_3839-scaled.jpg?fit=1200%2C800&ssl=1&resize=350%2C200 1x, https:\/\/i0.wp.com\/www.supeinnihonto.com\/wp-content\/uploads\/2024\/05\/DSC_3839-scaled.jpg?fit=1200%2C800&ssl=1&resize=525%2C300 1.5x, https:\/\/i0.wp.com\/www.supeinnihonto.com\/wp-content\/uploads\/2024\/05\/DSC_3839-scaled.jpg?fit=1200%2C800&ssl=1&resize=700%2C400 2x, https:\/\/i0.wp.com\/www.supeinnihonto.com\/wp-content\/uploads\/2024\/05\/DSC_3839-scaled.jpg?fit=1200%2C800&ssl=1&resize=1050%2C600 3x"},"classes":[]}],"jetpack_sharing_enabled":true,"_links":{"self":[{"href":"https:\/\/www.supeinnihonto.com\/de\/wp-json\/wp\/v2\/product\/14625","targetHints":{"allow":["GET"]}}],"collection":[{"href":"https:\/\/www.supeinnihonto.com\/de\/wp-json\/wp\/v2\/product"}],"about":[{"href":"https:\/\/www.supeinnihonto.com\/de\/wp-json\/wp\/v2\/types\/product"}],"wp:featuredmedia":[{"embeddable":true,"href":"https:\/\/www.supeinnihonto.com\/de\/wp-json\/wp\/v2\/media\/14626"}],"wp:attachment":[{"href":"https:\/\/www.supeinnihonto.com\/de\/wp-json\/wp\/v2\/media?parent=14625"}],"wp:term":[{"taxonomy":"product_brand","embeddable":true,"href":"https:\/\/www.supeinnihonto.com\/de\/wp-json\/wp\/v2\/product_brand?post=14625"},{"taxonomy":"product_cat","embeddable":true,"href":"https:\/\/www.supeinnihonto.com\/de\/wp-json\/wp\/v2\/product_cat?post=14625"},{"taxonomy":"product_tag","embeddable":true,"href":"https:\/\/www.supeinnihonto.com\/de\/wp-json\/wp\/v2\/product_tag?post=14625"}],"curies":[{"name":"wp","href":"https:\/\/api.w.org\/{rel}","templated":true}]}}