{"id":14545,"date":"2024-05-07T09:55:03","date_gmt":"2024-05-07T09:55:03","guid":{"rendered":"https:\/\/www.supeinnihonto.com\/product\/nademarugata-copper-dragon-tsuba\/"},"modified":"2025-12-14T23:23:47","modified_gmt":"2025-12-14T23:23:47","slug":"nademarugata-copper-dragon-tsuba","status":"publish","type":"product","link":"https:\/\/www.supeinnihonto.com\/de\/produkt\/nademarugata-copper-dragon-tsuba\/","title":{"rendered":"Nademarugata Kupfer-Drache Tsuba"},"content":{"rendered":"<p><span>ARTIKEL:<\/span><\/p>\n<p><span>Es wird mit einem Zertifikat von SupeinNihonto geliefert.<\/span><\/p>\n<p><span>Nademarugata Kupfer-Drachen-Tsuba. Wundersch\u00f6ne und seltene Tsuba mit hochwertiger Durchbrucharbeit. Hergestellt aus Kupfer mit Goldeinlagen, die einen Drachen darstellen. Pr\u00e4chtige Schnitzarbeit voller Details in den Schuppen und Krallen. Edo-Zeit.<\/span><\/p>\n<p>7,0 x 6,5 cm<\/p>\n<p><span>\u00dcBER UNS:<\/span><\/p>\n<p><span>Bei Supein Nihonto bem\u00fchen wir uns, Ihnen hochwertige Samurai-Schwerter und R\u00fcstungen zu Preisen anzubieten, die weit unter denen der Konkurrenz liegen. Wir sind wahrscheinlich der gr\u00f6\u00dfte Exporteur in Europa und stolz darauf, bekannt zu geben, dass wir der TOP-VERK\u00c4UFER Nummer eins bei Catawiki Samurai- und japanischen Auktionen sind. Dies ist besonders wichtig, um Steuern und Wartezeiten zu sparen, die bei japanischen Verk\u00e4ufern oft vier Monate oder l\u00e4nger betragen k\u00f6nnen, sowie Kopfschmerzen durch m\u00fchsame und manchmal problematische Prozesse, die die Lieferzeiten weiter verl\u00e4ngern, einschlie\u00dflich der R\u00fccksendung des Pakets an den Ursprung und mehr als 35 % Aufschlag auf den Endpreis aufgrund von Zoll, Tarifen und Geb\u00fchren, die das Produkt verteuern, aber nicht die Qualit\u00e4t und den zuk\u00fcnftigen Wiederverkaufswert erh\u00f6hen. Wir sind auch professionelle Verk\u00e4ufer und bieten daher eine Zufriedenheitsgarantie, Fachwissen und Standards, die privaten Verk\u00e4ufern \u00fcberlegen sind, sowie h\u00f6here Garantien nach dem Verkauf. Dank dessen, den niedrigsten professionellen Preisen in der Branche sowie unserer schnellen und effizienten Versandmethode, die in Europa selten mehr als drei Tage Lieferzeit ben\u00f6tigt, sind wir sicher, dass Sie diese gro\u00dfartige Gelegenheit genie\u00dfen werden, ein Kunstwerk zu besitzen, das im Wert steigen wird und eine hervorragende Investition darstellt. Vertrauen Sie uns, um die Samurai-Kunst zu genie\u00dfen.<\/span><\/p>\n","protected":false},"excerpt":{"rendered":"<p>ARTIKEL: Es wird mit einem Zertifikat von SupeinNihonto geliefert. Nademarugata Kupfer-Drachen-Tsuba. Wundersch\u00f6ne und seltene Tsuba mit hochwertiger Durchbrucharbeit. Hergestellt aus Kupfer mit Goldeinlagen, die einen Drachen darstellen. Pr\u00e4chtige Schnitzarbeit voller Details in den Schuppen und Krallen. Edo-Zeit. 7,0 x 6,5 cm \u00dcBER UNS: Bei Supein Nihonto bem\u00fchen wir uns, Ihnen [&hellip;]<\/p>\n","protected":false},"featured_media":10957,"template":"","meta":{"jetpack_post_was_ever_published":false},"product_brand":[],"product_cat":[577,573],"product_tag":[489],"class_list":{"0":"post-14545","1":"product","2":"type-product","3":"status-publish","4":"has-post-thumbnail","6":"product_cat-tosogu","7":"product_cat-tsuba","8":"product_tag-verkauft","9":"product_shipping_class-leicht","11":"first","12":"outofstock","13":"sold-individually","14":"shipping-taxable","15":"purchasable","16":"product-type-simple"},"yoast_head":"<!-- This site is optimized with the Yoast SEO plugin v27.3 - https:\/\/yoast.com\/product\/yoast-seo-wordpress\/ -->\n<title>Nademarugata Kupfer-Drache Tsuba - Supein Nihonto<\/title>\n<meta name=\"description\" content=\"Nademarugata copper dragon tsuba. Beautiful and rare tsuba with openwork of high quality. Made in copper with gold inlays representing a dragon.\" \/>\n<meta name=\"robots\" content=\"index, follow, max-snippet:-1, max-image-preview:large, max-video-preview:-1\" \/>\n<link rel=\"canonical\" href=\"https:\/\/www.supeinnihonto.com\/de\/produkt\/nademarugata-copper-dragon-tsuba\/\" \/>\n<meta property=\"og:locale\" content=\"de_DE\" \/>\n<meta property=\"og:type\" content=\"article\" \/>\n<meta property=\"og:title\" content=\"Nademarugata Kupfer-Drache Tsuba - Supein Nihonto\" \/>\n<meta property=\"og:description\" content=\"Nademarugata copper dragon tsuba. Beautiful and rare tsuba with openwork of high quality. Made in copper with gold inlays representing a dragon.\" \/>\n<meta property=\"og:url\" content=\"https:\/\/www.supeinnihonto.com\/de\/produkt\/nademarugata-copper-dragon-tsuba\/\" \/>\n<meta property=\"og:site_name\" content=\"Supein Nihonto\" \/>\n<meta property=\"article:modified_time\" content=\"2025-12-14T23:23:47+00:00\" \/>\n<meta property=\"og:image\" content=\"https:\/\/www.supeinnihonto.com\/wp-content\/uploads\/2024\/02\/logo-sold.png\" \/>\n\t<meta property=\"og:image:width\" content=\"3125\" \/>\n\t<meta property=\"og:image:height\" content=\"1875\" \/>\n\t<meta property=\"og:image:type\" content=\"image\/png\" \/>\n<meta name=\"twitter:card\" content=\"summary_large_image\" \/>\n<meta name=\"twitter:label1\" content=\"Gesch\u00e4tzte Lesezeit\" \/>\n\t<meta name=\"twitter:data1\" content=\"1\u00a0Minute\" \/>\n<script type=\"application\/ld+json\" class=\"yoast-schema-graph\">{\"@context\":\"https:\\\/\\\/schema.org\",\"@graph\":[{\"@type\":\"WebPage\",\"@id\":\"https:\\\/\\\/www.supeinnihonto.com\\\/de\\\/produkt\\\/nademarugata-copper-dragon-tsuba\\\/\",\"url\":\"https:\\\/\\\/www.supeinnihonto.com\\\/de\\\/produkt\\\/nademarugata-copper-dragon-tsuba\\\/\",\"name\":\"Nademarugata Kupfer-Drache Tsuba - Supein Nihonto\",\"isPartOf\":{\"@id\":\"https:\\\/\\\/www.supeinnihonto.com\\\/de\\\/#website\"},\"primaryImageOfPage\":{\"@id\":\"https:\\\/\\\/www.supeinnihonto.com\\\/de\\\/produkt\\\/nademarugata-copper-dragon-tsuba\\\/#primaryimage\"},\"image\":{\"@id\":\"https:\\\/\\\/www.supeinnihonto.com\\\/de\\\/produkt\\\/nademarugata-copper-dragon-tsuba\\\/#primaryimage\"},\"thumbnailUrl\":\"https:\\\/\\\/i0.wp.com\\\/www.supeinnihonto.com\\\/wp-content\\\/uploads\\\/2024\\\/02\\\/logo-sold-scaled.png?fit=3125%2C1875&ssl=1\",\"datePublished\":\"2024-05-07T09:55:03+00:00\",\"dateModified\":\"2025-12-14T23:23:47+00:00\",\"description\":\"Nademarugata copper dragon tsuba. Beautiful and rare tsuba with openwork of high quality. Made in copper with gold inlays representing a dragon.\",\"breadcrumb\":{\"@id\":\"https:\\\/\\\/www.supeinnihonto.com\\\/de\\\/produkt\\\/nademarugata-copper-dragon-tsuba\\\/#breadcrumb\"},\"inLanguage\":\"de\",\"potentialAction\":[{\"@type\":\"ReadAction\",\"target\":[\"https:\\\/\\\/www.supeinnihonto.com\\\/de\\\/produkt\\\/nademarugata-copper-dragon-tsuba\\\/\"]}]},{\"@type\":\"ImageObject\",\"inLanguage\":\"de\",\"@id\":\"https:\\\/\\\/www.supeinnihonto.com\\\/de\\\/produkt\\\/nademarugata-copper-dragon-tsuba\\\/#primaryimage\",\"url\":\"https:\\\/\\\/i0.wp.com\\\/www.supeinnihonto.com\\\/wp-content\\\/uploads\\\/2024\\\/02\\\/logo-sold-scaled.png?fit=3125%2C1875&ssl=1\",\"contentUrl\":\"https:\\\/\\\/i0.wp.com\\\/www.supeinnihonto.com\\\/wp-content\\\/uploads\\\/2024\\\/02\\\/logo-sold-scaled.png?fit=3125%2C1875&ssl=1\",\"width\":3125,\"height\":1875,\"caption\":\"sold\"},{\"@type\":\"BreadcrumbList\",\"@id\":\"https:\\\/\\\/www.supeinnihonto.com\\\/de\\\/produkt\\\/nademarugata-copper-dragon-tsuba\\\/#breadcrumb\",\"itemListElement\":[{\"@type\":\"ListItem\",\"position\":1,\"name\":\"Portada\",\"item\":\"https:\\\/\\\/www.supeinnihonto.com\\\/de\\\/\"},{\"@type\":\"ListItem\",\"position\":2,\"name\":\"Shop\",\"item\":\"https:\\\/\\\/www.supeinnihonto.com\\\/de\\\/shop\\\/\"},{\"@type\":\"ListItem\",\"position\":3,\"name\":\"Nademarugata Kupfer-Drache Tsuba\"}]},{\"@type\":\"WebSite\",\"@id\":\"https:\\\/\\\/www.supeinnihonto.com\\\/de\\\/#website\",\"url\":\"https:\\\/\\\/www.supeinnihonto.com\\\/de\\\/\",\"name\":\"Supein Nihonto\",\"description\":\"Authentic japanese Nihonto katana \",\"publisher\":{\"@id\":\"https:\\\/\\\/www.supeinnihonto.com\\\/de\\\/#organization\"},\"potentialAction\":[{\"@type\":\"SearchAction\",\"target\":{\"@type\":\"EntryPoint\",\"urlTemplate\":\"https:\\\/\\\/www.supeinnihonto.com\\\/de\\\/?s={search_term_string}\"},\"query-input\":{\"@type\":\"PropertyValueSpecification\",\"valueRequired\":true,\"valueName\":\"search_term_string\"}}],\"inLanguage\":\"de\"},{\"@type\":\"Organization\",\"@id\":\"https:\\\/\\\/www.supeinnihonto.com\\\/de\\\/#organization\",\"name\":\"SupeinNihonto\",\"url\":\"https:\\\/\\\/www.supeinnihonto.com\\\/de\\\/\",\"logo\":{\"@type\":\"ImageObject\",\"inLanguage\":\"de\",\"@id\":\"https:\\\/\\\/www.supeinnihonto.com\\\/de\\\/#\\\/schema\\\/logo\\\/image\\\/\",\"url\":\"https:\\\/\\\/www.supeinnihonto.com\\\/wp-content\\\/uploads\\\/2021\\\/11\\\/animation_Default_3szk0jcenoloop.gif\",\"contentUrl\":\"https:\\\/\\\/www.supeinnihonto.com\\\/wp-content\\\/uploads\\\/2021\\\/11\\\/animation_Default_3szk0jcenoloop.gif\",\"width\":750,\"height\":641,\"caption\":\"SupeinNihonto\"},\"image\":{\"@id\":\"https:\\\/\\\/www.supeinnihonto.com\\\/de\\\/#\\\/schema\\\/logo\\\/image\\\/\"}}]}<\/script>\n<!-- \/ Yoast SEO plugin. -->","yoast_head_json":{"title":"Nademarugata Kupfer-Drache Tsuba - Supein Nihonto","description":"Nademarugata copper dragon tsuba. Beautiful and rare tsuba with openwork of high quality. Made in copper with gold inlays representing a dragon.","robots":{"index":"index","follow":"follow","max-snippet":"max-snippet:-1","max-image-preview":"max-image-preview:large","max-video-preview":"max-video-preview:-1"},"canonical":"https:\/\/www.supeinnihonto.com\/de\/produkt\/nademarugata-copper-dragon-tsuba\/","og_locale":"de_DE","og_type":"article","og_title":"Nademarugata Kupfer-Drache Tsuba - Supein Nihonto","og_description":"Nademarugata copper dragon tsuba. Beautiful and rare tsuba with openwork of high quality. Made in copper with gold inlays representing a dragon.","og_url":"https:\/\/www.supeinnihonto.com\/de\/produkt\/nademarugata-copper-dragon-tsuba\/","og_site_name":"Supein Nihonto","article_modified_time":"2025-12-14T23:23:47+00:00","og_image":[{"width":3125,"height":1875,"url":"https:\/\/www.supeinnihonto.com\/wp-content\/uploads\/2024\/02\/logo-sold.png","type":"image\/png"}],"twitter_card":"summary_large_image","twitter_misc":{"Gesch\u00e4tzte Lesezeit":"1\u00a0Minute"},"schema":{"@context":"https:\/\/schema.org","@graph":[{"@type":"WebPage","@id":"https:\/\/www.supeinnihonto.com\/de\/produkt\/nademarugata-copper-dragon-tsuba\/","url":"https:\/\/www.supeinnihonto.com\/de\/produkt\/nademarugata-copper-dragon-tsuba\/","name":"Nademarugata Kupfer-Drache Tsuba - Supein Nihonto","isPartOf":{"@id":"https:\/\/www.supeinnihonto.com\/de\/#website"},"primaryImageOfPage":{"@id":"https:\/\/www.supeinnihonto.com\/de\/produkt\/nademarugata-copper-dragon-tsuba\/#primaryimage"},"image":{"@id":"https:\/\/www.supeinnihonto.com\/de\/produkt\/nademarugata-copper-dragon-tsuba\/#primaryimage"},"thumbnailUrl":"https:\/\/i0.wp.com\/www.supeinnihonto.com\/wp-content\/uploads\/2024\/02\/logo-sold-scaled.png?fit=3125%2C1875&ssl=1","datePublished":"2024-05-07T09:55:03+00:00","dateModified":"2025-12-14T23:23:47+00:00","description":"Nademarugata copper dragon tsuba. Beautiful and rare tsuba with openwork of high quality. Made in copper with gold inlays representing a dragon.","breadcrumb":{"@id":"https:\/\/www.supeinnihonto.com\/de\/produkt\/nademarugata-copper-dragon-tsuba\/#breadcrumb"},"inLanguage":"de","potentialAction":[{"@type":"ReadAction","target":["https:\/\/www.supeinnihonto.com\/de\/produkt\/nademarugata-copper-dragon-tsuba\/"]}]},{"@type":"ImageObject","inLanguage":"de","@id":"https:\/\/www.supeinnihonto.com\/de\/produkt\/nademarugata-copper-dragon-tsuba\/#primaryimage","url":"https:\/\/i0.wp.com\/www.supeinnihonto.com\/wp-content\/uploads\/2024\/02\/logo-sold-scaled.png?fit=3125%2C1875&ssl=1","contentUrl":"https:\/\/i0.wp.com\/www.supeinnihonto.com\/wp-content\/uploads\/2024\/02\/logo-sold-scaled.png?fit=3125%2C1875&ssl=1","width":3125,"height":1875,"caption":"sold"},{"@type":"BreadcrumbList","@id":"https:\/\/www.supeinnihonto.com\/de\/produkt\/nademarugata-copper-dragon-tsuba\/#breadcrumb","itemListElement":[{"@type":"ListItem","position":1,"name":"Portada","item":"https:\/\/www.supeinnihonto.com\/de\/"},{"@type":"ListItem","position":2,"name":"Shop","item":"https:\/\/www.supeinnihonto.com\/de\/shop\/"},{"@type":"ListItem","position":3,"name":"Nademarugata Kupfer-Drache Tsuba"}]},{"@type":"WebSite","@id":"https:\/\/www.supeinnihonto.com\/de\/#website","url":"https:\/\/www.supeinnihonto.com\/de\/","name":"Supein Nihonto","description":"Authentic japanese Nihonto katana ","publisher":{"@id":"https:\/\/www.supeinnihonto.com\/de\/#organization"},"potentialAction":[{"@type":"SearchAction","target":{"@type":"EntryPoint","urlTemplate":"https:\/\/www.supeinnihonto.com\/de\/?s={search_term_string}"},"query-input":{"@type":"PropertyValueSpecification","valueRequired":true,"valueName":"search_term_string"}}],"inLanguage":"de"},{"@type":"Organization","@id":"https:\/\/www.supeinnihonto.com\/de\/#organization","name":"SupeinNihonto","url":"https:\/\/www.supeinnihonto.com\/de\/","logo":{"@type":"ImageObject","inLanguage":"de","@id":"https:\/\/www.supeinnihonto.com\/de\/#\/schema\/logo\/image\/","url":"https:\/\/www.supeinnihonto.com\/wp-content\/uploads\/2021\/11\/animation_Default_3szk0jcenoloop.gif","contentUrl":"https:\/\/www.supeinnihonto.com\/wp-content\/uploads\/2021\/11\/animation_Default_3szk0jcenoloop.gif","width":750,"height":641,"caption":"SupeinNihonto"},"image":{"@id":"https:\/\/www.supeinnihonto.com\/de\/#\/schema\/logo\/image\/"}}]}},"jetpack-related-posts":[{"id":14749,"url":"https:\/\/www.supeinnihonto.com\/de\/produkt\/sechseckige-kupfer-tsuba-mit-chrysanthemenmotiv\/","url_meta":{"origin":14545,"position":0},"title":"Sechseckige Kupfer-Tsuba mit Chrysanthemenmotiv","author":"Supein Nihonto","date":"8 de Mai de 2024","format":false,"excerpt":"OBJEKT: Wird mit Zertifikat von SupeinNihonto geliefert. Seltenes Beispiel einer sechseckigen Tsuba aus zwei Materialien, au\u00dfen aus Kupfer und innen mit einer Chrysantheme aus Shakud\u014d. Sehr seltene und sammelw\u00fcrdige Tsuba. 6,7 x 6,2 cm \u00dcBER UNS: Bei Supein Nihonto bem\u00fchen wir uns, Ihnen hochwertige Samurai-Schwerter und R\u00fcstungen zu Preisen anzubieten,\u2026","rel":"","context":"\u00c4hnlicher Beitrag","block_context":{"text":"\u00c4hnlicher Beitrag","link":""},"img":{"alt_text":"Exagonal copper Chrisantemum tsuba","src":"https:\/\/i0.wp.com\/www.supeinnihonto.com\/wp-content\/uploads\/2024\/05\/Exagonal-copper-Chrisantemum.webp?fit=600%2C400&ssl=1&resize=350%2C200","width":350,"height":200,"srcset":"https:\/\/i0.wp.com\/www.supeinnihonto.com\/wp-content\/uploads\/2024\/05\/Exagonal-copper-Chrisantemum.webp?fit=600%2C400&ssl=1&resize=350%2C200 1x, https:\/\/i0.wp.com\/www.supeinnihonto.com\/wp-content\/uploads\/2024\/05\/Exagonal-copper-Chrisantemum.webp?fit=600%2C400&ssl=1&resize=525%2C300 1.5x"},"classes":[]},{"id":12408,"url":"https:\/\/www.supeinnihonto.com\/de\/produkt\/marugata-tsuba-aus-kupfer-mit-koi-motiv-nbthk-hozon-zertifiziert\/","url_meta":{"origin":14545,"position":1},"title":"Marugata-Tsuba aus Kupfer mit Koi-Motiv, NBTHK-Hozon-zertifiziert.","author":"Eric Majo","date":"11 de November de 2024","format":false,"excerpt":"ARTIKEL: Wird mit Zertifikat von Supein Nihonto geliefert. Inklusive NBTHK-Hozon-Zertifikat. Inklusive Holzbox. Wundersch\u00f6ner Kupfer-Tsuba aus dem 19. Jahrhundert, signiert, mit Rand und Reliefs aus Shakud\u014d (Gold-Kupfer-Legierung), der einen Karpfen mit goldgefassten Augen darstellt. Ein einzigartiges Kunstwerk.Der Koi-Karpfen ist in der japanischen Kultur hoch gesch\u00e4tzt und eines der beliebtesten Motive in\u2026","rel":"","context":"\u00c4hnlicher Beitrag","block_context":{"text":"\u00c4hnlicher Beitrag","link":""},"img":{"alt_text":"Marugata copper koi tsuba NBTHK hozon","src":"https:\/\/i0.wp.com\/www.supeinnihonto.com\/wp-content\/uploads\/2024\/11\/DSC1819-scaled.jpg?fit=1200%2C800&ssl=1&resize=350%2C200","width":350,"height":200,"srcset":"https:\/\/i0.wp.com\/www.supeinnihonto.com\/wp-content\/uploads\/2024\/11\/DSC1819-scaled.jpg?fit=1200%2C800&ssl=1&resize=350%2C200 1x, https:\/\/i0.wp.com\/www.supeinnihonto.com\/wp-content\/uploads\/2024\/11\/DSC1819-scaled.jpg?fit=1200%2C800&ssl=1&resize=525%2C300 1.5x, https:\/\/i0.wp.com\/www.supeinnihonto.com\/wp-content\/uploads\/2024\/11\/DSC1819-scaled.jpg?fit=1200%2C800&ssl=1&resize=700%2C400 2x, https:\/\/i0.wp.com\/www.supeinnihonto.com\/wp-content\/uploads\/2024\/11\/DSC1819-scaled.jpg?fit=1200%2C800&ssl=1&resize=1050%2C600 3x"},"classes":[]},{"id":45210,"url":"https:\/\/www.supeinnihonto.com\/de\/produkt\/marugata-tsuba-aus-kupfer-mit-koi-motiv-nbthk-hozon-zertifiziert-5\/","url_meta":{"origin":14545,"position":2},"title":"Marugata-Tsuba aus Kupfer mit Koi-Motiv, NBTHK-Hozon-zertifiziert","author":"Eric Majo","date":"1 de M\u00e4rz de 2026","format":false,"excerpt":"ARTIKEL: Wird mit Zertifikat von Supein Nihonto geliefert. Inklusive NBTHK-Hozon-Zertifikat. Inklusive Holzbox. Wundersch\u00f6ner Kupfer-Tsuba aus dem 19. Jahrhundert, signiert, mit Rand und Reliefs aus Shakud\u014d (Gold-Kupfer-Legierung), der einen Karpfen mit goldgefassten Augen darstellt. Ein einzigartiges Kunstwerk.Der Koi-Karpfen ist in der japanischen Kultur hoch gesch\u00e4tzt und eines der beliebtesten Motive in\u2026","rel":"","context":"\u00c4hnlicher Beitrag","block_context":{"text":"\u00c4hnlicher Beitrag","link":""},"img":{"alt_text":"Iron dragon Edo tsuba for sale","src":"https:\/\/i0.wp.com\/www.supeinnihonto.com\/wp-content\/uploads\/2026\/03\/DSC_6506-scaled.jpg?fit=1200%2C800&ssl=1&resize=350%2C200","width":350,"height":200,"srcset":"https:\/\/i0.wp.com\/www.supeinnihonto.com\/wp-content\/uploads\/2026\/03\/DSC_6506-scaled.jpg?fit=1200%2C800&ssl=1&resize=350%2C200 1x, https:\/\/i0.wp.com\/www.supeinnihonto.com\/wp-content\/uploads\/2026\/03\/DSC_6506-scaled.jpg?fit=1200%2C800&ssl=1&resize=525%2C300 1.5x, https:\/\/i0.wp.com\/www.supeinnihonto.com\/wp-content\/uploads\/2026\/03\/DSC_6506-scaled.jpg?fit=1200%2C800&ssl=1&resize=700%2C400 2x, https:\/\/i0.wp.com\/www.supeinnihonto.com\/wp-content\/uploads\/2026\/03\/DSC_6506-scaled.jpg?fit=1200%2C800&ssl=1&resize=1050%2C600 3x"},"classes":[]},{"id":45101,"url":"https:\/\/www.supeinnihonto.com\/de\/produkt\/marugata-tsuba-aus-kupfer-mit-koi-motiv-nbthk-hozon-zertifiziert-10\/","url_meta":{"origin":14545,"position":3},"title":"Marugata-Tsuba aus Kupfer mit Koi-Motiv, NBTHK-Hozon-zertifiziert","author":"Eric Majo","date":"1 de M\u00e4rz de 2026","format":false,"excerpt":"ARTIKEL: Wird mit Zertifikat von Supein Nihonto geliefert. Inklusive NBTHK-Hozon-Zertifikat. Inklusive Holzbox. Wundersch\u00f6ner Kupfer-Tsuba aus dem 19. Jahrhundert, signiert, mit Rand und Reliefs aus Shakud\u014d (Gold-Kupfer-Legierung), der einen Karpfen mit goldgefassten Augen darstellt. Ein einzigartiges Kunstwerk.Der Koi-Karpfen ist in der japanischen Kultur hoch gesch\u00e4tzt und eines der beliebtesten Motive in\u2026","rel":"","context":"\u00c4hnlicher Beitrag","block_context":{"text":"\u00c4hnlicher Beitrag","link":""},"img":{"alt_text":"Iron tsuba soten for sale","src":"https:\/\/i0.wp.com\/www.supeinnihonto.com\/wp-content\/uploads\/2026\/03\/DSC_6419-scaled.jpg?fit=1200%2C800&ssl=1&resize=350%2C200","width":350,"height":200,"srcset":"https:\/\/i0.wp.com\/www.supeinnihonto.com\/wp-content\/uploads\/2026\/03\/DSC_6419-scaled.jpg?fit=1200%2C800&ssl=1&resize=350%2C200 1x, https:\/\/i0.wp.com\/www.supeinnihonto.com\/wp-content\/uploads\/2026\/03\/DSC_6419-scaled.jpg?fit=1200%2C800&ssl=1&resize=525%2C300 1.5x, https:\/\/i0.wp.com\/www.supeinnihonto.com\/wp-content\/uploads\/2026\/03\/DSC_6419-scaled.jpg?fit=1200%2C800&ssl=1&resize=700%2C400 2x, https:\/\/i0.wp.com\/www.supeinnihonto.com\/wp-content\/uploads\/2026\/03\/DSC_6419-scaled.jpg?fit=1200%2C800&ssl=1&resize=1050%2C600 3x"},"classes":[]},{"id":45251,"url":"https:\/\/www.supeinnihonto.com\/de\/produkt\/marugata-tsuba-aus-kupfer-mit-koi-motiv-nbthk-hozon-zertifiziert-3\/","url_meta":{"origin":14545,"position":4},"title":"Marugata-Tsuba aus Kupfer mit Koi-Motiv, NBTHK-Hozon-zertifiziert","author":"Eric Majo","date":"1 de M\u00e4rz de 2026","format":false,"excerpt":"ARTIKEL: Wird mit Zertifikat von Supein Nihonto geliefert. Inklusive NBTHK-Hozon-Zertifikat. Inklusive Holzbox. Wundersch\u00f6ner Kupfer-Tsuba aus dem 19. Jahrhundert, signiert, mit Rand und Reliefs aus Shakud\u014d (Gold-Kupfer-Legierung), der einen Karpfen mit goldgefassten Augen darstellt. Ein einzigartiges Kunstwerk.Der Koi-Karpfen ist in der japanischen Kultur hoch gesch\u00e4tzt und eines der beliebtesten Motive in\u2026","rel":"","context":"\u00c4hnlicher Beitrag","block_context":{"text":"\u00c4hnlicher Beitrag","link":""},"img":{"alt_text":"Tsuba koi Meiji period","src":"https:\/\/i0.wp.com\/www.supeinnihonto.com\/wp-content\/uploads\/2026\/03\/DSC_6545-scaled.jpg?fit=1200%2C800&ssl=1&resize=350%2C200","width":350,"height":200,"srcset":"https:\/\/i0.wp.com\/www.supeinnihonto.com\/wp-content\/uploads\/2026\/03\/DSC_6545-scaled.jpg?fit=1200%2C800&ssl=1&resize=350%2C200 1x, https:\/\/i0.wp.com\/www.supeinnihonto.com\/wp-content\/uploads\/2026\/03\/DSC_6545-scaled.jpg?fit=1200%2C800&ssl=1&resize=525%2C300 1.5x, https:\/\/i0.wp.com\/www.supeinnihonto.com\/wp-content\/uploads\/2026\/03\/DSC_6545-scaled.jpg?fit=1200%2C800&ssl=1&resize=700%2C400 2x, https:\/\/i0.wp.com\/www.supeinnihonto.com\/wp-content\/uploads\/2026\/03\/DSC_6545-scaled.jpg?fit=1200%2C800&ssl=1&resize=1050%2C600 3x"},"classes":[]},{"id":45138,"url":"https:\/\/www.supeinnihonto.com\/de\/produkt\/marugata-tsuba-aus-kupfer-mit-koi-motiv-nbthk-hozon-zertifiziert-8\/","url_meta":{"origin":14545,"position":5},"title":"Marugata-Tsuba aus Kupfer mit Koi-Motiv, NBTHK-Hozon-zertifiziert","author":"Eric Majo","date":"1 de M\u00e4rz de 2026","format":false,"excerpt":"ARTIKEL: Wird mit Zertifikat von Supein Nihonto geliefert. Inklusive NBTHK-Hozon-Zertifikat. Inklusive Holzbox. Wundersch\u00f6ner Kupfer-Tsuba aus dem 19. Jahrhundert, signiert, mit Rand und Reliefs aus Shakud\u014d (Gold-Kupfer-Legierung), der einen Karpfen mit goldgefassten Augen darstellt. Ein einzigartiges Kunstwerk.Der Koi-Karpfen ist in der japanischen Kultur hoch gesch\u00e4tzt und eines der beliebtesten Motive in\u2026","rel":"","context":"\u00c4hnlicher Beitrag","block_context":{"text":"\u00c4hnlicher Beitrag","link":""},"img":{"alt_text":"Daisho tsuba for sale","src":"https:\/\/i0.wp.com\/www.supeinnihonto.com\/wp-content\/uploads\/2026\/03\/DSC_6444-scaled.jpg?fit=1200%2C800&ssl=1&resize=350%2C200","width":350,"height":200,"srcset":"https:\/\/i0.wp.com\/www.supeinnihonto.com\/wp-content\/uploads\/2026\/03\/DSC_6444-scaled.jpg?fit=1200%2C800&ssl=1&resize=350%2C200 1x, https:\/\/i0.wp.com\/www.supeinnihonto.com\/wp-content\/uploads\/2026\/03\/DSC_6444-scaled.jpg?fit=1200%2C800&ssl=1&resize=525%2C300 1.5x, https:\/\/i0.wp.com\/www.supeinnihonto.com\/wp-content\/uploads\/2026\/03\/DSC_6444-scaled.jpg?fit=1200%2C800&ssl=1&resize=700%2C400 2x, https:\/\/i0.wp.com\/www.supeinnihonto.com\/wp-content\/uploads\/2026\/03\/DSC_6444-scaled.jpg?fit=1200%2C800&ssl=1&resize=1050%2C600 3x"},"classes":[]}],"jetpack_sharing_enabled":true,"_links":{"self":[{"href":"https:\/\/www.supeinnihonto.com\/de\/wp-json\/wp\/v2\/product\/14545","targetHints":{"allow":["GET"]}}],"collection":[{"href":"https:\/\/www.supeinnihonto.com\/de\/wp-json\/wp\/v2\/product"}],"about":[{"href":"https:\/\/www.supeinnihonto.com\/de\/wp-json\/wp\/v2\/types\/product"}],"wp:featuredmedia":[{"embeddable":true,"href":"https:\/\/www.supeinnihonto.com\/de\/wp-json\/wp\/v2\/media\/10957"}],"wp:attachment":[{"href":"https:\/\/www.supeinnihonto.com\/de\/wp-json\/wp\/v2\/media?parent=14545"}],"wp:term":[{"taxonomy":"product_brand","embeddable":true,"href":"https:\/\/www.supeinnihonto.com\/de\/wp-json\/wp\/v2\/product_brand?post=14545"},{"taxonomy":"product_cat","embeddable":true,"href":"https:\/\/www.supeinnihonto.com\/de\/wp-json\/wp\/v2\/product_cat?post=14545"},{"taxonomy":"product_tag","embeddable":true,"href":"https:\/\/www.supeinnihonto.com\/de\/wp-json\/wp\/v2\/product_tag?post=14545"}],"curies":[{"name":"wp","href":"https:\/\/api.w.org\/{rel}","templated":true}]}}