{"id":14537,"date":"2024-05-07T09:45:24","date_gmt":"2024-05-07T09:45:24","guid":{"rendered":"https:\/\/www.supeinnihonto.com\/product\/nademarugata-bronce-openwork-tsuba\/"},"modified":"2025-12-14T23:23:46","modified_gmt":"2025-12-14T23:23:46","slug":"nademarugata-bronce-openwork-tsuba","status":"publish","type":"product","link":"https:\/\/www.supeinnihonto.com\/de\/produkt\/nademarugata-bronce-openwork-tsuba\/","title":{"rendered":"Nademarugata Bronze durchbrochene Tsuba"},"content":{"rendered":"<p><span>ARTIKEL:<\/span><\/p>\n<p><span>Es wird mit einem Zertifikat von SupeinNihonto geliefert.<\/span><\/p>\n<p><span>Nademarugata Bronze-Openwork-Tsuba. Wundersch\u00f6ne Tsuba mit Bronze-Openwork und eingelegtem Kupfergesicht.<\/span><\/p>\n<p>5,7 x 4,5 cm<\/p>\n<p><span>\u00dcBER UNS:<\/span><\/p>\n<p><span>Bei Supein Nihonto bem\u00fchen wir uns, Ihnen hochwertige Samurai-Schwerter und R\u00fcstungen zu Preisen anzubieten, die weit unter denen der Konkurrenz liegen. Wir sind wahrscheinlich der gr\u00f6\u00dfte Exporteur in Europa und stolz darauf, bekannt zu geben, dass wir der Nummer eins TOP VERK\u00c4UFER bei Catawiki Samurai- und japanischen Auktionen sind. Dies ist besonders wichtig, um Steuern und Wartezeiten zu sparen, die bei japanischen Verk\u00e4ufern oft vier Monate oder l\u00e4nger betragen k\u00f6nnen, sowie Kopfschmerzen durch m\u00fchsame und manchmal problematische Prozesse, die die Lieferzeiten weiter verl\u00e4ngern, einschlie\u00dflich der R\u00fccksendung des Pakets an den Ursprung und mehr als 35 % Aufschlag auf den Endpreis aufgrund von Zoll, Tarifen und Geb\u00fchren, die das Produkt verteuern, aber nicht die Qualit\u00e4t und den zuk\u00fcnftigen Wiederverkaufswert erh\u00f6hen. Wir sind auch professionelle Verk\u00e4ufer und daher sind unsere Zufriedenheitsgarantie, unser Wissen und unsere Standards den privaten Verk\u00e4ufern \u00fcberlegen und bieten h\u00f6here After-Sales-Garantien. Dank dessen und der niedrigsten professionellen Preise in der Branche sowie unserer schnellen und effizienten Versandmethode, die in Europa selten mehr als drei Tage Lieferzeit \u00fcberschreitet, sind wir sicher, dass Sie diese gro\u00dfartige Gelegenheit genie\u00dfen werden, ein Kunstwerk zu besitzen, das im Wert \u00fcber Jahre hinweg steigen wird, und eine hervorragende Investition darstellt. Vertrauen Sie uns, um die Samurai-Kunst zu genie\u00dfen.<\/span><\/p>\n","protected":false},"excerpt":{"rendered":"<p>ARTIKEL: Es wird mit einem Zertifikat von SupeinNihonto geliefert. Nademarugata Bronze-Openwork-Tsuba. Wundersch\u00f6ne Tsuba mit Bronze-Openwork und eingelegtem Kupfergesicht. 5,7 x 4,5 cm \u00dcBER UNS: Bei Supein Nihonto bem\u00fchen wir uns, Ihnen hochwertige Samurai-Schwerter und R\u00fcstungen zu Preisen anzubieten, die weit unter denen der Konkurrenz liegen. Wir sind wahrscheinlich der gr\u00f6\u00dfte [&hellip;]<\/p>\n","protected":false},"featured_media":10957,"template":"","meta":{"jetpack_post_was_ever_published":false},"product_brand":[],"product_cat":[577,573],"product_tag":[489],"class_list":{"0":"post-14537","1":"product","2":"type-product","3":"status-publish","4":"has-post-thumbnail","6":"product_cat-tosogu","7":"product_cat-tsuba","8":"product_tag-verkauft","9":"product_shipping_class-leicht","11":"first","12":"outofstock","13":"sold-individually","14":"shipping-taxable","15":"purchasable","16":"product-type-simple"},"yoast_head":"<!-- This site is optimized with the Yoast SEO plugin v27.3 - https:\/\/yoast.com\/product\/yoast-seo-wordpress\/ -->\n<title>Nademarugata Bronze durchbrochene Tsuba - Supein Nihonto<\/title>\n<meta name=\"description\" content=\"Nademarugata bronce openwork tsuba. Beautiful Tsuba with openwork in bronce with inlayed copper face.\u00a0\" \/>\n<meta name=\"robots\" content=\"index, follow, max-snippet:-1, max-image-preview:large, max-video-preview:-1\" \/>\n<link rel=\"canonical\" href=\"https:\/\/www.supeinnihonto.com\/de\/produkt\/nademarugata-bronce-openwork-tsuba\/\" \/>\n<meta property=\"og:locale\" content=\"de_DE\" \/>\n<meta property=\"og:type\" content=\"article\" \/>\n<meta property=\"og:title\" content=\"Nademarugata Bronze durchbrochene Tsuba - Supein Nihonto\" \/>\n<meta property=\"og:description\" content=\"Nademarugata bronce openwork tsuba. Beautiful Tsuba with openwork in bronce with inlayed copper face.\u00a0\" \/>\n<meta property=\"og:url\" content=\"https:\/\/www.supeinnihonto.com\/de\/produkt\/nademarugata-bronce-openwork-tsuba\/\" \/>\n<meta property=\"og:site_name\" content=\"Supein Nihonto\" \/>\n<meta property=\"article:modified_time\" content=\"2025-12-14T23:23:46+00:00\" \/>\n<meta property=\"og:image\" content=\"https:\/\/www.supeinnihonto.com\/wp-content\/uploads\/2024\/02\/logo-sold.png\" \/>\n\t<meta property=\"og:image:width\" content=\"3125\" \/>\n\t<meta property=\"og:image:height\" content=\"1875\" \/>\n\t<meta property=\"og:image:type\" content=\"image\/png\" \/>\n<meta name=\"twitter:card\" content=\"summary_large_image\" \/>\n<meta name=\"twitter:label1\" content=\"Gesch\u00e4tzte Lesezeit\" \/>\n\t<meta name=\"twitter:data1\" content=\"1\u00a0Minute\" \/>\n<script type=\"application\/ld+json\" class=\"yoast-schema-graph\">{\"@context\":\"https:\\\/\\\/schema.org\",\"@graph\":[{\"@type\":\"WebPage\",\"@id\":\"https:\\\/\\\/www.supeinnihonto.com\\\/de\\\/produkt\\\/nademarugata-bronce-openwork-tsuba\\\/\",\"url\":\"https:\\\/\\\/www.supeinnihonto.com\\\/de\\\/produkt\\\/nademarugata-bronce-openwork-tsuba\\\/\",\"name\":\"Nademarugata Bronze durchbrochene Tsuba - Supein Nihonto\",\"isPartOf\":{\"@id\":\"https:\\\/\\\/www.supeinnihonto.com\\\/de\\\/#website\"},\"primaryImageOfPage\":{\"@id\":\"https:\\\/\\\/www.supeinnihonto.com\\\/de\\\/produkt\\\/nademarugata-bronce-openwork-tsuba\\\/#primaryimage\"},\"image\":{\"@id\":\"https:\\\/\\\/www.supeinnihonto.com\\\/de\\\/produkt\\\/nademarugata-bronce-openwork-tsuba\\\/#primaryimage\"},\"thumbnailUrl\":\"https:\\\/\\\/i0.wp.com\\\/www.supeinnihonto.com\\\/wp-content\\\/uploads\\\/2024\\\/02\\\/logo-sold-scaled.png?fit=3125%2C1875&ssl=1\",\"datePublished\":\"2024-05-07T09:45:24+00:00\",\"dateModified\":\"2025-12-14T23:23:46+00:00\",\"description\":\"Nademarugata bronce openwork tsuba. Beautiful Tsuba with openwork in bronce with inlayed copper face.\u00a0\",\"breadcrumb\":{\"@id\":\"https:\\\/\\\/www.supeinnihonto.com\\\/de\\\/produkt\\\/nademarugata-bronce-openwork-tsuba\\\/#breadcrumb\"},\"inLanguage\":\"de\",\"potentialAction\":[{\"@type\":\"ReadAction\",\"target\":[\"https:\\\/\\\/www.supeinnihonto.com\\\/de\\\/produkt\\\/nademarugata-bronce-openwork-tsuba\\\/\"]}]},{\"@type\":\"ImageObject\",\"inLanguage\":\"de\",\"@id\":\"https:\\\/\\\/www.supeinnihonto.com\\\/de\\\/produkt\\\/nademarugata-bronce-openwork-tsuba\\\/#primaryimage\",\"url\":\"https:\\\/\\\/i0.wp.com\\\/www.supeinnihonto.com\\\/wp-content\\\/uploads\\\/2024\\\/02\\\/logo-sold-scaled.png?fit=3125%2C1875&ssl=1\",\"contentUrl\":\"https:\\\/\\\/i0.wp.com\\\/www.supeinnihonto.com\\\/wp-content\\\/uploads\\\/2024\\\/02\\\/logo-sold-scaled.png?fit=3125%2C1875&ssl=1\",\"width\":3125,\"height\":1875,\"caption\":\"sold\"},{\"@type\":\"BreadcrumbList\",\"@id\":\"https:\\\/\\\/www.supeinnihonto.com\\\/de\\\/produkt\\\/nademarugata-bronce-openwork-tsuba\\\/#breadcrumb\",\"itemListElement\":[{\"@type\":\"ListItem\",\"position\":1,\"name\":\"Portada\",\"item\":\"https:\\\/\\\/www.supeinnihonto.com\\\/de\\\/\"},{\"@type\":\"ListItem\",\"position\":2,\"name\":\"Shop\",\"item\":\"https:\\\/\\\/www.supeinnihonto.com\\\/de\\\/shop\\\/\"},{\"@type\":\"ListItem\",\"position\":3,\"name\":\"Nademarugata Bronze durchbrochene Tsuba\"}]},{\"@type\":\"WebSite\",\"@id\":\"https:\\\/\\\/www.supeinnihonto.com\\\/de\\\/#website\",\"url\":\"https:\\\/\\\/www.supeinnihonto.com\\\/de\\\/\",\"name\":\"Supein Nihonto\",\"description\":\"Authentic japanese Nihonto katana \",\"publisher\":{\"@id\":\"https:\\\/\\\/www.supeinnihonto.com\\\/de\\\/#organization\"},\"potentialAction\":[{\"@type\":\"SearchAction\",\"target\":{\"@type\":\"EntryPoint\",\"urlTemplate\":\"https:\\\/\\\/www.supeinnihonto.com\\\/de\\\/?s={search_term_string}\"},\"query-input\":{\"@type\":\"PropertyValueSpecification\",\"valueRequired\":true,\"valueName\":\"search_term_string\"}}],\"inLanguage\":\"de\"},{\"@type\":\"Organization\",\"@id\":\"https:\\\/\\\/www.supeinnihonto.com\\\/de\\\/#organization\",\"name\":\"SupeinNihonto\",\"url\":\"https:\\\/\\\/www.supeinnihonto.com\\\/de\\\/\",\"logo\":{\"@type\":\"ImageObject\",\"inLanguage\":\"de\",\"@id\":\"https:\\\/\\\/www.supeinnihonto.com\\\/de\\\/#\\\/schema\\\/logo\\\/image\\\/\",\"url\":\"https:\\\/\\\/www.supeinnihonto.com\\\/wp-content\\\/uploads\\\/2021\\\/11\\\/animation_Default_3szk0jcenoloop.gif\",\"contentUrl\":\"https:\\\/\\\/www.supeinnihonto.com\\\/wp-content\\\/uploads\\\/2021\\\/11\\\/animation_Default_3szk0jcenoloop.gif\",\"width\":750,\"height\":641,\"caption\":\"SupeinNihonto\"},\"image\":{\"@id\":\"https:\\\/\\\/www.supeinnihonto.com\\\/de\\\/#\\\/schema\\\/logo\\\/image\\\/\"}}]}<\/script>\n<!-- \/ Yoast SEO plugin. -->","yoast_head_json":{"title":"Nademarugata Bronze durchbrochene Tsuba - Supein Nihonto","description":"Nademarugata bronce openwork tsuba. Beautiful Tsuba with openwork in bronce with inlayed copper face.\u00a0","robots":{"index":"index","follow":"follow","max-snippet":"max-snippet:-1","max-image-preview":"max-image-preview:large","max-video-preview":"max-video-preview:-1"},"canonical":"https:\/\/www.supeinnihonto.com\/de\/produkt\/nademarugata-bronce-openwork-tsuba\/","og_locale":"de_DE","og_type":"article","og_title":"Nademarugata Bronze durchbrochene Tsuba - Supein Nihonto","og_description":"Nademarugata bronce openwork tsuba. Beautiful Tsuba with openwork in bronce with inlayed copper face.\u00a0","og_url":"https:\/\/www.supeinnihonto.com\/de\/produkt\/nademarugata-bronce-openwork-tsuba\/","og_site_name":"Supein Nihonto","article_modified_time":"2025-12-14T23:23:46+00:00","og_image":[{"width":3125,"height":1875,"url":"https:\/\/www.supeinnihonto.com\/wp-content\/uploads\/2024\/02\/logo-sold.png","type":"image\/png"}],"twitter_card":"summary_large_image","twitter_misc":{"Gesch\u00e4tzte Lesezeit":"1\u00a0Minute"},"schema":{"@context":"https:\/\/schema.org","@graph":[{"@type":"WebPage","@id":"https:\/\/www.supeinnihonto.com\/de\/produkt\/nademarugata-bronce-openwork-tsuba\/","url":"https:\/\/www.supeinnihonto.com\/de\/produkt\/nademarugata-bronce-openwork-tsuba\/","name":"Nademarugata Bronze durchbrochene Tsuba - Supein Nihonto","isPartOf":{"@id":"https:\/\/www.supeinnihonto.com\/de\/#website"},"primaryImageOfPage":{"@id":"https:\/\/www.supeinnihonto.com\/de\/produkt\/nademarugata-bronce-openwork-tsuba\/#primaryimage"},"image":{"@id":"https:\/\/www.supeinnihonto.com\/de\/produkt\/nademarugata-bronce-openwork-tsuba\/#primaryimage"},"thumbnailUrl":"https:\/\/i0.wp.com\/www.supeinnihonto.com\/wp-content\/uploads\/2024\/02\/logo-sold-scaled.png?fit=3125%2C1875&ssl=1","datePublished":"2024-05-07T09:45:24+00:00","dateModified":"2025-12-14T23:23:46+00:00","description":"Nademarugata bronce openwork tsuba. Beautiful Tsuba with openwork in bronce with inlayed copper face.\u00a0","breadcrumb":{"@id":"https:\/\/www.supeinnihonto.com\/de\/produkt\/nademarugata-bronce-openwork-tsuba\/#breadcrumb"},"inLanguage":"de","potentialAction":[{"@type":"ReadAction","target":["https:\/\/www.supeinnihonto.com\/de\/produkt\/nademarugata-bronce-openwork-tsuba\/"]}]},{"@type":"ImageObject","inLanguage":"de","@id":"https:\/\/www.supeinnihonto.com\/de\/produkt\/nademarugata-bronce-openwork-tsuba\/#primaryimage","url":"https:\/\/i0.wp.com\/www.supeinnihonto.com\/wp-content\/uploads\/2024\/02\/logo-sold-scaled.png?fit=3125%2C1875&ssl=1","contentUrl":"https:\/\/i0.wp.com\/www.supeinnihonto.com\/wp-content\/uploads\/2024\/02\/logo-sold-scaled.png?fit=3125%2C1875&ssl=1","width":3125,"height":1875,"caption":"sold"},{"@type":"BreadcrumbList","@id":"https:\/\/www.supeinnihonto.com\/de\/produkt\/nademarugata-bronce-openwork-tsuba\/#breadcrumb","itemListElement":[{"@type":"ListItem","position":1,"name":"Portada","item":"https:\/\/www.supeinnihonto.com\/de\/"},{"@type":"ListItem","position":2,"name":"Shop","item":"https:\/\/www.supeinnihonto.com\/de\/shop\/"},{"@type":"ListItem","position":3,"name":"Nademarugata Bronze durchbrochene Tsuba"}]},{"@type":"WebSite","@id":"https:\/\/www.supeinnihonto.com\/de\/#website","url":"https:\/\/www.supeinnihonto.com\/de\/","name":"Supein Nihonto","description":"Authentic japanese Nihonto katana ","publisher":{"@id":"https:\/\/www.supeinnihonto.com\/de\/#organization"},"potentialAction":[{"@type":"SearchAction","target":{"@type":"EntryPoint","urlTemplate":"https:\/\/www.supeinnihonto.com\/de\/?s={search_term_string}"},"query-input":{"@type":"PropertyValueSpecification","valueRequired":true,"valueName":"search_term_string"}}],"inLanguage":"de"},{"@type":"Organization","@id":"https:\/\/www.supeinnihonto.com\/de\/#organization","name":"SupeinNihonto","url":"https:\/\/www.supeinnihonto.com\/de\/","logo":{"@type":"ImageObject","inLanguage":"de","@id":"https:\/\/www.supeinnihonto.com\/de\/#\/schema\/logo\/image\/","url":"https:\/\/www.supeinnihonto.com\/wp-content\/uploads\/2021\/11\/animation_Default_3szk0jcenoloop.gif","contentUrl":"https:\/\/www.supeinnihonto.com\/wp-content\/uploads\/2021\/11\/animation_Default_3szk0jcenoloop.gif","width":750,"height":641,"caption":"SupeinNihonto"},"image":{"@id":"https:\/\/www.supeinnihonto.com\/de\/#\/schema\/logo\/image\/"}}]}},"jetpack-related-posts":[{"id":12352,"url":"https:\/\/www.supeinnihonto.com\/de\/produkt\/kakugata-bronze-bird-tsuba\/","url_meta":{"origin":14537,"position":0},"title":"Kakugata Bronze bird tsuba","author":"Eric Majo","date":"12 de November de 2024","format":false,"excerpt":"ARTIKEL: Wird mit Zertifikat von Supein Nihonto geliefert. Inklusive Holzbox. Wundersch\u00f6ner Tsuba aus Bronze mit der Darstellung eines Vogels auf einem Pflaumenzweig, reich eingelegt mit Gold, Silber und Bronze in hervorragender Detailarbeit. Bei genauer Betrachtung erkennt man die abgestorbenen Zweige aus Bronze, w\u00e4hrend die \u00fcbrigen Partien mit geschw\u00e4rztem Silber eingelegt\u2026","rel":"","context":"\u00c4hnlicher Beitrag","block_context":{"text":"\u00c4hnlicher Beitrag","link":""},"img":{"alt_text":"Sold","src":"https:\/\/i0.wp.com\/www.supeinnihonto.com\/wp-content\/uploads\/2024\/01\/logo-sold-scaled.png?fit=1200%2C720&ssl=1&resize=350%2C200","width":350,"height":200,"srcset":"https:\/\/i0.wp.com\/www.supeinnihonto.com\/wp-content\/uploads\/2024\/01\/logo-sold-scaled.png?fit=1200%2C720&ssl=1&resize=350%2C200 1x, https:\/\/i0.wp.com\/www.supeinnihonto.com\/wp-content\/uploads\/2024\/01\/logo-sold-scaled.png?fit=1200%2C720&ssl=1&resize=525%2C300 1.5x, https:\/\/i0.wp.com\/www.supeinnihonto.com\/wp-content\/uploads\/2024\/01\/logo-sold-scaled.png?fit=1200%2C720&ssl=1&resize=700%2C400 2x, https:\/\/i0.wp.com\/www.supeinnihonto.com\/wp-content\/uploads\/2024\/01\/logo-sold-scaled.png?fit=1200%2C720&ssl=1&resize=1050%2C600 3x"},"classes":[]},{"id":14835,"url":"https:\/\/www.supeinnihonto.com\/de\/produkt\/kikugata-shakudo-tsuba-mit-durchbrucharbeit\/","url_meta":{"origin":14537,"position":1},"title":"Kikugata-Shakud\u014d-Tsuba mit Durchbrucharbeit","author":"Supein Nihonto","date":"8 de Mai de 2024","format":false,"excerpt":"OBJEKT: Wird mit Zertifikat von SupeinNihonto geliefert. Kikugata-Shakud\u014d-Tsuba mit Durchbrucharbeit. Sch\u00f6ne Tsuba aus Shakud\u014d (Kupfer-Gold-Legierung) in sehr gutem Zustand in Anbetracht ihres Alters. Hervorragende Durchbrucharbeit und sch\u00f6ne bl\u00e4uliche Patina. 6,6 x 6,4 cm \u00dcBER UNS: Bei Supein Nihonto bem\u00fchen wir uns, Ihnen hochwertige Samurai-Schwerter und R\u00fcstungen zu Preisen anzubieten, die\u2026","rel":"","context":"\u00c4hnlicher Beitrag","block_context":{"text":"\u00c4hnlicher Beitrag","link":""},"img":{"alt_text":"Kikugata shakudo openwork tsuba","src":"https:\/\/i0.wp.com\/www.supeinnihonto.com\/wp-content\/uploads\/2024\/05\/DSC_3529-scaled.jpg?fit=1200%2C800&ssl=1&resize=350%2C200","width":350,"height":200,"srcset":"https:\/\/i0.wp.com\/www.supeinnihonto.com\/wp-content\/uploads\/2024\/05\/DSC_3529-scaled.jpg?fit=1200%2C800&ssl=1&resize=350%2C200 1x, https:\/\/i0.wp.com\/www.supeinnihonto.com\/wp-content\/uploads\/2024\/05\/DSC_3529-scaled.jpg?fit=1200%2C800&ssl=1&resize=525%2C300 1.5x, https:\/\/i0.wp.com\/www.supeinnihonto.com\/wp-content\/uploads\/2024\/05\/DSC_3529-scaled.jpg?fit=1200%2C800&ssl=1&resize=700%2C400 2x, https:\/\/i0.wp.com\/www.supeinnihonto.com\/wp-content\/uploads\/2024\/05\/DSC_3529-scaled.jpg?fit=1200%2C800&ssl=1&resize=1050%2C600 3x"},"classes":[]},{"id":12360,"url":"https:\/\/www.supeinnihonto.com\/de\/produkt\/marugata-bronze-items\/","url_meta":{"origin":14537,"position":2},"title":"Marugata bronze items","author":"Eric Majo","date":"12 de November de 2024","format":false,"excerpt":"ARTIKEL: Wird mit Zertifikat von Supein Nihonto geliefert. Inklusive Holzbox. Bronzener Tsuba mit Silberrand, verziert mit allt\u00e4glichen kulturellen Motiven wie einer Ikebana-Vase, einer Teekanne, Holzvasen und Muscheln. Eingelegt mit Bronze, Silber und Gold. Eine sehr aufwendige Arbeit f\u00fcr einen besonders originellen Tsuba. Dick und schwer. 7,1 \u00d7 7 cm \u00dcBER\u2026","rel":"","context":"\u00c4hnlicher Beitrag","block_context":{"text":"\u00c4hnlicher Beitrag","link":""},"img":{"alt_text":"","src":"https:\/\/i0.wp.com\/www.supeinnihonto.com\/wp-content\/uploads\/2024\/11\/DSC1977-scaled.jpg?fit=1200%2C800&ssl=1&resize=350%2C200","width":350,"height":200,"srcset":"https:\/\/i0.wp.com\/www.supeinnihonto.com\/wp-content\/uploads\/2024\/11\/DSC1977-scaled.jpg?fit=1200%2C800&ssl=1&resize=350%2C200 1x, https:\/\/i0.wp.com\/www.supeinnihonto.com\/wp-content\/uploads\/2024\/11\/DSC1977-scaled.jpg?fit=1200%2C800&ssl=1&resize=525%2C300 1.5x, https:\/\/i0.wp.com\/www.supeinnihonto.com\/wp-content\/uploads\/2024\/11\/DSC1977-scaled.jpg?fit=1200%2C800&ssl=1&resize=700%2C400 2x, https:\/\/i0.wp.com\/www.supeinnihonto.com\/wp-content\/uploads\/2024\/11\/DSC1977-scaled.jpg?fit=1200%2C800&ssl=1&resize=1050%2C600 3x"},"classes":[]},{"id":14797,"url":"https:\/\/www.supeinnihonto.com\/de\/produkt\/marugata-tsuba-aus-eisen-mit-ochsenmotiv\/","url_meta":{"origin":14537,"position":3},"title":"Marugata-Tsuba aus Eisen mit Ochsenmotiv","author":"Supein Nihonto","date":"8 de Mai de 2024","format":false,"excerpt":"OBJEKT: Wird mit Zertifikat von SupeinNihonto geliefert. Marugata-Tsuba aus Eisen mit Ochsenmotiv. Wundersch\u00f6ne Tsuba von ungew\u00f6hnlicher Form (kawari), signiert, aus Eisen gefertigt, mit zwei Ochsen, die einen Kreis bilden. Der Shogun und Einiger Japans Tokugawa Ieyasu besa\u00df an einem seiner Schwerter eine solche Tsuba. Zahlreiche Details. Die Schnitzarbeit und das\u2026","rel":"","context":"\u00c4hnlicher Beitrag","block_context":{"text":"\u00c4hnlicher Beitrag","link":""},"img":{"alt_text":"Marugata Iron ox tsuba","src":"https:\/\/i0.wp.com\/www.supeinnihonto.com\/wp-content\/uploads\/2024\/05\/DSC_3555-scaled.jpg?fit=1200%2C800&ssl=1&resize=350%2C200","width":350,"height":200,"srcset":"https:\/\/i0.wp.com\/www.supeinnihonto.com\/wp-content\/uploads\/2024\/05\/DSC_3555-scaled.jpg?fit=1200%2C800&ssl=1&resize=350%2C200 1x, https:\/\/i0.wp.com\/www.supeinnihonto.com\/wp-content\/uploads\/2024\/05\/DSC_3555-scaled.jpg?fit=1200%2C800&ssl=1&resize=525%2C300 1.5x, https:\/\/i0.wp.com\/www.supeinnihonto.com\/wp-content\/uploads\/2024\/05\/DSC_3555-scaled.jpg?fit=1200%2C800&ssl=1&resize=700%2C400 2x, https:\/\/i0.wp.com\/www.supeinnihonto.com\/wp-content\/uploads\/2024\/05\/DSC_3555-scaled.jpg?fit=1200%2C800&ssl=1&resize=1050%2C600 3x"},"classes":[]},{"id":14749,"url":"https:\/\/www.supeinnihonto.com\/de\/produkt\/sechseckige-kupfer-tsuba-mit-chrysanthemenmotiv\/","url_meta":{"origin":14537,"position":4},"title":"Sechseckige Kupfer-Tsuba mit Chrysanthemenmotiv","author":"Supein Nihonto","date":"8 de Mai de 2024","format":false,"excerpt":"OBJEKT: Wird mit Zertifikat von SupeinNihonto geliefert. Seltenes Beispiel einer sechseckigen Tsuba aus zwei Materialien, au\u00dfen aus Kupfer und innen mit einer Chrysantheme aus Shakud\u014d. Sehr seltene und sammelw\u00fcrdige Tsuba. 6,7 x 6,2 cm \u00dcBER UNS: Bei Supein Nihonto bem\u00fchen wir uns, Ihnen hochwertige Samurai-Schwerter und R\u00fcstungen zu Preisen anzubieten,\u2026","rel":"","context":"\u00c4hnlicher Beitrag","block_context":{"text":"\u00c4hnlicher Beitrag","link":""},"img":{"alt_text":"Exagonal copper Chrisantemum tsuba","src":"https:\/\/i0.wp.com\/www.supeinnihonto.com\/wp-content\/uploads\/2024\/05\/Exagonal-copper-Chrisantemum.webp?fit=600%2C400&ssl=1&resize=350%2C200","width":350,"height":200,"srcset":"https:\/\/i0.wp.com\/www.supeinnihonto.com\/wp-content\/uploads\/2024\/05\/Exagonal-copper-Chrisantemum.webp?fit=600%2C400&ssl=1&resize=350%2C200 1x, https:\/\/i0.wp.com\/www.supeinnihonto.com\/wp-content\/uploads\/2024\/05\/Exagonal-copper-Chrisantemum.webp?fit=600%2C400&ssl=1&resize=525%2C300 1.5x"},"classes":[]},{"id":14725,"url":"https:\/\/www.supeinnihonto.com\/de\/produkt\/marugata-tsuba-aus-eisen-mit-tiger\/","url_meta":{"origin":14537,"position":5},"title":"Marugata-Tsuba aus Eisen mit Tiger","author":"Supein Nihonto","date":"8 de Mai de 2024","format":false,"excerpt":"OBJEKT: Wird mit Zertifikat von SupeinNihonto geliefert. Marugata-Tsuba aus Eisen mit Tiger. Sch\u00f6nes St\u00fcck mit eingelegtem Tiger, Sennins und Bambus. Verschiedene Einlagen aus Gold und Kupfer. Sch\u00f6ne antike Patina. Fr\u00fche \u2013 mittlere Edo-Zeit. 7,3 x 6,6 cm \u00dcBER UNS: Bei Supein Nihonto bem\u00fchen wir uns, Ihnen hochwertige Samurai-Schwerter und R\u00fcstungen\u2026","rel":"","context":"\u00c4hnlicher Beitrag","block_context":{"text":"\u00c4hnlicher Beitrag","link":""},"img":{"alt_text":"Marugata iron tiger tsuba","src":"https:\/\/i0.wp.com\/www.supeinnihonto.com\/wp-content\/uploads\/2024\/05\/DSC_3499-scaled.jpg?fit=1200%2C800&ssl=1&resize=350%2C200","width":350,"height":200,"srcset":"https:\/\/i0.wp.com\/www.supeinnihonto.com\/wp-content\/uploads\/2024\/05\/DSC_3499-scaled.jpg?fit=1200%2C800&ssl=1&resize=350%2C200 1x, https:\/\/i0.wp.com\/www.supeinnihonto.com\/wp-content\/uploads\/2024\/05\/DSC_3499-scaled.jpg?fit=1200%2C800&ssl=1&resize=525%2C300 1.5x, https:\/\/i0.wp.com\/www.supeinnihonto.com\/wp-content\/uploads\/2024\/05\/DSC_3499-scaled.jpg?fit=1200%2C800&ssl=1&resize=700%2C400 2x, https:\/\/i0.wp.com\/www.supeinnihonto.com\/wp-content\/uploads\/2024\/05\/DSC_3499-scaled.jpg?fit=1200%2C800&ssl=1&resize=1050%2C600 3x"},"classes":[]}],"jetpack_sharing_enabled":true,"_links":{"self":[{"href":"https:\/\/www.supeinnihonto.com\/de\/wp-json\/wp\/v2\/product\/14537","targetHints":{"allow":["GET"]}}],"collection":[{"href":"https:\/\/www.supeinnihonto.com\/de\/wp-json\/wp\/v2\/product"}],"about":[{"href":"https:\/\/www.supeinnihonto.com\/de\/wp-json\/wp\/v2\/types\/product"}],"wp:featuredmedia":[{"embeddable":true,"href":"https:\/\/www.supeinnihonto.com\/de\/wp-json\/wp\/v2\/media\/10957"}],"wp:attachment":[{"href":"https:\/\/www.supeinnihonto.com\/de\/wp-json\/wp\/v2\/media?parent=14537"}],"wp:term":[{"taxonomy":"product_brand","embeddable":true,"href":"https:\/\/www.supeinnihonto.com\/de\/wp-json\/wp\/v2\/product_brand?post=14537"},{"taxonomy":"product_cat","embeddable":true,"href":"https:\/\/www.supeinnihonto.com\/de\/wp-json\/wp\/v2\/product_cat?post=14537"},{"taxonomy":"product_tag","embeddable":true,"href":"https:\/\/www.supeinnihonto.com\/de\/wp-json\/wp\/v2\/product_tag?post=14537"}],"curies":[{"name":"wp","href":"https:\/\/api.w.org\/{rel}","templated":true}]}}