{"id":14513,"date":"2024-05-07T09:20:25","date_gmt":"2024-05-07T09:20:25","guid":{"rendered":"https:\/\/www.supeinnihonto.com\/product\/marugata-iron-horse-tsuba\/"},"modified":"2025-12-14T23:23:43","modified_gmt":"2025-12-14T23:23:43","slug":"marugata-iron-horse-tsuba","status":"publish","type":"product","link":"https:\/\/www.supeinnihonto.com\/de\/produkt\/marugata-iron-horse-tsuba\/","title":{"rendered":"Marugata Eisenpferd Tsuba"},"content":{"rendered":"<p><span>ARTIKEL:<\/span><\/p>\n<p><span>Es wird mit einem Zertifikat von SupeinNihonto geliefert.<\/span><\/p>\n<p><span>Marugata Eisen Pferde-Tsuba. Sehr sch\u00f6ne Arbeit einer Tsuba in Pferdeform. Hervorragende Qualit\u00e4t der Gravur und Durchbrucharbeit.<\/span><\/p>\n<p>7,0 x 6,7 cm<\/p>\n<p><span>\u00dcBER UNS:<\/span><\/p>\n<p><span>Bei Supein Nihonto bem\u00fchen wir uns, Ihnen hochwertige Samurai-Schwerter und R\u00fcstungen zu Preisen anzubieten, die weit unter denen der Konkurrenz liegen. Wir sind wahrscheinlich der gr\u00f6\u00dfte Exporteur in Europa und sind stolz darauf, bekannt zu geben, dass wir der TOP-VERK\u00c4UFER Nummer eins bei Catawiki Samurai- und japanischen Auktionen sind. Dies ist besonders wichtig, um Steuern und Wartezeiten zu sparen, die bei japanischen Verk\u00e4ufern oft vier Monate oder l\u00e4nger betragen k\u00f6nnen, sowie Kopfschmerzen durch m\u00fchsame und manchmal problematische Abl\u00e4ufe, die die Lieferzeiten weiter verl\u00e4ngern, einschlie\u00dflich der R\u00fccksendung des Pakets an den Ursprung und mehr als 35 % Aufschlag auf den Endpreis aufgrund von Zoll, Tarifen und Geb\u00fchren, die das Produkt verteuern, aber nicht die Qualit\u00e4t und den zuk\u00fcnftigen Wiederverkaufswert. Wir sind auch professionelle Verk\u00e4ufer und daher sind unsere Zufriedenheitsgarantie, unser Wissen und unsere Standards h\u00f6her als die von privaten Verk\u00e4ufern und bieten bessere After-Sales-Garantien. Dank dessen und der niedrigsten professionellen Preise in der Branche sowie unserer schnellen und effizienten Versandmethode, die in Europa selten mehr als drei Tage Lieferzeit \u00fcberschreitet, sind wir sicher, dass Sie diese gro\u00dfartige Gelegenheit genie\u00dfen werden, ein Kunstwerk zu besitzen, das im Wert steigen wird und eine hervorragende Investition darstellt. Vertrauen Sie uns, um die Samurai-Kunst zu genie\u00dfen.<\/span><\/p>\n","protected":false},"excerpt":{"rendered":"<p>ARTIKEL: Es wird mit einem Zertifikat von SupeinNihonto geliefert. Marugata Eisen Pferde-Tsuba. Sehr sch\u00f6ne Arbeit einer Tsuba in Pferdeform. Hervorragende Qualit\u00e4t der Gravur und Durchbrucharbeit. 7,0 x 6,7 cm \u00dcBER UNS: Bei Supein Nihonto bem\u00fchen wir uns, Ihnen hochwertige Samurai-Schwerter und R\u00fcstungen zu Preisen anzubieten, die weit unter denen der [&hellip;]<\/p>\n","protected":false},"featured_media":10957,"template":"","meta":{"jetpack_post_was_ever_published":false},"product_brand":[],"product_cat":[577,573],"product_tag":[],"class_list":{"0":"post-14513","1":"product","2":"type-product","3":"status-publish","4":"has-post-thumbnail","6":"product_cat-tosogu","7":"product_cat-tsuba","8":"product_shipping_class-leicht","10":"first","11":"outofstock","12":"sold-individually","13":"shipping-taxable","14":"purchasable","15":"product-type-simple"},"yoast_head":"<!-- This site is optimized with the Yoast SEO plugin v27.3 - https:\/\/yoast.com\/product\/yoast-seo-wordpress\/ -->\n<title>Marugata Eisenpferd Tsuba - Supein Nihonto<\/title>\n<meta name=\"description\" content=\"Marugata iron horse tsuba. Very nice work of a tsuba with a horse shape. Great quality carving and openwork.\u00a0\" \/>\n<meta name=\"robots\" content=\"index, follow, max-snippet:-1, max-image-preview:large, max-video-preview:-1\" \/>\n<link rel=\"canonical\" href=\"https:\/\/www.supeinnihonto.com\/de\/produkt\/marugata-iron-horse-tsuba\/\" \/>\n<meta property=\"og:locale\" content=\"de_DE\" \/>\n<meta property=\"og:type\" content=\"article\" \/>\n<meta property=\"og:title\" content=\"Marugata Eisenpferd Tsuba - Supein Nihonto\" \/>\n<meta property=\"og:description\" content=\"Marugata iron horse tsuba. Very nice work of a tsuba with a horse shape. Great quality carving and openwork.\u00a0\" \/>\n<meta property=\"og:url\" content=\"https:\/\/www.supeinnihonto.com\/de\/produkt\/marugata-iron-horse-tsuba\/\" \/>\n<meta property=\"og:site_name\" content=\"Supein Nihonto\" \/>\n<meta property=\"article:modified_time\" content=\"2025-12-14T23:23:43+00:00\" \/>\n<meta property=\"og:image\" content=\"https:\/\/www.supeinnihonto.com\/wp-content\/uploads\/2024\/02\/logo-sold.png\" \/>\n\t<meta property=\"og:image:width\" content=\"3125\" \/>\n\t<meta property=\"og:image:height\" content=\"1875\" \/>\n\t<meta property=\"og:image:type\" content=\"image\/png\" \/>\n<meta name=\"twitter:card\" content=\"summary_large_image\" \/>\n<meta name=\"twitter:label1\" content=\"Gesch\u00e4tzte Lesezeit\" \/>\n\t<meta name=\"twitter:data1\" content=\"1\u00a0Minute\" \/>\n<script type=\"application\/ld+json\" class=\"yoast-schema-graph\">{\"@context\":\"https:\\\/\\\/schema.org\",\"@graph\":[{\"@type\":\"WebPage\",\"@id\":\"https:\\\/\\\/www.supeinnihonto.com\\\/de\\\/produkt\\\/marugata-iron-horse-tsuba\\\/\",\"url\":\"https:\\\/\\\/www.supeinnihonto.com\\\/de\\\/produkt\\\/marugata-iron-horse-tsuba\\\/\",\"name\":\"Marugata Eisenpferd Tsuba - Supein Nihonto\",\"isPartOf\":{\"@id\":\"https:\\\/\\\/www.supeinnihonto.com\\\/de\\\/#website\"},\"primaryImageOfPage\":{\"@id\":\"https:\\\/\\\/www.supeinnihonto.com\\\/de\\\/produkt\\\/marugata-iron-horse-tsuba\\\/#primaryimage\"},\"image\":{\"@id\":\"https:\\\/\\\/www.supeinnihonto.com\\\/de\\\/produkt\\\/marugata-iron-horse-tsuba\\\/#primaryimage\"},\"thumbnailUrl\":\"https:\\\/\\\/i0.wp.com\\\/www.supeinnihonto.com\\\/wp-content\\\/uploads\\\/2024\\\/02\\\/logo-sold-scaled.png?fit=3125%2C1875&ssl=1\",\"datePublished\":\"2024-05-07T09:20:25+00:00\",\"dateModified\":\"2025-12-14T23:23:43+00:00\",\"description\":\"Marugata iron horse tsuba. Very nice work of a tsuba with a horse shape. Great quality carving and openwork.\u00a0\",\"breadcrumb\":{\"@id\":\"https:\\\/\\\/www.supeinnihonto.com\\\/de\\\/produkt\\\/marugata-iron-horse-tsuba\\\/#breadcrumb\"},\"inLanguage\":\"de\",\"potentialAction\":[{\"@type\":\"ReadAction\",\"target\":[\"https:\\\/\\\/www.supeinnihonto.com\\\/de\\\/produkt\\\/marugata-iron-horse-tsuba\\\/\"]}]},{\"@type\":\"ImageObject\",\"inLanguage\":\"de\",\"@id\":\"https:\\\/\\\/www.supeinnihonto.com\\\/de\\\/produkt\\\/marugata-iron-horse-tsuba\\\/#primaryimage\",\"url\":\"https:\\\/\\\/i0.wp.com\\\/www.supeinnihonto.com\\\/wp-content\\\/uploads\\\/2024\\\/02\\\/logo-sold-scaled.png?fit=3125%2C1875&ssl=1\",\"contentUrl\":\"https:\\\/\\\/i0.wp.com\\\/www.supeinnihonto.com\\\/wp-content\\\/uploads\\\/2024\\\/02\\\/logo-sold-scaled.png?fit=3125%2C1875&ssl=1\",\"width\":3125,\"height\":1875,\"caption\":\"sold\"},{\"@type\":\"BreadcrumbList\",\"@id\":\"https:\\\/\\\/www.supeinnihonto.com\\\/de\\\/produkt\\\/marugata-iron-horse-tsuba\\\/#breadcrumb\",\"itemListElement\":[{\"@type\":\"ListItem\",\"position\":1,\"name\":\"Portada\",\"item\":\"https:\\\/\\\/www.supeinnihonto.com\\\/de\\\/\"},{\"@type\":\"ListItem\",\"position\":2,\"name\":\"Shop\",\"item\":\"https:\\\/\\\/www.supeinnihonto.com\\\/de\\\/shop\\\/\"},{\"@type\":\"ListItem\",\"position\":3,\"name\":\"Marugata Eisenpferd Tsuba\"}]},{\"@type\":\"WebSite\",\"@id\":\"https:\\\/\\\/www.supeinnihonto.com\\\/de\\\/#website\",\"url\":\"https:\\\/\\\/www.supeinnihonto.com\\\/de\\\/\",\"name\":\"Supein Nihonto\",\"description\":\"Authentic japanese Nihonto katana \",\"publisher\":{\"@id\":\"https:\\\/\\\/www.supeinnihonto.com\\\/de\\\/#organization\"},\"potentialAction\":[{\"@type\":\"SearchAction\",\"target\":{\"@type\":\"EntryPoint\",\"urlTemplate\":\"https:\\\/\\\/www.supeinnihonto.com\\\/de\\\/?s={search_term_string}\"},\"query-input\":{\"@type\":\"PropertyValueSpecification\",\"valueRequired\":true,\"valueName\":\"search_term_string\"}}],\"inLanguage\":\"de\"},{\"@type\":\"Organization\",\"@id\":\"https:\\\/\\\/www.supeinnihonto.com\\\/de\\\/#organization\",\"name\":\"SupeinNihonto\",\"url\":\"https:\\\/\\\/www.supeinnihonto.com\\\/de\\\/\",\"logo\":{\"@type\":\"ImageObject\",\"inLanguage\":\"de\",\"@id\":\"https:\\\/\\\/www.supeinnihonto.com\\\/de\\\/#\\\/schema\\\/logo\\\/image\\\/\",\"url\":\"https:\\\/\\\/www.supeinnihonto.com\\\/wp-content\\\/uploads\\\/2021\\\/11\\\/animation_Default_3szk0jcenoloop.gif\",\"contentUrl\":\"https:\\\/\\\/www.supeinnihonto.com\\\/wp-content\\\/uploads\\\/2021\\\/11\\\/animation_Default_3szk0jcenoloop.gif\",\"width\":750,\"height\":641,\"caption\":\"SupeinNihonto\"},\"image\":{\"@id\":\"https:\\\/\\\/www.supeinnihonto.com\\\/de\\\/#\\\/schema\\\/logo\\\/image\\\/\"}}]}<\/script>\n<!-- \/ Yoast SEO plugin. -->","yoast_head_json":{"title":"Marugata Eisenpferd Tsuba - Supein Nihonto","description":"Marugata iron horse tsuba. Very nice work of a tsuba with a horse shape. Great quality carving and openwork.\u00a0","robots":{"index":"index","follow":"follow","max-snippet":"max-snippet:-1","max-image-preview":"max-image-preview:large","max-video-preview":"max-video-preview:-1"},"canonical":"https:\/\/www.supeinnihonto.com\/de\/produkt\/marugata-iron-horse-tsuba\/","og_locale":"de_DE","og_type":"article","og_title":"Marugata Eisenpferd Tsuba - Supein Nihonto","og_description":"Marugata iron horse tsuba. Very nice work of a tsuba with a horse shape. Great quality carving and openwork.\u00a0","og_url":"https:\/\/www.supeinnihonto.com\/de\/produkt\/marugata-iron-horse-tsuba\/","og_site_name":"Supein Nihonto","article_modified_time":"2025-12-14T23:23:43+00:00","og_image":[{"width":3125,"height":1875,"url":"https:\/\/www.supeinnihonto.com\/wp-content\/uploads\/2024\/02\/logo-sold.png","type":"image\/png"}],"twitter_card":"summary_large_image","twitter_misc":{"Gesch\u00e4tzte Lesezeit":"1\u00a0Minute"},"schema":{"@context":"https:\/\/schema.org","@graph":[{"@type":"WebPage","@id":"https:\/\/www.supeinnihonto.com\/de\/produkt\/marugata-iron-horse-tsuba\/","url":"https:\/\/www.supeinnihonto.com\/de\/produkt\/marugata-iron-horse-tsuba\/","name":"Marugata Eisenpferd Tsuba - Supein Nihonto","isPartOf":{"@id":"https:\/\/www.supeinnihonto.com\/de\/#website"},"primaryImageOfPage":{"@id":"https:\/\/www.supeinnihonto.com\/de\/produkt\/marugata-iron-horse-tsuba\/#primaryimage"},"image":{"@id":"https:\/\/www.supeinnihonto.com\/de\/produkt\/marugata-iron-horse-tsuba\/#primaryimage"},"thumbnailUrl":"https:\/\/i0.wp.com\/www.supeinnihonto.com\/wp-content\/uploads\/2024\/02\/logo-sold-scaled.png?fit=3125%2C1875&ssl=1","datePublished":"2024-05-07T09:20:25+00:00","dateModified":"2025-12-14T23:23:43+00:00","description":"Marugata iron horse tsuba. Very nice work of a tsuba with a horse shape. Great quality carving and openwork.\u00a0","breadcrumb":{"@id":"https:\/\/www.supeinnihonto.com\/de\/produkt\/marugata-iron-horse-tsuba\/#breadcrumb"},"inLanguage":"de","potentialAction":[{"@type":"ReadAction","target":["https:\/\/www.supeinnihonto.com\/de\/produkt\/marugata-iron-horse-tsuba\/"]}]},{"@type":"ImageObject","inLanguage":"de","@id":"https:\/\/www.supeinnihonto.com\/de\/produkt\/marugata-iron-horse-tsuba\/#primaryimage","url":"https:\/\/i0.wp.com\/www.supeinnihonto.com\/wp-content\/uploads\/2024\/02\/logo-sold-scaled.png?fit=3125%2C1875&ssl=1","contentUrl":"https:\/\/i0.wp.com\/www.supeinnihonto.com\/wp-content\/uploads\/2024\/02\/logo-sold-scaled.png?fit=3125%2C1875&ssl=1","width":3125,"height":1875,"caption":"sold"},{"@type":"BreadcrumbList","@id":"https:\/\/www.supeinnihonto.com\/de\/produkt\/marugata-iron-horse-tsuba\/#breadcrumb","itemListElement":[{"@type":"ListItem","position":1,"name":"Portada","item":"https:\/\/www.supeinnihonto.com\/de\/"},{"@type":"ListItem","position":2,"name":"Shop","item":"https:\/\/www.supeinnihonto.com\/de\/shop\/"},{"@type":"ListItem","position":3,"name":"Marugata Eisenpferd Tsuba"}]},{"@type":"WebSite","@id":"https:\/\/www.supeinnihonto.com\/de\/#website","url":"https:\/\/www.supeinnihonto.com\/de\/","name":"Supein Nihonto","description":"Authentic japanese Nihonto katana ","publisher":{"@id":"https:\/\/www.supeinnihonto.com\/de\/#organization"},"potentialAction":[{"@type":"SearchAction","target":{"@type":"EntryPoint","urlTemplate":"https:\/\/www.supeinnihonto.com\/de\/?s={search_term_string}"},"query-input":{"@type":"PropertyValueSpecification","valueRequired":true,"valueName":"search_term_string"}}],"inLanguage":"de"},{"@type":"Organization","@id":"https:\/\/www.supeinnihonto.com\/de\/#organization","name":"SupeinNihonto","url":"https:\/\/www.supeinnihonto.com\/de\/","logo":{"@type":"ImageObject","inLanguage":"de","@id":"https:\/\/www.supeinnihonto.com\/de\/#\/schema\/logo\/image\/","url":"https:\/\/www.supeinnihonto.com\/wp-content\/uploads\/2021\/11\/animation_Default_3szk0jcenoloop.gif","contentUrl":"https:\/\/www.supeinnihonto.com\/wp-content\/uploads\/2021\/11\/animation_Default_3szk0jcenoloop.gif","width":750,"height":641,"caption":"SupeinNihonto"},"image":{"@id":"https:\/\/www.supeinnihonto.com\/de\/#\/schema\/logo\/image\/"}}]}},"jetpack-related-posts":[{"id":45228,"url":"https:\/\/www.supeinnihonto.com\/de\/produkt\/marugata-tsuba-aus-kupfer-mit-koi-motiv-nbthk-hozon-zertifiziert-4\/","url_meta":{"origin":14513,"position":0},"title":"Marugata-Tsuba aus Kupfer mit Koi-Motiv, NBTHK-Hozon-zertifiziert","author":"Eric Majo","date":"1 de M\u00e4rz de 2026","format":false,"excerpt":"ARTIKEL: Wird mit Zertifikat von Supein Nihonto geliefert. Inklusive NBTHK-Hozon-Zertifikat. Inklusive Holzbox. Wundersch\u00f6ner Kupfer-Tsuba aus dem 19. Jahrhundert, signiert, mit Rand und Reliefs aus Shakud\u014d (Gold-Kupfer-Legierung), der einen Karpfen mit goldgefassten Augen darstellt. Ein einzigartiges Kunstwerk.Der Koi-Karpfen ist in der japanischen Kultur hoch gesch\u00e4tzt und eines der beliebtesten Motive in\u2026","rel":"","context":"\u00c4hnlicher Beitrag","block_context":{"text":"\u00c4hnlicher Beitrag","link":""},"img":{"alt_text":"Sold","src":"https:\/\/i0.wp.com\/www.supeinnihonto.com\/wp-content\/uploads\/2024\/01\/logo-sold-scaled.png?fit=1200%2C720&ssl=1&resize=350%2C200","width":350,"height":200,"srcset":"https:\/\/i0.wp.com\/www.supeinnihonto.com\/wp-content\/uploads\/2024\/01\/logo-sold-scaled.png?fit=1200%2C720&ssl=1&resize=350%2C200 1x, https:\/\/i0.wp.com\/www.supeinnihonto.com\/wp-content\/uploads\/2024\/01\/logo-sold-scaled.png?fit=1200%2C720&ssl=1&resize=525%2C300 1.5x, https:\/\/i0.wp.com\/www.supeinnihonto.com\/wp-content\/uploads\/2024\/01\/logo-sold-scaled.png?fit=1200%2C720&ssl=1&resize=700%2C400 2x, https:\/\/i0.wp.com\/www.supeinnihonto.com\/wp-content\/uploads\/2024\/01\/logo-sold-scaled.png?fit=1200%2C720&ssl=1&resize=1050%2C600 3x"},"classes":[]},{"id":45208,"url":"https:\/\/www.supeinnihonto.com\/nl\/product\/marugata-koperen-tsuba-met-koi-motief-nbthk-hozon-gecertificeerd-5\/","url_meta":{"origin":14513,"position":1},"title":"Marugata koperen tsuba met koi-motief, NBTHK Hozon-gecertificeerd","author":"Eric Majo","date":"1 de M\u00e4rz de 2026","format":false,"excerpt":"ITEM: Wordt geleverd met certificaat van Supein Nihonto. Inclusief NBTHK Hozon-certificaat. Inclusief houten doos. Prachtige koperen tsuba uit de 19e eeuw, gesigneerd, met rand en reli\u00ebfs in shakud\u014d (legering van goud en koper), waarop een karper is afgebeeld met ogen ingelegd in goud. Een uniek kunstwerk.De koi-karper wordt in de\u2026","rel":"","context":"\u00c4hnlicher Beitrag","block_context":{"text":"\u00c4hnlicher Beitrag","link":""},"img":{"alt_text":"Iron dragon Edo tsuba for sale","src":"https:\/\/i0.wp.com\/www.supeinnihonto.com\/wp-content\/uploads\/2026\/03\/DSC_6506-scaled.jpg?fit=1200%2C800&ssl=1&resize=350%2C200","width":350,"height":200,"srcset":"https:\/\/i0.wp.com\/www.supeinnihonto.com\/wp-content\/uploads\/2026\/03\/DSC_6506-scaled.jpg?fit=1200%2C800&ssl=1&resize=350%2C200 1x, https:\/\/i0.wp.com\/www.supeinnihonto.com\/wp-content\/uploads\/2026\/03\/DSC_6506-scaled.jpg?fit=1200%2C800&ssl=1&resize=525%2C300 1.5x, https:\/\/i0.wp.com\/www.supeinnihonto.com\/wp-content\/uploads\/2026\/03\/DSC_6506-scaled.jpg?fit=1200%2C800&ssl=1&resize=700%2C400 2x, https:\/\/i0.wp.com\/www.supeinnihonto.com\/wp-content\/uploads\/2026\/03\/DSC_6506-scaled.jpg?fit=1200%2C800&ssl=1&resize=1050%2C600 3x"},"classes":[]},{"id":45226,"url":"https:\/\/www.supeinnihonto.com\/nl\/product\/marugata-koperen-tsuba-met-koi-motief-nbthk-hozon-gecertificeerd-4\/","url_meta":{"origin":14513,"position":2},"title":"Marugata koperen tsuba met koi-motief, NBTHK Hozon-gecertificeerd","author":"Eric Majo","date":"1 de M\u00e4rz de 2026","format":false,"excerpt":"ITEM: Wordt geleverd met certificaat van Supein Nihonto. Inclusief NBTHK Hozon-certificaat. Inclusief houten doos. Prachtige koperen tsuba uit de 19e eeuw, gesigneerd, met rand en reli\u00ebfs in shakud\u014d (legering van goud en koper), waarop een karper is afgebeeld met ogen ingelegd in goud. Een uniek kunstwerk.De koi-karper wordt in de\u2026","rel":"","context":"\u00c4hnlicher Beitrag","block_context":{"text":"\u00c4hnlicher Beitrag","link":""},"img":{"alt_text":"Sold","src":"https:\/\/i0.wp.com\/www.supeinnihonto.com\/wp-content\/uploads\/2024\/01\/logo-sold-scaled.png?fit=1200%2C720&ssl=1&resize=350%2C200","width":350,"height":200,"srcset":"https:\/\/i0.wp.com\/www.supeinnihonto.com\/wp-content\/uploads\/2024\/01\/logo-sold-scaled.png?fit=1200%2C720&ssl=1&resize=350%2C200 1x, https:\/\/i0.wp.com\/www.supeinnihonto.com\/wp-content\/uploads\/2024\/01\/logo-sold-scaled.png?fit=1200%2C720&ssl=1&resize=525%2C300 1.5x, https:\/\/i0.wp.com\/www.supeinnihonto.com\/wp-content\/uploads\/2024\/01\/logo-sold-scaled.png?fit=1200%2C720&ssl=1&resize=700%2C400 2x, https:\/\/i0.wp.com\/www.supeinnihonto.com\/wp-content\/uploads\/2024\/01\/logo-sold-scaled.png?fit=1200%2C720&ssl=1&resize=1050%2C600 3x"},"classes":[]},{"id":45229,"url":"https:\/\/www.supeinnihonto.com\/it\/prodotto\/tsuba-marugata-in-rame-con-motivo-di-carpa-koi-certificata-nbthk-hozon-4\/","url_meta":{"origin":14513,"position":3},"title":"Tsuba marugata in rame con motivo di carpa (koi), certificata NBTHK Hozon","author":"Eric Majo","date":"1 de M\u00e4rz de 2026","format":false,"excerpt":"ARTICOLO: Fornito con certificato di Supein Nihonto. Fornito con certificato NBTHK Hozon. Include scatola in legno. Splendido tsuba in rame del XIX secolo, firmato, con bordo e rilievi in shakud\u014d (lega di oro e rame), raffigurante una carpa con occhi incastonati in oro. Un\u2019opera d\u2019arte unica.La carpa koi \u00e8 molto\u2026","rel":"","context":"\u00c4hnlicher Beitrag","block_context":{"text":"\u00c4hnlicher Beitrag","link":""},"img":{"alt_text":"Sold","src":"https:\/\/i0.wp.com\/www.supeinnihonto.com\/wp-content\/uploads\/2024\/01\/logo-sold-scaled.png?fit=1200%2C720&ssl=1&resize=350%2C200","width":350,"height":200,"srcset":"https:\/\/i0.wp.com\/www.supeinnihonto.com\/wp-content\/uploads\/2024\/01\/logo-sold-scaled.png?fit=1200%2C720&ssl=1&resize=350%2C200 1x, https:\/\/i0.wp.com\/www.supeinnihonto.com\/wp-content\/uploads\/2024\/01\/logo-sold-scaled.png?fit=1200%2C720&ssl=1&resize=525%2C300 1.5x, https:\/\/i0.wp.com\/www.supeinnihonto.com\/wp-content\/uploads\/2024\/01\/logo-sold-scaled.png?fit=1200%2C720&ssl=1&resize=700%2C400 2x, https:\/\/i0.wp.com\/www.supeinnihonto.com\/wp-content\/uploads\/2024\/01\/logo-sold-scaled.png?fit=1200%2C720&ssl=1&resize=1050%2C600 3x"},"classes":[]},{"id":45225,"url":"https:\/\/www.supeinnihonto.com\/produkt\/shakudo-marugata-soten-tsuba-samurais\/","url_meta":{"origin":14513,"position":4},"title":"Shakudo Marugata Soten Tsuba Samurais","author":"Eric Majo","date":"1 de M\u00e4rz de 2026","format":false,"excerpt":"ITEM: It Comes with certificate of SupeinNihonto. Comes with wood box. Refined maru-gata tsuba executed in high relief, depicting a dynamic mounted samurai riding above stylized crashing waves. The composition reflects the well-known narrative tradition associated with the S\u014dten lineage, characterized by lively figural movement and rich surface contrast. The\u2026","rel":"","context":"\u00c4hnlicher Beitrag","block_context":{"text":"\u00c4hnlicher Beitrag","link":""},"img":{"alt_text":"Sold","src":"https:\/\/i0.wp.com\/www.supeinnihonto.com\/wp-content\/uploads\/2024\/01\/logo-sold-scaled.png?fit=1200%2C720&ssl=1&resize=350%2C200","width":350,"height":200,"srcset":"https:\/\/i0.wp.com\/www.supeinnihonto.com\/wp-content\/uploads\/2024\/01\/logo-sold-scaled.png?fit=1200%2C720&ssl=1&resize=350%2C200 1x, https:\/\/i0.wp.com\/www.supeinnihonto.com\/wp-content\/uploads\/2024\/01\/logo-sold-scaled.png?fit=1200%2C720&ssl=1&resize=525%2C300 1.5x, https:\/\/i0.wp.com\/www.supeinnihonto.com\/wp-content\/uploads\/2024\/01\/logo-sold-scaled.png?fit=1200%2C720&ssl=1&resize=700%2C400 2x, https:\/\/i0.wp.com\/www.supeinnihonto.com\/wp-content\/uploads\/2024\/01\/logo-sold-scaled.png?fit=1200%2C720&ssl=1&resize=1050%2C600 3x"},"classes":[]},{"id":45207,"url":"https:\/\/www.supeinnihonto.com\/produkt\/iron-marugata-tsuba-dragon\/","url_meta":{"origin":14513,"position":5},"title":"Iron Marugata Tsuba Dragon","author":"Eric Majo","date":"1 de M\u00e4rz de 2026","format":false,"excerpt":"ITEM: It Comes with certificate of SupeinNihonto. Comes with wood box. Iron Tsuba for Katana \u2013 Dragon in Relief (Edo Period) Iron mokk\u014d-gata tsuba forged from a solid plate and decorated in high relief with a sinuous dragon that travels along the right and lower perimeter. The carving shows convincing\u2026","rel":"","context":"\u00c4hnlicher Beitrag","block_context":{"text":"\u00c4hnlicher Beitrag","link":""},"img":{"alt_text":"Iron dragon Edo tsuba for sale","src":"https:\/\/i0.wp.com\/www.supeinnihonto.com\/wp-content\/uploads\/2026\/03\/DSC_6506-scaled.jpg?fit=1200%2C800&ssl=1&resize=350%2C200","width":350,"height":200,"srcset":"https:\/\/i0.wp.com\/www.supeinnihonto.com\/wp-content\/uploads\/2026\/03\/DSC_6506-scaled.jpg?fit=1200%2C800&ssl=1&resize=350%2C200 1x, https:\/\/i0.wp.com\/www.supeinnihonto.com\/wp-content\/uploads\/2026\/03\/DSC_6506-scaled.jpg?fit=1200%2C800&ssl=1&resize=525%2C300 1.5x, https:\/\/i0.wp.com\/www.supeinnihonto.com\/wp-content\/uploads\/2026\/03\/DSC_6506-scaled.jpg?fit=1200%2C800&ssl=1&resize=700%2C400 2x, https:\/\/i0.wp.com\/www.supeinnihonto.com\/wp-content\/uploads\/2026\/03\/DSC_6506-scaled.jpg?fit=1200%2C800&ssl=1&resize=1050%2C600 3x"},"classes":[]}],"jetpack_sharing_enabled":true,"_links":{"self":[{"href":"https:\/\/www.supeinnihonto.com\/de\/wp-json\/wp\/v2\/product\/14513","targetHints":{"allow":["GET"]}}],"collection":[{"href":"https:\/\/www.supeinnihonto.com\/de\/wp-json\/wp\/v2\/product"}],"about":[{"href":"https:\/\/www.supeinnihonto.com\/de\/wp-json\/wp\/v2\/types\/product"}],"wp:featuredmedia":[{"embeddable":true,"href":"https:\/\/www.supeinnihonto.com\/de\/wp-json\/wp\/v2\/media\/10957"}],"wp:attachment":[{"href":"https:\/\/www.supeinnihonto.com\/de\/wp-json\/wp\/v2\/media?parent=14513"}],"wp:term":[{"taxonomy":"product_brand","embeddable":true,"href":"https:\/\/www.supeinnihonto.com\/de\/wp-json\/wp\/v2\/product_brand?post=14513"},{"taxonomy":"product_cat","embeddable":true,"href":"https:\/\/www.supeinnihonto.com\/de\/wp-json\/wp\/v2\/product_cat?post=14513"},{"taxonomy":"product_tag","embeddable":true,"href":"https:\/\/www.supeinnihonto.com\/de\/wp-json\/wp\/v2\/product_tag?post=14513"}],"curies":[{"name":"wp","href":"https:\/\/api.w.org\/{rel}","templated":true}]}}