{"id":14487,"date":"2024-05-14T11:30:30","date_gmt":"2024-05-14T11:30:30","guid":{"rendered":"https:\/\/www.supeinnihonto.com\/product\/fuchi-kashira-shibuichi-uji-river\/"},"modified":"2025-12-14T23:24:57","modified_gmt":"2025-12-14T23:24:57","slug":"fuchi-kashira-shibuichi-uji-river","status":"publish","type":"product","link":"https:\/\/www.supeinnihonto.com\/de\/produkt\/fuchi-kashira-shibuichi-uji-river\/","title":{"rendered":"Fuchi Kashira Shibuichi Uji-Fluss"},"content":{"rendered":"<div><em><strong>Artikel:<\/strong><\/em><\/div>\n<div><\/div>\n<div><span>Fuchi Kashira Shibuichi Uji-Fluss. S<i>hibuichi migakiji<\/i> (polierte Oberfl\u00e4che), reliefgraviert und mit Gold, Kupfer, Silber und <i>shakudo<\/i> eingelegt, zeigt Genta Kagesue und Sasaki Takatsuna beim Rennen \u00fcber den Uji-Fluss. Erstaunliches Relief.<\/span><span> Edo-Zeit.<\/span><\/div>\n<div><\/div>\n<div>Fuchi: 4 x 2,4 cm<\/div>\n<div>Kashira: 3,5 x 1,9 cm<\/div>\n<div><\/div>\n<div>Geeignet f\u00fcr Katana und Wakizashi.<\/div>\n<div><\/div>\n<div class=\"accordion-title active\"><em><strong>Was ist ein Fuchi\/Kashira?<\/strong><\/em><br \/>\n<i class=\"fas fa-caret-up\"><\/i><\/div>\n<div class=\"accordion-content active\" id=\"tab3\">\n<p>Ein Fuchi-Kashira ist ein Paar Schwertbeschl\u00e4ge, die bei der traditionellen japanischen Schwertmontage (Koshirae) verwendet werden. Sie befinden sich an beiden Enden des Griffs (Tsuka) und erf\u00fcllen sowohl funktionale als auch dekorative Zwecke.<\/p>\n<ul>\n<li style=\"list-style-type: none;\">\n<ul>\n<li><strong>Fuchi:<\/strong><span> <\/span>Der Fuchi ist der Kragen oder die Manschette, die sich am Griffansatz neben der Parierstange (Tsuba) befindet. Er dient als dekoratives und sch\u00fctzendes Element und bedeckt die Verbindung zwischen Griff und Parierstange. Der Fuchi besteht typischerweise aus Metall und kann verschiedene Designs und Motive aufweisen, die oft zum Thema anderer Schwertbeschl\u00e4ge wie Menuki und Tsuba passen.<\/li>\n<li><strong>Kashira:<\/strong><span> <\/span>Der Kashira ist der Knauf oder Endkappe des Schwertgriffs, der sich am gegen\u00fcberliegenden Ende der Parierstange (Tsuba) befindet. Er dient dazu, die Wicklung (Tsukamaki) des Griffs zu sichern und bietet einen Ausgleich zum Gewicht der Klinge. Wie der Fuchi besteht auch der Kashira typischerweise aus Metall und kann mit filigranen Designs oder Mustern verziert sein, um die Gesamt\u00e4sthetik des Schwertes zu erg\u00e4nzen.<\/li>\n<\/ul>\n<\/li>\n<\/ul>\n<p>Zusammen bilden Fuchi und Kashira ein abgestimmtes Paar von Beschl\u00e4gen, die zur optischen Attraktivit\u00e4t und Funktionalit\u00e4t des Schwertgriffs beitragen. Sie werden mit gro\u00dfer Sorgfalt gefertigt und k\u00f6nnen in Design, Material und Handwerkskunst stark variieren, was den individuellen Stil des Schwertmachers oder die Vorlieben des Schwertbesitzers widerspiegelt.<\/p>\n<\/div>\n","protected":false},"excerpt":{"rendered":"<p>Artikel: Fuchi Kashira Shibuichi Uji-Fluss. Shibuichi migakiji (polierte Oberfl\u00e4che), reliefgraviert und mit Gold, Kupfer, Silber und shakudo eingelegt, zeigt Genta Kagesue und Sasaki Takatsuna beim Rennen \u00fcber den Uji-Fluss. Erstaunliches Relief. Edo-Zeit. Fuchi: 4 x 2,4 cm Kashira: 3,5 x 1,9 cm Geeignet f\u00fcr Katana und Wakizashi. Was ist ein [&hellip;]<\/p>\n","protected":false},"featured_media":11079,"template":"","meta":{"jetpack_post_was_ever_published":false},"product_brand":[],"product_cat":[576],"product_tag":[],"class_list":{"0":"post-14487","1":"product","2":"type-product","3":"status-publish","4":"has-post-thumbnail","6":"product_cat-fuchi-kashira","7":"product_shipping_class-leicht","9":"first","10":"outofstock","11":"sold-individually","12":"shipping-taxable","13":"purchasable","14":"product-type-simple"},"yoast_head":"<!-- This site is optimized with the Yoast SEO plugin v27.3 - https:\/\/yoast.com\/product\/yoast-seo-wordpress\/ -->\n<title>Fuchi Kashira Shibuichi Uji-Fluss - Supein Nihonto<\/title>\n<meta name=\"description\" content=\"Shibuichi migakiji\u00a0(polished ground), chiselled in relief and inlaid with gold, copper, silver, and\u00a0shakudo\u00a0depicting Genta Kagesue and Sasaki Takatsuna.\" \/>\n<meta name=\"robots\" content=\"index, follow, max-snippet:-1, max-image-preview:large, max-video-preview:-1\" \/>\n<link rel=\"canonical\" href=\"https:\/\/www.supeinnihonto.com\/de\/produkt\/fuchi-kashira-shibuichi-uji-river\/\" \/>\n<meta property=\"og:locale\" content=\"de_DE\" \/>\n<meta property=\"og:type\" content=\"article\" \/>\n<meta property=\"og:title\" content=\"Fuchi Kashira Shibuichi Uji-Fluss - Supein Nihonto\" \/>\n<meta property=\"og:description\" content=\"Shibuichi migakiji\u00a0(polished ground), chiselled in relief and inlaid with gold, copper, silver, and\u00a0shakudo\u00a0depicting Genta Kagesue and Sasaki Takatsuna.\" \/>\n<meta property=\"og:url\" content=\"https:\/\/www.supeinnihonto.com\/de\/produkt\/fuchi-kashira-shibuichi-uji-river\/\" \/>\n<meta property=\"og:site_name\" content=\"Supein Nihonto\" \/>\n<meta property=\"article:modified_time\" content=\"2025-12-14T23:24:57+00:00\" \/>\n<meta property=\"og:image\" content=\"https:\/\/www.supeinnihonto.com\/wp-content\/uploads\/2024\/01\/logo-sold.png\" \/>\n\t<meta property=\"og:image:width\" content=\"3125\" \/>\n\t<meta property=\"og:image:height\" content=\"1875\" \/>\n\t<meta property=\"og:image:type\" content=\"image\/png\" \/>\n<meta name=\"twitter:card\" content=\"summary_large_image\" \/>\n<meta name=\"twitter:label1\" content=\"Gesch\u00e4tzte Lesezeit\" \/>\n\t<meta name=\"twitter:data1\" content=\"1\u00a0Minute\" \/>\n<script type=\"application\/ld+json\" class=\"yoast-schema-graph\">{\"@context\":\"https:\\\/\\\/schema.org\",\"@graph\":[{\"@type\":\"WebPage\",\"@id\":\"https:\\\/\\\/www.supeinnihonto.com\\\/de\\\/produkt\\\/fuchi-kashira-shibuichi-uji-river\\\/\",\"url\":\"https:\\\/\\\/www.supeinnihonto.com\\\/de\\\/produkt\\\/fuchi-kashira-shibuichi-uji-river\\\/\",\"name\":\"Fuchi Kashira Shibuichi Uji-Fluss - Supein Nihonto\",\"isPartOf\":{\"@id\":\"https:\\\/\\\/www.supeinnihonto.com\\\/de\\\/#website\"},\"primaryImageOfPage\":{\"@id\":\"https:\\\/\\\/www.supeinnihonto.com\\\/de\\\/produkt\\\/fuchi-kashira-shibuichi-uji-river\\\/#primaryimage\"},\"image\":{\"@id\":\"https:\\\/\\\/www.supeinnihonto.com\\\/de\\\/produkt\\\/fuchi-kashira-shibuichi-uji-river\\\/#primaryimage\"},\"thumbnailUrl\":\"https:\\\/\\\/i0.wp.com\\\/www.supeinnihonto.com\\\/wp-content\\\/uploads\\\/2024\\\/01\\\/logo-sold-scaled.png?fit=3125%2C1875&ssl=1\",\"datePublished\":\"2024-05-14T11:30:30+00:00\",\"dateModified\":\"2025-12-14T23:24:57+00:00\",\"description\":\"Shibuichi migakiji\u00a0(polished ground), chiselled in relief and inlaid with gold, copper, silver, and\u00a0shakudo\u00a0depicting Genta Kagesue and Sasaki Takatsuna.\",\"breadcrumb\":{\"@id\":\"https:\\\/\\\/www.supeinnihonto.com\\\/de\\\/produkt\\\/fuchi-kashira-shibuichi-uji-river\\\/#breadcrumb\"},\"inLanguage\":\"de\",\"potentialAction\":[{\"@type\":\"ReadAction\",\"target\":[\"https:\\\/\\\/www.supeinnihonto.com\\\/de\\\/produkt\\\/fuchi-kashira-shibuichi-uji-river\\\/\"]}]},{\"@type\":\"ImageObject\",\"inLanguage\":\"de\",\"@id\":\"https:\\\/\\\/www.supeinnihonto.com\\\/de\\\/produkt\\\/fuchi-kashira-shibuichi-uji-river\\\/#primaryimage\",\"url\":\"https:\\\/\\\/i0.wp.com\\\/www.supeinnihonto.com\\\/wp-content\\\/uploads\\\/2024\\\/01\\\/logo-sold-scaled.png?fit=3125%2C1875&ssl=1\",\"contentUrl\":\"https:\\\/\\\/i0.wp.com\\\/www.supeinnihonto.com\\\/wp-content\\\/uploads\\\/2024\\\/01\\\/logo-sold-scaled.png?fit=3125%2C1875&ssl=1\",\"width\":3125,\"height\":1875,\"caption\":\"Sold\"},{\"@type\":\"BreadcrumbList\",\"@id\":\"https:\\\/\\\/www.supeinnihonto.com\\\/de\\\/produkt\\\/fuchi-kashira-shibuichi-uji-river\\\/#breadcrumb\",\"itemListElement\":[{\"@type\":\"ListItem\",\"position\":1,\"name\":\"Portada\",\"item\":\"https:\\\/\\\/www.supeinnihonto.com\\\/de\\\/\"},{\"@type\":\"ListItem\",\"position\":2,\"name\":\"Shop\",\"item\":\"https:\\\/\\\/www.supeinnihonto.com\\\/de\\\/shop\\\/\"},{\"@type\":\"ListItem\",\"position\":3,\"name\":\"Fuchi Kashira Shibuichi Uji-Fluss\"}]},{\"@type\":\"WebSite\",\"@id\":\"https:\\\/\\\/www.supeinnihonto.com\\\/de\\\/#website\",\"url\":\"https:\\\/\\\/www.supeinnihonto.com\\\/de\\\/\",\"name\":\"Supein Nihonto\",\"description\":\"Authentic japanese Nihonto katana \",\"publisher\":{\"@id\":\"https:\\\/\\\/www.supeinnihonto.com\\\/de\\\/#organization\"},\"potentialAction\":[{\"@type\":\"SearchAction\",\"target\":{\"@type\":\"EntryPoint\",\"urlTemplate\":\"https:\\\/\\\/www.supeinnihonto.com\\\/de\\\/?s={search_term_string}\"},\"query-input\":{\"@type\":\"PropertyValueSpecification\",\"valueRequired\":true,\"valueName\":\"search_term_string\"}}],\"inLanguage\":\"de\"},{\"@type\":\"Organization\",\"@id\":\"https:\\\/\\\/www.supeinnihonto.com\\\/de\\\/#organization\",\"name\":\"SupeinNihonto\",\"url\":\"https:\\\/\\\/www.supeinnihonto.com\\\/de\\\/\",\"logo\":{\"@type\":\"ImageObject\",\"inLanguage\":\"de\",\"@id\":\"https:\\\/\\\/www.supeinnihonto.com\\\/de\\\/#\\\/schema\\\/logo\\\/image\\\/\",\"url\":\"https:\\\/\\\/www.supeinnihonto.com\\\/wp-content\\\/uploads\\\/2021\\\/11\\\/animation_Default_3szk0jcenoloop.gif\",\"contentUrl\":\"https:\\\/\\\/www.supeinnihonto.com\\\/wp-content\\\/uploads\\\/2021\\\/11\\\/animation_Default_3szk0jcenoloop.gif\",\"width\":750,\"height\":641,\"caption\":\"SupeinNihonto\"},\"image\":{\"@id\":\"https:\\\/\\\/www.supeinnihonto.com\\\/de\\\/#\\\/schema\\\/logo\\\/image\\\/\"}}]}<\/script>\n<!-- \/ Yoast SEO plugin. -->","yoast_head_json":{"title":"Fuchi Kashira Shibuichi Uji-Fluss - Supein Nihonto","description":"Shibuichi migakiji\u00a0(polished ground), chiselled in relief and inlaid with gold, copper, silver, and\u00a0shakudo\u00a0depicting Genta Kagesue and Sasaki Takatsuna.","robots":{"index":"index","follow":"follow","max-snippet":"max-snippet:-1","max-image-preview":"max-image-preview:large","max-video-preview":"max-video-preview:-1"},"canonical":"https:\/\/www.supeinnihonto.com\/de\/produkt\/fuchi-kashira-shibuichi-uji-river\/","og_locale":"de_DE","og_type":"article","og_title":"Fuchi Kashira Shibuichi Uji-Fluss - Supein Nihonto","og_description":"Shibuichi migakiji\u00a0(polished ground), chiselled in relief and inlaid with gold, copper, silver, and\u00a0shakudo\u00a0depicting Genta Kagesue and Sasaki Takatsuna.","og_url":"https:\/\/www.supeinnihonto.com\/de\/produkt\/fuchi-kashira-shibuichi-uji-river\/","og_site_name":"Supein Nihonto","article_modified_time":"2025-12-14T23:24:57+00:00","og_image":[{"width":3125,"height":1875,"url":"https:\/\/www.supeinnihonto.com\/wp-content\/uploads\/2024\/01\/logo-sold.png","type":"image\/png"}],"twitter_card":"summary_large_image","twitter_misc":{"Gesch\u00e4tzte Lesezeit":"1\u00a0Minute"},"schema":{"@context":"https:\/\/schema.org","@graph":[{"@type":"WebPage","@id":"https:\/\/www.supeinnihonto.com\/de\/produkt\/fuchi-kashira-shibuichi-uji-river\/","url":"https:\/\/www.supeinnihonto.com\/de\/produkt\/fuchi-kashira-shibuichi-uji-river\/","name":"Fuchi Kashira Shibuichi Uji-Fluss - Supein Nihonto","isPartOf":{"@id":"https:\/\/www.supeinnihonto.com\/de\/#website"},"primaryImageOfPage":{"@id":"https:\/\/www.supeinnihonto.com\/de\/produkt\/fuchi-kashira-shibuichi-uji-river\/#primaryimage"},"image":{"@id":"https:\/\/www.supeinnihonto.com\/de\/produkt\/fuchi-kashira-shibuichi-uji-river\/#primaryimage"},"thumbnailUrl":"https:\/\/i0.wp.com\/www.supeinnihonto.com\/wp-content\/uploads\/2024\/01\/logo-sold-scaled.png?fit=3125%2C1875&ssl=1","datePublished":"2024-05-14T11:30:30+00:00","dateModified":"2025-12-14T23:24:57+00:00","description":"Shibuichi migakiji\u00a0(polished ground), chiselled in relief and inlaid with gold, copper, silver, and\u00a0shakudo\u00a0depicting Genta Kagesue and Sasaki Takatsuna.","breadcrumb":{"@id":"https:\/\/www.supeinnihonto.com\/de\/produkt\/fuchi-kashira-shibuichi-uji-river\/#breadcrumb"},"inLanguage":"de","potentialAction":[{"@type":"ReadAction","target":["https:\/\/www.supeinnihonto.com\/de\/produkt\/fuchi-kashira-shibuichi-uji-river\/"]}]},{"@type":"ImageObject","inLanguage":"de","@id":"https:\/\/www.supeinnihonto.com\/de\/produkt\/fuchi-kashira-shibuichi-uji-river\/#primaryimage","url":"https:\/\/i0.wp.com\/www.supeinnihonto.com\/wp-content\/uploads\/2024\/01\/logo-sold-scaled.png?fit=3125%2C1875&ssl=1","contentUrl":"https:\/\/i0.wp.com\/www.supeinnihonto.com\/wp-content\/uploads\/2024\/01\/logo-sold-scaled.png?fit=3125%2C1875&ssl=1","width":3125,"height":1875,"caption":"Sold"},{"@type":"BreadcrumbList","@id":"https:\/\/www.supeinnihonto.com\/de\/produkt\/fuchi-kashira-shibuichi-uji-river\/#breadcrumb","itemListElement":[{"@type":"ListItem","position":1,"name":"Portada","item":"https:\/\/www.supeinnihonto.com\/de\/"},{"@type":"ListItem","position":2,"name":"Shop","item":"https:\/\/www.supeinnihonto.com\/de\/shop\/"},{"@type":"ListItem","position":3,"name":"Fuchi Kashira Shibuichi Uji-Fluss"}]},{"@type":"WebSite","@id":"https:\/\/www.supeinnihonto.com\/de\/#website","url":"https:\/\/www.supeinnihonto.com\/de\/","name":"Supein Nihonto","description":"Authentic japanese Nihonto katana ","publisher":{"@id":"https:\/\/www.supeinnihonto.com\/de\/#organization"},"potentialAction":[{"@type":"SearchAction","target":{"@type":"EntryPoint","urlTemplate":"https:\/\/www.supeinnihonto.com\/de\/?s={search_term_string}"},"query-input":{"@type":"PropertyValueSpecification","valueRequired":true,"valueName":"search_term_string"}}],"inLanguage":"de"},{"@type":"Organization","@id":"https:\/\/www.supeinnihonto.com\/de\/#organization","name":"SupeinNihonto","url":"https:\/\/www.supeinnihonto.com\/de\/","logo":{"@type":"ImageObject","inLanguage":"de","@id":"https:\/\/www.supeinnihonto.com\/de\/#\/schema\/logo\/image\/","url":"https:\/\/www.supeinnihonto.com\/wp-content\/uploads\/2021\/11\/animation_Default_3szk0jcenoloop.gif","contentUrl":"https:\/\/www.supeinnihonto.com\/wp-content\/uploads\/2021\/11\/animation_Default_3szk0jcenoloop.gif","width":750,"height":641,"caption":"SupeinNihonto"},"image":{"@id":"https:\/\/www.supeinnihonto.com\/de\/#\/schema\/logo\/image\/"}}]}},"jetpack-related-posts":[{"id":14481,"url":"https:\/\/www.supeinnihonto.com\/de\/produkt\/fuchi-kashira-aus-shakudo-uji-fluss\/","url_meta":{"origin":14487,"position":0},"title":"Fuchi-Kashira aus Shakud\u014d, Uji-Fluss","author":"Supein Nihonto","date":"14 de Mai de 2024","format":false,"excerpt":"Artikel: Fuchi-Kashira aus Shakud\u014d, Uji-Fluss. Shakud\u014d-Nanako reliefziseliert und mit Gold sowie anderen Metallen und Legierungen eingelegt. Historische Szene mit Genta Kagesue und Sasaki Takatsuna beim Wettrennen \u00fcber den Uji-Fluss. Hervorragendes Relief. Edo-Zeit. Fuchi: 4 x 2,4 cm Kashira: 3,5 x 1,9 cm Geeignet f\u00fcr Katana und Wakizashi. Was ist ein\u2026","rel":"","context":"\u00c4hnlicher Beitrag","block_context":{"text":"\u00c4hnlicher Beitrag","link":""},"img":{"alt_text":"Fuchi kashira shakudo uji river","src":"https:\/\/i0.wp.com\/www.supeinnihonto.com\/wp-content\/uploads\/2024\/05\/DSC_3839-scaled.jpg?fit=1200%2C800&ssl=1&resize=350%2C200","width":350,"height":200,"srcset":"https:\/\/i0.wp.com\/www.supeinnihonto.com\/wp-content\/uploads\/2024\/05\/DSC_3839-scaled.jpg?fit=1200%2C800&ssl=1&resize=350%2C200 1x, https:\/\/i0.wp.com\/www.supeinnihonto.com\/wp-content\/uploads\/2024\/05\/DSC_3839-scaled.jpg?fit=1200%2C800&ssl=1&resize=525%2C300 1.5x, https:\/\/i0.wp.com\/www.supeinnihonto.com\/wp-content\/uploads\/2024\/05\/DSC_3839-scaled.jpg?fit=1200%2C800&ssl=1&resize=700%2C400 2x, https:\/\/i0.wp.com\/www.supeinnihonto.com\/wp-content\/uploads\/2024\/05\/DSC_3839-scaled.jpg?fit=1200%2C800&ssl=1&resize=1050%2C600 3x"},"classes":[]},{"id":14437,"url":"https:\/\/www.supeinnihonto.com\/de\/produkt\/shibuichi-fuchi-mit-flusspflanzen\/","url_meta":{"origin":14487,"position":1},"title":"Shibuichi-Fuchi mit Flusspflanzen","author":"Supein Nihonto","date":"14 de Mai de 2024","format":false,"excerpt":"Artikel: Fuchi aus Shibuichi (Silber-Kupfer-Legierung) mit Einlagen von Flusspflanzen und Flussstr\u00f6mung in Silber und Gold. Edo-Zeit. Fuchi: 4,2 x 2,3 cm Geeignet f\u00fcr Katana und Wakizashi. Was ist ein Fuchi\/Kashira? Ein Fuchi-Kashira ist ein Paar von Schwertbeschl\u00e4gen, das in der traditionellen japanischen Schwertmontierung (Koshirae) verwendet wird. Sie befinden sich an\u2026","rel":"","context":"\u00c4hnlicher Beitrag","block_context":{"text":"\u00c4hnlicher Beitrag","link":""},"img":{"alt_text":"Fuchi shibuichi river plants","src":"https:\/\/i0.wp.com\/www.supeinnihonto.com\/wp-content\/uploads\/2024\/05\/DSC_3799-scaled.jpg?fit=1200%2C800&ssl=1&resize=350%2C200","width":350,"height":200,"srcset":"https:\/\/i0.wp.com\/www.supeinnihonto.com\/wp-content\/uploads\/2024\/05\/DSC_3799-scaled.jpg?fit=1200%2C800&ssl=1&resize=350%2C200 1x, https:\/\/i0.wp.com\/www.supeinnihonto.com\/wp-content\/uploads\/2024\/05\/DSC_3799-scaled.jpg?fit=1200%2C800&ssl=1&resize=525%2C300 1.5x, https:\/\/i0.wp.com\/www.supeinnihonto.com\/wp-content\/uploads\/2024\/05\/DSC_3799-scaled.jpg?fit=1200%2C800&ssl=1&resize=700%2C400 2x, https:\/\/i0.wp.com\/www.supeinnihonto.com\/wp-content\/uploads\/2024\/05\/DSC_3799-scaled.jpg?fit=1200%2C800&ssl=1&resize=1050%2C600 3x"},"classes":[]},{"id":14625,"url":"https:\/\/www.supeinnihonto.com\/de\/produkt\/fuchi-kashira-aus-shakudo-mit-schwalbenmotiv\/","url_meta":{"origin":14487,"position":2},"title":"Fuchi-Kashira aus Shakud\u014d mit Schwalbenmotiv","author":"Supein Nihonto","date":"13 de Mai de 2024","format":false,"excerpt":"Objekt: Fuchi-Kashira aus Shakud\u014d mit Schwalbenmotiv. Gefertigt aus Shibuichi, Kupfer, Shakud\u014d und Gold, mit der Darstellung von Feiernden auf einem Boot unter einer Weide und einer Schwalbe, signiert Tsunenao mit Kao. Edo-Zeit. Fuchi: 3,5 x 2,1 cm Kashira: 3,0 x 1,7 cm Geeignet f\u00fcr Wakizashi und Tant\u014d. Was ist ein\u2026","rel":"","context":"\u00c4hnlicher Beitrag","block_context":{"text":"\u00c4hnlicher Beitrag","link":""},"img":{"alt_text":"Fuchi kashira shakudo swallow","src":"https:\/\/i0.wp.com\/www.supeinnihonto.com\/wp-content\/uploads\/2024\/05\/DSC_3878-scaled.jpg?fit=1200%2C800&ssl=1&resize=350%2C200","width":350,"height":200,"srcset":"https:\/\/i0.wp.com\/www.supeinnihonto.com\/wp-content\/uploads\/2024\/05\/DSC_3878-scaled.jpg?fit=1200%2C800&ssl=1&resize=350%2C200 1x, https:\/\/i0.wp.com\/www.supeinnihonto.com\/wp-content\/uploads\/2024\/05\/DSC_3878-scaled.jpg?fit=1200%2C800&ssl=1&resize=525%2C300 1.5x, https:\/\/i0.wp.com\/www.supeinnihonto.com\/wp-content\/uploads\/2024\/05\/DSC_3878-scaled.jpg?fit=1200%2C800&ssl=1&resize=700%2C400 2x, https:\/\/i0.wp.com\/www.supeinnihonto.com\/wp-content\/uploads\/2024\/05\/DSC_3878-scaled.jpg?fit=1200%2C800&ssl=1&resize=1050%2C600 3x"},"classes":[]},{"id":14473,"url":"https:\/\/www.supeinnihonto.com\/de\/produkt\/fuchi-kashira-aus-shakudo-historische-szene\/","url_meta":{"origin":14487,"position":3},"title":"Fuchi-Kashira aus Shakud\u014d, historische Szene","author":"Supein Nihonto","date":"14 de Mai de 2024","format":false,"excerpt":"Objekt: Fuchi Kashira Shakudo-Szene. Shakudo nanako reliefartig graviert und mit Gold sowie anderen Metallen und Legierungen eingelegt. Eine nicht identifizierte historische Szene mit Samurai, Kiefern und Pferd. Signiert Soheishi Nyudo Soten sei. Edo-Zeit. Fuchi: 4 x 2,4 cm Kashira: 3,4 x 1,8 cm Geeignet f\u00fcr Katana und Wakizashi. Was ist\u2026","rel":"","context":"\u00c4hnlicher Beitrag","block_context":{"text":"\u00c4hnlicher Beitrag","link":""},"img":{"alt_text":"Fuchi kashira shakudo scene","src":"https:\/\/i0.wp.com\/www.supeinnihonto.com\/wp-content\/uploads\/2024\/05\/DSC_3844-scaled.jpg?fit=1200%2C800&ssl=1&resize=350%2C200","width":350,"height":200,"srcset":"https:\/\/i0.wp.com\/www.supeinnihonto.com\/wp-content\/uploads\/2024\/05\/DSC_3844-scaled.jpg?fit=1200%2C800&ssl=1&resize=350%2C200 1x, https:\/\/i0.wp.com\/www.supeinnihonto.com\/wp-content\/uploads\/2024\/05\/DSC_3844-scaled.jpg?fit=1200%2C800&ssl=1&resize=525%2C300 1.5x, https:\/\/i0.wp.com\/www.supeinnihonto.com\/wp-content\/uploads\/2024\/05\/DSC_3844-scaled.jpg?fit=1200%2C800&ssl=1&resize=700%2C400 2x, https:\/\/i0.wp.com\/www.supeinnihonto.com\/wp-content\/uploads\/2024\/05\/DSC_3844-scaled.jpg?fit=1200%2C800&ssl=1&resize=1050%2C600 3x"},"classes":[]},{"id":14605,"url":"https:\/\/www.supeinnihonto.com\/de\/produkt\/fuchi-kashira-aus-shakudo-mit-zimmermannsmotiv\/","url_meta":{"origin":14487,"position":4},"title":"Fuchi-Kashira aus Shakud\u014d mit Zimmermannsmotiv","author":"Supein Nihonto","date":"13 de Mai de 2024","format":false,"excerpt":"Objekt: Fuchi-Kashira aus Shakud\u014d mit Zimmermannsmotiv. Shakud\u014d und Gold, mit einem berittenen chinesischen Krieger auf dem Kashira sowie Zimmerleuten, die an einem gro\u00dfen Holzbalken auf dem Fuchi arbeiten. Starkes Relief. Edo-Zeit. Fuchi: 3,9 x 2,5 cm Kashira: 3,6 x 2 cm Geeignet f\u00fcr Katana und Wakizashi. Was ist ein Fuchi\/Kashira?\u2026","rel":"","context":"\u00c4hnlicher Beitrag","block_context":{"text":"\u00c4hnlicher Beitrag","link":""},"img":{"alt_text":"Fuchi Kashira shakudo carpenters","src":"https:\/\/i0.wp.com\/www.supeinnihonto.com\/wp-content\/uploads\/2024\/05\/Fuchi-Kashira-shakudo-carpenters.webp?fit=1200%2C800&ssl=1&resize=350%2C200","width":350,"height":200,"srcset":"https:\/\/i0.wp.com\/www.supeinnihonto.com\/wp-content\/uploads\/2024\/05\/Fuchi-Kashira-shakudo-carpenters.webp?fit=1200%2C800&ssl=1&resize=350%2C200 1x, https:\/\/i0.wp.com\/www.supeinnihonto.com\/wp-content\/uploads\/2024\/05\/Fuchi-Kashira-shakudo-carpenters.webp?fit=1200%2C800&ssl=1&resize=525%2C300 1.5x, https:\/\/i0.wp.com\/www.supeinnihonto.com\/wp-content\/uploads\/2024\/05\/Fuchi-Kashira-shakudo-carpenters.webp?fit=1200%2C800&ssl=1&resize=700%2C400 2x, https:\/\/i0.wp.com\/www.supeinnihonto.com\/wp-content\/uploads\/2024\/05\/Fuchi-Kashira-shakudo-carpenters.webp?fit=1200%2C800&ssl=1&resize=1050%2C600 3x"},"classes":[]},{"id":14633,"url":"https:\/\/www.supeinnihonto.com\/de\/produkt\/fuchi-kashira-aus-shakudo-mit-ochsenmotiv\/","url_meta":{"origin":14487,"position":5},"title":"Fuchi-Kashira aus Shakud\u014d mit Ochsenmotiv","author":"Supein Nihonto","date":"13 de Mai de 2024","format":false,"excerpt":"Objekt: Fuchi-Kashira aus Shakud\u014d mit Ochsenmotiv. Fuchi-Kashira aus Shakud\u014d mit der Darstellung des Rinderhirten Kengy\u016b (chinesisch: Qianniu), der einen Ochsen durch die Wolken f\u00fchrt, signiert Asami Hoky\u016b (Haynes 1613, dort der Familienname f\u00e4lschlich als Asagai gelesen) mit Kao. Sehr detailreiches St\u00fcck mit hervorragender Ausarbeitung von Gesicht und Ochse. Edo-Zeit. Fuchi:\u2026","rel":"","context":"\u00c4hnlicher Beitrag","block_context":{"text":"\u00c4hnlicher Beitrag","link":""},"img":{"alt_text":"Fuchi kashira shakudo ox","src":"https:\/\/i0.wp.com\/www.supeinnihonto.com\/wp-content\/uploads\/2024\/05\/DSC_3882-scaled.jpg?fit=1200%2C800&ssl=1&resize=350%2C200","width":350,"height":200,"srcset":"https:\/\/i0.wp.com\/www.supeinnihonto.com\/wp-content\/uploads\/2024\/05\/DSC_3882-scaled.jpg?fit=1200%2C800&ssl=1&resize=350%2C200 1x, https:\/\/i0.wp.com\/www.supeinnihonto.com\/wp-content\/uploads\/2024\/05\/DSC_3882-scaled.jpg?fit=1200%2C800&ssl=1&resize=525%2C300 1.5x, https:\/\/i0.wp.com\/www.supeinnihonto.com\/wp-content\/uploads\/2024\/05\/DSC_3882-scaled.jpg?fit=1200%2C800&ssl=1&resize=700%2C400 2x, https:\/\/i0.wp.com\/www.supeinnihonto.com\/wp-content\/uploads\/2024\/05\/DSC_3882-scaled.jpg?fit=1200%2C800&ssl=1&resize=1050%2C600 3x"},"classes":[]}],"jetpack_sharing_enabled":true,"_links":{"self":[{"href":"https:\/\/www.supeinnihonto.com\/de\/wp-json\/wp\/v2\/product\/14487","targetHints":{"allow":["GET"]}}],"collection":[{"href":"https:\/\/www.supeinnihonto.com\/de\/wp-json\/wp\/v2\/product"}],"about":[{"href":"https:\/\/www.supeinnihonto.com\/de\/wp-json\/wp\/v2\/types\/product"}],"wp:featuredmedia":[{"embeddable":true,"href":"https:\/\/www.supeinnihonto.com\/de\/wp-json\/wp\/v2\/media\/11079"}],"wp:attachment":[{"href":"https:\/\/www.supeinnihonto.com\/de\/wp-json\/wp\/v2\/media?parent=14487"}],"wp:term":[{"taxonomy":"product_brand","embeddable":true,"href":"https:\/\/www.supeinnihonto.com\/de\/wp-json\/wp\/v2\/product_brand?post=14487"},{"taxonomy":"product_cat","embeddable":true,"href":"https:\/\/www.supeinnihonto.com\/de\/wp-json\/wp\/v2\/product_cat?post=14487"},{"taxonomy":"product_tag","embeddable":true,"href":"https:\/\/www.supeinnihonto.com\/de\/wp-json\/wp\/v2\/product_tag?post=14487"}],"curies":[{"name":"wp","href":"https:\/\/api.w.org\/{rel}","templated":true}]}}