{"id":14453,"date":"2024-05-14T16:10:06","date_gmt":"2024-05-14T16:10:06","guid":{"rendered":"https:\/\/www.supeinnihonto.com\/product\/kojiri-silver-flowers\/"},"modified":"2025-12-26T19:39:42","modified_gmt":"2025-12-26T19:39:42","slug":"silberner-kojiri-mit-blumenmotiven","status":"publish","type":"product","link":"https:\/\/www.supeinnihonto.com\/de\/produkt\/silberner-kojiri-mit-blumenmotiven\/","title":{"rendered":"Silberner Kojiri mit Blumenmotiven"},"content":{"rendered":"<div><em><strong>Artikel:<\/strong><\/em><\/div>\n<div><\/div>\n<div>\n<p>Wundersch\u00f6ner Kojiri aus Silber mit floralen Motiven. Ein au\u00dfergew\u00f6hnliches St\u00fcck. Kojiri sind selten, da sie \u2013 im Gegensatz zu Fuchi-Kashira, die f\u00fcr fast alle Schwerter obligatorisch waren \u2013 nur bei hochwertigen Koshirae und Schwertern bester Qualit\u00e4t verwendet wurden, da sie die Kosten erheblich erh\u00f6hten, ohne ein zwingend notwendiges Element zu sein. Gute Kojiri sind \u00e4u\u00dferst selten und sehr begehrt, um Koshirae f\u00fcr alte Schwerter zu vervollst\u00e4ndigen. Edo-Zeit.<\/p>\n<\/div>\n<div>4 x 2,2 cm<\/div>\n<div>Geeignet f\u00fcr Katana- und Wakizashi-Saya.<\/div>\n<div><\/div>\n<div class=\"accordion-title active\">\n<div class=\"accordion-title active\"><span>Was ist ein Kojiri?<\/span><br \/>\n<i class=\"fas fa-caret-up\"><\/i><\/div>\n<div class=\"accordion-content active\" id=\"tab4\">\n<p>Ein Kojiri ist ein Metallbeschlag am unteren Ende der Scheide (Saya) eines japanischen Schwertes, wie etwa eines Katana oder Wakizashi. Seine Hauptfunktion besteht darin, die Spitze der Scheide vor Abnutzung und Besch\u00e4digung zu sch\u00fctzen und der Saya ein vollendetes, \u00e4sthetisches Erscheinungsbild zu verleihen.<\/p>\n<p>Der Kojiri besteht in der Regel aus Metall, beispielsweise Messing oder Eisen, und ist h\u00e4ufig mit dekorativen Motiven oder Mustern verziert, die das Gesamtdesign des Schwertes erg\u00e4nzen. Er wird mit kleinen N\u00e4geln oder Stiften an der Saya befestigt und befindet sich am unteren Ende der Scheide, wenn das Schwert eingesteckt ist.<\/p>\n<p>Neben seiner praktischen Funktion dient der Kojiri auch als dekoratives Element, das die visuelle Wirkung von Schwert und Saya verst\u00e4rkt. Wie andere japanische Schwertbeschl\u00e4ge \u2014 etwa Tsuba, Fuchi-Kashira und Menuki \u2014 k\u00f6nnen Design und handwerkliche Ausf\u00fchrung des Kojiri je nach Stil, Epoche und den Vorlieben des Schwertmachers oder Besitzers stark variieren.<\/p>\n<\/div>\n<\/div>\n","protected":false},"excerpt":{"rendered":"<p>Artikel: Wundersch\u00f6ner Kojiri aus Silber mit floralen Motiven. Ein au\u00dfergew\u00f6hnliches St\u00fcck. Kojiri sind selten, da sie \u2013 im Gegensatz zu Fuchi-Kashira, die f\u00fcr fast alle Schwerter obligatorisch waren \u2013 nur bei hochwertigen Koshirae und Schwertern bester Qualit\u00e4t verwendet wurden, da sie die Kosten erheblich erh\u00f6hten, ohne ein zwingend notwendiges Element [&hellip;]<\/p>\n","protected":false},"featured_media":14454,"template":"","meta":{"jetpack_post_was_ever_published":false},"product_brand":[],"product_cat":[575],"product_tag":[],"class_list":{"0":"post-14453","1":"product","2":"type-product","3":"status-publish","4":"has-post-thumbnail","6":"product_cat-kojiri","7":"product_shipping_class-light","9":"first","10":"instock","11":"featured","12":"sold-individually","13":"shipping-taxable","14":"purchasable","15":"product-type-simple"},"yoast_head":"<!-- This site is optimized with the Yoast SEO plugin v27.4 - https:\/\/yoast.com\/product\/yoast-seo-wordpress\/ -->\n<title>Silberner Kojiri mit Blumenmotiven - Supein Nihonto<\/title>\n<meta name=\"description\" content=\"Wundersch\u00f6ner Kojiri aus Silber mit floralen Motiven. Ein au\u00dfergew\u00f6hnliches St\u00fcck. Kojiri sind selten, da Fuchi-Kashira zwar f\u00fcr fast alle Schwerter obligatorisch waren\u2026\" \/>\n<meta name=\"robots\" content=\"index, follow, max-snippet:-1, max-image-preview:large, max-video-preview:-1\" \/>\n<link rel=\"canonical\" href=\"https:\/\/www.supeinnihonto.com\/de\/produkt\/silberner-kojiri-mit-blumenmotiven\/\" \/>\n<meta property=\"og:locale\" content=\"de_DE\" \/>\n<meta property=\"og:type\" content=\"article\" \/>\n<meta property=\"og:title\" content=\"Silberner Kojiri mit Blumenmotiven - Supein Nihonto\" \/>\n<meta property=\"og:description\" content=\"Wundersch\u00f6ner Kojiri aus Silber mit floralen Motiven. Ein au\u00dfergew\u00f6hnliches St\u00fcck. Kojiri sind selten, da Fuchi-Kashira zwar f\u00fcr fast alle Schwerter obligatorisch waren\u2026\" \/>\n<meta property=\"og:url\" content=\"https:\/\/www.supeinnihonto.com\/de\/produkt\/silberner-kojiri-mit-blumenmotiven\/\" \/>\n<meta property=\"og:site_name\" content=\"Supein Nihonto\" \/>\n<meta property=\"article:modified_time\" content=\"2025-12-26T19:39:42+00:00\" \/>\n<meta property=\"og:image\" content=\"https:\/\/www.supeinnihonto.com\/wp-content\/uploads\/2024\/05\/DSC_3805-scaled.jpg\" \/>\n\t<meta property=\"og:image:width\" content=\"2560\" \/>\n\t<meta property=\"og:image:height\" content=\"1707\" \/>\n\t<meta property=\"og:image:type\" content=\"image\/jpeg\" \/>\n<meta name=\"twitter:card\" content=\"summary_large_image\" \/>\n<meta name=\"twitter:label1\" content=\"Gesch\u00e4tzte Lesezeit\" \/>\n\t<meta name=\"twitter:data1\" content=\"2\u00a0Minuten\" \/>\n<script type=\"application\/ld+json\" class=\"yoast-schema-graph\">{\"@context\":\"https:\\\/\\\/schema.org\",\"@graph\":[{\"@type\":\"WebPage\",\"@id\":\"https:\\\/\\\/www.supeinnihonto.com\\\/de\\\/produkt\\\/silberner-kojiri-mit-blumenmotiven\\\/\",\"url\":\"https:\\\/\\\/www.supeinnihonto.com\\\/de\\\/produkt\\\/silberner-kojiri-mit-blumenmotiven\\\/\",\"name\":\"Silberner Kojiri mit Blumenmotiven - Supein Nihonto\",\"isPartOf\":{\"@id\":\"https:\\\/\\\/www.supeinnihonto.com\\\/de\\\/#website\"},\"primaryImageOfPage\":{\"@id\":\"https:\\\/\\\/www.supeinnihonto.com\\\/de\\\/produkt\\\/silberner-kojiri-mit-blumenmotiven\\\/#primaryimage\"},\"image\":{\"@id\":\"https:\\\/\\\/www.supeinnihonto.com\\\/de\\\/produkt\\\/silberner-kojiri-mit-blumenmotiven\\\/#primaryimage\"},\"thumbnailUrl\":\"https:\\\/\\\/i0.wp.com\\\/www.supeinnihonto.com\\\/wp-content\\\/uploads\\\/2024\\\/05\\\/DSC_3805-scaled.jpg?fit=2560%2C1707&ssl=1\",\"datePublished\":\"2024-05-14T16:10:06+00:00\",\"dateModified\":\"2025-12-26T19:39:42+00:00\",\"description\":\"Wundersch\u00f6ner Kojiri aus Silber mit floralen Motiven. Ein au\u00dfergew\u00f6hnliches St\u00fcck. Kojiri sind selten, da Fuchi-Kashira zwar f\u00fcr fast alle Schwerter obligatorisch waren\u2026\",\"breadcrumb\":{\"@id\":\"https:\\\/\\\/www.supeinnihonto.com\\\/de\\\/produkt\\\/silberner-kojiri-mit-blumenmotiven\\\/#breadcrumb\"},\"inLanguage\":\"de\",\"potentialAction\":[{\"@type\":\"ReadAction\",\"target\":[\"https:\\\/\\\/www.supeinnihonto.com\\\/de\\\/produkt\\\/silberner-kojiri-mit-blumenmotiven\\\/\"]}]},{\"@type\":\"ImageObject\",\"inLanguage\":\"de\",\"@id\":\"https:\\\/\\\/www.supeinnihonto.com\\\/de\\\/produkt\\\/silberner-kojiri-mit-blumenmotiven\\\/#primaryimage\",\"url\":\"https:\\\/\\\/i0.wp.com\\\/www.supeinnihonto.com\\\/wp-content\\\/uploads\\\/2024\\\/05\\\/DSC_3805-scaled.jpg?fit=2560%2C1707&ssl=1\",\"contentUrl\":\"https:\\\/\\\/i0.wp.com\\\/www.supeinnihonto.com\\\/wp-content\\\/uploads\\\/2024\\\/05\\\/DSC_3805-scaled.jpg?fit=2560%2C1707&ssl=1\",\"width\":2560,\"height\":1707,\"caption\":\"Kojiri silver flowers\"},{\"@type\":\"BreadcrumbList\",\"@id\":\"https:\\\/\\\/www.supeinnihonto.com\\\/de\\\/produkt\\\/silberner-kojiri-mit-blumenmotiven\\\/#breadcrumb\",\"itemListElement\":[{\"@type\":\"ListItem\",\"position\":1,\"name\":\"Portada\",\"item\":\"https:\\\/\\\/www.supeinnihonto.com\\\/de\\\/\"},{\"@type\":\"ListItem\",\"position\":2,\"name\":\"Shop\",\"item\":\"https:\\\/\\\/www.supeinnihonto.com\\\/de\\\/shop\\\/\"},{\"@type\":\"ListItem\",\"position\":3,\"name\":\"Silberner Kojiri mit Blumenmotiven\"}]},{\"@type\":\"WebSite\",\"@id\":\"https:\\\/\\\/www.supeinnihonto.com\\\/de\\\/#website\",\"url\":\"https:\\\/\\\/www.supeinnihonto.com\\\/de\\\/\",\"name\":\"Supein Nihonto\",\"description\":\"Authentic japanese Nihonto katana \",\"publisher\":{\"@id\":\"https:\\\/\\\/www.supeinnihonto.com\\\/de\\\/#organization\"},\"potentialAction\":[{\"@type\":\"SearchAction\",\"target\":{\"@type\":\"EntryPoint\",\"urlTemplate\":\"https:\\\/\\\/www.supeinnihonto.com\\\/de\\\/?s={search_term_string}\"},\"query-input\":{\"@type\":\"PropertyValueSpecification\",\"valueRequired\":true,\"valueName\":\"search_term_string\"}}],\"inLanguage\":\"de\"},{\"@type\":\"Organization\",\"@id\":\"https:\\\/\\\/www.supeinnihonto.com\\\/de\\\/#organization\",\"name\":\"SupeinNihonto\",\"url\":\"https:\\\/\\\/www.supeinnihonto.com\\\/de\\\/\",\"logo\":{\"@type\":\"ImageObject\",\"inLanguage\":\"de\",\"@id\":\"https:\\\/\\\/www.supeinnihonto.com\\\/de\\\/#\\\/schema\\\/logo\\\/image\\\/\",\"url\":\"https:\\\/\\\/www.supeinnihonto.com\\\/wp-content\\\/uploads\\\/2021\\\/11\\\/animation_Default_3szk0jcenoloop.gif\",\"contentUrl\":\"https:\\\/\\\/www.supeinnihonto.com\\\/wp-content\\\/uploads\\\/2021\\\/11\\\/animation_Default_3szk0jcenoloop.gif\",\"width\":750,\"height\":641,\"caption\":\"SupeinNihonto\"},\"image\":{\"@id\":\"https:\\\/\\\/www.supeinnihonto.com\\\/de\\\/#\\\/schema\\\/logo\\\/image\\\/\"}}]}<\/script>\n<!-- \/ Yoast SEO plugin. -->","yoast_head_json":{"title":"Silberner Kojiri mit Blumenmotiven - Supein Nihonto","description":"Wundersch\u00f6ner Kojiri aus Silber mit floralen Motiven. Ein au\u00dfergew\u00f6hnliches St\u00fcck. Kojiri sind selten, da Fuchi-Kashira zwar f\u00fcr fast alle Schwerter obligatorisch waren\u2026","robots":{"index":"index","follow":"follow","max-snippet":"max-snippet:-1","max-image-preview":"max-image-preview:large","max-video-preview":"max-video-preview:-1"},"canonical":"https:\/\/www.supeinnihonto.com\/de\/produkt\/silberner-kojiri-mit-blumenmotiven\/","og_locale":"de_DE","og_type":"article","og_title":"Silberner Kojiri mit Blumenmotiven - Supein Nihonto","og_description":"Wundersch\u00f6ner Kojiri aus Silber mit floralen Motiven. Ein au\u00dfergew\u00f6hnliches St\u00fcck. Kojiri sind selten, da Fuchi-Kashira zwar f\u00fcr fast alle Schwerter obligatorisch waren\u2026","og_url":"https:\/\/www.supeinnihonto.com\/de\/produkt\/silberner-kojiri-mit-blumenmotiven\/","og_site_name":"Supein Nihonto","article_modified_time":"2025-12-26T19:39:42+00:00","og_image":[{"width":2560,"height":1707,"url":"https:\/\/www.supeinnihonto.com\/wp-content\/uploads\/2024\/05\/DSC_3805-scaled.jpg","type":"image\/jpeg"}],"twitter_card":"summary_large_image","twitter_misc":{"Gesch\u00e4tzte Lesezeit":"2\u00a0Minuten"},"schema":{"@context":"https:\/\/schema.org","@graph":[{"@type":"WebPage","@id":"https:\/\/www.supeinnihonto.com\/de\/produkt\/silberner-kojiri-mit-blumenmotiven\/","url":"https:\/\/www.supeinnihonto.com\/de\/produkt\/silberner-kojiri-mit-blumenmotiven\/","name":"Silberner Kojiri mit Blumenmotiven - Supein Nihonto","isPartOf":{"@id":"https:\/\/www.supeinnihonto.com\/de\/#website"},"primaryImageOfPage":{"@id":"https:\/\/www.supeinnihonto.com\/de\/produkt\/silberner-kojiri-mit-blumenmotiven\/#primaryimage"},"image":{"@id":"https:\/\/www.supeinnihonto.com\/de\/produkt\/silberner-kojiri-mit-blumenmotiven\/#primaryimage"},"thumbnailUrl":"https:\/\/i0.wp.com\/www.supeinnihonto.com\/wp-content\/uploads\/2024\/05\/DSC_3805-scaled.jpg?fit=2560%2C1707&ssl=1","datePublished":"2024-05-14T16:10:06+00:00","dateModified":"2025-12-26T19:39:42+00:00","description":"Wundersch\u00f6ner Kojiri aus Silber mit floralen Motiven. Ein au\u00dfergew\u00f6hnliches St\u00fcck. Kojiri sind selten, da Fuchi-Kashira zwar f\u00fcr fast alle Schwerter obligatorisch waren\u2026","breadcrumb":{"@id":"https:\/\/www.supeinnihonto.com\/de\/produkt\/silberner-kojiri-mit-blumenmotiven\/#breadcrumb"},"inLanguage":"de","potentialAction":[{"@type":"ReadAction","target":["https:\/\/www.supeinnihonto.com\/de\/produkt\/silberner-kojiri-mit-blumenmotiven\/"]}]},{"@type":"ImageObject","inLanguage":"de","@id":"https:\/\/www.supeinnihonto.com\/de\/produkt\/silberner-kojiri-mit-blumenmotiven\/#primaryimage","url":"https:\/\/i0.wp.com\/www.supeinnihonto.com\/wp-content\/uploads\/2024\/05\/DSC_3805-scaled.jpg?fit=2560%2C1707&ssl=1","contentUrl":"https:\/\/i0.wp.com\/www.supeinnihonto.com\/wp-content\/uploads\/2024\/05\/DSC_3805-scaled.jpg?fit=2560%2C1707&ssl=1","width":2560,"height":1707,"caption":"Kojiri silver flowers"},{"@type":"BreadcrumbList","@id":"https:\/\/www.supeinnihonto.com\/de\/produkt\/silberner-kojiri-mit-blumenmotiven\/#breadcrumb","itemListElement":[{"@type":"ListItem","position":1,"name":"Portada","item":"https:\/\/www.supeinnihonto.com\/de\/"},{"@type":"ListItem","position":2,"name":"Shop","item":"https:\/\/www.supeinnihonto.com\/de\/shop\/"},{"@type":"ListItem","position":3,"name":"Silberner Kojiri mit Blumenmotiven"}]},{"@type":"WebSite","@id":"https:\/\/www.supeinnihonto.com\/de\/#website","url":"https:\/\/www.supeinnihonto.com\/de\/","name":"Supein Nihonto","description":"Authentic japanese Nihonto katana ","publisher":{"@id":"https:\/\/www.supeinnihonto.com\/de\/#organization"},"potentialAction":[{"@type":"SearchAction","target":{"@type":"EntryPoint","urlTemplate":"https:\/\/www.supeinnihonto.com\/de\/?s={search_term_string}"},"query-input":{"@type":"PropertyValueSpecification","valueRequired":true,"valueName":"search_term_string"}}],"inLanguage":"de"},{"@type":"Organization","@id":"https:\/\/www.supeinnihonto.com\/de\/#organization","name":"SupeinNihonto","url":"https:\/\/www.supeinnihonto.com\/de\/","logo":{"@type":"ImageObject","inLanguage":"de","@id":"https:\/\/www.supeinnihonto.com\/de\/#\/schema\/logo\/image\/","url":"https:\/\/www.supeinnihonto.com\/wp-content\/uploads\/2021\/11\/animation_Default_3szk0jcenoloop.gif","contentUrl":"https:\/\/www.supeinnihonto.com\/wp-content\/uploads\/2021\/11\/animation_Default_3szk0jcenoloop.gif","width":750,"height":641,"caption":"SupeinNihonto"},"image":{"@id":"https:\/\/www.supeinnihonto.com\/de\/#\/schema\/logo\/image\/"}}]}},"jetpack-related-posts":[{"id":14445,"url":"https:\/\/www.supeinnihonto.com\/de\/produkt\/shibuichi-kojiri-mit-pfingstrose\/","url_meta":{"origin":14453,"position":0},"title":"Shibuichi-Kojiri mit Pfingstrose","author":"Supein Nihonto","date":"14 de Mai de 2024","format":false,"excerpt":"Artikel: Wundersch\u00f6ner Kojiri aus Shibuichi (Kupfer-Silber-Legierung) mit silbernen Pfingstrosenmotiven. Ein au\u00dfergew\u00f6hnliches St\u00fcck. Kojiri sind selten, da sie zwar nicht zwingend notwendig waren \u2013 im Gegensatz zu Fuchi-Kashira \u2013, aber nur bei hochwertigen Koshirae und Schwertern bester Qualit\u00e4t verwendet wurden, da sie die Kosten erheblich erh\u00f6hten. Gute Kojiri sind \u00e4u\u00dferst selten\u2026","rel":"","context":"\u00c4hnlicher Beitrag","block_context":{"text":"\u00c4hnlicher Beitrag","link":""},"img":{"alt_text":"Kojiri Shibuichi peony","src":"https:\/\/i0.wp.com\/www.supeinnihonto.com\/wp-content\/uploads\/2024\/05\/DSC_3804-scaled.jpg?fit=1200%2C800&ssl=1&resize=350%2C200","width":350,"height":200,"srcset":"https:\/\/i0.wp.com\/www.supeinnihonto.com\/wp-content\/uploads\/2024\/05\/DSC_3804-scaled.jpg?fit=1200%2C800&ssl=1&resize=350%2C200 1x, https:\/\/i0.wp.com\/www.supeinnihonto.com\/wp-content\/uploads\/2024\/05\/DSC_3804-scaled.jpg?fit=1200%2C800&ssl=1&resize=525%2C300 1.5x, https:\/\/i0.wp.com\/www.supeinnihonto.com\/wp-content\/uploads\/2024\/05\/DSC_3804-scaled.jpg?fit=1200%2C800&ssl=1&resize=700%2C400 2x, https:\/\/i0.wp.com\/www.supeinnihonto.com\/wp-content\/uploads\/2024\/05\/DSC_3804-scaled.jpg?fit=1200%2C800&ssl=1&resize=1050%2C600 3x"},"classes":[]},{"id":14661,"url":"https:\/\/www.supeinnihonto.com\/de\/produkt\/fuchi-kashira-und-kurigata-mit-samurai-motiv\/","url_meta":{"origin":14453,"position":1},"title":"Fuchi-Kashira und Kurigata mit Samurai-Motiv","author":"Supein Nihonto","date":"13 de Mai de 2024","format":false,"excerpt":"Objekt: Fuchi-Kashira und Kurigata mit Samurai-Darstellungen. Sehr seltenes Set aus Fuchi, Kashira und Kurigata f\u00fcr Katana. Au\u00dfergew\u00f6hnlich seltenes St\u00fcck aufgrund des vollst\u00e4ndig erhaltenen dreiteiligen Ensembles und seiner hohen Qualit\u00e4t. Kurigata sind ebenfalls selten, da sie \u00fcblicherweise aus Holz oder Horn gefertigt wurden und nur selten \u2013 au\u00dfer bei Schwertern h\u00f6chster\u2026","rel":"","context":"\u00c4hnlicher Beitrag","block_context":{"text":"\u00c4hnlicher Beitrag","link":""},"img":{"alt_text":"Fuchi Kashira and kojiri Samurais","src":"https:\/\/i0.wp.com\/www.supeinnihonto.com\/wp-content\/uploads\/2024\/05\/DSC_3903-scaled.jpg?fit=1200%2C800&ssl=1&resize=350%2C200","width":350,"height":200,"srcset":"https:\/\/i0.wp.com\/www.supeinnihonto.com\/wp-content\/uploads\/2024\/05\/DSC_3903-scaled.jpg?fit=1200%2C800&ssl=1&resize=350%2C200 1x, https:\/\/i0.wp.com\/www.supeinnihonto.com\/wp-content\/uploads\/2024\/05\/DSC_3903-scaled.jpg?fit=1200%2C800&ssl=1&resize=525%2C300 1.5x, https:\/\/i0.wp.com\/www.supeinnihonto.com\/wp-content\/uploads\/2024\/05\/DSC_3903-scaled.jpg?fit=1200%2C800&ssl=1&resize=700%2C400 2x, https:\/\/i0.wp.com\/www.supeinnihonto.com\/wp-content\/uploads\/2024\/05\/DSC_3903-scaled.jpg?fit=1200%2C800&ssl=1&resize=1050%2C600 3x"},"classes":[]},{"id":11023,"url":"https:\/\/www.supeinnihonto.com\/de\/produkt\/nihonto-tanto-kanetoshi-with-nthk-kanteisho\/","url_meta":{"origin":14453,"position":2},"title":"Nihonto Tanto &#8222;Kanetoshi&#8220; with NTHK Kanteisho","author":"Eric Majo","date":"24 de November de 2025","format":false,"excerpt":"Kostenloser Versand. ARTIKELBESCHREIBUNG: Wird mit Kimono-H\u00fclle oder Baumwolltasche geliefert. Wird mit Nihont\u014d-Zertifikat von Supein geliefert. Wird mit originalem Pr\u00e4fektur-Zertifikat geliefert. Wird mit NTHK-Kanteisho-Zertifikat geliefert. Ein raffiniertes Werk aus der sp\u00e4ten Edo-Zeit. Dieses Tant\u014d, signiert \u76f4\u53e3\u4f4f\u517c\u5229 (Naokuchi-j\u016b Kanetoshi), ist ein bemerkenswertes Beispiel f\u00fcr die Handwerkskunst der sp\u00e4ten Edo-Zeit. Es verbindet eine\u2026","rel":"","context":"\u00c4hnlicher Beitrag","block_context":{"text":"\u00c4hnlicher Beitrag","link":""},"img":{"alt_text":"Sold","src":"https:\/\/i0.wp.com\/www.supeinnihonto.com\/wp-content\/uploads\/2024\/01\/logo-sold-scaled.png?fit=1200%2C720&ssl=1&resize=350%2C200","width":350,"height":200,"srcset":"https:\/\/i0.wp.com\/www.supeinnihonto.com\/wp-content\/uploads\/2024\/01\/logo-sold-scaled.png?fit=1200%2C720&ssl=1&resize=350%2C200 1x, https:\/\/i0.wp.com\/www.supeinnihonto.com\/wp-content\/uploads\/2024\/01\/logo-sold-scaled.png?fit=1200%2C720&ssl=1&resize=525%2C300 1.5x, https:\/\/i0.wp.com\/www.supeinnihonto.com\/wp-content\/uploads\/2024\/01\/logo-sold-scaled.png?fit=1200%2C720&ssl=1&resize=700%2C400 2x, https:\/\/i0.wp.com\/www.supeinnihonto.com\/wp-content\/uploads\/2024\/01\/logo-sold-scaled.png?fit=1200%2C720&ssl=1&resize=1050%2C600 3x"},"classes":[]},{"id":11055,"url":"https:\/\/www.supeinnihonto.com\/de\/produkt\/nihonto-katana\/","url_meta":{"origin":14453,"position":3},"title":"Nihonto Katana in Koshirae","author":"Eric Majo","date":"5 de November de 2025","format":false,"excerpt":"ARTIKELBESCHREIBUNG: Lieferung mit Kimono- oder Baumwolltasche. Wird mit Zertifikat von Supein Nihonto geliefert. Dieses Katana aus der Edo-Zeit ist ein hervorragendes Beispiel der Samurai-Tradition und vereint die St\u00e4rke seiner Klinge mit der feinen Eleganz eines vollst\u00e4ndigen Koshirae. Das Schwert verk\u00f6rpert sowohl N\u00fctzlichkeit als auch Kunstfertigkeit und ist ein \u00e4u\u00dferst begehrtes\u2026","rel":"","context":"\u00c4hnlicher Beitrag","block_context":{"text":"\u00c4hnlicher Beitrag","link":""},"img":{"alt_text":"nihonto for sale","src":"https:\/\/i0.wp.com\/www.supeinnihonto.com\/wp-content\/uploads\/2025\/11\/DSC_2122-scaled.jpg?fit=1200%2C556&ssl=1&resize=350%2C200","width":350,"height":200,"srcset":"https:\/\/i0.wp.com\/www.supeinnihonto.com\/wp-content\/uploads\/2025\/11\/DSC_2122-scaled.jpg?fit=1200%2C556&ssl=1&resize=350%2C200 1x, https:\/\/i0.wp.com\/www.supeinnihonto.com\/wp-content\/uploads\/2025\/11\/DSC_2122-scaled.jpg?fit=1200%2C556&ssl=1&resize=525%2C300 1.5x, https:\/\/i0.wp.com\/www.supeinnihonto.com\/wp-content\/uploads\/2025\/11\/DSC_2122-scaled.jpg?fit=1200%2C556&ssl=1&resize=700%2C400 2x, https:\/\/i0.wp.com\/www.supeinnihonto.com\/wp-content\/uploads\/2025\/11\/DSC_2122-scaled.jpg?fit=1200%2C556&ssl=1&resize=1050%2C600 3x"},"classes":[]},{"id":10898,"url":"https:\/\/www.supeinnihonto.com\/de\/produkt\/nihonto-katana-yasutsugu-with-aoi-mon-nbthk-tokobetsu-hozon\/","url_meta":{"origin":14453,"position":4},"title":"Nihonto katana &#8222;Yasutsugu&#8220; with Aoi mon NBTHK Tokobetsu Hozon","author":"Eric Majo","date":"1 de Dezember de 2025","format":false,"excerpt":"OBJEKTBESCHREIBUNG: Wird mit Kimono- oder Baumwollbeutel geliefert. Wird mit Zertifikat von Supein Nihonto geliefert. Wird mit originalem Pr\u00e4fektur-Zertifikat geliefert. Wird mit NBTHK Tokobetsu Hozon geliefert. Signiert: Yasutsugu (3. Generation, Echizen)Torokusho: Tokyo #328366Klingenl\u00e4nge: 73,5 cm Torokusho-\u00dcbersetzung (Registrierung eines japanischen Schwertes) Tokyo-Registrierung N\u00ba 328366Typ: KatanaKlingenl\u00e4nge: 73,5 cmKr\u00fcmmung: 2,2 cmMei:Omote: Aoi-mon + Yasutsugu\u2026","rel":"","context":"\u00c4hnlicher Beitrag","block_context":{"text":"\u00c4hnlicher Beitrag","link":""},"img":{"alt_text":"Sold","src":"https:\/\/i0.wp.com\/www.supeinnihonto.com\/wp-content\/uploads\/2024\/01\/logo-sold-scaled.png?fit=1200%2C720&ssl=1&resize=350%2C200","width":350,"height":200,"srcset":"https:\/\/i0.wp.com\/www.supeinnihonto.com\/wp-content\/uploads\/2024\/01\/logo-sold-scaled.png?fit=1200%2C720&ssl=1&resize=350%2C200 1x, https:\/\/i0.wp.com\/www.supeinnihonto.com\/wp-content\/uploads\/2024\/01\/logo-sold-scaled.png?fit=1200%2C720&ssl=1&resize=525%2C300 1.5x, https:\/\/i0.wp.com\/www.supeinnihonto.com\/wp-content\/uploads\/2024\/01\/logo-sold-scaled.png?fit=1200%2C720&ssl=1&resize=700%2C400 2x, https:\/\/i0.wp.com\/www.supeinnihonto.com\/wp-content\/uploads\/2024\/01\/logo-sold-scaled.png?fit=1200%2C720&ssl=1&resize=1050%2C600 3x"},"classes":[]},{"id":12344,"url":"https:\/\/www.supeinnihonto.com\/de\/produkt\/marugata-shakudo-samurai\/","url_meta":{"origin":14453,"position":5},"title":"Marugata shakudo tsuba samurai","author":"Eric Majo","date":"12 de November de 2024","format":false,"excerpt":"ARTIKEL: Wird mit Zertifikat von Supein Nihonto geliefert. Inklusive Holzbox. Signiert \u201eNara Naoyoshi\u201c, marugata-Tsuba aus K\u0101\u014d-Shakud\u014d (Gold-Kupfer-Legierung). Ein St\u00fcck von unvergleichlicher Qualit\u00e4t, w\u00fcrdig der besten Museen der Welt. Die au\u00dfergew\u00f6hnliche Detailgenauigkeit und Schnitzkunst dieser wunderbaren Arbeit, die eine Kriegsszene von Dan no Ura darstellt, ist deutlich erkennbar. Eingelegt mit Kupfer,\u2026","rel":"","context":"\u00c4hnlicher Beitrag","block_context":{"text":"\u00c4hnlicher Beitrag","link":""},"img":{"alt_text":"Marugata shakudo tsuba samurai","src":"https:\/\/i0.wp.com\/www.supeinnihonto.com\/wp-content\/uploads\/2024\/11\/DSC1956-scaled.jpg?fit=1200%2C800&ssl=1&resize=350%2C200","width":350,"height":200,"srcset":"https:\/\/i0.wp.com\/www.supeinnihonto.com\/wp-content\/uploads\/2024\/11\/DSC1956-scaled.jpg?fit=1200%2C800&ssl=1&resize=350%2C200 1x, https:\/\/i0.wp.com\/www.supeinnihonto.com\/wp-content\/uploads\/2024\/11\/DSC1956-scaled.jpg?fit=1200%2C800&ssl=1&resize=525%2C300 1.5x, https:\/\/i0.wp.com\/www.supeinnihonto.com\/wp-content\/uploads\/2024\/11\/DSC1956-scaled.jpg?fit=1200%2C800&ssl=1&resize=700%2C400 2x, https:\/\/i0.wp.com\/www.supeinnihonto.com\/wp-content\/uploads\/2024\/11\/DSC1956-scaled.jpg?fit=1200%2C800&ssl=1&resize=1050%2C600 3x"},"classes":[]}],"jetpack_sharing_enabled":true,"_links":{"self":[{"href":"https:\/\/www.supeinnihonto.com\/de\/wp-json\/wp\/v2\/product\/14453","targetHints":{"allow":["GET"]}}],"collection":[{"href":"https:\/\/www.supeinnihonto.com\/de\/wp-json\/wp\/v2\/product"}],"about":[{"href":"https:\/\/www.supeinnihonto.com\/de\/wp-json\/wp\/v2\/types\/product"}],"wp:featuredmedia":[{"embeddable":true,"href":"https:\/\/www.supeinnihonto.com\/de\/wp-json\/wp\/v2\/media\/14454"}],"wp:attachment":[{"href":"https:\/\/www.supeinnihonto.com\/de\/wp-json\/wp\/v2\/media?parent=14453"}],"wp:term":[{"taxonomy":"product_brand","embeddable":true,"href":"https:\/\/www.supeinnihonto.com\/de\/wp-json\/wp\/v2\/product_brand?post=14453"},{"taxonomy":"product_cat","embeddable":true,"href":"https:\/\/www.supeinnihonto.com\/de\/wp-json\/wp\/v2\/product_cat?post=14453"},{"taxonomy":"product_tag","embeddable":true,"href":"https:\/\/www.supeinnihonto.com\/de\/wp-json\/wp\/v2\/product_tag?post=14453"}],"curies":[{"name":"wp","href":"https:\/\/api.w.org\/{rel}","templated":true}]}}