{"id":14269,"date":"2024-05-27T09:27:33","date_gmt":"2024-05-27T09:27:33","guid":{"rendered":"https:\/\/www.supeinnihonto.com\/product\/netsuke-daruma-lacquer-wood\/"},"modified":"2025-12-26T18:49:06","modified_gmt":"2025-12-26T18:49:06","slug":"netsuke-daruma-aus-lackiertem-holz","status":"publish","type":"product","link":"https:\/\/www.supeinnihonto.com\/de\/produkt\/netsuke-daruma-aus-lackiertem-holz\/","title":{"rendered":"Netsuke Daruma aus lackiertem Holz"},"content":{"rendered":"<p data-start=\"1091\" data-end=\"1111\">Kostenloser Versand.<\/p>\n<p data-start=\"1113\" data-end=\"1373\">Sch\u00f6nes Netsuke mit der Darstellung von Daruma, der nach einer langen Meditationszeit erwacht. Edo-Zeit. Sehr sch\u00f6ne Patina und hervorragende Arbeit in rotem und schwarzem Lack. Daruma-Netsuke sind selten und aufgrund ihrer Bedeutung sehr begehrt bei Sammlern.<\/p>\n<p data-start=\"1375\" data-end=\"1787\">Daruma stellt Bodhidharma dar, einen chinesischen buddhistischen M\u00f6nch des 5. Jahrhunderts, der zum Patriarchen der Chan-Schule des Buddhismus in China wurde. Das Erscheinungsbild des Daruma ist einzigartig, da Bodhidharma der \u00dcberlieferung nach neun Jahre ununterbrochen meditierte, was dazu f\u00fchrte, dass seine Arme und Beine verk\u00fcmmerten und abfielen, sodass nur noch Kopf und Rumpf ohne Gliedma\u00dfen verblieben.<\/p>\n<p data-start=\"1789\" data-end=\"1807\">5,2 x 4,4 x 2,5 cm<\/p>\n","protected":false},"excerpt":{"rendered":"<p>Kostenloser Versand. Sch\u00f6nes Netsuke mit der Darstellung von Daruma, der nach einer langen Meditationszeit erwacht. Edo-Zeit. Sehr sch\u00f6ne Patina und hervorragende Arbeit in rotem und schwarzem Lack. Daruma-Netsuke sind selten und aufgrund ihrer Bedeutung sehr begehrt bei Sammlern. Daruma stellt Bodhidharma dar, einen chinesischen buddhistischen M\u00f6nch des 5. Jahrhunderts, der [&hellip;]<\/p>\n","protected":false},"featured_media":14270,"template":"","meta":{"jetpack_post_was_ever_published":false},"product_brand":[],"product_cat":[572],"product_tag":[684,654,656],"class_list":{"0":"post-14269","1":"product","2":"type-product","3":"status-publish","4":"has-post-thumbnail","6":"product_cat-netsuke","7":"product_tag-holz","8":"product_tag-netsuke","9":"product_tag-okimono","10":"product_shipping_class-light","12":"first","13":"instock","14":"featured","15":"sold-individually","16":"shipping-taxable","17":"purchasable","18":"product-type-simple"},"yoast_head":"<!-- This site is optimized with the Yoast SEO plugin v27.6 - https:\/\/yoast.com\/product\/yoast-seo-wordpress\/ -->\n<title>Netsuke Daruma aus lackiertem Holz - Supein Nihonto<\/title>\n<meta name=\"description\" content=\"Sch\u00f6nes Netsuke mit der Darstellung von Daruma, der nach einer langen Meditationszeit erwacht. Edo-Zeit. Sehr sch\u00f6ne Patina und hervorragende Arbeit in rotem und schwarzem Lack.\" \/>\n<meta name=\"robots\" content=\"index, follow, max-snippet:-1, max-image-preview:large, max-video-preview:-1\" \/>\n<link rel=\"canonical\" href=\"https:\/\/www.supeinnihonto.com\/de\/produkt\/netsuke-daruma-aus-lackiertem-holz\/\" \/>\n<meta property=\"og:locale\" content=\"de_DE\" \/>\n<meta property=\"og:type\" content=\"article\" \/>\n<meta property=\"og:title\" content=\"Netsuke Daruma aus lackiertem Holz - Supein Nihonto\" \/>\n<meta property=\"og:description\" content=\"Sch\u00f6nes Netsuke mit der Darstellung von Daruma, der nach einer langen Meditationszeit erwacht. Edo-Zeit. Sehr sch\u00f6ne Patina und hervorragende Arbeit in rotem und schwarzem Lack.\" \/>\n<meta property=\"og:url\" content=\"https:\/\/www.supeinnihonto.com\/de\/produkt\/netsuke-daruma-aus-lackiertem-holz\/\" \/>\n<meta property=\"og:site_name\" content=\"Supein Nihonto\" \/>\n<meta property=\"article:modified_time\" content=\"2025-12-26T18:49:06+00:00\" \/>\n<meta property=\"og:image\" content=\"https:\/\/www.supeinnihonto.com\/wp-content\/uploads\/2024\/05\/DSC_3920-scaled.jpg\" \/>\n\t<meta property=\"og:image:width\" content=\"2560\" \/>\n\t<meta property=\"og:image:height\" content=\"1707\" \/>\n\t<meta property=\"og:image:type\" content=\"image\/jpeg\" \/>\n<meta name=\"twitter:card\" content=\"summary_large_image\" \/>\n<meta name=\"twitter:label1\" content=\"Gesch\u00e4tzte Lesezeit\" \/>\n\t<meta name=\"twitter:data1\" content=\"1\u00a0Minute\" \/>\n<script type=\"application\/ld+json\" class=\"yoast-schema-graph\">{\"@context\":\"https:\\\/\\\/schema.org\",\"@graph\":[{\"@type\":\"WebPage\",\"@id\":\"https:\\\/\\\/www.supeinnihonto.com\\\/de\\\/produkt\\\/netsuke-daruma-aus-lackiertem-holz\\\/\",\"url\":\"https:\\\/\\\/www.supeinnihonto.com\\\/de\\\/produkt\\\/netsuke-daruma-aus-lackiertem-holz\\\/\",\"name\":\"Netsuke Daruma aus lackiertem Holz - Supein Nihonto\",\"isPartOf\":{\"@id\":\"https:\\\/\\\/www.supeinnihonto.com\\\/de\\\/#website\"},\"primaryImageOfPage\":{\"@id\":\"https:\\\/\\\/www.supeinnihonto.com\\\/de\\\/produkt\\\/netsuke-daruma-aus-lackiertem-holz\\\/#primaryimage\"},\"image\":{\"@id\":\"https:\\\/\\\/www.supeinnihonto.com\\\/de\\\/produkt\\\/netsuke-daruma-aus-lackiertem-holz\\\/#primaryimage\"},\"thumbnailUrl\":\"https:\\\/\\\/i0.wp.com\\\/www.supeinnihonto.com\\\/wp-content\\\/uploads\\\/2024\\\/05\\\/DSC_3920-scaled.jpg?fit=2560%2C1707&ssl=1\",\"datePublished\":\"2024-05-27T09:27:33+00:00\",\"dateModified\":\"2025-12-26T18:49:06+00:00\",\"description\":\"Sch\u00f6nes Netsuke mit der Darstellung von Daruma, der nach einer langen Meditationszeit erwacht. Edo-Zeit. Sehr sch\u00f6ne Patina und hervorragende Arbeit in rotem und schwarzem Lack.\",\"breadcrumb\":{\"@id\":\"https:\\\/\\\/www.supeinnihonto.com\\\/de\\\/produkt\\\/netsuke-daruma-aus-lackiertem-holz\\\/#breadcrumb\"},\"inLanguage\":\"de\",\"potentialAction\":[{\"@type\":\"ReadAction\",\"target\":[\"https:\\\/\\\/www.supeinnihonto.com\\\/de\\\/produkt\\\/netsuke-daruma-aus-lackiertem-holz\\\/\"]}]},{\"@type\":\"ImageObject\",\"inLanguage\":\"de\",\"@id\":\"https:\\\/\\\/www.supeinnihonto.com\\\/de\\\/produkt\\\/netsuke-daruma-aus-lackiertem-holz\\\/#primaryimage\",\"url\":\"https:\\\/\\\/i0.wp.com\\\/www.supeinnihonto.com\\\/wp-content\\\/uploads\\\/2024\\\/05\\\/DSC_3920-scaled.jpg?fit=2560%2C1707&ssl=1\",\"contentUrl\":\"https:\\\/\\\/i0.wp.com\\\/www.supeinnihonto.com\\\/wp-content\\\/uploads\\\/2024\\\/05\\\/DSC_3920-scaled.jpg?fit=2560%2C1707&ssl=1\",\"width\":2560,\"height\":1707,\"caption\":\"Netsuke Daruma lacquer wood\"},{\"@type\":\"BreadcrumbList\",\"@id\":\"https:\\\/\\\/www.supeinnihonto.com\\\/de\\\/produkt\\\/netsuke-daruma-aus-lackiertem-holz\\\/#breadcrumb\",\"itemListElement\":[{\"@type\":\"ListItem\",\"position\":1,\"name\":\"Portada\",\"item\":\"https:\\\/\\\/www.supeinnihonto.com\\\/de\\\/\"},{\"@type\":\"ListItem\",\"position\":2,\"name\":\"Shop\",\"item\":\"https:\\\/\\\/www.supeinnihonto.com\\\/de\\\/shop\\\/\"},{\"@type\":\"ListItem\",\"position\":3,\"name\":\"Netsuke Daruma aus lackiertem Holz\"}]},{\"@type\":\"WebSite\",\"@id\":\"https:\\\/\\\/www.supeinnihonto.com\\\/de\\\/#website\",\"url\":\"https:\\\/\\\/www.supeinnihonto.com\\\/de\\\/\",\"name\":\"Supein Nihonto\",\"description\":\"Authentic japanese Nihonto katana \",\"publisher\":{\"@id\":\"https:\\\/\\\/www.supeinnihonto.com\\\/de\\\/#organization\"},\"potentialAction\":[{\"@type\":\"SearchAction\",\"target\":{\"@type\":\"EntryPoint\",\"urlTemplate\":\"https:\\\/\\\/www.supeinnihonto.com\\\/de\\\/?s={search_term_string}\"},\"query-input\":{\"@type\":\"PropertyValueSpecification\",\"valueRequired\":true,\"valueName\":\"search_term_string\"}}],\"inLanguage\":\"de\"},{\"@type\":\"Organization\",\"@id\":\"https:\\\/\\\/www.supeinnihonto.com\\\/de\\\/#organization\",\"name\":\"SupeinNihonto\",\"url\":\"https:\\\/\\\/www.supeinnihonto.com\\\/de\\\/\",\"logo\":{\"@type\":\"ImageObject\",\"inLanguage\":\"de\",\"@id\":\"https:\\\/\\\/www.supeinnihonto.com\\\/de\\\/#\\\/schema\\\/logo\\\/image\\\/\",\"url\":\"https:\\\/\\\/www.supeinnihonto.com\\\/wp-content\\\/uploads\\\/2021\\\/11\\\/animation_Default_3szk0jcenoloop.gif\",\"contentUrl\":\"https:\\\/\\\/www.supeinnihonto.com\\\/wp-content\\\/uploads\\\/2021\\\/11\\\/animation_Default_3szk0jcenoloop.gif\",\"width\":750,\"height\":641,\"caption\":\"SupeinNihonto\"},\"image\":{\"@id\":\"https:\\\/\\\/www.supeinnihonto.com\\\/de\\\/#\\\/schema\\\/logo\\\/image\\\/\"}}]}<\/script>\n<!-- \/ Yoast SEO plugin. -->","yoast_head_json":{"title":"Netsuke Daruma aus lackiertem Holz - Supein Nihonto","description":"Sch\u00f6nes Netsuke mit der Darstellung von Daruma, der nach einer langen Meditationszeit erwacht. Edo-Zeit. Sehr sch\u00f6ne Patina und hervorragende Arbeit in rotem und schwarzem Lack.","robots":{"index":"index","follow":"follow","max-snippet":"max-snippet:-1","max-image-preview":"max-image-preview:large","max-video-preview":"max-video-preview:-1"},"canonical":"https:\/\/www.supeinnihonto.com\/de\/produkt\/netsuke-daruma-aus-lackiertem-holz\/","og_locale":"de_DE","og_type":"article","og_title":"Netsuke Daruma aus lackiertem Holz - Supein Nihonto","og_description":"Sch\u00f6nes Netsuke mit der Darstellung von Daruma, der nach einer langen Meditationszeit erwacht. Edo-Zeit. Sehr sch\u00f6ne Patina und hervorragende Arbeit in rotem und schwarzem Lack.","og_url":"https:\/\/www.supeinnihonto.com\/de\/produkt\/netsuke-daruma-aus-lackiertem-holz\/","og_site_name":"Supein Nihonto","article_modified_time":"2025-12-26T18:49:06+00:00","og_image":[{"width":2560,"height":1707,"url":"https:\/\/www.supeinnihonto.com\/wp-content\/uploads\/2024\/05\/DSC_3920-scaled.jpg","type":"image\/jpeg"}],"twitter_card":"summary_large_image","twitter_misc":{"Gesch\u00e4tzte Lesezeit":"1\u00a0Minute"},"schema":{"@context":"https:\/\/schema.org","@graph":[{"@type":"WebPage","@id":"https:\/\/www.supeinnihonto.com\/de\/produkt\/netsuke-daruma-aus-lackiertem-holz\/","url":"https:\/\/www.supeinnihonto.com\/de\/produkt\/netsuke-daruma-aus-lackiertem-holz\/","name":"Netsuke Daruma aus lackiertem Holz - Supein Nihonto","isPartOf":{"@id":"https:\/\/www.supeinnihonto.com\/de\/#website"},"primaryImageOfPage":{"@id":"https:\/\/www.supeinnihonto.com\/de\/produkt\/netsuke-daruma-aus-lackiertem-holz\/#primaryimage"},"image":{"@id":"https:\/\/www.supeinnihonto.com\/de\/produkt\/netsuke-daruma-aus-lackiertem-holz\/#primaryimage"},"thumbnailUrl":"https:\/\/i0.wp.com\/www.supeinnihonto.com\/wp-content\/uploads\/2024\/05\/DSC_3920-scaled.jpg?fit=2560%2C1707&ssl=1","datePublished":"2024-05-27T09:27:33+00:00","dateModified":"2025-12-26T18:49:06+00:00","description":"Sch\u00f6nes Netsuke mit der Darstellung von Daruma, der nach einer langen Meditationszeit erwacht. Edo-Zeit. Sehr sch\u00f6ne Patina und hervorragende Arbeit in rotem und schwarzem Lack.","breadcrumb":{"@id":"https:\/\/www.supeinnihonto.com\/de\/produkt\/netsuke-daruma-aus-lackiertem-holz\/#breadcrumb"},"inLanguage":"de","potentialAction":[{"@type":"ReadAction","target":["https:\/\/www.supeinnihonto.com\/de\/produkt\/netsuke-daruma-aus-lackiertem-holz\/"]}]},{"@type":"ImageObject","inLanguage":"de","@id":"https:\/\/www.supeinnihonto.com\/de\/produkt\/netsuke-daruma-aus-lackiertem-holz\/#primaryimage","url":"https:\/\/i0.wp.com\/www.supeinnihonto.com\/wp-content\/uploads\/2024\/05\/DSC_3920-scaled.jpg?fit=2560%2C1707&ssl=1","contentUrl":"https:\/\/i0.wp.com\/www.supeinnihonto.com\/wp-content\/uploads\/2024\/05\/DSC_3920-scaled.jpg?fit=2560%2C1707&ssl=1","width":2560,"height":1707,"caption":"Netsuke Daruma lacquer wood"},{"@type":"BreadcrumbList","@id":"https:\/\/www.supeinnihonto.com\/de\/produkt\/netsuke-daruma-aus-lackiertem-holz\/#breadcrumb","itemListElement":[{"@type":"ListItem","position":1,"name":"Portada","item":"https:\/\/www.supeinnihonto.com\/de\/"},{"@type":"ListItem","position":2,"name":"Shop","item":"https:\/\/www.supeinnihonto.com\/de\/shop\/"},{"@type":"ListItem","position":3,"name":"Netsuke Daruma aus lackiertem Holz"}]},{"@type":"WebSite","@id":"https:\/\/www.supeinnihonto.com\/de\/#website","url":"https:\/\/www.supeinnihonto.com\/de\/","name":"Supein Nihonto","description":"Authentic japanese Nihonto katana ","publisher":{"@id":"https:\/\/www.supeinnihonto.com\/de\/#organization"},"potentialAction":[{"@type":"SearchAction","target":{"@type":"EntryPoint","urlTemplate":"https:\/\/www.supeinnihonto.com\/de\/?s={search_term_string}"},"query-input":{"@type":"PropertyValueSpecification","valueRequired":true,"valueName":"search_term_string"}}],"inLanguage":"de"},{"@type":"Organization","@id":"https:\/\/www.supeinnihonto.com\/de\/#organization","name":"SupeinNihonto","url":"https:\/\/www.supeinnihonto.com\/de\/","logo":{"@type":"ImageObject","inLanguage":"de","@id":"https:\/\/www.supeinnihonto.com\/de\/#\/schema\/logo\/image\/","url":"https:\/\/www.supeinnihonto.com\/wp-content\/uploads\/2021\/11\/animation_Default_3szk0jcenoloop.gif","contentUrl":"https:\/\/www.supeinnihonto.com\/wp-content\/uploads\/2021\/11\/animation_Default_3szk0jcenoloop.gif","width":750,"height":641,"caption":"SupeinNihonto"},"image":{"@id":"https:\/\/www.supeinnihonto.com\/de\/#\/schema\/logo\/image\/"}}]}},"jetpack-related-posts":[{"id":14265,"url":"https:\/\/www.supeinnihonto.com\/nl\/product\/netsuke-daruma-van-gelakt-hout\/","url_meta":{"origin":14269,"position":0},"title":"Netsuke Daruma van gelakt hout","author":"Supein Nihonto","date":"27 de Mai de 2024","format":false,"excerpt":"Gratis verzending. Mooie netsuke die Daruma voorstelt terwijl hij ontwaakt na een lange periode van meditatie. Edo-periode. Zeer mooie patina en uitstekend uitgevoerd rood en zwart lakwerk. Daruma-netsuke zijn zeldzaam en zeer geliefd bij verzamelaars vanwege hun betekenis. Daruma stelt Bodhidharma voor, een Chinese boeddhistische monnik uit de 5e eeuw\u2026","rel":"","context":"\u00c4hnlicher Beitrag","block_context":{"text":"\u00c4hnlicher Beitrag","link":""},"img":{"alt_text":"Netsuke Daruma lacquer wood","src":"https:\/\/i0.wp.com\/www.supeinnihonto.com\/wp-content\/uploads\/2024\/05\/DSC_3920-scaled.jpg?fit=1200%2C800&ssl=1&resize=350%2C200","width":350,"height":200,"srcset":"https:\/\/i0.wp.com\/www.supeinnihonto.com\/wp-content\/uploads\/2024\/05\/DSC_3920-scaled.jpg?fit=1200%2C800&ssl=1&resize=350%2C200 1x, https:\/\/i0.wp.com\/www.supeinnihonto.com\/wp-content\/uploads\/2024\/05\/DSC_3920-scaled.jpg?fit=1200%2C800&ssl=1&resize=525%2C300 1.5x, https:\/\/i0.wp.com\/www.supeinnihonto.com\/wp-content\/uploads\/2024\/05\/DSC_3920-scaled.jpg?fit=1200%2C800&ssl=1&resize=700%2C400 2x, https:\/\/i0.wp.com\/www.supeinnihonto.com\/wp-content\/uploads\/2024\/05\/DSC_3920-scaled.jpg?fit=1200%2C800&ssl=1&resize=1050%2C600 3x"},"classes":[]},{"id":14267,"url":"https:\/\/www.supeinnihonto.com\/fr\/produit\/netsuke-daruma-en-bois-laque\/","url_meta":{"origin":14269,"position":1},"title":"Netsuke Daruma en bois laqu\u00e9","author":"Supein Nihonto","date":"27 de Mai de 2024","format":false,"excerpt":"Livraison gratuite. Beau netsuke repr\u00e9sentant Daruma se r\u00e9veillant apr\u00e8s une longue p\u00e9riode de m\u00e9ditation. P\u00e9riode Edo. Tr\u00e8s belle patine et remarquable travail de laque rouge et noire. Les netsuke de Daruma sont peu communs et tr\u00e8s recherch\u00e9s par les collectionneurs en raison de leur signification. Daruma repr\u00e9sente Bodhidharma, un moine\u2026","rel":"","context":"\u00c4hnlicher Beitrag","block_context":{"text":"\u00c4hnlicher Beitrag","link":""},"img":{"alt_text":"Netsuke Daruma lacquer wood","src":"https:\/\/i0.wp.com\/www.supeinnihonto.com\/wp-content\/uploads\/2024\/05\/DSC_3920-scaled.jpg?fit=1200%2C800&ssl=1&resize=350%2C200","width":350,"height":200,"srcset":"https:\/\/i0.wp.com\/www.supeinnihonto.com\/wp-content\/uploads\/2024\/05\/DSC_3920-scaled.jpg?fit=1200%2C800&ssl=1&resize=350%2C200 1x, https:\/\/i0.wp.com\/www.supeinnihonto.com\/wp-content\/uploads\/2024\/05\/DSC_3920-scaled.jpg?fit=1200%2C800&ssl=1&resize=525%2C300 1.5x, https:\/\/i0.wp.com\/www.supeinnihonto.com\/wp-content\/uploads\/2024\/05\/DSC_3920-scaled.jpg?fit=1200%2C800&ssl=1&resize=700%2C400 2x, https:\/\/i0.wp.com\/www.supeinnihonto.com\/wp-content\/uploads\/2024\/05\/DSC_3920-scaled.jpg?fit=1200%2C800&ssl=1&resize=1050%2C600 3x"},"classes":[]},{"id":3405,"url":"https:\/\/www.supeinnihonto.com\/produkt\/netsuke-daruma-lacquer-wood\/","url_meta":{"origin":14269,"position":2},"title":"Netsuke Daruma lacquer wood","author":"Supein Nihonto","date":"27 de Mai de 2024","format":false,"excerpt":"Free shipping. Nice netsuke of Daruma waking up after a while of meditation. Edo period. Very beautiful patina and great work of red and black lacquer. The netsukes of daruma are uncommon and very collectable for his meaning. Daruma represent Bodhidharma, a Chinese Buddhist monk from the 5th century who\u2026","rel":"","context":"\u00c4hnlicher Beitrag","block_context":{"text":"\u00c4hnlicher Beitrag","link":""},"img":{"alt_text":"Netsuke Daruma lacquer wood","src":"https:\/\/i0.wp.com\/www.supeinnihonto.com\/wp-content\/uploads\/2024\/05\/DSC_3920-scaled.jpg?fit=1200%2C800&ssl=1&resize=350%2C200","width":350,"height":200,"srcset":"https:\/\/i0.wp.com\/www.supeinnihonto.com\/wp-content\/uploads\/2024\/05\/DSC_3920-scaled.jpg?fit=1200%2C800&ssl=1&resize=350%2C200 1x, https:\/\/i0.wp.com\/www.supeinnihonto.com\/wp-content\/uploads\/2024\/05\/DSC_3920-scaled.jpg?fit=1200%2C800&ssl=1&resize=525%2C300 1.5x, https:\/\/i0.wp.com\/www.supeinnihonto.com\/wp-content\/uploads\/2024\/05\/DSC_3920-scaled.jpg?fit=1200%2C800&ssl=1&resize=700%2C400 2x, https:\/\/i0.wp.com\/www.supeinnihonto.com\/wp-content\/uploads\/2024\/05\/DSC_3920-scaled.jpg?fit=1200%2C800&ssl=1&resize=1050%2C600 3x"},"classes":[]},{"id":14271,"url":"https:\/\/www.supeinnihonto.com\/it\/prodotto\/netsuke-daruma-in-legno-laccato\/","url_meta":{"origin":14269,"position":3},"title":"Netsuke Daruma in legno laccato","author":"Supein Nihonto","date":"27 de Mai de 2024","format":false,"excerpt":"Spedizione gratuita. Bel netsuke raffigurante Daruma che si risveglia dopo un lungo periodo di meditazione. Periodo Edo. Splendida patina e ottimo lavoro di lacca rossa e nera. I netsuke di Daruma sono rari e molto ricercati dai collezionisti per il loro significato simbolico. Daruma rappresenta Bodhidharma, un monaco buddista cinese\u2026","rel":"","context":"\u00c4hnlicher Beitrag","block_context":{"text":"\u00c4hnlicher Beitrag","link":""},"img":{"alt_text":"Netsuke Daruma lacquer wood","src":"https:\/\/i0.wp.com\/www.supeinnihonto.com\/wp-content\/uploads\/2024\/05\/DSC_3920-scaled.jpg?fit=1200%2C800&ssl=1&resize=350%2C200","width":350,"height":200,"srcset":"https:\/\/i0.wp.com\/www.supeinnihonto.com\/wp-content\/uploads\/2024\/05\/DSC_3920-scaled.jpg?fit=1200%2C800&ssl=1&resize=350%2C200 1x, https:\/\/i0.wp.com\/www.supeinnihonto.com\/wp-content\/uploads\/2024\/05\/DSC_3920-scaled.jpg?fit=1200%2C800&ssl=1&resize=525%2C300 1.5x, https:\/\/i0.wp.com\/www.supeinnihonto.com\/wp-content\/uploads\/2024\/05\/DSC_3920-scaled.jpg?fit=1200%2C800&ssl=1&resize=700%2C400 2x, https:\/\/i0.wp.com\/www.supeinnihonto.com\/wp-content\/uploads\/2024\/05\/DSC_3920-scaled.jpg?fit=1200%2C800&ssl=1&resize=1050%2C600 3x"},"classes":[]},{"id":14136,"url":"https:\/\/www.supeinnihonto.com\/de\/produkt\/netsuke-alter-mann-und-hund-aus-elfenbein\/","url_meta":{"origin":14269,"position":4},"title":"Netsuke alter Mann und Hund aus Elfenbein","author":"Supein Nihonto","date":"28 de Mai de 2024","format":false,"excerpt":"Kostenloser Versand. Sch\u00f6nes Netsuke mit der Darstellung eines alten Mannes, der in entspannter Haltung mit seinem Hund spazieren geht. Das Gesicht des alten Mannes ist fein geschnitzt. Meiji-Zeit, sp\u00e4tes 19. Jahrhundert. Wird mit Gutachten und CITES-Dokument geliefert. 6,5 x 2,5 x 2,2 cm","rel":"","context":"\u00c4hnlicher Beitrag","block_context":{"text":"\u00c4hnlicher Beitrag","link":""},"img":{"alt_text":"Netsuke elder and dog ivory","src":"https:\/\/i0.wp.com\/www.supeinnihonto.com\/wp-content\/uploads\/2024\/05\/DSC_4009-scaled.jpg?fit=1200%2C800&ssl=1&resize=350%2C200","width":350,"height":200,"srcset":"https:\/\/i0.wp.com\/www.supeinnihonto.com\/wp-content\/uploads\/2024\/05\/DSC_4009-scaled.jpg?fit=1200%2C800&ssl=1&resize=350%2C200 1x, https:\/\/i0.wp.com\/www.supeinnihonto.com\/wp-content\/uploads\/2024\/05\/DSC_4009-scaled.jpg?fit=1200%2C800&ssl=1&resize=525%2C300 1.5x, https:\/\/i0.wp.com\/www.supeinnihonto.com\/wp-content\/uploads\/2024\/05\/DSC_4009-scaled.jpg?fit=1200%2C800&ssl=1&resize=700%2C400 2x, https:\/\/i0.wp.com\/www.supeinnihonto.com\/wp-content\/uploads\/2024\/05\/DSC_4009-scaled.jpg?fit=1200%2C800&ssl=1&resize=1050%2C600 3x"},"classes":[]},{"id":14421,"url":"https:\/\/www.supeinnihonto.com\/de\/produkt\/netsuke-shishi-hund-aus-holz\/","url_meta":{"origin":14269,"position":5},"title":"Netsuke Shishi-Hund aus Holz","author":"Supein Nihonto","date":"27 de Mai de 2024","format":false,"excerpt":"Sch\u00f6ner Shishi aus Holz aus der Edo-Zeit. Der Shishi ist ein mythologisches Tier, das einer Mischung aus Hund und L\u00f6we \u00e4hnelt und als Schutzsymbol gilt; er wird \u00fcblicherweise an den Eing\u00e4ngen von Tempeln dargestellt. Sch\u00f6ne Patina und Himotoshi. Signiert. Bewegliche Kugel im Maul als Darstellung der Zunge. 4 x 3,5\u2026","rel":"","context":"\u00c4hnlicher Beitrag","block_context":{"text":"\u00c4hnlicher Beitrag","link":""},"img":{"alt_text":"Netsuke Shishi dog wood","src":"https:\/\/i0.wp.com\/www.supeinnihonto.com\/wp-content\/uploads\/2024\/05\/DSC_3910-scaled.jpg?fit=1200%2C800&ssl=1&resize=350%2C200","width":350,"height":200,"srcset":"https:\/\/i0.wp.com\/www.supeinnihonto.com\/wp-content\/uploads\/2024\/05\/DSC_3910-scaled.jpg?fit=1200%2C800&ssl=1&resize=350%2C200 1x, https:\/\/i0.wp.com\/www.supeinnihonto.com\/wp-content\/uploads\/2024\/05\/DSC_3910-scaled.jpg?fit=1200%2C800&ssl=1&resize=525%2C300 1.5x, https:\/\/i0.wp.com\/www.supeinnihonto.com\/wp-content\/uploads\/2024\/05\/DSC_3910-scaled.jpg?fit=1200%2C800&ssl=1&resize=700%2C400 2x, https:\/\/i0.wp.com\/www.supeinnihonto.com\/wp-content\/uploads\/2024\/05\/DSC_3910-scaled.jpg?fit=1200%2C800&ssl=1&resize=1050%2C600 3x"},"classes":[]}],"jetpack_sharing_enabled":true,"_links":{"self":[{"href":"https:\/\/www.supeinnihonto.com\/de\/wp-json\/wp\/v2\/product\/14269","targetHints":{"allow":["GET"]}}],"collection":[{"href":"https:\/\/www.supeinnihonto.com\/de\/wp-json\/wp\/v2\/product"}],"about":[{"href":"https:\/\/www.supeinnihonto.com\/de\/wp-json\/wp\/v2\/types\/product"}],"wp:featuredmedia":[{"embeddable":true,"href":"https:\/\/www.supeinnihonto.com\/de\/wp-json\/wp\/v2\/media\/14270"}],"wp:attachment":[{"href":"https:\/\/www.supeinnihonto.com\/de\/wp-json\/wp\/v2\/media?parent=14269"}],"wp:term":[{"taxonomy":"product_brand","embeddable":true,"href":"https:\/\/www.supeinnihonto.com\/de\/wp-json\/wp\/v2\/product_brand?post=14269"},{"taxonomy":"product_cat","embeddable":true,"href":"https:\/\/www.supeinnihonto.com\/de\/wp-json\/wp\/v2\/product_cat?post=14269"},{"taxonomy":"product_tag","embeddable":true,"href":"https:\/\/www.supeinnihonto.com\/de\/wp-json\/wp\/v2\/product_tag?post=14269"}],"curies":[{"name":"wp","href":"https:\/\/api.w.org\/{rel}","templated":true}]}}