{"id":14217,"date":"2024-05-27T11:16:15","date_gmt":"2024-05-27T11:16:15","guid":{"rendered":"https:\/\/www.supeinnihonto.com\/product\/netsuke-shishi-iii-wood\/"},"modified":"2025-12-26T18:20:14","modified_gmt":"2025-12-26T18:20:14","slug":"netsuke-shishi-iii-aus-holz","status":"publish","type":"product","link":"https:\/\/www.supeinnihonto.com\/de\/produkt\/netsuke-shishi-iii-aus-holz\/","title":{"rendered":"Netsuke Shishi III aus Holz"},"content":{"rendered":"<p data-start=\"837\" data-end=\"857\">Kostenloser Versand.<\/p>\n<p data-start=\"859\" data-end=\"1294\">Wundersch\u00f6nes Shishi-Netsuke aus fein geschnitztem Holz. Dieses Netsuke ist recht selten, da es nicht den klassischen, kleineren und gedrungeneren Shishi darstellt, sondern eher die Form eines Tigers oder L\u00f6wen aufweist, was m\u00f6glicherweise auf diese Interpretation hindeutet. Sehr sch\u00f6ne Patina und breite, klassische Himotoshi zur Befestigung der Schnur, typisch f\u00fcr die Edo-Zeit. Bewegliche Holzkugel im Maul, die die Zunge imitiert.<\/p>\n<p data-start=\"1296\" data-end=\"1314\">4,7 x 3,5 x 2,5 cm<\/p>\n","protected":false},"excerpt":{"rendered":"<p>Kostenloser Versand. Wundersch\u00f6nes Shishi-Netsuke aus fein geschnitztem Holz. Dieses Netsuke ist recht selten, da es nicht den klassischen, kleineren und gedrungeneren Shishi darstellt, sondern eher die Form eines Tigers oder L\u00f6wen aufweist, was m\u00f6glicherweise auf diese Interpretation hindeutet. Sehr sch\u00f6ne Patina und breite, klassische Himotoshi zur Befestigung der Schnur, typisch [&hellip;]<\/p>\n","protected":false},"featured_media":14218,"template":"","meta":{"jetpack_post_was_ever_published":false},"product_brand":[],"product_cat":[572],"product_tag":[684,654,656],"class_list":{"0":"post-14217","1":"product","2":"type-product","3":"status-publish","4":"has-post-thumbnail","6":"product_cat-netsuke","7":"product_tag-holz","8":"product_tag-netsuke","9":"product_tag-okimono","10":"product_shipping_class-light","12":"first","13":"instock","14":"featured","15":"sold-individually","16":"shipping-taxable","17":"purchasable","18":"product-type-simple"},"yoast_head":"<!-- This site is optimized with the Yoast SEO plugin v27.4 - https:\/\/yoast.com\/product\/yoast-seo-wordpress\/ -->\n<title>Netsuke Shishi III aus Holz - Supein Nihonto<\/title>\n<meta name=\"description\" content=\"Wundersch\u00f6nes Shishi-Netsuke aus fein geschnitztem Holz. Dieses Netsuke ist recht selten, da es nicht den klassischen Shishi darstellt\u2026\" \/>\n<meta name=\"robots\" content=\"index, follow, max-snippet:-1, max-image-preview:large, max-video-preview:-1\" \/>\n<link rel=\"canonical\" href=\"https:\/\/www.supeinnihonto.com\/de\/produkt\/netsuke-shishi-iii-aus-holz\/\" \/>\n<meta property=\"og:locale\" content=\"de_DE\" \/>\n<meta property=\"og:type\" content=\"article\" \/>\n<meta property=\"og:title\" content=\"Netsuke Shishi III aus Holz - Supein Nihonto\" \/>\n<meta property=\"og:description\" content=\"Wundersch\u00f6nes Shishi-Netsuke aus fein geschnitztem Holz. Dieses Netsuke ist recht selten, da es nicht den klassischen Shishi darstellt\u2026\" \/>\n<meta property=\"og:url\" content=\"https:\/\/www.supeinnihonto.com\/de\/produkt\/netsuke-shishi-iii-aus-holz\/\" \/>\n<meta property=\"og:site_name\" content=\"Supein Nihonto\" \/>\n<meta property=\"article:modified_time\" content=\"2025-12-26T18:20:14+00:00\" \/>\n<meta property=\"og:image\" content=\"https:\/\/www.supeinnihonto.com\/wp-content\/uploads\/2024\/05\/DSC_3956-scaled.jpg\" \/>\n\t<meta property=\"og:image:width\" content=\"2560\" \/>\n\t<meta property=\"og:image:height\" content=\"1707\" \/>\n\t<meta property=\"og:image:type\" content=\"image\/jpeg\" \/>\n<meta name=\"twitter:card\" content=\"summary_large_image\" \/>\n<meta name=\"twitter:label1\" content=\"Gesch\u00e4tzte Lesezeit\" \/>\n\t<meta name=\"twitter:data1\" content=\"1\u00a0Minute\" \/>\n<script type=\"application\/ld+json\" class=\"yoast-schema-graph\">{\"@context\":\"https:\\\/\\\/schema.org\",\"@graph\":[{\"@type\":\"WebPage\",\"@id\":\"https:\\\/\\\/www.supeinnihonto.com\\\/de\\\/produkt\\\/netsuke-shishi-iii-aus-holz\\\/\",\"url\":\"https:\\\/\\\/www.supeinnihonto.com\\\/de\\\/produkt\\\/netsuke-shishi-iii-aus-holz\\\/\",\"name\":\"Netsuke Shishi III aus Holz - Supein Nihonto\",\"isPartOf\":{\"@id\":\"https:\\\/\\\/www.supeinnihonto.com\\\/de\\\/#website\"},\"primaryImageOfPage\":{\"@id\":\"https:\\\/\\\/www.supeinnihonto.com\\\/de\\\/produkt\\\/netsuke-shishi-iii-aus-holz\\\/#primaryimage\"},\"image\":{\"@id\":\"https:\\\/\\\/www.supeinnihonto.com\\\/de\\\/produkt\\\/netsuke-shishi-iii-aus-holz\\\/#primaryimage\"},\"thumbnailUrl\":\"https:\\\/\\\/i0.wp.com\\\/www.supeinnihonto.com\\\/wp-content\\\/uploads\\\/2024\\\/05\\\/DSC_3956-scaled.jpg?fit=2560%2C1707&ssl=1\",\"datePublished\":\"2024-05-27T11:16:15+00:00\",\"dateModified\":\"2025-12-26T18:20:14+00:00\",\"description\":\"Wundersch\u00f6nes Shishi-Netsuke aus fein geschnitztem Holz. Dieses Netsuke ist recht selten, da es nicht den klassischen Shishi darstellt\u2026\",\"breadcrumb\":{\"@id\":\"https:\\\/\\\/www.supeinnihonto.com\\\/de\\\/produkt\\\/netsuke-shishi-iii-aus-holz\\\/#breadcrumb\"},\"inLanguage\":\"de\",\"potentialAction\":[{\"@type\":\"ReadAction\",\"target\":[\"https:\\\/\\\/www.supeinnihonto.com\\\/de\\\/produkt\\\/netsuke-shishi-iii-aus-holz\\\/\"]}]},{\"@type\":\"ImageObject\",\"inLanguage\":\"de\",\"@id\":\"https:\\\/\\\/www.supeinnihonto.com\\\/de\\\/produkt\\\/netsuke-shishi-iii-aus-holz\\\/#primaryimage\",\"url\":\"https:\\\/\\\/i0.wp.com\\\/www.supeinnihonto.com\\\/wp-content\\\/uploads\\\/2024\\\/05\\\/DSC_3956-scaled.jpg?fit=2560%2C1707&ssl=1\",\"contentUrl\":\"https:\\\/\\\/i0.wp.com\\\/www.supeinnihonto.com\\\/wp-content\\\/uploads\\\/2024\\\/05\\\/DSC_3956-scaled.jpg?fit=2560%2C1707&ssl=1\",\"width\":2560,\"height\":1707,\"caption\":\"Netsuke Shishi III wood\"},{\"@type\":\"BreadcrumbList\",\"@id\":\"https:\\\/\\\/www.supeinnihonto.com\\\/de\\\/produkt\\\/netsuke-shishi-iii-aus-holz\\\/#breadcrumb\",\"itemListElement\":[{\"@type\":\"ListItem\",\"position\":1,\"name\":\"Portada\",\"item\":\"https:\\\/\\\/www.supeinnihonto.com\\\/de\\\/\"},{\"@type\":\"ListItem\",\"position\":2,\"name\":\"Shop\",\"item\":\"https:\\\/\\\/www.supeinnihonto.com\\\/de\\\/shop\\\/\"},{\"@type\":\"ListItem\",\"position\":3,\"name\":\"Netsuke Shishi III aus Holz\"}]},{\"@type\":\"WebSite\",\"@id\":\"https:\\\/\\\/www.supeinnihonto.com\\\/de\\\/#website\",\"url\":\"https:\\\/\\\/www.supeinnihonto.com\\\/de\\\/\",\"name\":\"Supein Nihonto\",\"description\":\"Authentic japanese Nihonto katana \",\"publisher\":{\"@id\":\"https:\\\/\\\/www.supeinnihonto.com\\\/de\\\/#organization\"},\"potentialAction\":[{\"@type\":\"SearchAction\",\"target\":{\"@type\":\"EntryPoint\",\"urlTemplate\":\"https:\\\/\\\/www.supeinnihonto.com\\\/de\\\/?s={search_term_string}\"},\"query-input\":{\"@type\":\"PropertyValueSpecification\",\"valueRequired\":true,\"valueName\":\"search_term_string\"}}],\"inLanguage\":\"de\"},{\"@type\":\"Organization\",\"@id\":\"https:\\\/\\\/www.supeinnihonto.com\\\/de\\\/#organization\",\"name\":\"SupeinNihonto\",\"url\":\"https:\\\/\\\/www.supeinnihonto.com\\\/de\\\/\",\"logo\":{\"@type\":\"ImageObject\",\"inLanguage\":\"de\",\"@id\":\"https:\\\/\\\/www.supeinnihonto.com\\\/de\\\/#\\\/schema\\\/logo\\\/image\\\/\",\"url\":\"https:\\\/\\\/www.supeinnihonto.com\\\/wp-content\\\/uploads\\\/2021\\\/11\\\/animation_Default_3szk0jcenoloop.gif\",\"contentUrl\":\"https:\\\/\\\/www.supeinnihonto.com\\\/wp-content\\\/uploads\\\/2021\\\/11\\\/animation_Default_3szk0jcenoloop.gif\",\"width\":750,\"height\":641,\"caption\":\"SupeinNihonto\"},\"image\":{\"@id\":\"https:\\\/\\\/www.supeinnihonto.com\\\/de\\\/#\\\/schema\\\/logo\\\/image\\\/\"}}]}<\/script>\n<!-- \/ Yoast SEO plugin. -->","yoast_head_json":{"title":"Netsuke Shishi III aus Holz - Supein Nihonto","description":"Wundersch\u00f6nes Shishi-Netsuke aus fein geschnitztem Holz. Dieses Netsuke ist recht selten, da es nicht den klassischen Shishi darstellt\u2026","robots":{"index":"index","follow":"follow","max-snippet":"max-snippet:-1","max-image-preview":"max-image-preview:large","max-video-preview":"max-video-preview:-1"},"canonical":"https:\/\/www.supeinnihonto.com\/de\/produkt\/netsuke-shishi-iii-aus-holz\/","og_locale":"de_DE","og_type":"article","og_title":"Netsuke Shishi III aus Holz - Supein Nihonto","og_description":"Wundersch\u00f6nes Shishi-Netsuke aus fein geschnitztem Holz. Dieses Netsuke ist recht selten, da es nicht den klassischen Shishi darstellt\u2026","og_url":"https:\/\/www.supeinnihonto.com\/de\/produkt\/netsuke-shishi-iii-aus-holz\/","og_site_name":"Supein Nihonto","article_modified_time":"2025-12-26T18:20:14+00:00","og_image":[{"width":2560,"height":1707,"url":"https:\/\/www.supeinnihonto.com\/wp-content\/uploads\/2024\/05\/DSC_3956-scaled.jpg","type":"image\/jpeg"}],"twitter_card":"summary_large_image","twitter_misc":{"Gesch\u00e4tzte Lesezeit":"1\u00a0Minute"},"schema":{"@context":"https:\/\/schema.org","@graph":[{"@type":"WebPage","@id":"https:\/\/www.supeinnihonto.com\/de\/produkt\/netsuke-shishi-iii-aus-holz\/","url":"https:\/\/www.supeinnihonto.com\/de\/produkt\/netsuke-shishi-iii-aus-holz\/","name":"Netsuke Shishi III aus Holz - Supein Nihonto","isPartOf":{"@id":"https:\/\/www.supeinnihonto.com\/de\/#website"},"primaryImageOfPage":{"@id":"https:\/\/www.supeinnihonto.com\/de\/produkt\/netsuke-shishi-iii-aus-holz\/#primaryimage"},"image":{"@id":"https:\/\/www.supeinnihonto.com\/de\/produkt\/netsuke-shishi-iii-aus-holz\/#primaryimage"},"thumbnailUrl":"https:\/\/i0.wp.com\/www.supeinnihonto.com\/wp-content\/uploads\/2024\/05\/DSC_3956-scaled.jpg?fit=2560%2C1707&ssl=1","datePublished":"2024-05-27T11:16:15+00:00","dateModified":"2025-12-26T18:20:14+00:00","description":"Wundersch\u00f6nes Shishi-Netsuke aus fein geschnitztem Holz. Dieses Netsuke ist recht selten, da es nicht den klassischen Shishi darstellt\u2026","breadcrumb":{"@id":"https:\/\/www.supeinnihonto.com\/de\/produkt\/netsuke-shishi-iii-aus-holz\/#breadcrumb"},"inLanguage":"de","potentialAction":[{"@type":"ReadAction","target":["https:\/\/www.supeinnihonto.com\/de\/produkt\/netsuke-shishi-iii-aus-holz\/"]}]},{"@type":"ImageObject","inLanguage":"de","@id":"https:\/\/www.supeinnihonto.com\/de\/produkt\/netsuke-shishi-iii-aus-holz\/#primaryimage","url":"https:\/\/i0.wp.com\/www.supeinnihonto.com\/wp-content\/uploads\/2024\/05\/DSC_3956-scaled.jpg?fit=2560%2C1707&ssl=1","contentUrl":"https:\/\/i0.wp.com\/www.supeinnihonto.com\/wp-content\/uploads\/2024\/05\/DSC_3956-scaled.jpg?fit=2560%2C1707&ssl=1","width":2560,"height":1707,"caption":"Netsuke Shishi III wood"},{"@type":"BreadcrumbList","@id":"https:\/\/www.supeinnihonto.com\/de\/produkt\/netsuke-shishi-iii-aus-holz\/#breadcrumb","itemListElement":[{"@type":"ListItem","position":1,"name":"Portada","item":"https:\/\/www.supeinnihonto.com\/de\/"},{"@type":"ListItem","position":2,"name":"Shop","item":"https:\/\/www.supeinnihonto.com\/de\/shop\/"},{"@type":"ListItem","position":3,"name":"Netsuke Shishi III aus Holz"}]},{"@type":"WebSite","@id":"https:\/\/www.supeinnihonto.com\/de\/#website","url":"https:\/\/www.supeinnihonto.com\/de\/","name":"Supein Nihonto","description":"Authentic japanese Nihonto katana ","publisher":{"@id":"https:\/\/www.supeinnihonto.com\/de\/#organization"},"potentialAction":[{"@type":"SearchAction","target":{"@type":"EntryPoint","urlTemplate":"https:\/\/www.supeinnihonto.com\/de\/?s={search_term_string}"},"query-input":{"@type":"PropertyValueSpecification","valueRequired":true,"valueName":"search_term_string"}}],"inLanguage":"de"},{"@type":"Organization","@id":"https:\/\/www.supeinnihonto.com\/de\/#organization","name":"SupeinNihonto","url":"https:\/\/www.supeinnihonto.com\/de\/","logo":{"@type":"ImageObject","inLanguage":"de","@id":"https:\/\/www.supeinnihonto.com\/de\/#\/schema\/logo\/image\/","url":"https:\/\/www.supeinnihonto.com\/wp-content\/uploads\/2021\/11\/animation_Default_3szk0jcenoloop.gif","contentUrl":"https:\/\/www.supeinnihonto.com\/wp-content\/uploads\/2021\/11\/animation_Default_3szk0jcenoloop.gif","width":750,"height":641,"caption":"SupeinNihonto"},"image":{"@id":"https:\/\/www.supeinnihonto.com\/de\/#\/schema\/logo\/image\/"}}]}},"jetpack-related-posts":[{"id":12660,"url":"https:\/\/www.supeinnihonto.com\/de\/produkt\/netsuke-shishi-aus-holz-2\/","url_meta":{"origin":14217,"position":0},"title":"Netsuke Shishi aus Holz","author":"Eric Majo","date":"5 de November de 2024","format":false,"excerpt":"Kostenloser Versand. Schnitzarbeit eines Shishi mit einer Holzkugel im Maul als Spielzeug. Edo-Zeit. Feines Holz und hervorragendes Himotoshi. Das St\u00fcck weist aufgrund jahrhundertelangen Gebrauchs eine sehr sch\u00f6ne Patina auf, die ihm gro\u00dfe Tiefe und ein edles Finish verleiht. 4,5 x 4 x 2,3 cm","rel":"","context":"\u00c4hnlicher Beitrag","block_context":{"text":"\u00c4hnlicher Beitrag","link":""},"img":{"alt_text":"Netsuke Shishi wood","src":"https:\/\/i0.wp.com\/www.supeinnihonto.com\/wp-content\/uploads\/2024\/11\/Netsuke-Shishi-wood.webp?fit=1200%2C800&ssl=1&resize=350%2C200","width":350,"height":200,"srcset":"https:\/\/i0.wp.com\/www.supeinnihonto.com\/wp-content\/uploads\/2024\/11\/Netsuke-Shishi-wood.webp?fit=1200%2C800&ssl=1&resize=350%2C200 1x, https:\/\/i0.wp.com\/www.supeinnihonto.com\/wp-content\/uploads\/2024\/11\/Netsuke-Shishi-wood.webp?fit=1200%2C800&ssl=1&resize=525%2C300 1.5x, https:\/\/i0.wp.com\/www.supeinnihonto.com\/wp-content\/uploads\/2024\/11\/Netsuke-Shishi-wood.webp?fit=1200%2C800&ssl=1&resize=700%2C400 2x, https:\/\/i0.wp.com\/www.supeinnihonto.com\/wp-content\/uploads\/2024\/11\/Netsuke-Shishi-wood.webp?fit=1200%2C800&ssl=1&resize=1050%2C600 3x"},"classes":[]},{"id":14261,"url":"https:\/\/www.supeinnihonto.com\/de\/produkt\/netsuke-shishi-ii-aus-holz\/","url_meta":{"origin":14217,"position":1},"title":"Netsuke Shishi II aus Holz","author":"Supein Nihonto","date":"27 de Mai de 2024","format":false,"excerpt":"Kostenloser Versand. Netsuke Shishi II aus Holz. Sch\u00f6ner Shishi-Hund aus Holz aus der Edo-Zeit. Der Shishi ist ein mythologisches Tier, das einer Mischung aus Hund und L\u00f6we \u00e4hnelt und ein Symbol des Schutzes ist; er wird h\u00e4ufig an den Eing\u00e4ngen von Tempeln dargestellt. Sch\u00f6ne Patina und Himotoshi. Signiert. 5,2 x\u2026","rel":"","context":"\u00c4hnlicher Beitrag","block_context":{"text":"\u00c4hnlicher Beitrag","link":""},"img":{"alt_text":"Netsuke Shishi wood II","src":"https:\/\/i0.wp.com\/www.supeinnihonto.com\/wp-content\/uploads\/2024\/05\/DSC_3925-scaled.jpg?fit=1200%2C800&ssl=1&resize=350%2C200","width":350,"height":200,"srcset":"https:\/\/i0.wp.com\/www.supeinnihonto.com\/wp-content\/uploads\/2024\/05\/DSC_3925-scaled.jpg?fit=1200%2C800&ssl=1&resize=350%2C200 1x, https:\/\/i0.wp.com\/www.supeinnihonto.com\/wp-content\/uploads\/2024\/05\/DSC_3925-scaled.jpg?fit=1200%2C800&ssl=1&resize=525%2C300 1.5x, https:\/\/i0.wp.com\/www.supeinnihonto.com\/wp-content\/uploads\/2024\/05\/DSC_3925-scaled.jpg?fit=1200%2C800&ssl=1&resize=700%2C400 2x, https:\/\/i0.wp.com\/www.supeinnihonto.com\/wp-content\/uploads\/2024\/05\/DSC_3925-scaled.jpg?fit=1200%2C800&ssl=1&resize=1050%2C600 3x"},"classes":[]},{"id":14421,"url":"https:\/\/www.supeinnihonto.com\/de\/produkt\/netsuke-shishi-hund-aus-holz\/","url_meta":{"origin":14217,"position":2},"title":"Netsuke Shishi-Hund aus Holz","author":"Supein Nihonto","date":"27 de Mai de 2024","format":false,"excerpt":"Sch\u00f6ner Shishi aus Holz aus der Edo-Zeit. Der Shishi ist ein mythologisches Tier, das einer Mischung aus Hund und L\u00f6we \u00e4hnelt und als Schutzsymbol gilt; er wird \u00fcblicherweise an den Eing\u00e4ngen von Tempeln dargestellt. Sch\u00f6ne Patina und Himotoshi. Signiert. Bewegliche Kugel im Maul als Darstellung der Zunge. 4 x 3,5\u2026","rel":"","context":"\u00c4hnlicher Beitrag","block_context":{"text":"\u00c4hnlicher Beitrag","link":""},"img":{"alt_text":"Netsuke Shishi dog wood","src":"https:\/\/i0.wp.com\/www.supeinnihonto.com\/wp-content\/uploads\/2024\/05\/DSC_3910-scaled.jpg?fit=1200%2C800&ssl=1&resize=350%2C200","width":350,"height":200,"srcset":"https:\/\/i0.wp.com\/www.supeinnihonto.com\/wp-content\/uploads\/2024\/05\/DSC_3910-scaled.jpg?fit=1200%2C800&ssl=1&resize=350%2C200 1x, https:\/\/i0.wp.com\/www.supeinnihonto.com\/wp-content\/uploads\/2024\/05\/DSC_3910-scaled.jpg?fit=1200%2C800&ssl=1&resize=525%2C300 1.5x, https:\/\/i0.wp.com\/www.supeinnihonto.com\/wp-content\/uploads\/2024\/05\/DSC_3910-scaled.jpg?fit=1200%2C800&ssl=1&resize=700%2C400 2x, https:\/\/i0.wp.com\/www.supeinnihonto.com\/wp-content\/uploads\/2024\/05\/DSC_3910-scaled.jpg?fit=1200%2C800&ssl=1&resize=1050%2C600 3x"},"classes":[]},{"id":12726,"url":"https:\/\/www.supeinnihonto.com\/de\/produkt\/netsuke-shishi-aus-holz\/","url_meta":{"origin":14217,"position":3},"title":"Netsuke Shishi aus Holz","author":"Eric Majo","date":"5 de November de 2024","format":false,"excerpt":"Kostenloser Versand. H\u00f6lzernes Netsuke eines Shishi auf einer Kugel, mit sch\u00f6ner Patina und in gutem Zustand. Edo-Zeit. 3,5 x 3 x 2,5 cm","rel":"","context":"\u00c4hnlicher Beitrag","block_context":{"text":"\u00c4hnlicher Beitrag","link":""},"img":{"alt_text":"netsuke shishi","src":"https:\/\/i0.wp.com\/www.supeinnihonto.com\/wp-content\/uploads\/2024\/11\/DSC1475-scaled.jpg?fit=1200%2C800&ssl=1&resize=350%2C200","width":350,"height":200,"srcset":"https:\/\/i0.wp.com\/www.supeinnihonto.com\/wp-content\/uploads\/2024\/11\/DSC1475-scaled.jpg?fit=1200%2C800&ssl=1&resize=350%2C200 1x, https:\/\/i0.wp.com\/www.supeinnihonto.com\/wp-content\/uploads\/2024\/11\/DSC1475-scaled.jpg?fit=1200%2C800&ssl=1&resize=525%2C300 1.5x, https:\/\/i0.wp.com\/www.supeinnihonto.com\/wp-content\/uploads\/2024\/11\/DSC1475-scaled.jpg?fit=1200%2C800&ssl=1&resize=700%2C400 2x, https:\/\/i0.wp.com\/www.supeinnihonto.com\/wp-content\/uploads\/2024\/11\/DSC1475-scaled.jpg?fit=1200%2C800&ssl=1&resize=1050%2C600 3x"},"classes":[]},{"id":12436,"url":"https:\/\/www.supeinnihonto.com\/de\/produkt\/netsuke-shishi-wood-iii\/","url_meta":{"origin":14217,"position":4},"title":"Shishi-Netsuke aus Holz III","author":"Eric Majo","date":"7 de November de 2024","format":false,"excerpt":"Kostenloser Versand. H\u00f6lzerner Netsuke mit der Darstellung eines Shishi auf einer Kugel, mit sch\u00f6ner Patina und in gutem Zustand. Mit einer Holzkugel als Zunge im Maul. Edo-Zeit. 3,8 \u00d7 3,5 \u00d7 2,8 cm","rel":"","context":"\u00c4hnlicher Beitrag","block_context":{"text":"\u00c4hnlicher Beitrag","link":""},"img":{"alt_text":"Netsuke shishi wood III","src":"https:\/\/i0.wp.com\/www.supeinnihonto.com\/wp-content\/uploads\/2024\/11\/DSC2127-scaled.jpg?fit=1200%2C800&ssl=1&resize=350%2C200","width":350,"height":200,"srcset":"https:\/\/i0.wp.com\/www.supeinnihonto.com\/wp-content\/uploads\/2024\/11\/DSC2127-scaled.jpg?fit=1200%2C800&ssl=1&resize=350%2C200 1x, https:\/\/i0.wp.com\/www.supeinnihonto.com\/wp-content\/uploads\/2024\/11\/DSC2127-scaled.jpg?fit=1200%2C800&ssl=1&resize=525%2C300 1.5x, https:\/\/i0.wp.com\/www.supeinnihonto.com\/wp-content\/uploads\/2024\/11\/DSC2127-scaled.jpg?fit=1200%2C800&ssl=1&resize=700%2C400 2x, https:\/\/i0.wp.com\/www.supeinnihonto.com\/wp-content\/uploads\/2024\/11\/DSC2127-scaled.jpg?fit=1200%2C800&ssl=1&resize=1050%2C600 3x"},"classes":[]},{"id":14128,"url":"https:\/\/www.supeinnihonto.com\/de\/produkt\/netsuke-shishi-aus-elfenbein\/","url_meta":{"origin":14217,"position":5},"title":"Netsuke Shishi aus Elfenbein","author":"Supein Nihonto","date":"28 de Mai de 2024","format":false,"excerpt":"Kostenloser Versand. Wundersch\u00f6nes Netsuke mit der Darstellung eines Shishi auf einem Felsen in einer herausfordernden und zugleich verspielten Haltung. Gro\u00dfartiges St\u00fcck mit hervorragender Schnitzqualit\u00e4t. Besonders hervorzuheben sind die Haare sowie die Locken an Schwanz und M\u00e4hne. Mit einer Holzkugel zur Darstellung der Zunge. Am Sockel signiert. Meiji-Zeit, sp\u00e4tes 19. Jahrhundert.\u2026","rel":"","context":"\u00c4hnlicher Beitrag","block_context":{"text":"\u00c4hnlicher Beitrag","link":""},"img":{"alt_text":"Netsuke Shishi ivory","src":"https:\/\/i0.wp.com\/www.supeinnihonto.com\/wp-content\/uploads\/2024\/05\/DSC_4014-scaled.jpg?fit=1200%2C800&ssl=1&resize=350%2C200","width":350,"height":200,"srcset":"https:\/\/i0.wp.com\/www.supeinnihonto.com\/wp-content\/uploads\/2024\/05\/DSC_4014-scaled.jpg?fit=1200%2C800&ssl=1&resize=350%2C200 1x, https:\/\/i0.wp.com\/www.supeinnihonto.com\/wp-content\/uploads\/2024\/05\/DSC_4014-scaled.jpg?fit=1200%2C800&ssl=1&resize=525%2C300 1.5x, https:\/\/i0.wp.com\/www.supeinnihonto.com\/wp-content\/uploads\/2024\/05\/DSC_4014-scaled.jpg?fit=1200%2C800&ssl=1&resize=700%2C400 2x, https:\/\/i0.wp.com\/www.supeinnihonto.com\/wp-content\/uploads\/2024\/05\/DSC_4014-scaled.jpg?fit=1200%2C800&ssl=1&resize=1050%2C600 3x"},"classes":[]}],"jetpack_sharing_enabled":true,"_links":{"self":[{"href":"https:\/\/www.supeinnihonto.com\/de\/wp-json\/wp\/v2\/product\/14217","targetHints":{"allow":["GET"]}}],"collection":[{"href":"https:\/\/www.supeinnihonto.com\/de\/wp-json\/wp\/v2\/product"}],"about":[{"href":"https:\/\/www.supeinnihonto.com\/de\/wp-json\/wp\/v2\/types\/product"}],"wp:featuredmedia":[{"embeddable":true,"href":"https:\/\/www.supeinnihonto.com\/de\/wp-json\/wp\/v2\/media\/14218"}],"wp:attachment":[{"href":"https:\/\/www.supeinnihonto.com\/de\/wp-json\/wp\/v2\/media?parent=14217"}],"wp:term":[{"taxonomy":"product_brand","embeddable":true,"href":"https:\/\/www.supeinnihonto.com\/de\/wp-json\/wp\/v2\/product_brand?post=14217"},{"taxonomy":"product_cat","embeddable":true,"href":"https:\/\/www.supeinnihonto.com\/de\/wp-json\/wp\/v2\/product_cat?post=14217"},{"taxonomy":"product_tag","embeddable":true,"href":"https:\/\/www.supeinnihonto.com\/de\/wp-json\/wp\/v2\/product_tag?post=14217"}],"curies":[{"name":"wp","href":"https:\/\/api.w.org\/{rel}","templated":true}]}}