{"id":14193,"date":"2024-05-27T11:49:25","date_gmt":"2024-05-27T11:49:25","guid":{"rendered":"https:\/\/www.supeinnihonto.com\/product\/netsuke-sennin-toad-wood\/"},"modified":"2025-12-26T17:52:39","modified_gmt":"2025-12-26T17:52:39","slug":"netsuke-sennin-mit-kroete-aus-holz","status":"publish","type":"product","link":"https:\/\/www.supeinnihonto.com\/de\/produkt\/netsuke-sennin-mit-kroete-aus-holz\/","title":{"rendered":"Netsuke Sennin mit Kr\u00f6te aus Holz"},"content":{"rendered":"<p data-start=\"583\" data-end=\"603\">Kostenloser Versand.<\/p>\n<p data-start=\"605\" data-end=\"784\">Geschnitztes Holz-Netsuke mit Darstellung des stehenden Gama Sennin, der eine Kr\u00f6te auf seiner rechten Schulter tr\u00e4gt und sich mit der linken Hand auf einen Stab st\u00fctzt. Edo-Zeit.<\/p>\n<p data-start=\"786\" data-end=\"804\">7,7 x 2,6 x 2,4 cm<\/p>\n","protected":false},"excerpt":{"rendered":"<p>Kostenloser Versand. Geschnitztes Holz-Netsuke mit Darstellung des stehenden Gama Sennin, der eine Kr\u00f6te auf seiner rechten Schulter tr\u00e4gt und sich mit der linken Hand auf einen Stab st\u00fctzt. Edo-Zeit. 7,7 x 2,6 x 2,4 cm<\/p>\n","protected":false},"featured_media":14194,"template":"","meta":{"jetpack_post_was_ever_published":false},"product_brand":[],"product_cat":[572],"product_tag":[684,654,656],"class_list":{"0":"post-14193","1":"product","2":"type-product","3":"status-publish","4":"has-post-thumbnail","6":"product_cat-netsuke","7":"product_tag-holz","8":"product_tag-netsuke","9":"product_tag-okimono","10":"product_shipping_class-light","12":"first","13":"instock","14":"featured","15":"sold-individually","16":"shipping-taxable","17":"purchasable","18":"product-type-simple"},"yoast_head":"<!-- This site is optimized with the Yoast SEO plugin v27.5 - https:\/\/yoast.com\/product\/yoast-seo-wordpress\/ -->\n<title>Netsuke Sennin mit Kr\u00f6te aus Holz - Supein Nihonto<\/title>\n<meta name=\"description\" content=\"Geschnitztes Holz-Netsuke mit Darstellung des stehenden Gama Sennin, der eine Kr\u00f6te auf seiner rechten Schulter tr\u00e4gt und sich mit der linken Hand auf einen Stab st\u00fctzt.\" \/>\n<meta name=\"robots\" content=\"index, follow, max-snippet:-1, max-image-preview:large, max-video-preview:-1\" \/>\n<link rel=\"canonical\" href=\"https:\/\/www.supeinnihonto.com\/de\/produkt\/netsuke-sennin-mit-kroete-aus-holz\/\" \/>\n<meta property=\"og:locale\" content=\"de_DE\" \/>\n<meta property=\"og:type\" content=\"article\" \/>\n<meta property=\"og:title\" content=\"Netsuke Sennin mit Kr\u00f6te aus Holz - Supein Nihonto\" \/>\n<meta property=\"og:description\" content=\"Geschnitztes Holz-Netsuke mit Darstellung des stehenden Gama Sennin, der eine Kr\u00f6te auf seiner rechten Schulter tr\u00e4gt und sich mit der linken Hand auf einen Stab st\u00fctzt.\" \/>\n<meta property=\"og:url\" content=\"https:\/\/www.supeinnihonto.com\/de\/produkt\/netsuke-sennin-mit-kroete-aus-holz\/\" \/>\n<meta property=\"og:site_name\" content=\"Supein Nihonto\" \/>\n<meta property=\"article:modified_time\" content=\"2025-12-26T17:52:39+00:00\" \/>\n<meta property=\"og:image\" content=\"https:\/\/www.supeinnihonto.com\/wp-content\/uploads\/2024\/05\/DSC_3971-scaled.jpg\" \/>\n\t<meta property=\"og:image:width\" content=\"2560\" \/>\n\t<meta property=\"og:image:height\" content=\"1707\" \/>\n\t<meta property=\"og:image:type\" content=\"image\/jpeg\" \/>\n<meta name=\"twitter:card\" content=\"summary_large_image\" \/>\n<meta name=\"twitter:label1\" content=\"Gesch\u00e4tzte Lesezeit\" \/>\n\t<meta name=\"twitter:data1\" content=\"1\u00a0Minute\" \/>\n<script type=\"application\/ld+json\" class=\"yoast-schema-graph\">{\"@context\":\"https:\\\/\\\/schema.org\",\"@graph\":[{\"@type\":\"WebPage\",\"@id\":\"https:\\\/\\\/www.supeinnihonto.com\\\/de\\\/produkt\\\/netsuke-sennin-mit-kroete-aus-holz\\\/\",\"url\":\"https:\\\/\\\/www.supeinnihonto.com\\\/de\\\/produkt\\\/netsuke-sennin-mit-kroete-aus-holz\\\/\",\"name\":\"Netsuke Sennin mit Kr\u00f6te aus Holz - Supein Nihonto\",\"isPartOf\":{\"@id\":\"https:\\\/\\\/www.supeinnihonto.com\\\/de\\\/#website\"},\"primaryImageOfPage\":{\"@id\":\"https:\\\/\\\/www.supeinnihonto.com\\\/de\\\/produkt\\\/netsuke-sennin-mit-kroete-aus-holz\\\/#primaryimage\"},\"image\":{\"@id\":\"https:\\\/\\\/www.supeinnihonto.com\\\/de\\\/produkt\\\/netsuke-sennin-mit-kroete-aus-holz\\\/#primaryimage\"},\"thumbnailUrl\":\"https:\\\/\\\/i0.wp.com\\\/www.supeinnihonto.com\\\/wp-content\\\/uploads\\\/2024\\\/05\\\/DSC_3971-scaled.jpg?fit=2560%2C1707&ssl=1\",\"datePublished\":\"2024-05-27T11:49:25+00:00\",\"dateModified\":\"2025-12-26T17:52:39+00:00\",\"description\":\"Geschnitztes Holz-Netsuke mit Darstellung des stehenden Gama Sennin, der eine Kr\u00f6te auf seiner rechten Schulter tr\u00e4gt und sich mit der linken Hand auf einen Stab st\u00fctzt.\",\"breadcrumb\":{\"@id\":\"https:\\\/\\\/www.supeinnihonto.com\\\/de\\\/produkt\\\/netsuke-sennin-mit-kroete-aus-holz\\\/#breadcrumb\"},\"inLanguage\":\"de\",\"potentialAction\":[{\"@type\":\"ReadAction\",\"target\":[\"https:\\\/\\\/www.supeinnihonto.com\\\/de\\\/produkt\\\/netsuke-sennin-mit-kroete-aus-holz\\\/\"]}]},{\"@type\":\"ImageObject\",\"inLanguage\":\"de\",\"@id\":\"https:\\\/\\\/www.supeinnihonto.com\\\/de\\\/produkt\\\/netsuke-sennin-mit-kroete-aus-holz\\\/#primaryimage\",\"url\":\"https:\\\/\\\/i0.wp.com\\\/www.supeinnihonto.com\\\/wp-content\\\/uploads\\\/2024\\\/05\\\/DSC_3971-scaled.jpg?fit=2560%2C1707&ssl=1\",\"contentUrl\":\"https:\\\/\\\/i0.wp.com\\\/www.supeinnihonto.com\\\/wp-content\\\/uploads\\\/2024\\\/05\\\/DSC_3971-scaled.jpg?fit=2560%2C1707&ssl=1\",\"width\":2560,\"height\":1707,\"caption\":\"Netsuke sennin toad wood\"},{\"@type\":\"BreadcrumbList\",\"@id\":\"https:\\\/\\\/www.supeinnihonto.com\\\/de\\\/produkt\\\/netsuke-sennin-mit-kroete-aus-holz\\\/#breadcrumb\",\"itemListElement\":[{\"@type\":\"ListItem\",\"position\":1,\"name\":\"Portada\",\"item\":\"https:\\\/\\\/www.supeinnihonto.com\\\/de\\\/\"},{\"@type\":\"ListItem\",\"position\":2,\"name\":\"Shop\",\"item\":\"https:\\\/\\\/www.supeinnihonto.com\\\/de\\\/shop\\\/\"},{\"@type\":\"ListItem\",\"position\":3,\"name\":\"Netsuke Sennin mit Kr\u00f6te aus Holz\"}]},{\"@type\":\"WebSite\",\"@id\":\"https:\\\/\\\/www.supeinnihonto.com\\\/de\\\/#website\",\"url\":\"https:\\\/\\\/www.supeinnihonto.com\\\/de\\\/\",\"name\":\"Supein Nihonto\",\"description\":\"Authentic japanese Nihonto katana \",\"publisher\":{\"@id\":\"https:\\\/\\\/www.supeinnihonto.com\\\/de\\\/#organization\"},\"potentialAction\":[{\"@type\":\"SearchAction\",\"target\":{\"@type\":\"EntryPoint\",\"urlTemplate\":\"https:\\\/\\\/www.supeinnihonto.com\\\/de\\\/?s={search_term_string}\"},\"query-input\":{\"@type\":\"PropertyValueSpecification\",\"valueRequired\":true,\"valueName\":\"search_term_string\"}}],\"inLanguage\":\"de\"},{\"@type\":\"Organization\",\"@id\":\"https:\\\/\\\/www.supeinnihonto.com\\\/de\\\/#organization\",\"name\":\"SupeinNihonto\",\"url\":\"https:\\\/\\\/www.supeinnihonto.com\\\/de\\\/\",\"logo\":{\"@type\":\"ImageObject\",\"inLanguage\":\"de\",\"@id\":\"https:\\\/\\\/www.supeinnihonto.com\\\/de\\\/#\\\/schema\\\/logo\\\/image\\\/\",\"url\":\"https:\\\/\\\/www.supeinnihonto.com\\\/wp-content\\\/uploads\\\/2021\\\/11\\\/animation_Default_3szk0jcenoloop.gif\",\"contentUrl\":\"https:\\\/\\\/www.supeinnihonto.com\\\/wp-content\\\/uploads\\\/2021\\\/11\\\/animation_Default_3szk0jcenoloop.gif\",\"width\":750,\"height\":641,\"caption\":\"SupeinNihonto\"},\"image\":{\"@id\":\"https:\\\/\\\/www.supeinnihonto.com\\\/de\\\/#\\\/schema\\\/logo\\\/image\\\/\"}}]}<\/script>\n<!-- \/ Yoast SEO plugin. -->","yoast_head_json":{"title":"Netsuke Sennin mit Kr\u00f6te aus Holz - Supein Nihonto","description":"Geschnitztes Holz-Netsuke mit Darstellung des stehenden Gama Sennin, der eine Kr\u00f6te auf seiner rechten Schulter tr\u00e4gt und sich mit der linken Hand auf einen Stab st\u00fctzt.","robots":{"index":"index","follow":"follow","max-snippet":"max-snippet:-1","max-image-preview":"max-image-preview:large","max-video-preview":"max-video-preview:-1"},"canonical":"https:\/\/www.supeinnihonto.com\/de\/produkt\/netsuke-sennin-mit-kroete-aus-holz\/","og_locale":"de_DE","og_type":"article","og_title":"Netsuke Sennin mit Kr\u00f6te aus Holz - Supein Nihonto","og_description":"Geschnitztes Holz-Netsuke mit Darstellung des stehenden Gama Sennin, der eine Kr\u00f6te auf seiner rechten Schulter tr\u00e4gt und sich mit der linken Hand auf einen Stab st\u00fctzt.","og_url":"https:\/\/www.supeinnihonto.com\/de\/produkt\/netsuke-sennin-mit-kroete-aus-holz\/","og_site_name":"Supein Nihonto","article_modified_time":"2025-12-26T17:52:39+00:00","og_image":[{"width":2560,"height":1707,"url":"https:\/\/www.supeinnihonto.com\/wp-content\/uploads\/2024\/05\/DSC_3971-scaled.jpg","type":"image\/jpeg"}],"twitter_card":"summary_large_image","twitter_misc":{"Gesch\u00e4tzte Lesezeit":"1\u00a0Minute"},"schema":{"@context":"https:\/\/schema.org","@graph":[{"@type":"WebPage","@id":"https:\/\/www.supeinnihonto.com\/de\/produkt\/netsuke-sennin-mit-kroete-aus-holz\/","url":"https:\/\/www.supeinnihonto.com\/de\/produkt\/netsuke-sennin-mit-kroete-aus-holz\/","name":"Netsuke Sennin mit Kr\u00f6te aus Holz - Supein Nihonto","isPartOf":{"@id":"https:\/\/www.supeinnihonto.com\/de\/#website"},"primaryImageOfPage":{"@id":"https:\/\/www.supeinnihonto.com\/de\/produkt\/netsuke-sennin-mit-kroete-aus-holz\/#primaryimage"},"image":{"@id":"https:\/\/www.supeinnihonto.com\/de\/produkt\/netsuke-sennin-mit-kroete-aus-holz\/#primaryimage"},"thumbnailUrl":"https:\/\/i0.wp.com\/www.supeinnihonto.com\/wp-content\/uploads\/2024\/05\/DSC_3971-scaled.jpg?fit=2560%2C1707&ssl=1","datePublished":"2024-05-27T11:49:25+00:00","dateModified":"2025-12-26T17:52:39+00:00","description":"Geschnitztes Holz-Netsuke mit Darstellung des stehenden Gama Sennin, der eine Kr\u00f6te auf seiner rechten Schulter tr\u00e4gt und sich mit der linken Hand auf einen Stab st\u00fctzt.","breadcrumb":{"@id":"https:\/\/www.supeinnihonto.com\/de\/produkt\/netsuke-sennin-mit-kroete-aus-holz\/#breadcrumb"},"inLanguage":"de","potentialAction":[{"@type":"ReadAction","target":["https:\/\/www.supeinnihonto.com\/de\/produkt\/netsuke-sennin-mit-kroete-aus-holz\/"]}]},{"@type":"ImageObject","inLanguage":"de","@id":"https:\/\/www.supeinnihonto.com\/de\/produkt\/netsuke-sennin-mit-kroete-aus-holz\/#primaryimage","url":"https:\/\/i0.wp.com\/www.supeinnihonto.com\/wp-content\/uploads\/2024\/05\/DSC_3971-scaled.jpg?fit=2560%2C1707&ssl=1","contentUrl":"https:\/\/i0.wp.com\/www.supeinnihonto.com\/wp-content\/uploads\/2024\/05\/DSC_3971-scaled.jpg?fit=2560%2C1707&ssl=1","width":2560,"height":1707,"caption":"Netsuke sennin toad wood"},{"@type":"BreadcrumbList","@id":"https:\/\/www.supeinnihonto.com\/de\/produkt\/netsuke-sennin-mit-kroete-aus-holz\/#breadcrumb","itemListElement":[{"@type":"ListItem","position":1,"name":"Portada","item":"https:\/\/www.supeinnihonto.com\/de\/"},{"@type":"ListItem","position":2,"name":"Shop","item":"https:\/\/www.supeinnihonto.com\/de\/shop\/"},{"@type":"ListItem","position":3,"name":"Netsuke Sennin mit Kr\u00f6te aus Holz"}]},{"@type":"WebSite","@id":"https:\/\/www.supeinnihonto.com\/de\/#website","url":"https:\/\/www.supeinnihonto.com\/de\/","name":"Supein Nihonto","description":"Authentic japanese Nihonto katana ","publisher":{"@id":"https:\/\/www.supeinnihonto.com\/de\/#organization"},"potentialAction":[{"@type":"SearchAction","target":{"@type":"EntryPoint","urlTemplate":"https:\/\/www.supeinnihonto.com\/de\/?s={search_term_string}"},"query-input":{"@type":"PropertyValueSpecification","valueRequired":true,"valueName":"search_term_string"}}],"inLanguage":"de"},{"@type":"Organization","@id":"https:\/\/www.supeinnihonto.com\/de\/#organization","name":"SupeinNihonto","url":"https:\/\/www.supeinnihonto.com\/de\/","logo":{"@type":"ImageObject","inLanguage":"de","@id":"https:\/\/www.supeinnihonto.com\/de\/#\/schema\/logo\/image\/","url":"https:\/\/www.supeinnihonto.com\/wp-content\/uploads\/2021\/11\/animation_Default_3szk0jcenoloop.gif","contentUrl":"https:\/\/www.supeinnihonto.com\/wp-content\/uploads\/2021\/11\/animation_Default_3szk0jcenoloop.gif","width":750,"height":641,"caption":"SupeinNihonto"},"image":{"@id":"https:\/\/www.supeinnihonto.com\/de\/#\/schema\/logo\/image\/"}}]}},"jetpack-related-posts":[{"id":12650,"url":"https:\/\/www.supeinnihonto.com\/de\/produkt\/netsuke-kroete-aus-holz\/","url_meta":{"origin":14193,"position":0},"title":"Netsuke Kr\u00f6te aus Holz","author":"Eric Majo","date":"5 de November de 2024","format":false,"excerpt":"Kostenloser Versand. Schnitzarbeit einer Kr\u00f6te mit eingelegten Silberaugen. Edo-Zeit. Sch\u00f6ne Patina und hervorragendes Himotoshi. Das St\u00fcck weist aufgrund jahrhundertelangen Gebrauchs eine sehr sch\u00f6ne Patina auf, die ihm gro\u00dfe Tiefe und ein edles Finish verleiht. 5,5 x 4 x 3 cm","rel":"","context":"\u00c4hnlicher Beitrag","block_context":{"text":"\u00c4hnlicher Beitrag","link":""},"img":{"alt_text":"toad netsuke wood","src":"https:\/\/i0.wp.com\/www.supeinnihonto.com\/wp-content\/uploads\/2024\/11\/DSC1406-scaled.jpg?fit=1200%2C800&ssl=1&resize=350%2C200","width":350,"height":200,"srcset":"https:\/\/i0.wp.com\/www.supeinnihonto.com\/wp-content\/uploads\/2024\/11\/DSC1406-scaled.jpg?fit=1200%2C800&ssl=1&resize=350%2C200 1x, https:\/\/i0.wp.com\/www.supeinnihonto.com\/wp-content\/uploads\/2024\/11\/DSC1406-scaled.jpg?fit=1200%2C800&ssl=1&resize=525%2C300 1.5x, https:\/\/i0.wp.com\/www.supeinnihonto.com\/wp-content\/uploads\/2024\/11\/DSC1406-scaled.jpg?fit=1200%2C800&ssl=1&resize=700%2C400 2x, https:\/\/i0.wp.com\/www.supeinnihonto.com\/wp-content\/uploads\/2024\/11\/DSC1406-scaled.jpg?fit=1200%2C800&ssl=1&resize=1050%2C600 3x"},"classes":[]},{"id":14413,"url":"https:\/\/www.supeinnihonto.com\/de\/produkt\/netsuke-sennin-aus-holz\/","url_meta":{"origin":14193,"position":1},"title":"Netsuke Sennin aus Holz","author":"Supein Nihonto","date":"27 de Mai de 2024","format":false,"excerpt":"Netsuke mit Darstellung eines Sennin in heiterer Haltung, der sich am Kopf kratzt, als h\u00e4tte er etwas vergessen. Edo-Zeit. Der Begriff Sennin stammt aus der japanischen Folklore und Literatur und bezeichnet einen Unsterblichen oder einen au\u00dfergew\u00f6hnlich weisen Einsiedler oder Weisen mit \u00fcbernat\u00fcrlichen F\u00e4higkeiten und tiefem Wissen \u00fcber mystische K\u00fcnste. Sie\u2026","rel":"","context":"\u00c4hnlicher Beitrag","block_context":{"text":"\u00c4hnlicher Beitrag","link":""},"img":{"alt_text":"Netsuke sennin wood","src":"https:\/\/i0.wp.com\/www.supeinnihonto.com\/wp-content\/uploads\/2024\/05\/DSC_3915-scaled.jpg?fit=1200%2C800&ssl=1&resize=350%2C200","width":350,"height":200,"srcset":"https:\/\/i0.wp.com\/www.supeinnihonto.com\/wp-content\/uploads\/2024\/05\/DSC_3915-scaled.jpg?fit=1200%2C800&ssl=1&resize=350%2C200 1x, https:\/\/i0.wp.com\/www.supeinnihonto.com\/wp-content\/uploads\/2024\/05\/DSC_3915-scaled.jpg?fit=1200%2C800&ssl=1&resize=525%2C300 1.5x, https:\/\/i0.wp.com\/www.supeinnihonto.com\/wp-content\/uploads\/2024\/05\/DSC_3915-scaled.jpg?fit=1200%2C800&ssl=1&resize=700%2C400 2x, https:\/\/i0.wp.com\/www.supeinnihonto.com\/wp-content\/uploads\/2024\/05\/DSC_3915-scaled.jpg?fit=1200%2C800&ssl=1&resize=1050%2C600 3x"},"classes":[]},{"id":12472,"url":"https:\/\/www.supeinnihonto.com\/de\/produkt\/kroeten-netsuke-aus-holz-shigetada\/","url_meta":{"origin":14193,"position":2},"title":"Kr\u00f6ten-Netsuke aus Holz, Shigetada","author":"Eric Majo","date":"7 de November de 2024","format":false,"excerpt":"Kostenloser Versand. Wundersch\u00f6ner und ausdrucksstarker Netsuke aus Holz, signiert von Shigetada, Provinz Iwashiro, 19. Jahrhundert. Die Kr\u00f6te ist aufmerksam stehend dargestellt, ihr knorriger K\u00f6rper sehr charakteristisch geschnitzt, mit doppelt eingelegten Augen; auf der Unterseite mit Shigetada signiert. Ein fantastisches St\u00fcck. Ein vergleichbares Exemplar wurde 2023 beim Auktionshaus Bonhams f\u00fcr 5.300\u2026","rel":"","context":"\u00c4hnlicher Beitrag","block_context":{"text":"\u00c4hnlicher Beitrag","link":""},"img":{"alt_text":"toad Shigetada wood","src":"https:\/\/i0.wp.com\/www.supeinnihonto.com\/wp-content\/uploads\/2024\/11\/DSC2069-scaled.jpg?fit=1200%2C800&ssl=1&resize=350%2C200","width":350,"height":200,"srcset":"https:\/\/i0.wp.com\/www.supeinnihonto.com\/wp-content\/uploads\/2024\/11\/DSC2069-scaled.jpg?fit=1200%2C800&ssl=1&resize=350%2C200 1x, https:\/\/i0.wp.com\/www.supeinnihonto.com\/wp-content\/uploads\/2024\/11\/DSC2069-scaled.jpg?fit=1200%2C800&ssl=1&resize=525%2C300 1.5x, https:\/\/i0.wp.com\/www.supeinnihonto.com\/wp-content\/uploads\/2024\/11\/DSC2069-scaled.jpg?fit=1200%2C800&ssl=1&resize=700%2C400 2x, https:\/\/i0.wp.com\/www.supeinnihonto.com\/wp-content\/uploads\/2024\/11\/DSC2069-scaled.jpg?fit=1200%2C800&ssl=1&resize=1050%2C600 3x"},"classes":[]},{"id":12444,"url":"https:\/\/www.supeinnihonto.com\/de\/produkt\/kroeten-netsuke-aus-holz-shigetada-ii\/","url_meta":{"origin":14193,"position":3},"title":"Kr\u00f6ten-Netsuke aus Holz, Shigetada II","author":"Eric Majo","date":"7 de November de 2024","format":false,"excerpt":"Kostenloser Versand. Wundersch\u00f6ner und ausdrucksstarker Netsuke aus Holz, signiert von Shigetada, Provinz Iwashiro, 19. Jahrhundert. Die Kr\u00f6te ist aufmerksam stehend dargestellt, ihr knorriger K\u00f6rper auf sehr charakteristische Weise geschnitzt; auf der Unterseite mit der Signatur Shigetada versehen. Ein fantastisches St\u00fcck. Ein vergleichbares Exemplar wurde 2023 beim Auktionshaus Bonhams f\u00fcr 5.300\u2026","rel":"","context":"\u00c4hnlicher Beitrag","block_context":{"text":"\u00c4hnlicher Beitrag","link":""},"img":{"alt_text":"toad Shigetada wood II","src":"https:\/\/i0.wp.com\/www.supeinnihonto.com\/wp-content\/uploads\/2024\/11\/DSC2116-scaled.jpg?fit=1200%2C800&ssl=1&resize=350%2C200","width":350,"height":200,"srcset":"https:\/\/i0.wp.com\/www.supeinnihonto.com\/wp-content\/uploads\/2024\/11\/DSC2116-scaled.jpg?fit=1200%2C800&ssl=1&resize=350%2C200 1x, https:\/\/i0.wp.com\/www.supeinnihonto.com\/wp-content\/uploads\/2024\/11\/DSC2116-scaled.jpg?fit=1200%2C800&ssl=1&resize=525%2C300 1.5x, https:\/\/i0.wp.com\/www.supeinnihonto.com\/wp-content\/uploads\/2024\/11\/DSC2116-scaled.jpg?fit=1200%2C800&ssl=1&resize=700%2C400 2x, https:\/\/i0.wp.com\/www.supeinnihonto.com\/wp-content\/uploads\/2024\/11\/DSC2116-scaled.jpg?fit=1200%2C800&ssl=1&resize=1050%2C600 3x"},"classes":[]},{"id":12716,"url":"https:\/\/www.supeinnihonto.com\/de\/produkt\/netsuke-kroete-aus-holz-ii\/","url_meta":{"origin":14193,"position":4},"title":"Netsuke Kr\u00f6te aus Holz II","author":"Eric Majo","date":"5 de November de 2024","format":false,"excerpt":"Kostenloser Versand. Charmantes Netsuke aus Holz, das eine Kr\u00f6te darstellt. Fantastische Patina und Abnutzung, die ihm eine starke Pers\u00f6nlichkeit verleihen. Gro\u00dfartiges Himotoshi mit Gebrauchsspuren. Edo-Zeit, 18. Jahrhundert. 5,7 x 4,3 x 3 cm","rel":"","context":"\u00c4hnlicher Beitrag","block_context":{"text":"\u00c4hnlicher Beitrag","link":""},"img":{"alt_text":"netsuke toad II","src":"https:\/\/i0.wp.com\/www.supeinnihonto.com\/wp-content\/uploads\/2024\/11\/DSC1512-scaled.jpg?fit=1200%2C811&ssl=1&resize=350%2C200","width":350,"height":200,"srcset":"https:\/\/i0.wp.com\/www.supeinnihonto.com\/wp-content\/uploads\/2024\/11\/DSC1512-scaled.jpg?fit=1200%2C811&ssl=1&resize=350%2C200 1x, https:\/\/i0.wp.com\/www.supeinnihonto.com\/wp-content\/uploads\/2024\/11\/DSC1512-scaled.jpg?fit=1200%2C811&ssl=1&resize=525%2C300 1.5x, https:\/\/i0.wp.com\/www.supeinnihonto.com\/wp-content\/uploads\/2024\/11\/DSC1512-scaled.jpg?fit=1200%2C811&ssl=1&resize=700%2C400 2x, https:\/\/i0.wp.com\/www.supeinnihonto.com\/wp-content\/uploads\/2024\/11\/DSC1512-scaled.jpg?fit=1200%2C811&ssl=1&resize=1050%2C600 3x"},"classes":[]},{"id":13307,"url":"https:\/\/www.supeinnihonto.com\/de\/produkt\/netsuke-sennin-mit-kuerbis-aus-elfenbein\/","url_meta":{"origin":14193,"position":5},"title":"Netsuke Sennin mit K\u00fcrbis aus Elfenbein","author":"Supein Nihonto","date":"28 de Mai de 2024","format":false,"excerpt":"Kostenloser Versand. Antikes Hashi-Netsuke mit Darstellung eines Sennin, der einen K\u00fcrbis auf der Schulter tr\u00e4gt, aus Elfenbein geschnitzt. Ein gro\u00dfartiges Netsuke, museumsw\u00fcrdig aufgrund seines Alters und seiner Qualit\u00e4t. Edo-Zeit, sp\u00e4tes 18. oder fr\u00fches 19. Jahrhundert. Wird mit Gutachten und CITES-Dokument geliefert. 7,3 x 2,5 x 2,3 cm","rel":"","context":"\u00c4hnlicher Beitrag","block_context":{"text":"\u00c4hnlicher Beitrag","link":""},"img":{"alt_text":"Netsuke seinnen pumpkin ivory","src":"https:\/\/i0.wp.com\/www.supeinnihonto.com\/wp-content\/uploads\/2024\/05\/DSC_4049-scaled.jpg?fit=1200%2C800&ssl=1&resize=350%2C200","width":350,"height":200,"srcset":"https:\/\/i0.wp.com\/www.supeinnihonto.com\/wp-content\/uploads\/2024\/05\/DSC_4049-scaled.jpg?fit=1200%2C800&ssl=1&resize=350%2C200 1x, https:\/\/i0.wp.com\/www.supeinnihonto.com\/wp-content\/uploads\/2024\/05\/DSC_4049-scaled.jpg?fit=1200%2C800&ssl=1&resize=525%2C300 1.5x, https:\/\/i0.wp.com\/www.supeinnihonto.com\/wp-content\/uploads\/2024\/05\/DSC_4049-scaled.jpg?fit=1200%2C800&ssl=1&resize=700%2C400 2x, https:\/\/i0.wp.com\/www.supeinnihonto.com\/wp-content\/uploads\/2024\/05\/DSC_4049-scaled.jpg?fit=1200%2C800&ssl=1&resize=1050%2C600 3x"},"classes":[]}],"jetpack_sharing_enabled":true,"_links":{"self":[{"href":"https:\/\/www.supeinnihonto.com\/de\/wp-json\/wp\/v2\/product\/14193","targetHints":{"allow":["GET"]}}],"collection":[{"href":"https:\/\/www.supeinnihonto.com\/de\/wp-json\/wp\/v2\/product"}],"about":[{"href":"https:\/\/www.supeinnihonto.com\/de\/wp-json\/wp\/v2\/types\/product"}],"wp:featuredmedia":[{"embeddable":true,"href":"https:\/\/www.supeinnihonto.com\/de\/wp-json\/wp\/v2\/media\/14194"}],"wp:attachment":[{"href":"https:\/\/www.supeinnihonto.com\/de\/wp-json\/wp\/v2\/media?parent=14193"}],"wp:term":[{"taxonomy":"product_brand","embeddable":true,"href":"https:\/\/www.supeinnihonto.com\/de\/wp-json\/wp\/v2\/product_brand?post=14193"},{"taxonomy":"product_cat","embeddable":true,"href":"https:\/\/www.supeinnihonto.com\/de\/wp-json\/wp\/v2\/product_cat?post=14193"},{"taxonomy":"product_tag","embeddable":true,"href":"https:\/\/www.supeinnihonto.com\/de\/wp-json\/wp\/v2\/product_tag?post=14193"}],"curies":[{"name":"wp","href":"https:\/\/api.w.org\/{rel}","templated":true}]}}