{"id":14128,"date":"2024-05-28T10:03:32","date_gmt":"2024-05-28T10:03:32","guid":{"rendered":"https:\/\/www.supeinnihonto.com\/product\/netsuke-shishi-ivory\/"},"modified":"2025-12-26T17:06:41","modified_gmt":"2025-12-26T17:06:41","slug":"netsuke-shishi-aus-elfenbein","status":"publish","type":"product","link":"https:\/\/www.supeinnihonto.com\/de\/produkt\/netsuke-shishi-aus-elfenbein\/","title":{"rendered":"Netsuke Shishi aus Elfenbein"},"content":{"rendered":"<p data-start=\"860\" data-end=\"880\">Kostenloser Versand.<\/p>\n<p data-start=\"882\" data-end=\"1297\">Wundersch\u00f6nes Netsuke mit der Darstellung eines Shishi auf einem Felsen in einer herausfordernden und zugleich verspielten Haltung. Gro\u00dfartiges St\u00fcck mit hervorragender Schnitzqualit\u00e4t. Besonders hervorzuheben sind die Haare sowie die Locken an Schwanz und M\u00e4hne. Mit einer Holzkugel zur Darstellung der Zunge. Am Sockel signiert. Meiji-Zeit, sp\u00e4tes 19. Jahrhundert. Wird mit Gutachten und CITES-Dokument geliefert.<\/p>\n<p data-start=\"1299\" data-end=\"1317\">6,5 x 2,5 x 2,2 cm<\/p>\n","protected":false},"excerpt":{"rendered":"<p>Kostenloser Versand. Wundersch\u00f6nes Netsuke mit der Darstellung eines Shishi auf einem Felsen in einer herausfordernden und zugleich verspielten Haltung. Gro\u00dfartiges St\u00fcck mit hervorragender Schnitzqualit\u00e4t. Besonders hervorzuheben sind die Haare sowie die Locken an Schwanz und M\u00e4hne. Mit einer Holzkugel zur Darstellung der Zunge. Am Sockel signiert. Meiji-Zeit, sp\u00e4tes 19. Jahrhundert. [&hellip;]<\/p>\n","protected":false},"featured_media":14129,"template":"","meta":{"jetpack_post_was_ever_published":false},"product_brand":[],"product_cat":[572],"product_tag":[638,654,656],"class_list":{"0":"post-14128","1":"product","2":"type-product","3":"status-publish","4":"has-post-thumbnail","6":"product_cat-netsuke","7":"product_tag-ivory","8":"product_tag-netsuke","9":"product_tag-okimono","10":"product_shipping_class-light","12":"first","13":"instock","14":"featured","15":"sold-individually","16":"shipping-taxable","17":"purchasable","18":"product-type-simple"},"yoast_head":"<!-- This site is optimized with the Yoast SEO plugin v27.4 - https:\/\/yoast.com\/product\/yoast-seo-wordpress\/ -->\n<title>Netsuke Shishi aus Elfenbein - Supein Nihonto<\/title>\n<meta name=\"description\" content=\"Wundersch\u00f6nes Netsuke mit der Darstellung eines Shishi auf einem Felsen in einer herausfordernden und zugleich verspielten Haltung. Gro\u00dfartiges St\u00fcck mit hervorragender Schnitzqualit\u00e4t. Besonders hervorzuheben sind die Haare und Locken.\" \/>\n<meta name=\"robots\" content=\"index, follow, max-snippet:-1, max-image-preview:large, max-video-preview:-1\" \/>\n<link rel=\"canonical\" href=\"https:\/\/www.supeinnihonto.com\/de\/produkt\/netsuke-shishi-aus-elfenbein\/\" \/>\n<meta property=\"og:locale\" content=\"de_DE\" \/>\n<meta property=\"og:type\" content=\"article\" \/>\n<meta property=\"og:title\" content=\"Netsuke Shishi aus Elfenbein - Supein Nihonto\" \/>\n<meta property=\"og:description\" content=\"Wundersch\u00f6nes Netsuke mit der Darstellung eines Shishi auf einem Felsen in einer herausfordernden und zugleich verspielten Haltung. Gro\u00dfartiges St\u00fcck mit hervorragender Schnitzqualit\u00e4t. Besonders hervorzuheben sind die Haare und Locken.\" \/>\n<meta property=\"og:url\" content=\"https:\/\/www.supeinnihonto.com\/de\/produkt\/netsuke-shishi-aus-elfenbein\/\" \/>\n<meta property=\"og:site_name\" content=\"Supein Nihonto\" \/>\n<meta property=\"article:modified_time\" content=\"2025-12-26T17:06:41+00:00\" \/>\n<meta property=\"og:image\" content=\"https:\/\/www.supeinnihonto.com\/wp-content\/uploads\/2024\/05\/DSC_4014-scaled.jpg\" \/>\n\t<meta property=\"og:image:width\" content=\"2560\" \/>\n\t<meta property=\"og:image:height\" content=\"1707\" \/>\n\t<meta property=\"og:image:type\" content=\"image\/jpeg\" \/>\n<meta name=\"twitter:card\" content=\"summary_large_image\" \/>\n<meta name=\"twitter:label1\" content=\"Gesch\u00e4tzte Lesezeit\" \/>\n\t<meta name=\"twitter:data1\" content=\"1\u00a0Minute\" \/>\n<script type=\"application\/ld+json\" class=\"yoast-schema-graph\">{\"@context\":\"https:\\\/\\\/schema.org\",\"@graph\":[{\"@type\":\"WebPage\",\"@id\":\"https:\\\/\\\/www.supeinnihonto.com\\\/de\\\/produkt\\\/netsuke-shishi-aus-elfenbein\\\/\",\"url\":\"https:\\\/\\\/www.supeinnihonto.com\\\/de\\\/produkt\\\/netsuke-shishi-aus-elfenbein\\\/\",\"name\":\"Netsuke Shishi aus Elfenbein - Supein Nihonto\",\"isPartOf\":{\"@id\":\"https:\\\/\\\/www.supeinnihonto.com\\\/de\\\/#website\"},\"primaryImageOfPage\":{\"@id\":\"https:\\\/\\\/www.supeinnihonto.com\\\/de\\\/produkt\\\/netsuke-shishi-aus-elfenbein\\\/#primaryimage\"},\"image\":{\"@id\":\"https:\\\/\\\/www.supeinnihonto.com\\\/de\\\/produkt\\\/netsuke-shishi-aus-elfenbein\\\/#primaryimage\"},\"thumbnailUrl\":\"https:\\\/\\\/i0.wp.com\\\/www.supeinnihonto.com\\\/wp-content\\\/uploads\\\/2024\\\/05\\\/DSC_4014-scaled.jpg?fit=2560%2C1707&ssl=1\",\"datePublished\":\"2024-05-28T10:03:32+00:00\",\"dateModified\":\"2025-12-26T17:06:41+00:00\",\"description\":\"Wundersch\u00f6nes Netsuke mit der Darstellung eines Shishi auf einem Felsen in einer herausfordernden und zugleich verspielten Haltung. Gro\u00dfartiges St\u00fcck mit hervorragender Schnitzqualit\u00e4t. Besonders hervorzuheben sind die Haare und Locken.\",\"breadcrumb\":{\"@id\":\"https:\\\/\\\/www.supeinnihonto.com\\\/de\\\/produkt\\\/netsuke-shishi-aus-elfenbein\\\/#breadcrumb\"},\"inLanguage\":\"de\",\"potentialAction\":[{\"@type\":\"ReadAction\",\"target\":[\"https:\\\/\\\/www.supeinnihonto.com\\\/de\\\/produkt\\\/netsuke-shishi-aus-elfenbein\\\/\"]}]},{\"@type\":\"ImageObject\",\"inLanguage\":\"de\",\"@id\":\"https:\\\/\\\/www.supeinnihonto.com\\\/de\\\/produkt\\\/netsuke-shishi-aus-elfenbein\\\/#primaryimage\",\"url\":\"https:\\\/\\\/i0.wp.com\\\/www.supeinnihonto.com\\\/wp-content\\\/uploads\\\/2024\\\/05\\\/DSC_4014-scaled.jpg?fit=2560%2C1707&ssl=1\",\"contentUrl\":\"https:\\\/\\\/i0.wp.com\\\/www.supeinnihonto.com\\\/wp-content\\\/uploads\\\/2024\\\/05\\\/DSC_4014-scaled.jpg?fit=2560%2C1707&ssl=1\",\"width\":2560,\"height\":1707,\"caption\":\"Netsuke Shishi ivory\"},{\"@type\":\"BreadcrumbList\",\"@id\":\"https:\\\/\\\/www.supeinnihonto.com\\\/de\\\/produkt\\\/netsuke-shishi-aus-elfenbein\\\/#breadcrumb\",\"itemListElement\":[{\"@type\":\"ListItem\",\"position\":1,\"name\":\"Portada\",\"item\":\"https:\\\/\\\/www.supeinnihonto.com\\\/de\\\/\"},{\"@type\":\"ListItem\",\"position\":2,\"name\":\"Shop\",\"item\":\"https:\\\/\\\/www.supeinnihonto.com\\\/de\\\/shop\\\/\"},{\"@type\":\"ListItem\",\"position\":3,\"name\":\"Netsuke Shishi aus Elfenbein\"}]},{\"@type\":\"WebSite\",\"@id\":\"https:\\\/\\\/www.supeinnihonto.com\\\/de\\\/#website\",\"url\":\"https:\\\/\\\/www.supeinnihonto.com\\\/de\\\/\",\"name\":\"Supein Nihonto\",\"description\":\"Authentic japanese Nihonto katana \",\"publisher\":{\"@id\":\"https:\\\/\\\/www.supeinnihonto.com\\\/de\\\/#organization\"},\"potentialAction\":[{\"@type\":\"SearchAction\",\"target\":{\"@type\":\"EntryPoint\",\"urlTemplate\":\"https:\\\/\\\/www.supeinnihonto.com\\\/de\\\/?s={search_term_string}\"},\"query-input\":{\"@type\":\"PropertyValueSpecification\",\"valueRequired\":true,\"valueName\":\"search_term_string\"}}],\"inLanguage\":\"de\"},{\"@type\":\"Organization\",\"@id\":\"https:\\\/\\\/www.supeinnihonto.com\\\/de\\\/#organization\",\"name\":\"SupeinNihonto\",\"url\":\"https:\\\/\\\/www.supeinnihonto.com\\\/de\\\/\",\"logo\":{\"@type\":\"ImageObject\",\"inLanguage\":\"de\",\"@id\":\"https:\\\/\\\/www.supeinnihonto.com\\\/de\\\/#\\\/schema\\\/logo\\\/image\\\/\",\"url\":\"https:\\\/\\\/www.supeinnihonto.com\\\/wp-content\\\/uploads\\\/2021\\\/11\\\/animation_Default_3szk0jcenoloop.gif\",\"contentUrl\":\"https:\\\/\\\/www.supeinnihonto.com\\\/wp-content\\\/uploads\\\/2021\\\/11\\\/animation_Default_3szk0jcenoloop.gif\",\"width\":750,\"height\":641,\"caption\":\"SupeinNihonto\"},\"image\":{\"@id\":\"https:\\\/\\\/www.supeinnihonto.com\\\/de\\\/#\\\/schema\\\/logo\\\/image\\\/\"}}]}<\/script>\n<!-- \/ Yoast SEO plugin. -->","yoast_head_json":{"title":"Netsuke Shishi aus Elfenbein - Supein Nihonto","description":"Wundersch\u00f6nes Netsuke mit der Darstellung eines Shishi auf einem Felsen in einer herausfordernden und zugleich verspielten Haltung. Gro\u00dfartiges St\u00fcck mit hervorragender Schnitzqualit\u00e4t. Besonders hervorzuheben sind die Haare und Locken.","robots":{"index":"index","follow":"follow","max-snippet":"max-snippet:-1","max-image-preview":"max-image-preview:large","max-video-preview":"max-video-preview:-1"},"canonical":"https:\/\/www.supeinnihonto.com\/de\/produkt\/netsuke-shishi-aus-elfenbein\/","og_locale":"de_DE","og_type":"article","og_title":"Netsuke Shishi aus Elfenbein - Supein Nihonto","og_description":"Wundersch\u00f6nes Netsuke mit der Darstellung eines Shishi auf einem Felsen in einer herausfordernden und zugleich verspielten Haltung. Gro\u00dfartiges St\u00fcck mit hervorragender Schnitzqualit\u00e4t. Besonders hervorzuheben sind die Haare und Locken.","og_url":"https:\/\/www.supeinnihonto.com\/de\/produkt\/netsuke-shishi-aus-elfenbein\/","og_site_name":"Supein Nihonto","article_modified_time":"2025-12-26T17:06:41+00:00","og_image":[{"width":2560,"height":1707,"url":"https:\/\/www.supeinnihonto.com\/wp-content\/uploads\/2024\/05\/DSC_4014-scaled.jpg","type":"image\/jpeg"}],"twitter_card":"summary_large_image","twitter_misc":{"Gesch\u00e4tzte Lesezeit":"1\u00a0Minute"},"schema":{"@context":"https:\/\/schema.org","@graph":[{"@type":"WebPage","@id":"https:\/\/www.supeinnihonto.com\/de\/produkt\/netsuke-shishi-aus-elfenbein\/","url":"https:\/\/www.supeinnihonto.com\/de\/produkt\/netsuke-shishi-aus-elfenbein\/","name":"Netsuke Shishi aus Elfenbein - Supein Nihonto","isPartOf":{"@id":"https:\/\/www.supeinnihonto.com\/de\/#website"},"primaryImageOfPage":{"@id":"https:\/\/www.supeinnihonto.com\/de\/produkt\/netsuke-shishi-aus-elfenbein\/#primaryimage"},"image":{"@id":"https:\/\/www.supeinnihonto.com\/de\/produkt\/netsuke-shishi-aus-elfenbein\/#primaryimage"},"thumbnailUrl":"https:\/\/i0.wp.com\/www.supeinnihonto.com\/wp-content\/uploads\/2024\/05\/DSC_4014-scaled.jpg?fit=2560%2C1707&ssl=1","datePublished":"2024-05-28T10:03:32+00:00","dateModified":"2025-12-26T17:06:41+00:00","description":"Wundersch\u00f6nes Netsuke mit der Darstellung eines Shishi auf einem Felsen in einer herausfordernden und zugleich verspielten Haltung. Gro\u00dfartiges St\u00fcck mit hervorragender Schnitzqualit\u00e4t. Besonders hervorzuheben sind die Haare und Locken.","breadcrumb":{"@id":"https:\/\/www.supeinnihonto.com\/de\/produkt\/netsuke-shishi-aus-elfenbein\/#breadcrumb"},"inLanguage":"de","potentialAction":[{"@type":"ReadAction","target":["https:\/\/www.supeinnihonto.com\/de\/produkt\/netsuke-shishi-aus-elfenbein\/"]}]},{"@type":"ImageObject","inLanguage":"de","@id":"https:\/\/www.supeinnihonto.com\/de\/produkt\/netsuke-shishi-aus-elfenbein\/#primaryimage","url":"https:\/\/i0.wp.com\/www.supeinnihonto.com\/wp-content\/uploads\/2024\/05\/DSC_4014-scaled.jpg?fit=2560%2C1707&ssl=1","contentUrl":"https:\/\/i0.wp.com\/www.supeinnihonto.com\/wp-content\/uploads\/2024\/05\/DSC_4014-scaled.jpg?fit=2560%2C1707&ssl=1","width":2560,"height":1707,"caption":"Netsuke Shishi ivory"},{"@type":"BreadcrumbList","@id":"https:\/\/www.supeinnihonto.com\/de\/produkt\/netsuke-shishi-aus-elfenbein\/#breadcrumb","itemListElement":[{"@type":"ListItem","position":1,"name":"Portada","item":"https:\/\/www.supeinnihonto.com\/de\/"},{"@type":"ListItem","position":2,"name":"Shop","item":"https:\/\/www.supeinnihonto.com\/de\/shop\/"},{"@type":"ListItem","position":3,"name":"Netsuke Shishi aus Elfenbein"}]},{"@type":"WebSite","@id":"https:\/\/www.supeinnihonto.com\/de\/#website","url":"https:\/\/www.supeinnihonto.com\/de\/","name":"Supein Nihonto","description":"Authentic japanese Nihonto katana ","publisher":{"@id":"https:\/\/www.supeinnihonto.com\/de\/#organization"},"potentialAction":[{"@type":"SearchAction","target":{"@type":"EntryPoint","urlTemplate":"https:\/\/www.supeinnihonto.com\/de\/?s={search_term_string}"},"query-input":{"@type":"PropertyValueSpecification","valueRequired":true,"valueName":"search_term_string"}}],"inLanguage":"de"},{"@type":"Organization","@id":"https:\/\/www.supeinnihonto.com\/de\/#organization","name":"SupeinNihonto","url":"https:\/\/www.supeinnihonto.com\/de\/","logo":{"@type":"ImageObject","inLanguage":"de","@id":"https:\/\/www.supeinnihonto.com\/de\/#\/schema\/logo\/image\/","url":"https:\/\/www.supeinnihonto.com\/wp-content\/uploads\/2021\/11\/animation_Default_3szk0jcenoloop.gif","contentUrl":"https:\/\/www.supeinnihonto.com\/wp-content\/uploads\/2021\/11\/animation_Default_3szk0jcenoloop.gif","width":750,"height":641,"caption":"SupeinNihonto"},"image":{"@id":"https:\/\/www.supeinnihonto.com\/de\/#\/schema\/logo\/image\/"}}]}},"jetpack-related-posts":[{"id":12436,"url":"https:\/\/www.supeinnihonto.com\/de\/produkt\/netsuke-shishi-wood-iii\/","url_meta":{"origin":14128,"position":0},"title":"Shishi-Netsuke aus Holz III","author":"Eric Majo","date":"7 de November de 2024","format":false,"excerpt":"Kostenloser Versand. H\u00f6lzerner Netsuke mit der Darstellung eines Shishi auf einer Kugel, mit sch\u00f6ner Patina und in gutem Zustand. Mit einer Holzkugel als Zunge im Maul. Edo-Zeit. 3,8 \u00d7 3,5 \u00d7 2,8 cm","rel":"","context":"\u00c4hnlicher Beitrag","block_context":{"text":"\u00c4hnlicher Beitrag","link":""},"img":{"alt_text":"Netsuke shishi wood III","src":"https:\/\/i0.wp.com\/www.supeinnihonto.com\/wp-content\/uploads\/2024\/11\/DSC2127-scaled.jpg?fit=1200%2C800&ssl=1&resize=350%2C200","width":350,"height":200,"srcset":"https:\/\/i0.wp.com\/www.supeinnihonto.com\/wp-content\/uploads\/2024\/11\/DSC2127-scaled.jpg?fit=1200%2C800&ssl=1&resize=350%2C200 1x, https:\/\/i0.wp.com\/www.supeinnihonto.com\/wp-content\/uploads\/2024\/11\/DSC2127-scaled.jpg?fit=1200%2C800&ssl=1&resize=525%2C300 1.5x, https:\/\/i0.wp.com\/www.supeinnihonto.com\/wp-content\/uploads\/2024\/11\/DSC2127-scaled.jpg?fit=1200%2C800&ssl=1&resize=700%2C400 2x, https:\/\/i0.wp.com\/www.supeinnihonto.com\/wp-content\/uploads\/2024\/11\/DSC2127-scaled.jpg?fit=1200%2C800&ssl=1&resize=1050%2C600 3x"},"classes":[]},{"id":14421,"url":"https:\/\/www.supeinnihonto.com\/de\/produkt\/netsuke-shishi-hund-aus-holz\/","url_meta":{"origin":14128,"position":1},"title":"Netsuke Shishi-Hund aus Holz","author":"Supein Nihonto","date":"27 de Mai de 2024","format":false,"excerpt":"Sch\u00f6ner Shishi aus Holz aus der Edo-Zeit. Der Shishi ist ein mythologisches Tier, das einer Mischung aus Hund und L\u00f6we \u00e4hnelt und als Schutzsymbol gilt; er wird \u00fcblicherweise an den Eing\u00e4ngen von Tempeln dargestellt. Sch\u00f6ne Patina und Himotoshi. Signiert. Bewegliche Kugel im Maul als Darstellung der Zunge. 4 x 3,5\u2026","rel":"","context":"\u00c4hnlicher Beitrag","block_context":{"text":"\u00c4hnlicher Beitrag","link":""},"img":{"alt_text":"Netsuke Shishi dog wood","src":"https:\/\/i0.wp.com\/www.supeinnihonto.com\/wp-content\/uploads\/2024\/05\/DSC_3910-scaled.jpg?fit=1200%2C800&ssl=1&resize=350%2C200","width":350,"height":200,"srcset":"https:\/\/i0.wp.com\/www.supeinnihonto.com\/wp-content\/uploads\/2024\/05\/DSC_3910-scaled.jpg?fit=1200%2C800&ssl=1&resize=350%2C200 1x, https:\/\/i0.wp.com\/www.supeinnihonto.com\/wp-content\/uploads\/2024\/05\/DSC_3910-scaled.jpg?fit=1200%2C800&ssl=1&resize=525%2C300 1.5x, https:\/\/i0.wp.com\/www.supeinnihonto.com\/wp-content\/uploads\/2024\/05\/DSC_3910-scaled.jpg?fit=1200%2C800&ssl=1&resize=700%2C400 2x, https:\/\/i0.wp.com\/www.supeinnihonto.com\/wp-content\/uploads\/2024\/05\/DSC_3910-scaled.jpg?fit=1200%2C800&ssl=1&resize=1050%2C600 3x"},"classes":[]},{"id":14253,"url":"https:\/\/www.supeinnihonto.com\/de\/produkt\/netsuke-fukurukuju-aus-holz\/","url_meta":{"origin":14128,"position":2},"title":"Netsuke Fukurukuju aus Holz","author":"Supein Nihonto","date":"27 de Mai de 2024","format":false,"excerpt":"Kostenloser Versand. Netsuke Fukurukuju aus Holz. Spektakul\u00e4res und sehr altes Netsuke mit Darstellung von Fukurukuju, einem der sieben Gl\u00fccksg\u00f6tter. Hochwertige Darstellungen der Shichifukujin sind bei Sammlern aufgrund ihrer Symbolik und Seltenheit \u00e4u\u00dferst begehrt, und es existieren gro\u00dfe, exklusive Sammlungen dieser Werke.In der japanischen Mythologie gelten die Sieben Gl\u00fccksg\u00f6tter oder Sieben\u2026","rel":"","context":"\u00c4hnlicher Beitrag","block_context":{"text":"\u00c4hnlicher Beitrag","link":""},"img":{"alt_text":"Netsuke Fukurukuju wood","src":"https:\/\/i0.wp.com\/www.supeinnihonto.com\/wp-content\/uploads\/2024\/05\/DSC_3930-scaled.jpg?fit=1200%2C800&ssl=1&resize=350%2C200","width":350,"height":200,"srcset":"https:\/\/i0.wp.com\/www.supeinnihonto.com\/wp-content\/uploads\/2024\/05\/DSC_3930-scaled.jpg?fit=1200%2C800&ssl=1&resize=350%2C200 1x, https:\/\/i0.wp.com\/www.supeinnihonto.com\/wp-content\/uploads\/2024\/05\/DSC_3930-scaled.jpg?fit=1200%2C800&ssl=1&resize=525%2C300 1.5x, https:\/\/i0.wp.com\/www.supeinnihonto.com\/wp-content\/uploads\/2024\/05\/DSC_3930-scaled.jpg?fit=1200%2C800&ssl=1&resize=700%2C400 2x, https:\/\/i0.wp.com\/www.supeinnihonto.com\/wp-content\/uploads\/2024\/05\/DSC_3930-scaled.jpg?fit=1200%2C800&ssl=1&resize=1050%2C600 3x"},"classes":[]},{"id":12480,"url":"https:\/\/www.supeinnihonto.com\/de\/produkt\/hoelzerner-netsuke-mit-der-darstellung-eines-mannes-auf-einem-baumstumpf\/","url_meta":{"origin":14128,"position":3},"title":"H\u00f6lzerner Netsuke mit der Darstellung eines Mannes auf einem Baumstumpf","author":"Eric Majo","date":"7 de November de 2024","format":false,"excerpt":"Kostenloser Versand. Wundersch\u00f6ner und \u00e4u\u00dferst detailreicher Netsuke mit der Darstellung eines Mannes auf einem Baumstumpf, signiert. Mit Elfenbeineinlagen. Die Schnitzqualit\u00e4t ist hervorragend und zeigt zahlreiche feine Details, wie die Elfenbeinbl\u00fcten als Symbol f\u00fcr das Austreiben des Baumes sowie die Maserung des Holzes, die kunstvoll zur Darstellung der Jahresringe genutzt wurde.\u2026","rel":"","context":"\u00c4hnlicher Beitrag","block_context":{"text":"\u00c4hnlicher Beitrag","link":""},"img":{"alt_text":"Netsuke man on stump wood","src":"https:\/\/i0.wp.com\/www.supeinnihonto.com\/wp-content\/uploads\/2024\/11\/DSC2052-scaled.jpg?fit=1200%2C800&ssl=1&resize=350%2C200","width":350,"height":200,"srcset":"https:\/\/i0.wp.com\/www.supeinnihonto.com\/wp-content\/uploads\/2024\/11\/DSC2052-scaled.jpg?fit=1200%2C800&ssl=1&resize=350%2C200 1x, https:\/\/i0.wp.com\/www.supeinnihonto.com\/wp-content\/uploads\/2024\/11\/DSC2052-scaled.jpg?fit=1200%2C800&ssl=1&resize=525%2C300 1.5x, https:\/\/i0.wp.com\/www.supeinnihonto.com\/wp-content\/uploads\/2024\/11\/DSC2052-scaled.jpg?fit=1200%2C800&ssl=1&resize=700%2C400 2x, https:\/\/i0.wp.com\/www.supeinnihonto.com\/wp-content\/uploads\/2024\/11\/DSC2052-scaled.jpg?fit=1200%2C800&ssl=1&resize=1050%2C600 3x"},"classes":[]},{"id":14413,"url":"https:\/\/www.supeinnihonto.com\/de\/produkt\/netsuke-sennin-aus-holz\/","url_meta":{"origin":14128,"position":4},"title":"Netsuke Sennin aus Holz","author":"Supein Nihonto","date":"27 de Mai de 2024","format":false,"excerpt":"Netsuke mit Darstellung eines Sennin in heiterer Haltung, der sich am Kopf kratzt, als h\u00e4tte er etwas vergessen. Edo-Zeit. Der Begriff Sennin stammt aus der japanischen Folklore und Literatur und bezeichnet einen Unsterblichen oder einen au\u00dfergew\u00f6hnlich weisen Einsiedler oder Weisen mit \u00fcbernat\u00fcrlichen F\u00e4higkeiten und tiefem Wissen \u00fcber mystische K\u00fcnste. Sie\u2026","rel":"","context":"\u00c4hnlicher Beitrag","block_context":{"text":"\u00c4hnlicher Beitrag","link":""},"img":{"alt_text":"Netsuke sennin wood","src":"https:\/\/i0.wp.com\/www.supeinnihonto.com\/wp-content\/uploads\/2024\/05\/DSC_3915-scaled.jpg?fit=1200%2C800&ssl=1&resize=350%2C200","width":350,"height":200,"srcset":"https:\/\/i0.wp.com\/www.supeinnihonto.com\/wp-content\/uploads\/2024\/05\/DSC_3915-scaled.jpg?fit=1200%2C800&ssl=1&resize=350%2C200 1x, https:\/\/i0.wp.com\/www.supeinnihonto.com\/wp-content\/uploads\/2024\/05\/DSC_3915-scaled.jpg?fit=1200%2C800&ssl=1&resize=525%2C300 1.5x, https:\/\/i0.wp.com\/www.supeinnihonto.com\/wp-content\/uploads\/2024\/05\/DSC_3915-scaled.jpg?fit=1200%2C800&ssl=1&resize=700%2C400 2x, https:\/\/i0.wp.com\/www.supeinnihonto.com\/wp-content\/uploads\/2024\/05\/DSC_3915-scaled.jpg?fit=1200%2C800&ssl=1&resize=1050%2C600 3x"},"classes":[]},{"id":13339,"url":"https:\/\/www.supeinnihonto.com\/de\/produkt\/netsuke-ratte-und-apfel-aus-elfenbein\/","url_meta":{"origin":14128,"position":5},"title":"Netsuke Ratte und Apfel aus Elfenbein","author":"Supein Nihonto","date":"28 de Mai de 2024","format":false,"excerpt":"Kostenloser Versand. Elfenbein-Netsuke mit Darstellung einer Ratte, die auf einem Apfel sitzt, mit roten Glasperlen eingelegt und mit rotem Siegel signiert. Meiji-Zeit. Wird mit Zertifikat und CITES-Dokument geliefert. 4,7 x 3 x 2,5 cm","rel":"","context":"\u00c4hnlicher Beitrag","block_context":{"text":"\u00c4hnlicher Beitrag","link":""},"img":{"alt_text":"Netsuke rat and apple ivory","src":"https:\/\/i0.wp.com\/www.supeinnihonto.com\/wp-content\/uploads\/2024\/05\/DSC_4073-scaled.jpg?fit=1200%2C800&ssl=1&resize=350%2C200","width":350,"height":200,"srcset":"https:\/\/i0.wp.com\/www.supeinnihonto.com\/wp-content\/uploads\/2024\/05\/DSC_4073-scaled.jpg?fit=1200%2C800&ssl=1&resize=350%2C200 1x, https:\/\/i0.wp.com\/www.supeinnihonto.com\/wp-content\/uploads\/2024\/05\/DSC_4073-scaled.jpg?fit=1200%2C800&ssl=1&resize=525%2C300 1.5x, https:\/\/i0.wp.com\/www.supeinnihonto.com\/wp-content\/uploads\/2024\/05\/DSC_4073-scaled.jpg?fit=1200%2C800&ssl=1&resize=700%2C400 2x, https:\/\/i0.wp.com\/www.supeinnihonto.com\/wp-content\/uploads\/2024\/05\/DSC_4073-scaled.jpg?fit=1200%2C800&ssl=1&resize=1050%2C600 3x"},"classes":[]}],"jetpack_sharing_enabled":true,"_links":{"self":[{"href":"https:\/\/www.supeinnihonto.com\/de\/wp-json\/wp\/v2\/product\/14128","targetHints":{"allow":["GET"]}}],"collection":[{"href":"https:\/\/www.supeinnihonto.com\/de\/wp-json\/wp\/v2\/product"}],"about":[{"href":"https:\/\/www.supeinnihonto.com\/de\/wp-json\/wp\/v2\/types\/product"}],"wp:featuredmedia":[{"embeddable":true,"href":"https:\/\/www.supeinnihonto.com\/de\/wp-json\/wp\/v2\/media\/14129"}],"wp:attachment":[{"href":"https:\/\/www.supeinnihonto.com\/de\/wp-json\/wp\/v2\/media?parent=14128"}],"wp:term":[{"taxonomy":"product_brand","embeddable":true,"href":"https:\/\/www.supeinnihonto.com\/de\/wp-json\/wp\/v2\/product_brand?post=14128"},{"taxonomy":"product_cat","embeddable":true,"href":"https:\/\/www.supeinnihonto.com\/de\/wp-json\/wp\/v2\/product_cat?post=14128"},{"taxonomy":"product_tag","embeddable":true,"href":"https:\/\/www.supeinnihonto.com\/de\/wp-json\/wp\/v2\/product_tag?post=14128"}],"curies":[{"name":"wp","href":"https:\/\/api.w.org\/{rel}","templated":true}]}}