{"id":13550,"date":"2024-05-31T10:11:38","date_gmt":"2024-05-31T10:11:38","guid":{"rendered":"https:\/\/www.supeinnihonto.com\/product\/menuki-horses-shakudo\/"},"modified":"2025-12-23T22:45:11","modified_gmt":"2025-12-23T22:45:11","slug":"menuki-pferde-aus-shakudo","status":"publish","type":"product","link":"https:\/\/www.supeinnihonto.com\/de\/produkt\/menuki-pferde-aus-shakudo\/","title":{"rendered":"Menuki Pferde aus Shakud\u014d"},"content":{"rendered":"<div><em><strong>Objekt:<\/strong><\/em><\/div>\n<div><\/div>\n<div>Wundersch\u00f6ne Menuki mit Pferdemotiv aus Shakud\u014d mit Goldeinlagen, von sehr hoher handwerklicher Qualit\u00e4t und feinen Details. In sehr gutem Zustand angesichts ihres Alters. Edo-Zeit.<\/div>\n<div><\/div>\n<div>Menuki: 6 x 2 cm<\/div>\n<div><\/div>\n<div>Geeignet f\u00fcr Katana, Tant\u014d und Wakizashi.<\/div>\n<div><\/div>\n<div class=\"accordion-title active\">\n<div class=\"accordion-title active\"><strong>Was ist ein Menuki?<\/strong> <i class=\"fas fa-caret-up\"><\/i><\/div>\n<div><\/div>\n<div class=\"accordion-content active\" id=\"tab2\">\n<p>Ein Menuki ist ein kleines dekoratives Ornament, das am Griff (Tsuka) eines japanischen Schwertes wie Katana, Wakizashi oder Tant\u014d angebracht ist. Diese Ornamente befinden sich normalerweise unter der Griffwicklung (Tsukamaki) und erf\u00fcllen sowohl funktionale als auch \u00e4sthetische Zwecke. Funktional sorgen Menuki f\u00fcr zus\u00e4tzlichen Halt und Stabilit\u00e4t, indem sie den Raum zwischen dem Griffkern und der Wicklung ausf\u00fcllen und so verhindern, dass sich die Wicklung w\u00e4hrend des Gebrauchs verschiebt. Dies tr\u00e4gt zu mehr Komfort und Kontrolle f\u00fcr den Tr\u00e4ger bei.<\/p>\n<p>\u00c4sthetisch werden Menuki mit aufwendigen Designs und Motiven gefertigt, die h\u00e4ufig Themen aus der Natur, der Mythologie oder der japanischen Kultur widerspiegeln. Sie k\u00f6nnen aus verschiedenen Materialien bestehen, darunter Metalle (wie Kupfer, Messing oder Silber), Elfenbein oder andere Werkstoffe. Menuki gelten als integraler Bestandteil der Schwertverzierung und werden oft mit anderen Beschl\u00e4gen wie Tsuba (Parierstange) und Fuchi-Kashira (Zwinge und Knauf) abgestimmt.<\/p>\n<p>Menuki spielen eine wichtige Rolle f\u00fcr das Gesamtbild japanischer Schwerter und werden f\u00fcr ihre Handwerkskunst, Detailtreue und symbolische Bedeutung gesch\u00e4tzt. Sie sind zudem hilfreich bei der Bestimmung des Stils und der Herkunft eines bestimmten Schwertes oder Schwertschmieds.<\/p>\n<\/div><\/div>\n","protected":false},"excerpt":{"rendered":"<p>Objekt: Wundersch\u00f6ne Menuki mit Pferdemotiv aus Shakud\u014d mit Goldeinlagen, von sehr hoher handwerklicher Qualit\u00e4t und feinen Details. In sehr gutem Zustand angesichts ihres Alters. Edo-Zeit. Menuki: 6 x 2 cm Geeignet f\u00fcr Katana, Tant\u014d und Wakizashi. Was ist ein Menuki? Ein Menuki ist ein kleines dekoratives Ornament, das am Griff [&hellip;]<\/p>\n","protected":false},"featured_media":13552,"template":"","meta":{"jetpack_post_was_ever_published":false},"product_brand":[],"product_cat":[576,574],"product_tag":[616,647,652,435,668],"class_list":{"0":"post-13550","1":"product","2":"type-product","3":"status-publish","4":"has-post-thumbnail","6":"product_cat-fuchi-kashira","7":"product_cat-menuki","8":"product_tag-kupfer-2","9":"product_tag-menuki","10":"product_tag-menukis","11":"product_tag-shakudo","12":"product_tag-tosogu","13":"product_shipping_class-light","15":"first","16":"instock","17":"featured","18":"sold-individually","19":"shipping-taxable","20":"purchasable","21":"product-type-simple"},"yoast_head":"<!-- This site is optimized with the Yoast SEO plugin v27.5 - https:\/\/yoast.com\/product\/yoast-seo-wordpress\/ -->\n<title>Menuki Pferde aus Shakud\u014d - Supein Nihonto<\/title>\n<meta name=\"description\" content=\"Wundersch\u00f6ne Menuki mit Pferdemotiv aus Shakud\u014d und Goldeinlagen, die hervorragende Handwerkskunst und feine Details zeigen. Sehr guter Erhaltungszustand f\u00fcr ihr Alter. Edo-Zeit.\" \/>\n<meta name=\"robots\" content=\"index, follow, max-snippet:-1, max-image-preview:large, max-video-preview:-1\" \/>\n<link rel=\"canonical\" href=\"https:\/\/www.supeinnihonto.com\/de\/produkt\/menuki-pferde-aus-shakudo\/\" \/>\n<meta property=\"og:locale\" content=\"de_DE\" \/>\n<meta property=\"og:type\" content=\"article\" \/>\n<meta property=\"og:title\" content=\"Menuki Pferde aus Shakud\u014d - Supein Nihonto\" \/>\n<meta property=\"og:description\" content=\"Wundersch\u00f6ne Menuki mit Pferdemotiv aus Shakud\u014d und Goldeinlagen, die hervorragende Handwerkskunst und feine Details zeigen. Sehr guter Erhaltungszustand f\u00fcr ihr Alter. Edo-Zeit.\" \/>\n<meta property=\"og:url\" content=\"https:\/\/www.supeinnihonto.com\/de\/produkt\/menuki-pferde-aus-shakudo\/\" \/>\n<meta property=\"og:site_name\" content=\"Supein Nihonto\" \/>\n<meta property=\"article:modified_time\" content=\"2025-12-23T22:45:11+00:00\" \/>\n<meta property=\"og:image\" content=\"https:\/\/www.supeinnihonto.com\/wp-content\/uploads\/2024\/05\/DSC_5403-scaled.jpg\" \/>\n\t<meta property=\"og:image:width\" content=\"2560\" \/>\n\t<meta property=\"og:image:height\" content=\"1707\" \/>\n\t<meta property=\"og:image:type\" content=\"image\/jpeg\" \/>\n<meta name=\"twitter:card\" content=\"summary_large_image\" \/>\n<meta name=\"twitter:label1\" content=\"Gesch\u00e4tzte Lesezeit\" \/>\n\t<meta name=\"twitter:data1\" content=\"2\u00a0Minuten\" \/>\n<script type=\"application\/ld+json\" class=\"yoast-schema-graph\">{\"@context\":\"https:\\\/\\\/schema.org\",\"@graph\":[{\"@type\":\"WebPage\",\"@id\":\"https:\\\/\\\/www.supeinnihonto.com\\\/de\\\/produkt\\\/menuki-pferde-aus-shakudo\\\/\",\"url\":\"https:\\\/\\\/www.supeinnihonto.com\\\/de\\\/produkt\\\/menuki-pferde-aus-shakudo\\\/\",\"name\":\"Menuki Pferde aus Shakud\u014d - Supein Nihonto\",\"isPartOf\":{\"@id\":\"https:\\\/\\\/www.supeinnihonto.com\\\/de\\\/#website\"},\"primaryImageOfPage\":{\"@id\":\"https:\\\/\\\/www.supeinnihonto.com\\\/de\\\/produkt\\\/menuki-pferde-aus-shakudo\\\/#primaryimage\"},\"image\":{\"@id\":\"https:\\\/\\\/www.supeinnihonto.com\\\/de\\\/produkt\\\/menuki-pferde-aus-shakudo\\\/#primaryimage\"},\"thumbnailUrl\":\"https:\\\/\\\/i0.wp.com\\\/www.supeinnihonto.com\\\/wp-content\\\/uploads\\\/2024\\\/05\\\/DSC_5403-scaled.jpg?fit=2560%2C1707&ssl=1\",\"datePublished\":\"2024-05-31T10:11:38+00:00\",\"dateModified\":\"2025-12-23T22:45:11+00:00\",\"description\":\"Wundersch\u00f6ne Menuki mit Pferdemotiv aus Shakud\u014d und Goldeinlagen, die hervorragende Handwerkskunst und feine Details zeigen. Sehr guter Erhaltungszustand f\u00fcr ihr Alter. Edo-Zeit.\",\"breadcrumb\":{\"@id\":\"https:\\\/\\\/www.supeinnihonto.com\\\/de\\\/produkt\\\/menuki-pferde-aus-shakudo\\\/#breadcrumb\"},\"inLanguage\":\"de\",\"potentialAction\":[{\"@type\":\"ReadAction\",\"target\":[\"https:\\\/\\\/www.supeinnihonto.com\\\/de\\\/produkt\\\/menuki-pferde-aus-shakudo\\\/\"]}]},{\"@type\":\"ImageObject\",\"inLanguage\":\"de\",\"@id\":\"https:\\\/\\\/www.supeinnihonto.com\\\/de\\\/produkt\\\/menuki-pferde-aus-shakudo\\\/#primaryimage\",\"url\":\"https:\\\/\\\/i0.wp.com\\\/www.supeinnihonto.com\\\/wp-content\\\/uploads\\\/2024\\\/05\\\/DSC_5403-scaled.jpg?fit=2560%2C1707&ssl=1\",\"contentUrl\":\"https:\\\/\\\/i0.wp.com\\\/www.supeinnihonto.com\\\/wp-content\\\/uploads\\\/2024\\\/05\\\/DSC_5403-scaled.jpg?fit=2560%2C1707&ssl=1\",\"width\":2560,\"height\":1707,\"caption\":\"Menuki horses shakudo\"},{\"@type\":\"BreadcrumbList\",\"@id\":\"https:\\\/\\\/www.supeinnihonto.com\\\/de\\\/produkt\\\/menuki-pferde-aus-shakudo\\\/#breadcrumb\",\"itemListElement\":[{\"@type\":\"ListItem\",\"position\":1,\"name\":\"Portada\",\"item\":\"https:\\\/\\\/www.supeinnihonto.com\\\/de\\\/\"},{\"@type\":\"ListItem\",\"position\":2,\"name\":\"Shop\",\"item\":\"https:\\\/\\\/www.supeinnihonto.com\\\/de\\\/shop\\\/\"},{\"@type\":\"ListItem\",\"position\":3,\"name\":\"Menuki Pferde aus Shakud\u014d\"}]},{\"@type\":\"WebSite\",\"@id\":\"https:\\\/\\\/www.supeinnihonto.com\\\/de\\\/#website\",\"url\":\"https:\\\/\\\/www.supeinnihonto.com\\\/de\\\/\",\"name\":\"Supein Nihonto\",\"description\":\"Authentic japanese Nihonto katana \",\"publisher\":{\"@id\":\"https:\\\/\\\/www.supeinnihonto.com\\\/de\\\/#organization\"},\"potentialAction\":[{\"@type\":\"SearchAction\",\"target\":{\"@type\":\"EntryPoint\",\"urlTemplate\":\"https:\\\/\\\/www.supeinnihonto.com\\\/de\\\/?s={search_term_string}\"},\"query-input\":{\"@type\":\"PropertyValueSpecification\",\"valueRequired\":true,\"valueName\":\"search_term_string\"}}],\"inLanguage\":\"de\"},{\"@type\":\"Organization\",\"@id\":\"https:\\\/\\\/www.supeinnihonto.com\\\/de\\\/#organization\",\"name\":\"SupeinNihonto\",\"url\":\"https:\\\/\\\/www.supeinnihonto.com\\\/de\\\/\",\"logo\":{\"@type\":\"ImageObject\",\"inLanguage\":\"de\",\"@id\":\"https:\\\/\\\/www.supeinnihonto.com\\\/de\\\/#\\\/schema\\\/logo\\\/image\\\/\",\"url\":\"https:\\\/\\\/www.supeinnihonto.com\\\/wp-content\\\/uploads\\\/2021\\\/11\\\/animation_Default_3szk0jcenoloop.gif\",\"contentUrl\":\"https:\\\/\\\/www.supeinnihonto.com\\\/wp-content\\\/uploads\\\/2021\\\/11\\\/animation_Default_3szk0jcenoloop.gif\",\"width\":750,\"height\":641,\"caption\":\"SupeinNihonto\"},\"image\":{\"@id\":\"https:\\\/\\\/www.supeinnihonto.com\\\/de\\\/#\\\/schema\\\/logo\\\/image\\\/\"}}]}<\/script>\n<!-- \/ Yoast SEO plugin. -->","yoast_head_json":{"title":"Menuki Pferde aus Shakud\u014d - Supein Nihonto","description":"Wundersch\u00f6ne Menuki mit Pferdemotiv aus Shakud\u014d und Goldeinlagen, die hervorragende Handwerkskunst und feine Details zeigen. Sehr guter Erhaltungszustand f\u00fcr ihr Alter. Edo-Zeit.","robots":{"index":"index","follow":"follow","max-snippet":"max-snippet:-1","max-image-preview":"max-image-preview:large","max-video-preview":"max-video-preview:-1"},"canonical":"https:\/\/www.supeinnihonto.com\/de\/produkt\/menuki-pferde-aus-shakudo\/","og_locale":"de_DE","og_type":"article","og_title":"Menuki Pferde aus Shakud\u014d - Supein Nihonto","og_description":"Wundersch\u00f6ne Menuki mit Pferdemotiv aus Shakud\u014d und Goldeinlagen, die hervorragende Handwerkskunst und feine Details zeigen. Sehr guter Erhaltungszustand f\u00fcr ihr Alter. Edo-Zeit.","og_url":"https:\/\/www.supeinnihonto.com\/de\/produkt\/menuki-pferde-aus-shakudo\/","og_site_name":"Supein Nihonto","article_modified_time":"2025-12-23T22:45:11+00:00","og_image":[{"width":2560,"height":1707,"url":"https:\/\/www.supeinnihonto.com\/wp-content\/uploads\/2024\/05\/DSC_5403-scaled.jpg","type":"image\/jpeg"}],"twitter_card":"summary_large_image","twitter_misc":{"Gesch\u00e4tzte Lesezeit":"2\u00a0Minuten"},"schema":{"@context":"https:\/\/schema.org","@graph":[{"@type":"WebPage","@id":"https:\/\/www.supeinnihonto.com\/de\/produkt\/menuki-pferde-aus-shakudo\/","url":"https:\/\/www.supeinnihonto.com\/de\/produkt\/menuki-pferde-aus-shakudo\/","name":"Menuki Pferde aus Shakud\u014d - Supein Nihonto","isPartOf":{"@id":"https:\/\/www.supeinnihonto.com\/de\/#website"},"primaryImageOfPage":{"@id":"https:\/\/www.supeinnihonto.com\/de\/produkt\/menuki-pferde-aus-shakudo\/#primaryimage"},"image":{"@id":"https:\/\/www.supeinnihonto.com\/de\/produkt\/menuki-pferde-aus-shakudo\/#primaryimage"},"thumbnailUrl":"https:\/\/i0.wp.com\/www.supeinnihonto.com\/wp-content\/uploads\/2024\/05\/DSC_5403-scaled.jpg?fit=2560%2C1707&ssl=1","datePublished":"2024-05-31T10:11:38+00:00","dateModified":"2025-12-23T22:45:11+00:00","description":"Wundersch\u00f6ne Menuki mit Pferdemotiv aus Shakud\u014d und Goldeinlagen, die hervorragende Handwerkskunst und feine Details zeigen. Sehr guter Erhaltungszustand f\u00fcr ihr Alter. Edo-Zeit.","breadcrumb":{"@id":"https:\/\/www.supeinnihonto.com\/de\/produkt\/menuki-pferde-aus-shakudo\/#breadcrumb"},"inLanguage":"de","potentialAction":[{"@type":"ReadAction","target":["https:\/\/www.supeinnihonto.com\/de\/produkt\/menuki-pferde-aus-shakudo\/"]}]},{"@type":"ImageObject","inLanguage":"de","@id":"https:\/\/www.supeinnihonto.com\/de\/produkt\/menuki-pferde-aus-shakudo\/#primaryimage","url":"https:\/\/i0.wp.com\/www.supeinnihonto.com\/wp-content\/uploads\/2024\/05\/DSC_5403-scaled.jpg?fit=2560%2C1707&ssl=1","contentUrl":"https:\/\/i0.wp.com\/www.supeinnihonto.com\/wp-content\/uploads\/2024\/05\/DSC_5403-scaled.jpg?fit=2560%2C1707&ssl=1","width":2560,"height":1707,"caption":"Menuki horses shakudo"},{"@type":"BreadcrumbList","@id":"https:\/\/www.supeinnihonto.com\/de\/produkt\/menuki-pferde-aus-shakudo\/#breadcrumb","itemListElement":[{"@type":"ListItem","position":1,"name":"Portada","item":"https:\/\/www.supeinnihonto.com\/de\/"},{"@type":"ListItem","position":2,"name":"Shop","item":"https:\/\/www.supeinnihonto.com\/de\/shop\/"},{"@type":"ListItem","position":3,"name":"Menuki Pferde aus Shakud\u014d"}]},{"@type":"WebSite","@id":"https:\/\/www.supeinnihonto.com\/de\/#website","url":"https:\/\/www.supeinnihonto.com\/de\/","name":"Supein Nihonto","description":"Authentic japanese Nihonto katana ","publisher":{"@id":"https:\/\/www.supeinnihonto.com\/de\/#organization"},"potentialAction":[{"@type":"SearchAction","target":{"@type":"EntryPoint","urlTemplate":"https:\/\/www.supeinnihonto.com\/de\/?s={search_term_string}"},"query-input":{"@type":"PropertyValueSpecification","valueRequired":true,"valueName":"search_term_string"}}],"inLanguage":"de"},{"@type":"Organization","@id":"https:\/\/www.supeinnihonto.com\/de\/#organization","name":"SupeinNihonto","url":"https:\/\/www.supeinnihonto.com\/de\/","logo":{"@type":"ImageObject","inLanguage":"de","@id":"https:\/\/www.supeinnihonto.com\/de\/#\/schema\/logo\/image\/","url":"https:\/\/www.supeinnihonto.com\/wp-content\/uploads\/2021\/11\/animation_Default_3szk0jcenoloop.gif","contentUrl":"https:\/\/www.supeinnihonto.com\/wp-content\/uploads\/2021\/11\/animation_Default_3szk0jcenoloop.gif","width":750,"height":641,"caption":"SupeinNihonto"},"image":{"@id":"https:\/\/www.supeinnihonto.com\/de\/#\/schema\/logo\/image\/"}}]}},"jetpack-related-posts":[{"id":14649,"url":"https:\/\/www.supeinnihonto.com\/de\/produkt\/fuchi-kashira-aus-shakudo-mit-pferdemotiv\/","url_meta":{"origin":13550,"position":0},"title":"Fuchi-Kashira aus Shakud\u014d mit Pferdemotiv","author":"Supein Nihonto","date":"13 de Mai de 2024","format":false,"excerpt":"Objekt: Fuchi-Kashira aus Shakud\u014d mit Pferdemotiv. Hervorragendes Fuchi-Kashira-Paar, sehr fein geschnitzt und detailreich ausgef\u00fchrt. Gefertigt aus Shakud\u014d, mit Einlagen von Pferden und Stallknechten in einem Kiefernwald, signiert Soheishi Kitagawa Ny\u016bd\u014d S\u014dten sei. S\u014dten-Schule. \u00dcber die Jahrhunderte sehr gut erhalten. Edo-Zeit. Fuchi: 4 x 2,5 cm Kashira: 3,8 x 2 cm\u2026","rel":"","context":"\u00c4hnlicher Beitrag","block_context":{"text":"\u00c4hnlicher Beitrag","link":""},"img":{"alt_text":"Fuchi Kashira shakudo Battle","src":"https:\/\/i0.wp.com\/www.supeinnihonto.com\/wp-content\/uploads\/2024\/05\/DSC_3892-scaled.jpg?fit=1200%2C800&ssl=1&resize=350%2C200","width":350,"height":200,"srcset":"https:\/\/i0.wp.com\/www.supeinnihonto.com\/wp-content\/uploads\/2024\/05\/DSC_3892-scaled.jpg?fit=1200%2C800&ssl=1&resize=350%2C200 1x, https:\/\/i0.wp.com\/www.supeinnihonto.com\/wp-content\/uploads\/2024\/05\/DSC_3892-scaled.jpg?fit=1200%2C800&ssl=1&resize=525%2C300 1.5x, https:\/\/i0.wp.com\/www.supeinnihonto.com\/wp-content\/uploads\/2024\/05\/DSC_3892-scaled.jpg?fit=1200%2C800&ssl=1&resize=700%2C400 2x, https:\/\/i0.wp.com\/www.supeinnihonto.com\/wp-content\/uploads\/2024\/05\/DSC_3892-scaled.jpg?fit=1200%2C800&ssl=1&resize=1050%2C600 3x"},"classes":[]},{"id":11135,"url":"https:\/\/www.supeinnihonto.com\/de\/produkt\/nihonto-wakizashi-shakudo-fuchikashira\/","url_meta":{"origin":13550,"position":1},"title":"Nihonto Wakizashi Shakudo Fuchikashira","author":"Eric Majo","date":"5 de November de 2025","format":false,"excerpt":"ARTIKELBESCHREIBUNG: Wird mit Kimono-H\u00fclle oder Baumwolltasche geliefert. Wird mit Supein-Nihonto-Zertifikat geliefert. Klinge: \u2026ein klarer Hinweis auf traditionelle Handschmiedearbeit. Der Kissaki weist einige Oxidationsstellen in der N\u00e4he des Boshi auf, dennoch bleibt die Gesamtgeometrie der Klinge intakt. Der Nakago (Angel) besitzt drei Mekugi-ana, was darauf hindeutet, dass die Klinge im Laufe\u2026","rel":"","context":"\u00c4hnlicher Beitrag","block_context":{"text":"\u00c4hnlicher Beitrag","link":""},"img":{"alt_text":"","src":"https:\/\/i0.wp.com\/www.supeinnihonto.com\/wp-content\/uploads\/2025\/11\/DSC_2558-scaled-1.webp?fit=1200%2C685&ssl=1&resize=350%2C200","width":350,"height":200,"srcset":"https:\/\/i0.wp.com\/www.supeinnihonto.com\/wp-content\/uploads\/2025\/11\/DSC_2558-scaled-1.webp?fit=1200%2C685&ssl=1&resize=350%2C200 1x, https:\/\/i0.wp.com\/www.supeinnihonto.com\/wp-content\/uploads\/2025\/11\/DSC_2558-scaled-1.webp?fit=1200%2C685&ssl=1&resize=525%2C300 1.5x, https:\/\/i0.wp.com\/www.supeinnihonto.com\/wp-content\/uploads\/2025\/11\/DSC_2558-scaled-1.webp?fit=1200%2C685&ssl=1&resize=700%2C400 2x, https:\/\/i0.wp.com\/www.supeinnihonto.com\/wp-content\/uploads\/2025\/11\/DSC_2558-scaled-1.webp?fit=1200%2C685&ssl=1&resize=1050%2C600 3x"},"classes":[]},{"id":14633,"url":"https:\/\/www.supeinnihonto.com\/de\/produkt\/fuchi-kashira-aus-shakudo-mit-ochsenmotiv\/","url_meta":{"origin":13550,"position":2},"title":"Fuchi-Kashira aus Shakud\u014d mit Ochsenmotiv","author":"Supein Nihonto","date":"13 de Mai de 2024","format":false,"excerpt":"Objekt: Fuchi-Kashira aus Shakud\u014d mit Ochsenmotiv. Fuchi-Kashira aus Shakud\u014d mit der Darstellung des Rinderhirten Kengy\u016b (chinesisch: Qianniu), der einen Ochsen durch die Wolken f\u00fchrt, signiert Asami Hoky\u016b (Haynes 1613, dort der Familienname f\u00e4lschlich als Asagai gelesen) mit Kao. Sehr detailreiches St\u00fcck mit hervorragender Ausarbeitung von Gesicht und Ochse. Edo-Zeit. Fuchi:\u2026","rel":"","context":"\u00c4hnlicher Beitrag","block_context":{"text":"\u00c4hnlicher Beitrag","link":""},"img":{"alt_text":"Fuchi kashira shakudo ox","src":"https:\/\/i0.wp.com\/www.supeinnihonto.com\/wp-content\/uploads\/2024\/05\/DSC_3882-scaled.jpg?fit=1200%2C800&ssl=1&resize=350%2C200","width":350,"height":200,"srcset":"https:\/\/i0.wp.com\/www.supeinnihonto.com\/wp-content\/uploads\/2024\/05\/DSC_3882-scaled.jpg?fit=1200%2C800&ssl=1&resize=350%2C200 1x, https:\/\/i0.wp.com\/www.supeinnihonto.com\/wp-content\/uploads\/2024\/05\/DSC_3882-scaled.jpg?fit=1200%2C800&ssl=1&resize=525%2C300 1.5x, https:\/\/i0.wp.com\/www.supeinnihonto.com\/wp-content\/uploads\/2024\/05\/DSC_3882-scaled.jpg?fit=1200%2C800&ssl=1&resize=700%2C400 2x, https:\/\/i0.wp.com\/www.supeinnihonto.com\/wp-content\/uploads\/2024\/05\/DSC_3882-scaled.jpg?fit=1200%2C800&ssl=1&resize=1050%2C600 3x"},"classes":[]},{"id":10943,"url":"https:\/\/www.supeinnihonto.com\/de\/produkt\/nihonto-wakizashi-koshirae-shirasaya\/","url_meta":{"origin":13550,"position":3},"title":"Nihonto wakizashi koshirae &#038; shirasaya","author":"Eric Majo","date":"29 de November de 2025","format":false,"excerpt":"ARTIKELBESCHREIBUNG: Wird mit Kimono- oder Baumwolltasche geliefert. Wird mit Zertifikat des supein Nihonto geliefert. Wird mit Pr\u00e4fekturzertifikat geliefert. Klinge Dieses mumei Wakizashi (unsigniertes Kurzschwert) aus der Edo-Zeit besitzt eine Nagasa von 44,4 cm und eine Kr\u00fcmmung (Sori) von 1,0 cm. Die Stahlstruktur (Hada) zeigt ein gut geschmiedetes Itame, gemischt mit\u2026","rel":"","context":"\u00c4hnlicher Beitrag","block_context":{"text":"\u00c4hnlicher Beitrag","link":""},"img":{"alt_text":"sold","src":"https:\/\/i0.wp.com\/www.supeinnihonto.com\/wp-content\/uploads\/2024\/02\/logo-sold-scaled.png?fit=1200%2C720&ssl=1&resize=350%2C200","width":350,"height":200,"srcset":"https:\/\/i0.wp.com\/www.supeinnihonto.com\/wp-content\/uploads\/2024\/02\/logo-sold-scaled.png?fit=1200%2C720&ssl=1&resize=350%2C200 1x, https:\/\/i0.wp.com\/www.supeinnihonto.com\/wp-content\/uploads\/2024\/02\/logo-sold-scaled.png?fit=1200%2C720&ssl=1&resize=525%2C300 1.5x, https:\/\/i0.wp.com\/www.supeinnihonto.com\/wp-content\/uploads\/2024\/02\/logo-sold-scaled.png?fit=1200%2C720&ssl=1&resize=700%2C400 2x, https:\/\/i0.wp.com\/www.supeinnihonto.com\/wp-content\/uploads\/2024\/02\/logo-sold-scaled.png?fit=1200%2C720&ssl=1&resize=1050%2C600 3x"},"classes":[]},{"id":14461,"url":"https:\/\/www.supeinnihonto.com\/de\/produkt\/shakudo-fuchi-kashira-mit-affen\/","url_meta":{"origin":13550,"position":4},"title":"Shakud\u014d-Fuchi-Kashira mit Affen","author":"Supein Nihonto","date":"13 de Mai de 2024","format":false,"excerpt":"Artikel: Fuchi-Kashira aus Shakud\u014d mit Affen. Shakud\u014d-Nanako reliefziseliert und mit Gold sowie anderen Metallen und Legierungen eingelegt, mit Darstellung einer nicht identifizierten historischen Szene mit J\u00e4gern und Affen, signiert Soheishi Nyudo Soten sei. Sehr detailreiches St\u00fcck mit hervorragenden Reliefs. Edo-Zeit. Fuchi: 4 x 2,4 cm Kashira: 3,5 x 1,7 cm\u2026","rel":"","context":"\u00c4hnlicher Beitrag","block_context":{"text":"\u00c4hnlicher Beitrag","link":""},"img":{"alt_text":"sold","src":"https:\/\/i0.wp.com\/www.supeinnihonto.com\/wp-content\/uploads\/2024\/02\/logo-sold-scaled.png?fit=1200%2C720&ssl=1&resize=350%2C200","width":350,"height":200,"srcset":"https:\/\/i0.wp.com\/www.supeinnihonto.com\/wp-content\/uploads\/2024\/02\/logo-sold-scaled.png?fit=1200%2C720&ssl=1&resize=350%2C200 1x, https:\/\/i0.wp.com\/www.supeinnihonto.com\/wp-content\/uploads\/2024\/02\/logo-sold-scaled.png?fit=1200%2C720&ssl=1&resize=525%2C300 1.5x, https:\/\/i0.wp.com\/www.supeinnihonto.com\/wp-content\/uploads\/2024\/02\/logo-sold-scaled.png?fit=1200%2C720&ssl=1&resize=700%2C400 2x, https:\/\/i0.wp.com\/www.supeinnihonto.com\/wp-content\/uploads\/2024\/02\/logo-sold-scaled.png?fit=1200%2C720&ssl=1&resize=1050%2C600 3x"},"classes":[]},{"id":14445,"url":"https:\/\/www.supeinnihonto.com\/de\/produkt\/shibuichi-kojiri-mit-pfingstrose\/","url_meta":{"origin":13550,"position":5},"title":"Shibuichi-Kojiri mit Pfingstrose","author":"Supein Nihonto","date":"14 de Mai de 2024","format":false,"excerpt":"Artikel: Wundersch\u00f6ner Kojiri aus Shibuichi (Kupfer-Silber-Legierung) mit silbernen Pfingstrosenmotiven. Ein au\u00dfergew\u00f6hnliches St\u00fcck. Kojiri sind selten, da sie zwar nicht zwingend notwendig waren \u2013 im Gegensatz zu Fuchi-Kashira \u2013, aber nur bei hochwertigen Koshirae und Schwertern bester Qualit\u00e4t verwendet wurden, da sie die Kosten erheblich erh\u00f6hten. Gute Kojiri sind \u00e4u\u00dferst selten\u2026","rel":"","context":"\u00c4hnlicher Beitrag","block_context":{"text":"\u00c4hnlicher Beitrag","link":""},"img":{"alt_text":"Kojiri Shibuichi peony","src":"https:\/\/i0.wp.com\/www.supeinnihonto.com\/wp-content\/uploads\/2024\/05\/DSC_3804-scaled.jpg?fit=1200%2C800&ssl=1&resize=350%2C200","width":350,"height":200,"srcset":"https:\/\/i0.wp.com\/www.supeinnihonto.com\/wp-content\/uploads\/2024\/05\/DSC_3804-scaled.jpg?fit=1200%2C800&ssl=1&resize=350%2C200 1x, https:\/\/i0.wp.com\/www.supeinnihonto.com\/wp-content\/uploads\/2024\/05\/DSC_3804-scaled.jpg?fit=1200%2C800&ssl=1&resize=525%2C300 1.5x, https:\/\/i0.wp.com\/www.supeinnihonto.com\/wp-content\/uploads\/2024\/05\/DSC_3804-scaled.jpg?fit=1200%2C800&ssl=1&resize=700%2C400 2x, https:\/\/i0.wp.com\/www.supeinnihonto.com\/wp-content\/uploads\/2024\/05\/DSC_3804-scaled.jpg?fit=1200%2C800&ssl=1&resize=1050%2C600 3x"},"classes":[]}],"jetpack_sharing_enabled":true,"_links":{"self":[{"href":"https:\/\/www.supeinnihonto.com\/de\/wp-json\/wp\/v2\/product\/13550","targetHints":{"allow":["GET"]}}],"collection":[{"href":"https:\/\/www.supeinnihonto.com\/de\/wp-json\/wp\/v2\/product"}],"about":[{"href":"https:\/\/www.supeinnihonto.com\/de\/wp-json\/wp\/v2\/types\/product"}],"wp:featuredmedia":[{"embeddable":true,"href":"https:\/\/www.supeinnihonto.com\/de\/wp-json\/wp\/v2\/media\/13552"}],"wp:attachment":[{"href":"https:\/\/www.supeinnihonto.com\/de\/wp-json\/wp\/v2\/media?parent=13550"}],"wp:term":[{"taxonomy":"product_brand","embeddable":true,"href":"https:\/\/www.supeinnihonto.com\/de\/wp-json\/wp\/v2\/product_brand?post=13550"},{"taxonomy":"product_cat","embeddable":true,"href":"https:\/\/www.supeinnihonto.com\/de\/wp-json\/wp\/v2\/product_cat?post=13550"},{"taxonomy":"product_tag","embeddable":true,"href":"https:\/\/www.supeinnihonto.com\/de\/wp-json\/wp\/v2\/product_tag?post=13550"}],"curies":[{"name":"wp","href":"https:\/\/api.w.org\/{rel}","templated":true}]}}