{"id":13488,"date":"2024-05-30T07:34:41","date_gmt":"2024-05-30T07:34:41","guid":{"rendered":"https:\/\/www.supeinnihonto.com\/product\/okimono-turtle-family-ivory\/"},"modified":"2025-12-24T19:36:59","modified_gmt":"2025-12-24T19:36:59","slug":"okimono-schildkroetenfamilie-aus-elfenbein","status":"publish","type":"product","link":"https:\/\/www.supeinnihonto.com\/de\/produkt\/okimono-schildkroetenfamilie-aus-elfenbein\/","title":{"rendered":"Okimono Schildkr\u00f6tenfamilie aus Elfenbein"},"content":{"rendered":"<p data-start=\"781\" data-end=\"801\">Kostenloser Versand.<\/p>\n<p data-start=\"803\" data-end=\"1077\">Wundersch\u00f6nes Okimono, geschnitzt in Form einer Schildkr\u00f6tenfamilie auf einem Felsen, mit gro\u00dfartigen Details und sch\u00f6ner Patina. Augen aus eingelegtem B\u00fcffelhorn. Am Sockel mit Matsuyama signiert. Sp\u00e4te Edo- bis Meiji-Zeit. Wird mit Zertifikat und CITES-Dokument geliefert.<\/p>\n<p data-start=\"1079\" data-end=\"1095\">4 x 2,8 x 2,5 cm<\/p>\n","protected":false},"excerpt":{"rendered":"<p>Kostenloser Versand. Wundersch\u00f6nes Okimono, geschnitzt in Form einer Schildkr\u00f6tenfamilie auf einem Felsen, mit gro\u00dfartigen Details und sch\u00f6ner Patina. Augen aus eingelegtem B\u00fcffelhorn. Am Sockel mit Matsuyama signiert. Sp\u00e4te Edo- bis Meiji-Zeit. Wird mit Zertifikat und CITES-Dokument geliefert. 4 x 2,8 x 2,5 cm<\/p>\n","protected":false},"featured_media":38922,"template":"","meta":{"jetpack_post_was_ever_published":false},"product_brand":[],"product_cat":[572],"product_tag":[638,654,656],"class_list":{"0":"post-13488","1":"product","2":"type-product","3":"status-publish","4":"has-post-thumbnail","6":"product_cat-netsuke","7":"product_tag-ivory","8":"product_tag-netsuke","9":"product_tag-okimono","10":"product_shipping_class-light","12":"first","13":"instock","14":"featured","15":"sold-individually","16":"shipping-taxable","17":"purchasable","18":"product-type-simple"},"yoast_head":"<!-- This site is optimized with the Yoast SEO plugin v27.5 - https:\/\/yoast.com\/product\/yoast-seo-wordpress\/ -->\n<title>Okimono Schildkr\u00f6tenfamilie aus Elfenbein - Supein Nihonto<\/title>\n<meta name=\"description\" content=\"Wundersch\u00f6nes Okimono, geschnitzt in Form einer Schildkr\u00f6tenfamilie auf einem Felsen, mit gro\u00dfartigen Details und sch\u00f6ner Patina. Augen aus eingelegtem B\u00fcffelhorn. Am Sockel mit Matsuyama signiert.\" \/>\n<meta name=\"robots\" content=\"index, follow, max-snippet:-1, max-image-preview:large, max-video-preview:-1\" \/>\n<link rel=\"canonical\" href=\"https:\/\/www.supeinnihonto.com\/de\/produkt\/okimono-schildkroetenfamilie-aus-elfenbein\/\" \/>\n<meta property=\"og:locale\" content=\"de_DE\" \/>\n<meta property=\"og:type\" content=\"article\" \/>\n<meta property=\"og:title\" content=\"Okimono Schildkr\u00f6tenfamilie aus Elfenbein - Supein Nihonto\" \/>\n<meta property=\"og:description\" content=\"Wundersch\u00f6nes Okimono, geschnitzt in Form einer Schildkr\u00f6tenfamilie auf einem Felsen, mit gro\u00dfartigen Details und sch\u00f6ner Patina. Augen aus eingelegtem B\u00fcffelhorn. Am Sockel mit Matsuyama signiert.\" \/>\n<meta property=\"og:url\" content=\"https:\/\/www.supeinnihonto.com\/de\/produkt\/okimono-schildkroetenfamilie-aus-elfenbein\/\" \/>\n<meta property=\"og:site_name\" content=\"Supein Nihonto\" \/>\n<meta property=\"article:modified_time\" content=\"2025-12-24T19:36:59+00:00\" \/>\n<meta property=\"og:image\" content=\"https:\/\/www.supeinnihonto.com\/wp-content\/uploads\/2024\/05\/Okimono-turtle-family-ivory.webp\" \/>\n\t<meta property=\"og:image:width\" content=\"2048\" \/>\n\t<meta property=\"og:image:height\" content=\"1365\" \/>\n\t<meta property=\"og:image:type\" content=\"image\/webp\" \/>\n<meta name=\"twitter:card\" content=\"summary_large_image\" \/>\n<meta name=\"twitter:label1\" content=\"Gesch\u00e4tzte Lesezeit\" \/>\n\t<meta name=\"twitter:data1\" content=\"1\u00a0Minute\" \/>\n<script type=\"application\/ld+json\" class=\"yoast-schema-graph\">{\"@context\":\"https:\\\/\\\/schema.org\",\"@graph\":[{\"@type\":\"WebPage\",\"@id\":\"https:\\\/\\\/www.supeinnihonto.com\\\/de\\\/produkt\\\/okimono-schildkroetenfamilie-aus-elfenbein\\\/\",\"url\":\"https:\\\/\\\/www.supeinnihonto.com\\\/de\\\/produkt\\\/okimono-schildkroetenfamilie-aus-elfenbein\\\/\",\"name\":\"Okimono Schildkr\u00f6tenfamilie aus Elfenbein - Supein Nihonto\",\"isPartOf\":{\"@id\":\"https:\\\/\\\/www.supeinnihonto.com\\\/de\\\/#website\"},\"primaryImageOfPage\":{\"@id\":\"https:\\\/\\\/www.supeinnihonto.com\\\/de\\\/produkt\\\/okimono-schildkroetenfamilie-aus-elfenbein\\\/#primaryimage\"},\"image\":{\"@id\":\"https:\\\/\\\/www.supeinnihonto.com\\\/de\\\/produkt\\\/okimono-schildkroetenfamilie-aus-elfenbein\\\/#primaryimage\"},\"thumbnailUrl\":\"https:\\\/\\\/i0.wp.com\\\/www.supeinnihonto.com\\\/wp-content\\\/uploads\\\/2024\\\/05\\\/Okimono-turtle-family-ivory.webp?fit=2048%2C1365&ssl=1\",\"datePublished\":\"2024-05-30T07:34:41+00:00\",\"dateModified\":\"2025-12-24T19:36:59+00:00\",\"description\":\"Wundersch\u00f6nes Okimono, geschnitzt in Form einer Schildkr\u00f6tenfamilie auf einem Felsen, mit gro\u00dfartigen Details und sch\u00f6ner Patina. Augen aus eingelegtem B\u00fcffelhorn. Am Sockel mit Matsuyama signiert.\",\"breadcrumb\":{\"@id\":\"https:\\\/\\\/www.supeinnihonto.com\\\/de\\\/produkt\\\/okimono-schildkroetenfamilie-aus-elfenbein\\\/#breadcrumb\"},\"inLanguage\":\"de\",\"potentialAction\":[{\"@type\":\"ReadAction\",\"target\":[\"https:\\\/\\\/www.supeinnihonto.com\\\/de\\\/produkt\\\/okimono-schildkroetenfamilie-aus-elfenbein\\\/\"]}]},{\"@type\":\"ImageObject\",\"inLanguage\":\"de\",\"@id\":\"https:\\\/\\\/www.supeinnihonto.com\\\/de\\\/produkt\\\/okimono-schildkroetenfamilie-aus-elfenbein\\\/#primaryimage\",\"url\":\"https:\\\/\\\/i0.wp.com\\\/www.supeinnihonto.com\\\/wp-content\\\/uploads\\\/2024\\\/05\\\/Okimono-turtle-family-ivory.webp?fit=2048%2C1365&ssl=1\",\"contentUrl\":\"https:\\\/\\\/i0.wp.com\\\/www.supeinnihonto.com\\\/wp-content\\\/uploads\\\/2024\\\/05\\\/Okimono-turtle-family-ivory.webp?fit=2048%2C1365&ssl=1\",\"width\":2048,\"height\":1365,\"caption\":\"Okimono famille de tortues en ivoire\"},{\"@type\":\"BreadcrumbList\",\"@id\":\"https:\\\/\\\/www.supeinnihonto.com\\\/de\\\/produkt\\\/okimono-schildkroetenfamilie-aus-elfenbein\\\/#breadcrumb\",\"itemListElement\":[{\"@type\":\"ListItem\",\"position\":1,\"name\":\"Portada\",\"item\":\"https:\\\/\\\/www.supeinnihonto.com\\\/de\\\/\"},{\"@type\":\"ListItem\",\"position\":2,\"name\":\"Shop\",\"item\":\"https:\\\/\\\/www.supeinnihonto.com\\\/de\\\/shop\\\/\"},{\"@type\":\"ListItem\",\"position\":3,\"name\":\"Okimono Schildkr\u00f6tenfamilie aus Elfenbein\"}]},{\"@type\":\"WebSite\",\"@id\":\"https:\\\/\\\/www.supeinnihonto.com\\\/de\\\/#website\",\"url\":\"https:\\\/\\\/www.supeinnihonto.com\\\/de\\\/\",\"name\":\"Supein Nihonto\",\"description\":\"Authentic japanese Nihonto katana \",\"publisher\":{\"@id\":\"https:\\\/\\\/www.supeinnihonto.com\\\/de\\\/#organization\"},\"potentialAction\":[{\"@type\":\"SearchAction\",\"target\":{\"@type\":\"EntryPoint\",\"urlTemplate\":\"https:\\\/\\\/www.supeinnihonto.com\\\/de\\\/?s={search_term_string}\"},\"query-input\":{\"@type\":\"PropertyValueSpecification\",\"valueRequired\":true,\"valueName\":\"search_term_string\"}}],\"inLanguage\":\"de\"},{\"@type\":\"Organization\",\"@id\":\"https:\\\/\\\/www.supeinnihonto.com\\\/de\\\/#organization\",\"name\":\"SupeinNihonto\",\"url\":\"https:\\\/\\\/www.supeinnihonto.com\\\/de\\\/\",\"logo\":{\"@type\":\"ImageObject\",\"inLanguage\":\"de\",\"@id\":\"https:\\\/\\\/www.supeinnihonto.com\\\/de\\\/#\\\/schema\\\/logo\\\/image\\\/\",\"url\":\"https:\\\/\\\/www.supeinnihonto.com\\\/wp-content\\\/uploads\\\/2021\\\/11\\\/animation_Default_3szk0jcenoloop.gif\",\"contentUrl\":\"https:\\\/\\\/www.supeinnihonto.com\\\/wp-content\\\/uploads\\\/2021\\\/11\\\/animation_Default_3szk0jcenoloop.gif\",\"width\":750,\"height\":641,\"caption\":\"SupeinNihonto\"},\"image\":{\"@id\":\"https:\\\/\\\/www.supeinnihonto.com\\\/de\\\/#\\\/schema\\\/logo\\\/image\\\/\"}}]}<\/script>\n<!-- \/ Yoast SEO plugin. -->","yoast_head_json":{"title":"Okimono Schildkr\u00f6tenfamilie aus Elfenbein - Supein Nihonto","description":"Wundersch\u00f6nes Okimono, geschnitzt in Form einer Schildkr\u00f6tenfamilie auf einem Felsen, mit gro\u00dfartigen Details und sch\u00f6ner Patina. Augen aus eingelegtem B\u00fcffelhorn. Am Sockel mit Matsuyama signiert.","robots":{"index":"index","follow":"follow","max-snippet":"max-snippet:-1","max-image-preview":"max-image-preview:large","max-video-preview":"max-video-preview:-1"},"canonical":"https:\/\/www.supeinnihonto.com\/de\/produkt\/okimono-schildkroetenfamilie-aus-elfenbein\/","og_locale":"de_DE","og_type":"article","og_title":"Okimono Schildkr\u00f6tenfamilie aus Elfenbein - Supein Nihonto","og_description":"Wundersch\u00f6nes Okimono, geschnitzt in Form einer Schildkr\u00f6tenfamilie auf einem Felsen, mit gro\u00dfartigen Details und sch\u00f6ner Patina. Augen aus eingelegtem B\u00fcffelhorn. Am Sockel mit Matsuyama signiert.","og_url":"https:\/\/www.supeinnihonto.com\/de\/produkt\/okimono-schildkroetenfamilie-aus-elfenbein\/","og_site_name":"Supein Nihonto","article_modified_time":"2025-12-24T19:36:59+00:00","og_image":[{"width":2048,"height":1365,"url":"https:\/\/www.supeinnihonto.com\/wp-content\/uploads\/2024\/05\/Okimono-turtle-family-ivory.webp","type":"image\/webp"}],"twitter_card":"summary_large_image","twitter_misc":{"Gesch\u00e4tzte Lesezeit":"1\u00a0Minute"},"schema":{"@context":"https:\/\/schema.org","@graph":[{"@type":"WebPage","@id":"https:\/\/www.supeinnihonto.com\/de\/produkt\/okimono-schildkroetenfamilie-aus-elfenbein\/","url":"https:\/\/www.supeinnihonto.com\/de\/produkt\/okimono-schildkroetenfamilie-aus-elfenbein\/","name":"Okimono Schildkr\u00f6tenfamilie aus Elfenbein - Supein Nihonto","isPartOf":{"@id":"https:\/\/www.supeinnihonto.com\/de\/#website"},"primaryImageOfPage":{"@id":"https:\/\/www.supeinnihonto.com\/de\/produkt\/okimono-schildkroetenfamilie-aus-elfenbein\/#primaryimage"},"image":{"@id":"https:\/\/www.supeinnihonto.com\/de\/produkt\/okimono-schildkroetenfamilie-aus-elfenbein\/#primaryimage"},"thumbnailUrl":"https:\/\/i0.wp.com\/www.supeinnihonto.com\/wp-content\/uploads\/2024\/05\/Okimono-turtle-family-ivory.webp?fit=2048%2C1365&ssl=1","datePublished":"2024-05-30T07:34:41+00:00","dateModified":"2025-12-24T19:36:59+00:00","description":"Wundersch\u00f6nes Okimono, geschnitzt in Form einer Schildkr\u00f6tenfamilie auf einem Felsen, mit gro\u00dfartigen Details und sch\u00f6ner Patina. Augen aus eingelegtem B\u00fcffelhorn. Am Sockel mit Matsuyama signiert.","breadcrumb":{"@id":"https:\/\/www.supeinnihonto.com\/de\/produkt\/okimono-schildkroetenfamilie-aus-elfenbein\/#breadcrumb"},"inLanguage":"de","potentialAction":[{"@type":"ReadAction","target":["https:\/\/www.supeinnihonto.com\/de\/produkt\/okimono-schildkroetenfamilie-aus-elfenbein\/"]}]},{"@type":"ImageObject","inLanguage":"de","@id":"https:\/\/www.supeinnihonto.com\/de\/produkt\/okimono-schildkroetenfamilie-aus-elfenbein\/#primaryimage","url":"https:\/\/i0.wp.com\/www.supeinnihonto.com\/wp-content\/uploads\/2024\/05\/Okimono-turtle-family-ivory.webp?fit=2048%2C1365&ssl=1","contentUrl":"https:\/\/i0.wp.com\/www.supeinnihonto.com\/wp-content\/uploads\/2024\/05\/Okimono-turtle-family-ivory.webp?fit=2048%2C1365&ssl=1","width":2048,"height":1365,"caption":"Okimono famille de tortues en ivoire"},{"@type":"BreadcrumbList","@id":"https:\/\/www.supeinnihonto.com\/de\/produkt\/okimono-schildkroetenfamilie-aus-elfenbein\/#breadcrumb","itemListElement":[{"@type":"ListItem","position":1,"name":"Portada","item":"https:\/\/www.supeinnihonto.com\/de\/"},{"@type":"ListItem","position":2,"name":"Shop","item":"https:\/\/www.supeinnihonto.com\/de\/shop\/"},{"@type":"ListItem","position":3,"name":"Okimono Schildkr\u00f6tenfamilie aus Elfenbein"}]},{"@type":"WebSite","@id":"https:\/\/www.supeinnihonto.com\/de\/#website","url":"https:\/\/www.supeinnihonto.com\/de\/","name":"Supein Nihonto","description":"Authentic japanese Nihonto katana ","publisher":{"@id":"https:\/\/www.supeinnihonto.com\/de\/#organization"},"potentialAction":[{"@type":"SearchAction","target":{"@type":"EntryPoint","urlTemplate":"https:\/\/www.supeinnihonto.com\/de\/?s={search_term_string}"},"query-input":{"@type":"PropertyValueSpecification","valueRequired":true,"valueName":"search_term_string"}}],"inLanguage":"de"},{"@type":"Organization","@id":"https:\/\/www.supeinnihonto.com\/de\/#organization","name":"SupeinNihonto","url":"https:\/\/www.supeinnihonto.com\/de\/","logo":{"@type":"ImageObject","inLanguage":"de","@id":"https:\/\/www.supeinnihonto.com\/de\/#\/schema\/logo\/image\/","url":"https:\/\/www.supeinnihonto.com\/wp-content\/uploads\/2021\/11\/animation_Default_3szk0jcenoloop.gif","contentUrl":"https:\/\/www.supeinnihonto.com\/wp-content\/uploads\/2021\/11\/animation_Default_3szk0jcenoloop.gif","width":750,"height":641,"caption":"SupeinNihonto"},"image":{"@id":"https:\/\/www.supeinnihonto.com\/de\/#\/schema\/logo\/image\/"}}]}},"jetpack-related-posts":[{"id":14120,"url":"https:\/\/www.supeinnihonto.com\/de\/produkt\/okimono-fudo-im-kampf-aus-elfenbein\/","url_meta":{"origin":13488,"position":0},"title":"Okimono Fud\u014d im Kampf aus Elfenbein","author":"Supein Nihonto","date":"28 de Mai de 2024","format":false,"excerpt":"Kostenloser Versand. Gro\u00dfartiges Okimono mit der Darstellung von Fud\u014d (Gottheit), der mit einem Mann k\u00e4mpft. Ein sehr seltenes und besonderes Motiv. Fud\u014d-Netsuke und -Okimono sind aufgrund ihrer Bedeutung \u00e4u\u00dferst begehrt. Dieses St\u00fcck ist meisterhaft geschnitzt, mit dynamischer Bewegung und au\u00dfergew\u00f6hnlicher Museumsqualit\u00e4t. Mit roter Einlage signiert. Meiji-Zeit, sp\u00e4tes 19. Jahrhundert. Wird\u2026","rel":"","context":"\u00c4hnlicher Beitrag","block_context":{"text":"\u00c4hnlicher Beitrag","link":""},"img":{"alt_text":"Okimono Fudo wrestling ivory","src":"https:\/\/i0.wp.com\/www.supeinnihonto.com\/wp-content\/uploads\/2024\/05\/DSC_4019-scaled.jpg?fit=1200%2C800&ssl=1&resize=350%2C200","width":350,"height":200,"srcset":"https:\/\/i0.wp.com\/www.supeinnihonto.com\/wp-content\/uploads\/2024\/05\/DSC_4019-scaled.jpg?fit=1200%2C800&ssl=1&resize=350%2C200 1x, https:\/\/i0.wp.com\/www.supeinnihonto.com\/wp-content\/uploads\/2024\/05\/DSC_4019-scaled.jpg?fit=1200%2C800&ssl=1&resize=525%2C300 1.5x, https:\/\/i0.wp.com\/www.supeinnihonto.com\/wp-content\/uploads\/2024\/05\/DSC_4019-scaled.jpg?fit=1200%2C800&ssl=1&resize=700%2C400 2x, https:\/\/i0.wp.com\/www.supeinnihonto.com\/wp-content\/uploads\/2024\/05\/DSC_4019-scaled.jpg?fit=1200%2C800&ssl=1&resize=1050%2C600 3x"},"classes":[]},{"id":13391,"url":"https:\/\/www.supeinnihonto.com\/de\/produkt\/okimono-hund-und-welpe-aus-elfenbein\/","url_meta":{"origin":13488,"position":1},"title":"Okimono Hund und Welpe aus Elfenbein","author":"Supein Nihonto","date":"28 de Mai de 2024","format":false,"excerpt":"Kostenloser Versand. Okimono mit Darstellung eines Hundes und eines Welpen, aus Elfenbein geschnitzt und am Sockel vom K\u00fcnstler signiert. Meiji-Zeit. Wird mit Zertifikat und CITES-Dokument geliefert. 5 x 5 x 3,5 cm","rel":"","context":"\u00c4hnlicher Beitrag","block_context":{"text":"\u00c4hnlicher Beitrag","link":""},"img":{"alt_text":"Okimono dog and puppy ivory","src":"https:\/\/i0.wp.com\/www.supeinnihonto.com\/wp-content\/uploads\/2024\/05\/DSC_4091-scaled.jpg?fit=1200%2C800&ssl=1&resize=350%2C200","width":350,"height":200,"srcset":"https:\/\/i0.wp.com\/www.supeinnihonto.com\/wp-content\/uploads\/2024\/05\/DSC_4091-scaled.jpg?fit=1200%2C800&ssl=1&resize=350%2C200 1x, https:\/\/i0.wp.com\/www.supeinnihonto.com\/wp-content\/uploads\/2024\/05\/DSC_4091-scaled.jpg?fit=1200%2C800&ssl=1&resize=525%2C300 1.5x, https:\/\/i0.wp.com\/www.supeinnihonto.com\/wp-content\/uploads\/2024\/05\/DSC_4091-scaled.jpg?fit=1200%2C800&ssl=1&resize=700%2C400 2x, https:\/\/i0.wp.com\/www.supeinnihonto.com\/wp-content\/uploads\/2024\/05\/DSC_4091-scaled.jpg?fit=1200%2C800&ssl=1&resize=1050%2C600 3x"},"classes":[]},{"id":13530,"url":"https:\/\/www.supeinnihonto.com\/de\/produkt\/okimono-ashinaga-tenaga-aus-elfenbein\/","url_meta":{"origin":13488,"position":2},"title":"Okimono Ashinaga Tenaga aus Elfenbein","author":"Supein Nihonto","date":"30 de Mai de 2024","format":false,"excerpt":"Kostenloser Versand. Fantastisches und bedeutendes Okimono von Ashinaga und Tenaga, zwei klassischen Figuren der japanischen Folklore. In ihren Abenteuern hat einer sehr lange Beine, w\u00e4hrend der andere sehr lange Arme besitzt \u2013 gemeinsam bilden sie ein Team und helfen sich gegenseitig. In diesem wundersch\u00f6nen Okimono fischen sie nach Krabben. Ein\u2026","rel":"","context":"\u00c4hnlicher Beitrag","block_context":{"text":"\u00c4hnlicher Beitrag","link":""},"img":{"alt_text":"Okimono Ashinaga Tenaga ivory","src":"https:\/\/i0.wp.com\/www.supeinnihonto.com\/wp-content\/uploads\/2024\/05\/Okimono-Ashinaga-Tenaga-ivory.webp?fit=800%2C1200&ssl=1&resize=350%2C200","width":350,"height":200,"srcset":"https:\/\/i0.wp.com\/www.supeinnihonto.com\/wp-content\/uploads\/2024\/05\/Okimono-Ashinaga-Tenaga-ivory.webp?fit=800%2C1200&ssl=1&resize=350%2C200 1x, https:\/\/i0.wp.com\/www.supeinnihonto.com\/wp-content\/uploads\/2024\/05\/Okimono-Ashinaga-Tenaga-ivory.webp?fit=800%2C1200&ssl=1&resize=525%2C300 1.5x, https:\/\/i0.wp.com\/www.supeinnihonto.com\/wp-content\/uploads\/2024\/05\/Okimono-Ashinaga-Tenaga-ivory.webp?fit=800%2C1200&ssl=1&resize=700%2C400 2x"},"classes":[]},{"id":14152,"url":"https:\/\/www.supeinnihonto.com\/de\/produkt\/okimono-betrunkene-kaempfer-aus-elfenbein\/","url_meta":{"origin":13488,"position":3},"title":"Okimono betrunkene K\u00e4mpfer aus Elfenbein","author":"Supein Nihonto","date":"28 de Mai de 2024","format":false,"excerpt":"Kostenloser Versand. Lustiges und sehr hochwertiges Okimono mit der Darstellung mehrerer Betrunkener, die miteinander k\u00e4mpfen. Das St\u00fcck ist voller Details und von \u00fcberragender Qualit\u00e4t \u2013 Gesichter, Kleidung und sogar die F\u00fc\u00dfe sind hervorragend geschnitzt. Zudem weist es eine sehr sch\u00f6ne Patina auf, die das Werk besonders hervorhebt. Am Sockel signiert.\u2026","rel":"","context":"\u00c4hnlicher Beitrag","block_context":{"text":"\u00c4hnlicher Beitrag","link":""},"img":{"alt_text":"Okimono drunk fighters ivory","src":"https:\/\/i0.wp.com\/www.supeinnihonto.com\/wp-content\/uploads\/2024\/05\/DSC_4002-scaled.jpg?fit=1200%2C800&ssl=1&resize=350%2C200","width":350,"height":200,"srcset":"https:\/\/i0.wp.com\/www.supeinnihonto.com\/wp-content\/uploads\/2024\/05\/DSC_4002-scaled.jpg?fit=1200%2C800&ssl=1&resize=350%2C200 1x, https:\/\/i0.wp.com\/www.supeinnihonto.com\/wp-content\/uploads\/2024\/05\/DSC_4002-scaled.jpg?fit=1200%2C800&ssl=1&resize=525%2C300 1.5x, https:\/\/i0.wp.com\/www.supeinnihonto.com\/wp-content\/uploads\/2024\/05\/DSC_4002-scaled.jpg?fit=1200%2C800&ssl=1&resize=700%2C400 2x, https:\/\/i0.wp.com\/www.supeinnihonto.com\/wp-content\/uploads\/2024\/05\/DSC_4002-scaled.jpg?fit=1200%2C800&ssl=1&resize=1050%2C600 3x"},"classes":[]},{"id":13315,"url":"https:\/\/www.supeinnihonto.com\/de\/produkt\/okimono-festliche-maenner-aus-elfenbein\/","url_meta":{"origin":13488,"position":4},"title":"Okimono festliche M\u00e4nner aus Elfenbein","author":"Supein Nihonto","date":"28 de Mai de 2024","format":false,"excerpt":"Kostenloser Versand. Okimono mit einer traditionellen Darstellung mehrerer M\u00e4nner, die ein Matsuri-Fest feiern. Einige tragen Mochi und eine Trinkkalebasse, w\u00e4hrend Teller auf dem Boden liegen. Sowohl der Sockel als auch die gesamte Schnitzarbeit sind fein ausgef\u00fchrt und sehr detailreich \u2013 ein hervorragendes Werk. Der Sockel ist vom K\u00fcnstler signiert. 19.\u2026","rel":"","context":"\u00c4hnlicher Beitrag","block_context":{"text":"\u00c4hnlicher Beitrag","link":""},"img":{"alt_text":"Okimono festivity men ivory","src":"https:\/\/i0.wp.com\/www.supeinnihonto.com\/wp-content\/uploads\/2024\/05\/DSC_4053-scaled.jpg?fit=1200%2C800&ssl=1&resize=350%2C200","width":350,"height":200,"srcset":"https:\/\/i0.wp.com\/www.supeinnihonto.com\/wp-content\/uploads\/2024\/05\/DSC_4053-scaled.jpg?fit=1200%2C800&ssl=1&resize=350%2C200 1x, https:\/\/i0.wp.com\/www.supeinnihonto.com\/wp-content\/uploads\/2024\/05\/DSC_4053-scaled.jpg?fit=1200%2C800&ssl=1&resize=525%2C300 1.5x, https:\/\/i0.wp.com\/www.supeinnihonto.com\/wp-content\/uploads\/2024\/05\/DSC_4053-scaled.jpg?fit=1200%2C800&ssl=1&resize=700%2C400 2x, https:\/\/i0.wp.com\/www.supeinnihonto.com\/wp-content\/uploads\/2024\/05\/DSC_4053-scaled.jpg?fit=1200%2C800&ssl=1&resize=1050%2C600 3x"},"classes":[]},{"id":13339,"url":"https:\/\/www.supeinnihonto.com\/de\/produkt\/netsuke-ratte-und-apfel-aus-elfenbein\/","url_meta":{"origin":13488,"position":5},"title":"Netsuke Ratte und Apfel aus Elfenbein","author":"Supein Nihonto","date":"28 de Mai de 2024","format":false,"excerpt":"Kostenloser Versand. Elfenbein-Netsuke mit Darstellung einer Ratte, die auf einem Apfel sitzt, mit roten Glasperlen eingelegt und mit rotem Siegel signiert. Meiji-Zeit. Wird mit Zertifikat und CITES-Dokument geliefert. 4,7 x 3 x 2,5 cm","rel":"","context":"\u00c4hnlicher Beitrag","block_context":{"text":"\u00c4hnlicher Beitrag","link":""},"img":{"alt_text":"Netsuke rat and apple ivory","src":"https:\/\/i0.wp.com\/www.supeinnihonto.com\/wp-content\/uploads\/2024\/05\/DSC_4073-scaled.jpg?fit=1200%2C800&ssl=1&resize=350%2C200","width":350,"height":200,"srcset":"https:\/\/i0.wp.com\/www.supeinnihonto.com\/wp-content\/uploads\/2024\/05\/DSC_4073-scaled.jpg?fit=1200%2C800&ssl=1&resize=350%2C200 1x, https:\/\/i0.wp.com\/www.supeinnihonto.com\/wp-content\/uploads\/2024\/05\/DSC_4073-scaled.jpg?fit=1200%2C800&ssl=1&resize=525%2C300 1.5x, https:\/\/i0.wp.com\/www.supeinnihonto.com\/wp-content\/uploads\/2024\/05\/DSC_4073-scaled.jpg?fit=1200%2C800&ssl=1&resize=700%2C400 2x, https:\/\/i0.wp.com\/www.supeinnihonto.com\/wp-content\/uploads\/2024\/05\/DSC_4073-scaled.jpg?fit=1200%2C800&ssl=1&resize=1050%2C600 3x"},"classes":[]}],"jetpack_sharing_enabled":true,"_links":{"self":[{"href":"https:\/\/www.supeinnihonto.com\/de\/wp-json\/wp\/v2\/product\/13488","targetHints":{"allow":["GET"]}}],"collection":[{"href":"https:\/\/www.supeinnihonto.com\/de\/wp-json\/wp\/v2\/product"}],"about":[{"href":"https:\/\/www.supeinnihonto.com\/de\/wp-json\/wp\/v2\/types\/product"}],"wp:featuredmedia":[{"embeddable":true,"href":"https:\/\/www.supeinnihonto.com\/de\/wp-json\/wp\/v2\/media\/38922"}],"wp:attachment":[{"href":"https:\/\/www.supeinnihonto.com\/de\/wp-json\/wp\/v2\/media?parent=13488"}],"wp:term":[{"taxonomy":"product_brand","embeddable":true,"href":"https:\/\/www.supeinnihonto.com\/de\/wp-json\/wp\/v2\/product_brand?post=13488"},{"taxonomy":"product_cat","embeddable":true,"href":"https:\/\/www.supeinnihonto.com\/de\/wp-json\/wp\/v2\/product_cat?post=13488"},{"taxonomy":"product_tag","embeddable":true,"href":"https:\/\/www.supeinnihonto.com\/de\/wp-json\/wp\/v2\/product_tag?post=13488"}],"curies":[{"name":"wp","href":"https:\/\/api.w.org\/{rel}","templated":true}]}}