{"id":13375,"date":"2024-05-28T18:48:37","date_gmt":"2024-05-28T18:48:37","guid":{"rendered":"https:\/\/www.supeinnihonto.com\/product\/netsuke-recumber-boar-ivory\/"},"modified":"2025-12-26T10:20:51","modified_gmt":"2025-12-26T10:20:51","slug":"netsuke-liegender-eber-aus-elfenbein","status":"publish","type":"product","link":"https:\/\/www.supeinnihonto.com\/de\/produkt\/netsuke-liegender-eber-aus-elfenbein\/","title":{"rendered":"Netsuke liegender Eber aus Elfenbein"},"content":{"rendered":"<p data-start=\"795\" data-end=\"815\">Kostenloser Versand.<\/p>\n<p data-start=\"817\" data-end=\"1143\">Elfenbein-Netsuke eines liegenden Wildschweins. Sch\u00f6nes Netsuke mit erhaltener gr\u00fcner Polychromie auf den Bl\u00e4ttern und schwarz gef\u00e4rbter Darstellung eines Wildschweins, das auf einem Bl\u00e4tterhaufen liegt. Am Sockel signiert \u201eTomokazu\u201c. Meiji- oder Taish\u014d-Zeit, 20. Jahrhundert. Wird mit Zertifikat und CITES-Dokument geliefert.<\/p>\n<p data-start=\"1145\" data-end=\"1161\">5,5 x 4,3 x 3 cm<\/p>\n","protected":false},"excerpt":{"rendered":"<p>Kostenloser Versand. Elfenbein-Netsuke eines liegenden Wildschweins. Sch\u00f6nes Netsuke mit erhaltener gr\u00fcner Polychromie auf den Bl\u00e4ttern und schwarz gef\u00e4rbter Darstellung eines Wildschweins, das auf einem Bl\u00e4tterhaufen liegt. Am Sockel signiert \u201eTomokazu\u201c. Meiji- oder Taish\u014d-Zeit, 20. Jahrhundert. Wird mit Zertifikat und CITES-Dokument geliefert. 5,5 x 4,3 x 3 cm<\/p>\n","protected":false},"featured_media":38979,"template":"","meta":{"jetpack_post_was_ever_published":false},"product_brand":[],"product_cat":[572],"product_tag":[638,654,656],"class_list":{"0":"post-13375","1":"product","2":"type-product","3":"status-publish","4":"has-post-thumbnail","6":"product_cat-netsuke","7":"product_tag-ivory","8":"product_tag-netsuke","9":"product_tag-okimono","10":"product_shipping_class-light","12":"first","13":"instock","14":"featured","15":"sold-individually","16":"shipping-taxable","17":"purchasable","18":"product-type-simple"},"yoast_head":"<!-- This site is optimized with the Yoast SEO plugin v27.4 - https:\/\/yoast.com\/product\/yoast-seo-wordpress\/ -->\n<title>Netsuke liegender Eber aus Elfenbein - Supein Nihonto<\/title>\n<meta name=\"description\" content=\"Elfenbein-Netsuke eines liegenden Wildschweins. Sch\u00f6nes Netsuke mit erhaltener gr\u00fcner Polychromie auf den Bl\u00e4ttern und schwarz gef\u00e4rbter Darstellung eines Wildschweins auf einem Bl\u00e4tterhaufen.\" \/>\n<meta name=\"robots\" content=\"index, follow, max-snippet:-1, max-image-preview:large, max-video-preview:-1\" \/>\n<link rel=\"canonical\" href=\"https:\/\/www.supeinnihonto.com\/de\/produkt\/netsuke-liegender-eber-aus-elfenbein\/\" \/>\n<meta property=\"og:locale\" content=\"de_DE\" \/>\n<meta property=\"og:type\" content=\"article\" \/>\n<meta property=\"og:title\" content=\"Netsuke liegender Eber aus Elfenbein - Supein Nihonto\" \/>\n<meta property=\"og:description\" content=\"Elfenbein-Netsuke eines liegenden Wildschweins. Sch\u00f6nes Netsuke mit erhaltener gr\u00fcner Polychromie auf den Bl\u00e4ttern und schwarz gef\u00e4rbter Darstellung eines Wildschweins auf einem Bl\u00e4tterhaufen.\" \/>\n<meta property=\"og:url\" content=\"https:\/\/www.supeinnihonto.com\/de\/produkt\/netsuke-liegender-eber-aus-elfenbein\/\" \/>\n<meta property=\"og:site_name\" content=\"Supein Nihonto\" \/>\n<meta property=\"article:modified_time\" content=\"2025-12-26T10:20:51+00:00\" \/>\n<meta property=\"og:image\" content=\"https:\/\/www.supeinnihonto.com\/wp-content\/uploads\/2024\/05\/DSC_4104-scaled.jpg\" \/>\n\t<meta property=\"og:image:width\" content=\"2560\" \/>\n\t<meta property=\"og:image:height\" content=\"1707\" \/>\n\t<meta property=\"og:image:type\" content=\"image\/jpeg\" \/>\n<meta name=\"twitter:card\" content=\"summary_large_image\" \/>\n<meta name=\"twitter:label1\" content=\"Gesch\u00e4tzte Lesezeit\" \/>\n\t<meta name=\"twitter:data1\" content=\"1\u00a0Minute\" \/>\n<script type=\"application\/ld+json\" class=\"yoast-schema-graph\">{\"@context\":\"https:\\\/\\\/schema.org\",\"@graph\":[{\"@type\":\"WebPage\",\"@id\":\"https:\\\/\\\/www.supeinnihonto.com\\\/de\\\/produkt\\\/netsuke-liegender-eber-aus-elfenbein\\\/\",\"url\":\"https:\\\/\\\/www.supeinnihonto.com\\\/de\\\/produkt\\\/netsuke-liegender-eber-aus-elfenbein\\\/\",\"name\":\"Netsuke liegender Eber aus Elfenbein - Supein Nihonto\",\"isPartOf\":{\"@id\":\"https:\\\/\\\/www.supeinnihonto.com\\\/de\\\/#website\"},\"primaryImageOfPage\":{\"@id\":\"https:\\\/\\\/www.supeinnihonto.com\\\/de\\\/produkt\\\/netsuke-liegender-eber-aus-elfenbein\\\/#primaryimage\"},\"image\":{\"@id\":\"https:\\\/\\\/www.supeinnihonto.com\\\/de\\\/produkt\\\/netsuke-liegender-eber-aus-elfenbein\\\/#primaryimage\"},\"thumbnailUrl\":\"https:\\\/\\\/i0.wp.com\\\/www.supeinnihonto.com\\\/wp-content\\\/uploads\\\/2024\\\/05\\\/DSC_4104-scaled-1.webp?fit=2048%2C1365&ssl=1\",\"datePublished\":\"2024-05-28T18:48:37+00:00\",\"dateModified\":\"2025-12-26T10:20:51+00:00\",\"description\":\"Elfenbein-Netsuke eines liegenden Wildschweins. Sch\u00f6nes Netsuke mit erhaltener gr\u00fcner Polychromie auf den Bl\u00e4ttern und schwarz gef\u00e4rbter Darstellung eines Wildschweins auf einem Bl\u00e4tterhaufen.\",\"breadcrumb\":{\"@id\":\"https:\\\/\\\/www.supeinnihonto.com\\\/de\\\/produkt\\\/netsuke-liegender-eber-aus-elfenbein\\\/#breadcrumb\"},\"inLanguage\":\"de\",\"potentialAction\":[{\"@type\":\"ReadAction\",\"target\":[\"https:\\\/\\\/www.supeinnihonto.com\\\/de\\\/produkt\\\/netsuke-liegender-eber-aus-elfenbein\\\/\"]}]},{\"@type\":\"ImageObject\",\"inLanguage\":\"de\",\"@id\":\"https:\\\/\\\/www.supeinnihonto.com\\\/de\\\/produkt\\\/netsuke-liegender-eber-aus-elfenbein\\\/#primaryimage\",\"url\":\"https:\\\/\\\/i0.wp.com\\\/www.supeinnihonto.com\\\/wp-content\\\/uploads\\\/2024\\\/05\\\/DSC_4104-scaled-1.webp?fit=2048%2C1365&ssl=1\",\"contentUrl\":\"https:\\\/\\\/i0.wp.com\\\/www.supeinnihonto.com\\\/wp-content\\\/uploads\\\/2024\\\/05\\\/DSC_4104-scaled-1.webp?fit=2048%2C1365&ssl=1\",\"width\":2048,\"height\":1365,\"caption\":\"Netsuke recumber boar ivory\"},{\"@type\":\"BreadcrumbList\",\"@id\":\"https:\\\/\\\/www.supeinnihonto.com\\\/de\\\/produkt\\\/netsuke-liegender-eber-aus-elfenbein\\\/#breadcrumb\",\"itemListElement\":[{\"@type\":\"ListItem\",\"position\":1,\"name\":\"Portada\",\"item\":\"https:\\\/\\\/www.supeinnihonto.com\\\/de\\\/\"},{\"@type\":\"ListItem\",\"position\":2,\"name\":\"Shop\",\"item\":\"https:\\\/\\\/www.supeinnihonto.com\\\/de\\\/shop\\\/\"},{\"@type\":\"ListItem\",\"position\":3,\"name\":\"Netsuke liegender Eber aus Elfenbein\"}]},{\"@type\":\"WebSite\",\"@id\":\"https:\\\/\\\/www.supeinnihonto.com\\\/de\\\/#website\",\"url\":\"https:\\\/\\\/www.supeinnihonto.com\\\/de\\\/\",\"name\":\"Supein Nihonto\",\"description\":\"Authentic japanese Nihonto katana \",\"publisher\":{\"@id\":\"https:\\\/\\\/www.supeinnihonto.com\\\/de\\\/#organization\"},\"potentialAction\":[{\"@type\":\"SearchAction\",\"target\":{\"@type\":\"EntryPoint\",\"urlTemplate\":\"https:\\\/\\\/www.supeinnihonto.com\\\/de\\\/?s={search_term_string}\"},\"query-input\":{\"@type\":\"PropertyValueSpecification\",\"valueRequired\":true,\"valueName\":\"search_term_string\"}}],\"inLanguage\":\"de\"},{\"@type\":\"Organization\",\"@id\":\"https:\\\/\\\/www.supeinnihonto.com\\\/de\\\/#organization\",\"name\":\"SupeinNihonto\",\"url\":\"https:\\\/\\\/www.supeinnihonto.com\\\/de\\\/\",\"logo\":{\"@type\":\"ImageObject\",\"inLanguage\":\"de\",\"@id\":\"https:\\\/\\\/www.supeinnihonto.com\\\/de\\\/#\\\/schema\\\/logo\\\/image\\\/\",\"url\":\"https:\\\/\\\/www.supeinnihonto.com\\\/wp-content\\\/uploads\\\/2021\\\/11\\\/animation_Default_3szk0jcenoloop.gif\",\"contentUrl\":\"https:\\\/\\\/www.supeinnihonto.com\\\/wp-content\\\/uploads\\\/2021\\\/11\\\/animation_Default_3szk0jcenoloop.gif\",\"width\":750,\"height\":641,\"caption\":\"SupeinNihonto\"},\"image\":{\"@id\":\"https:\\\/\\\/www.supeinnihonto.com\\\/de\\\/#\\\/schema\\\/logo\\\/image\\\/\"}}]}<\/script>\n<!-- \/ Yoast SEO plugin. -->","yoast_head_json":{"title":"Netsuke liegender Eber aus Elfenbein - Supein Nihonto","description":"Elfenbein-Netsuke eines liegenden Wildschweins. Sch\u00f6nes Netsuke mit erhaltener gr\u00fcner Polychromie auf den Bl\u00e4ttern und schwarz gef\u00e4rbter Darstellung eines Wildschweins auf einem Bl\u00e4tterhaufen.","robots":{"index":"index","follow":"follow","max-snippet":"max-snippet:-1","max-image-preview":"max-image-preview:large","max-video-preview":"max-video-preview:-1"},"canonical":"https:\/\/www.supeinnihonto.com\/de\/produkt\/netsuke-liegender-eber-aus-elfenbein\/","og_locale":"de_DE","og_type":"article","og_title":"Netsuke liegender Eber aus Elfenbein - Supein Nihonto","og_description":"Elfenbein-Netsuke eines liegenden Wildschweins. Sch\u00f6nes Netsuke mit erhaltener gr\u00fcner Polychromie auf den Bl\u00e4ttern und schwarz gef\u00e4rbter Darstellung eines Wildschweins auf einem Bl\u00e4tterhaufen.","og_url":"https:\/\/www.supeinnihonto.com\/de\/produkt\/netsuke-liegender-eber-aus-elfenbein\/","og_site_name":"Supein Nihonto","article_modified_time":"2025-12-26T10:20:51+00:00","og_image":[{"width":2560,"height":1707,"url":"https:\/\/www.supeinnihonto.com\/wp-content\/uploads\/2024\/05\/DSC_4104-scaled.jpg","type":"image\/jpeg"}],"twitter_card":"summary_large_image","twitter_misc":{"Gesch\u00e4tzte Lesezeit":"1\u00a0Minute"},"schema":{"@context":"https:\/\/schema.org","@graph":[{"@type":"WebPage","@id":"https:\/\/www.supeinnihonto.com\/de\/produkt\/netsuke-liegender-eber-aus-elfenbein\/","url":"https:\/\/www.supeinnihonto.com\/de\/produkt\/netsuke-liegender-eber-aus-elfenbein\/","name":"Netsuke liegender Eber aus Elfenbein - Supein Nihonto","isPartOf":{"@id":"https:\/\/www.supeinnihonto.com\/de\/#website"},"primaryImageOfPage":{"@id":"https:\/\/www.supeinnihonto.com\/de\/produkt\/netsuke-liegender-eber-aus-elfenbein\/#primaryimage"},"image":{"@id":"https:\/\/www.supeinnihonto.com\/de\/produkt\/netsuke-liegender-eber-aus-elfenbein\/#primaryimage"},"thumbnailUrl":"https:\/\/i0.wp.com\/www.supeinnihonto.com\/wp-content\/uploads\/2024\/05\/DSC_4104-scaled-1.webp?fit=2048%2C1365&ssl=1","datePublished":"2024-05-28T18:48:37+00:00","dateModified":"2025-12-26T10:20:51+00:00","description":"Elfenbein-Netsuke eines liegenden Wildschweins. Sch\u00f6nes Netsuke mit erhaltener gr\u00fcner Polychromie auf den Bl\u00e4ttern und schwarz gef\u00e4rbter Darstellung eines Wildschweins auf einem Bl\u00e4tterhaufen.","breadcrumb":{"@id":"https:\/\/www.supeinnihonto.com\/de\/produkt\/netsuke-liegender-eber-aus-elfenbein\/#breadcrumb"},"inLanguage":"de","potentialAction":[{"@type":"ReadAction","target":["https:\/\/www.supeinnihonto.com\/de\/produkt\/netsuke-liegender-eber-aus-elfenbein\/"]}]},{"@type":"ImageObject","inLanguage":"de","@id":"https:\/\/www.supeinnihonto.com\/de\/produkt\/netsuke-liegender-eber-aus-elfenbein\/#primaryimage","url":"https:\/\/i0.wp.com\/www.supeinnihonto.com\/wp-content\/uploads\/2024\/05\/DSC_4104-scaled-1.webp?fit=2048%2C1365&ssl=1","contentUrl":"https:\/\/i0.wp.com\/www.supeinnihonto.com\/wp-content\/uploads\/2024\/05\/DSC_4104-scaled-1.webp?fit=2048%2C1365&ssl=1","width":2048,"height":1365,"caption":"Netsuke recumber boar ivory"},{"@type":"BreadcrumbList","@id":"https:\/\/www.supeinnihonto.com\/de\/produkt\/netsuke-liegender-eber-aus-elfenbein\/#breadcrumb","itemListElement":[{"@type":"ListItem","position":1,"name":"Portada","item":"https:\/\/www.supeinnihonto.com\/de\/"},{"@type":"ListItem","position":2,"name":"Shop","item":"https:\/\/www.supeinnihonto.com\/de\/shop\/"},{"@type":"ListItem","position":3,"name":"Netsuke liegender Eber aus Elfenbein"}]},{"@type":"WebSite","@id":"https:\/\/www.supeinnihonto.com\/de\/#website","url":"https:\/\/www.supeinnihonto.com\/de\/","name":"Supein Nihonto","description":"Authentic japanese Nihonto katana ","publisher":{"@id":"https:\/\/www.supeinnihonto.com\/de\/#organization"},"potentialAction":[{"@type":"SearchAction","target":{"@type":"EntryPoint","urlTemplate":"https:\/\/www.supeinnihonto.com\/de\/?s={search_term_string}"},"query-input":{"@type":"PropertyValueSpecification","valueRequired":true,"valueName":"search_term_string"}}],"inLanguage":"de"},{"@type":"Organization","@id":"https:\/\/www.supeinnihonto.com\/de\/#organization","name":"SupeinNihonto","url":"https:\/\/www.supeinnihonto.com\/de\/","logo":{"@type":"ImageObject","inLanguage":"de","@id":"https:\/\/www.supeinnihonto.com\/de\/#\/schema\/logo\/image\/","url":"https:\/\/www.supeinnihonto.com\/wp-content\/uploads\/2021\/11\/animation_Default_3szk0jcenoloop.gif","contentUrl":"https:\/\/www.supeinnihonto.com\/wp-content\/uploads\/2021\/11\/animation_Default_3szk0jcenoloop.gif","width":750,"height":641,"caption":"SupeinNihonto"},"image":{"@id":"https:\/\/www.supeinnihonto.com\/de\/#\/schema\/logo\/image\/"}}]}},"jetpack-related-posts":[{"id":14112,"url":"https:\/\/www.supeinnihonto.com\/de\/produkt\/netsuke-alter-mann-und-vogel-aus-elfenbein\/","url_meta":{"origin":13375,"position":0},"title":"Netsuke alter Mann und Vogel aus Elfenbein","author":"Supein Nihonto","date":"28 de Mai de 2024","format":false,"excerpt":"Kostenloser Versand. Wundersch\u00f6nes Netsuke mit der Darstellung eines alten Mannes, der einen auf seiner Hand sitzenden Vogel f\u00fcttert. Dieses Netsuke weist eine au\u00dfergew\u00f6hnliche Patina und eine hervorragende Schnitzqualit\u00e4t auf. Von traditionellem Charakter \u00fcberrascht diese Arbeit durch ihre Detailtreue und Ausdruckskraft. Ein St\u00fcck von sehr hoher Qualit\u00e4t. Meiji-Zeit, sp\u00e4tes 19. Jahrhundert.\u2026","rel":"","context":"\u00c4hnlicher Beitrag","block_context":{"text":"\u00c4hnlicher Beitrag","link":""},"img":{"alt_text":"Netsuke Elder and bird ivory","src":"https:\/\/i0.wp.com\/www.supeinnihonto.com\/wp-content\/uploads\/2024\/05\/DSC_4025-scaled.jpg?fit=1200%2C800&ssl=1&resize=350%2C200","width":350,"height":200,"srcset":"https:\/\/i0.wp.com\/www.supeinnihonto.com\/wp-content\/uploads\/2024\/05\/DSC_4025-scaled.jpg?fit=1200%2C800&ssl=1&resize=350%2C200 1x, https:\/\/i0.wp.com\/www.supeinnihonto.com\/wp-content\/uploads\/2024\/05\/DSC_4025-scaled.jpg?fit=1200%2C800&ssl=1&resize=525%2C300 1.5x, https:\/\/i0.wp.com\/www.supeinnihonto.com\/wp-content\/uploads\/2024\/05\/DSC_4025-scaled.jpg?fit=1200%2C800&ssl=1&resize=700%2C400 2x, https:\/\/i0.wp.com\/www.supeinnihonto.com\/wp-content\/uploads\/2024\/05\/DSC_4025-scaled.jpg?fit=1200%2C800&ssl=1&resize=1050%2C600 3x"},"classes":[]},{"id":13307,"url":"https:\/\/www.supeinnihonto.com\/de\/produkt\/netsuke-sennin-mit-kuerbis-aus-elfenbein\/","url_meta":{"origin":13375,"position":1},"title":"Netsuke Sennin mit K\u00fcrbis aus Elfenbein","author":"Supein Nihonto","date":"28 de Mai de 2024","format":false,"excerpt":"Kostenloser Versand. Antikes Hashi-Netsuke mit Darstellung eines Sennin, der einen K\u00fcrbis auf der Schulter tr\u00e4gt, aus Elfenbein geschnitzt. Ein gro\u00dfartiges Netsuke, museumsw\u00fcrdig aufgrund seines Alters und seiner Qualit\u00e4t. Edo-Zeit, sp\u00e4tes 18. oder fr\u00fches 19. Jahrhundert. Wird mit Gutachten und CITES-Dokument geliefert. 7,3 x 2,5 x 2,3 cm","rel":"","context":"\u00c4hnlicher Beitrag","block_context":{"text":"\u00c4hnlicher Beitrag","link":""},"img":{"alt_text":"Netsuke seinnen pumpkin ivory","src":"https:\/\/i0.wp.com\/www.supeinnihonto.com\/wp-content\/uploads\/2024\/05\/DSC_4049-scaled.jpg?fit=1200%2C800&ssl=1&resize=350%2C200","width":350,"height":200,"srcset":"https:\/\/i0.wp.com\/www.supeinnihonto.com\/wp-content\/uploads\/2024\/05\/DSC_4049-scaled.jpg?fit=1200%2C800&ssl=1&resize=350%2C200 1x, https:\/\/i0.wp.com\/www.supeinnihonto.com\/wp-content\/uploads\/2024\/05\/DSC_4049-scaled.jpg?fit=1200%2C800&ssl=1&resize=525%2C300 1.5x, https:\/\/i0.wp.com\/www.supeinnihonto.com\/wp-content\/uploads\/2024\/05\/DSC_4049-scaled.jpg?fit=1200%2C800&ssl=1&resize=700%2C400 2x, https:\/\/i0.wp.com\/www.supeinnihonto.com\/wp-content\/uploads\/2024\/05\/DSC_4049-scaled.jpg?fit=1200%2C800&ssl=1&resize=1050%2C600 3x"},"classes":[]},{"id":13301,"url":"https:\/\/www.supeinnihonto.com\/de\/produkt\/netsuke-sennin-mit-drache-aus-elfenbein\/","url_meta":{"origin":13375,"position":2},"title":"Netsuke Sennin mit Drache aus Elfenbein","author":"Supein Nihonto","date":"28 de Mai de 2024","format":false,"excerpt":"Kostenloser Versand. Antikes Hashi-Netsuke mit Darstellung eines Sennin, der einen Drachen auf der Schulter tr\u00e4gt, aus Elfenbein geschnitzt. Ein gro\u00dfartiges, museumsw\u00fcrdiges Netsuke aufgrund seines Alters und seiner Qualit\u00e4t. Edo-Zeit, fr\u00fches bis mittleres 18. Jahrhundert. Wird mit Gutachten und CITES-Dokument geliefert. 7,7 x 3,8 x 2,3 cm","rel":"","context":"\u00c4hnlicher Beitrag","block_context":{"text":"\u00c4hnlicher Beitrag","link":""},"img":{"alt_text":"Netsuke seinnen drafon ivory","src":"https:\/\/i0.wp.com\/www.supeinnihonto.com\/wp-content\/uploads\/2024\/05\/DSC_4045-scaled.jpg?fit=1200%2C800&ssl=1&resize=350%2C200","width":350,"height":200,"srcset":"https:\/\/i0.wp.com\/www.supeinnihonto.com\/wp-content\/uploads\/2024\/05\/DSC_4045-scaled.jpg?fit=1200%2C800&ssl=1&resize=350%2C200 1x, https:\/\/i0.wp.com\/www.supeinnihonto.com\/wp-content\/uploads\/2024\/05\/DSC_4045-scaled.jpg?fit=1200%2C800&ssl=1&resize=525%2C300 1.5x, https:\/\/i0.wp.com\/www.supeinnihonto.com\/wp-content\/uploads\/2024\/05\/DSC_4045-scaled.jpg?fit=1200%2C800&ssl=1&resize=700%2C400 2x, https:\/\/i0.wp.com\/www.supeinnihonto.com\/wp-content\/uploads\/2024\/05\/DSC_4045-scaled.jpg?fit=1200%2C800&ssl=1&resize=1050%2C600 3x"},"classes":[]},{"id":13472,"url":"https:\/\/www.supeinnihonto.com\/de\/produkt\/netsuke-schaedel-mit-schlange-aus-elfenbein\/","url_meta":{"origin":13375,"position":3},"title":"Netsuke Sch\u00e4del mit Schlange aus Elfenbein","author":"Supein Nihonto","date":"29 de Mai de 2024","format":false,"excerpt":"Kostenloser Versand. Netsuke in Form eines Sch\u00e4dels geschnitzt, mit einer Schlange, die einen Frosch auf dem Sch\u00e4del angreift. Memento-mori-Symbolik. Aus Elfenbein geschnitzt und am Sockel vom K\u00fcnstler signiert. Meiji-Zeit. Wird mit Zertifikat und CITES-Dokument geliefert. 4 x 3,2 x 3 cm","rel":"","context":"\u00c4hnlicher Beitrag","block_context":{"text":"\u00c4hnlicher Beitrag","link":""},"img":{"alt_text":"Netsuke skull snake ivory","src":"https:\/\/i0.wp.com\/www.supeinnihonto.com\/wp-content\/uploads\/2024\/05\/DSC_4641-scaled.jpg?fit=1200%2C800&ssl=1&resize=350%2C200","width":350,"height":200,"srcset":"https:\/\/i0.wp.com\/www.supeinnihonto.com\/wp-content\/uploads\/2024\/05\/DSC_4641-scaled.jpg?fit=1200%2C800&ssl=1&resize=350%2C200 1x, https:\/\/i0.wp.com\/www.supeinnihonto.com\/wp-content\/uploads\/2024\/05\/DSC_4641-scaled.jpg?fit=1200%2C800&ssl=1&resize=525%2C300 1.5x, https:\/\/i0.wp.com\/www.supeinnihonto.com\/wp-content\/uploads\/2024\/05\/DSC_4641-scaled.jpg?fit=1200%2C800&ssl=1&resize=700%2C400 2x, https:\/\/i0.wp.com\/www.supeinnihonto.com\/wp-content\/uploads\/2024\/05\/DSC_4641-scaled.jpg?fit=1200%2C800&ssl=1&resize=1050%2C600 3x"},"classes":[]},{"id":13283,"url":"https:\/\/www.supeinnihonto.com\/de\/produkt\/netsuke-alter-mann-siegel-aus-elfenbein\/","url_meta":{"origin":13375,"position":4},"title":"Netsuke alter Mann Siegel aus Elfenbein","author":"Supein Nihonto","date":"28 de Mai de 2024","format":false,"excerpt":"Kostenloser Versand. Antikes Netsuke mit Darstellung eines sitzenden alten Mannes mit einem Fliegenwedel. Sch\u00f6ne Patina und nat\u00fcrliche Gebrauchsspuren auf dem Elfenbein. Das Gesicht und andere Bereiche zeigen Abnutzung durch h\u00e4ufige Ber\u00fchrung. Edo-Zeit. Das CITES-Dokument datiert es ins 19. Jahrhundert, jedoch ist es aufgrund seines Erscheinungsbildes m\u00f6glich, dass es deutlich \u00e4lter\u2026","rel":"","context":"\u00c4hnlicher Beitrag","block_context":{"text":"\u00c4hnlicher Beitrag","link":""},"img":{"alt_text":"Netsuke Elder seal ivory","src":"https:\/\/i0.wp.com\/www.supeinnihonto.com\/wp-content\/uploads\/2024\/05\/DSC_4036-scaled.jpg?fit=1200%2C800&ssl=1&resize=350%2C200","width":350,"height":200,"srcset":"https:\/\/i0.wp.com\/www.supeinnihonto.com\/wp-content\/uploads\/2024\/05\/DSC_4036-scaled.jpg?fit=1200%2C800&ssl=1&resize=350%2C200 1x, https:\/\/i0.wp.com\/www.supeinnihonto.com\/wp-content\/uploads\/2024\/05\/DSC_4036-scaled.jpg?fit=1200%2C800&ssl=1&resize=525%2C300 1.5x, https:\/\/i0.wp.com\/www.supeinnihonto.com\/wp-content\/uploads\/2024\/05\/DSC_4036-scaled.jpg?fit=1200%2C800&ssl=1&resize=700%2C400 2x, https:\/\/i0.wp.com\/www.supeinnihonto.com\/wp-content\/uploads\/2024\/05\/DSC_4036-scaled.jpg?fit=1200%2C800&ssl=1&resize=1050%2C600 3x"},"classes":[]},{"id":13480,"url":"https:\/\/www.supeinnihonto.com\/de\/produkt\/netsuke-schaedel-shibayama-aus-elfenbein\/","url_meta":{"origin":13375,"position":5},"title":"Netsuke Sch\u00e4del Shibayama aus Elfenbein","author":"Supein Nihonto","date":"30 de Mai de 2024","format":false,"excerpt":"Kostenloser Versand. Wundersch\u00f6n und meisterhaft geschnitztes Netsuke in Form eines Sch\u00e4dels. Ein au\u00dfergew\u00f6hnliches Werk von fantastischer Qualit\u00e4t, das das Memento mori darstellt. Der Sch\u00e4del ist mit Shibayama-Einlagen aus Perlmutt, Bernstein und anderen Halbedelsteinen gearbeitet, um verschiedene Insekten darzustellen, die aus dem Sch\u00e4del hervorkommen oder sich auf ihm befinden. Aus Elfenbein\u2026","rel":"","context":"\u00c4hnlicher Beitrag","block_context":{"text":"\u00c4hnlicher Beitrag","link":""},"img":{"alt_text":"Netsuke skull shibayama ivory","src":"https:\/\/i0.wp.com\/www.supeinnihonto.com\/wp-content\/uploads\/2024\/05\/DSC_4648-scaled.jpg?fit=1200%2C800&ssl=1&resize=350%2C200","width":350,"height":200,"srcset":"https:\/\/i0.wp.com\/www.supeinnihonto.com\/wp-content\/uploads\/2024\/05\/DSC_4648-scaled.jpg?fit=1200%2C800&ssl=1&resize=350%2C200 1x, https:\/\/i0.wp.com\/www.supeinnihonto.com\/wp-content\/uploads\/2024\/05\/DSC_4648-scaled.jpg?fit=1200%2C800&ssl=1&resize=525%2C300 1.5x, https:\/\/i0.wp.com\/www.supeinnihonto.com\/wp-content\/uploads\/2024\/05\/DSC_4648-scaled.jpg?fit=1200%2C800&ssl=1&resize=700%2C400 2x, https:\/\/i0.wp.com\/www.supeinnihonto.com\/wp-content\/uploads\/2024\/05\/DSC_4648-scaled.jpg?fit=1200%2C800&ssl=1&resize=1050%2C600 3x"},"classes":[]}],"jetpack_sharing_enabled":true,"_links":{"self":[{"href":"https:\/\/www.supeinnihonto.com\/de\/wp-json\/wp\/v2\/product\/13375","targetHints":{"allow":["GET"]}}],"collection":[{"href":"https:\/\/www.supeinnihonto.com\/de\/wp-json\/wp\/v2\/product"}],"about":[{"href":"https:\/\/www.supeinnihonto.com\/de\/wp-json\/wp\/v2\/types\/product"}],"wp:featuredmedia":[{"embeddable":true,"href":"https:\/\/www.supeinnihonto.com\/de\/wp-json\/wp\/v2\/media\/38979"}],"wp:attachment":[{"href":"https:\/\/www.supeinnihonto.com\/de\/wp-json\/wp\/v2\/media?parent=13375"}],"wp:term":[{"taxonomy":"product_brand","embeddable":true,"href":"https:\/\/www.supeinnihonto.com\/de\/wp-json\/wp\/v2\/product_brand?post=13375"},{"taxonomy":"product_cat","embeddable":true,"href":"https:\/\/www.supeinnihonto.com\/de\/wp-json\/wp\/v2\/product_cat?post=13375"},{"taxonomy":"product_tag","embeddable":true,"href":"https:\/\/www.supeinnihonto.com\/de\/wp-json\/wp\/v2\/product_tag?post=13375"}],"curies":[{"name":"wp","href":"https:\/\/api.w.org\/{rel}","templated":true}]}}