{"id":13347,"date":"2024-05-28T19:21:23","date_gmt":"2024-05-28T19:21:23","guid":{"rendered":"https:\/\/www.supeinnihonto.com\/product\/netsuke-monkey-mask-ivory\/"},"modified":"2025-12-25T19:21:52","modified_gmt":"2025-12-25T19:21:52","slug":"netsuke-affe-mit-maske-aus-elfenbein","status":"publish","type":"product","link":"https:\/\/www.supeinnihonto.com\/de\/produkt\/netsuke-affe-mit-maske-aus-elfenbein\/","title":{"rendered":"Netsuke Affe mit Maske aus Elfenbein"},"content":{"rendered":"<p data-start=\"882\" data-end=\"902\">Kostenloser Versand.<\/p>\n<p data-start=\"904\" data-end=\"1170\">Sehr humorvolles und fein geschnitztes Netsuke eines Affen, der eine N\u014d-Theatermaske mit konzentriertem Ausdruck schnitzt. Augen mit schwarzem B\u00fcffelhorn eingelegt. Signiert \u201eMatsuyama\u201c mit roter Einlage. Meiji-Zeit. Wird mit Zertifikat und CITES-Dokument geliefert.<\/p>\n<p data-start=\"1172\" data-end=\"1186\">4 x 3 x 2,8 cm<\/p>\n","protected":false},"excerpt":{"rendered":"<p>Kostenloser Versand. Sehr humorvolles und fein geschnitztes Netsuke eines Affen, der eine N\u014d-Theatermaske mit konzentriertem Ausdruck schnitzt. Augen mit schwarzem B\u00fcffelhorn eingelegt. Signiert \u201eMatsuyama\u201c mit roter Einlage. Meiji-Zeit. Wird mit Zertifikat und CITES-Dokument geliefert. 4 x 3 x 2,8 cm<\/p>\n","protected":false},"featured_media":39000,"template":"","meta":{"jetpack_post_was_ever_published":false},"product_brand":[],"product_cat":[572],"product_tag":[638,654,656],"class_list":{"0":"post-13347","1":"product","2":"type-product","3":"status-publish","4":"has-post-thumbnail","6":"product_cat-netsuke","7":"product_tag-ivory","8":"product_tag-netsuke","9":"product_tag-okimono","10":"product_shipping_class-light","12":"first","13":"instock","14":"featured","15":"sold-individually","16":"shipping-taxable","17":"purchasable","18":"product-type-simple"},"yoast_head":"<!-- This site is optimized with the Yoast SEO plugin v27.5 - https:\/\/yoast.com\/product\/yoast-seo-wordpress\/ -->\n<title>Netsuke Affe mit Maske aus Elfenbein - Supein Nihonto<\/title>\n<meta name=\"description\" content=\"Ein Affe, der mit konzentriertem Ausdruck eine N\u014d-Theatermaske schnitzt. Sehr humorvolles und fein geschnitztes Netsuke eines Affen beim Schnitzen einer N\u014d-Maske. Augen mit schwarzem B\u00fcffelhorn eingelegt. Signiert \u201eMatsuyama\u201c mit roter Einlage.\" \/>\n<meta name=\"robots\" content=\"index, follow, max-snippet:-1, max-image-preview:large, max-video-preview:-1\" \/>\n<link rel=\"canonical\" href=\"https:\/\/www.supeinnihonto.com\/de\/produkt\/netsuke-affe-mit-maske-aus-elfenbein\/\" \/>\n<meta property=\"og:locale\" content=\"de_DE\" \/>\n<meta property=\"og:type\" content=\"article\" \/>\n<meta property=\"og:title\" content=\"Netsuke Affe mit Maske aus Elfenbein - Supein Nihonto\" \/>\n<meta property=\"og:description\" content=\"Ein Affe, der mit konzentriertem Ausdruck eine N\u014d-Theatermaske schnitzt. Sehr humorvolles und fein geschnitztes Netsuke eines Affen beim Schnitzen einer N\u014d-Maske. Augen mit schwarzem B\u00fcffelhorn eingelegt. Signiert \u201eMatsuyama\u201c mit roter Einlage.\" \/>\n<meta property=\"og:url\" content=\"https:\/\/www.supeinnihonto.com\/de\/produkt\/netsuke-affe-mit-maske-aus-elfenbein\/\" \/>\n<meta property=\"og:site_name\" content=\"Supein Nihonto\" \/>\n<meta property=\"article:modified_time\" content=\"2025-12-25T19:21:52+00:00\" \/>\n<meta property=\"og:image\" content=\"https:\/\/www.supeinnihonto.com\/wp-content\/uploads\/2024\/05\/DSC_4131-scaled.jpg\" \/>\n\t<meta property=\"og:image:width\" content=\"2560\" \/>\n\t<meta property=\"og:image:height\" content=\"1707\" \/>\n\t<meta property=\"og:image:type\" content=\"image\/jpeg\" \/>\n<meta name=\"twitter:card\" content=\"summary_large_image\" \/>\n<meta name=\"twitter:label1\" content=\"Gesch\u00e4tzte Lesezeit\" \/>\n\t<meta name=\"twitter:data1\" content=\"1\u00a0Minute\" \/>\n<script type=\"application\/ld+json\" class=\"yoast-schema-graph\">{\"@context\":\"https:\\\/\\\/schema.org\",\"@graph\":[{\"@type\":\"WebPage\",\"@id\":\"https:\\\/\\\/www.supeinnihonto.com\\\/de\\\/produkt\\\/netsuke-affe-mit-maske-aus-elfenbein\\\/\",\"url\":\"https:\\\/\\\/www.supeinnihonto.com\\\/de\\\/produkt\\\/netsuke-affe-mit-maske-aus-elfenbein\\\/\",\"name\":\"Netsuke Affe mit Maske aus Elfenbein - Supein Nihonto\",\"isPartOf\":{\"@id\":\"https:\\\/\\\/www.supeinnihonto.com\\\/de\\\/#website\"},\"primaryImageOfPage\":{\"@id\":\"https:\\\/\\\/www.supeinnihonto.com\\\/de\\\/produkt\\\/netsuke-affe-mit-maske-aus-elfenbein\\\/#primaryimage\"},\"image\":{\"@id\":\"https:\\\/\\\/www.supeinnihonto.com\\\/de\\\/produkt\\\/netsuke-affe-mit-maske-aus-elfenbein\\\/#primaryimage\"},\"thumbnailUrl\":\"https:\\\/\\\/i0.wp.com\\\/www.supeinnihonto.com\\\/wp-content\\\/uploads\\\/2024\\\/05\\\/Netsuke-monkey-mask-ivory.webp?fit=2048%2C1365&ssl=1\",\"datePublished\":\"2024-05-28T19:21:23+00:00\",\"dateModified\":\"2025-12-25T19:21:52+00:00\",\"description\":\"Ein Affe, der mit konzentriertem Ausdruck eine N\u014d-Theatermaske schnitzt. Sehr humorvolles und fein geschnitztes Netsuke eines Affen beim Schnitzen einer N\u014d-Maske. Augen mit schwarzem B\u00fcffelhorn eingelegt. Signiert \u201eMatsuyama\u201c mit roter Einlage.\",\"breadcrumb\":{\"@id\":\"https:\\\/\\\/www.supeinnihonto.com\\\/de\\\/produkt\\\/netsuke-affe-mit-maske-aus-elfenbein\\\/#breadcrumb\"},\"inLanguage\":\"de\",\"potentialAction\":[{\"@type\":\"ReadAction\",\"target\":[\"https:\\\/\\\/www.supeinnihonto.com\\\/de\\\/produkt\\\/netsuke-affe-mit-maske-aus-elfenbein\\\/\"]}]},{\"@type\":\"ImageObject\",\"inLanguage\":\"de\",\"@id\":\"https:\\\/\\\/www.supeinnihonto.com\\\/de\\\/produkt\\\/netsuke-affe-mit-maske-aus-elfenbein\\\/#primaryimage\",\"url\":\"https:\\\/\\\/i0.wp.com\\\/www.supeinnihonto.com\\\/wp-content\\\/uploads\\\/2024\\\/05\\\/Netsuke-monkey-mask-ivory.webp?fit=2048%2C1365&ssl=1\",\"contentUrl\":\"https:\\\/\\\/i0.wp.com\\\/www.supeinnihonto.com\\\/wp-content\\\/uploads\\\/2024\\\/05\\\/Netsuke-monkey-mask-ivory.webp?fit=2048%2C1365&ssl=1\",\"width\":2048,\"height\":1365,\"caption\":\"Netsuke monkey mask ivory\"},{\"@type\":\"BreadcrumbList\",\"@id\":\"https:\\\/\\\/www.supeinnihonto.com\\\/de\\\/produkt\\\/netsuke-affe-mit-maske-aus-elfenbein\\\/#breadcrumb\",\"itemListElement\":[{\"@type\":\"ListItem\",\"position\":1,\"name\":\"Portada\",\"item\":\"https:\\\/\\\/www.supeinnihonto.com\\\/de\\\/\"},{\"@type\":\"ListItem\",\"position\":2,\"name\":\"Shop\",\"item\":\"https:\\\/\\\/www.supeinnihonto.com\\\/de\\\/shop\\\/\"},{\"@type\":\"ListItem\",\"position\":3,\"name\":\"Netsuke Affe mit Maske aus Elfenbein\"}]},{\"@type\":\"WebSite\",\"@id\":\"https:\\\/\\\/www.supeinnihonto.com\\\/de\\\/#website\",\"url\":\"https:\\\/\\\/www.supeinnihonto.com\\\/de\\\/\",\"name\":\"Supein Nihonto\",\"description\":\"Authentic japanese Nihonto katana \",\"publisher\":{\"@id\":\"https:\\\/\\\/www.supeinnihonto.com\\\/de\\\/#organization\"},\"potentialAction\":[{\"@type\":\"SearchAction\",\"target\":{\"@type\":\"EntryPoint\",\"urlTemplate\":\"https:\\\/\\\/www.supeinnihonto.com\\\/de\\\/?s={search_term_string}\"},\"query-input\":{\"@type\":\"PropertyValueSpecification\",\"valueRequired\":true,\"valueName\":\"search_term_string\"}}],\"inLanguage\":\"de\"},{\"@type\":\"Organization\",\"@id\":\"https:\\\/\\\/www.supeinnihonto.com\\\/de\\\/#organization\",\"name\":\"SupeinNihonto\",\"url\":\"https:\\\/\\\/www.supeinnihonto.com\\\/de\\\/\",\"logo\":{\"@type\":\"ImageObject\",\"inLanguage\":\"de\",\"@id\":\"https:\\\/\\\/www.supeinnihonto.com\\\/de\\\/#\\\/schema\\\/logo\\\/image\\\/\",\"url\":\"https:\\\/\\\/www.supeinnihonto.com\\\/wp-content\\\/uploads\\\/2021\\\/11\\\/animation_Default_3szk0jcenoloop.gif\",\"contentUrl\":\"https:\\\/\\\/www.supeinnihonto.com\\\/wp-content\\\/uploads\\\/2021\\\/11\\\/animation_Default_3szk0jcenoloop.gif\",\"width\":750,\"height\":641,\"caption\":\"SupeinNihonto\"},\"image\":{\"@id\":\"https:\\\/\\\/www.supeinnihonto.com\\\/de\\\/#\\\/schema\\\/logo\\\/image\\\/\"}}]}<\/script>\n<!-- \/ Yoast SEO plugin. -->","yoast_head_json":{"title":"Netsuke Affe mit Maske aus Elfenbein - Supein Nihonto","description":"Ein Affe, der mit konzentriertem Ausdruck eine N\u014d-Theatermaske schnitzt. Sehr humorvolles und fein geschnitztes Netsuke eines Affen beim Schnitzen einer N\u014d-Maske. Augen mit schwarzem B\u00fcffelhorn eingelegt. Signiert \u201eMatsuyama\u201c mit roter Einlage.","robots":{"index":"index","follow":"follow","max-snippet":"max-snippet:-1","max-image-preview":"max-image-preview:large","max-video-preview":"max-video-preview:-1"},"canonical":"https:\/\/www.supeinnihonto.com\/de\/produkt\/netsuke-affe-mit-maske-aus-elfenbein\/","og_locale":"de_DE","og_type":"article","og_title":"Netsuke Affe mit Maske aus Elfenbein - Supein Nihonto","og_description":"Ein Affe, der mit konzentriertem Ausdruck eine N\u014d-Theatermaske schnitzt. Sehr humorvolles und fein geschnitztes Netsuke eines Affen beim Schnitzen einer N\u014d-Maske. Augen mit schwarzem B\u00fcffelhorn eingelegt. Signiert \u201eMatsuyama\u201c mit roter Einlage.","og_url":"https:\/\/www.supeinnihonto.com\/de\/produkt\/netsuke-affe-mit-maske-aus-elfenbein\/","og_site_name":"Supein Nihonto","article_modified_time":"2025-12-25T19:21:52+00:00","og_image":[{"width":2560,"height":1707,"url":"https:\/\/www.supeinnihonto.com\/wp-content\/uploads\/2024\/05\/DSC_4131-scaled.jpg","type":"image\/jpeg"}],"twitter_card":"summary_large_image","twitter_misc":{"Gesch\u00e4tzte Lesezeit":"1\u00a0Minute"},"schema":{"@context":"https:\/\/schema.org","@graph":[{"@type":"WebPage","@id":"https:\/\/www.supeinnihonto.com\/de\/produkt\/netsuke-affe-mit-maske-aus-elfenbein\/","url":"https:\/\/www.supeinnihonto.com\/de\/produkt\/netsuke-affe-mit-maske-aus-elfenbein\/","name":"Netsuke Affe mit Maske aus Elfenbein - Supein Nihonto","isPartOf":{"@id":"https:\/\/www.supeinnihonto.com\/de\/#website"},"primaryImageOfPage":{"@id":"https:\/\/www.supeinnihonto.com\/de\/produkt\/netsuke-affe-mit-maske-aus-elfenbein\/#primaryimage"},"image":{"@id":"https:\/\/www.supeinnihonto.com\/de\/produkt\/netsuke-affe-mit-maske-aus-elfenbein\/#primaryimage"},"thumbnailUrl":"https:\/\/i0.wp.com\/www.supeinnihonto.com\/wp-content\/uploads\/2024\/05\/Netsuke-monkey-mask-ivory.webp?fit=2048%2C1365&ssl=1","datePublished":"2024-05-28T19:21:23+00:00","dateModified":"2025-12-25T19:21:52+00:00","description":"Ein Affe, der mit konzentriertem Ausdruck eine N\u014d-Theatermaske schnitzt. Sehr humorvolles und fein geschnitztes Netsuke eines Affen beim Schnitzen einer N\u014d-Maske. Augen mit schwarzem B\u00fcffelhorn eingelegt. Signiert \u201eMatsuyama\u201c mit roter Einlage.","breadcrumb":{"@id":"https:\/\/www.supeinnihonto.com\/de\/produkt\/netsuke-affe-mit-maske-aus-elfenbein\/#breadcrumb"},"inLanguage":"de","potentialAction":[{"@type":"ReadAction","target":["https:\/\/www.supeinnihonto.com\/de\/produkt\/netsuke-affe-mit-maske-aus-elfenbein\/"]}]},{"@type":"ImageObject","inLanguage":"de","@id":"https:\/\/www.supeinnihonto.com\/de\/produkt\/netsuke-affe-mit-maske-aus-elfenbein\/#primaryimage","url":"https:\/\/i0.wp.com\/www.supeinnihonto.com\/wp-content\/uploads\/2024\/05\/Netsuke-monkey-mask-ivory.webp?fit=2048%2C1365&ssl=1","contentUrl":"https:\/\/i0.wp.com\/www.supeinnihonto.com\/wp-content\/uploads\/2024\/05\/Netsuke-monkey-mask-ivory.webp?fit=2048%2C1365&ssl=1","width":2048,"height":1365,"caption":"Netsuke monkey mask ivory"},{"@type":"BreadcrumbList","@id":"https:\/\/www.supeinnihonto.com\/de\/produkt\/netsuke-affe-mit-maske-aus-elfenbein\/#breadcrumb","itemListElement":[{"@type":"ListItem","position":1,"name":"Portada","item":"https:\/\/www.supeinnihonto.com\/de\/"},{"@type":"ListItem","position":2,"name":"Shop","item":"https:\/\/www.supeinnihonto.com\/de\/shop\/"},{"@type":"ListItem","position":3,"name":"Netsuke Affe mit Maske aus Elfenbein"}]},{"@type":"WebSite","@id":"https:\/\/www.supeinnihonto.com\/de\/#website","url":"https:\/\/www.supeinnihonto.com\/de\/","name":"Supein Nihonto","description":"Authentic japanese Nihonto katana ","publisher":{"@id":"https:\/\/www.supeinnihonto.com\/de\/#organization"},"potentialAction":[{"@type":"SearchAction","target":{"@type":"EntryPoint","urlTemplate":"https:\/\/www.supeinnihonto.com\/de\/?s={search_term_string}"},"query-input":{"@type":"PropertyValueSpecification","valueRequired":true,"valueName":"search_term_string"}}],"inLanguage":"de"},{"@type":"Organization","@id":"https:\/\/www.supeinnihonto.com\/de\/#organization","name":"SupeinNihonto","url":"https:\/\/www.supeinnihonto.com\/de\/","logo":{"@type":"ImageObject","inLanguage":"de","@id":"https:\/\/www.supeinnihonto.com\/de\/#\/schema\/logo\/image\/","url":"https:\/\/www.supeinnihonto.com\/wp-content\/uploads\/2021\/11\/animation_Default_3szk0jcenoloop.gif","contentUrl":"https:\/\/www.supeinnihonto.com\/wp-content\/uploads\/2021\/11\/animation_Default_3szk0jcenoloop.gif","width":750,"height":641,"caption":"SupeinNihonto"},"image":{"@id":"https:\/\/www.supeinnihonto.com\/de\/#\/schema\/logo\/image\/"}}]}},"jetpack-related-posts":[{"id":13307,"url":"https:\/\/www.supeinnihonto.com\/de\/produkt\/netsuke-sennin-mit-kuerbis-aus-elfenbein\/","url_meta":{"origin":13347,"position":0},"title":"Netsuke Sennin mit K\u00fcrbis aus Elfenbein","author":"Supein Nihonto","date":"28 de Mai de 2024","format":false,"excerpt":"Kostenloser Versand. Antikes Hashi-Netsuke mit Darstellung eines Sennin, der einen K\u00fcrbis auf der Schulter tr\u00e4gt, aus Elfenbein geschnitzt. Ein gro\u00dfartiges Netsuke, museumsw\u00fcrdig aufgrund seines Alters und seiner Qualit\u00e4t. Edo-Zeit, sp\u00e4tes 18. oder fr\u00fches 19. Jahrhundert. Wird mit Gutachten und CITES-Dokument geliefert. 7,3 x 2,5 x 2,3 cm","rel":"","context":"\u00c4hnlicher Beitrag","block_context":{"text":"\u00c4hnlicher Beitrag","link":""},"img":{"alt_text":"Netsuke seinnen pumpkin ivory","src":"https:\/\/i0.wp.com\/www.supeinnihonto.com\/wp-content\/uploads\/2024\/05\/DSC_4049-scaled.jpg?fit=1200%2C800&ssl=1&resize=350%2C200","width":350,"height":200,"srcset":"https:\/\/i0.wp.com\/www.supeinnihonto.com\/wp-content\/uploads\/2024\/05\/DSC_4049-scaled.jpg?fit=1200%2C800&ssl=1&resize=350%2C200 1x, https:\/\/i0.wp.com\/www.supeinnihonto.com\/wp-content\/uploads\/2024\/05\/DSC_4049-scaled.jpg?fit=1200%2C800&ssl=1&resize=525%2C300 1.5x, https:\/\/i0.wp.com\/www.supeinnihonto.com\/wp-content\/uploads\/2024\/05\/DSC_4049-scaled.jpg?fit=1200%2C800&ssl=1&resize=700%2C400 2x, https:\/\/i0.wp.com\/www.supeinnihonto.com\/wp-content\/uploads\/2024\/05\/DSC_4049-scaled.jpg?fit=1200%2C800&ssl=1&resize=1050%2C600 3x"},"classes":[]},{"id":13301,"url":"https:\/\/www.supeinnihonto.com\/de\/produkt\/netsuke-sennin-mit-drache-aus-elfenbein\/","url_meta":{"origin":13347,"position":1},"title":"Netsuke Sennin mit Drache aus Elfenbein","author":"Supein Nihonto","date":"28 de Mai de 2024","format":false,"excerpt":"Kostenloser Versand. Antikes Hashi-Netsuke mit Darstellung eines Sennin, der einen Drachen auf der Schulter tr\u00e4gt, aus Elfenbein geschnitzt. Ein gro\u00dfartiges, museumsw\u00fcrdiges Netsuke aufgrund seines Alters und seiner Qualit\u00e4t. Edo-Zeit, fr\u00fches bis mittleres 18. Jahrhundert. Wird mit Gutachten und CITES-Dokument geliefert. 7,7 x 3,8 x 2,3 cm","rel":"","context":"\u00c4hnlicher Beitrag","block_context":{"text":"\u00c4hnlicher Beitrag","link":""},"img":{"alt_text":"Netsuke seinnen drafon ivory","src":"https:\/\/i0.wp.com\/www.supeinnihonto.com\/wp-content\/uploads\/2024\/05\/DSC_4045-scaled.jpg?fit=1200%2C800&ssl=1&resize=350%2C200","width":350,"height":200,"srcset":"https:\/\/i0.wp.com\/www.supeinnihonto.com\/wp-content\/uploads\/2024\/05\/DSC_4045-scaled.jpg?fit=1200%2C800&ssl=1&resize=350%2C200 1x, https:\/\/i0.wp.com\/www.supeinnihonto.com\/wp-content\/uploads\/2024\/05\/DSC_4045-scaled.jpg?fit=1200%2C800&ssl=1&resize=525%2C300 1.5x, https:\/\/i0.wp.com\/www.supeinnihonto.com\/wp-content\/uploads\/2024\/05\/DSC_4045-scaled.jpg?fit=1200%2C800&ssl=1&resize=700%2C400 2x, https:\/\/i0.wp.com\/www.supeinnihonto.com\/wp-content\/uploads\/2024\/05\/DSC_4045-scaled.jpg?fit=1200%2C800&ssl=1&resize=1050%2C600 3x"},"classes":[]},{"id":13420,"url":"https:\/\/www.supeinnihonto.com\/de\/produkt\/netsuke-affe-mit-oktopus-aus-elfenbein\/","url_meta":{"origin":13347,"position":2},"title":"Netsuke Affe mit Oktopus aus Elfenbein","author":"Supein Nihonto","date":"28 de Mai de 2024","format":false,"excerpt":"Kostenloser Versand. Sehr humorvolles und hervorragend geschnitztes Netsuke eines Affen, der mit einem Oktopus ringt. Mit roter, gelber und schwarzer Polychromie in den Zeichnungen der Jacke. Augen mit schwarzem B\u00fcffelhorn eingelegt. Signiert \u201eMatsuyama\u201c mit roter Einlage. Meiji-Zeit. Wird mit Zertifikat und CITES-Dokument geliefert. 4 x 3,3 x 3 cm","rel":"","context":"\u00c4hnlicher Beitrag","block_context":{"text":"\u00c4hnlicher Beitrag","link":""},"img":{"alt_text":"Netsuke Monkey octopus ivory","src":"https:\/\/i0.wp.com\/www.supeinnihonto.com\/wp-content\/uploads\/2024\/05\/DSC_4125-scaled.jpg?fit=1200%2C800&ssl=1&resize=350%2C200","width":350,"height":200,"srcset":"https:\/\/i0.wp.com\/www.supeinnihonto.com\/wp-content\/uploads\/2024\/05\/DSC_4125-scaled.jpg?fit=1200%2C800&ssl=1&resize=350%2C200 1x, https:\/\/i0.wp.com\/www.supeinnihonto.com\/wp-content\/uploads\/2024\/05\/DSC_4125-scaled.jpg?fit=1200%2C800&ssl=1&resize=525%2C300 1.5x, https:\/\/i0.wp.com\/www.supeinnihonto.com\/wp-content\/uploads\/2024\/05\/DSC_4125-scaled.jpg?fit=1200%2C800&ssl=1&resize=700%2C400 2x, https:\/\/i0.wp.com\/www.supeinnihonto.com\/wp-content\/uploads\/2024\/05\/DSC_4125-scaled.jpg?fit=1200%2C800&ssl=1&resize=1050%2C600 3x"},"classes":[]},{"id":12700,"url":"https:\/\/www.supeinnihonto.com\/de\/produkt\/netsuke-affe-mit-kaki-ii\/","url_meta":{"origin":13347,"position":3},"title":"Netsuke Affe mit Kaki II","author":"Eric Majo","date":"5 de November de 2024","format":false,"excerpt":"Kostenloser Versand. Spektakul\u00e4res h\u00f6lzernes Netsuke eines Affen, der eine Kaki isst. Die Schnitzarbeit ist au\u00dfergew\u00f6hnlich detailreich und der Ausdruck des Affen ist fantastisch. Mit gro\u00dfer Liebe zum Detail geschnitzt. Meiji-Zeit. 4,5 x 4 x 2,8 cm","rel":"","context":"\u00c4hnlicher Beitrag","block_context":{"text":"\u00c4hnlicher Beitrag","link":""},"img":{"alt_text":"Netsuke monkey persimmon III","src":"https:\/\/i0.wp.com\/www.supeinnihonto.com\/wp-content\/uploads\/2024\/11\/DSC1552-scaled.jpg?fit=1200%2C810&ssl=1&resize=350%2C200","width":350,"height":200,"srcset":"https:\/\/i0.wp.com\/www.supeinnihonto.com\/wp-content\/uploads\/2024\/11\/DSC1552-scaled.jpg?fit=1200%2C810&ssl=1&resize=350%2C200 1x, https:\/\/i0.wp.com\/www.supeinnihonto.com\/wp-content\/uploads\/2024\/11\/DSC1552-scaled.jpg?fit=1200%2C810&ssl=1&resize=525%2C300 1.5x, https:\/\/i0.wp.com\/www.supeinnihonto.com\/wp-content\/uploads\/2024\/11\/DSC1552-scaled.jpg?fit=1200%2C810&ssl=1&resize=700%2C400 2x, https:\/\/i0.wp.com\/www.supeinnihonto.com\/wp-content\/uploads\/2024\/11\/DSC1552-scaled.jpg?fit=1200%2C810&ssl=1&resize=1050%2C600 3x"},"classes":[]},{"id":13472,"url":"https:\/\/www.supeinnihonto.com\/de\/produkt\/netsuke-schaedel-mit-schlange-aus-elfenbein\/","url_meta":{"origin":13347,"position":4},"title":"Netsuke Sch\u00e4del mit Schlange aus Elfenbein","author":"Supein Nihonto","date":"29 de Mai de 2024","format":false,"excerpt":"Kostenloser Versand. Netsuke in Form eines Sch\u00e4dels geschnitzt, mit einer Schlange, die einen Frosch auf dem Sch\u00e4del angreift. Memento-mori-Symbolik. Aus Elfenbein geschnitzt und am Sockel vom K\u00fcnstler signiert. Meiji-Zeit. Wird mit Zertifikat und CITES-Dokument geliefert. 4 x 3,2 x 3 cm","rel":"","context":"\u00c4hnlicher Beitrag","block_context":{"text":"\u00c4hnlicher Beitrag","link":""},"img":{"alt_text":"Netsuke skull snake ivory","src":"https:\/\/i0.wp.com\/www.supeinnihonto.com\/wp-content\/uploads\/2024\/05\/DSC_4641-scaled.jpg?fit=1200%2C800&ssl=1&resize=350%2C200","width":350,"height":200,"srcset":"https:\/\/i0.wp.com\/www.supeinnihonto.com\/wp-content\/uploads\/2024\/05\/DSC_4641-scaled.jpg?fit=1200%2C800&ssl=1&resize=350%2C200 1x, https:\/\/i0.wp.com\/www.supeinnihonto.com\/wp-content\/uploads\/2024\/05\/DSC_4641-scaled.jpg?fit=1200%2C800&ssl=1&resize=525%2C300 1.5x, https:\/\/i0.wp.com\/www.supeinnihonto.com\/wp-content\/uploads\/2024\/05\/DSC_4641-scaled.jpg?fit=1200%2C800&ssl=1&resize=700%2C400 2x, https:\/\/i0.wp.com\/www.supeinnihonto.com\/wp-content\/uploads\/2024\/05\/DSC_4641-scaled.jpg?fit=1200%2C800&ssl=1&resize=1050%2C600 3x"},"classes":[]},{"id":13412,"url":"https:\/\/www.supeinnihonto.com\/de\/produkt\/netsuke-hund-und-schildkroete-aus-elfenbein\/","url_meta":{"origin":13347,"position":5},"title":"Netsuke Hund und Schildkr\u00f6te aus Elfenbein","author":"Supein Nihonto","date":"28 de Mai de 2024","format":false,"excerpt":"Kostenloser Versand. Ein Wolf, der mit einer Schildkr\u00f6te spielt, braun get\u00f6nt. Augen mit schwarzem B\u00fcffelhorn eingelegt. Signiert \u201eTomotada\u201c. Meiji\u2013Taish\u014d-Zeit. Wird mit Zertifikat und CITES-Dokument geliefert. 3,7 x 3,4 x 2 cm","rel":"","context":"\u00c4hnlicher Beitrag","block_context":{"text":"\u00c4hnlicher Beitrag","link":""},"img":{"alt_text":"Netsuke dog and turttle ivory","src":"https:\/\/i0.wp.com\/www.supeinnihonto.com\/wp-content\/uploads\/2024\/05\/DSC_4087-scaled.jpg?fit=1200%2C800&ssl=1&resize=350%2C200","width":350,"height":200,"srcset":"https:\/\/i0.wp.com\/www.supeinnihonto.com\/wp-content\/uploads\/2024\/05\/DSC_4087-scaled.jpg?fit=1200%2C800&ssl=1&resize=350%2C200 1x, https:\/\/i0.wp.com\/www.supeinnihonto.com\/wp-content\/uploads\/2024\/05\/DSC_4087-scaled.jpg?fit=1200%2C800&ssl=1&resize=525%2C300 1.5x, https:\/\/i0.wp.com\/www.supeinnihonto.com\/wp-content\/uploads\/2024\/05\/DSC_4087-scaled.jpg?fit=1200%2C800&ssl=1&resize=700%2C400 2x, https:\/\/i0.wp.com\/www.supeinnihonto.com\/wp-content\/uploads\/2024\/05\/DSC_4087-scaled.jpg?fit=1200%2C800&ssl=1&resize=1050%2C600 3x"},"classes":[]}],"jetpack_sharing_enabled":true,"_links":{"self":[{"href":"https:\/\/www.supeinnihonto.com\/de\/wp-json\/wp\/v2\/product\/13347","targetHints":{"allow":["GET"]}}],"collection":[{"href":"https:\/\/www.supeinnihonto.com\/de\/wp-json\/wp\/v2\/product"}],"about":[{"href":"https:\/\/www.supeinnihonto.com\/de\/wp-json\/wp\/v2\/types\/product"}],"wp:featuredmedia":[{"embeddable":true,"href":"https:\/\/www.supeinnihonto.com\/de\/wp-json\/wp\/v2\/media\/39000"}],"wp:attachment":[{"href":"https:\/\/www.supeinnihonto.com\/de\/wp-json\/wp\/v2\/media?parent=13347"}],"wp:term":[{"taxonomy":"product_brand","embeddable":true,"href":"https:\/\/www.supeinnihonto.com\/de\/wp-json\/wp\/v2\/product_brand?post=13347"},{"taxonomy":"product_cat","embeddable":true,"href":"https:\/\/www.supeinnihonto.com\/de\/wp-json\/wp\/v2\/product_cat?post=13347"},{"taxonomy":"product_tag","embeddable":true,"href":"https:\/\/www.supeinnihonto.com\/de\/wp-json\/wp\/v2\/product_tag?post=13347"}],"curies":[{"name":"wp","href":"https:\/\/api.w.org\/{rel}","templated":true}]}}