{"id":13315,"date":"2024-05-28T14:51:46","date_gmt":"2024-05-28T14:51:46","guid":{"rendered":"https:\/\/www.supeinnihonto.com\/product\/okimono-festivity-men-ivory\/"},"modified":"2025-12-26T11:36:16","modified_gmt":"2025-12-26T11:36:16","slug":"okimono-festliche-maenner-aus-elfenbein","status":"publish","type":"product","link":"https:\/\/www.supeinnihonto.com\/de\/produkt\/okimono-festliche-maenner-aus-elfenbein\/","title":{"rendered":"Okimono festliche M\u00e4nner aus Elfenbein"},"content":{"rendered":"<p data-start=\"959\" data-end=\"979\">Kostenloser Versand.<\/p>\n<p data-start=\"981\" data-end=\"1413\">Okimono mit einer traditionellen Darstellung mehrerer M\u00e4nner, die ein Matsuri-Fest feiern. Einige tragen Mochi und eine Trinkkalebasse, w\u00e4hrend Teller auf dem Boden liegen. Sowohl der Sockel als auch die gesamte Schnitzarbeit sind fein ausgef\u00fchrt und sehr detailreich \u2013 ein hervorragendes Werk. Der Sockel ist vom K\u00fcnstler signiert. 19. Jahrhundert, sp\u00e4te Edo- oder fr\u00fche Meiji-Zeit. Wird mit Gutachten und CITES-Dokument geliefert.<\/p>\n<p data-start=\"1415\" data-end=\"1433\">5,7 x 4,8 x 4,2 cm<\/p>\n","protected":false},"excerpt":{"rendered":"<p>Kostenloser Versand. Okimono mit einer traditionellen Darstellung mehrerer M\u00e4nner, die ein Matsuri-Fest feiern. Einige tragen Mochi und eine Trinkkalebasse, w\u00e4hrend Teller auf dem Boden liegen. Sowohl der Sockel als auch die gesamte Schnitzarbeit sind fein ausgef\u00fchrt und sehr detailreich \u2013 ein hervorragendes Werk. Der Sockel ist vom K\u00fcnstler signiert. 19. [&hellip;]<\/p>\n","protected":false},"featured_media":13316,"template":"","meta":{"jetpack_post_was_ever_published":false},"product_brand":[],"product_cat":[572],"product_tag":[638,654,656],"class_list":{"0":"post-13315","1":"product","2":"type-product","3":"status-publish","4":"has-post-thumbnail","6":"product_cat-netsuke","7":"product_tag-ivory","8":"product_tag-netsuke","9":"product_tag-okimono","10":"product_shipping_class-light","12":"first","13":"instock","14":"featured","15":"sold-individually","16":"shipping-taxable","17":"purchasable","18":"product-type-simple"},"yoast_head":"<!-- This site is optimized with the Yoast SEO plugin v27.3 - https:\/\/yoast.com\/product\/yoast-seo-wordpress\/ -->\n<title>Okimono festliche M\u00e4nner aus Elfenbein - Supein Nihonto<\/title>\n<meta name=\"description\" content=\"Okimono mit einer traditionellen Darstellung mehrerer M\u00e4nner, die ein Matsuri-Fest feiern. Einige tragen Mochi und eine Trinkkalebasse, w\u00e4hrend Teller auf dem Boden liegen.\" \/>\n<meta name=\"robots\" content=\"index, follow, max-snippet:-1, max-image-preview:large, max-video-preview:-1\" \/>\n<link rel=\"canonical\" href=\"https:\/\/www.supeinnihonto.com\/de\/produkt\/okimono-festliche-maenner-aus-elfenbein\/\" \/>\n<meta property=\"og:locale\" content=\"de_DE\" \/>\n<meta property=\"og:type\" content=\"article\" \/>\n<meta property=\"og:title\" content=\"Okimono festliche M\u00e4nner aus Elfenbein - Supein Nihonto\" \/>\n<meta property=\"og:description\" content=\"Okimono mit einer traditionellen Darstellung mehrerer M\u00e4nner, die ein Matsuri-Fest feiern. Einige tragen Mochi und eine Trinkkalebasse, w\u00e4hrend Teller auf dem Boden liegen.\" \/>\n<meta property=\"og:url\" content=\"https:\/\/www.supeinnihonto.com\/de\/produkt\/okimono-festliche-maenner-aus-elfenbein\/\" \/>\n<meta property=\"og:site_name\" content=\"Supein Nihonto\" \/>\n<meta property=\"article:modified_time\" content=\"2025-12-26T11:36:16+00:00\" \/>\n<meta property=\"og:image\" content=\"https:\/\/www.supeinnihonto.com\/wp-content\/uploads\/2024\/05\/DSC_4053-scaled.jpg\" \/>\n\t<meta property=\"og:image:width\" content=\"2560\" \/>\n\t<meta property=\"og:image:height\" content=\"1707\" \/>\n\t<meta property=\"og:image:type\" content=\"image\/jpeg\" \/>\n<meta name=\"twitter:card\" content=\"summary_large_image\" \/>\n<meta name=\"twitter:label1\" content=\"Gesch\u00e4tzte Lesezeit\" \/>\n\t<meta name=\"twitter:data1\" content=\"1\u00a0Minute\" \/>\n<script type=\"application\/ld+json\" class=\"yoast-schema-graph\">{\"@context\":\"https:\\\/\\\/schema.org\",\"@graph\":[{\"@type\":\"WebPage\",\"@id\":\"https:\\\/\\\/www.supeinnihonto.com\\\/de\\\/produkt\\\/okimono-festliche-maenner-aus-elfenbein\\\/\",\"url\":\"https:\\\/\\\/www.supeinnihonto.com\\\/de\\\/produkt\\\/okimono-festliche-maenner-aus-elfenbein\\\/\",\"name\":\"Okimono festliche M\u00e4nner aus Elfenbein - Supein Nihonto\",\"isPartOf\":{\"@id\":\"https:\\\/\\\/www.supeinnihonto.com\\\/de\\\/#website\"},\"primaryImageOfPage\":{\"@id\":\"https:\\\/\\\/www.supeinnihonto.com\\\/de\\\/produkt\\\/okimono-festliche-maenner-aus-elfenbein\\\/#primaryimage\"},\"image\":{\"@id\":\"https:\\\/\\\/www.supeinnihonto.com\\\/de\\\/produkt\\\/okimono-festliche-maenner-aus-elfenbein\\\/#primaryimage\"},\"thumbnailUrl\":\"https:\\\/\\\/i0.wp.com\\\/www.supeinnihonto.com\\\/wp-content\\\/uploads\\\/2024\\\/05\\\/DSC_4053-scaled.jpg?fit=2560%2C1707&ssl=1\",\"datePublished\":\"2024-05-28T14:51:46+00:00\",\"dateModified\":\"2025-12-26T11:36:16+00:00\",\"description\":\"Okimono mit einer traditionellen Darstellung mehrerer M\u00e4nner, die ein Matsuri-Fest feiern. Einige tragen Mochi und eine Trinkkalebasse, w\u00e4hrend Teller auf dem Boden liegen.\",\"breadcrumb\":{\"@id\":\"https:\\\/\\\/www.supeinnihonto.com\\\/de\\\/produkt\\\/okimono-festliche-maenner-aus-elfenbein\\\/#breadcrumb\"},\"inLanguage\":\"de\",\"potentialAction\":[{\"@type\":\"ReadAction\",\"target\":[\"https:\\\/\\\/www.supeinnihonto.com\\\/de\\\/produkt\\\/okimono-festliche-maenner-aus-elfenbein\\\/\"]}]},{\"@type\":\"ImageObject\",\"inLanguage\":\"de\",\"@id\":\"https:\\\/\\\/www.supeinnihonto.com\\\/de\\\/produkt\\\/okimono-festliche-maenner-aus-elfenbein\\\/#primaryimage\",\"url\":\"https:\\\/\\\/i0.wp.com\\\/www.supeinnihonto.com\\\/wp-content\\\/uploads\\\/2024\\\/05\\\/DSC_4053-scaled.jpg?fit=2560%2C1707&ssl=1\",\"contentUrl\":\"https:\\\/\\\/i0.wp.com\\\/www.supeinnihonto.com\\\/wp-content\\\/uploads\\\/2024\\\/05\\\/DSC_4053-scaled.jpg?fit=2560%2C1707&ssl=1\",\"width\":2560,\"height\":1707,\"caption\":\"Okimono festivity men ivory\"},{\"@type\":\"BreadcrumbList\",\"@id\":\"https:\\\/\\\/www.supeinnihonto.com\\\/de\\\/produkt\\\/okimono-festliche-maenner-aus-elfenbein\\\/#breadcrumb\",\"itemListElement\":[{\"@type\":\"ListItem\",\"position\":1,\"name\":\"Portada\",\"item\":\"https:\\\/\\\/www.supeinnihonto.com\\\/de\\\/\"},{\"@type\":\"ListItem\",\"position\":2,\"name\":\"Shop\",\"item\":\"https:\\\/\\\/www.supeinnihonto.com\\\/de\\\/shop\\\/\"},{\"@type\":\"ListItem\",\"position\":3,\"name\":\"Okimono festliche M\u00e4nner aus Elfenbein\"}]},{\"@type\":\"WebSite\",\"@id\":\"https:\\\/\\\/www.supeinnihonto.com\\\/de\\\/#website\",\"url\":\"https:\\\/\\\/www.supeinnihonto.com\\\/de\\\/\",\"name\":\"Supein Nihonto\",\"description\":\"Authentic japanese Nihonto katana \",\"publisher\":{\"@id\":\"https:\\\/\\\/www.supeinnihonto.com\\\/de\\\/#organization\"},\"potentialAction\":[{\"@type\":\"SearchAction\",\"target\":{\"@type\":\"EntryPoint\",\"urlTemplate\":\"https:\\\/\\\/www.supeinnihonto.com\\\/de\\\/?s={search_term_string}\"},\"query-input\":{\"@type\":\"PropertyValueSpecification\",\"valueRequired\":true,\"valueName\":\"search_term_string\"}}],\"inLanguage\":\"de\"},{\"@type\":\"Organization\",\"@id\":\"https:\\\/\\\/www.supeinnihonto.com\\\/de\\\/#organization\",\"name\":\"SupeinNihonto\",\"url\":\"https:\\\/\\\/www.supeinnihonto.com\\\/de\\\/\",\"logo\":{\"@type\":\"ImageObject\",\"inLanguage\":\"de\",\"@id\":\"https:\\\/\\\/www.supeinnihonto.com\\\/de\\\/#\\\/schema\\\/logo\\\/image\\\/\",\"url\":\"https:\\\/\\\/www.supeinnihonto.com\\\/wp-content\\\/uploads\\\/2021\\\/11\\\/animation_Default_3szk0jcenoloop.gif\",\"contentUrl\":\"https:\\\/\\\/www.supeinnihonto.com\\\/wp-content\\\/uploads\\\/2021\\\/11\\\/animation_Default_3szk0jcenoloop.gif\",\"width\":750,\"height\":641,\"caption\":\"SupeinNihonto\"},\"image\":{\"@id\":\"https:\\\/\\\/www.supeinnihonto.com\\\/de\\\/#\\\/schema\\\/logo\\\/image\\\/\"}}]}<\/script>\n<!-- \/ Yoast SEO plugin. -->","yoast_head_json":{"title":"Okimono festliche M\u00e4nner aus Elfenbein - Supein Nihonto","description":"Okimono mit einer traditionellen Darstellung mehrerer M\u00e4nner, die ein Matsuri-Fest feiern. Einige tragen Mochi und eine Trinkkalebasse, w\u00e4hrend Teller auf dem Boden liegen.","robots":{"index":"index","follow":"follow","max-snippet":"max-snippet:-1","max-image-preview":"max-image-preview:large","max-video-preview":"max-video-preview:-1"},"canonical":"https:\/\/www.supeinnihonto.com\/de\/produkt\/okimono-festliche-maenner-aus-elfenbein\/","og_locale":"de_DE","og_type":"article","og_title":"Okimono festliche M\u00e4nner aus Elfenbein - Supein Nihonto","og_description":"Okimono mit einer traditionellen Darstellung mehrerer M\u00e4nner, die ein Matsuri-Fest feiern. Einige tragen Mochi und eine Trinkkalebasse, w\u00e4hrend Teller auf dem Boden liegen.","og_url":"https:\/\/www.supeinnihonto.com\/de\/produkt\/okimono-festliche-maenner-aus-elfenbein\/","og_site_name":"Supein Nihonto","article_modified_time":"2025-12-26T11:36:16+00:00","og_image":[{"width":2560,"height":1707,"url":"https:\/\/www.supeinnihonto.com\/wp-content\/uploads\/2024\/05\/DSC_4053-scaled.jpg","type":"image\/jpeg"}],"twitter_card":"summary_large_image","twitter_misc":{"Gesch\u00e4tzte Lesezeit":"1\u00a0Minute"},"schema":{"@context":"https:\/\/schema.org","@graph":[{"@type":"WebPage","@id":"https:\/\/www.supeinnihonto.com\/de\/produkt\/okimono-festliche-maenner-aus-elfenbein\/","url":"https:\/\/www.supeinnihonto.com\/de\/produkt\/okimono-festliche-maenner-aus-elfenbein\/","name":"Okimono festliche M\u00e4nner aus Elfenbein - Supein Nihonto","isPartOf":{"@id":"https:\/\/www.supeinnihonto.com\/de\/#website"},"primaryImageOfPage":{"@id":"https:\/\/www.supeinnihonto.com\/de\/produkt\/okimono-festliche-maenner-aus-elfenbein\/#primaryimage"},"image":{"@id":"https:\/\/www.supeinnihonto.com\/de\/produkt\/okimono-festliche-maenner-aus-elfenbein\/#primaryimage"},"thumbnailUrl":"https:\/\/i0.wp.com\/www.supeinnihonto.com\/wp-content\/uploads\/2024\/05\/DSC_4053-scaled.jpg?fit=2560%2C1707&ssl=1","datePublished":"2024-05-28T14:51:46+00:00","dateModified":"2025-12-26T11:36:16+00:00","description":"Okimono mit einer traditionellen Darstellung mehrerer M\u00e4nner, die ein Matsuri-Fest feiern. Einige tragen Mochi und eine Trinkkalebasse, w\u00e4hrend Teller auf dem Boden liegen.","breadcrumb":{"@id":"https:\/\/www.supeinnihonto.com\/de\/produkt\/okimono-festliche-maenner-aus-elfenbein\/#breadcrumb"},"inLanguage":"de","potentialAction":[{"@type":"ReadAction","target":["https:\/\/www.supeinnihonto.com\/de\/produkt\/okimono-festliche-maenner-aus-elfenbein\/"]}]},{"@type":"ImageObject","inLanguage":"de","@id":"https:\/\/www.supeinnihonto.com\/de\/produkt\/okimono-festliche-maenner-aus-elfenbein\/#primaryimage","url":"https:\/\/i0.wp.com\/www.supeinnihonto.com\/wp-content\/uploads\/2024\/05\/DSC_4053-scaled.jpg?fit=2560%2C1707&ssl=1","contentUrl":"https:\/\/i0.wp.com\/www.supeinnihonto.com\/wp-content\/uploads\/2024\/05\/DSC_4053-scaled.jpg?fit=2560%2C1707&ssl=1","width":2560,"height":1707,"caption":"Okimono festivity men ivory"},{"@type":"BreadcrumbList","@id":"https:\/\/www.supeinnihonto.com\/de\/produkt\/okimono-festliche-maenner-aus-elfenbein\/#breadcrumb","itemListElement":[{"@type":"ListItem","position":1,"name":"Portada","item":"https:\/\/www.supeinnihonto.com\/de\/"},{"@type":"ListItem","position":2,"name":"Shop","item":"https:\/\/www.supeinnihonto.com\/de\/shop\/"},{"@type":"ListItem","position":3,"name":"Okimono festliche M\u00e4nner aus Elfenbein"}]},{"@type":"WebSite","@id":"https:\/\/www.supeinnihonto.com\/de\/#website","url":"https:\/\/www.supeinnihonto.com\/de\/","name":"Supein Nihonto","description":"Authentic japanese Nihonto katana ","publisher":{"@id":"https:\/\/www.supeinnihonto.com\/de\/#organization"},"potentialAction":[{"@type":"SearchAction","target":{"@type":"EntryPoint","urlTemplate":"https:\/\/www.supeinnihonto.com\/de\/?s={search_term_string}"},"query-input":{"@type":"PropertyValueSpecification","valueRequired":true,"valueName":"search_term_string"}}],"inLanguage":"de"},{"@type":"Organization","@id":"https:\/\/www.supeinnihonto.com\/de\/#organization","name":"SupeinNihonto","url":"https:\/\/www.supeinnihonto.com\/de\/","logo":{"@type":"ImageObject","inLanguage":"de","@id":"https:\/\/www.supeinnihonto.com\/de\/#\/schema\/logo\/image\/","url":"https:\/\/www.supeinnihonto.com\/wp-content\/uploads\/2021\/11\/animation_Default_3szk0jcenoloop.gif","contentUrl":"https:\/\/www.supeinnihonto.com\/wp-content\/uploads\/2021\/11\/animation_Default_3szk0jcenoloop.gif","width":750,"height":641,"caption":"SupeinNihonto"},"image":{"@id":"https:\/\/www.supeinnihonto.com\/de\/#\/schema\/logo\/image\/"}}]}},"jetpack-related-posts":[{"id":44737,"url":"https:\/\/www.supeinnihonto.com\/nl\/product\/nihonto-katana-fujiwara-kunitoshi-nbthk-tokobetsu-kicho-4\/","url_meta":{"origin":13315,"position":0},"title":"Nihonto katana &#8222;Fujiwara Kunitoshi&#8220; NBTHK Tokobetsu Kicho","author":"Eric Majo","date":"26 de Februar de 2026","format":false,"excerpt":"ITEMBESCHRIJVING: Wordt geleverd met kimono of katoenen tas. Wordt geleverd met certificaat van supein Nihonto. Wordt geleverd met NBTHK Tokobetsu Kicho. Wordt geleverd met kopie van tokorusho (het origineel moet in Japan blijven). Katana gesigneerd Fujiwara Kuniyoshi \u2013 Bunka 7 (1810) \u2013 Shirasaya 1) Volledige Torokusho Vertaling (Tochigi Nr. 5479)\u2026","rel":"","context":"\u00c4hnlicher Beitrag","block_context":{"text":"\u00c4hnlicher Beitrag","link":""},"img":{"alt_text":"Nihonto tachi \u00e0 vendre \/ acheter un nihonto tachi","src":"https:\/\/i0.wp.com\/www.supeinnihonto.com\/wp-content\/uploads\/2026\/02\/19775title.jpg?fit=1200%2C607&ssl=1&resize=350%2C200","width":350,"height":200,"srcset":"https:\/\/i0.wp.com\/www.supeinnihonto.com\/wp-content\/uploads\/2026\/02\/19775title.jpg?fit=1200%2C607&ssl=1&resize=350%2C200 1x, https:\/\/i0.wp.com\/www.supeinnihonto.com\/wp-content\/uploads\/2026\/02\/19775title.jpg?fit=1200%2C607&ssl=1&resize=525%2C300 1.5x, https:\/\/i0.wp.com\/www.supeinnihonto.com\/wp-content\/uploads\/2026\/02\/19775title.jpg?fit=1200%2C607&ssl=1&resize=700%2C400 2x, https:\/\/i0.wp.com\/www.supeinnihonto.com\/wp-content\/uploads\/2026\/02\/19775title.jpg?fit=1200%2C607&ssl=1&resize=1050%2C600 3x"},"classes":[]},{"id":42647,"url":"https:\/\/www.supeinnihonto.com\/nl\/product\/nihonto-katana-fujiwara-kunitoshi-nbthk-tokobetsu-kicho-16\/","url_meta":{"origin":13315,"position":1},"title":"Nihonto katana &#8222;Fujiwara Kunitoshi&#8220; NBTHK Tokobetsu Kicho","author":"Eric Majo","date":"19 de Februar de 2026","format":false,"excerpt":"ITEMBESCHRIJVING: Wordt geleverd met kimono of katoenen tas. Wordt geleverd met certificaat van supein Nihonto. Wordt geleverd met NBTHK Tokobetsu Kicho. Wordt geleverd met kopie van tokorusho (het origineel moet in Japan blijven). Katana gesigneerd Fujiwara Kuniyoshi \u2013 Bunka 7 (1810) \u2013 Shirasaya 1) Volledige Torokusho Vertaling (Tochigi Nr. 5479)\u2026","rel":"","context":"\u00c4hnlicher Beitrag","block_context":{"text":"\u00c4hnlicher Beitrag","link":""},"img":{"alt_text":"Sold","src":"https:\/\/i0.wp.com\/www.supeinnihonto.com\/wp-content\/uploads\/2024\/01\/logo-sold-scaled.png?fit=1200%2C720&ssl=1&resize=350%2C200","width":350,"height":200,"srcset":"https:\/\/i0.wp.com\/www.supeinnihonto.com\/wp-content\/uploads\/2024\/01\/logo-sold-scaled.png?fit=1200%2C720&ssl=1&resize=350%2C200 1x, https:\/\/i0.wp.com\/www.supeinnihonto.com\/wp-content\/uploads\/2024\/01\/logo-sold-scaled.png?fit=1200%2C720&ssl=1&resize=525%2C300 1.5x, https:\/\/i0.wp.com\/www.supeinnihonto.com\/wp-content\/uploads\/2024\/01\/logo-sold-scaled.png?fit=1200%2C720&ssl=1&resize=700%2C400 2x, https:\/\/i0.wp.com\/www.supeinnihonto.com\/wp-content\/uploads\/2024\/01\/logo-sold-scaled.png?fit=1200%2C720&ssl=1&resize=1050%2C600 3x"},"classes":[]},{"id":49402,"url":"https:\/\/www.supeinnihonto.com\/nl\/product\/nihonto-katana-fujiwara-kunitoshi-nbthk-tokobetsu-kicho-copy-copy-copy-copy-copy\/","url_meta":{"origin":13315,"position":2},"title":"Nihonto katana &#8222;Fujiwara Kunitoshi&#8220; NBTHK Tokobetsu Kicho (Copy) (Copy) (Copy) (Copy) (Copy)","author":"Eric Majo","date":"12 de M\u00e4rz de 2026","format":false,"excerpt":"ITEMBESCHRIJVING: Wordt geleverd met kimono of katoenen tas. Wordt geleverd met certificaat van supein Nihonto. Wordt geleverd met NBTHK Tokobetsu Kicho. Wordt geleverd met kopie van tokorusho (het origineel moet in Japan blijven). Katana gesigneerd Fujiwara Kuniyoshi \u2013 Bunka 7 (1810) \u2013 Shirasaya 1) Volledige Torokusho Vertaling (Tochigi Nr. 5479)\u2026","rel":"","context":"\u00c4hnlicher Beitrag","block_context":{"text":"\u00c4hnlicher Beitrag","link":""},"img":{"alt_text":"Nihonto katana samoura\u00ef \u00e0 vendre \/ acheter un nihonto katana samoura\u00ef","src":"https:\/\/i0.wp.com\/www.supeinnihonto.com\/wp-content\/uploads\/2026\/03\/8394title-scaled.jpg?fit=1200%2C764&ssl=1&resize=350%2C200","width":350,"height":200,"srcset":"https:\/\/i0.wp.com\/www.supeinnihonto.com\/wp-content\/uploads\/2026\/03\/8394title-scaled.jpg?fit=1200%2C764&ssl=1&resize=350%2C200 1x, https:\/\/i0.wp.com\/www.supeinnihonto.com\/wp-content\/uploads\/2026\/03\/8394title-scaled.jpg?fit=1200%2C764&ssl=1&resize=525%2C300 1.5x, https:\/\/i0.wp.com\/www.supeinnihonto.com\/wp-content\/uploads\/2026\/03\/8394title-scaled.jpg?fit=1200%2C764&ssl=1&resize=700%2C400 2x, https:\/\/i0.wp.com\/www.supeinnihonto.com\/wp-content\/uploads\/2026\/03\/8394title-scaled.jpg?fit=1200%2C764&ssl=1&resize=1050%2C600 3x"},"classes":[]},{"id":49559,"url":"https:\/\/www.supeinnihonto.com\/nl\/product\/nihonto-katana-fujiwara-kunitoshi-nbthk-tokobetsu-kicho-copy-copy-copy-copy-copy-copy\/","url_meta":{"origin":13315,"position":3},"title":"Nihonto katana &#8222;Fujiwara Kunitoshi&#8220; NBTHK Tokobetsu Kicho (Copy) (Copy) (Copy) (Copy) (Copy) (Copy)","author":"Eric Majo","date":"12 de M\u00e4rz de 2026","format":false,"excerpt":"ITEMBESCHRIJVING: Wordt geleverd met kimono of katoenen tas. Wordt geleverd met certificaat van supein Nihonto. Wordt geleverd met NBTHK Tokobetsu Kicho. Wordt geleverd met kopie van tokorusho (het origineel moet in Japan blijven). Katana gesigneerd Fujiwara Kuniyoshi \u2013 Bunka 7 (1810) \u2013 Shirasaya 1) Volledige Torokusho Vertaling (Tochigi Nr. 5479)\u2026","rel":"","context":"\u00c4hnlicher Beitrag","block_context":{"text":"\u00c4hnlicher Beitrag","link":""},"img":{"alt_text":"Nihonto katana samoura\u00ef \u00e0 vendre \/ acheter un nihonto katana samoura\u00ef","src":"https:\/\/i0.wp.com\/www.supeinnihonto.com\/wp-content\/uploads\/2026\/03\/7201title-scaled.jpg?fit=1200%2C613&ssl=1&resize=350%2C200","width":350,"height":200,"srcset":"https:\/\/i0.wp.com\/www.supeinnihonto.com\/wp-content\/uploads\/2026\/03\/7201title-scaled.jpg?fit=1200%2C613&ssl=1&resize=350%2C200 1x, https:\/\/i0.wp.com\/www.supeinnihonto.com\/wp-content\/uploads\/2026\/03\/7201title-scaled.jpg?fit=1200%2C613&ssl=1&resize=525%2C300 1.5x, https:\/\/i0.wp.com\/www.supeinnihonto.com\/wp-content\/uploads\/2026\/03\/7201title-scaled.jpg?fit=1200%2C613&ssl=1&resize=700%2C400 2x, https:\/\/i0.wp.com\/www.supeinnihonto.com\/wp-content\/uploads\/2026\/03\/7201title-scaled.jpg?fit=1200%2C613&ssl=1&resize=1050%2C600 3x"},"classes":[]},{"id":41533,"url":"https:\/\/www.supeinnihonto.com\/nl\/product\/nihonto-katana-fujiwara-kunitoshi-nbthk-tokobetsu-kicho-21\/","url_meta":{"origin":13315,"position":4},"title":"Nihonto katana &#8222;Fujiwara Kunitoshi&#8220; NBTHK Tokobetsu Kicho","author":"Eric Majo","date":"21 de Januar de 2026","format":false,"excerpt":"ITEMBESCHRIJVING: Wordt geleverd met kimono of katoenen tas. Wordt geleverd met certificaat van supein Nihonto. Wordt geleverd met NBTHK Tokobetsu Kicho. Wordt geleverd met kopie van tokorusho (het origineel moet in Japan blijven). Katana gesigneerd Fujiwara Kuniyoshi \u2013 Bunka 7 (1810) \u2013 Shirasaya 1) Volledige Torokusho Vertaling (Tochigi Nr. 5479)\u2026","rel":"","context":"\u00c4hnlicher Beitrag","block_context":{"text":"\u00c4hnlicher Beitrag","link":""},"img":{"alt_text":"Nihonto katana for sale \/ Purchase a katana Nihonto Katana zu verkaufen \/ Nihonto Katana kaufen Nihonto katana in vendita \/ Acquistare nihonto katana Nihonto katana \u00e0 venda \/ Comprar nihonto katana Nihonto katana \u00e0 vendre \/ Acheter un nihonto katana Nihonto katana te koop \/ Nihonto katana kopen Nihonto katana na predaj \/ K\u00fapi\u0165 nihonto katana Nihonto katana za prodajo \/ Kupite nihonto katana Nihonto-Katana zum Verkaf \/ Kaaft eng Nihonto-Katana Nihonto katana na sprzeda\u017c \/ Kup nihonto katana","src":"https:\/\/i0.wp.com\/www.supeinnihonto.com\/wp-content\/uploads\/2026\/01\/GEO0612-scaled.jpg?fit=1200%2C799&ssl=1&resize=350%2C200","width":350,"height":200,"srcset":"https:\/\/i0.wp.com\/www.supeinnihonto.com\/wp-content\/uploads\/2026\/01\/GEO0612-scaled.jpg?fit=1200%2C799&ssl=1&resize=350%2C200 1x, https:\/\/i0.wp.com\/www.supeinnihonto.com\/wp-content\/uploads\/2026\/01\/GEO0612-scaled.jpg?fit=1200%2C799&ssl=1&resize=525%2C300 1.5x, https:\/\/i0.wp.com\/www.supeinnihonto.com\/wp-content\/uploads\/2026\/01\/GEO0612-scaled.jpg?fit=1200%2C799&ssl=1&resize=700%2C400 2x, https:\/\/i0.wp.com\/www.supeinnihonto.com\/wp-content\/uploads\/2026\/01\/GEO0612-scaled.jpg?fit=1200%2C799&ssl=1&resize=1050%2C600 3x"},"classes":[]},{"id":37551,"url":"https:\/\/www.supeinnihonto.com\/nl\/product\/nihonto-katana-fujiwara-kunitoshi-nbthk-tokobetsu-kicho-30\/","url_meta":{"origin":13315,"position":5},"title":"Nihonto katana &#8222;Fujiwara Kunitoshi&#8220; NBTHK Tokobetsu Kicho","author":"Eric Majo","date":"17 de Dezember de 2025","format":false,"excerpt":"ITEMBESCHRIJVING: Wordt geleverd met kimono of katoenen tas. Wordt geleverd met certificaat van supein Nihonto. Wordt geleverd met NBTHK Tokobetsu Kicho. Wordt geleverd met kopie van tokorusho (het origineel moet in Japan blijven). Katana gesigneerd Fujiwara Kuniyoshi \u2013 Bunka 7 (1810) \u2013 Shirasaya 1) Volledige Torokusho Vertaling (Tochigi Nr. 5479)\u2026","rel":"","context":"\u00c4hnlicher Beitrag","block_context":{"text":"\u00c4hnlicher Beitrag","link":""},"img":{"alt_text":"Nihonto katana for sale \/ Purchase a katana Nihonto Katana zu verkaufen \/ Nihonto Katana kaufen Nihonto katana in vendita \/ Acquistare nihonto katana Nihonto katana \u00e0 venda \/ Comprar nihonto katana Nihonto katana \u00e0 vendre \/ Acheter un nihonto katana Nihonto katana te koop \/ Nihonto katana kopen Nihonto katana na predaj \/ K\u00fapi\u0165 nihonto katana Nihonto katana za prodajo \/ Kupite nihonto katana Nihonto-Katana zum Verkaf \/ Kaaft eng Nihonto-Katana Nihonto katana na sprzeda\u017c \/ Kup nihonto katana","src":"https:\/\/i0.wp.com\/www.supeinnihonto.com\/wp-content\/uploads\/2026\/01\/330177title-scaled.jpg?fit=1200%2C856&ssl=1&resize=350%2C200","width":350,"height":200,"srcset":"https:\/\/i0.wp.com\/www.supeinnihonto.com\/wp-content\/uploads\/2026\/01\/330177title-scaled.jpg?fit=1200%2C856&ssl=1&resize=350%2C200 1x, https:\/\/i0.wp.com\/www.supeinnihonto.com\/wp-content\/uploads\/2026\/01\/330177title-scaled.jpg?fit=1200%2C856&ssl=1&resize=525%2C300 1.5x, https:\/\/i0.wp.com\/www.supeinnihonto.com\/wp-content\/uploads\/2026\/01\/330177title-scaled.jpg?fit=1200%2C856&ssl=1&resize=700%2C400 2x, https:\/\/i0.wp.com\/www.supeinnihonto.com\/wp-content\/uploads\/2026\/01\/330177title-scaled.jpg?fit=1200%2C856&ssl=1&resize=1050%2C600 3x"},"classes":[]}],"jetpack_sharing_enabled":true,"_links":{"self":[{"href":"https:\/\/www.supeinnihonto.com\/de\/wp-json\/wp\/v2\/product\/13315","targetHints":{"allow":["GET"]}}],"collection":[{"href":"https:\/\/www.supeinnihonto.com\/de\/wp-json\/wp\/v2\/product"}],"about":[{"href":"https:\/\/www.supeinnihonto.com\/de\/wp-json\/wp\/v2\/types\/product"}],"wp:featuredmedia":[{"embeddable":true,"href":"https:\/\/www.supeinnihonto.com\/de\/wp-json\/wp\/v2\/media\/13316"}],"wp:attachment":[{"href":"https:\/\/www.supeinnihonto.com\/de\/wp-json\/wp\/v2\/media?parent=13315"}],"wp:term":[{"taxonomy":"product_brand","embeddable":true,"href":"https:\/\/www.supeinnihonto.com\/de\/wp-json\/wp\/v2\/product_brand?post=13315"},{"taxonomy":"product_cat","embeddable":true,"href":"https:\/\/www.supeinnihonto.com\/de\/wp-json\/wp\/v2\/product_cat?post=13315"},{"taxonomy":"product_tag","embeddable":true,"href":"https:\/\/www.supeinnihonto.com\/de\/wp-json\/wp\/v2\/product_tag?post=13315"}],"curies":[{"name":"wp","href":"https:\/\/api.w.org\/{rel}","templated":true}]}}