{"id":13235,"date":"2024-06-03T11:45:33","date_gmt":"2024-06-03T11:45:33","guid":{"rendered":"https:\/\/www.supeinnihonto.com\/product\/nihonto-katana-edo-period-2\/"},"modified":"2025-12-14T23:28:08","modified_gmt":"2025-12-14T23:28:08","slug":"nihonto-katana-edo-period-2","status":"publish","type":"product","link":"https:\/\/www.supeinnihonto.com\/de\/produkt\/nihonto-katana-edo-period-2\/","title":{"rendered":"Nihonto Katana Sp\u00e4te Muromachi-Zeit"},"content":{"rendered":"<p>Kostenloser Versand.<\/p>\n<p>Nihonto Katana Sp\u00e4te Muromachi-Periode.<\/p>\n<p>ARTIKELBESCHREIBUNG:<\/p>\n<p>Wird mit Kimono- oder Baumwolltasche geliefert. Kommt mit Echtheitszertifikat von Supein Nihonto.<\/p>\n<p><span>Wunderschwert aus der sp\u00e4ten Muromachi-Periode in einem sehr eleganten Koshirae der Edo-Periode. Sowohl das Schwert als auch das Koshirae befinden sich in sehr gutem Zustand. Das Schwert mit traditioneller Tamahagane-Schmiedekunst aus der Muromachi-Periode und mit Suriage. Das bedeutet, dass die Signatur m\u00f6glicherweise durch K\u00fcrzen verloren gegangen ist, wahrscheinlich w\u00e4hrend der Edo-Periode, um es praktischer und komfortabler f\u00fcr den Kampf der damaligen Zeit zu machen, in St\u00e4dten statt auf gro\u00dfen Schlachtfeldern, was k\u00fcrzere und handlichere Schwerter erforderte, damit sie sich nicht in S\u00e4ulen verfingen oder andere Gegenst\u00e4nde im Kampf trafen. Das Koshirae ist ausgezeichnet mit signiertem Tsuka und einem Tsuka Ito aus lackiertem Leder, das ihm einen sch\u00f6nen und eleganten Glanz verleiht. Die Saya in Spiralform mit Perlmutt-Einlage und Kurigata, geschnitzt aus B\u00fcffelhorn, ist hervorragend, nur mit einigen alten Reparaturen und Besch\u00e4digungen an der Verbindungsstelle der beiden H\u00e4lften, schwer sichtbar, wenn ausgestellt, und etwas Logisches, da es ein sehr h\u00e4ufig genutztes Element war, das dem Objekt authentische Geschichte und Realismus verleiht. Es besitzt au\u00dferdem ein sehr sch\u00f6nes Kupfer-Kojiri und zeugt von einer au\u00dfergew\u00f6hnlichen Qualit\u00e4t der Koshirae-Arbeit, zweifellos f\u00fcr einen hochrangigen Samurai.<\/span><\/p>\n<p>Die Klinge befindet sich in altem japanischem Polierzustand und ist in SEHR gutem Zustand, die Jihada des Stahls ist detailliert und voller Details zum Bewundern. Ein Meisterwerk, w\u00fcrdig eines Museums und eine gro\u00dfartige Erg\u00e4nzung f\u00fcr jede private Sammlung.<\/p>\n<p>Die Klinge ist aufgrund des Alters in sehr gutem Zustand. Keine Hagire und keine fatalen Sch\u00e4den, selbstverst\u00e4ndlich. Dies ist eine japanische Waffe und besitzt daher einen echten historischen Wert. Es handelt sich um eine nicht maschinell gefertigte Waffe, daher k\u00f6nnen geringf\u00fcgige Bewegungen von Saya, Tsuka, Tsuba usw. auftreten, bedingt durch Ausdehnung, Feuchtigkeit usw. sowie kleine altersbedingte Sch\u00e4den wie leichter Rost, Kratzer usw.<\/p>\n<p>Ein authentisches Nihonto japanisches Schwert, schwer in Europa zu finden, ohne die damit verbundenen Importkosten aus Japan oder von japanischen Verk\u00e4ufern, die den Preis des Schwertes um bis zu 30 % erh\u00f6hen und eine monatelange Wartezeit f\u00fcr Versand und Zollformalit\u00e4ten verursachen k\u00f6nnen. Ein wirklich echtes Nihonto, das sowohl neue als auch erfahrene Sammler begeistert.<\/p>\n<p>Alle Schwerter sind Originale, importiert aus Japan und Europa von den besten H\u00e4ndlern und Sammlern w\u00e4hrend vieler Jahre der Sammlung und Leidenschaft.<\/p>\n<p>Nihonto Katana Sp\u00e4te Muromachi-Periode.<\/p>\n<p>Gr\u00f6\u00dfe: Koshirae Gesamtl\u00e4nge: 100 cm<br \/>\nKlingenl\u00e4nge: 69,9 cm<br \/>\nSori: 1,3 cm<\/p>\n","protected":false},"excerpt":{"rendered":"<p>Kostenloser Versand. Nihonto Katana Sp\u00e4te Muromachi-Periode. ARTIKELBESCHREIBUNG: Wird mit Kimono- oder Baumwolltasche geliefert. Kommt mit Echtheitszertifikat von Supein Nihonto. Wunderschwert aus der sp\u00e4ten Muromachi-Periode in einem sehr eleganten Koshirae der Edo-Periode. Sowohl das Schwert als auch das Koshirae befinden sich in sehr gutem Zustand. Das Schwert mit traditioneller Tamahagane-Schmiedekunst aus [&hellip;]<\/p>\n","protected":false},"featured_media":10957,"template":"","meta":{"jetpack_post_was_ever_published":false},"product_brand":[],"product_cat":[580,579],"product_tag":[457,439,489],"class_list":{"0":"post-13235","1":"product","2":"type-product","3":"status-publish","4":"has-post-thumbnail","6":"product_cat-katana-tachi","7":"product_cat-nihonto","8":"product_tag-katana","9":"product_tag-nihonto","10":"product_tag-verkauft","11":"product_shipping_class-schwerter","13":"first","14":"outofstock","15":"shipping-taxable","16":"purchasable","17":"product-type-simple"},"yoast_head":"<!-- This site is optimized with the Yoast SEO plugin v27.3 - https:\/\/yoast.com\/product\/yoast-seo-wordpress\/ -->\n<title>Nihonto Katana Sp\u00e4te Muromachi-Zeit - Supein Nihonto<\/title>\n<meta name=\"description\" content=\"Beautiful late muromachi period sword in a very elegant koshirae of the edo period. Both the sword and the koshirae are in very good condition.\" \/>\n<meta name=\"robots\" content=\"index, follow, max-snippet:-1, max-image-preview:large, max-video-preview:-1\" \/>\n<link rel=\"canonical\" href=\"https:\/\/www.supeinnihonto.com\/de\/produkt\/nihonto-katana-edo-period-2\/\" \/>\n<meta property=\"og:locale\" content=\"de_DE\" \/>\n<meta property=\"og:type\" content=\"article\" \/>\n<meta property=\"og:title\" content=\"Nihonto Katana Sp\u00e4te Muromachi-Zeit - Supein Nihonto\" \/>\n<meta property=\"og:description\" content=\"Beautiful late muromachi period sword in a very elegant koshirae of the edo period. Both the sword and the koshirae are in very good condition.\" \/>\n<meta property=\"og:url\" content=\"https:\/\/www.supeinnihonto.com\/de\/produkt\/nihonto-katana-edo-period-2\/\" \/>\n<meta property=\"og:site_name\" content=\"Supein Nihonto\" \/>\n<meta property=\"article:modified_time\" content=\"2025-12-14T23:28:08+00:00\" \/>\n<meta property=\"og:image\" content=\"https:\/\/www.supeinnihonto.com\/wp-content\/uploads\/2024\/02\/logo-sold.png\" \/>\n\t<meta property=\"og:image:width\" content=\"3125\" \/>\n\t<meta property=\"og:image:height\" content=\"1875\" \/>\n\t<meta property=\"og:image:type\" content=\"image\/png\" \/>\n<meta name=\"twitter:card\" content=\"summary_large_image\" \/>\n<meta name=\"twitter:label1\" content=\"Gesch\u00e4tzte Lesezeit\" \/>\n\t<meta name=\"twitter:data1\" content=\"2\u00a0Minuten\" \/>\n<script type=\"application\/ld+json\" class=\"yoast-schema-graph\">{\"@context\":\"https:\\\/\\\/schema.org\",\"@graph\":[{\"@type\":\"WebPage\",\"@id\":\"https:\\\/\\\/www.supeinnihonto.com\\\/de\\\/produkt\\\/nihonto-katana-edo-period-2\\\/\",\"url\":\"https:\\\/\\\/www.supeinnihonto.com\\\/de\\\/produkt\\\/nihonto-katana-edo-period-2\\\/\",\"name\":\"Nihonto Katana Sp\u00e4te Muromachi-Zeit - Supein Nihonto\",\"isPartOf\":{\"@id\":\"https:\\\/\\\/www.supeinnihonto.com\\\/de\\\/#website\"},\"primaryImageOfPage\":{\"@id\":\"https:\\\/\\\/www.supeinnihonto.com\\\/de\\\/produkt\\\/nihonto-katana-edo-period-2\\\/#primaryimage\"},\"image\":{\"@id\":\"https:\\\/\\\/www.supeinnihonto.com\\\/de\\\/produkt\\\/nihonto-katana-edo-period-2\\\/#primaryimage\"},\"thumbnailUrl\":\"https:\\\/\\\/i0.wp.com\\\/www.supeinnihonto.com\\\/wp-content\\\/uploads\\\/2024\\\/02\\\/logo-sold-scaled.png?fit=3125%2C1875&ssl=1\",\"datePublished\":\"2024-06-03T11:45:33+00:00\",\"dateModified\":\"2025-12-14T23:28:08+00:00\",\"description\":\"Beautiful late muromachi period sword in a very elegant koshirae of the edo period. Both the sword and the koshirae are in very good condition.\",\"breadcrumb\":{\"@id\":\"https:\\\/\\\/www.supeinnihonto.com\\\/de\\\/produkt\\\/nihonto-katana-edo-period-2\\\/#breadcrumb\"},\"inLanguage\":\"de\",\"potentialAction\":[{\"@type\":\"ReadAction\",\"target\":[\"https:\\\/\\\/www.supeinnihonto.com\\\/de\\\/produkt\\\/nihonto-katana-edo-period-2\\\/\"]}]},{\"@type\":\"ImageObject\",\"inLanguage\":\"de\",\"@id\":\"https:\\\/\\\/www.supeinnihonto.com\\\/de\\\/produkt\\\/nihonto-katana-edo-period-2\\\/#primaryimage\",\"url\":\"https:\\\/\\\/i0.wp.com\\\/www.supeinnihonto.com\\\/wp-content\\\/uploads\\\/2024\\\/02\\\/logo-sold-scaled.png?fit=3125%2C1875&ssl=1\",\"contentUrl\":\"https:\\\/\\\/i0.wp.com\\\/www.supeinnihonto.com\\\/wp-content\\\/uploads\\\/2024\\\/02\\\/logo-sold-scaled.png?fit=3125%2C1875&ssl=1\",\"width\":3125,\"height\":1875,\"caption\":\"sold\"},{\"@type\":\"BreadcrumbList\",\"@id\":\"https:\\\/\\\/www.supeinnihonto.com\\\/de\\\/produkt\\\/nihonto-katana-edo-period-2\\\/#breadcrumb\",\"itemListElement\":[{\"@type\":\"ListItem\",\"position\":1,\"name\":\"Portada\",\"item\":\"https:\\\/\\\/www.supeinnihonto.com\\\/de\\\/\"},{\"@type\":\"ListItem\",\"position\":2,\"name\":\"Shop\",\"item\":\"https:\\\/\\\/www.supeinnihonto.com\\\/de\\\/shop\\\/\"},{\"@type\":\"ListItem\",\"position\":3,\"name\":\"Nihonto Katana Sp\u00e4te Muromachi-Zeit\"}]},{\"@type\":\"WebSite\",\"@id\":\"https:\\\/\\\/www.supeinnihonto.com\\\/de\\\/#website\",\"url\":\"https:\\\/\\\/www.supeinnihonto.com\\\/de\\\/\",\"name\":\"Supein Nihonto\",\"description\":\"Authentic japanese Nihonto katana \",\"publisher\":{\"@id\":\"https:\\\/\\\/www.supeinnihonto.com\\\/de\\\/#organization\"},\"potentialAction\":[{\"@type\":\"SearchAction\",\"target\":{\"@type\":\"EntryPoint\",\"urlTemplate\":\"https:\\\/\\\/www.supeinnihonto.com\\\/de\\\/?s={search_term_string}\"},\"query-input\":{\"@type\":\"PropertyValueSpecification\",\"valueRequired\":true,\"valueName\":\"search_term_string\"}}],\"inLanguage\":\"de\"},{\"@type\":\"Organization\",\"@id\":\"https:\\\/\\\/www.supeinnihonto.com\\\/de\\\/#organization\",\"name\":\"SupeinNihonto\",\"url\":\"https:\\\/\\\/www.supeinnihonto.com\\\/de\\\/\",\"logo\":{\"@type\":\"ImageObject\",\"inLanguage\":\"de\",\"@id\":\"https:\\\/\\\/www.supeinnihonto.com\\\/de\\\/#\\\/schema\\\/logo\\\/image\\\/\",\"url\":\"https:\\\/\\\/www.supeinnihonto.com\\\/wp-content\\\/uploads\\\/2021\\\/11\\\/animation_Default_3szk0jcenoloop.gif\",\"contentUrl\":\"https:\\\/\\\/www.supeinnihonto.com\\\/wp-content\\\/uploads\\\/2021\\\/11\\\/animation_Default_3szk0jcenoloop.gif\",\"width\":750,\"height\":641,\"caption\":\"SupeinNihonto\"},\"image\":{\"@id\":\"https:\\\/\\\/www.supeinnihonto.com\\\/de\\\/#\\\/schema\\\/logo\\\/image\\\/\"}}]}<\/script>\n<!-- \/ Yoast SEO plugin. -->","yoast_head_json":{"title":"Nihonto Katana Sp\u00e4te Muromachi-Zeit - Supein Nihonto","description":"Beautiful late muromachi period sword in a very elegant koshirae of the edo period. Both the sword and the koshirae are in very good condition.","robots":{"index":"index","follow":"follow","max-snippet":"max-snippet:-1","max-image-preview":"max-image-preview:large","max-video-preview":"max-video-preview:-1"},"canonical":"https:\/\/www.supeinnihonto.com\/de\/produkt\/nihonto-katana-edo-period-2\/","og_locale":"de_DE","og_type":"article","og_title":"Nihonto Katana Sp\u00e4te Muromachi-Zeit - Supein Nihonto","og_description":"Beautiful late muromachi period sword in a very elegant koshirae of the edo period. Both the sword and the koshirae are in very good condition.","og_url":"https:\/\/www.supeinnihonto.com\/de\/produkt\/nihonto-katana-edo-period-2\/","og_site_name":"Supein Nihonto","article_modified_time":"2025-12-14T23:28:08+00:00","og_image":[{"width":3125,"height":1875,"url":"https:\/\/www.supeinnihonto.com\/wp-content\/uploads\/2024\/02\/logo-sold.png","type":"image\/png"}],"twitter_card":"summary_large_image","twitter_misc":{"Gesch\u00e4tzte Lesezeit":"2\u00a0Minuten"},"schema":{"@context":"https:\/\/schema.org","@graph":[{"@type":"WebPage","@id":"https:\/\/www.supeinnihonto.com\/de\/produkt\/nihonto-katana-edo-period-2\/","url":"https:\/\/www.supeinnihonto.com\/de\/produkt\/nihonto-katana-edo-period-2\/","name":"Nihonto Katana Sp\u00e4te Muromachi-Zeit - Supein Nihonto","isPartOf":{"@id":"https:\/\/www.supeinnihonto.com\/de\/#website"},"primaryImageOfPage":{"@id":"https:\/\/www.supeinnihonto.com\/de\/produkt\/nihonto-katana-edo-period-2\/#primaryimage"},"image":{"@id":"https:\/\/www.supeinnihonto.com\/de\/produkt\/nihonto-katana-edo-period-2\/#primaryimage"},"thumbnailUrl":"https:\/\/i0.wp.com\/www.supeinnihonto.com\/wp-content\/uploads\/2024\/02\/logo-sold-scaled.png?fit=3125%2C1875&ssl=1","datePublished":"2024-06-03T11:45:33+00:00","dateModified":"2025-12-14T23:28:08+00:00","description":"Beautiful late muromachi period sword in a very elegant koshirae of the edo period. Both the sword and the koshirae are in very good condition.","breadcrumb":{"@id":"https:\/\/www.supeinnihonto.com\/de\/produkt\/nihonto-katana-edo-period-2\/#breadcrumb"},"inLanguage":"de","potentialAction":[{"@type":"ReadAction","target":["https:\/\/www.supeinnihonto.com\/de\/produkt\/nihonto-katana-edo-period-2\/"]}]},{"@type":"ImageObject","inLanguage":"de","@id":"https:\/\/www.supeinnihonto.com\/de\/produkt\/nihonto-katana-edo-period-2\/#primaryimage","url":"https:\/\/i0.wp.com\/www.supeinnihonto.com\/wp-content\/uploads\/2024\/02\/logo-sold-scaled.png?fit=3125%2C1875&ssl=1","contentUrl":"https:\/\/i0.wp.com\/www.supeinnihonto.com\/wp-content\/uploads\/2024\/02\/logo-sold-scaled.png?fit=3125%2C1875&ssl=1","width":3125,"height":1875,"caption":"sold"},{"@type":"BreadcrumbList","@id":"https:\/\/www.supeinnihonto.com\/de\/produkt\/nihonto-katana-edo-period-2\/#breadcrumb","itemListElement":[{"@type":"ListItem","position":1,"name":"Portada","item":"https:\/\/www.supeinnihonto.com\/de\/"},{"@type":"ListItem","position":2,"name":"Shop","item":"https:\/\/www.supeinnihonto.com\/de\/shop\/"},{"@type":"ListItem","position":3,"name":"Nihonto Katana Sp\u00e4te Muromachi-Zeit"}]},{"@type":"WebSite","@id":"https:\/\/www.supeinnihonto.com\/de\/#website","url":"https:\/\/www.supeinnihonto.com\/de\/","name":"Supein Nihonto","description":"Authentic japanese Nihonto katana ","publisher":{"@id":"https:\/\/www.supeinnihonto.com\/de\/#organization"},"potentialAction":[{"@type":"SearchAction","target":{"@type":"EntryPoint","urlTemplate":"https:\/\/www.supeinnihonto.com\/de\/?s={search_term_string}"},"query-input":{"@type":"PropertyValueSpecification","valueRequired":true,"valueName":"search_term_string"}}],"inLanguage":"de"},{"@type":"Organization","@id":"https:\/\/www.supeinnihonto.com\/de\/#organization","name":"SupeinNihonto","url":"https:\/\/www.supeinnihonto.com\/de\/","logo":{"@type":"ImageObject","inLanguage":"de","@id":"https:\/\/www.supeinnihonto.com\/de\/#\/schema\/logo\/image\/","url":"https:\/\/www.supeinnihonto.com\/wp-content\/uploads\/2021\/11\/animation_Default_3szk0jcenoloop.gif","contentUrl":"https:\/\/www.supeinnihonto.com\/wp-content\/uploads\/2021\/11\/animation_Default_3szk0jcenoloop.gif","width":750,"height":641,"caption":"SupeinNihonto"},"image":{"@id":"https:\/\/www.supeinnihonto.com\/de\/#\/schema\/logo\/image\/"}}]}},"jetpack-related-posts":[{"id":11055,"url":"https:\/\/www.supeinnihonto.com\/de\/produkt\/nihonto-katana\/","url_meta":{"origin":13235,"position":0},"title":"Nihonto Katana in Koshirae","author":"Eric Majo","date":"5 de November de 2025","format":false,"excerpt":"ARTIKELBESCHREIBUNG: Lieferung mit Kimono- oder Baumwolltasche. Wird mit Zertifikat von Supein Nihonto geliefert. Dieses Katana aus der Edo-Zeit ist ein hervorragendes Beispiel der Samurai-Tradition und vereint die St\u00e4rke seiner Klinge mit der feinen Eleganz eines vollst\u00e4ndigen Koshirae. Das Schwert verk\u00f6rpert sowohl N\u00fctzlichkeit als auch Kunstfertigkeit und ist ein \u00e4u\u00dferst begehrtes\u2026","rel":"","context":"\u00c4hnlicher Beitrag","block_context":{"text":"\u00c4hnlicher Beitrag","link":""},"img":{"alt_text":"nihonto for sale","src":"https:\/\/i0.wp.com\/www.supeinnihonto.com\/wp-content\/uploads\/2025\/11\/DSC_2122-scaled.jpg?fit=1200%2C556&ssl=1&resize=350%2C200","width":350,"height":200,"srcset":"https:\/\/i0.wp.com\/www.supeinnihonto.com\/wp-content\/uploads\/2025\/11\/DSC_2122-scaled.jpg?fit=1200%2C556&ssl=1&resize=350%2C200 1x, https:\/\/i0.wp.com\/www.supeinnihonto.com\/wp-content\/uploads\/2025\/11\/DSC_2122-scaled.jpg?fit=1200%2C556&ssl=1&resize=525%2C300 1.5x, https:\/\/i0.wp.com\/www.supeinnihonto.com\/wp-content\/uploads\/2025\/11\/DSC_2122-scaled.jpg?fit=1200%2C556&ssl=1&resize=700%2C400 2x, https:\/\/i0.wp.com\/www.supeinnihonto.com\/wp-content\/uploads\/2025\/11\/DSC_2122-scaled.jpg?fit=1200%2C556&ssl=1&resize=1050%2C600 3x"},"classes":[]},{"id":14453,"url":"https:\/\/www.supeinnihonto.com\/de\/produkt\/silberner-kojiri-mit-blumenmotiven\/","url_meta":{"origin":13235,"position":1},"title":"Silberner Kojiri mit Blumenmotiven","author":"Supein Nihonto","date":"14 de Mai de 2024","format":false,"excerpt":"Artikel: Wundersch\u00f6ner Kojiri aus Silber mit floralen Motiven. Ein au\u00dfergew\u00f6hnliches St\u00fcck. Kojiri sind selten, da sie \u2013 im Gegensatz zu Fuchi-Kashira, die f\u00fcr fast alle Schwerter obligatorisch waren \u2013 nur bei hochwertigen Koshirae und Schwertern bester Qualit\u00e4t verwendet wurden, da sie die Kosten erheblich erh\u00f6hten, ohne ein zwingend notwendiges Element\u2026","rel":"","context":"\u00c4hnlicher Beitrag","block_context":{"text":"\u00c4hnlicher Beitrag","link":""},"img":{"alt_text":"Kojiri silver flowers","src":"https:\/\/i0.wp.com\/www.supeinnihonto.com\/wp-content\/uploads\/2024\/05\/DSC_3805-scaled.jpg?fit=1200%2C800&ssl=1&resize=350%2C200","width":350,"height":200,"srcset":"https:\/\/i0.wp.com\/www.supeinnihonto.com\/wp-content\/uploads\/2024\/05\/DSC_3805-scaled.jpg?fit=1200%2C800&ssl=1&resize=350%2C200 1x, https:\/\/i0.wp.com\/www.supeinnihonto.com\/wp-content\/uploads\/2024\/05\/DSC_3805-scaled.jpg?fit=1200%2C800&ssl=1&resize=525%2C300 1.5x, https:\/\/i0.wp.com\/www.supeinnihonto.com\/wp-content\/uploads\/2024\/05\/DSC_3805-scaled.jpg?fit=1200%2C800&ssl=1&resize=700%2C400 2x, https:\/\/i0.wp.com\/www.supeinnihonto.com\/wp-content\/uploads\/2024\/05\/DSC_3805-scaled.jpg?fit=1200%2C800&ssl=1&resize=1050%2C600 3x"},"classes":[]},{"id":14445,"url":"https:\/\/www.supeinnihonto.com\/de\/produkt\/shibuichi-kojiri-mit-pfingstrose\/","url_meta":{"origin":13235,"position":2},"title":"Shibuichi-Kojiri mit Pfingstrose","author":"Supein Nihonto","date":"14 de Mai de 2024","format":false,"excerpt":"Artikel: Wundersch\u00f6ner Kojiri aus Shibuichi (Kupfer-Silber-Legierung) mit silbernen Pfingstrosenmotiven. Ein au\u00dfergew\u00f6hnliches St\u00fcck. Kojiri sind selten, da sie zwar nicht zwingend notwendig waren \u2013 im Gegensatz zu Fuchi-Kashira \u2013, aber nur bei hochwertigen Koshirae und Schwertern bester Qualit\u00e4t verwendet wurden, da sie die Kosten erheblich erh\u00f6hten. Gute Kojiri sind \u00e4u\u00dferst selten\u2026","rel":"","context":"\u00c4hnlicher Beitrag","block_context":{"text":"\u00c4hnlicher Beitrag","link":""},"img":{"alt_text":"Kojiri Shibuichi peony","src":"https:\/\/i0.wp.com\/www.supeinnihonto.com\/wp-content\/uploads\/2024\/05\/DSC_3804-scaled.jpg?fit=1200%2C800&ssl=1&resize=350%2C200","width":350,"height":200,"srcset":"https:\/\/i0.wp.com\/www.supeinnihonto.com\/wp-content\/uploads\/2024\/05\/DSC_3804-scaled.jpg?fit=1200%2C800&ssl=1&resize=350%2C200 1x, https:\/\/i0.wp.com\/www.supeinnihonto.com\/wp-content\/uploads\/2024\/05\/DSC_3804-scaled.jpg?fit=1200%2C800&ssl=1&resize=525%2C300 1.5x, https:\/\/i0.wp.com\/www.supeinnihonto.com\/wp-content\/uploads\/2024\/05\/DSC_3804-scaled.jpg?fit=1200%2C800&ssl=1&resize=700%2C400 2x, https:\/\/i0.wp.com\/www.supeinnihonto.com\/wp-content\/uploads\/2024\/05\/DSC_3804-scaled.jpg?fit=1200%2C800&ssl=1&resize=1050%2C600 3x"},"classes":[]},{"id":11023,"url":"https:\/\/www.supeinnihonto.com\/de\/produkt\/nihonto-tanto-kanetoshi-with-nthk-kanteisho\/","url_meta":{"origin":13235,"position":3},"title":"Nihonto Tanto &#8222;Kanetoshi&#8220; with NTHK Kanteisho","author":"Eric Majo","date":"24 de November de 2025","format":false,"excerpt":"Kostenloser Versand. ARTIKELBESCHREIBUNG: Wird mit Kimono-H\u00fclle oder Baumwolltasche geliefert. Wird mit Nihont\u014d-Zertifikat von Supein geliefert. Wird mit originalem Pr\u00e4fektur-Zertifikat geliefert. Wird mit NTHK-Kanteisho-Zertifikat geliefert. Ein raffiniertes Werk aus der sp\u00e4ten Edo-Zeit. Dieses Tant\u014d, signiert \u76f4\u53e3\u4f4f\u517c\u5229 (Naokuchi-j\u016b Kanetoshi), ist ein bemerkenswertes Beispiel f\u00fcr die Handwerkskunst der sp\u00e4ten Edo-Zeit. Es verbindet eine\u2026","rel":"","context":"\u00c4hnlicher Beitrag","block_context":{"text":"\u00c4hnlicher Beitrag","link":""},"img":{"alt_text":"Sold","src":"https:\/\/i0.wp.com\/www.supeinnihonto.com\/wp-content\/uploads\/2024\/01\/logo-sold-scaled.png?fit=1200%2C720&ssl=1&resize=350%2C200","width":350,"height":200,"srcset":"https:\/\/i0.wp.com\/www.supeinnihonto.com\/wp-content\/uploads\/2024\/01\/logo-sold-scaled.png?fit=1200%2C720&ssl=1&resize=350%2C200 1x, https:\/\/i0.wp.com\/www.supeinnihonto.com\/wp-content\/uploads\/2024\/01\/logo-sold-scaled.png?fit=1200%2C720&ssl=1&resize=525%2C300 1.5x, https:\/\/i0.wp.com\/www.supeinnihonto.com\/wp-content\/uploads\/2024\/01\/logo-sold-scaled.png?fit=1200%2C720&ssl=1&resize=700%2C400 2x, https:\/\/i0.wp.com\/www.supeinnihonto.com\/wp-content\/uploads\/2024\/01\/logo-sold-scaled.png?fit=1200%2C720&ssl=1&resize=1050%2C600 3x"},"classes":[]},{"id":10943,"url":"https:\/\/www.supeinnihonto.com\/de\/produkt\/nihonto-wakizashi-koshirae-shirasaya\/","url_meta":{"origin":13235,"position":4},"title":"Nihonto wakizashi koshirae &#038; shirasaya","author":"Eric Majo","date":"29 de November de 2025","format":false,"excerpt":"ARTIKELBESCHREIBUNG: Wird mit Kimono- oder Baumwolltasche geliefert. Wird mit Zertifikat des supein Nihonto geliefert. Wird mit Pr\u00e4fekturzertifikat geliefert. Klinge Dieses mumei Wakizashi (unsigniertes Kurzschwert) aus der Edo-Zeit besitzt eine Nagasa von 44,4 cm und eine Kr\u00fcmmung (Sori) von 1,0 cm. Die Stahlstruktur (Hada) zeigt ein gut geschmiedetes Itame, gemischt mit\u2026","rel":"","context":"\u00c4hnlicher Beitrag","block_context":{"text":"\u00c4hnlicher Beitrag","link":""},"img":{"alt_text":"","src":"https:\/\/i0.wp.com\/www.supeinnihonto.com\/wp-content\/uploads\/2025\/11\/DSC_4636-scaled-1.webp?fit=1200%2C664&ssl=1&resize=350%2C200","width":350,"height":200,"srcset":"https:\/\/i0.wp.com\/www.supeinnihonto.com\/wp-content\/uploads\/2025\/11\/DSC_4636-scaled-1.webp?fit=1200%2C664&ssl=1&resize=350%2C200 1x, https:\/\/i0.wp.com\/www.supeinnihonto.com\/wp-content\/uploads\/2025\/11\/DSC_4636-scaled-1.webp?fit=1200%2C664&ssl=1&resize=525%2C300 1.5x, https:\/\/i0.wp.com\/www.supeinnihonto.com\/wp-content\/uploads\/2025\/11\/DSC_4636-scaled-1.webp?fit=1200%2C664&ssl=1&resize=700%2C400 2x, https:\/\/i0.wp.com\/www.supeinnihonto.com\/wp-content\/uploads\/2025\/11\/DSC_4636-scaled-1.webp?fit=1200%2C664&ssl=1&resize=1050%2C600 3x"},"classes":[]},{"id":10933,"url":"https:\/\/www.supeinnihonto.com\/de\/produkt\/nihonto-wakizashi-signed-sukesada\/","url_meta":{"origin":13235,"position":5},"title":"Nihonto wakizashi signed &#8222;Sukesada&#8220;","author":"Eric Majo","date":"30 de November de 2025","format":false,"excerpt":"ARTIKELBESCHREIBUNG: Wird mit Kimono- oder Baumwolltasche geliefert. Wird mit Zertifikat des supein Nihonto geliefert. Wird mit Pr\u00e4fekturzertifikat geliefert. \u00dcbersetzung des Torokusho Registrierungsnummer: Kanagawa Nr. 82063 Kategorie: Schwert (Wakizashi) Klingenl\u00e4nge: 33,6 cm Kr\u00fcmmung (Sori): 0,2 cm Anzahl der Mekugi-ana: 2 Signatur (Mei): \u5099\u5dde\u9577\u8239\u4f4f\u7950\u5b9a\u4f5c \u2014 Bish\u016b Osafune-j\u016b Sukesada saku Registrierungsdatum: November, Reiwa\u2026","rel":"","context":"\u00c4hnlicher Beitrag","block_context":{"text":"\u00c4hnlicher Beitrag","link":""},"img":{"alt_text":"Sold","src":"https:\/\/i0.wp.com\/www.supeinnihonto.com\/wp-content\/uploads\/2024\/01\/logo-sold-scaled.png?fit=1200%2C720&ssl=1&resize=350%2C200","width":350,"height":200,"srcset":"https:\/\/i0.wp.com\/www.supeinnihonto.com\/wp-content\/uploads\/2024\/01\/logo-sold-scaled.png?fit=1200%2C720&ssl=1&resize=350%2C200 1x, https:\/\/i0.wp.com\/www.supeinnihonto.com\/wp-content\/uploads\/2024\/01\/logo-sold-scaled.png?fit=1200%2C720&ssl=1&resize=525%2C300 1.5x, https:\/\/i0.wp.com\/www.supeinnihonto.com\/wp-content\/uploads\/2024\/01\/logo-sold-scaled.png?fit=1200%2C720&ssl=1&resize=700%2C400 2x, https:\/\/i0.wp.com\/www.supeinnihonto.com\/wp-content\/uploads\/2024\/01\/logo-sold-scaled.png?fit=1200%2C720&ssl=1&resize=1050%2C600 3x"},"classes":[]}],"jetpack_sharing_enabled":true,"_links":{"self":[{"href":"https:\/\/www.supeinnihonto.com\/de\/wp-json\/wp\/v2\/product\/13235","targetHints":{"allow":["GET"]}}],"collection":[{"href":"https:\/\/www.supeinnihonto.com\/de\/wp-json\/wp\/v2\/product"}],"about":[{"href":"https:\/\/www.supeinnihonto.com\/de\/wp-json\/wp\/v2\/types\/product"}],"wp:featuredmedia":[{"embeddable":true,"href":"https:\/\/www.supeinnihonto.com\/de\/wp-json\/wp\/v2\/media\/10957"}],"wp:attachment":[{"href":"https:\/\/www.supeinnihonto.com\/de\/wp-json\/wp\/v2\/media?parent=13235"}],"wp:term":[{"taxonomy":"product_brand","embeddable":true,"href":"https:\/\/www.supeinnihonto.com\/de\/wp-json\/wp\/v2\/product_brand?post=13235"},{"taxonomy":"product_cat","embeddable":true,"href":"https:\/\/www.supeinnihonto.com\/de\/wp-json\/wp\/v2\/product_cat?post=13235"},{"taxonomy":"product_tag","embeddable":true,"href":"https:\/\/www.supeinnihonto.com\/de\/wp-json\/wp\/v2\/product_tag?post=13235"}],"curies":[{"name":"wp","href":"https:\/\/api.w.org\/{rel}","templated":true}]}}