{"id":12760,"date":"2024-11-07T07:49:42","date_gmt":"2024-11-07T07:49:42","guid":{"rendered":"https:\/\/www.supeinnihonto.com\/product\/noh-mask-oto\/"},"modified":"2025-12-22T21:29:48","modified_gmt":"2025-12-22T21:29:48","slug":"no-maske-oto","status":"publish","type":"product","link":"https:\/\/www.supeinnihonto.com\/de\/produkt\/no-maske-oto\/","title":{"rendered":"N\u014d-Maske Oto"},"content":{"rendered":"<p data-start=\"822\" data-end=\"1106\">Geschnitzte Holzmaske aus dem N\u014d-Theater, Sh\u014dwa-Zeit. Signiert <em data-start=\"885\" data-end=\"892\">Seiun<\/em> (\u9759\u96f2). Darstellung von <em data-start=\"915\" data-end=\"920\">Oto<\/em>, einer Frauenmaske. \u00dcbertrieben f\u00fcllig und mit ausgepr\u00e4gten Gr\u00fcbchen versehen, stellt sie eine volkst\u00fcmliche Parodie niedrigen Ranges der eleganten <em data-start=\"1069\" data-end=\"1079\">Ko-omote<\/em>-Maske im N\u014d-Theater dar.<\/p>\n<p data-start=\"1108\" data-end=\"1501\">N\u014d-Masken sind seit langem ein fester Bestandteil japanischer religi\u00f6ser Rituale, Feste und des Theaters. Sie stellen historische Figuren und Geister dar, die als <em data-start=\"1271\" data-end=\"1277\">kami<\/em> bezeichnet werden und ihren Ursprung in den indigenen Glaubensvorstellungen Japans haben. Traditionell symbolisiert die Maske die \u201eBesessenheit\u201c und verwandelt den Tr\u00e4ger in den <em data-start=\"1456\" data-end=\"1462\">kami<\/em> oder dessen menschliche Inkarnation.<\/p>\n<p data-start=\"1503\" data-end=\"1531\">Ma\u00dfstab 1:1 (ca. 20 \u00d7 15 cm)<\/p>\n<p>&nbsp;<\/p>\n","protected":false},"excerpt":{"rendered":"<p>Geschnitzte Holzmaske aus dem N\u014d-Theater, Sh\u014dwa-Zeit. Signiert Seiun (\u9759\u96f2). Darstellung von Oto, einer Frauenmaske. \u00dcbertrieben f\u00fcllig und mit ausgepr\u00e4gten Gr\u00fcbchen versehen, stellt sie eine volkst\u00fcmliche Parodie niedrigen Ranges der eleganten Ko-omote-Maske im N\u014d-Theater dar. N\u014d-Masken sind seit langem ein fester Bestandteil japanischer religi\u00f6ser Rituale, Feste und des Theaters. Sie stellen [&hellip;]<\/p>\n","protected":false},"featured_media":12761,"template":"","meta":{"jetpack_post_was_ever_published":false},"product_brand":[],"product_cat":[567],"product_tag":[487,685,488],"class_list":{"0":"post-12760","1":"product","2":"type-product","3":"status-publish","4":"has-post-thumbnail","6":"product_cat-no-masken","7":"product_tag-no-maske","8":"product_tag-no-maske-aus-holz","9":"product_tag-no-theate","10":"product_shipping_class-light","12":"first","13":"instock","14":"featured","15":"shipping-taxable","16":"purchasable","17":"product-type-simple"},"yoast_head":"<!-- This site is optimized with the Yoast SEO plugin v27.4 - https:\/\/yoast.com\/product\/yoast-seo-wordpress\/ -->\n<title>N\u014d-Maske Oto - Supein Nihonto<\/title>\n<meta name=\"description\" content=\"Geschnitzte Holzmaske aus dem N\u014d-Theater, Sh\u014dwa-Zeit. Signiert Seiun (\u9759\u96f2). Darstellung von Oto, einer Frauenmaske. \u00dcbertrieben f\u00fcllig und mit ausgepr\u00e4gten Gr\u00fcbchen versehen, stellt sie eine volkst\u00fcmliche Parodie niedrigen Ranges der eleganten Ko-omote-Maske im N\u014d-Theater dar.\" \/>\n<meta name=\"robots\" content=\"index, follow, max-snippet:-1, max-image-preview:large, max-video-preview:-1\" \/>\n<link rel=\"canonical\" href=\"https:\/\/www.supeinnihonto.com\/de\/produkt\/no-maske-oto\/\" \/>\n<meta property=\"og:locale\" content=\"de_DE\" \/>\n<meta property=\"og:type\" content=\"article\" \/>\n<meta property=\"og:title\" content=\"N\u014d-Maske Oto - Supein Nihonto\" \/>\n<meta property=\"og:description\" content=\"Geschnitzte Holzmaske aus dem N\u014d-Theater, Sh\u014dwa-Zeit. Signiert Seiun (\u9759\u96f2). Darstellung von Oto, einer Frauenmaske. \u00dcbertrieben f\u00fcllig und mit ausgepr\u00e4gten Gr\u00fcbchen versehen, stellt sie eine volkst\u00fcmliche Parodie niedrigen Ranges der eleganten Ko-omote-Maske im N\u014d-Theater dar.\" \/>\n<meta property=\"og:url\" content=\"https:\/\/www.supeinnihonto.com\/de\/produkt\/no-maske-oto\/\" \/>\n<meta property=\"og:site_name\" content=\"Supein Nihonto\" \/>\n<meta property=\"article:modified_time\" content=\"2025-12-22T21:29:48+00:00\" \/>\n<meta property=\"og:image\" content=\"https:\/\/www.supeinnihonto.com\/wp-content\/uploads\/2024\/11\/GEO9333.jpg\" \/>\n\t<meta property=\"og:image:width\" content=\"2400\" \/>\n\t<meta property=\"og:image:height\" content=\"1842\" \/>\n\t<meta property=\"og:image:type\" content=\"image\/jpeg\" \/>\n<meta name=\"twitter:card\" content=\"summary_large_image\" \/>\n<meta name=\"twitter:label1\" content=\"Gesch\u00e4tzte Lesezeit\" \/>\n\t<meta name=\"twitter:data1\" content=\"1\u00a0Minute\" \/>\n<script type=\"application\/ld+json\" class=\"yoast-schema-graph\">{\"@context\":\"https:\\\/\\\/schema.org\",\"@graph\":[{\"@type\":\"WebPage\",\"@id\":\"https:\\\/\\\/www.supeinnihonto.com\\\/de\\\/produkt\\\/no-maske-oto\\\/\",\"url\":\"https:\\\/\\\/www.supeinnihonto.com\\\/de\\\/produkt\\\/no-maske-oto\\\/\",\"name\":\"N\u014d-Maske Oto - Supein Nihonto\",\"isPartOf\":{\"@id\":\"https:\\\/\\\/www.supeinnihonto.com\\\/de\\\/#website\"},\"primaryImageOfPage\":{\"@id\":\"https:\\\/\\\/www.supeinnihonto.com\\\/de\\\/produkt\\\/no-maske-oto\\\/#primaryimage\"},\"image\":{\"@id\":\"https:\\\/\\\/www.supeinnihonto.com\\\/de\\\/produkt\\\/no-maske-oto\\\/#primaryimage\"},\"thumbnailUrl\":\"https:\\\/\\\/i0.wp.com\\\/www.supeinnihonto.com\\\/wp-content\\\/uploads\\\/2024\\\/11\\\/GEO9333.jpg?fit=2400%2C1842&ssl=1\",\"datePublished\":\"2024-11-07T07:49:42+00:00\",\"dateModified\":\"2025-12-22T21:29:48+00:00\",\"description\":\"Geschnitzte Holzmaske aus dem N\u014d-Theater, Sh\u014dwa-Zeit. Signiert Seiun (\u9759\u96f2). Darstellung von Oto, einer Frauenmaske. \u00dcbertrieben f\u00fcllig und mit ausgepr\u00e4gten Gr\u00fcbchen versehen, stellt sie eine volkst\u00fcmliche Parodie niedrigen Ranges der eleganten Ko-omote-Maske im N\u014d-Theater dar.\",\"breadcrumb\":{\"@id\":\"https:\\\/\\\/www.supeinnihonto.com\\\/de\\\/produkt\\\/no-maske-oto\\\/#breadcrumb\"},\"inLanguage\":\"de\",\"potentialAction\":[{\"@type\":\"ReadAction\",\"target\":[\"https:\\\/\\\/www.supeinnihonto.com\\\/de\\\/produkt\\\/no-maske-oto\\\/\"]}]},{\"@type\":\"ImageObject\",\"inLanguage\":\"de\",\"@id\":\"https:\\\/\\\/www.supeinnihonto.com\\\/de\\\/produkt\\\/no-maske-oto\\\/#primaryimage\",\"url\":\"https:\\\/\\\/i0.wp.com\\\/www.supeinnihonto.com\\\/wp-content\\\/uploads\\\/2024\\\/11\\\/GEO9333.jpg?fit=2400%2C1842&ssl=1\",\"contentUrl\":\"https:\\\/\\\/i0.wp.com\\\/www.supeinnihonto.com\\\/wp-content\\\/uploads\\\/2024\\\/11\\\/GEO9333.jpg?fit=2400%2C1842&ssl=1\",\"width\":2400,\"height\":1842,\"caption\":\"oto noh mask\"},{\"@type\":\"BreadcrumbList\",\"@id\":\"https:\\\/\\\/www.supeinnihonto.com\\\/de\\\/produkt\\\/no-maske-oto\\\/#breadcrumb\",\"itemListElement\":[{\"@type\":\"ListItem\",\"position\":1,\"name\":\"Portada\",\"item\":\"https:\\\/\\\/www.supeinnihonto.com\\\/de\\\/\"},{\"@type\":\"ListItem\",\"position\":2,\"name\":\"Shop\",\"item\":\"https:\\\/\\\/www.supeinnihonto.com\\\/de\\\/shop\\\/\"},{\"@type\":\"ListItem\",\"position\":3,\"name\":\"N\u014d-Maske Oto\"}]},{\"@type\":\"WebSite\",\"@id\":\"https:\\\/\\\/www.supeinnihonto.com\\\/de\\\/#website\",\"url\":\"https:\\\/\\\/www.supeinnihonto.com\\\/de\\\/\",\"name\":\"Supein Nihonto\",\"description\":\"Authentic japanese Nihonto katana \",\"publisher\":{\"@id\":\"https:\\\/\\\/www.supeinnihonto.com\\\/de\\\/#organization\"},\"potentialAction\":[{\"@type\":\"SearchAction\",\"target\":{\"@type\":\"EntryPoint\",\"urlTemplate\":\"https:\\\/\\\/www.supeinnihonto.com\\\/de\\\/?s={search_term_string}\"},\"query-input\":{\"@type\":\"PropertyValueSpecification\",\"valueRequired\":true,\"valueName\":\"search_term_string\"}}],\"inLanguage\":\"de\"},{\"@type\":\"Organization\",\"@id\":\"https:\\\/\\\/www.supeinnihonto.com\\\/de\\\/#organization\",\"name\":\"SupeinNihonto\",\"url\":\"https:\\\/\\\/www.supeinnihonto.com\\\/de\\\/\",\"logo\":{\"@type\":\"ImageObject\",\"inLanguage\":\"de\",\"@id\":\"https:\\\/\\\/www.supeinnihonto.com\\\/de\\\/#\\\/schema\\\/logo\\\/image\\\/\",\"url\":\"https:\\\/\\\/www.supeinnihonto.com\\\/wp-content\\\/uploads\\\/2021\\\/11\\\/animation_Default_3szk0jcenoloop.gif\",\"contentUrl\":\"https:\\\/\\\/www.supeinnihonto.com\\\/wp-content\\\/uploads\\\/2021\\\/11\\\/animation_Default_3szk0jcenoloop.gif\",\"width\":750,\"height\":641,\"caption\":\"SupeinNihonto\"},\"image\":{\"@id\":\"https:\\\/\\\/www.supeinnihonto.com\\\/de\\\/#\\\/schema\\\/logo\\\/image\\\/\"}}]}<\/script>\n<!-- \/ Yoast SEO plugin. -->","yoast_head_json":{"title":"N\u014d-Maske Oto - Supein Nihonto","description":"Geschnitzte Holzmaske aus dem N\u014d-Theater, Sh\u014dwa-Zeit. Signiert Seiun (\u9759\u96f2). Darstellung von Oto, einer Frauenmaske. \u00dcbertrieben f\u00fcllig und mit ausgepr\u00e4gten Gr\u00fcbchen versehen, stellt sie eine volkst\u00fcmliche Parodie niedrigen Ranges der eleganten Ko-omote-Maske im N\u014d-Theater dar.","robots":{"index":"index","follow":"follow","max-snippet":"max-snippet:-1","max-image-preview":"max-image-preview:large","max-video-preview":"max-video-preview:-1"},"canonical":"https:\/\/www.supeinnihonto.com\/de\/produkt\/no-maske-oto\/","og_locale":"de_DE","og_type":"article","og_title":"N\u014d-Maske Oto - Supein Nihonto","og_description":"Geschnitzte Holzmaske aus dem N\u014d-Theater, Sh\u014dwa-Zeit. Signiert Seiun (\u9759\u96f2). Darstellung von Oto, einer Frauenmaske. \u00dcbertrieben f\u00fcllig und mit ausgepr\u00e4gten Gr\u00fcbchen versehen, stellt sie eine volkst\u00fcmliche Parodie niedrigen Ranges der eleganten Ko-omote-Maske im N\u014d-Theater dar.","og_url":"https:\/\/www.supeinnihonto.com\/de\/produkt\/no-maske-oto\/","og_site_name":"Supein Nihonto","article_modified_time":"2025-12-22T21:29:48+00:00","og_image":[{"width":2400,"height":1842,"url":"https:\/\/www.supeinnihonto.com\/wp-content\/uploads\/2024\/11\/GEO9333.jpg","type":"image\/jpeg"}],"twitter_card":"summary_large_image","twitter_misc":{"Gesch\u00e4tzte Lesezeit":"1\u00a0Minute"},"schema":{"@context":"https:\/\/schema.org","@graph":[{"@type":"WebPage","@id":"https:\/\/www.supeinnihonto.com\/de\/produkt\/no-maske-oto\/","url":"https:\/\/www.supeinnihonto.com\/de\/produkt\/no-maske-oto\/","name":"N\u014d-Maske Oto - Supein Nihonto","isPartOf":{"@id":"https:\/\/www.supeinnihonto.com\/de\/#website"},"primaryImageOfPage":{"@id":"https:\/\/www.supeinnihonto.com\/de\/produkt\/no-maske-oto\/#primaryimage"},"image":{"@id":"https:\/\/www.supeinnihonto.com\/de\/produkt\/no-maske-oto\/#primaryimage"},"thumbnailUrl":"https:\/\/i0.wp.com\/www.supeinnihonto.com\/wp-content\/uploads\/2024\/11\/GEO9333.jpg?fit=2400%2C1842&ssl=1","datePublished":"2024-11-07T07:49:42+00:00","dateModified":"2025-12-22T21:29:48+00:00","description":"Geschnitzte Holzmaske aus dem N\u014d-Theater, Sh\u014dwa-Zeit. Signiert Seiun (\u9759\u96f2). Darstellung von Oto, einer Frauenmaske. \u00dcbertrieben f\u00fcllig und mit ausgepr\u00e4gten Gr\u00fcbchen versehen, stellt sie eine volkst\u00fcmliche Parodie niedrigen Ranges der eleganten Ko-omote-Maske im N\u014d-Theater dar.","breadcrumb":{"@id":"https:\/\/www.supeinnihonto.com\/de\/produkt\/no-maske-oto\/#breadcrumb"},"inLanguage":"de","potentialAction":[{"@type":"ReadAction","target":["https:\/\/www.supeinnihonto.com\/de\/produkt\/no-maske-oto\/"]}]},{"@type":"ImageObject","inLanguage":"de","@id":"https:\/\/www.supeinnihonto.com\/de\/produkt\/no-maske-oto\/#primaryimage","url":"https:\/\/i0.wp.com\/www.supeinnihonto.com\/wp-content\/uploads\/2024\/11\/GEO9333.jpg?fit=2400%2C1842&ssl=1","contentUrl":"https:\/\/i0.wp.com\/www.supeinnihonto.com\/wp-content\/uploads\/2024\/11\/GEO9333.jpg?fit=2400%2C1842&ssl=1","width":2400,"height":1842,"caption":"oto noh mask"},{"@type":"BreadcrumbList","@id":"https:\/\/www.supeinnihonto.com\/de\/produkt\/no-maske-oto\/#breadcrumb","itemListElement":[{"@type":"ListItem","position":1,"name":"Portada","item":"https:\/\/www.supeinnihonto.com\/de\/"},{"@type":"ListItem","position":2,"name":"Shop","item":"https:\/\/www.supeinnihonto.com\/de\/shop\/"},{"@type":"ListItem","position":3,"name":"N\u014d-Maske Oto"}]},{"@type":"WebSite","@id":"https:\/\/www.supeinnihonto.com\/de\/#website","url":"https:\/\/www.supeinnihonto.com\/de\/","name":"Supein Nihonto","description":"Authentic japanese Nihonto katana ","publisher":{"@id":"https:\/\/www.supeinnihonto.com\/de\/#organization"},"potentialAction":[{"@type":"SearchAction","target":{"@type":"EntryPoint","urlTemplate":"https:\/\/www.supeinnihonto.com\/de\/?s={search_term_string}"},"query-input":{"@type":"PropertyValueSpecification","valueRequired":true,"valueName":"search_term_string"}}],"inLanguage":"de"},{"@type":"Organization","@id":"https:\/\/www.supeinnihonto.com\/de\/#organization","name":"SupeinNihonto","url":"https:\/\/www.supeinnihonto.com\/de\/","logo":{"@type":"ImageObject","inLanguage":"de","@id":"https:\/\/www.supeinnihonto.com\/de\/#\/schema\/logo\/image\/","url":"https:\/\/www.supeinnihonto.com\/wp-content\/uploads\/2021\/11\/animation_Default_3szk0jcenoloop.gif","contentUrl":"https:\/\/www.supeinnihonto.com\/wp-content\/uploads\/2021\/11\/animation_Default_3szk0jcenoloop.gif","width":750,"height":641,"caption":"SupeinNihonto"},"image":{"@id":"https:\/\/www.supeinnihonto.com\/de\/#\/schema\/logo\/image\/"}}]}},"jetpack-related-posts":[{"id":12776,"url":"https:\/\/www.supeinnihonto.com\/de\/produkt\/no-maske-yaseonna\/","url_meta":{"origin":12760,"position":0},"title":"N\u014d-Maske Yaseonna","author":"Eric Majo","date":"7 de November de 2024","format":false,"excerpt":"Geschnitzte Holzmaske aus dem N\u014d-Theater, Sh\u014dwa-Zeit. Signiert Seiun (\u9759\u96f2). Darstellung des leidenden Geistes einer Frau, die an den Qualen einer Liebesbeziehung gestorben ist. N\u014d-Masken sind seit langem ein fester Bestandteil japanischer religi\u00f6ser Rituale, Feste und des Theaters. Sie stellen historische Figuren und Geister dar, die als kami bezeichnet werden und\u2026","rel":"","context":"\u00c4hnlicher Beitrag","block_context":{"text":"\u00c4hnlicher Beitrag","link":""},"img":{"alt_text":"Noh mask Yaseonna","src":"https:\/\/i0.wp.com\/www.supeinnihonto.com\/wp-content\/uploads\/2024\/11\/GEO9306.webp?fit=1200%2C1107&ssl=1&resize=350%2C200","width":350,"height":200,"srcset":"https:\/\/i0.wp.com\/www.supeinnihonto.com\/wp-content\/uploads\/2024\/11\/GEO9306.webp?fit=1200%2C1107&ssl=1&resize=350%2C200 1x, https:\/\/i0.wp.com\/www.supeinnihonto.com\/wp-content\/uploads\/2024\/11\/GEO9306.webp?fit=1200%2C1107&ssl=1&resize=525%2C300 1.5x, https:\/\/i0.wp.com\/www.supeinnihonto.com\/wp-content\/uploads\/2024\/11\/GEO9306.webp?fit=1200%2C1107&ssl=1&resize=700%2C400 2x, https:\/\/i0.wp.com\/www.supeinnihonto.com\/wp-content\/uploads\/2024\/11\/GEO9306.webp?fit=1200%2C1107&ssl=1&resize=1050%2C600 3x"},"classes":[]},{"id":12540,"url":"https:\/\/www.supeinnihonto.com\/de\/produkt\/no-maske-deikuro\/","url_meta":{"origin":12760,"position":1},"title":"N\u014d-Maske Deikur\u014d","author":"Eric Majo","date":"7 de November de 2024","format":false,"excerpt":"Geschnitzte Holzmaske aus dem N\u014d-Theater, signiert Seiun (\u9759\u96f2), Sh\u014dwa-Zeit. Hochwertige Schnitzarbeit. Darstellung von Deikur\u014d, einem mythologischen D\u00e4mon (Oni). N\u014d-Masken sind seit langem ein fester Bestandteil japanischer religi\u00f6ser Rituale, Feste und des Theaters. Sie stellen historische Figuren und Geister dar, die als kami bezeichnet werden und ihren Ursprung in den indigenen\u2026","rel":"","context":"\u00c4hnlicher Beitrag","block_context":{"text":"\u00c4hnlicher Beitrag","link":""},"img":{"alt_text":"Noh mask Deikuro","src":"https:\/\/i0.wp.com\/www.supeinnihonto.com\/wp-content\/uploads\/2024\/11\/GEO5972.webp?fit=1200%2C1147&ssl=1&resize=350%2C200","width":350,"height":200,"srcset":"https:\/\/i0.wp.com\/www.supeinnihonto.com\/wp-content\/uploads\/2024\/11\/GEO5972.webp?fit=1200%2C1147&ssl=1&resize=350%2C200 1x, https:\/\/i0.wp.com\/www.supeinnihonto.com\/wp-content\/uploads\/2024\/11\/GEO5972.webp?fit=1200%2C1147&ssl=1&resize=525%2C300 1.5x, https:\/\/i0.wp.com\/www.supeinnihonto.com\/wp-content\/uploads\/2024\/11\/GEO5972.webp?fit=1200%2C1147&ssl=1&resize=700%2C400 2x, https:\/\/i0.wp.com\/www.supeinnihonto.com\/wp-content\/uploads\/2024\/11\/GEO5972.webp?fit=1200%2C1147&ssl=1&resize=1050%2C600 3x"},"classes":[]},{"id":12768,"url":"https:\/\/www.supeinnihonto.com\/de\/produkt\/no-maske-yoroboshi\/","url_meta":{"origin":12760,"position":2},"title":"N\u014d-Maske Yoroboshi","author":"Eric Majo","date":"7 de November de 2024","format":false,"excerpt":"Geschnitzte Holzmaske aus dem N\u014d-Theater, Sh\u014dwa-Zeit. Signiert Seiun (\u9759\u96f2). Darstellung von Yoroboshi, einem blinden M\u00f6nch. N\u014d-Masken sind seit langem ein fester Bestandteil japanischer religi\u00f6ser Rituale, Feste und des Theaters. Sie stellen historische Figuren und Geister dar, die als kami bezeichnet werden und ihren Ursprung in den indigenen Glaubensvorstellungen Japans haben.\u2026","rel":"","context":"\u00c4hnlicher Beitrag","block_context":{"text":"\u00c4hnlicher Beitrag","link":""},"img":{"alt_text":"noh mask Yoroboshi","src":"https:\/\/i0.wp.com\/www.supeinnihonto.com\/wp-content\/uploads\/2024\/11\/GEO9320.jpg?fit=1200%2C799&ssl=1&resize=350%2C200","width":350,"height":200,"srcset":"https:\/\/i0.wp.com\/www.supeinnihonto.com\/wp-content\/uploads\/2024\/11\/GEO9320.jpg?fit=1200%2C799&ssl=1&resize=350%2C200 1x, https:\/\/i0.wp.com\/www.supeinnihonto.com\/wp-content\/uploads\/2024\/11\/GEO9320.jpg?fit=1200%2C799&ssl=1&resize=525%2C300 1.5x, https:\/\/i0.wp.com\/www.supeinnihonto.com\/wp-content\/uploads\/2024\/11\/GEO9320.jpg?fit=1200%2C799&ssl=1&resize=700%2C400 2x, https:\/\/i0.wp.com\/www.supeinnihonto.com\/wp-content\/uploads\/2024\/11\/GEO9320.jpg?fit=1200%2C799&ssl=1&resize=1050%2C600 3x"},"classes":[]},{"id":12548,"url":"https:\/\/www.supeinnihonto.com\/de\/produkt\/no-maske-higaki-onna\/","url_meta":{"origin":12760,"position":3},"title":"N\u014d-Maske Higaki Onna","author":"Eric Majo","date":"7 de November de 2024","format":false,"excerpt":"Geschnitzte Holzmaske aus dem N\u014d-Theater, signiert Seiun (\u9759\u96f2), Sh\u014dwa-Zeit. Darstellung von Higaki Onna (\u6a9c\u57a3\u5973), einer alten Frau. Als die sch\u00f6ne T\u00e4nzerin Higaki fast hundert Jahre alt war, wurde sie gebeten, Wasser f\u00fcr einen Adligen zu sch\u00f6pfen, woraufhin sie ein Gedicht \u00fcber diese Tat verfasste. Nach ihrem Tod musste ihr Geist\u2026","rel":"","context":"\u00c4hnlicher Beitrag","block_context":{"text":"\u00c4hnlicher Beitrag","link":""},"img":{"alt_text":"Noh mask Higakionna","src":"https:\/\/i0.wp.com\/www.supeinnihonto.com\/wp-content\/uploads\/2024\/11\/GEO5855.webp?fit=1200%2C951&ssl=1&resize=350%2C200","width":350,"height":200,"srcset":"https:\/\/i0.wp.com\/www.supeinnihonto.com\/wp-content\/uploads\/2024\/11\/GEO5855.webp?fit=1200%2C951&ssl=1&resize=350%2C200 1x, https:\/\/i0.wp.com\/www.supeinnihonto.com\/wp-content\/uploads\/2024\/11\/GEO5855.webp?fit=1200%2C951&ssl=1&resize=525%2C300 1.5x, https:\/\/i0.wp.com\/www.supeinnihonto.com\/wp-content\/uploads\/2024\/11\/GEO5855.webp?fit=1200%2C951&ssl=1&resize=700%2C400 2x, https:\/\/i0.wp.com\/www.supeinnihonto.com\/wp-content\/uploads\/2024\/11\/GEO5855.webp?fit=1200%2C951&ssl=1&resize=1050%2C600 3x"},"classes":[]},{"id":12568,"url":"https:\/\/www.supeinnihonto.com\/de\/produkt\/no-maske-ikazuchi\/","url_meta":{"origin":12760,"position":4},"title":"N\u014d-Maske Ikazuchi","author":"Eric Majo","date":"7 de November de 2024","format":false,"excerpt":"Geschnitzte Holzmaske aus dem N\u014d-Theater, Sh\u014dwa-Zeit. Signiert Seiun (\u9759\u96f2). Darstellung von Ikazuchi, einem Oni (D\u00e4mon). Fantastische und ungew\u00f6hnliche Farbgebung. N\u014d-Masken sind seit langem ein fester Bestandteil japanischer religi\u00f6ser Rituale, Feste und des Theaters. Sie stellen historische Figuren und Geister dar, die als kami bezeichnet werden und ihren Ursprung in den\u2026","rel":"","context":"\u00c4hnlicher Beitrag","block_context":{"text":"\u00c4hnlicher Beitrag","link":""},"img":{"alt_text":"Gesneden houten masker uit het N\u014d-theater, Sh\u014dwa-periode. Gesigneerd Seiun (\u9759\u96f2). Voorstelling van Ikazuchi, afgebeeld als een oni (demon).","src":"https:\/\/i0.wp.com\/www.supeinnihonto.com\/wp-content\/uploads\/2024\/11\/GEO9362.webp?fit=1200%2C980&ssl=1&resize=350%2C200","width":350,"height":200,"srcset":"https:\/\/i0.wp.com\/www.supeinnihonto.com\/wp-content\/uploads\/2024\/11\/GEO9362.webp?fit=1200%2C980&ssl=1&resize=350%2C200 1x, https:\/\/i0.wp.com\/www.supeinnihonto.com\/wp-content\/uploads\/2024\/11\/GEO9362.webp?fit=1200%2C980&ssl=1&resize=525%2C300 1.5x, https:\/\/i0.wp.com\/www.supeinnihonto.com\/wp-content\/uploads\/2024\/11\/GEO9362.webp?fit=1200%2C980&ssl=1&resize=700%2C400 2x, https:\/\/i0.wp.com\/www.supeinnihonto.com\/wp-content\/uploads\/2024\/11\/GEO9362.webp?fit=1200%2C980&ssl=1&resize=1050%2C600 3x"},"classes":[]},{"id":12556,"url":"https:\/\/www.supeinnihonto.com\/de\/produkt\/no-maske-yoroboshi-mit-box\/","url_meta":{"origin":12760,"position":5},"title":"N\u014d-Maske Yoroboshi mit Box","author":"Eric Majo","date":"7 de November de 2024","format":false,"excerpt":"Geschnitzte Holzmaske aus dem N\u014d-Theater, Sh\u014dwa-Zeit. Signiert Naohiro Kaneko und datiert 1957, mit Box. Signierte japanische N\u014d-Maske mit der Darstellung von Yoroboshi (blinder M\u00f6nch). N\u014d-Masken sind seit langem ein fester Bestandteil japanischer religi\u00f6ser Rituale, Feste und des Theaters. Sie stellen historische Figuren und Geister dar, die als kami bezeichnet werden\u2026","rel":"","context":"\u00c4hnlicher Beitrag","block_context":{"text":"\u00c4hnlicher Beitrag","link":""},"img":{"alt_text":"Noh mask Yoroboshi with box","src":"https:\/\/i0.wp.com\/www.supeinnihonto.com\/wp-content\/uploads\/2024\/11\/GEO9415.webp?fit=1200%2C799&ssl=1&resize=350%2C200","width":350,"height":200,"srcset":"https:\/\/i0.wp.com\/www.supeinnihonto.com\/wp-content\/uploads\/2024\/11\/GEO9415.webp?fit=1200%2C799&ssl=1&resize=350%2C200 1x, https:\/\/i0.wp.com\/www.supeinnihonto.com\/wp-content\/uploads\/2024\/11\/GEO9415.webp?fit=1200%2C799&ssl=1&resize=525%2C300 1.5x, https:\/\/i0.wp.com\/www.supeinnihonto.com\/wp-content\/uploads\/2024\/11\/GEO9415.webp?fit=1200%2C799&ssl=1&resize=700%2C400 2x, https:\/\/i0.wp.com\/www.supeinnihonto.com\/wp-content\/uploads\/2024\/11\/GEO9415.webp?fit=1200%2C799&ssl=1&resize=1050%2C600 3x"},"classes":[]}],"jetpack_sharing_enabled":true,"_links":{"self":[{"href":"https:\/\/www.supeinnihonto.com\/de\/wp-json\/wp\/v2\/product\/12760","targetHints":{"allow":["GET"]}}],"collection":[{"href":"https:\/\/www.supeinnihonto.com\/de\/wp-json\/wp\/v2\/product"}],"about":[{"href":"https:\/\/www.supeinnihonto.com\/de\/wp-json\/wp\/v2\/types\/product"}],"wp:featuredmedia":[{"embeddable":true,"href":"https:\/\/www.supeinnihonto.com\/de\/wp-json\/wp\/v2\/media\/12761"}],"wp:attachment":[{"href":"https:\/\/www.supeinnihonto.com\/de\/wp-json\/wp\/v2\/media?parent=12760"}],"wp:term":[{"taxonomy":"product_brand","embeddable":true,"href":"https:\/\/www.supeinnihonto.com\/de\/wp-json\/wp\/v2\/product_brand?post=12760"},{"taxonomy":"product_cat","embeddable":true,"href":"https:\/\/www.supeinnihonto.com\/de\/wp-json\/wp\/v2\/product_cat?post=12760"},{"taxonomy":"product_tag","embeddable":true,"href":"https:\/\/www.supeinnihonto.com\/de\/wp-json\/wp\/v2\/product_tag?post=12760"}],"curies":[{"name":"wp","href":"https:\/\/api.w.org\/{rel}","templated":true}]}}