{"id":12738,"date":"2024-11-05T08:50:01","date_gmt":"2024-11-05T08:50:01","guid":{"rendered":"https:\/\/www.supeinnihonto.com\/product\/netsuke-hermit-signed\/"},"modified":"2025-12-23T20:52:17","modified_gmt":"2025-12-23T20:52:17","slug":"netsuke-einsiedler-aus-holz-signiert","status":"publish","type":"product","link":"https:\/\/www.supeinnihonto.com\/de\/produkt\/netsuke-einsiedler-aus-holz-signiert\/","title":{"rendered":"Netsuke Einsiedler aus Holz, signiert"},"content":{"rendered":"<p data-start=\"776\" data-end=\"796\">Kostenloser Versand.<\/p>\n<p data-start=\"798\" data-end=\"1017\">H\u00f6lzernes Netsuke eines Einsiedlers mit einem B\u00fcndel Pfirsiche, signiert. Meiji-Zeit, 19. Jahrhundert. In sehr gutem Erhaltungszustand mit gro\u00dfartiger Patina. Pr\u00e4chtige Schnitzarbeit und hervorragender Gesichtsausdruck.<\/p>\n<p data-start=\"1019\" data-end=\"1037\">6,1 x 3,5 x 2,8 cm<\/p>\n","protected":false},"excerpt":{"rendered":"<p>Kostenloser Versand. H\u00f6lzernes Netsuke eines Einsiedlers mit einem B\u00fcndel Pfirsiche, signiert. Meiji-Zeit, 19. Jahrhundert. In sehr gutem Erhaltungszustand mit gro\u00dfartiger Patina. Pr\u00e4chtige Schnitzarbeit und hervorragender Gesichtsausdruck. 6,1 x 3,5 x 2,8 cm<\/p>\n","protected":false},"featured_media":12740,"template":"","meta":{"jetpack_post_was_ever_published":false},"product_brand":[],"product_cat":[572],"product_tag":[684,654,656],"class_list":{"0":"post-12738","1":"product","2":"type-product","3":"status-publish","4":"has-post-thumbnail","6":"product_cat-netsuke","7":"product_tag-holz","8":"product_tag-netsuke","9":"product_tag-okimono","10":"product_shipping_class-light","12":"first","13":"instock","14":"featured","15":"sold-individually","16":"shipping-taxable","17":"purchasable","18":"product-type-simple"},"yoast_head":"<!-- This site is optimized with the Yoast SEO plugin v27.4 - https:\/\/yoast.com\/product\/yoast-seo-wordpress\/ -->\n<title>Netsuke Einsiedler aus Holz, signiert - Supein Nihonto<\/title>\n<meta name=\"description\" content=\"H\u00f6lzernes Netsuke eines Einsiedlers mit einem B\u00fcndel Pfirsiche, signiert. Meiji-Zeit, 19. Jahrhundert. In sehr gutem Erhaltungszustand mit gro\u00dfartiger Patina. Pr\u00e4chtige Schnitzarbeit und hervorragender Gesichtsausdruck.6,1 x 3,5 x 2,8 cm\" \/>\n<meta name=\"robots\" content=\"index, follow, max-snippet:-1, max-image-preview:large, max-video-preview:-1\" \/>\n<link rel=\"canonical\" href=\"https:\/\/www.supeinnihonto.com\/de\/produkt\/netsuke-einsiedler-aus-holz-signiert\/\" \/>\n<meta property=\"og:locale\" content=\"de_DE\" \/>\n<meta property=\"og:type\" content=\"article\" \/>\n<meta property=\"og:title\" content=\"Netsuke Einsiedler aus Holz, signiert - Supein Nihonto\" \/>\n<meta property=\"og:description\" content=\"H\u00f6lzernes Netsuke eines Einsiedlers mit einem B\u00fcndel Pfirsiche, signiert. Meiji-Zeit, 19. Jahrhundert. In sehr gutem Erhaltungszustand mit gro\u00dfartiger Patina. Pr\u00e4chtige Schnitzarbeit und hervorragender Gesichtsausdruck.6,1 x 3,5 x 2,8 cm\" \/>\n<meta property=\"og:url\" content=\"https:\/\/www.supeinnihonto.com\/de\/produkt\/netsuke-einsiedler-aus-holz-signiert\/\" \/>\n<meta property=\"og:site_name\" content=\"Supein Nihonto\" \/>\n<meta property=\"article:modified_time\" content=\"2025-12-23T20:52:17+00:00\" \/>\n<meta property=\"og:image\" content=\"https:\/\/www.supeinnihonto.com\/wp-content\/uploads\/2024\/11\/DSC1449-scaled.jpg\" \/>\n\t<meta property=\"og:image:width\" content=\"2560\" \/>\n\t<meta property=\"og:image:height\" content=\"1707\" \/>\n\t<meta property=\"og:image:type\" content=\"image\/jpeg\" \/>\n<meta name=\"twitter:card\" content=\"summary_large_image\" \/>\n<meta name=\"twitter:label1\" content=\"Gesch\u00e4tzte Lesezeit\" \/>\n\t<meta name=\"twitter:data1\" content=\"1\u00a0Minute\" \/>\n<script type=\"application\/ld+json\" class=\"yoast-schema-graph\">{\"@context\":\"https:\\\/\\\/schema.org\",\"@graph\":[{\"@type\":\"WebPage\",\"@id\":\"https:\\\/\\\/www.supeinnihonto.com\\\/de\\\/produkt\\\/netsuke-einsiedler-aus-holz-signiert\\\/\",\"url\":\"https:\\\/\\\/www.supeinnihonto.com\\\/de\\\/produkt\\\/netsuke-einsiedler-aus-holz-signiert\\\/\",\"name\":\"Netsuke Einsiedler aus Holz, signiert - Supein Nihonto\",\"isPartOf\":{\"@id\":\"https:\\\/\\\/www.supeinnihonto.com\\\/de\\\/#website\"},\"primaryImageOfPage\":{\"@id\":\"https:\\\/\\\/www.supeinnihonto.com\\\/de\\\/produkt\\\/netsuke-einsiedler-aus-holz-signiert\\\/#primaryimage\"},\"image\":{\"@id\":\"https:\\\/\\\/www.supeinnihonto.com\\\/de\\\/produkt\\\/netsuke-einsiedler-aus-holz-signiert\\\/#primaryimage\"},\"thumbnailUrl\":\"https:\\\/\\\/i0.wp.com\\\/www.supeinnihonto.com\\\/wp-content\\\/uploads\\\/2024\\\/11\\\/DSC1449-scaled.jpg?fit=2560%2C1707&ssl=1\",\"datePublished\":\"2024-11-05T08:50:01+00:00\",\"dateModified\":\"2025-12-23T20:52:17+00:00\",\"description\":\"H\u00f6lzernes Netsuke eines Einsiedlers mit einem B\u00fcndel Pfirsiche, signiert. Meiji-Zeit, 19. Jahrhundert. In sehr gutem Erhaltungszustand mit gro\u00dfartiger Patina. Pr\u00e4chtige Schnitzarbeit und hervorragender Gesichtsausdruck.6,1 x 3,5 x 2,8 cm\",\"breadcrumb\":{\"@id\":\"https:\\\/\\\/www.supeinnihonto.com\\\/de\\\/produkt\\\/netsuke-einsiedler-aus-holz-signiert\\\/#breadcrumb\"},\"inLanguage\":\"de\",\"potentialAction\":[{\"@type\":\"ReadAction\",\"target\":[\"https:\\\/\\\/www.supeinnihonto.com\\\/de\\\/produkt\\\/netsuke-einsiedler-aus-holz-signiert\\\/\"]}]},{\"@type\":\"ImageObject\",\"inLanguage\":\"de\",\"@id\":\"https:\\\/\\\/www.supeinnihonto.com\\\/de\\\/produkt\\\/netsuke-einsiedler-aus-holz-signiert\\\/#primaryimage\",\"url\":\"https:\\\/\\\/i0.wp.com\\\/www.supeinnihonto.com\\\/wp-content\\\/uploads\\\/2024\\\/11\\\/DSC1449-scaled.jpg?fit=2560%2C1707&ssl=1\",\"contentUrl\":\"https:\\\/\\\/i0.wp.com\\\/www.supeinnihonto.com\\\/wp-content\\\/uploads\\\/2024\\\/11\\\/DSC1449-scaled.jpg?fit=2560%2C1707&ssl=1\",\"width\":2560,\"height\":1707,\"caption\":\"Netsuke seinnen\"},{\"@type\":\"BreadcrumbList\",\"@id\":\"https:\\\/\\\/www.supeinnihonto.com\\\/de\\\/produkt\\\/netsuke-einsiedler-aus-holz-signiert\\\/#breadcrumb\",\"itemListElement\":[{\"@type\":\"ListItem\",\"position\":1,\"name\":\"Portada\",\"item\":\"https:\\\/\\\/www.supeinnihonto.com\\\/de\\\/\"},{\"@type\":\"ListItem\",\"position\":2,\"name\":\"Shop\",\"item\":\"https:\\\/\\\/www.supeinnihonto.com\\\/de\\\/shop\\\/\"},{\"@type\":\"ListItem\",\"position\":3,\"name\":\"Netsuke Einsiedler aus Holz, signiert\"}]},{\"@type\":\"WebSite\",\"@id\":\"https:\\\/\\\/www.supeinnihonto.com\\\/de\\\/#website\",\"url\":\"https:\\\/\\\/www.supeinnihonto.com\\\/de\\\/\",\"name\":\"Supein Nihonto\",\"description\":\"Authentic japanese Nihonto katana \",\"publisher\":{\"@id\":\"https:\\\/\\\/www.supeinnihonto.com\\\/de\\\/#organization\"},\"potentialAction\":[{\"@type\":\"SearchAction\",\"target\":{\"@type\":\"EntryPoint\",\"urlTemplate\":\"https:\\\/\\\/www.supeinnihonto.com\\\/de\\\/?s={search_term_string}\"},\"query-input\":{\"@type\":\"PropertyValueSpecification\",\"valueRequired\":true,\"valueName\":\"search_term_string\"}}],\"inLanguage\":\"de\"},{\"@type\":\"Organization\",\"@id\":\"https:\\\/\\\/www.supeinnihonto.com\\\/de\\\/#organization\",\"name\":\"SupeinNihonto\",\"url\":\"https:\\\/\\\/www.supeinnihonto.com\\\/de\\\/\",\"logo\":{\"@type\":\"ImageObject\",\"inLanguage\":\"de\",\"@id\":\"https:\\\/\\\/www.supeinnihonto.com\\\/de\\\/#\\\/schema\\\/logo\\\/image\\\/\",\"url\":\"https:\\\/\\\/www.supeinnihonto.com\\\/wp-content\\\/uploads\\\/2021\\\/11\\\/animation_Default_3szk0jcenoloop.gif\",\"contentUrl\":\"https:\\\/\\\/www.supeinnihonto.com\\\/wp-content\\\/uploads\\\/2021\\\/11\\\/animation_Default_3szk0jcenoloop.gif\",\"width\":750,\"height\":641,\"caption\":\"SupeinNihonto\"},\"image\":{\"@id\":\"https:\\\/\\\/www.supeinnihonto.com\\\/de\\\/#\\\/schema\\\/logo\\\/image\\\/\"}}]}<\/script>\n<!-- \/ Yoast SEO plugin. -->","yoast_head_json":{"title":"Netsuke Einsiedler aus Holz, signiert - Supein Nihonto","description":"H\u00f6lzernes Netsuke eines Einsiedlers mit einem B\u00fcndel Pfirsiche, signiert. Meiji-Zeit, 19. Jahrhundert. In sehr gutem Erhaltungszustand mit gro\u00dfartiger Patina. Pr\u00e4chtige Schnitzarbeit und hervorragender Gesichtsausdruck.6,1 x 3,5 x 2,8 cm","robots":{"index":"index","follow":"follow","max-snippet":"max-snippet:-1","max-image-preview":"max-image-preview:large","max-video-preview":"max-video-preview:-1"},"canonical":"https:\/\/www.supeinnihonto.com\/de\/produkt\/netsuke-einsiedler-aus-holz-signiert\/","og_locale":"de_DE","og_type":"article","og_title":"Netsuke Einsiedler aus Holz, signiert - Supein Nihonto","og_description":"H\u00f6lzernes Netsuke eines Einsiedlers mit einem B\u00fcndel Pfirsiche, signiert. Meiji-Zeit, 19. Jahrhundert. In sehr gutem Erhaltungszustand mit gro\u00dfartiger Patina. Pr\u00e4chtige Schnitzarbeit und hervorragender Gesichtsausdruck.6,1 x 3,5 x 2,8 cm","og_url":"https:\/\/www.supeinnihonto.com\/de\/produkt\/netsuke-einsiedler-aus-holz-signiert\/","og_site_name":"Supein Nihonto","article_modified_time":"2025-12-23T20:52:17+00:00","og_image":[{"width":2560,"height":1707,"url":"https:\/\/www.supeinnihonto.com\/wp-content\/uploads\/2024\/11\/DSC1449-scaled.jpg","type":"image\/jpeg"}],"twitter_card":"summary_large_image","twitter_misc":{"Gesch\u00e4tzte Lesezeit":"1\u00a0Minute"},"schema":{"@context":"https:\/\/schema.org","@graph":[{"@type":"WebPage","@id":"https:\/\/www.supeinnihonto.com\/de\/produkt\/netsuke-einsiedler-aus-holz-signiert\/","url":"https:\/\/www.supeinnihonto.com\/de\/produkt\/netsuke-einsiedler-aus-holz-signiert\/","name":"Netsuke Einsiedler aus Holz, signiert - Supein Nihonto","isPartOf":{"@id":"https:\/\/www.supeinnihonto.com\/de\/#website"},"primaryImageOfPage":{"@id":"https:\/\/www.supeinnihonto.com\/de\/produkt\/netsuke-einsiedler-aus-holz-signiert\/#primaryimage"},"image":{"@id":"https:\/\/www.supeinnihonto.com\/de\/produkt\/netsuke-einsiedler-aus-holz-signiert\/#primaryimage"},"thumbnailUrl":"https:\/\/i0.wp.com\/www.supeinnihonto.com\/wp-content\/uploads\/2024\/11\/DSC1449-scaled.jpg?fit=2560%2C1707&ssl=1","datePublished":"2024-11-05T08:50:01+00:00","dateModified":"2025-12-23T20:52:17+00:00","description":"H\u00f6lzernes Netsuke eines Einsiedlers mit einem B\u00fcndel Pfirsiche, signiert. Meiji-Zeit, 19. Jahrhundert. In sehr gutem Erhaltungszustand mit gro\u00dfartiger Patina. Pr\u00e4chtige Schnitzarbeit und hervorragender Gesichtsausdruck.6,1 x 3,5 x 2,8 cm","breadcrumb":{"@id":"https:\/\/www.supeinnihonto.com\/de\/produkt\/netsuke-einsiedler-aus-holz-signiert\/#breadcrumb"},"inLanguage":"de","potentialAction":[{"@type":"ReadAction","target":["https:\/\/www.supeinnihonto.com\/de\/produkt\/netsuke-einsiedler-aus-holz-signiert\/"]}]},{"@type":"ImageObject","inLanguage":"de","@id":"https:\/\/www.supeinnihonto.com\/de\/produkt\/netsuke-einsiedler-aus-holz-signiert\/#primaryimage","url":"https:\/\/i0.wp.com\/www.supeinnihonto.com\/wp-content\/uploads\/2024\/11\/DSC1449-scaled.jpg?fit=2560%2C1707&ssl=1","contentUrl":"https:\/\/i0.wp.com\/www.supeinnihonto.com\/wp-content\/uploads\/2024\/11\/DSC1449-scaled.jpg?fit=2560%2C1707&ssl=1","width":2560,"height":1707,"caption":"Netsuke seinnen"},{"@type":"BreadcrumbList","@id":"https:\/\/www.supeinnihonto.com\/de\/produkt\/netsuke-einsiedler-aus-holz-signiert\/#breadcrumb","itemListElement":[{"@type":"ListItem","position":1,"name":"Portada","item":"https:\/\/www.supeinnihonto.com\/de\/"},{"@type":"ListItem","position":2,"name":"Shop","item":"https:\/\/www.supeinnihonto.com\/de\/shop\/"},{"@type":"ListItem","position":3,"name":"Netsuke Einsiedler aus Holz, signiert"}]},{"@type":"WebSite","@id":"https:\/\/www.supeinnihonto.com\/de\/#website","url":"https:\/\/www.supeinnihonto.com\/de\/","name":"Supein Nihonto","description":"Authentic japanese Nihonto katana ","publisher":{"@id":"https:\/\/www.supeinnihonto.com\/de\/#organization"},"potentialAction":[{"@type":"SearchAction","target":{"@type":"EntryPoint","urlTemplate":"https:\/\/www.supeinnihonto.com\/de\/?s={search_term_string}"},"query-input":{"@type":"PropertyValueSpecification","valueRequired":true,"valueName":"search_term_string"}}],"inLanguage":"de"},{"@type":"Organization","@id":"https:\/\/www.supeinnihonto.com\/de\/#organization","name":"SupeinNihonto","url":"https:\/\/www.supeinnihonto.com\/de\/","logo":{"@type":"ImageObject","inLanguage":"de","@id":"https:\/\/www.supeinnihonto.com\/de\/#\/schema\/logo\/image\/","url":"https:\/\/www.supeinnihonto.com\/wp-content\/uploads\/2021\/11\/animation_Default_3szk0jcenoloop.gif","contentUrl":"https:\/\/www.supeinnihonto.com\/wp-content\/uploads\/2021\/11\/animation_Default_3szk0jcenoloop.gif","width":750,"height":641,"caption":"SupeinNihonto"},"image":{"@id":"https:\/\/www.supeinnihonto.com\/de\/#\/schema\/logo\/image\/"}}]}},"jetpack-related-posts":[{"id":13329,"url":"https:\/\/www.supeinnihonto.com\/de\/produkt\/netsuke-affe-aus-elfenbein\/","url_meta":{"origin":12738,"position":0},"title":"Netsuke Affe aus Elfenbein","author":"Supein Nihonto","date":"28 de Mai de 2024","format":false,"excerpt":"Kostenloser Versand. Elfenbein-Netsuke mit Darstellung eines Affen, mit braun get\u00f6nter Gravur, signiert \u201eMatsuyama\u201c. Meiji-Zeit. Wird mit Zertifikat und CITES-Dokument geliefert. 4,3 x 3 x 2,7 cm","rel":"","context":"\u00c4hnlicher Beitrag","block_context":{"text":"\u00c4hnlicher Beitrag","link":""},"img":{"alt_text":"Netsuke monkey ivory","src":"https:\/\/i0.wp.com\/www.supeinnihonto.com\/wp-content\/uploads\/2024\/05\/DSC_4065-scaled.jpg?fit=1200%2C800&ssl=1&resize=350%2C200","width":350,"height":200,"srcset":"https:\/\/i0.wp.com\/www.supeinnihonto.com\/wp-content\/uploads\/2024\/05\/DSC_4065-scaled.jpg?fit=1200%2C800&ssl=1&resize=350%2C200 1x, https:\/\/i0.wp.com\/www.supeinnihonto.com\/wp-content\/uploads\/2024\/05\/DSC_4065-scaled.jpg?fit=1200%2C800&ssl=1&resize=525%2C300 1.5x, https:\/\/i0.wp.com\/www.supeinnihonto.com\/wp-content\/uploads\/2024\/05\/DSC_4065-scaled.jpg?fit=1200%2C800&ssl=1&resize=700%2C400 2x, https:\/\/i0.wp.com\/www.supeinnihonto.com\/wp-content\/uploads\/2024\/05\/DSC_4065-scaled.jpg?fit=1200%2C800&ssl=1&resize=1050%2C600 3x"},"classes":[]},{"id":14237,"url":"https:\/\/www.supeinnihonto.com\/de\/produkt\/netsuke-affe-aus-holz-mit-shibayama-arbeit\/","url_meta":{"origin":12738,"position":1},"title":"Netsuke Affe aus Holz mit Shibayama-Arbeit","author":"Supein Nihonto","date":"27 de Mai de 2024","format":false,"excerpt":"Kostenloser Versand. Wundersch\u00f6nes Netsuke eines fein geschnitzten Affen mit Shibayama-Arbeit an den Augen, eingelegt mit kleinen Perlen. Signiert Koichi \u5149\u4e00.Japan, zweite H\u00e4lfte des 19. Jahrhunderts. 4 x 3,7 x 3 cm","rel":"","context":"\u00c4hnlicher Beitrag","block_context":{"text":"\u00c4hnlicher Beitrag","link":""},"img":{"alt_text":"Netsuke monkey wood shibayama","src":"https:\/\/i0.wp.com\/www.supeinnihonto.com\/wp-content\/uploads\/2024\/05\/DSC_3941-scaled.jpg?fit=1200%2C800&ssl=1&resize=350%2C200","width":350,"height":200,"srcset":"https:\/\/i0.wp.com\/www.supeinnihonto.com\/wp-content\/uploads\/2024\/05\/DSC_3941-scaled.jpg?fit=1200%2C800&ssl=1&resize=350%2C200 1x, https:\/\/i0.wp.com\/www.supeinnihonto.com\/wp-content\/uploads\/2024\/05\/DSC_3941-scaled.jpg?fit=1200%2C800&ssl=1&resize=525%2C300 1.5x, https:\/\/i0.wp.com\/www.supeinnihonto.com\/wp-content\/uploads\/2024\/05\/DSC_3941-scaled.jpg?fit=1200%2C800&ssl=1&resize=700%2C400 2x, https:\/\/i0.wp.com\/www.supeinnihonto.com\/wp-content\/uploads\/2024\/05\/DSC_3941-scaled.jpg?fit=1200%2C800&ssl=1&resize=1050%2C600 3x"},"classes":[]},{"id":13347,"url":"https:\/\/www.supeinnihonto.com\/de\/produkt\/netsuke-affe-mit-maske-aus-elfenbein\/","url_meta":{"origin":12738,"position":2},"title":"Netsuke Affe mit Maske aus Elfenbein","author":"Supein Nihonto","date":"28 de Mai de 2024","format":false,"excerpt":"Kostenloser Versand. Sehr humorvolles und fein geschnitztes Netsuke eines Affen, der eine N\u014d-Theatermaske mit konzentriertem Ausdruck schnitzt. Augen mit schwarzem B\u00fcffelhorn eingelegt. Signiert \u201eMatsuyama\u201c mit roter Einlage. Meiji-Zeit. Wird mit Zertifikat und CITES-Dokument geliefert. 4 x 3 x 2,8 cm","rel":"","context":"\u00c4hnlicher Beitrag","block_context":{"text":"\u00c4hnlicher Beitrag","link":""},"img":{"alt_text":"Netsuke monkey mask ivory","src":"https:\/\/i0.wp.com\/www.supeinnihonto.com\/wp-content\/uploads\/2024\/05\/Netsuke-monkey-mask-ivory.webp?fit=1200%2C800&ssl=1&resize=350%2C200","width":350,"height":200,"srcset":"https:\/\/i0.wp.com\/www.supeinnihonto.com\/wp-content\/uploads\/2024\/05\/Netsuke-monkey-mask-ivory.webp?fit=1200%2C800&ssl=1&resize=350%2C200 1x, https:\/\/i0.wp.com\/www.supeinnihonto.com\/wp-content\/uploads\/2024\/05\/Netsuke-monkey-mask-ivory.webp?fit=1200%2C800&ssl=1&resize=525%2C300 1.5x, https:\/\/i0.wp.com\/www.supeinnihonto.com\/wp-content\/uploads\/2024\/05\/Netsuke-monkey-mask-ivory.webp?fit=1200%2C800&ssl=1&resize=700%2C400 2x, https:\/\/i0.wp.com\/www.supeinnihonto.com\/wp-content\/uploads\/2024\/05\/Netsuke-monkey-mask-ivory.webp?fit=1200%2C800&ssl=1&resize=1050%2C600 3x"},"classes":[]},{"id":13420,"url":"https:\/\/www.supeinnihonto.com\/de\/produkt\/netsuke-affe-mit-oktopus-aus-elfenbein\/","url_meta":{"origin":12738,"position":3},"title":"Netsuke Affe mit Oktopus aus Elfenbein","author":"Supein Nihonto","date":"28 de Mai de 2024","format":false,"excerpt":"Kostenloser Versand. Sehr humorvolles und hervorragend geschnitztes Netsuke eines Affen, der mit einem Oktopus ringt. Mit roter, gelber und schwarzer Polychromie in den Zeichnungen der Jacke. Augen mit schwarzem B\u00fcffelhorn eingelegt. Signiert \u201eMatsuyama\u201c mit roter Einlage. Meiji-Zeit. Wird mit Zertifikat und CITES-Dokument geliefert. 4 x 3,3 x 3 cm","rel":"","context":"\u00c4hnlicher Beitrag","block_context":{"text":"\u00c4hnlicher Beitrag","link":""},"img":{"alt_text":"Netsuke Monkey octopus ivory","src":"https:\/\/i0.wp.com\/www.supeinnihonto.com\/wp-content\/uploads\/2024\/05\/DSC_4125-scaled.jpg?fit=1200%2C800&ssl=1&resize=350%2C200","width":350,"height":200,"srcset":"https:\/\/i0.wp.com\/www.supeinnihonto.com\/wp-content\/uploads\/2024\/05\/DSC_4125-scaled.jpg?fit=1200%2C800&ssl=1&resize=350%2C200 1x, https:\/\/i0.wp.com\/www.supeinnihonto.com\/wp-content\/uploads\/2024\/05\/DSC_4125-scaled.jpg?fit=1200%2C800&ssl=1&resize=525%2C300 1.5x, https:\/\/i0.wp.com\/www.supeinnihonto.com\/wp-content\/uploads\/2024\/05\/DSC_4125-scaled.jpg?fit=1200%2C800&ssl=1&resize=700%2C400 2x, https:\/\/i0.wp.com\/www.supeinnihonto.com\/wp-content\/uploads\/2024\/05\/DSC_4125-scaled.jpg?fit=1200%2C800&ssl=1&resize=1050%2C600 3x"},"classes":[]},{"id":13367,"url":"https:\/\/www.supeinnihonto.com\/de\/produkt\/netsuke-ratten-van-ivoor\/","url_meta":{"origin":12738,"position":4},"title":"Netsuke ratten van ivoor","author":"Supein Nihonto","date":"28 de Mai de 2024","format":false,"excerpt":"Kostenloser Versand. Lustiges Netsuke mit zwei Ratten auf einem Holzbrett. Schwarz gef\u00e4rbt. Augen mit schwarzem B\u00fcffelhorn eingelegt. Am Sockel signiert. Meiji-Zeit, 20. Jahrhundert. Wird mit Zertifikat und CITES-Dokument geliefert. 4 x 1,8 x 1,8 cm","rel":"","context":"\u00c4hnlicher Beitrag","block_context":{"text":"\u00c4hnlicher Beitrag","link":""},"img":{"alt_text":"Netsuke rats ivory","src":"https:\/\/i0.wp.com\/www.supeinnihonto.com\/wp-content\/uploads\/2024\/05\/Netsuke-rats-ivory.webp?fit=1200%2C800&ssl=1&resize=350%2C200","width":350,"height":200,"srcset":"https:\/\/i0.wp.com\/www.supeinnihonto.com\/wp-content\/uploads\/2024\/05\/Netsuke-rats-ivory.webp?fit=1200%2C800&ssl=1&resize=350%2C200 1x, https:\/\/i0.wp.com\/www.supeinnihonto.com\/wp-content\/uploads\/2024\/05\/Netsuke-rats-ivory.webp?fit=1200%2C800&ssl=1&resize=525%2C300 1.5x, https:\/\/i0.wp.com\/www.supeinnihonto.com\/wp-content\/uploads\/2024\/05\/Netsuke-rats-ivory.webp?fit=1200%2C800&ssl=1&resize=700%2C400 2x, https:\/\/i0.wp.com\/www.supeinnihonto.com\/wp-content\/uploads\/2024\/05\/Netsuke-rats-ivory.webp?fit=1200%2C800&ssl=1&resize=1050%2C600 3x"},"classes":[]},{"id":13472,"url":"https:\/\/www.supeinnihonto.com\/de\/produkt\/netsuke-schaedel-mit-schlange-aus-elfenbein\/","url_meta":{"origin":12738,"position":5},"title":"Netsuke Sch\u00e4del mit Schlange aus Elfenbein","author":"Supein Nihonto","date":"29 de Mai de 2024","format":false,"excerpt":"Kostenloser Versand. Netsuke in Form eines Sch\u00e4dels geschnitzt, mit einer Schlange, die einen Frosch auf dem Sch\u00e4del angreift. Memento-mori-Symbolik. Aus Elfenbein geschnitzt und am Sockel vom K\u00fcnstler signiert. Meiji-Zeit. Wird mit Zertifikat und CITES-Dokument geliefert. 4 x 3,2 x 3 cm","rel":"","context":"\u00c4hnlicher Beitrag","block_context":{"text":"\u00c4hnlicher Beitrag","link":""},"img":{"alt_text":"Netsuke skull snake ivory","src":"https:\/\/i0.wp.com\/www.supeinnihonto.com\/wp-content\/uploads\/2024\/05\/DSC_4641-scaled.jpg?fit=1200%2C800&ssl=1&resize=350%2C200","width":350,"height":200,"srcset":"https:\/\/i0.wp.com\/www.supeinnihonto.com\/wp-content\/uploads\/2024\/05\/DSC_4641-scaled.jpg?fit=1200%2C800&ssl=1&resize=350%2C200 1x, https:\/\/i0.wp.com\/www.supeinnihonto.com\/wp-content\/uploads\/2024\/05\/DSC_4641-scaled.jpg?fit=1200%2C800&ssl=1&resize=525%2C300 1.5x, https:\/\/i0.wp.com\/www.supeinnihonto.com\/wp-content\/uploads\/2024\/05\/DSC_4641-scaled.jpg?fit=1200%2C800&ssl=1&resize=700%2C400 2x, https:\/\/i0.wp.com\/www.supeinnihonto.com\/wp-content\/uploads\/2024\/05\/DSC_4641-scaled.jpg?fit=1200%2C800&ssl=1&resize=1050%2C600 3x"},"classes":[]}],"jetpack_sharing_enabled":true,"_links":{"self":[{"href":"https:\/\/www.supeinnihonto.com\/de\/wp-json\/wp\/v2\/product\/12738","targetHints":{"allow":["GET"]}}],"collection":[{"href":"https:\/\/www.supeinnihonto.com\/de\/wp-json\/wp\/v2\/product"}],"about":[{"href":"https:\/\/www.supeinnihonto.com\/de\/wp-json\/wp\/v2\/types\/product"}],"wp:featuredmedia":[{"embeddable":true,"href":"https:\/\/www.supeinnihonto.com\/de\/wp-json\/wp\/v2\/media\/12740"}],"wp:attachment":[{"href":"https:\/\/www.supeinnihonto.com\/de\/wp-json\/wp\/v2\/media?parent=12738"}],"wp:term":[{"taxonomy":"product_brand","embeddable":true,"href":"https:\/\/www.supeinnihonto.com\/de\/wp-json\/wp\/v2\/product_brand?post=12738"},{"taxonomy":"product_cat","embeddable":true,"href":"https:\/\/www.supeinnihonto.com\/de\/wp-json\/wp\/v2\/product_cat?post=12738"},{"taxonomy":"product_tag","embeddable":true,"href":"https:\/\/www.supeinnihonto.com\/de\/wp-json\/wp\/v2\/product_tag?post=12738"}],"curies":[{"name":"wp","href":"https:\/\/api.w.org\/{rel}","templated":true}]}}