{"id":12606,"date":"2024-11-05T07:24:48","date_gmt":"2024-11-05T07:24:48","guid":{"rendered":"https:\/\/www.supeinnihonto.com\/product\/netsuke-daikokuten-wood\/"},"modified":"2025-12-23T22:27:30","modified_gmt":"2025-12-23T22:27:30","slug":"netsuke-daikokuten-aus-holz","status":"publish","type":"product","link":"https:\/\/www.supeinnihonto.com\/de\/produkt\/netsuke-daikokuten-aus-holz\/","title":{"rendered":"Netsuke Daikokuten aus Holz"},"content":{"rendered":"<p data-start=\"672\" data-end=\"692\">Kostenloser Versand.<\/p>\n<p data-start=\"694\" data-end=\"899\">Gro\u00dfartiges h\u00f6lzernes Netsuke von Daikokuten, einem der Shichifukujin, der sieben Gl\u00fccksg\u00f6tter Japans. Diese Schnitzereien sind sehr begehrt, da man glaubt, dass sie ihrem Besitzer Gl\u00fcck bringen. Edo-Zeit.<\/p>\n<p data-start=\"901\" data-end=\"915\">4,5 x 4 x 3 cm<\/p>\n","protected":false},"excerpt":{"rendered":"<p>Kostenloser Versand. Gro\u00dfartiges h\u00f6lzernes Netsuke von Daikokuten, einem der Shichifukujin, der sieben Gl\u00fccksg\u00f6tter Japans. Diese Schnitzereien sind sehr begehrt, da man glaubt, dass sie ihrem Besitzer Gl\u00fcck bringen. Edo-Zeit. 4,5 x 4 x 3 cm<\/p>\n","protected":false},"featured_media":38899,"template":"","meta":{"jetpack_post_was_ever_published":false},"product_brand":[],"product_cat":[572],"product_tag":[684,654,656],"class_list":{"0":"post-12606","1":"product","2":"type-product","3":"status-publish","4":"has-post-thumbnail","6":"product_cat-netsuke","7":"product_tag-holz","8":"product_tag-netsuke","9":"product_tag-okimono","10":"product_shipping_class-light","12":"first","13":"instock","14":"featured","15":"sold-individually","16":"shipping-taxable","17":"purchasable","18":"product-type-simple"},"yoast_head":"<!-- This site is optimized with the Yoast SEO plugin v27.3 - https:\/\/yoast.com\/product\/yoast-seo-wordpress\/ -->\n<title>Netsuke Daikokuten aus Holz - Supein Nihonto<\/title>\n<meta name=\"description\" content=\"Gro\u00dfartiges h\u00f6lzernes Netsuke von Daikokuten, einem der Shichifukujin, der sieben Gl\u00fccksg\u00f6tter Japans. Diese Schnitzereien sind sehr begehrt, da man glaubt, dass sie ihrem Besitzer Gl\u00fcck bringen. Edo-Zeit.\" \/>\n<meta name=\"robots\" content=\"index, follow, max-snippet:-1, max-image-preview:large, max-video-preview:-1\" \/>\n<link rel=\"canonical\" href=\"https:\/\/www.supeinnihonto.com\/de\/produkt\/netsuke-daikokuten-aus-holz\/\" \/>\n<meta property=\"og:locale\" content=\"de_DE\" \/>\n<meta property=\"og:type\" content=\"article\" \/>\n<meta property=\"og:title\" content=\"Netsuke Daikokuten aus Holz - Supein Nihonto\" \/>\n<meta property=\"og:description\" content=\"Gro\u00dfartiges h\u00f6lzernes Netsuke von Daikokuten, einem der Shichifukujin, der sieben Gl\u00fccksg\u00f6tter Japans. Diese Schnitzereien sind sehr begehrt, da man glaubt, dass sie ihrem Besitzer Gl\u00fcck bringen. Edo-Zeit.\" \/>\n<meta property=\"og:url\" content=\"https:\/\/www.supeinnihonto.com\/de\/produkt\/netsuke-daikokuten-aus-holz\/\" \/>\n<meta property=\"og:site_name\" content=\"Supein Nihonto\" \/>\n<meta property=\"article:modified_time\" content=\"2025-12-23T22:27:30+00:00\" \/>\n<meta property=\"og:image\" content=\"https:\/\/www.supeinnihonto.com\/wp-content\/uploads\/2024\/11\/Netsuke-Daikokuten-wood.webp\" \/>\n\t<meta property=\"og:image:width\" content=\"2048\" \/>\n\t<meta property=\"og:image:height\" content=\"1365\" \/>\n\t<meta property=\"og:image:type\" content=\"image\/webp\" \/>\n<meta name=\"twitter:card\" content=\"summary_large_image\" \/>\n<meta name=\"twitter:label1\" content=\"Gesch\u00e4tzte Lesezeit\" \/>\n\t<meta name=\"twitter:data1\" content=\"1\u00a0Minute\" \/>\n<script type=\"application\/ld+json\" class=\"yoast-schema-graph\">{\"@context\":\"https:\\\/\\\/schema.org\",\"@graph\":[{\"@type\":\"WebPage\",\"@id\":\"https:\\\/\\\/www.supeinnihonto.com\\\/de\\\/produkt\\\/netsuke-daikokuten-aus-holz\\\/\",\"url\":\"https:\\\/\\\/www.supeinnihonto.com\\\/de\\\/produkt\\\/netsuke-daikokuten-aus-holz\\\/\",\"name\":\"Netsuke Daikokuten aus Holz - Supein Nihonto\",\"isPartOf\":{\"@id\":\"https:\\\/\\\/www.supeinnihonto.com\\\/de\\\/#website\"},\"primaryImageOfPage\":{\"@id\":\"https:\\\/\\\/www.supeinnihonto.com\\\/de\\\/produkt\\\/netsuke-daikokuten-aus-holz\\\/#primaryimage\"},\"image\":{\"@id\":\"https:\\\/\\\/www.supeinnihonto.com\\\/de\\\/produkt\\\/netsuke-daikokuten-aus-holz\\\/#primaryimage\"},\"thumbnailUrl\":\"https:\\\/\\\/i0.wp.com\\\/www.supeinnihonto.com\\\/wp-content\\\/uploads\\\/2024\\\/11\\\/Netsuke-Daikokuten-wood.webp?fit=2048%2C1365&ssl=1\",\"datePublished\":\"2024-11-05T07:24:48+00:00\",\"dateModified\":\"2025-12-23T22:27:30+00:00\",\"description\":\"Gro\u00dfartiges h\u00f6lzernes Netsuke von Daikokuten, einem der Shichifukujin, der sieben Gl\u00fccksg\u00f6tter Japans. Diese Schnitzereien sind sehr begehrt, da man glaubt, dass sie ihrem Besitzer Gl\u00fcck bringen. Edo-Zeit.\",\"breadcrumb\":{\"@id\":\"https:\\\/\\\/www.supeinnihonto.com\\\/de\\\/produkt\\\/netsuke-daikokuten-aus-holz\\\/#breadcrumb\"},\"inLanguage\":\"de\",\"potentialAction\":[{\"@type\":\"ReadAction\",\"target\":[\"https:\\\/\\\/www.supeinnihonto.com\\\/de\\\/produkt\\\/netsuke-daikokuten-aus-holz\\\/\"]}]},{\"@type\":\"ImageObject\",\"inLanguage\":\"de\",\"@id\":\"https:\\\/\\\/www.supeinnihonto.com\\\/de\\\/produkt\\\/netsuke-daikokuten-aus-holz\\\/#primaryimage\",\"url\":\"https:\\\/\\\/i0.wp.com\\\/www.supeinnihonto.com\\\/wp-content\\\/uploads\\\/2024\\\/11\\\/Netsuke-Daikokuten-wood.webp?fit=2048%2C1365&ssl=1\",\"contentUrl\":\"https:\\\/\\\/i0.wp.com\\\/www.supeinnihonto.com\\\/wp-content\\\/uploads\\\/2024\\\/11\\\/Netsuke-Daikokuten-wood.webp?fit=2048%2C1365&ssl=1\",\"width\":2048,\"height\":1365,\"caption\":\"Netsuke Daikokuten wood\"},{\"@type\":\"BreadcrumbList\",\"@id\":\"https:\\\/\\\/www.supeinnihonto.com\\\/de\\\/produkt\\\/netsuke-daikokuten-aus-holz\\\/#breadcrumb\",\"itemListElement\":[{\"@type\":\"ListItem\",\"position\":1,\"name\":\"Portada\",\"item\":\"https:\\\/\\\/www.supeinnihonto.com\\\/de\\\/\"},{\"@type\":\"ListItem\",\"position\":2,\"name\":\"Shop\",\"item\":\"https:\\\/\\\/www.supeinnihonto.com\\\/de\\\/shop\\\/\"},{\"@type\":\"ListItem\",\"position\":3,\"name\":\"Netsuke Daikokuten aus Holz\"}]},{\"@type\":\"WebSite\",\"@id\":\"https:\\\/\\\/www.supeinnihonto.com\\\/de\\\/#website\",\"url\":\"https:\\\/\\\/www.supeinnihonto.com\\\/de\\\/\",\"name\":\"Supein Nihonto\",\"description\":\"Authentic japanese Nihonto katana \",\"publisher\":{\"@id\":\"https:\\\/\\\/www.supeinnihonto.com\\\/de\\\/#organization\"},\"potentialAction\":[{\"@type\":\"SearchAction\",\"target\":{\"@type\":\"EntryPoint\",\"urlTemplate\":\"https:\\\/\\\/www.supeinnihonto.com\\\/de\\\/?s={search_term_string}\"},\"query-input\":{\"@type\":\"PropertyValueSpecification\",\"valueRequired\":true,\"valueName\":\"search_term_string\"}}],\"inLanguage\":\"de\"},{\"@type\":\"Organization\",\"@id\":\"https:\\\/\\\/www.supeinnihonto.com\\\/de\\\/#organization\",\"name\":\"SupeinNihonto\",\"url\":\"https:\\\/\\\/www.supeinnihonto.com\\\/de\\\/\",\"logo\":{\"@type\":\"ImageObject\",\"inLanguage\":\"de\",\"@id\":\"https:\\\/\\\/www.supeinnihonto.com\\\/de\\\/#\\\/schema\\\/logo\\\/image\\\/\",\"url\":\"https:\\\/\\\/www.supeinnihonto.com\\\/wp-content\\\/uploads\\\/2021\\\/11\\\/animation_Default_3szk0jcenoloop.gif\",\"contentUrl\":\"https:\\\/\\\/www.supeinnihonto.com\\\/wp-content\\\/uploads\\\/2021\\\/11\\\/animation_Default_3szk0jcenoloop.gif\",\"width\":750,\"height\":641,\"caption\":\"SupeinNihonto\"},\"image\":{\"@id\":\"https:\\\/\\\/www.supeinnihonto.com\\\/de\\\/#\\\/schema\\\/logo\\\/image\\\/\"}}]}<\/script>\n<!-- \/ Yoast SEO plugin. -->","yoast_head_json":{"title":"Netsuke Daikokuten aus Holz - Supein Nihonto","description":"Gro\u00dfartiges h\u00f6lzernes Netsuke von Daikokuten, einem der Shichifukujin, der sieben Gl\u00fccksg\u00f6tter Japans. Diese Schnitzereien sind sehr begehrt, da man glaubt, dass sie ihrem Besitzer Gl\u00fcck bringen. Edo-Zeit.","robots":{"index":"index","follow":"follow","max-snippet":"max-snippet:-1","max-image-preview":"max-image-preview:large","max-video-preview":"max-video-preview:-1"},"canonical":"https:\/\/www.supeinnihonto.com\/de\/produkt\/netsuke-daikokuten-aus-holz\/","og_locale":"de_DE","og_type":"article","og_title":"Netsuke Daikokuten aus Holz - Supein Nihonto","og_description":"Gro\u00dfartiges h\u00f6lzernes Netsuke von Daikokuten, einem der Shichifukujin, der sieben Gl\u00fccksg\u00f6tter Japans. Diese Schnitzereien sind sehr begehrt, da man glaubt, dass sie ihrem Besitzer Gl\u00fcck bringen. Edo-Zeit.","og_url":"https:\/\/www.supeinnihonto.com\/de\/produkt\/netsuke-daikokuten-aus-holz\/","og_site_name":"Supein Nihonto","article_modified_time":"2025-12-23T22:27:30+00:00","og_image":[{"width":2048,"height":1365,"url":"https:\/\/www.supeinnihonto.com\/wp-content\/uploads\/2024\/11\/Netsuke-Daikokuten-wood.webp","type":"image\/webp"}],"twitter_card":"summary_large_image","twitter_misc":{"Gesch\u00e4tzte Lesezeit":"1\u00a0Minute"},"schema":{"@context":"https:\/\/schema.org","@graph":[{"@type":"WebPage","@id":"https:\/\/www.supeinnihonto.com\/de\/produkt\/netsuke-daikokuten-aus-holz\/","url":"https:\/\/www.supeinnihonto.com\/de\/produkt\/netsuke-daikokuten-aus-holz\/","name":"Netsuke Daikokuten aus Holz - Supein Nihonto","isPartOf":{"@id":"https:\/\/www.supeinnihonto.com\/de\/#website"},"primaryImageOfPage":{"@id":"https:\/\/www.supeinnihonto.com\/de\/produkt\/netsuke-daikokuten-aus-holz\/#primaryimage"},"image":{"@id":"https:\/\/www.supeinnihonto.com\/de\/produkt\/netsuke-daikokuten-aus-holz\/#primaryimage"},"thumbnailUrl":"https:\/\/i0.wp.com\/www.supeinnihonto.com\/wp-content\/uploads\/2024\/11\/Netsuke-Daikokuten-wood.webp?fit=2048%2C1365&ssl=1","datePublished":"2024-11-05T07:24:48+00:00","dateModified":"2025-12-23T22:27:30+00:00","description":"Gro\u00dfartiges h\u00f6lzernes Netsuke von Daikokuten, einem der Shichifukujin, der sieben Gl\u00fccksg\u00f6tter Japans. Diese Schnitzereien sind sehr begehrt, da man glaubt, dass sie ihrem Besitzer Gl\u00fcck bringen. Edo-Zeit.","breadcrumb":{"@id":"https:\/\/www.supeinnihonto.com\/de\/produkt\/netsuke-daikokuten-aus-holz\/#breadcrumb"},"inLanguage":"de","potentialAction":[{"@type":"ReadAction","target":["https:\/\/www.supeinnihonto.com\/de\/produkt\/netsuke-daikokuten-aus-holz\/"]}]},{"@type":"ImageObject","inLanguage":"de","@id":"https:\/\/www.supeinnihonto.com\/de\/produkt\/netsuke-daikokuten-aus-holz\/#primaryimage","url":"https:\/\/i0.wp.com\/www.supeinnihonto.com\/wp-content\/uploads\/2024\/11\/Netsuke-Daikokuten-wood.webp?fit=2048%2C1365&ssl=1","contentUrl":"https:\/\/i0.wp.com\/www.supeinnihonto.com\/wp-content\/uploads\/2024\/11\/Netsuke-Daikokuten-wood.webp?fit=2048%2C1365&ssl=1","width":2048,"height":1365,"caption":"Netsuke Daikokuten wood"},{"@type":"BreadcrumbList","@id":"https:\/\/www.supeinnihonto.com\/de\/produkt\/netsuke-daikokuten-aus-holz\/#breadcrumb","itemListElement":[{"@type":"ListItem","position":1,"name":"Portada","item":"https:\/\/www.supeinnihonto.com\/de\/"},{"@type":"ListItem","position":2,"name":"Shop","item":"https:\/\/www.supeinnihonto.com\/de\/shop\/"},{"@type":"ListItem","position":3,"name":"Netsuke Daikokuten aus Holz"}]},{"@type":"WebSite","@id":"https:\/\/www.supeinnihonto.com\/de\/#website","url":"https:\/\/www.supeinnihonto.com\/de\/","name":"Supein Nihonto","description":"Authentic japanese Nihonto katana ","publisher":{"@id":"https:\/\/www.supeinnihonto.com\/de\/#organization"},"potentialAction":[{"@type":"SearchAction","target":{"@type":"EntryPoint","urlTemplate":"https:\/\/www.supeinnihonto.com\/de\/?s={search_term_string}"},"query-input":{"@type":"PropertyValueSpecification","valueRequired":true,"valueName":"search_term_string"}}],"inLanguage":"de"},{"@type":"Organization","@id":"https:\/\/www.supeinnihonto.com\/de\/#organization","name":"SupeinNihonto","url":"https:\/\/www.supeinnihonto.com\/de\/","logo":{"@type":"ImageObject","inLanguage":"de","@id":"https:\/\/www.supeinnihonto.com\/de\/#\/schema\/logo\/image\/","url":"https:\/\/www.supeinnihonto.com\/wp-content\/uploads\/2021\/11\/animation_Default_3szk0jcenoloop.gif","contentUrl":"https:\/\/www.supeinnihonto.com\/wp-content\/uploads\/2021\/11\/animation_Default_3szk0jcenoloop.gif","width":750,"height":641,"caption":"SupeinNihonto"},"image":{"@id":"https:\/\/www.supeinnihonto.com\/de\/#\/schema\/logo\/image\/"}}]}},"jetpack-related-posts":[{"id":5655,"url":"https:\/\/www.supeinnihonto.com\/produkt\/netsuke-daikokuten-wood\/","url_meta":{"origin":12606,"position":0},"title":"Netsuke Daikokuten wood","author":"Eric Majo","date":"5 de November de 2024","format":false,"excerpt":"Free shipping. Great netsuke in wood of Daikokuten, one of the sichifukushin, the seven goods of fortune in japan. These carvings are highly prized because they are believed to bring good luck to the owner. Edo period. 4,5 x 4 x 3 cm","rel":"","context":"\u00c4hnlicher Beitrag","block_context":{"text":"\u00c4hnlicher Beitrag","link":""},"img":{"alt_text":"Netsuke Daikokuten wood","src":"https:\/\/i0.wp.com\/www.supeinnihonto.com\/wp-content\/uploads\/2024\/11\/Netsuke-Daikokuten-wood.webp?fit=1200%2C800&ssl=1&resize=350%2C200","width":350,"height":200,"srcset":"https:\/\/i0.wp.com\/www.supeinnihonto.com\/wp-content\/uploads\/2024\/11\/Netsuke-Daikokuten-wood.webp?fit=1200%2C800&ssl=1&resize=350%2C200 1x, https:\/\/i0.wp.com\/www.supeinnihonto.com\/wp-content\/uploads\/2024\/11\/Netsuke-Daikokuten-wood.webp?fit=1200%2C800&ssl=1&resize=525%2C300 1.5x, https:\/\/i0.wp.com\/www.supeinnihonto.com\/wp-content\/uploads\/2024\/11\/Netsuke-Daikokuten-wood.webp?fit=1200%2C800&ssl=1&resize=700%2C400 2x, https:\/\/i0.wp.com\/www.supeinnihonto.com\/wp-content\/uploads\/2024\/11\/Netsuke-Daikokuten-wood.webp?fit=1200%2C800&ssl=1&resize=1050%2C600 3x"},"classes":[]},{"id":12609,"url":"https:\/\/www.supeinnihonto.com\/it\/prodotto\/netsuke-daikokuten-in-legno\/","url_meta":{"origin":12606,"position":1},"title":"Netsuke Daikokuten in legno","author":"Eric Majo","date":"5 de November de 2024","format":false,"excerpt":"Spedizione gratuita. Splendido netsuke in legno raffigurante Daikokuten, uno degli shichifukujin, i sette d\u00e8i della fortuna in Giappone. Questi intagli sono molto apprezzati perch\u00e9 si ritiene portino fortuna al proprietario. Periodo Edo. 4,5 x 4 x 3 cm","rel":"","context":"\u00c4hnlicher Beitrag","block_context":{"text":"\u00c4hnlicher Beitrag","link":""},"img":{"alt_text":"Netsuke Daikokuten wood","src":"https:\/\/i0.wp.com\/www.supeinnihonto.com\/wp-content\/uploads\/2024\/11\/Netsuke-Daikokuten-wood.webp?fit=1200%2C800&ssl=1&resize=350%2C200","width":350,"height":200,"srcset":"https:\/\/i0.wp.com\/www.supeinnihonto.com\/wp-content\/uploads\/2024\/11\/Netsuke-Daikokuten-wood.webp?fit=1200%2C800&ssl=1&resize=350%2C200 1x, https:\/\/i0.wp.com\/www.supeinnihonto.com\/wp-content\/uploads\/2024\/11\/Netsuke-Daikokuten-wood.webp?fit=1200%2C800&ssl=1&resize=525%2C300 1.5x, https:\/\/i0.wp.com\/www.supeinnihonto.com\/wp-content\/uploads\/2024\/11\/Netsuke-Daikokuten-wood.webp?fit=1200%2C800&ssl=1&resize=700%2C400 2x, https:\/\/i0.wp.com\/www.supeinnihonto.com\/wp-content\/uploads\/2024\/11\/Netsuke-Daikokuten-wood.webp?fit=1200%2C800&ssl=1&resize=1050%2C600 3x"},"classes":[]},{"id":12603,"url":"https:\/\/www.supeinnihonto.com\/fr\/produit\/netsuke-daikokuten-en-bois\/","url_meta":{"origin":12606,"position":2},"title":"Netsuke Daikokuten en bois","author":"Eric Majo","date":"5 de November de 2024","format":false,"excerpt":"Livraison gratuite. Superbe netsuke en bois repr\u00e9sentant Daikokuten, l\u2019un des shichifukujin, les sept dieux de la fortune au Japon. Ces sculptures sont tr\u00e8s recherch\u00e9es car on pense qu\u2019elles portent chance \u00e0 leur propri\u00e9taire. P\u00e9riode Edo. 4,5 x 4 x 3 cm","rel":"","context":"\u00c4hnlicher Beitrag","block_context":{"text":"\u00c4hnlicher Beitrag","link":""},"img":{"alt_text":"Netsuke Daikokuten wood","src":"https:\/\/i0.wp.com\/www.supeinnihonto.com\/wp-content\/uploads\/2024\/11\/Netsuke-Daikokuten-wood.webp?fit=1200%2C800&ssl=1&resize=350%2C200","width":350,"height":200,"srcset":"https:\/\/i0.wp.com\/www.supeinnihonto.com\/wp-content\/uploads\/2024\/11\/Netsuke-Daikokuten-wood.webp?fit=1200%2C800&ssl=1&resize=350%2C200 1x, https:\/\/i0.wp.com\/www.supeinnihonto.com\/wp-content\/uploads\/2024\/11\/Netsuke-Daikokuten-wood.webp?fit=1200%2C800&ssl=1&resize=525%2C300 1.5x, https:\/\/i0.wp.com\/www.supeinnihonto.com\/wp-content\/uploads\/2024\/11\/Netsuke-Daikokuten-wood.webp?fit=1200%2C800&ssl=1&resize=700%2C400 2x, https:\/\/i0.wp.com\/www.supeinnihonto.com\/wp-content\/uploads\/2024\/11\/Netsuke-Daikokuten-wood.webp?fit=1200%2C800&ssl=1&resize=1050%2C600 3x"},"classes":[]},{"id":12600,"url":"https:\/\/www.supeinnihonto.com\/nl\/product\/netsuke-daikokuten-van-hout\/","url_meta":{"origin":12606,"position":3},"title":"Netsuke Daikokuten van hout","author":"Eric Majo","date":"5 de November de 2024","format":false,"excerpt":"Gratis verzending. Prachtige houten netsuke van Daikokuten, een van de shichifukujin, de zeven geluksgoden van Japan. Deze snijwerken zijn zeer geliefd omdat men gelooft dat ze de eigenaar geluk brengen. Edo-periode. 4,5 x 4 x 3 cm","rel":"","context":"\u00c4hnlicher Beitrag","block_context":{"text":"\u00c4hnlicher Beitrag","link":""},"img":{"alt_text":"Netsuke Daikokuten wood","src":"https:\/\/i0.wp.com\/www.supeinnihonto.com\/wp-content\/uploads\/2024\/11\/Netsuke-Daikokuten-wood.webp?fit=1200%2C800&ssl=1&resize=350%2C200","width":350,"height":200,"srcset":"https:\/\/i0.wp.com\/www.supeinnihonto.com\/wp-content\/uploads\/2024\/11\/Netsuke-Daikokuten-wood.webp?fit=1200%2C800&ssl=1&resize=350%2C200 1x, https:\/\/i0.wp.com\/www.supeinnihonto.com\/wp-content\/uploads\/2024\/11\/Netsuke-Daikokuten-wood.webp?fit=1200%2C800&ssl=1&resize=525%2C300 1.5x, https:\/\/i0.wp.com\/www.supeinnihonto.com\/wp-content\/uploads\/2024\/11\/Netsuke-Daikokuten-wood.webp?fit=1200%2C800&ssl=1&resize=700%2C400 2x, https:\/\/i0.wp.com\/www.supeinnihonto.com\/wp-content\/uploads\/2024\/11\/Netsuke-Daikokuten-wood.webp?fit=1200%2C800&ssl=1&resize=1050%2C600 3x"},"classes":[]},{"id":14269,"url":"https:\/\/www.supeinnihonto.com\/de\/produkt\/netsuke-daruma-aus-lackiertem-holz\/","url_meta":{"origin":12606,"position":4},"title":"Netsuke Daruma aus lackiertem Holz","author":"Supein Nihonto","date":"27 de Mai de 2024","format":false,"excerpt":"Kostenloser Versand. Sch\u00f6nes Netsuke mit der Darstellung von Daruma, der nach einer langen Meditationszeit erwacht. Edo-Zeit. Sehr sch\u00f6ne Patina und hervorragende Arbeit in rotem und schwarzem Lack. Daruma-Netsuke sind selten und aufgrund ihrer Bedeutung sehr begehrt bei Sammlern. Daruma stellt Bodhidharma dar, einen chinesischen buddhistischen M\u00f6nch des 5. Jahrhunderts, der\u2026","rel":"","context":"\u00c4hnlicher Beitrag","block_context":{"text":"\u00c4hnlicher Beitrag","link":""},"img":{"alt_text":"Netsuke Daruma lacquer wood","src":"https:\/\/i0.wp.com\/www.supeinnihonto.com\/wp-content\/uploads\/2024\/05\/DSC_3920-scaled.jpg?fit=1200%2C800&ssl=1&resize=350%2C200","width":350,"height":200,"srcset":"https:\/\/i0.wp.com\/www.supeinnihonto.com\/wp-content\/uploads\/2024\/05\/DSC_3920-scaled.jpg?fit=1200%2C800&ssl=1&resize=350%2C200 1x, https:\/\/i0.wp.com\/www.supeinnihonto.com\/wp-content\/uploads\/2024\/05\/DSC_3920-scaled.jpg?fit=1200%2C800&ssl=1&resize=525%2C300 1.5x, https:\/\/i0.wp.com\/www.supeinnihonto.com\/wp-content\/uploads\/2024\/05\/DSC_3920-scaled.jpg?fit=1200%2C800&ssl=1&resize=700%2C400 2x, https:\/\/i0.wp.com\/www.supeinnihonto.com\/wp-content\/uploads\/2024\/05\/DSC_3920-scaled.jpg?fit=1200%2C800&ssl=1&resize=1050%2C600 3x"},"classes":[]},{"id":14253,"url":"https:\/\/www.supeinnihonto.com\/de\/produkt\/netsuke-fukurukuju-aus-holz\/","url_meta":{"origin":12606,"position":5},"title":"Netsuke Fukurukuju aus Holz","author":"Supein Nihonto","date":"27 de Mai de 2024","format":false,"excerpt":"Kostenloser Versand. Netsuke Fukurukuju aus Holz. Spektakul\u00e4res und sehr altes Netsuke mit Darstellung von Fukurukuju, einem der sieben Gl\u00fccksg\u00f6tter. Hochwertige Darstellungen der Shichifukujin sind bei Sammlern aufgrund ihrer Symbolik und Seltenheit \u00e4u\u00dferst begehrt, und es existieren gro\u00dfe, exklusive Sammlungen dieser Werke.In der japanischen Mythologie gelten die Sieben Gl\u00fccksg\u00f6tter oder Sieben\u2026","rel":"","context":"\u00c4hnlicher Beitrag","block_context":{"text":"\u00c4hnlicher Beitrag","link":""},"img":{"alt_text":"Netsuke Fukurukuju wood","src":"https:\/\/i0.wp.com\/www.supeinnihonto.com\/wp-content\/uploads\/2024\/05\/DSC_3930-scaled.jpg?fit=1200%2C800&ssl=1&resize=350%2C200","width":350,"height":200,"srcset":"https:\/\/i0.wp.com\/www.supeinnihonto.com\/wp-content\/uploads\/2024\/05\/DSC_3930-scaled.jpg?fit=1200%2C800&ssl=1&resize=350%2C200 1x, https:\/\/i0.wp.com\/www.supeinnihonto.com\/wp-content\/uploads\/2024\/05\/DSC_3930-scaled.jpg?fit=1200%2C800&ssl=1&resize=525%2C300 1.5x, https:\/\/i0.wp.com\/www.supeinnihonto.com\/wp-content\/uploads\/2024\/05\/DSC_3930-scaled.jpg?fit=1200%2C800&ssl=1&resize=700%2C400 2x, https:\/\/i0.wp.com\/www.supeinnihonto.com\/wp-content\/uploads\/2024\/05\/DSC_3930-scaled.jpg?fit=1200%2C800&ssl=1&resize=1050%2C600 3x"},"classes":[]}],"jetpack_sharing_enabled":true,"_links":{"self":[{"href":"https:\/\/www.supeinnihonto.com\/de\/wp-json\/wp\/v2\/product\/12606","targetHints":{"allow":["GET"]}}],"collection":[{"href":"https:\/\/www.supeinnihonto.com\/de\/wp-json\/wp\/v2\/product"}],"about":[{"href":"https:\/\/www.supeinnihonto.com\/de\/wp-json\/wp\/v2\/types\/product"}],"wp:featuredmedia":[{"embeddable":true,"href":"https:\/\/www.supeinnihonto.com\/de\/wp-json\/wp\/v2\/media\/38899"}],"wp:attachment":[{"href":"https:\/\/www.supeinnihonto.com\/de\/wp-json\/wp\/v2\/media?parent=12606"}],"wp:term":[{"taxonomy":"product_brand","embeddable":true,"href":"https:\/\/www.supeinnihonto.com\/de\/wp-json\/wp\/v2\/product_brand?post=12606"},{"taxonomy":"product_cat","embeddable":true,"href":"https:\/\/www.supeinnihonto.com\/de\/wp-json\/wp\/v2\/product_cat?post=12606"},{"taxonomy":"product_tag","embeddable":true,"href":"https:\/\/www.supeinnihonto.com\/de\/wp-json\/wp\/v2\/product_tag?post=12606"}],"curies":[{"name":"wp","href":"https:\/\/api.w.org\/{rel}","templated":true}]}}