{"id":12596,"date":"2024-11-05T07:07:03","date_gmt":"2024-11-05T07:07:03","guid":{"rendered":"https:\/\/www.supeinnihonto.com\/product\/netsuke-monkey-persimmon-ii-wood\/"},"modified":"2025-12-23T22:34:16","modified_gmt":"2025-12-23T22:34:16","slug":"netsuke-affe-mit-kaki-ii-aus-holz","status":"publish","type":"product","link":"https:\/\/www.supeinnihonto.com\/de\/produkt\/netsuke-affe-mit-kaki-ii-aus-holz\/","title":{"rendered":"Netsuke Affe mit Kaki II aus Holz"},"content":{"rendered":"<p data-start=\"607\" data-end=\"627\">Kostenloser Versand.<\/p>\n<p data-start=\"629\" data-end=\"780\">Kostbares Netsuke eines Affen, der eine Kaki isst, signiert Masami. Gro\u00dfartige Patina und sehr guter Zustand. Sch\u00f6ne Schnitzarbeit im Stil von Masanao.<\/p>\n<p data-start=\"782\" data-end=\"796\">4 x 4 x 3,2 cm<\/p>\n","protected":false},"excerpt":{"rendered":"<p>Kostenloser Versand. Kostbares Netsuke eines Affen, der eine Kaki isst, signiert Masami. Gro\u00dfartige Patina und sehr guter Zustand. Sch\u00f6ne Schnitzarbeit im Stil von Masanao. 4 x 4 x 3,2 cm<\/p>\n","protected":false},"featured_media":12597,"template":"","meta":{"jetpack_post_was_ever_published":false},"product_brand":[],"product_cat":[572],"product_tag":[684,654,656],"class_list":{"0":"post-12596","1":"product","2":"type-product","3":"status-publish","4":"has-post-thumbnail","6":"product_cat-netsuke","7":"product_tag-holz","8":"product_tag-netsuke","9":"product_tag-okimono","10":"product_shipping_class-light","12":"first","13":"instock","14":"featured","15":"sold-individually","16":"shipping-taxable","17":"purchasable","18":"product-type-simple"},"yoast_head":"<!-- This site is optimized with the Yoast SEO plugin v27.3 - https:\/\/yoast.com\/product\/yoast-seo-wordpress\/ -->\n<title>Netsuke Affe mit Kaki II aus Holz - Supein Nihonto<\/title>\n<meta name=\"description\" content=\"Kostbares Netsuke eines Affen, der eine Kaki isst, signiert Masami. Gro\u00dfartige Patina und sehr guter Zustand. Sch\u00f6ne Schnitzarbeit im Stil von Masanao.\" \/>\n<meta name=\"robots\" content=\"index, follow, max-snippet:-1, max-image-preview:large, max-video-preview:-1\" \/>\n<link rel=\"canonical\" href=\"https:\/\/www.supeinnihonto.com\/de\/produkt\/netsuke-affe-mit-kaki-ii-aus-holz\/\" \/>\n<meta property=\"og:locale\" content=\"de_DE\" \/>\n<meta property=\"og:type\" content=\"article\" \/>\n<meta property=\"og:title\" content=\"Netsuke Affe mit Kaki II aus Holz - Supein Nihonto\" \/>\n<meta property=\"og:description\" content=\"Kostbares Netsuke eines Affen, der eine Kaki isst, signiert Masami. Gro\u00dfartige Patina und sehr guter Zustand. Sch\u00f6ne Schnitzarbeit im Stil von Masanao.\" \/>\n<meta property=\"og:url\" content=\"https:\/\/www.supeinnihonto.com\/de\/produkt\/netsuke-affe-mit-kaki-ii-aus-holz\/\" \/>\n<meta property=\"og:site_name\" content=\"Supein Nihonto\" \/>\n<meta property=\"article:modified_time\" content=\"2025-12-23T22:34:16+00:00\" \/>\n<meta property=\"og:image\" content=\"https:\/\/www.supeinnihonto.com\/wp-content\/uploads\/2024\/11\/DSC1321-scaled.jpg\" \/>\n\t<meta property=\"og:image:width\" content=\"2560\" \/>\n\t<meta property=\"og:image:height\" content=\"1903\" \/>\n\t<meta property=\"og:image:type\" content=\"image\/jpeg\" \/>\n<meta name=\"twitter:card\" content=\"summary_large_image\" \/>\n<meta name=\"twitter:label1\" content=\"Gesch\u00e4tzte Lesezeit\" \/>\n\t<meta name=\"twitter:data1\" content=\"1\u00a0Minute\" \/>\n<script type=\"application\/ld+json\" class=\"yoast-schema-graph\">{\"@context\":\"https:\\\/\\\/schema.org\",\"@graph\":[{\"@type\":\"WebPage\",\"@id\":\"https:\\\/\\\/www.supeinnihonto.com\\\/de\\\/produkt\\\/netsuke-affe-mit-kaki-ii-aus-holz\\\/\",\"url\":\"https:\\\/\\\/www.supeinnihonto.com\\\/de\\\/produkt\\\/netsuke-affe-mit-kaki-ii-aus-holz\\\/\",\"name\":\"Netsuke Affe mit Kaki II aus Holz - Supein Nihonto\",\"isPartOf\":{\"@id\":\"https:\\\/\\\/www.supeinnihonto.com\\\/de\\\/#website\"},\"primaryImageOfPage\":{\"@id\":\"https:\\\/\\\/www.supeinnihonto.com\\\/de\\\/produkt\\\/netsuke-affe-mit-kaki-ii-aus-holz\\\/#primaryimage\"},\"image\":{\"@id\":\"https:\\\/\\\/www.supeinnihonto.com\\\/de\\\/produkt\\\/netsuke-affe-mit-kaki-ii-aus-holz\\\/#primaryimage\"},\"thumbnailUrl\":\"https:\\\/\\\/i0.wp.com\\\/www.supeinnihonto.com\\\/wp-content\\\/uploads\\\/2024\\\/11\\\/DSC1321-scaled.jpg?fit=2560%2C1903&ssl=1\",\"datePublished\":\"2024-11-05T07:07:03+00:00\",\"dateModified\":\"2025-12-23T22:34:16+00:00\",\"description\":\"Kostbares Netsuke eines Affen, der eine Kaki isst, signiert Masami. Gro\u00dfartige Patina und sehr guter Zustand. Sch\u00f6ne Schnitzarbeit im Stil von Masanao.\",\"breadcrumb\":{\"@id\":\"https:\\\/\\\/www.supeinnihonto.com\\\/de\\\/produkt\\\/netsuke-affe-mit-kaki-ii-aus-holz\\\/#breadcrumb\"},\"inLanguage\":\"de\",\"potentialAction\":[{\"@type\":\"ReadAction\",\"target\":[\"https:\\\/\\\/www.supeinnihonto.com\\\/de\\\/produkt\\\/netsuke-affe-mit-kaki-ii-aus-holz\\\/\"]}]},{\"@type\":\"ImageObject\",\"inLanguage\":\"de\",\"@id\":\"https:\\\/\\\/www.supeinnihonto.com\\\/de\\\/produkt\\\/netsuke-affe-mit-kaki-ii-aus-holz\\\/#primaryimage\",\"url\":\"https:\\\/\\\/i0.wp.com\\\/www.supeinnihonto.com\\\/wp-content\\\/uploads\\\/2024\\\/11\\\/DSC1321-scaled.jpg?fit=2560%2C1903&ssl=1\",\"contentUrl\":\"https:\\\/\\\/i0.wp.com\\\/www.supeinnihonto.com\\\/wp-content\\\/uploads\\\/2024\\\/11\\\/DSC1321-scaled.jpg?fit=2560%2C1903&ssl=1\",\"width\":2560,\"height\":1903,\"caption\":\"Monkey persimon 2 wood\"},{\"@type\":\"BreadcrumbList\",\"@id\":\"https:\\\/\\\/www.supeinnihonto.com\\\/de\\\/produkt\\\/netsuke-affe-mit-kaki-ii-aus-holz\\\/#breadcrumb\",\"itemListElement\":[{\"@type\":\"ListItem\",\"position\":1,\"name\":\"Portada\",\"item\":\"https:\\\/\\\/www.supeinnihonto.com\\\/de\\\/\"},{\"@type\":\"ListItem\",\"position\":2,\"name\":\"Shop\",\"item\":\"https:\\\/\\\/www.supeinnihonto.com\\\/de\\\/shop\\\/\"},{\"@type\":\"ListItem\",\"position\":3,\"name\":\"Netsuke Affe mit Kaki II aus Holz\"}]},{\"@type\":\"WebSite\",\"@id\":\"https:\\\/\\\/www.supeinnihonto.com\\\/de\\\/#website\",\"url\":\"https:\\\/\\\/www.supeinnihonto.com\\\/de\\\/\",\"name\":\"Supein Nihonto\",\"description\":\"Authentic japanese Nihonto katana \",\"publisher\":{\"@id\":\"https:\\\/\\\/www.supeinnihonto.com\\\/de\\\/#organization\"},\"potentialAction\":[{\"@type\":\"SearchAction\",\"target\":{\"@type\":\"EntryPoint\",\"urlTemplate\":\"https:\\\/\\\/www.supeinnihonto.com\\\/de\\\/?s={search_term_string}\"},\"query-input\":{\"@type\":\"PropertyValueSpecification\",\"valueRequired\":true,\"valueName\":\"search_term_string\"}}],\"inLanguage\":\"de\"},{\"@type\":\"Organization\",\"@id\":\"https:\\\/\\\/www.supeinnihonto.com\\\/de\\\/#organization\",\"name\":\"SupeinNihonto\",\"url\":\"https:\\\/\\\/www.supeinnihonto.com\\\/de\\\/\",\"logo\":{\"@type\":\"ImageObject\",\"inLanguage\":\"de\",\"@id\":\"https:\\\/\\\/www.supeinnihonto.com\\\/de\\\/#\\\/schema\\\/logo\\\/image\\\/\",\"url\":\"https:\\\/\\\/www.supeinnihonto.com\\\/wp-content\\\/uploads\\\/2021\\\/11\\\/animation_Default_3szk0jcenoloop.gif\",\"contentUrl\":\"https:\\\/\\\/www.supeinnihonto.com\\\/wp-content\\\/uploads\\\/2021\\\/11\\\/animation_Default_3szk0jcenoloop.gif\",\"width\":750,\"height\":641,\"caption\":\"SupeinNihonto\"},\"image\":{\"@id\":\"https:\\\/\\\/www.supeinnihonto.com\\\/de\\\/#\\\/schema\\\/logo\\\/image\\\/\"}}]}<\/script>\n<!-- \/ Yoast SEO plugin. -->","yoast_head_json":{"title":"Netsuke Affe mit Kaki II aus Holz - Supein Nihonto","description":"Kostbares Netsuke eines Affen, der eine Kaki isst, signiert Masami. Gro\u00dfartige Patina und sehr guter Zustand. Sch\u00f6ne Schnitzarbeit im Stil von Masanao.","robots":{"index":"index","follow":"follow","max-snippet":"max-snippet:-1","max-image-preview":"max-image-preview:large","max-video-preview":"max-video-preview:-1"},"canonical":"https:\/\/www.supeinnihonto.com\/de\/produkt\/netsuke-affe-mit-kaki-ii-aus-holz\/","og_locale":"de_DE","og_type":"article","og_title":"Netsuke Affe mit Kaki II aus Holz - Supein Nihonto","og_description":"Kostbares Netsuke eines Affen, der eine Kaki isst, signiert Masami. Gro\u00dfartige Patina und sehr guter Zustand. Sch\u00f6ne Schnitzarbeit im Stil von Masanao.","og_url":"https:\/\/www.supeinnihonto.com\/de\/produkt\/netsuke-affe-mit-kaki-ii-aus-holz\/","og_site_name":"Supein Nihonto","article_modified_time":"2025-12-23T22:34:16+00:00","og_image":[{"width":2560,"height":1903,"url":"https:\/\/www.supeinnihonto.com\/wp-content\/uploads\/2024\/11\/DSC1321-scaled.jpg","type":"image\/jpeg"}],"twitter_card":"summary_large_image","twitter_misc":{"Gesch\u00e4tzte Lesezeit":"1\u00a0Minute"},"schema":{"@context":"https:\/\/schema.org","@graph":[{"@type":"WebPage","@id":"https:\/\/www.supeinnihonto.com\/de\/produkt\/netsuke-affe-mit-kaki-ii-aus-holz\/","url":"https:\/\/www.supeinnihonto.com\/de\/produkt\/netsuke-affe-mit-kaki-ii-aus-holz\/","name":"Netsuke Affe mit Kaki II aus Holz - Supein Nihonto","isPartOf":{"@id":"https:\/\/www.supeinnihonto.com\/de\/#website"},"primaryImageOfPage":{"@id":"https:\/\/www.supeinnihonto.com\/de\/produkt\/netsuke-affe-mit-kaki-ii-aus-holz\/#primaryimage"},"image":{"@id":"https:\/\/www.supeinnihonto.com\/de\/produkt\/netsuke-affe-mit-kaki-ii-aus-holz\/#primaryimage"},"thumbnailUrl":"https:\/\/i0.wp.com\/www.supeinnihonto.com\/wp-content\/uploads\/2024\/11\/DSC1321-scaled.jpg?fit=2560%2C1903&ssl=1","datePublished":"2024-11-05T07:07:03+00:00","dateModified":"2025-12-23T22:34:16+00:00","description":"Kostbares Netsuke eines Affen, der eine Kaki isst, signiert Masami. Gro\u00dfartige Patina und sehr guter Zustand. Sch\u00f6ne Schnitzarbeit im Stil von Masanao.","breadcrumb":{"@id":"https:\/\/www.supeinnihonto.com\/de\/produkt\/netsuke-affe-mit-kaki-ii-aus-holz\/#breadcrumb"},"inLanguage":"de","potentialAction":[{"@type":"ReadAction","target":["https:\/\/www.supeinnihonto.com\/de\/produkt\/netsuke-affe-mit-kaki-ii-aus-holz\/"]}]},{"@type":"ImageObject","inLanguage":"de","@id":"https:\/\/www.supeinnihonto.com\/de\/produkt\/netsuke-affe-mit-kaki-ii-aus-holz\/#primaryimage","url":"https:\/\/i0.wp.com\/www.supeinnihonto.com\/wp-content\/uploads\/2024\/11\/DSC1321-scaled.jpg?fit=2560%2C1903&ssl=1","contentUrl":"https:\/\/i0.wp.com\/www.supeinnihonto.com\/wp-content\/uploads\/2024\/11\/DSC1321-scaled.jpg?fit=2560%2C1903&ssl=1","width":2560,"height":1903,"caption":"Monkey persimon 2 wood"},{"@type":"BreadcrumbList","@id":"https:\/\/www.supeinnihonto.com\/de\/produkt\/netsuke-affe-mit-kaki-ii-aus-holz\/#breadcrumb","itemListElement":[{"@type":"ListItem","position":1,"name":"Portada","item":"https:\/\/www.supeinnihonto.com\/de\/"},{"@type":"ListItem","position":2,"name":"Shop","item":"https:\/\/www.supeinnihonto.com\/de\/shop\/"},{"@type":"ListItem","position":3,"name":"Netsuke Affe mit Kaki II aus Holz"}]},{"@type":"WebSite","@id":"https:\/\/www.supeinnihonto.com\/de\/#website","url":"https:\/\/www.supeinnihonto.com\/de\/","name":"Supein Nihonto","description":"Authentic japanese Nihonto katana ","publisher":{"@id":"https:\/\/www.supeinnihonto.com\/de\/#organization"},"potentialAction":[{"@type":"SearchAction","target":{"@type":"EntryPoint","urlTemplate":"https:\/\/www.supeinnihonto.com\/de\/?s={search_term_string}"},"query-input":{"@type":"PropertyValueSpecification","valueRequired":true,"valueName":"search_term_string"}}],"inLanguage":"de"},{"@type":"Organization","@id":"https:\/\/www.supeinnihonto.com\/de\/#organization","name":"SupeinNihonto","url":"https:\/\/www.supeinnihonto.com\/de\/","logo":{"@type":"ImageObject","inLanguage":"de","@id":"https:\/\/www.supeinnihonto.com\/de\/#\/schema\/logo\/image\/","url":"https:\/\/www.supeinnihonto.com\/wp-content\/uploads\/2021\/11\/animation_Default_3szk0jcenoloop.gif","contentUrl":"https:\/\/www.supeinnihonto.com\/wp-content\/uploads\/2021\/11\/animation_Default_3szk0jcenoloop.gif","width":750,"height":641,"caption":"SupeinNihonto"},"image":{"@id":"https:\/\/www.supeinnihonto.com\/de\/#\/schema\/logo\/image\/"}}]}},"jetpack-related-posts":[{"id":12700,"url":"https:\/\/www.supeinnihonto.com\/de\/produkt\/netsuke-affe-mit-kaki-ii\/","url_meta":{"origin":12596,"position":0},"title":"Netsuke Affe mit Kaki II","author":"Eric Majo","date":"5 de November de 2024","format":false,"excerpt":"Kostenloser Versand. Spektakul\u00e4res h\u00f6lzernes Netsuke eines Affen, der eine Kaki isst. Die Schnitzarbeit ist au\u00dfergew\u00f6hnlich detailreich und der Ausdruck des Affen ist fantastisch. Mit gro\u00dfer Liebe zum Detail geschnitzt. Meiji-Zeit. 4,5 x 4 x 2,8 cm","rel":"","context":"\u00c4hnlicher Beitrag","block_context":{"text":"\u00c4hnlicher Beitrag","link":""},"img":{"alt_text":"Netsuke monkey persimmon III","src":"https:\/\/i0.wp.com\/www.supeinnihonto.com\/wp-content\/uploads\/2024\/11\/DSC1552-scaled.jpg?fit=1200%2C810&ssl=1&resize=350%2C200","width":350,"height":200,"srcset":"https:\/\/i0.wp.com\/www.supeinnihonto.com\/wp-content\/uploads\/2024\/11\/DSC1552-scaled.jpg?fit=1200%2C810&ssl=1&resize=350%2C200 1x, https:\/\/i0.wp.com\/www.supeinnihonto.com\/wp-content\/uploads\/2024\/11\/DSC1552-scaled.jpg?fit=1200%2C810&ssl=1&resize=525%2C300 1.5x, https:\/\/i0.wp.com\/www.supeinnihonto.com\/wp-content\/uploads\/2024\/11\/DSC1552-scaled.jpg?fit=1200%2C810&ssl=1&resize=700%2C400 2x, https:\/\/i0.wp.com\/www.supeinnihonto.com\/wp-content\/uploads\/2024\/11\/DSC1552-scaled.jpg?fit=1200%2C810&ssl=1&resize=1050%2C600 3x"},"classes":[]},{"id":14201,"url":"https:\/\/www.supeinnihonto.com\/de\/produkt\/netsuke-affe-mit-kaki-aus-holz\/","url_meta":{"origin":12596,"position":1},"title":"Netsuke Affe mit Kaki aus Holz","author":"Supein Nihonto","date":"27 de Mai de 2024","format":false,"excerpt":"Kostenloser Versand. Charmantes Netsuke mit der Darstellung eines Affen neben einer riesigen Kaki-Frucht. Sch\u00f6ne Patina und sch\u00f6ne Holzfarbe. Nat\u00fcrliche Himotoshi. Edo-Zeit. 4 x 3,3 x 3,3 cm","rel":"","context":"\u00c4hnlicher Beitrag","block_context":{"text":"\u00c4hnlicher Beitrag","link":""},"img":{"alt_text":"Netsuke Monkey peach wood","src":"https:\/\/i0.wp.com\/www.supeinnihonto.com\/wp-content\/uploads\/2024\/05\/DSC_3966-scaled.jpg?fit=1200%2C800&ssl=1&resize=350%2C200","width":350,"height":200,"srcset":"https:\/\/i0.wp.com\/www.supeinnihonto.com\/wp-content\/uploads\/2024\/05\/DSC_3966-scaled.jpg?fit=1200%2C800&ssl=1&resize=350%2C200 1x, https:\/\/i0.wp.com\/www.supeinnihonto.com\/wp-content\/uploads\/2024\/05\/DSC_3966-scaled.jpg?fit=1200%2C800&ssl=1&resize=525%2C300 1.5x, https:\/\/i0.wp.com\/www.supeinnihonto.com\/wp-content\/uploads\/2024\/05\/DSC_3966-scaled.jpg?fit=1200%2C800&ssl=1&resize=700%2C400 2x, https:\/\/i0.wp.com\/www.supeinnihonto.com\/wp-content\/uploads\/2024\/05\/DSC_3966-scaled.jpg?fit=1200%2C800&ssl=1&resize=1050%2C600 3x"},"classes":[]},{"id":14203,"url":"https:\/\/www.supeinnihonto.com\/it\/prodotto\/netsuke-scimmia-e-kaki-in-legno\/","url_meta":{"origin":12596,"position":2},"title":"Netsuke scimmia e kaki in legno","author":"Supein Nihonto","date":"27 de Mai de 2024","format":false,"excerpt":"Spedizione gratuita. Grazioso netsuke raffigurante una scimmia accanto a un grande kaki. Bella patina e bel colore del legno. Himotoshi naturale. Periodo Edo. 4 x 3,3 x 3,3 cm","rel":"","context":"\u00c4hnlicher Beitrag","block_context":{"text":"\u00c4hnlicher Beitrag","link":""},"img":{"alt_text":"Netsuke Monkey peach wood","src":"https:\/\/i0.wp.com\/www.supeinnihonto.com\/wp-content\/uploads\/2024\/05\/DSC_3966-scaled.jpg?fit=1200%2C800&ssl=1&resize=350%2C200","width":350,"height":200,"srcset":"https:\/\/i0.wp.com\/www.supeinnihonto.com\/wp-content\/uploads\/2024\/05\/DSC_3966-scaled.jpg?fit=1200%2C800&ssl=1&resize=350%2C200 1x, https:\/\/i0.wp.com\/www.supeinnihonto.com\/wp-content\/uploads\/2024\/05\/DSC_3966-scaled.jpg?fit=1200%2C800&ssl=1&resize=525%2C300 1.5x, https:\/\/i0.wp.com\/www.supeinnihonto.com\/wp-content\/uploads\/2024\/05\/DSC_3966-scaled.jpg?fit=1200%2C800&ssl=1&resize=700%2C400 2x, https:\/\/i0.wp.com\/www.supeinnihonto.com\/wp-content\/uploads\/2024\/05\/DSC_3966-scaled.jpg?fit=1200%2C800&ssl=1&resize=1050%2C600 3x"},"classes":[]},{"id":14199,"url":"https:\/\/www.supeinnihonto.com\/fr\/produit\/netsuke-singe-et-kaki-en-bois\/","url_meta":{"origin":12596,"position":3},"title":"Netsuke singe et kaki en bois","author":"Supein Nihonto","date":"27 de Mai de 2024","format":false,"excerpt":"Livraison gratuite. Charmant netsuke repr\u00e9sentant un singe \u00e0 c\u00f4t\u00e9 d\u2019un kaki g\u00e9ant. Belle patine et belle couleur du bois. Himotoshi naturel. P\u00e9riode Edo. 4 x 3,3 x 3,3 cm","rel":"","context":"\u00c4hnlicher Beitrag","block_context":{"text":"\u00c4hnlicher Beitrag","link":""},"img":{"alt_text":"Netsuke Monkey peach wood","src":"https:\/\/i0.wp.com\/www.supeinnihonto.com\/wp-content\/uploads\/2024\/05\/DSC_3966-scaled.jpg?fit=1200%2C800&ssl=1&resize=350%2C200","width":350,"height":200,"srcset":"https:\/\/i0.wp.com\/www.supeinnihonto.com\/wp-content\/uploads\/2024\/05\/DSC_3966-scaled.jpg?fit=1200%2C800&ssl=1&resize=350%2C200 1x, https:\/\/i0.wp.com\/www.supeinnihonto.com\/wp-content\/uploads\/2024\/05\/DSC_3966-scaled.jpg?fit=1200%2C800&ssl=1&resize=525%2C300 1.5x, https:\/\/i0.wp.com\/www.supeinnihonto.com\/wp-content\/uploads\/2024\/05\/DSC_3966-scaled.jpg?fit=1200%2C800&ssl=1&resize=700%2C400 2x, https:\/\/i0.wp.com\/www.supeinnihonto.com\/wp-content\/uploads\/2024\/05\/DSC_3966-scaled.jpg?fit=1200%2C800&ssl=1&resize=1050%2C600 3x"},"classes":[]},{"id":14197,"url":"https:\/\/www.supeinnihonto.com\/nl\/product\/netsuke-aap-en-kaki-van-hout\/","url_meta":{"origin":12596,"position":4},"title":"Netsuke aap en kaki van hout","author":"Supein Nihonto","date":"27 de Mai de 2024","format":false,"excerpt":"Gratis verzending. Charmante netsuke van een aap naast een grote kaki. Mooie patina en fraaie houtkleur. Natuurlijke himotoshi. Edo-periode. 4 x 3,3 x 3,3 cm","rel":"","context":"\u00c4hnlicher Beitrag","block_context":{"text":"\u00c4hnlicher Beitrag","link":""},"img":{"alt_text":"Netsuke Monkey peach wood","src":"https:\/\/i0.wp.com\/www.supeinnihonto.com\/wp-content\/uploads\/2024\/05\/DSC_3966-scaled.jpg?fit=1200%2C800&ssl=1&resize=350%2C200","width":350,"height":200,"srcset":"https:\/\/i0.wp.com\/www.supeinnihonto.com\/wp-content\/uploads\/2024\/05\/DSC_3966-scaled.jpg?fit=1200%2C800&ssl=1&resize=350%2C200 1x, https:\/\/i0.wp.com\/www.supeinnihonto.com\/wp-content\/uploads\/2024\/05\/DSC_3966-scaled.jpg?fit=1200%2C800&ssl=1&resize=525%2C300 1.5x, https:\/\/i0.wp.com\/www.supeinnihonto.com\/wp-content\/uploads\/2024\/05\/DSC_3966-scaled.jpg?fit=1200%2C800&ssl=1&resize=700%2C400 2x, https:\/\/i0.wp.com\/www.supeinnihonto.com\/wp-content\/uploads\/2024\/05\/DSC_3966-scaled.jpg?fit=1200%2C800&ssl=1&resize=1050%2C600 3x"},"classes":[]},{"id":12592,"url":"https:\/\/www.supeinnihonto.com\/nl\/product\/netsuke-aap-met-kaki-ii-van-hout\/","url_meta":{"origin":12596,"position":5},"title":"Netsuke aap met kaki II van hout","author":"Eric Majo","date":"5 de November de 2024","format":false,"excerpt":"Gratis verzending. Kostbare netsuke van een aap die een kaki eet, gesigneerd Masami. Prachtige patina en zeer goede staat. Mooi snijwerk in de stijl van Masanao. 4 x 4 x 3,2 cm","rel":"","context":"\u00c4hnlicher Beitrag","block_context":{"text":"\u00c4hnlicher Beitrag","link":""},"img":{"alt_text":"Monkey persimon 2 wood","src":"https:\/\/i0.wp.com\/www.supeinnihonto.com\/wp-content\/uploads\/2024\/11\/DSC1321-scaled.jpg?fit=1200%2C892&ssl=1&resize=350%2C200","width":350,"height":200,"srcset":"https:\/\/i0.wp.com\/www.supeinnihonto.com\/wp-content\/uploads\/2024\/11\/DSC1321-scaled.jpg?fit=1200%2C892&ssl=1&resize=350%2C200 1x, https:\/\/i0.wp.com\/www.supeinnihonto.com\/wp-content\/uploads\/2024\/11\/DSC1321-scaled.jpg?fit=1200%2C892&ssl=1&resize=525%2C300 1.5x, https:\/\/i0.wp.com\/www.supeinnihonto.com\/wp-content\/uploads\/2024\/11\/DSC1321-scaled.jpg?fit=1200%2C892&ssl=1&resize=700%2C400 2x, https:\/\/i0.wp.com\/www.supeinnihonto.com\/wp-content\/uploads\/2024\/11\/DSC1321-scaled.jpg?fit=1200%2C892&ssl=1&resize=1050%2C600 3x"},"classes":[]}],"jetpack_sharing_enabled":true,"_links":{"self":[{"href":"https:\/\/www.supeinnihonto.com\/de\/wp-json\/wp\/v2\/product\/12596","targetHints":{"allow":["GET"]}}],"collection":[{"href":"https:\/\/www.supeinnihonto.com\/de\/wp-json\/wp\/v2\/product"}],"about":[{"href":"https:\/\/www.supeinnihonto.com\/de\/wp-json\/wp\/v2\/types\/product"}],"wp:featuredmedia":[{"embeddable":true,"href":"https:\/\/www.supeinnihonto.com\/de\/wp-json\/wp\/v2\/media\/12597"}],"wp:attachment":[{"href":"https:\/\/www.supeinnihonto.com\/de\/wp-json\/wp\/v2\/media?parent=12596"}],"wp:term":[{"taxonomy":"product_brand","embeddable":true,"href":"https:\/\/www.supeinnihonto.com\/de\/wp-json\/wp\/v2\/product_brand?post=12596"},{"taxonomy":"product_cat","embeddable":true,"href":"https:\/\/www.supeinnihonto.com\/de\/wp-json\/wp\/v2\/product_cat?post=12596"},{"taxonomy":"product_tag","embeddable":true,"href":"https:\/\/www.supeinnihonto.com\/de\/wp-json\/wp\/v2\/product_tag?post=12596"}],"curies":[{"name":"wp","href":"https:\/\/api.w.org\/{rel}","templated":true}]}}