{"id":12540,"date":"2024-11-07T08:38:29","date_gmt":"2024-11-07T08:38:29","guid":{"rendered":"https:\/\/www.supeinnihonto.com\/product\/noh-mask-deikuro\/"},"modified":"2025-12-20T20:14:10","modified_gmt":"2025-12-20T20:14:10","slug":"no-maske-deikuro","status":"publish","type":"product","link":"https:\/\/www.supeinnihonto.com\/de\/produkt\/no-maske-deikuro\/","title":{"rendered":"N\u014d-Maske Deikur\u014d"},"content":{"rendered":"<p data-start=\"668\" data-end=\"836\">Geschnitzte Holzmaske aus dem N\u014d-Theater, signiert <em data-start=\"719\" data-end=\"726\">Seiun<\/em> (\u9759\u96f2), Sh\u014dwa-Zeit. Hochwertige Schnitzarbeit. Darstellung von <em data-start=\"788\" data-end=\"797\">Deikur\u014d<\/em>, einem mythologischen D\u00e4mon (<em data-start=\"827\" data-end=\"832\">Oni<\/em>).<\/p>\n<p data-start=\"838\" data-end=\"1231\">N\u014d-Masken sind seit langem ein fester Bestandteil japanischer religi\u00f6ser Rituale, Feste und des Theaters. Sie stellen historische Figuren und Geister dar, die als <em data-start=\"1001\" data-end=\"1007\">kami<\/em> bezeichnet werden und ihren Ursprung in den indigenen Glaubensvorstellungen Japans haben. Traditionell symbolisiert die Maske die \u201eBesessenheit\u201c und verwandelt den Tr\u00e4ger in den <em data-start=\"1186\" data-end=\"1192\">kami<\/em> oder dessen menschliche Inkarnation.<\/p>\n<p data-start=\"1233\" data-end=\"1261\">Ma\u00dfstab 1:1 (ca. 20 \u00d7 15 cm)<\/p>\n<p>&nbsp;<\/p>\n","protected":false},"excerpt":{"rendered":"<p>Geschnitzte Holzmaske aus dem N\u014d-Theater, signiert Seiun (\u9759\u96f2), Sh\u014dwa-Zeit. Hochwertige Schnitzarbeit. Darstellung von Deikur\u014d, einem mythologischen D\u00e4mon (Oni). N\u014d-Masken sind seit langem ein fester Bestandteil japanischer religi\u00f6ser Rituale, Feste und des Theaters. Sie stellen historische Figuren und Geister dar, die als kami bezeichnet werden und ihren Ursprung in den indigenen [&hellip;]<\/p>\n","protected":false},"featured_media":38748,"template":"","meta":{"jetpack_post_was_ever_published":false},"product_brand":[],"product_cat":[567],"product_tag":[487,685,488],"class_list":{"0":"post-12540","1":"product","2":"type-product","3":"status-publish","4":"has-post-thumbnail","6":"product_cat-no-masken","7":"product_tag-no-maske","8":"product_tag-no-maske-aus-holz","9":"product_tag-no-theate","10":"product_shipping_class-light","12":"first","13":"instock","14":"featured","15":"shipping-taxable","16":"purchasable","17":"product-type-simple"},"yoast_head":"<!-- This site is optimized with the Yoast SEO plugin v27.4 - https:\/\/yoast.com\/product\/yoast-seo-wordpress\/ -->\n<title>N\u014d-Maske Deikur\u014d - Supein Nihonto<\/title>\n<meta name=\"description\" content=\"Geschnitzte Holzmaske aus dem N\u014d-Theater, signiert Seiun (\u9759\u96f2), Sh\u014dwa-Zeit. Darstellung von Deikur\u014d, einem mythologischen D\u00e4mon (Oni).\" \/>\n<meta name=\"robots\" content=\"index, follow, max-snippet:-1, max-image-preview:large, max-video-preview:-1\" \/>\n<link rel=\"canonical\" href=\"https:\/\/www.supeinnihonto.com\/de\/produkt\/no-maske-deikuro\/\" \/>\n<meta property=\"og:locale\" content=\"de_DE\" \/>\n<meta property=\"og:type\" content=\"article\" \/>\n<meta property=\"og:title\" content=\"N\u014d-Maske Deikur\u014d - Supein Nihonto\" \/>\n<meta property=\"og:description\" content=\"Geschnitzte Holzmaske aus dem N\u014d-Theater, signiert Seiun (\u9759\u96f2), Sh\u014dwa-Zeit. Darstellung von Deikur\u014d, einem mythologischen D\u00e4mon (Oni).\" \/>\n<meta property=\"og:url\" content=\"https:\/\/www.supeinnihonto.com\/de\/produkt\/no-maske-deikuro\/\" \/>\n<meta property=\"og:site_name\" content=\"Supein Nihonto\" \/>\n<meta property=\"article:modified_time\" content=\"2025-12-20T20:14:10+00:00\" \/>\n<meta property=\"og:image\" content=\"https:\/\/www.supeinnihonto.com\/wp-content\/uploads\/2024\/11\/GEO5972.webp\" \/>\n\t<meta property=\"og:image:width\" content=\"2048\" \/>\n\t<meta property=\"og:image:height\" content=\"1958\" \/>\n\t<meta property=\"og:image:type\" content=\"image\/webp\" \/>\n<meta name=\"twitter:card\" content=\"summary_large_image\" \/>\n<meta name=\"twitter:label1\" content=\"Gesch\u00e4tzte Lesezeit\" \/>\n\t<meta name=\"twitter:data1\" content=\"1\u00a0Minute\" \/>\n<script type=\"application\/ld+json\" class=\"yoast-schema-graph\">{\"@context\":\"https:\\\/\\\/schema.org\",\"@graph\":[{\"@type\":\"WebPage\",\"@id\":\"https:\\\/\\\/www.supeinnihonto.com\\\/de\\\/produkt\\\/no-maske-deikuro\\\/\",\"url\":\"https:\\\/\\\/www.supeinnihonto.com\\\/de\\\/produkt\\\/no-maske-deikuro\\\/\",\"name\":\"N\u014d-Maske Deikur\u014d - Supein Nihonto\",\"isPartOf\":{\"@id\":\"https:\\\/\\\/www.supeinnihonto.com\\\/de\\\/#website\"},\"primaryImageOfPage\":{\"@id\":\"https:\\\/\\\/www.supeinnihonto.com\\\/de\\\/produkt\\\/no-maske-deikuro\\\/#primaryimage\"},\"image\":{\"@id\":\"https:\\\/\\\/www.supeinnihonto.com\\\/de\\\/produkt\\\/no-maske-deikuro\\\/#primaryimage\"},\"thumbnailUrl\":\"https:\\\/\\\/i0.wp.com\\\/www.supeinnihonto.com\\\/wp-content\\\/uploads\\\/2024\\\/11\\\/GEO5972.webp?fit=2048%2C1958&ssl=1\",\"datePublished\":\"2024-11-07T08:38:29+00:00\",\"dateModified\":\"2025-12-20T20:14:10+00:00\",\"description\":\"Geschnitzte Holzmaske aus dem N\u014d-Theater, signiert Seiun (\u9759\u96f2), Sh\u014dwa-Zeit. Darstellung von Deikur\u014d, einem mythologischen D\u00e4mon (Oni).\",\"breadcrumb\":{\"@id\":\"https:\\\/\\\/www.supeinnihonto.com\\\/de\\\/produkt\\\/no-maske-deikuro\\\/#breadcrumb\"},\"inLanguage\":\"de\",\"potentialAction\":[{\"@type\":\"ReadAction\",\"target\":[\"https:\\\/\\\/www.supeinnihonto.com\\\/de\\\/produkt\\\/no-maske-deikuro\\\/\"]}]},{\"@type\":\"ImageObject\",\"inLanguage\":\"de\",\"@id\":\"https:\\\/\\\/www.supeinnihonto.com\\\/de\\\/produkt\\\/no-maske-deikuro\\\/#primaryimage\",\"url\":\"https:\\\/\\\/i0.wp.com\\\/www.supeinnihonto.com\\\/wp-content\\\/uploads\\\/2024\\\/11\\\/GEO5972.webp?fit=2048%2C1958&ssl=1\",\"contentUrl\":\"https:\\\/\\\/i0.wp.com\\\/www.supeinnihonto.com\\\/wp-content\\\/uploads\\\/2024\\\/11\\\/GEO5972.webp?fit=2048%2C1958&ssl=1\",\"width\":2048,\"height\":1958,\"caption\":\"Noh mask Deikuro\"},{\"@type\":\"BreadcrumbList\",\"@id\":\"https:\\\/\\\/www.supeinnihonto.com\\\/de\\\/produkt\\\/no-maske-deikuro\\\/#breadcrumb\",\"itemListElement\":[{\"@type\":\"ListItem\",\"position\":1,\"name\":\"Portada\",\"item\":\"https:\\\/\\\/www.supeinnihonto.com\\\/de\\\/\"},{\"@type\":\"ListItem\",\"position\":2,\"name\":\"Shop\",\"item\":\"https:\\\/\\\/www.supeinnihonto.com\\\/de\\\/shop\\\/\"},{\"@type\":\"ListItem\",\"position\":3,\"name\":\"N\u014d-Maske Deikur\u014d\"}]},{\"@type\":\"WebSite\",\"@id\":\"https:\\\/\\\/www.supeinnihonto.com\\\/de\\\/#website\",\"url\":\"https:\\\/\\\/www.supeinnihonto.com\\\/de\\\/\",\"name\":\"Supein Nihonto\",\"description\":\"Authentic japanese Nihonto katana \",\"publisher\":{\"@id\":\"https:\\\/\\\/www.supeinnihonto.com\\\/de\\\/#organization\"},\"potentialAction\":[{\"@type\":\"SearchAction\",\"target\":{\"@type\":\"EntryPoint\",\"urlTemplate\":\"https:\\\/\\\/www.supeinnihonto.com\\\/de\\\/?s={search_term_string}\"},\"query-input\":{\"@type\":\"PropertyValueSpecification\",\"valueRequired\":true,\"valueName\":\"search_term_string\"}}],\"inLanguage\":\"de\"},{\"@type\":\"Organization\",\"@id\":\"https:\\\/\\\/www.supeinnihonto.com\\\/de\\\/#organization\",\"name\":\"SupeinNihonto\",\"url\":\"https:\\\/\\\/www.supeinnihonto.com\\\/de\\\/\",\"logo\":{\"@type\":\"ImageObject\",\"inLanguage\":\"de\",\"@id\":\"https:\\\/\\\/www.supeinnihonto.com\\\/de\\\/#\\\/schema\\\/logo\\\/image\\\/\",\"url\":\"https:\\\/\\\/www.supeinnihonto.com\\\/wp-content\\\/uploads\\\/2021\\\/11\\\/animation_Default_3szk0jcenoloop.gif\",\"contentUrl\":\"https:\\\/\\\/www.supeinnihonto.com\\\/wp-content\\\/uploads\\\/2021\\\/11\\\/animation_Default_3szk0jcenoloop.gif\",\"width\":750,\"height\":641,\"caption\":\"SupeinNihonto\"},\"image\":{\"@id\":\"https:\\\/\\\/www.supeinnihonto.com\\\/de\\\/#\\\/schema\\\/logo\\\/image\\\/\"}}]}<\/script>\n<!-- \/ Yoast SEO plugin. -->","yoast_head_json":{"title":"N\u014d-Maske Deikur\u014d - Supein Nihonto","description":"Geschnitzte Holzmaske aus dem N\u014d-Theater, signiert Seiun (\u9759\u96f2), Sh\u014dwa-Zeit. Darstellung von Deikur\u014d, einem mythologischen D\u00e4mon (Oni).","robots":{"index":"index","follow":"follow","max-snippet":"max-snippet:-1","max-image-preview":"max-image-preview:large","max-video-preview":"max-video-preview:-1"},"canonical":"https:\/\/www.supeinnihonto.com\/de\/produkt\/no-maske-deikuro\/","og_locale":"de_DE","og_type":"article","og_title":"N\u014d-Maske Deikur\u014d - Supein Nihonto","og_description":"Geschnitzte Holzmaske aus dem N\u014d-Theater, signiert Seiun (\u9759\u96f2), Sh\u014dwa-Zeit. Darstellung von Deikur\u014d, einem mythologischen D\u00e4mon (Oni).","og_url":"https:\/\/www.supeinnihonto.com\/de\/produkt\/no-maske-deikuro\/","og_site_name":"Supein Nihonto","article_modified_time":"2025-12-20T20:14:10+00:00","og_image":[{"width":2048,"height":1958,"url":"https:\/\/www.supeinnihonto.com\/wp-content\/uploads\/2024\/11\/GEO5972.webp","type":"image\/webp"}],"twitter_card":"summary_large_image","twitter_misc":{"Gesch\u00e4tzte Lesezeit":"1\u00a0Minute"},"schema":{"@context":"https:\/\/schema.org","@graph":[{"@type":"WebPage","@id":"https:\/\/www.supeinnihonto.com\/de\/produkt\/no-maske-deikuro\/","url":"https:\/\/www.supeinnihonto.com\/de\/produkt\/no-maske-deikuro\/","name":"N\u014d-Maske Deikur\u014d - Supein Nihonto","isPartOf":{"@id":"https:\/\/www.supeinnihonto.com\/de\/#website"},"primaryImageOfPage":{"@id":"https:\/\/www.supeinnihonto.com\/de\/produkt\/no-maske-deikuro\/#primaryimage"},"image":{"@id":"https:\/\/www.supeinnihonto.com\/de\/produkt\/no-maske-deikuro\/#primaryimage"},"thumbnailUrl":"https:\/\/i0.wp.com\/www.supeinnihonto.com\/wp-content\/uploads\/2024\/11\/GEO5972.webp?fit=2048%2C1958&ssl=1","datePublished":"2024-11-07T08:38:29+00:00","dateModified":"2025-12-20T20:14:10+00:00","description":"Geschnitzte Holzmaske aus dem N\u014d-Theater, signiert Seiun (\u9759\u96f2), Sh\u014dwa-Zeit. Darstellung von Deikur\u014d, einem mythologischen D\u00e4mon (Oni).","breadcrumb":{"@id":"https:\/\/www.supeinnihonto.com\/de\/produkt\/no-maske-deikuro\/#breadcrumb"},"inLanguage":"de","potentialAction":[{"@type":"ReadAction","target":["https:\/\/www.supeinnihonto.com\/de\/produkt\/no-maske-deikuro\/"]}]},{"@type":"ImageObject","inLanguage":"de","@id":"https:\/\/www.supeinnihonto.com\/de\/produkt\/no-maske-deikuro\/#primaryimage","url":"https:\/\/i0.wp.com\/www.supeinnihonto.com\/wp-content\/uploads\/2024\/11\/GEO5972.webp?fit=2048%2C1958&ssl=1","contentUrl":"https:\/\/i0.wp.com\/www.supeinnihonto.com\/wp-content\/uploads\/2024\/11\/GEO5972.webp?fit=2048%2C1958&ssl=1","width":2048,"height":1958,"caption":"Noh mask Deikuro"},{"@type":"BreadcrumbList","@id":"https:\/\/www.supeinnihonto.com\/de\/produkt\/no-maske-deikuro\/#breadcrumb","itemListElement":[{"@type":"ListItem","position":1,"name":"Portada","item":"https:\/\/www.supeinnihonto.com\/de\/"},{"@type":"ListItem","position":2,"name":"Shop","item":"https:\/\/www.supeinnihonto.com\/de\/shop\/"},{"@type":"ListItem","position":3,"name":"N\u014d-Maske Deikur\u014d"}]},{"@type":"WebSite","@id":"https:\/\/www.supeinnihonto.com\/de\/#website","url":"https:\/\/www.supeinnihonto.com\/de\/","name":"Supein Nihonto","description":"Authentic japanese Nihonto katana ","publisher":{"@id":"https:\/\/www.supeinnihonto.com\/de\/#organization"},"potentialAction":[{"@type":"SearchAction","target":{"@type":"EntryPoint","urlTemplate":"https:\/\/www.supeinnihonto.com\/de\/?s={search_term_string}"},"query-input":{"@type":"PropertyValueSpecification","valueRequired":true,"valueName":"search_term_string"}}],"inLanguage":"de"},{"@type":"Organization","@id":"https:\/\/www.supeinnihonto.com\/de\/#organization","name":"SupeinNihonto","url":"https:\/\/www.supeinnihonto.com\/de\/","logo":{"@type":"ImageObject","inLanguage":"de","@id":"https:\/\/www.supeinnihonto.com\/de\/#\/schema\/logo\/image\/","url":"https:\/\/www.supeinnihonto.com\/wp-content\/uploads\/2021\/11\/animation_Default_3szk0jcenoloop.gif","contentUrl":"https:\/\/www.supeinnihonto.com\/wp-content\/uploads\/2021\/11\/animation_Default_3szk0jcenoloop.gif","width":750,"height":641,"caption":"SupeinNihonto"},"image":{"@id":"https:\/\/www.supeinnihonto.com\/de\/#\/schema\/logo\/image\/"}}]}},"jetpack-related-posts":[{"id":12776,"url":"https:\/\/www.supeinnihonto.com\/de\/produkt\/no-maske-yaseonna\/","url_meta":{"origin":12540,"position":0},"title":"N\u014d-Maske Yaseonna","author":"Eric Majo","date":"7 de November de 2024","format":false,"excerpt":"Geschnitzte Holzmaske aus dem N\u014d-Theater, Sh\u014dwa-Zeit. Signiert Seiun (\u9759\u96f2). Darstellung des leidenden Geistes einer Frau, die an den Qualen einer Liebesbeziehung gestorben ist. N\u014d-Masken sind seit langem ein fester Bestandteil japanischer religi\u00f6ser Rituale, Feste und des Theaters. Sie stellen historische Figuren und Geister dar, die als kami bezeichnet werden und\u2026","rel":"","context":"\u00c4hnlicher Beitrag","block_context":{"text":"\u00c4hnlicher Beitrag","link":""},"img":{"alt_text":"Noh mask Yaseonna","src":"https:\/\/i0.wp.com\/www.supeinnihonto.com\/wp-content\/uploads\/2024\/11\/GEO9306.webp?fit=1200%2C1107&ssl=1&resize=350%2C200","width":350,"height":200,"srcset":"https:\/\/i0.wp.com\/www.supeinnihonto.com\/wp-content\/uploads\/2024\/11\/GEO9306.webp?fit=1200%2C1107&ssl=1&resize=350%2C200 1x, https:\/\/i0.wp.com\/www.supeinnihonto.com\/wp-content\/uploads\/2024\/11\/GEO9306.webp?fit=1200%2C1107&ssl=1&resize=525%2C300 1.5x, https:\/\/i0.wp.com\/www.supeinnihonto.com\/wp-content\/uploads\/2024\/11\/GEO9306.webp?fit=1200%2C1107&ssl=1&resize=700%2C400 2x, https:\/\/i0.wp.com\/www.supeinnihonto.com\/wp-content\/uploads\/2024\/11\/GEO9306.webp?fit=1200%2C1107&ssl=1&resize=1050%2C600 3x"},"classes":[]},{"id":12568,"url":"https:\/\/www.supeinnihonto.com\/de\/produkt\/no-maske-ikazuchi\/","url_meta":{"origin":12540,"position":1},"title":"N\u014d-Maske Ikazuchi","author":"Eric Majo","date":"7 de November de 2024","format":false,"excerpt":"Geschnitzte Holzmaske aus dem N\u014d-Theater, Sh\u014dwa-Zeit. Signiert Seiun (\u9759\u96f2). Darstellung von Ikazuchi, einem Oni (D\u00e4mon). Fantastische und ungew\u00f6hnliche Farbgebung. N\u014d-Masken sind seit langem ein fester Bestandteil japanischer religi\u00f6ser Rituale, Feste und des Theaters. Sie stellen historische Figuren und Geister dar, die als kami bezeichnet werden und ihren Ursprung in den\u2026","rel":"","context":"\u00c4hnlicher Beitrag","block_context":{"text":"\u00c4hnlicher Beitrag","link":""},"img":{"alt_text":"Gesneden houten masker uit het N\u014d-theater, Sh\u014dwa-periode. Gesigneerd Seiun (\u9759\u96f2). Voorstelling van Ikazuchi, afgebeeld als een oni (demon).","src":"https:\/\/i0.wp.com\/www.supeinnihonto.com\/wp-content\/uploads\/2024\/11\/GEO9362.webp?fit=1200%2C980&ssl=1&resize=350%2C200","width":350,"height":200,"srcset":"https:\/\/i0.wp.com\/www.supeinnihonto.com\/wp-content\/uploads\/2024\/11\/GEO9362.webp?fit=1200%2C980&ssl=1&resize=350%2C200 1x, https:\/\/i0.wp.com\/www.supeinnihonto.com\/wp-content\/uploads\/2024\/11\/GEO9362.webp?fit=1200%2C980&ssl=1&resize=525%2C300 1.5x, https:\/\/i0.wp.com\/www.supeinnihonto.com\/wp-content\/uploads\/2024\/11\/GEO9362.webp?fit=1200%2C980&ssl=1&resize=700%2C400 2x, https:\/\/i0.wp.com\/www.supeinnihonto.com\/wp-content\/uploads\/2024\/11\/GEO9362.webp?fit=1200%2C980&ssl=1&resize=1050%2C600 3x"},"classes":[]},{"id":12768,"url":"https:\/\/www.supeinnihonto.com\/de\/produkt\/no-maske-yoroboshi\/","url_meta":{"origin":12540,"position":2},"title":"N\u014d-Maske Yoroboshi","author":"Eric Majo","date":"7 de November de 2024","format":false,"excerpt":"Geschnitzte Holzmaske aus dem N\u014d-Theater, Sh\u014dwa-Zeit. Signiert Seiun (\u9759\u96f2). Darstellung von Yoroboshi, einem blinden M\u00f6nch. N\u014d-Masken sind seit langem ein fester Bestandteil japanischer religi\u00f6ser Rituale, Feste und des Theaters. Sie stellen historische Figuren und Geister dar, die als kami bezeichnet werden und ihren Ursprung in den indigenen Glaubensvorstellungen Japans haben.\u2026","rel":"","context":"\u00c4hnlicher Beitrag","block_context":{"text":"\u00c4hnlicher Beitrag","link":""},"img":{"alt_text":"noh mask Yoroboshi","src":"https:\/\/i0.wp.com\/www.supeinnihonto.com\/wp-content\/uploads\/2024\/11\/GEO9320.jpg?fit=1200%2C799&ssl=1&resize=350%2C200","width":350,"height":200,"srcset":"https:\/\/i0.wp.com\/www.supeinnihonto.com\/wp-content\/uploads\/2024\/11\/GEO9320.jpg?fit=1200%2C799&ssl=1&resize=350%2C200 1x, https:\/\/i0.wp.com\/www.supeinnihonto.com\/wp-content\/uploads\/2024\/11\/GEO9320.jpg?fit=1200%2C799&ssl=1&resize=525%2C300 1.5x, https:\/\/i0.wp.com\/www.supeinnihonto.com\/wp-content\/uploads\/2024\/11\/GEO9320.jpg?fit=1200%2C799&ssl=1&resize=700%2C400 2x, https:\/\/i0.wp.com\/www.supeinnihonto.com\/wp-content\/uploads\/2024\/11\/GEO9320.jpg?fit=1200%2C799&ssl=1&resize=1050%2C600 3x"},"classes":[]},{"id":12760,"url":"https:\/\/www.supeinnihonto.com\/de\/produkt\/no-maske-oto\/","url_meta":{"origin":12540,"position":3},"title":"N\u014d-Maske Oto","author":"Eric Majo","date":"7 de November de 2024","format":false,"excerpt":"Geschnitzte Holzmaske aus dem N\u014d-Theater, Sh\u014dwa-Zeit. Signiert Seiun (\u9759\u96f2). Darstellung von Oto, einer Frauenmaske. \u00dcbertrieben f\u00fcllig und mit ausgepr\u00e4gten Gr\u00fcbchen versehen, stellt sie eine volkst\u00fcmliche Parodie niedrigen Ranges der eleganten Ko-omote-Maske im N\u014d-Theater dar. N\u014d-Masken sind seit langem ein fester Bestandteil japanischer religi\u00f6ser Rituale, Feste und des Theaters. Sie stellen\u2026","rel":"","context":"\u00c4hnlicher Beitrag","block_context":{"text":"\u00c4hnlicher Beitrag","link":""},"img":{"alt_text":"oto noh mask","src":"https:\/\/i0.wp.com\/www.supeinnihonto.com\/wp-content\/uploads\/2024\/11\/GEO9333.jpg?fit=1200%2C921&ssl=1&resize=350%2C200","width":350,"height":200,"srcset":"https:\/\/i0.wp.com\/www.supeinnihonto.com\/wp-content\/uploads\/2024\/11\/GEO9333.jpg?fit=1200%2C921&ssl=1&resize=350%2C200 1x, https:\/\/i0.wp.com\/www.supeinnihonto.com\/wp-content\/uploads\/2024\/11\/GEO9333.jpg?fit=1200%2C921&ssl=1&resize=525%2C300 1.5x, https:\/\/i0.wp.com\/www.supeinnihonto.com\/wp-content\/uploads\/2024\/11\/GEO9333.jpg?fit=1200%2C921&ssl=1&resize=700%2C400 2x, https:\/\/i0.wp.com\/www.supeinnihonto.com\/wp-content\/uploads\/2024\/11\/GEO9333.jpg?fit=1200%2C921&ssl=1&resize=1050%2C600 3x"},"classes":[]},{"id":12556,"url":"https:\/\/www.supeinnihonto.com\/de\/produkt\/no-maske-yoroboshi-mit-box\/","url_meta":{"origin":12540,"position":4},"title":"N\u014d-Maske Yoroboshi mit Box","author":"Eric Majo","date":"7 de November de 2024","format":false,"excerpt":"Geschnitzte Holzmaske aus dem N\u014d-Theater, Sh\u014dwa-Zeit. Signiert Naohiro Kaneko und datiert 1957, mit Box. Signierte japanische N\u014d-Maske mit der Darstellung von Yoroboshi (blinder M\u00f6nch). N\u014d-Masken sind seit langem ein fester Bestandteil japanischer religi\u00f6ser Rituale, Feste und des Theaters. Sie stellen historische Figuren und Geister dar, die als kami bezeichnet werden\u2026","rel":"","context":"\u00c4hnlicher Beitrag","block_context":{"text":"\u00c4hnlicher Beitrag","link":""},"img":{"alt_text":"Noh mask Yoroboshi with box","src":"https:\/\/i0.wp.com\/www.supeinnihonto.com\/wp-content\/uploads\/2024\/11\/GEO9415.webp?fit=1200%2C799&ssl=1&resize=350%2C200","width":350,"height":200,"srcset":"https:\/\/i0.wp.com\/www.supeinnihonto.com\/wp-content\/uploads\/2024\/11\/GEO9415.webp?fit=1200%2C799&ssl=1&resize=350%2C200 1x, https:\/\/i0.wp.com\/www.supeinnihonto.com\/wp-content\/uploads\/2024\/11\/GEO9415.webp?fit=1200%2C799&ssl=1&resize=525%2C300 1.5x, https:\/\/i0.wp.com\/www.supeinnihonto.com\/wp-content\/uploads\/2024\/11\/GEO9415.webp?fit=1200%2C799&ssl=1&resize=700%2C400 2x, https:\/\/i0.wp.com\/www.supeinnihonto.com\/wp-content\/uploads\/2024\/11\/GEO9415.webp?fit=1200%2C799&ssl=1&resize=1050%2C600 3x"},"classes":[]},{"id":12576,"url":"https:\/\/www.supeinnihonto.com\/de\/produkt\/no-maske-ko-omote\/","url_meta":{"origin":12540,"position":5},"title":"N\u014d-Maske Ko-omote","author":"Eric Majo","date":"7 de November de 2024","format":false,"excerpt":"Geschnitzte Holzmaske aus dem N\u014d-Theater, Sh\u014dwa-Zeit. Signiert Seiun (\u9759\u96f2). Darstellung von Ko-omote: \u201eKo\u201c bedeutet Zartheit, Jugend und Sch\u00f6nheit, \u201eOmote\u201c bedeutet Gesicht. Die Maske zeigt das sch\u00f6ne Gesicht einer jungen Frau mit ruhigem und heiterem Wesen. N\u014d-Masken sind seit langem ein fester Bestandteil japanischer religi\u00f6ser Rituale, Feste und des Theaters. Sie\u2026","rel":"","context":"\u00c4hnlicher Beitrag","block_context":{"text":"\u00c4hnlicher Beitrag","link":""},"img":{"alt_text":"Carved wooden mask from the Noh theatre, Showa period. Signed Seiun \u9759\u96f2. Representing Ko omote, \u2018Ko\u2019 means tenderness, youth and beauty. \u2018Omote\u2019 means face. The mask shows the beautiful face of a young woman whose nature is calm and serene.","src":"https:\/\/i0.wp.com\/www.supeinnihonto.com\/wp-content\/uploads\/2024\/11\/GEO9348.webp?fit=1200%2C933&ssl=1&resize=350%2C200","width":350,"height":200,"srcset":"https:\/\/i0.wp.com\/www.supeinnihonto.com\/wp-content\/uploads\/2024\/11\/GEO9348.webp?fit=1200%2C933&ssl=1&resize=350%2C200 1x, https:\/\/i0.wp.com\/www.supeinnihonto.com\/wp-content\/uploads\/2024\/11\/GEO9348.webp?fit=1200%2C933&ssl=1&resize=525%2C300 1.5x, https:\/\/i0.wp.com\/www.supeinnihonto.com\/wp-content\/uploads\/2024\/11\/GEO9348.webp?fit=1200%2C933&ssl=1&resize=700%2C400 2x, https:\/\/i0.wp.com\/www.supeinnihonto.com\/wp-content\/uploads\/2024\/11\/GEO9348.webp?fit=1200%2C933&ssl=1&resize=1050%2C600 3x"},"classes":[]}],"jetpack_sharing_enabled":true,"_links":{"self":[{"href":"https:\/\/www.supeinnihonto.com\/de\/wp-json\/wp\/v2\/product\/12540","targetHints":{"allow":["GET"]}}],"collection":[{"href":"https:\/\/www.supeinnihonto.com\/de\/wp-json\/wp\/v2\/product"}],"about":[{"href":"https:\/\/www.supeinnihonto.com\/de\/wp-json\/wp\/v2\/types\/product"}],"wp:featuredmedia":[{"embeddable":true,"href":"https:\/\/www.supeinnihonto.com\/de\/wp-json\/wp\/v2\/media\/38748"}],"wp:attachment":[{"href":"https:\/\/www.supeinnihonto.com\/de\/wp-json\/wp\/v2\/media?parent=12540"}],"wp:term":[{"taxonomy":"product_brand","embeddable":true,"href":"https:\/\/www.supeinnihonto.com\/de\/wp-json\/wp\/v2\/product_brand?post=12540"},{"taxonomy":"product_cat","embeddable":true,"href":"https:\/\/www.supeinnihonto.com\/de\/wp-json\/wp\/v2\/product_cat?post=12540"},{"taxonomy":"product_tag","embeddable":true,"href":"https:\/\/www.supeinnihonto.com\/de\/wp-json\/wp\/v2\/product_tag?post=12540"}],"curies":[{"name":"wp","href":"https:\/\/api.w.org\/{rel}","templated":true}]}}