{"id":12516,"date":"2024-11-07T08:55:05","date_gmt":"2024-11-07T08:55:05","guid":{"rendered":"https:\/\/www.supeinnihonto.com\/product\/noh-mask-yase-otoko\/"},"modified":"2025-12-20T19:14:34","modified_gmt":"2025-12-20T19:14:34","slug":"noh-mask-yase-otoko","status":"publish","type":"product","link":"https:\/\/www.supeinnihonto.com\/de\/produkt\/noh-mask-yase-otoko\/","title":{"rendered":"Noh mask yase otoko"},"content":{"rendered":"<p data-start=\"819\" data-end=\"1143\">Geschnitzte Holzmaske aus dem N\u014d-Theater, signiert Tomowo Arita, Sh\u014dwa-Zeit. Diese N\u014d-Maske stellt einen in der H\u00f6lle leidenden Geist dar. Das ausgemergelte Gesicht eines elenden S\u00fcnders wird eindrucksvoll durch hohle Wangen und tief liegende Augen ausgedr\u00fcckt. Sch\u00f6ne Patina, hervorragende Schnitzarbeit und Altersspuren.<\/p>\n<p data-start=\"1145\" data-end=\"1538\">N\u014d-Masken sind seit langem ein fester Bestandteil japanischer religi\u00f6ser Rituale, Feste und des Theaters. Sie stellen historische Figuren und Geister dar, die als <em data-start=\"1308\" data-end=\"1314\">kami<\/em> bezeichnet werden und ihren Ursprung in den indigenen Glaubensvorstellungen Japans haben. Traditionell symbolisiert die Maske die \u201eBesessenheit\u201c und verwandelt den Tr\u00e4ger in den <em data-start=\"1493\" data-end=\"1499\">kami<\/em> oder dessen menschliche Inkarnation.<\/p>\n<p data-start=\"1540\" data-end=\"1568\">Ma\u00dfstab 1:1 (ca. 20 \u00d7 15 cm)<\/p>\n<p>&nbsp;<\/p>\n","protected":false},"excerpt":{"rendered":"<p>Geschnitzte Holzmaske aus dem N\u014d-Theater, signiert Tomowo Arita, Sh\u014dwa-Zeit. Diese N\u014d-Maske stellt einen in der H\u00f6lle leidenden Geist dar. Das ausgemergelte Gesicht eines elenden S\u00fcnders wird eindrucksvoll durch hohle Wangen und tief liegende Augen ausgedr\u00fcckt. Sch\u00f6ne Patina, hervorragende Schnitzarbeit und Altersspuren. N\u014d-Masken sind seit langem ein fester Bestandteil japanischer religi\u00f6ser [&hellip;]<\/p>\n","protected":false},"featured_media":38706,"template":"","meta":{"jetpack_post_was_ever_published":false},"product_brand":[],"product_cat":[567],"product_tag":[487,685,488],"class_list":{"0":"post-12516","1":"product","2":"type-product","3":"status-publish","4":"has-post-thumbnail","6":"product_cat-no-masken","7":"product_tag-no-maske","8":"product_tag-no-maske-aus-holz","9":"product_tag-no-theate","10":"product_shipping_class-light","12":"first","13":"instock","14":"featured","15":"shipping-taxable","16":"purchasable","17":"product-type-simple"},"yoast_head":"<!-- This site is optimized with the Yoast SEO plugin v27.6 - https:\/\/yoast.com\/product\/yoast-seo-wordpress\/ -->\n<title>Noh mask yase otoko - Supein Nihonto<\/title>\n<meta name=\"description\" content=\"Geschnitzte Holzmaske aus dem N\u014d-Theater, signiert Tomowo Arita, Sh\u014dwa-Zeit. Diese N\u014d-Maske stellt einen in der H\u00f6lle leidenden Geist dar. Das ausgemergelte Gesicht eines elenden S\u00fcnders wird eindrucksvoll durch hohle Wangen und tief liegende Augen dargestellt. Sch\u00f6ne Patina, hervorragende Schnitzarbeit und Altersspuren.\" \/>\n<meta name=\"robots\" content=\"index, follow, max-snippet:-1, max-image-preview:large, max-video-preview:-1\" \/>\n<link rel=\"canonical\" href=\"https:\/\/www.supeinnihonto.com\/de\/produkt\/noh-mask-yase-otoko\/\" \/>\n<meta property=\"og:locale\" content=\"de_DE\" \/>\n<meta property=\"og:type\" content=\"article\" \/>\n<meta property=\"og:title\" content=\"Noh mask yase otoko - Supein Nihonto\" \/>\n<meta property=\"og:description\" content=\"Geschnitzte Holzmaske aus dem N\u014d-Theater, signiert Tomowo Arita, Sh\u014dwa-Zeit. Diese N\u014d-Maske stellt einen in der H\u00f6lle leidenden Geist dar. Das ausgemergelte Gesicht eines elenden S\u00fcnders wird eindrucksvoll durch hohle Wangen und tief liegende Augen dargestellt. Sch\u00f6ne Patina, hervorragende Schnitzarbeit und Altersspuren.\" \/>\n<meta property=\"og:url\" content=\"https:\/\/www.supeinnihonto.com\/de\/produkt\/noh-mask-yase-otoko\/\" \/>\n<meta property=\"og:site_name\" content=\"Supein Nihonto\" \/>\n<meta property=\"article:modified_time\" content=\"2025-12-20T19:14:34+00:00\" \/>\n<meta property=\"og:image\" content=\"https:\/\/www.supeinnihonto.com\/wp-content\/uploads\/2024\/11\/GEO7969.webp\" \/>\n\t<meta property=\"og:image:width\" content=\"2048\" \/>\n\t<meta property=\"og:image:height\" content=\"1363\" \/>\n\t<meta property=\"og:image:type\" content=\"image\/webp\" \/>\n<meta name=\"twitter:card\" content=\"summary_large_image\" \/>\n<meta name=\"twitter:label1\" content=\"Gesch\u00e4tzte Lesezeit\" \/>\n\t<meta name=\"twitter:data1\" content=\"1\u00a0Minute\" \/>\n<script type=\"application\/ld+json\" class=\"yoast-schema-graph\">{\"@context\":\"https:\\\/\\\/schema.org\",\"@graph\":[{\"@type\":\"WebPage\",\"@id\":\"https:\\\/\\\/www.supeinnihonto.com\\\/de\\\/produkt\\\/noh-mask-yase-otoko\\\/\",\"url\":\"https:\\\/\\\/www.supeinnihonto.com\\\/de\\\/produkt\\\/noh-mask-yase-otoko\\\/\",\"name\":\"Noh mask yase otoko - Supein Nihonto\",\"isPartOf\":{\"@id\":\"https:\\\/\\\/www.supeinnihonto.com\\\/de\\\/#website\"},\"primaryImageOfPage\":{\"@id\":\"https:\\\/\\\/www.supeinnihonto.com\\\/de\\\/produkt\\\/noh-mask-yase-otoko\\\/#primaryimage\"},\"image\":{\"@id\":\"https:\\\/\\\/www.supeinnihonto.com\\\/de\\\/produkt\\\/noh-mask-yase-otoko\\\/#primaryimage\"},\"thumbnailUrl\":\"https:\\\/\\\/i0.wp.com\\\/www.supeinnihonto.com\\\/wp-content\\\/uploads\\\/2024\\\/11\\\/GEO7969.webp?fit=2048%2C1363&ssl=1\",\"datePublished\":\"2024-11-07T08:55:05+00:00\",\"dateModified\":\"2025-12-20T19:14:34+00:00\",\"description\":\"Geschnitzte Holzmaske aus dem N\u014d-Theater, signiert Tomowo Arita, Sh\u014dwa-Zeit. Diese N\u014d-Maske stellt einen in der H\u00f6lle leidenden Geist dar. Das ausgemergelte Gesicht eines elenden S\u00fcnders wird eindrucksvoll durch hohle Wangen und tief liegende Augen dargestellt. Sch\u00f6ne Patina, hervorragende Schnitzarbeit und Altersspuren.\",\"breadcrumb\":{\"@id\":\"https:\\\/\\\/www.supeinnihonto.com\\\/de\\\/produkt\\\/noh-mask-yase-otoko\\\/#breadcrumb\"},\"inLanguage\":\"de\",\"potentialAction\":[{\"@type\":\"ReadAction\",\"target\":[\"https:\\\/\\\/www.supeinnihonto.com\\\/de\\\/produkt\\\/noh-mask-yase-otoko\\\/\"]}]},{\"@type\":\"ImageObject\",\"inLanguage\":\"de\",\"@id\":\"https:\\\/\\\/www.supeinnihonto.com\\\/de\\\/produkt\\\/noh-mask-yase-otoko\\\/#primaryimage\",\"url\":\"https:\\\/\\\/i0.wp.com\\\/www.supeinnihonto.com\\\/wp-content\\\/uploads\\\/2024\\\/11\\\/GEO7969.webp?fit=2048%2C1363&ssl=1\",\"contentUrl\":\"https:\\\/\\\/i0.wp.com\\\/www.supeinnihonto.com\\\/wp-content\\\/uploads\\\/2024\\\/11\\\/GEO7969.webp?fit=2048%2C1363&ssl=1\",\"width\":2048,\"height\":1363,\"caption\":\"Masque en bois sculpt\u00e9 du th\u00e9\u00e2tre N\u00f4, sign\u00e9 Tomowo Arita, p\u00e9riode Sh\u014dwa. Ce masque de N\u00f4 repr\u00e9sente un esprit souffrant en enfer. Le visage \u00e9maci\u00e9 d\u2019un p\u00e9cheur mis\u00e9rable est exprim\u00e9 de mani\u00e8re saisissante par les joues creuses et les yeux profond\u00e9ment enfonc\u00e9s. Belle patine, excellente sculpture et traces du temps.\"},{\"@type\":\"BreadcrumbList\",\"@id\":\"https:\\\/\\\/www.supeinnihonto.com\\\/de\\\/produkt\\\/noh-mask-yase-otoko\\\/#breadcrumb\",\"itemListElement\":[{\"@type\":\"ListItem\",\"position\":1,\"name\":\"Portada\",\"item\":\"https:\\\/\\\/www.supeinnihonto.com\\\/de\\\/\"},{\"@type\":\"ListItem\",\"position\":2,\"name\":\"Shop\",\"item\":\"https:\\\/\\\/www.supeinnihonto.com\\\/de\\\/shop\\\/\"},{\"@type\":\"ListItem\",\"position\":3,\"name\":\"Noh mask yase otoko\"}]},{\"@type\":\"WebSite\",\"@id\":\"https:\\\/\\\/www.supeinnihonto.com\\\/de\\\/#website\",\"url\":\"https:\\\/\\\/www.supeinnihonto.com\\\/de\\\/\",\"name\":\"Supein Nihonto\",\"description\":\"Authentic japanese Nihonto katana \",\"publisher\":{\"@id\":\"https:\\\/\\\/www.supeinnihonto.com\\\/de\\\/#organization\"},\"potentialAction\":[{\"@type\":\"SearchAction\",\"target\":{\"@type\":\"EntryPoint\",\"urlTemplate\":\"https:\\\/\\\/www.supeinnihonto.com\\\/de\\\/?s={search_term_string}\"},\"query-input\":{\"@type\":\"PropertyValueSpecification\",\"valueRequired\":true,\"valueName\":\"search_term_string\"}}],\"inLanguage\":\"de\"},{\"@type\":\"Organization\",\"@id\":\"https:\\\/\\\/www.supeinnihonto.com\\\/de\\\/#organization\",\"name\":\"SupeinNihonto\",\"url\":\"https:\\\/\\\/www.supeinnihonto.com\\\/de\\\/\",\"logo\":{\"@type\":\"ImageObject\",\"inLanguage\":\"de\",\"@id\":\"https:\\\/\\\/www.supeinnihonto.com\\\/de\\\/#\\\/schema\\\/logo\\\/image\\\/\",\"url\":\"https:\\\/\\\/www.supeinnihonto.com\\\/wp-content\\\/uploads\\\/2021\\\/11\\\/animation_Default_3szk0jcenoloop.gif\",\"contentUrl\":\"https:\\\/\\\/www.supeinnihonto.com\\\/wp-content\\\/uploads\\\/2021\\\/11\\\/animation_Default_3szk0jcenoloop.gif\",\"width\":750,\"height\":641,\"caption\":\"SupeinNihonto\"},\"image\":{\"@id\":\"https:\\\/\\\/www.supeinnihonto.com\\\/de\\\/#\\\/schema\\\/logo\\\/image\\\/\"}}]}<\/script>\n<!-- \/ Yoast SEO plugin. -->","yoast_head_json":{"title":"Noh mask yase otoko - Supein Nihonto","description":"Geschnitzte Holzmaske aus dem N\u014d-Theater, signiert Tomowo Arita, Sh\u014dwa-Zeit. Diese N\u014d-Maske stellt einen in der H\u00f6lle leidenden Geist dar. Das ausgemergelte Gesicht eines elenden S\u00fcnders wird eindrucksvoll durch hohle Wangen und tief liegende Augen dargestellt. Sch\u00f6ne Patina, hervorragende Schnitzarbeit und Altersspuren.","robots":{"index":"index","follow":"follow","max-snippet":"max-snippet:-1","max-image-preview":"max-image-preview:large","max-video-preview":"max-video-preview:-1"},"canonical":"https:\/\/www.supeinnihonto.com\/de\/produkt\/noh-mask-yase-otoko\/","og_locale":"de_DE","og_type":"article","og_title":"Noh mask yase otoko - Supein Nihonto","og_description":"Geschnitzte Holzmaske aus dem N\u014d-Theater, signiert Tomowo Arita, Sh\u014dwa-Zeit. Diese N\u014d-Maske stellt einen in der H\u00f6lle leidenden Geist dar. Das ausgemergelte Gesicht eines elenden S\u00fcnders wird eindrucksvoll durch hohle Wangen und tief liegende Augen dargestellt. Sch\u00f6ne Patina, hervorragende Schnitzarbeit und Altersspuren.","og_url":"https:\/\/www.supeinnihonto.com\/de\/produkt\/noh-mask-yase-otoko\/","og_site_name":"Supein Nihonto","article_modified_time":"2025-12-20T19:14:34+00:00","og_image":[{"width":2048,"height":1363,"url":"https:\/\/www.supeinnihonto.com\/wp-content\/uploads\/2024\/11\/GEO7969.webp","type":"image\/webp"}],"twitter_card":"summary_large_image","twitter_misc":{"Gesch\u00e4tzte Lesezeit":"1\u00a0Minute"},"schema":{"@context":"https:\/\/schema.org","@graph":[{"@type":"WebPage","@id":"https:\/\/www.supeinnihonto.com\/de\/produkt\/noh-mask-yase-otoko\/","url":"https:\/\/www.supeinnihonto.com\/de\/produkt\/noh-mask-yase-otoko\/","name":"Noh mask yase otoko - Supein Nihonto","isPartOf":{"@id":"https:\/\/www.supeinnihonto.com\/de\/#website"},"primaryImageOfPage":{"@id":"https:\/\/www.supeinnihonto.com\/de\/produkt\/noh-mask-yase-otoko\/#primaryimage"},"image":{"@id":"https:\/\/www.supeinnihonto.com\/de\/produkt\/noh-mask-yase-otoko\/#primaryimage"},"thumbnailUrl":"https:\/\/i0.wp.com\/www.supeinnihonto.com\/wp-content\/uploads\/2024\/11\/GEO7969.webp?fit=2048%2C1363&ssl=1","datePublished":"2024-11-07T08:55:05+00:00","dateModified":"2025-12-20T19:14:34+00:00","description":"Geschnitzte Holzmaske aus dem N\u014d-Theater, signiert Tomowo Arita, Sh\u014dwa-Zeit. Diese N\u014d-Maske stellt einen in der H\u00f6lle leidenden Geist dar. Das ausgemergelte Gesicht eines elenden S\u00fcnders wird eindrucksvoll durch hohle Wangen und tief liegende Augen dargestellt. Sch\u00f6ne Patina, hervorragende Schnitzarbeit und Altersspuren.","breadcrumb":{"@id":"https:\/\/www.supeinnihonto.com\/de\/produkt\/noh-mask-yase-otoko\/#breadcrumb"},"inLanguage":"de","potentialAction":[{"@type":"ReadAction","target":["https:\/\/www.supeinnihonto.com\/de\/produkt\/noh-mask-yase-otoko\/"]}]},{"@type":"ImageObject","inLanguage":"de","@id":"https:\/\/www.supeinnihonto.com\/de\/produkt\/noh-mask-yase-otoko\/#primaryimage","url":"https:\/\/i0.wp.com\/www.supeinnihonto.com\/wp-content\/uploads\/2024\/11\/GEO7969.webp?fit=2048%2C1363&ssl=1","contentUrl":"https:\/\/i0.wp.com\/www.supeinnihonto.com\/wp-content\/uploads\/2024\/11\/GEO7969.webp?fit=2048%2C1363&ssl=1","width":2048,"height":1363,"caption":"Masque en bois sculpt\u00e9 du th\u00e9\u00e2tre N\u00f4, sign\u00e9 Tomowo Arita, p\u00e9riode Sh\u014dwa. Ce masque de N\u00f4 repr\u00e9sente un esprit souffrant en enfer. Le visage \u00e9maci\u00e9 d\u2019un p\u00e9cheur mis\u00e9rable est exprim\u00e9 de mani\u00e8re saisissante par les joues creuses et les yeux profond\u00e9ment enfonc\u00e9s. Belle patine, excellente sculpture et traces du temps."},{"@type":"BreadcrumbList","@id":"https:\/\/www.supeinnihonto.com\/de\/produkt\/noh-mask-yase-otoko\/#breadcrumb","itemListElement":[{"@type":"ListItem","position":1,"name":"Portada","item":"https:\/\/www.supeinnihonto.com\/de\/"},{"@type":"ListItem","position":2,"name":"Shop","item":"https:\/\/www.supeinnihonto.com\/de\/shop\/"},{"@type":"ListItem","position":3,"name":"Noh mask yase otoko"}]},{"@type":"WebSite","@id":"https:\/\/www.supeinnihonto.com\/de\/#website","url":"https:\/\/www.supeinnihonto.com\/de\/","name":"Supein Nihonto","description":"Authentic japanese Nihonto katana ","publisher":{"@id":"https:\/\/www.supeinnihonto.com\/de\/#organization"},"potentialAction":[{"@type":"SearchAction","target":{"@type":"EntryPoint","urlTemplate":"https:\/\/www.supeinnihonto.com\/de\/?s={search_term_string}"},"query-input":{"@type":"PropertyValueSpecification","valueRequired":true,"valueName":"search_term_string"}}],"inLanguage":"de"},{"@type":"Organization","@id":"https:\/\/www.supeinnihonto.com\/de\/#organization","name":"SupeinNihonto","url":"https:\/\/www.supeinnihonto.com\/de\/","logo":{"@type":"ImageObject","inLanguage":"de","@id":"https:\/\/www.supeinnihonto.com\/de\/#\/schema\/logo\/image\/","url":"https:\/\/www.supeinnihonto.com\/wp-content\/uploads\/2021\/11\/animation_Default_3szk0jcenoloop.gif","contentUrl":"https:\/\/www.supeinnihonto.com\/wp-content\/uploads\/2021\/11\/animation_Default_3szk0jcenoloop.gif","width":750,"height":641,"caption":"SupeinNihonto"},"image":{"@id":"https:\/\/www.supeinnihonto.com\/de\/#\/schema\/logo\/image\/"}}]}},"jetpack-related-posts":[{"id":12760,"url":"https:\/\/www.supeinnihonto.com\/de\/produkt\/no-maske-oto\/","url_meta":{"origin":12516,"position":0},"title":"N\u014d-Maske Oto","author":"Eric Majo","date":"7 de November de 2024","format":false,"excerpt":"Geschnitzte Holzmaske aus dem N\u014d-Theater, Sh\u014dwa-Zeit. Signiert Seiun (\u9759\u96f2). Darstellung von Oto, einer Frauenmaske. \u00dcbertrieben f\u00fcllig und mit ausgepr\u00e4gten Gr\u00fcbchen versehen, stellt sie eine volkst\u00fcmliche Parodie niedrigen Ranges der eleganten Ko-omote-Maske im N\u014d-Theater dar. N\u014d-Masken sind seit langem ein fester Bestandteil japanischer religi\u00f6ser Rituale, Feste und des Theaters. Sie stellen\u2026","rel":"","context":"\u00c4hnlicher Beitrag","block_context":{"text":"\u00c4hnlicher Beitrag","link":""},"img":{"alt_text":"oto noh mask","src":"https:\/\/i0.wp.com\/www.supeinnihonto.com\/wp-content\/uploads\/2024\/11\/GEO9333.jpg?fit=1200%2C921&ssl=1&resize=350%2C200","width":350,"height":200,"srcset":"https:\/\/i0.wp.com\/www.supeinnihonto.com\/wp-content\/uploads\/2024\/11\/GEO9333.jpg?fit=1200%2C921&ssl=1&resize=350%2C200 1x, https:\/\/i0.wp.com\/www.supeinnihonto.com\/wp-content\/uploads\/2024\/11\/GEO9333.jpg?fit=1200%2C921&ssl=1&resize=525%2C300 1.5x, https:\/\/i0.wp.com\/www.supeinnihonto.com\/wp-content\/uploads\/2024\/11\/GEO9333.jpg?fit=1200%2C921&ssl=1&resize=700%2C400 2x, https:\/\/i0.wp.com\/www.supeinnihonto.com\/wp-content\/uploads\/2024\/11\/GEO9333.jpg?fit=1200%2C921&ssl=1&resize=1050%2C600 3x"},"classes":[]},{"id":12776,"url":"https:\/\/www.supeinnihonto.com\/de\/produkt\/no-maske-yaseonna\/","url_meta":{"origin":12516,"position":1},"title":"N\u014d-Maske Yaseonna","author":"Eric Majo","date":"7 de November de 2024","format":false,"excerpt":"Geschnitzte Holzmaske aus dem N\u014d-Theater, Sh\u014dwa-Zeit. Signiert Seiun (\u9759\u96f2). Darstellung des leidenden Geistes einer Frau, die an den Qualen einer Liebesbeziehung gestorben ist. N\u014d-Masken sind seit langem ein fester Bestandteil japanischer religi\u00f6ser Rituale, Feste und des Theaters. Sie stellen historische Figuren und Geister dar, die als kami bezeichnet werden und\u2026","rel":"","context":"\u00c4hnlicher Beitrag","block_context":{"text":"\u00c4hnlicher Beitrag","link":""},"img":{"alt_text":"Noh mask Yaseonna","src":"https:\/\/i0.wp.com\/www.supeinnihonto.com\/wp-content\/uploads\/2024\/11\/GEO9306.webp?fit=1200%2C1107&ssl=1&resize=350%2C200","width":350,"height":200,"srcset":"https:\/\/i0.wp.com\/www.supeinnihonto.com\/wp-content\/uploads\/2024\/11\/GEO9306.webp?fit=1200%2C1107&ssl=1&resize=350%2C200 1x, https:\/\/i0.wp.com\/www.supeinnihonto.com\/wp-content\/uploads\/2024\/11\/GEO9306.webp?fit=1200%2C1107&ssl=1&resize=525%2C300 1.5x, https:\/\/i0.wp.com\/www.supeinnihonto.com\/wp-content\/uploads\/2024\/11\/GEO9306.webp?fit=1200%2C1107&ssl=1&resize=700%2C400 2x, https:\/\/i0.wp.com\/www.supeinnihonto.com\/wp-content\/uploads\/2024\/11\/GEO9306.webp?fit=1200%2C1107&ssl=1&resize=1050%2C600 3x"},"classes":[]},{"id":12540,"url":"https:\/\/www.supeinnihonto.com\/de\/produkt\/no-maske-deikuro\/","url_meta":{"origin":12516,"position":2},"title":"N\u014d-Maske Deikur\u014d","author":"Eric Majo","date":"7 de November de 2024","format":false,"excerpt":"Geschnitzte Holzmaske aus dem N\u014d-Theater, signiert Seiun (\u9759\u96f2), Sh\u014dwa-Zeit. Hochwertige Schnitzarbeit. Darstellung von Deikur\u014d, einem mythologischen D\u00e4mon (Oni). N\u014d-Masken sind seit langem ein fester Bestandteil japanischer religi\u00f6ser Rituale, Feste und des Theaters. Sie stellen historische Figuren und Geister dar, die als kami bezeichnet werden und ihren Ursprung in den indigenen\u2026","rel":"","context":"\u00c4hnlicher Beitrag","block_context":{"text":"\u00c4hnlicher Beitrag","link":""},"img":{"alt_text":"Noh mask Deikuro","src":"https:\/\/i0.wp.com\/www.supeinnihonto.com\/wp-content\/uploads\/2024\/11\/GEO5972.webp?fit=1200%2C1147&ssl=1&resize=350%2C200","width":350,"height":200,"srcset":"https:\/\/i0.wp.com\/www.supeinnihonto.com\/wp-content\/uploads\/2024\/11\/GEO5972.webp?fit=1200%2C1147&ssl=1&resize=350%2C200 1x, https:\/\/i0.wp.com\/www.supeinnihonto.com\/wp-content\/uploads\/2024\/11\/GEO5972.webp?fit=1200%2C1147&ssl=1&resize=525%2C300 1.5x, https:\/\/i0.wp.com\/www.supeinnihonto.com\/wp-content\/uploads\/2024\/11\/GEO5972.webp?fit=1200%2C1147&ssl=1&resize=700%2C400 2x, https:\/\/i0.wp.com\/www.supeinnihonto.com\/wp-content\/uploads\/2024\/11\/GEO5972.webp?fit=1200%2C1147&ssl=1&resize=1050%2C600 3x"},"classes":[]},{"id":12768,"url":"https:\/\/www.supeinnihonto.com\/de\/produkt\/no-maske-yoroboshi\/","url_meta":{"origin":12516,"position":3},"title":"N\u014d-Maske Yoroboshi","author":"Eric Majo","date":"7 de November de 2024","format":false,"excerpt":"Geschnitzte Holzmaske aus dem N\u014d-Theater, Sh\u014dwa-Zeit. Signiert Seiun (\u9759\u96f2). Darstellung von Yoroboshi, einem blinden M\u00f6nch. N\u014d-Masken sind seit langem ein fester Bestandteil japanischer religi\u00f6ser Rituale, Feste und des Theaters. Sie stellen historische Figuren und Geister dar, die als kami bezeichnet werden und ihren Ursprung in den indigenen Glaubensvorstellungen Japans haben.\u2026","rel":"","context":"\u00c4hnlicher Beitrag","block_context":{"text":"\u00c4hnlicher Beitrag","link":""},"img":{"alt_text":"noh mask Yoroboshi","src":"https:\/\/i0.wp.com\/www.supeinnihonto.com\/wp-content\/uploads\/2024\/11\/GEO9320.jpg?fit=1200%2C799&ssl=1&resize=350%2C200","width":350,"height":200,"srcset":"https:\/\/i0.wp.com\/www.supeinnihonto.com\/wp-content\/uploads\/2024\/11\/GEO9320.jpg?fit=1200%2C799&ssl=1&resize=350%2C200 1x, https:\/\/i0.wp.com\/www.supeinnihonto.com\/wp-content\/uploads\/2024\/11\/GEO9320.jpg?fit=1200%2C799&ssl=1&resize=525%2C300 1.5x, https:\/\/i0.wp.com\/www.supeinnihonto.com\/wp-content\/uploads\/2024\/11\/GEO9320.jpg?fit=1200%2C799&ssl=1&resize=700%2C400 2x, https:\/\/i0.wp.com\/www.supeinnihonto.com\/wp-content\/uploads\/2024\/11\/GEO9320.jpg?fit=1200%2C799&ssl=1&resize=1050%2C600 3x"},"classes":[]},{"id":12568,"url":"https:\/\/www.supeinnihonto.com\/de\/produkt\/no-maske-ikazuchi\/","url_meta":{"origin":12516,"position":4},"title":"N\u014d-Maske Ikazuchi","author":"Eric Majo","date":"7 de November de 2024","format":false,"excerpt":"Geschnitzte Holzmaske aus dem N\u014d-Theater, Sh\u014dwa-Zeit. Signiert Seiun (\u9759\u96f2). Darstellung von Ikazuchi, einem Oni (D\u00e4mon). Fantastische und ungew\u00f6hnliche Farbgebung. N\u014d-Masken sind seit langem ein fester Bestandteil japanischer religi\u00f6ser Rituale, Feste und des Theaters. Sie stellen historische Figuren und Geister dar, die als kami bezeichnet werden und ihren Ursprung in den\u2026","rel":"","context":"\u00c4hnlicher Beitrag","block_context":{"text":"\u00c4hnlicher Beitrag","link":""},"img":{"alt_text":"Gesneden houten masker uit het N\u014d-theater, Sh\u014dwa-periode. Gesigneerd Seiun (\u9759\u96f2). Voorstelling van Ikazuchi, afgebeeld als een oni (demon).","src":"https:\/\/i0.wp.com\/www.supeinnihonto.com\/wp-content\/uploads\/2024\/11\/GEO9362.webp?fit=1200%2C980&ssl=1&resize=350%2C200","width":350,"height":200,"srcset":"https:\/\/i0.wp.com\/www.supeinnihonto.com\/wp-content\/uploads\/2024\/11\/GEO9362.webp?fit=1200%2C980&ssl=1&resize=350%2C200 1x, https:\/\/i0.wp.com\/www.supeinnihonto.com\/wp-content\/uploads\/2024\/11\/GEO9362.webp?fit=1200%2C980&ssl=1&resize=525%2C300 1.5x, https:\/\/i0.wp.com\/www.supeinnihonto.com\/wp-content\/uploads\/2024\/11\/GEO9362.webp?fit=1200%2C980&ssl=1&resize=700%2C400 2x, https:\/\/i0.wp.com\/www.supeinnihonto.com\/wp-content\/uploads\/2024\/11\/GEO9362.webp?fit=1200%2C980&ssl=1&resize=1050%2C600 3x"},"classes":[]},{"id":12524,"url":"https:\/\/www.supeinnihonto.com\/de\/produkt\/noh-mask-kumasaka\/","url_meta":{"origin":12516,"position":5},"title":"Noh mask kumasaka","author":"Eric Majo","date":"7 de November de 2024","format":false,"excerpt":"Geschnitzte Holzmaske aus dem N\u014d-Theater, signiert, Sh\u014dwa-Zeit. Sehr gute Reproduktion des Kumasaka von H\u014drai (\u5b9d\u6765). Hervorragende Farbgebung, Augen aus Messing. Dargestellt ist Kumasaka no Ch\u014dhan (\u718a\u5742\u9577\u7bc4), ein m\u00e4chtiger R\u00e4uber. Obwohl Gr\u00f6\u00dfe und Gesichtsz\u00fcge von Kumasaka einen starken Charakter zeigen, deutet die Maske zugleich eine komische Note an. Tiefe, seitlich verlaufende\u2026","rel":"","context":"\u00c4hnlicher Beitrag","block_context":{"text":"\u00c4hnlicher Beitrag","link":""},"img":{"alt_text":"Noh mask kumasaka","src":"https:\/\/i0.wp.com\/www.supeinnihonto.com\/wp-content\/uploads\/2024\/11\/GEO8641.webp?fit=1200%2C1078&ssl=1&resize=350%2C200","width":350,"height":200,"srcset":"https:\/\/i0.wp.com\/www.supeinnihonto.com\/wp-content\/uploads\/2024\/11\/GEO8641.webp?fit=1200%2C1078&ssl=1&resize=350%2C200 1x, https:\/\/i0.wp.com\/www.supeinnihonto.com\/wp-content\/uploads\/2024\/11\/GEO8641.webp?fit=1200%2C1078&ssl=1&resize=525%2C300 1.5x, https:\/\/i0.wp.com\/www.supeinnihonto.com\/wp-content\/uploads\/2024\/11\/GEO8641.webp?fit=1200%2C1078&ssl=1&resize=700%2C400 2x, https:\/\/i0.wp.com\/www.supeinnihonto.com\/wp-content\/uploads\/2024\/11\/GEO8641.webp?fit=1200%2C1078&ssl=1&resize=1050%2C600 3x"},"classes":[]}],"jetpack_sharing_enabled":true,"_links":{"self":[{"href":"https:\/\/www.supeinnihonto.com\/de\/wp-json\/wp\/v2\/product\/12516","targetHints":{"allow":["GET"]}}],"collection":[{"href":"https:\/\/www.supeinnihonto.com\/de\/wp-json\/wp\/v2\/product"}],"about":[{"href":"https:\/\/www.supeinnihonto.com\/de\/wp-json\/wp\/v2\/types\/product"}],"wp:featuredmedia":[{"embeddable":true,"href":"https:\/\/www.supeinnihonto.com\/de\/wp-json\/wp\/v2\/media\/38706"}],"wp:attachment":[{"href":"https:\/\/www.supeinnihonto.com\/de\/wp-json\/wp\/v2\/media?parent=12516"}],"wp:term":[{"taxonomy":"product_brand","embeddable":true,"href":"https:\/\/www.supeinnihonto.com\/de\/wp-json\/wp\/v2\/product_brand?post=12516"},{"taxonomy":"product_cat","embeddable":true,"href":"https:\/\/www.supeinnihonto.com\/de\/wp-json\/wp\/v2\/product_cat?post=12516"},{"taxonomy":"product_tag","embeddable":true,"href":"https:\/\/www.supeinnihonto.com\/de\/wp-json\/wp\/v2\/product_tag?post=12516"}],"curies":[{"name":"wp","href":"https:\/\/api.w.org\/{rel}","templated":true}]}}