{"id":12480,"date":"2024-11-07T11:03:15","date_gmt":"2024-11-07T11:03:15","guid":{"rendered":"https:\/\/www.supeinnihonto.com\/product\/netsuke-man-on-stump-wood\/"},"modified":"2025-12-20T18:59:16","modified_gmt":"2025-12-20T18:59:16","slug":"hoelzerner-netsuke-mit-der-darstellung-eines-mannes-auf-einem-baumstumpf","status":"publish","type":"product","link":"https:\/\/www.supeinnihonto.com\/de\/produkt\/hoelzerner-netsuke-mit-der-darstellung-eines-mannes-auf-einem-baumstumpf\/","title":{"rendered":"H\u00f6lzerner Netsuke mit der Darstellung eines Mannes auf einem Baumstumpf"},"content":{"rendered":"<p data-start=\"595\" data-end=\"621\"><strong data-start=\"595\" data-end=\"619\">Kostenloser Versand.<\/strong><\/p>\n<p data-start=\"623\" data-end=\"1055\">Wundersch\u00f6ner und \u00e4u\u00dferst detailreicher Netsuke mit der Darstellung eines Mannes auf einem Baumstumpf, signiert. Mit Elfenbeineinlagen. Die Schnitzqualit\u00e4t ist hervorragend und zeigt zahlreiche feine Details, wie die Elfenbeinbl\u00fcten als Symbol f\u00fcr das Austreiben des Baumes sowie die Maserung des Holzes, die kunstvoll zur Darstellung der Jahresringe genutzt wurde. Elfenbeinring-Einsatz in den Himotoshi. Ein spektakul\u00e4res St\u00fcck.<\/p>\n<p data-start=\"1057\" data-end=\"1073\">4,1 \u00d7 4 \u00d7 3,7 cm<\/p>\n","protected":false},"excerpt":{"rendered":"<p>Kostenloser Versand. Wundersch\u00f6ner und \u00e4u\u00dferst detailreicher Netsuke mit der Darstellung eines Mannes auf einem Baumstumpf, signiert. Mit Elfenbeineinlagen. Die Schnitzqualit\u00e4t ist hervorragend und zeigt zahlreiche feine Details, wie die Elfenbeinbl\u00fcten als Symbol f\u00fcr das Austreiben des Baumes sowie die Maserung des Holzes, die kunstvoll zur Darstellung der Jahresringe genutzt wurde. [&hellip;]<\/p>\n","protected":false},"featured_media":12481,"template":"","meta":{"jetpack_post_was_ever_published":false},"product_brand":[],"product_cat":[572],"product_tag":[684,654,656],"class_list":{"0":"post-12480","1":"product","2":"type-product","3":"status-publish","4":"has-post-thumbnail","6":"product_cat-netsuke","7":"product_tag-holz","8":"product_tag-netsuke","9":"product_tag-okimono","10":"product_shipping_class-light","12":"first","13":"instock","14":"featured","15":"sold-individually","16":"shipping-taxable","17":"purchasable","18":"product-type-simple"},"yoast_head":"<!-- This site is optimized with the Yoast SEO plugin v27.3 - https:\/\/yoast.com\/product\/yoast-seo-wordpress\/ -->\n<title>H\u00f6lzerner Netsuke mit der Darstellung eines Mannes auf einem Baumstumpf - Supein Nihonto<\/title>\n<meta name=\"description\" content=\"Wundersch\u00f6ner und detailreicher Netsuke mit der Darstellung eines Mannes auf einem Baumstumpf, signiert. Mit Elfenbeineinlagen. Hervorragende Schnitzqualit\u00e4t mit vielen feinen Details.\" \/>\n<meta name=\"robots\" content=\"index, follow, max-snippet:-1, max-image-preview:large, max-video-preview:-1\" \/>\n<link rel=\"canonical\" href=\"https:\/\/www.supeinnihonto.com\/de\/produkt\/hoelzerner-netsuke-mit-der-darstellung-eines-mannes-auf-einem-baumstumpf\/\" \/>\n<meta property=\"og:locale\" content=\"de_DE\" \/>\n<meta property=\"og:type\" content=\"article\" \/>\n<meta property=\"og:title\" content=\"H\u00f6lzerner Netsuke mit der Darstellung eines Mannes auf einem Baumstumpf - Supein Nihonto\" \/>\n<meta property=\"og:description\" content=\"Wundersch\u00f6ner und detailreicher Netsuke mit der Darstellung eines Mannes auf einem Baumstumpf, signiert. Mit Elfenbeineinlagen. Hervorragende Schnitzqualit\u00e4t mit vielen feinen Details.\" \/>\n<meta property=\"og:url\" content=\"https:\/\/www.supeinnihonto.com\/de\/produkt\/hoelzerner-netsuke-mit-der-darstellung-eines-mannes-auf-einem-baumstumpf\/\" \/>\n<meta property=\"og:site_name\" content=\"Supein Nihonto\" \/>\n<meta property=\"article:modified_time\" content=\"2025-12-20T18:59:16+00:00\" \/>\n<meta property=\"og:image\" content=\"https:\/\/www.supeinnihonto.com\/wp-content\/uploads\/2024\/11\/DSC2052-scaled.jpg\" \/>\n\t<meta property=\"og:image:width\" content=\"2560\" \/>\n\t<meta property=\"og:image:height\" content=\"1706\" \/>\n\t<meta property=\"og:image:type\" content=\"image\/jpeg\" \/>\n<meta name=\"twitter:card\" content=\"summary_large_image\" \/>\n<meta name=\"twitter:label1\" content=\"Gesch\u00e4tzte Lesezeit\" \/>\n\t<meta name=\"twitter:data1\" content=\"1\u00a0Minute\" \/>\n<script type=\"application\/ld+json\" class=\"yoast-schema-graph\">{\"@context\":\"https:\\\/\\\/schema.org\",\"@graph\":[{\"@type\":\"WebPage\",\"@id\":\"https:\\\/\\\/www.supeinnihonto.com\\\/de\\\/produkt\\\/hoelzerner-netsuke-mit-der-darstellung-eines-mannes-auf-einem-baumstumpf\\\/\",\"url\":\"https:\\\/\\\/www.supeinnihonto.com\\\/de\\\/produkt\\\/hoelzerner-netsuke-mit-der-darstellung-eines-mannes-auf-einem-baumstumpf\\\/\",\"name\":\"H\u00f6lzerner Netsuke mit der Darstellung eines Mannes auf einem Baumstumpf - Supein Nihonto\",\"isPartOf\":{\"@id\":\"https:\\\/\\\/www.supeinnihonto.com\\\/de\\\/#website\"},\"primaryImageOfPage\":{\"@id\":\"https:\\\/\\\/www.supeinnihonto.com\\\/de\\\/produkt\\\/hoelzerner-netsuke-mit-der-darstellung-eines-mannes-auf-einem-baumstumpf\\\/#primaryimage\"},\"image\":{\"@id\":\"https:\\\/\\\/www.supeinnihonto.com\\\/de\\\/produkt\\\/hoelzerner-netsuke-mit-der-darstellung-eines-mannes-auf-einem-baumstumpf\\\/#primaryimage\"},\"thumbnailUrl\":\"https:\\\/\\\/i0.wp.com\\\/www.supeinnihonto.com\\\/wp-content\\\/uploads\\\/2024\\\/11\\\/DSC2052-scaled.jpg?fit=2560%2C1706&ssl=1\",\"datePublished\":\"2024-11-07T11:03:15+00:00\",\"dateModified\":\"2025-12-20T18:59:16+00:00\",\"description\":\"Wundersch\u00f6ner und detailreicher Netsuke mit der Darstellung eines Mannes auf einem Baumstumpf, signiert. Mit Elfenbeineinlagen. Hervorragende Schnitzqualit\u00e4t mit vielen feinen Details.\",\"breadcrumb\":{\"@id\":\"https:\\\/\\\/www.supeinnihonto.com\\\/de\\\/produkt\\\/hoelzerner-netsuke-mit-der-darstellung-eines-mannes-auf-einem-baumstumpf\\\/#breadcrumb\"},\"inLanguage\":\"de\",\"potentialAction\":[{\"@type\":\"ReadAction\",\"target\":[\"https:\\\/\\\/www.supeinnihonto.com\\\/de\\\/produkt\\\/hoelzerner-netsuke-mit-der-darstellung-eines-mannes-auf-einem-baumstumpf\\\/\"]}]},{\"@type\":\"ImageObject\",\"inLanguage\":\"de\",\"@id\":\"https:\\\/\\\/www.supeinnihonto.com\\\/de\\\/produkt\\\/hoelzerner-netsuke-mit-der-darstellung-eines-mannes-auf-einem-baumstumpf\\\/#primaryimage\",\"url\":\"https:\\\/\\\/i0.wp.com\\\/www.supeinnihonto.com\\\/wp-content\\\/uploads\\\/2024\\\/11\\\/DSC2052-scaled.jpg?fit=2560%2C1706&ssl=1\",\"contentUrl\":\"https:\\\/\\\/i0.wp.com\\\/www.supeinnihonto.com\\\/wp-content\\\/uploads\\\/2024\\\/11\\\/DSC2052-scaled.jpg?fit=2560%2C1706&ssl=1\",\"width\":2560,\"height\":1706,\"caption\":\"Netsuke man on stump wood\"},{\"@type\":\"BreadcrumbList\",\"@id\":\"https:\\\/\\\/www.supeinnihonto.com\\\/de\\\/produkt\\\/hoelzerner-netsuke-mit-der-darstellung-eines-mannes-auf-einem-baumstumpf\\\/#breadcrumb\",\"itemListElement\":[{\"@type\":\"ListItem\",\"position\":1,\"name\":\"Portada\",\"item\":\"https:\\\/\\\/www.supeinnihonto.com\\\/de\\\/\"},{\"@type\":\"ListItem\",\"position\":2,\"name\":\"Shop\",\"item\":\"https:\\\/\\\/www.supeinnihonto.com\\\/de\\\/shop\\\/\"},{\"@type\":\"ListItem\",\"position\":3,\"name\":\"H\u00f6lzerner Netsuke mit der Darstellung eines Mannes auf einem Baumstumpf\"}]},{\"@type\":\"WebSite\",\"@id\":\"https:\\\/\\\/www.supeinnihonto.com\\\/de\\\/#website\",\"url\":\"https:\\\/\\\/www.supeinnihonto.com\\\/de\\\/\",\"name\":\"Supein Nihonto\",\"description\":\"Authentic japanese Nihonto katana \",\"publisher\":{\"@id\":\"https:\\\/\\\/www.supeinnihonto.com\\\/de\\\/#organization\"},\"potentialAction\":[{\"@type\":\"SearchAction\",\"target\":{\"@type\":\"EntryPoint\",\"urlTemplate\":\"https:\\\/\\\/www.supeinnihonto.com\\\/de\\\/?s={search_term_string}\"},\"query-input\":{\"@type\":\"PropertyValueSpecification\",\"valueRequired\":true,\"valueName\":\"search_term_string\"}}],\"inLanguage\":\"de\"},{\"@type\":\"Organization\",\"@id\":\"https:\\\/\\\/www.supeinnihonto.com\\\/de\\\/#organization\",\"name\":\"SupeinNihonto\",\"url\":\"https:\\\/\\\/www.supeinnihonto.com\\\/de\\\/\",\"logo\":{\"@type\":\"ImageObject\",\"inLanguage\":\"de\",\"@id\":\"https:\\\/\\\/www.supeinnihonto.com\\\/de\\\/#\\\/schema\\\/logo\\\/image\\\/\",\"url\":\"https:\\\/\\\/www.supeinnihonto.com\\\/wp-content\\\/uploads\\\/2021\\\/11\\\/animation_Default_3szk0jcenoloop.gif\",\"contentUrl\":\"https:\\\/\\\/www.supeinnihonto.com\\\/wp-content\\\/uploads\\\/2021\\\/11\\\/animation_Default_3szk0jcenoloop.gif\",\"width\":750,\"height\":641,\"caption\":\"SupeinNihonto\"},\"image\":{\"@id\":\"https:\\\/\\\/www.supeinnihonto.com\\\/de\\\/#\\\/schema\\\/logo\\\/image\\\/\"}}]}<\/script>\n<!-- \/ Yoast SEO plugin. -->","yoast_head_json":{"title":"H\u00f6lzerner Netsuke mit der Darstellung eines Mannes auf einem Baumstumpf - Supein Nihonto","description":"Wundersch\u00f6ner und detailreicher Netsuke mit der Darstellung eines Mannes auf einem Baumstumpf, signiert. Mit Elfenbeineinlagen. Hervorragende Schnitzqualit\u00e4t mit vielen feinen Details.","robots":{"index":"index","follow":"follow","max-snippet":"max-snippet:-1","max-image-preview":"max-image-preview:large","max-video-preview":"max-video-preview:-1"},"canonical":"https:\/\/www.supeinnihonto.com\/de\/produkt\/hoelzerner-netsuke-mit-der-darstellung-eines-mannes-auf-einem-baumstumpf\/","og_locale":"de_DE","og_type":"article","og_title":"H\u00f6lzerner Netsuke mit der Darstellung eines Mannes auf einem Baumstumpf - Supein Nihonto","og_description":"Wundersch\u00f6ner und detailreicher Netsuke mit der Darstellung eines Mannes auf einem Baumstumpf, signiert. Mit Elfenbeineinlagen. Hervorragende Schnitzqualit\u00e4t mit vielen feinen Details.","og_url":"https:\/\/www.supeinnihonto.com\/de\/produkt\/hoelzerner-netsuke-mit-der-darstellung-eines-mannes-auf-einem-baumstumpf\/","og_site_name":"Supein Nihonto","article_modified_time":"2025-12-20T18:59:16+00:00","og_image":[{"width":2560,"height":1706,"url":"https:\/\/www.supeinnihonto.com\/wp-content\/uploads\/2024\/11\/DSC2052-scaled.jpg","type":"image\/jpeg"}],"twitter_card":"summary_large_image","twitter_misc":{"Gesch\u00e4tzte Lesezeit":"1\u00a0Minute"},"schema":{"@context":"https:\/\/schema.org","@graph":[{"@type":"WebPage","@id":"https:\/\/www.supeinnihonto.com\/de\/produkt\/hoelzerner-netsuke-mit-der-darstellung-eines-mannes-auf-einem-baumstumpf\/","url":"https:\/\/www.supeinnihonto.com\/de\/produkt\/hoelzerner-netsuke-mit-der-darstellung-eines-mannes-auf-einem-baumstumpf\/","name":"H\u00f6lzerner Netsuke mit der Darstellung eines Mannes auf einem Baumstumpf - Supein Nihonto","isPartOf":{"@id":"https:\/\/www.supeinnihonto.com\/de\/#website"},"primaryImageOfPage":{"@id":"https:\/\/www.supeinnihonto.com\/de\/produkt\/hoelzerner-netsuke-mit-der-darstellung-eines-mannes-auf-einem-baumstumpf\/#primaryimage"},"image":{"@id":"https:\/\/www.supeinnihonto.com\/de\/produkt\/hoelzerner-netsuke-mit-der-darstellung-eines-mannes-auf-einem-baumstumpf\/#primaryimage"},"thumbnailUrl":"https:\/\/i0.wp.com\/www.supeinnihonto.com\/wp-content\/uploads\/2024\/11\/DSC2052-scaled.jpg?fit=2560%2C1706&ssl=1","datePublished":"2024-11-07T11:03:15+00:00","dateModified":"2025-12-20T18:59:16+00:00","description":"Wundersch\u00f6ner und detailreicher Netsuke mit der Darstellung eines Mannes auf einem Baumstumpf, signiert. Mit Elfenbeineinlagen. Hervorragende Schnitzqualit\u00e4t mit vielen feinen Details.","breadcrumb":{"@id":"https:\/\/www.supeinnihonto.com\/de\/produkt\/hoelzerner-netsuke-mit-der-darstellung-eines-mannes-auf-einem-baumstumpf\/#breadcrumb"},"inLanguage":"de","potentialAction":[{"@type":"ReadAction","target":["https:\/\/www.supeinnihonto.com\/de\/produkt\/hoelzerner-netsuke-mit-der-darstellung-eines-mannes-auf-einem-baumstumpf\/"]}]},{"@type":"ImageObject","inLanguage":"de","@id":"https:\/\/www.supeinnihonto.com\/de\/produkt\/hoelzerner-netsuke-mit-der-darstellung-eines-mannes-auf-einem-baumstumpf\/#primaryimage","url":"https:\/\/i0.wp.com\/www.supeinnihonto.com\/wp-content\/uploads\/2024\/11\/DSC2052-scaled.jpg?fit=2560%2C1706&ssl=1","contentUrl":"https:\/\/i0.wp.com\/www.supeinnihonto.com\/wp-content\/uploads\/2024\/11\/DSC2052-scaled.jpg?fit=2560%2C1706&ssl=1","width":2560,"height":1706,"caption":"Netsuke man on stump wood"},{"@type":"BreadcrumbList","@id":"https:\/\/www.supeinnihonto.com\/de\/produkt\/hoelzerner-netsuke-mit-der-darstellung-eines-mannes-auf-einem-baumstumpf\/#breadcrumb","itemListElement":[{"@type":"ListItem","position":1,"name":"Portada","item":"https:\/\/www.supeinnihonto.com\/de\/"},{"@type":"ListItem","position":2,"name":"Shop","item":"https:\/\/www.supeinnihonto.com\/de\/shop\/"},{"@type":"ListItem","position":3,"name":"H\u00f6lzerner Netsuke mit der Darstellung eines Mannes auf einem Baumstumpf"}]},{"@type":"WebSite","@id":"https:\/\/www.supeinnihonto.com\/de\/#website","url":"https:\/\/www.supeinnihonto.com\/de\/","name":"Supein Nihonto","description":"Authentic japanese Nihonto katana ","publisher":{"@id":"https:\/\/www.supeinnihonto.com\/de\/#organization"},"potentialAction":[{"@type":"SearchAction","target":{"@type":"EntryPoint","urlTemplate":"https:\/\/www.supeinnihonto.com\/de\/?s={search_term_string}"},"query-input":{"@type":"PropertyValueSpecification","valueRequired":true,"valueName":"search_term_string"}}],"inLanguage":"de"},{"@type":"Organization","@id":"https:\/\/www.supeinnihonto.com\/de\/#organization","name":"SupeinNihonto","url":"https:\/\/www.supeinnihonto.com\/de\/","logo":{"@type":"ImageObject","inLanguage":"de","@id":"https:\/\/www.supeinnihonto.com\/de\/#\/schema\/logo\/image\/","url":"https:\/\/www.supeinnihonto.com\/wp-content\/uploads\/2021\/11\/animation_Default_3szk0jcenoloop.gif","contentUrl":"https:\/\/www.supeinnihonto.com\/wp-content\/uploads\/2021\/11\/animation_Default_3szk0jcenoloop.gif","width":750,"height":641,"caption":"SupeinNihonto"},"image":{"@id":"https:\/\/www.supeinnihonto.com\/de\/#\/schema\/logo\/image\/"}}]}},"jetpack-related-posts":[{"id":14128,"url":"https:\/\/www.supeinnihonto.com\/de\/produkt\/netsuke-shishi-aus-elfenbein\/","url_meta":{"origin":12480,"position":0},"title":"Netsuke Shishi aus Elfenbein","author":"Supein Nihonto","date":"28 de Mai de 2024","format":false,"excerpt":"Kostenloser Versand. Wundersch\u00f6nes Netsuke mit der Darstellung eines Shishi auf einem Felsen in einer herausfordernden und zugleich verspielten Haltung. Gro\u00dfartiges St\u00fcck mit hervorragender Schnitzqualit\u00e4t. Besonders hervorzuheben sind die Haare sowie die Locken an Schwanz und M\u00e4hne. Mit einer Holzkugel zur Darstellung der Zunge. Am Sockel signiert. Meiji-Zeit, sp\u00e4tes 19. Jahrhundert.\u2026","rel":"","context":"\u00c4hnlicher Beitrag","block_context":{"text":"\u00c4hnlicher Beitrag","link":""},"img":{"alt_text":"Netsuke Shishi ivory","src":"https:\/\/i0.wp.com\/www.supeinnihonto.com\/wp-content\/uploads\/2024\/05\/DSC_4014-scaled.jpg?fit=1200%2C800&ssl=1&resize=350%2C200","width":350,"height":200,"srcset":"https:\/\/i0.wp.com\/www.supeinnihonto.com\/wp-content\/uploads\/2024\/05\/DSC_4014-scaled.jpg?fit=1200%2C800&ssl=1&resize=350%2C200 1x, https:\/\/i0.wp.com\/www.supeinnihonto.com\/wp-content\/uploads\/2024\/05\/DSC_4014-scaled.jpg?fit=1200%2C800&ssl=1&resize=525%2C300 1.5x, https:\/\/i0.wp.com\/www.supeinnihonto.com\/wp-content\/uploads\/2024\/05\/DSC_4014-scaled.jpg?fit=1200%2C800&ssl=1&resize=700%2C400 2x, https:\/\/i0.wp.com\/www.supeinnihonto.com\/wp-content\/uploads\/2024\/05\/DSC_4014-scaled.jpg?fit=1200%2C800&ssl=1&resize=1050%2C600 3x"},"classes":[]},{"id":14112,"url":"https:\/\/www.supeinnihonto.com\/de\/produkt\/netsuke-alter-mann-und-vogel-aus-elfenbein\/","url_meta":{"origin":12480,"position":1},"title":"Netsuke alter Mann und Vogel aus Elfenbein","author":"Supein Nihonto","date":"28 de Mai de 2024","format":false,"excerpt":"Kostenloser Versand. Wundersch\u00f6nes Netsuke mit der Darstellung eines alten Mannes, der einen auf seiner Hand sitzenden Vogel f\u00fcttert. Dieses Netsuke weist eine au\u00dfergew\u00f6hnliche Patina und eine hervorragende Schnitzqualit\u00e4t auf. Von traditionellem Charakter \u00fcberrascht diese Arbeit durch ihre Detailtreue und Ausdruckskraft. Ein St\u00fcck von sehr hoher Qualit\u00e4t. Meiji-Zeit, sp\u00e4tes 19. Jahrhundert.\u2026","rel":"","context":"\u00c4hnlicher Beitrag","block_context":{"text":"\u00c4hnlicher Beitrag","link":""},"img":{"alt_text":"Netsuke Elder and bird ivory","src":"https:\/\/i0.wp.com\/www.supeinnihonto.com\/wp-content\/uploads\/2024\/05\/DSC_4025-scaled.jpg?fit=1200%2C800&ssl=1&resize=350%2C200","width":350,"height":200,"srcset":"https:\/\/i0.wp.com\/www.supeinnihonto.com\/wp-content\/uploads\/2024\/05\/DSC_4025-scaled.jpg?fit=1200%2C800&ssl=1&resize=350%2C200 1x, https:\/\/i0.wp.com\/www.supeinnihonto.com\/wp-content\/uploads\/2024\/05\/DSC_4025-scaled.jpg?fit=1200%2C800&ssl=1&resize=525%2C300 1.5x, https:\/\/i0.wp.com\/www.supeinnihonto.com\/wp-content\/uploads\/2024\/05\/DSC_4025-scaled.jpg?fit=1200%2C800&ssl=1&resize=700%2C400 2x, https:\/\/i0.wp.com\/www.supeinnihonto.com\/wp-content\/uploads\/2024\/05\/DSC_4025-scaled.jpg?fit=1200%2C800&ssl=1&resize=1050%2C600 3x"},"classes":[]},{"id":14789,"url":"https:\/\/www.supeinnihonto.com\/de\/produkt\/inro-aus-rotem-lack-mit-pferd\/","url_meta":{"origin":12480,"position":2},"title":"Inro aus rotem Lack mit Pferd","author":"Supein Nihonto","date":"9 de Mai de 2024","format":false,"excerpt":"Objekt: Gro\u00dfartiges Inro, lackiert mit rotem Urushi-Lack, mit einer Maki-e-Darstellung auf jeder Seite, ein Pferd auf der einen und ein Ochse auf der anderen. Signiert \u201eJ\u014dsen saku\u201c \u5e38\u5ddd\u4f5c, rotes Siegel: Seisan \u6e05\u4e09. Das Etui ist in f\u00fcnf Teile unterteilt und verf\u00fcgt \u00fcber vier F\u00e4cher. Zudem besitzt es ein wundersch\u00f6n geschnitztes\u2026","rel":"","context":"\u00c4hnlicher Beitrag","block_context":{"text":"\u00c4hnlicher Beitrag","link":""},"img":{"alt_text":"Inro Red lacquer horse","src":"https:\/\/i0.wp.com\/www.supeinnihonto.com\/wp-content\/uploads\/2024\/05\/DSC_3560-scaled.jpg?fit=800%2C1200&ssl=1&resize=350%2C200","width":350,"height":200,"srcset":"https:\/\/i0.wp.com\/www.supeinnihonto.com\/wp-content\/uploads\/2024\/05\/DSC_3560-scaled.jpg?fit=800%2C1200&ssl=1&resize=350%2C200 1x, https:\/\/i0.wp.com\/www.supeinnihonto.com\/wp-content\/uploads\/2024\/05\/DSC_3560-scaled.jpg?fit=800%2C1200&ssl=1&resize=525%2C300 1.5x, https:\/\/i0.wp.com\/www.supeinnihonto.com\/wp-content\/uploads\/2024\/05\/DSC_3560-scaled.jpg?fit=800%2C1200&ssl=1&resize=700%2C400 2x"},"classes":[]},{"id":12462,"url":"https:\/\/www.supeinnihonto.com\/de\/produkt\/hoelzerner-netsuke-mit-einem-ruhenden-hund\/","url_meta":{"origin":12480,"position":3},"title":"H\u00f6lzerner Netsuke mit einem ruhenden Hund","author":"Eric Majo","date":"7 de November de 2024","format":false,"excerpt":"Kostenloser Versand. Niedlicher und humorvoller Netsuke mit der Darstellung eines auf einer Matte ruhenden Hundes, an der Basis signiert. Augen aus schwarzem Horn eingesetzt. Sch\u00f6ne Patina und warme Holzfarbe. Zweite H\u00e4lfte des 19. Jahrhunderts. 4,2 \u00d7 4,2 \u00d7 3 cm","rel":"","context":"\u00c4hnlicher Beitrag","block_context":{"text":"\u00c4hnlicher Beitrag","link":""},"img":{"alt_text":"dog wood","src":"https:\/\/i0.wp.com\/www.supeinnihonto.com\/wp-content\/uploads\/2024\/11\/DSC2098-scaled.jpg?fit=1200%2C800&ssl=1&resize=350%2C200","width":350,"height":200,"srcset":"https:\/\/i0.wp.com\/www.supeinnihonto.com\/wp-content\/uploads\/2024\/11\/DSC2098-scaled.jpg?fit=1200%2C800&ssl=1&resize=350%2C200 1x, https:\/\/i0.wp.com\/www.supeinnihonto.com\/wp-content\/uploads\/2024\/11\/DSC2098-scaled.jpg?fit=1200%2C800&ssl=1&resize=525%2C300 1.5x, https:\/\/i0.wp.com\/www.supeinnihonto.com\/wp-content\/uploads\/2024\/11\/DSC2098-scaled.jpg?fit=1200%2C800&ssl=1&resize=700%2C400 2x, https:\/\/i0.wp.com\/www.supeinnihonto.com\/wp-content\/uploads\/2024\/11\/DSC2098-scaled.jpg?fit=1200%2C800&ssl=1&resize=1050%2C600 3x"},"classes":[]},{"id":14136,"url":"https:\/\/www.supeinnihonto.com\/de\/produkt\/netsuke-alter-mann-und-hund-aus-elfenbein\/","url_meta":{"origin":12480,"position":4},"title":"Netsuke alter Mann und Hund aus Elfenbein","author":"Supein Nihonto","date":"28 de Mai de 2024","format":false,"excerpt":"Kostenloser Versand. Sch\u00f6nes Netsuke mit der Darstellung eines alten Mannes, der in entspannter Haltung mit seinem Hund spazieren geht. Das Gesicht des alten Mannes ist fein geschnitzt. Meiji-Zeit, sp\u00e4tes 19. Jahrhundert. Wird mit Gutachten und CITES-Dokument geliefert. 6,5 x 2,5 x 2,2 cm","rel":"","context":"\u00c4hnlicher Beitrag","block_context":{"text":"\u00c4hnlicher Beitrag","link":""},"img":{"alt_text":"Netsuke elder and dog ivory","src":"https:\/\/i0.wp.com\/www.supeinnihonto.com\/wp-content\/uploads\/2024\/05\/DSC_4009-scaled.jpg?fit=1200%2C800&ssl=1&resize=350%2C200","width":350,"height":200,"srcset":"https:\/\/i0.wp.com\/www.supeinnihonto.com\/wp-content\/uploads\/2024\/05\/DSC_4009-scaled.jpg?fit=1200%2C800&ssl=1&resize=350%2C200 1x, https:\/\/i0.wp.com\/www.supeinnihonto.com\/wp-content\/uploads\/2024\/05\/DSC_4009-scaled.jpg?fit=1200%2C800&ssl=1&resize=525%2C300 1.5x, https:\/\/i0.wp.com\/www.supeinnihonto.com\/wp-content\/uploads\/2024\/05\/DSC_4009-scaled.jpg?fit=1200%2C800&ssl=1&resize=700%2C400 2x, https:\/\/i0.wp.com\/www.supeinnihonto.com\/wp-content\/uploads\/2024\/05\/DSC_4009-scaled.jpg?fit=1200%2C800&ssl=1&resize=1050%2C600 3x"},"classes":[]},{"id":13315,"url":"https:\/\/www.supeinnihonto.com\/de\/produkt\/okimono-festliche-maenner-aus-elfenbein\/","url_meta":{"origin":12480,"position":5},"title":"Okimono festliche M\u00e4nner aus Elfenbein","author":"Supein Nihonto","date":"28 de Mai de 2024","format":false,"excerpt":"Kostenloser Versand. Okimono mit einer traditionellen Darstellung mehrerer M\u00e4nner, die ein Matsuri-Fest feiern. Einige tragen Mochi und eine Trinkkalebasse, w\u00e4hrend Teller auf dem Boden liegen. Sowohl der Sockel als auch die gesamte Schnitzarbeit sind fein ausgef\u00fchrt und sehr detailreich \u2013 ein hervorragendes Werk. Der Sockel ist vom K\u00fcnstler signiert. 19.\u2026","rel":"","context":"\u00c4hnlicher Beitrag","block_context":{"text":"\u00c4hnlicher Beitrag","link":""},"img":{"alt_text":"Okimono festivity men ivory","src":"https:\/\/i0.wp.com\/www.supeinnihonto.com\/wp-content\/uploads\/2024\/05\/DSC_4053-scaled.jpg?fit=1200%2C800&ssl=1&resize=350%2C200","width":350,"height":200,"srcset":"https:\/\/i0.wp.com\/www.supeinnihonto.com\/wp-content\/uploads\/2024\/05\/DSC_4053-scaled.jpg?fit=1200%2C800&ssl=1&resize=350%2C200 1x, https:\/\/i0.wp.com\/www.supeinnihonto.com\/wp-content\/uploads\/2024\/05\/DSC_4053-scaled.jpg?fit=1200%2C800&ssl=1&resize=525%2C300 1.5x, https:\/\/i0.wp.com\/www.supeinnihonto.com\/wp-content\/uploads\/2024\/05\/DSC_4053-scaled.jpg?fit=1200%2C800&ssl=1&resize=700%2C400 2x, https:\/\/i0.wp.com\/www.supeinnihonto.com\/wp-content\/uploads\/2024\/05\/DSC_4053-scaled.jpg?fit=1200%2C800&ssl=1&resize=1050%2C600 3x"},"classes":[]}],"jetpack_sharing_enabled":true,"_links":{"self":[{"href":"https:\/\/www.supeinnihonto.com\/de\/wp-json\/wp\/v2\/product\/12480","targetHints":{"allow":["GET"]}}],"collection":[{"href":"https:\/\/www.supeinnihonto.com\/de\/wp-json\/wp\/v2\/product"}],"about":[{"href":"https:\/\/www.supeinnihonto.com\/de\/wp-json\/wp\/v2\/types\/product"}],"wp:featuredmedia":[{"embeddable":true,"href":"https:\/\/www.supeinnihonto.com\/de\/wp-json\/wp\/v2\/media\/12481"}],"wp:attachment":[{"href":"https:\/\/www.supeinnihonto.com\/de\/wp-json\/wp\/v2\/media?parent=12480"}],"wp:term":[{"taxonomy":"product_brand","embeddable":true,"href":"https:\/\/www.supeinnihonto.com\/de\/wp-json\/wp\/v2\/product_brand?post=12480"},{"taxonomy":"product_cat","embeddable":true,"href":"https:\/\/www.supeinnihonto.com\/de\/wp-json\/wp\/v2\/product_cat?post=12480"},{"taxonomy":"product_tag","embeddable":true,"href":"https:\/\/www.supeinnihonto.com\/de\/wp-json\/wp\/v2\/product_tag?post=12480"}],"curies":[{"name":"wp","href":"https:\/\/api.w.org\/{rel}","templated":true}]}}