{"id":12472,"date":"2024-11-07T12:10:26","date_gmt":"2024-11-07T12:10:26","guid":{"rendered":"https:\/\/www.supeinnihonto.com\/product\/netsuke-toad-shigetada-wood\/"},"modified":"2025-12-20T18:39:25","modified_gmt":"2025-12-20T18:39:25","slug":"kroeten-netsuke-aus-holz-shigetada","status":"publish","type":"product","link":"https:\/\/www.supeinnihonto.com\/de\/produkt\/kroeten-netsuke-aus-holz-shigetada\/","title":{"rendered":"Kr\u00f6ten-Netsuke aus Holz, Shigetada"},"content":{"rendered":"<p data-start=\"642\" data-end=\"668\"><strong data-start=\"642\" data-end=\"666\">Kostenloser Versand.<\/strong><\/p>\n<p data-start=\"670\" data-end=\"1156\">Wundersch\u00f6ner und ausdrucksstarker Netsuke aus Holz, signiert von <em data-start=\"736\" data-end=\"747\">Shigetada<\/em>, Provinz Iwashiro, 19. Jahrhundert. Die Kr\u00f6te ist aufmerksam stehend dargestellt, ihr knorriger K\u00f6rper sehr charakteristisch geschnitzt, mit doppelt eingelegten Augen; auf der Unterseite mit <em data-start=\"939\" data-end=\"950\">Shigetada<\/em> signiert. Ein fantastisches St\u00fcck. Ein vergleichbares Exemplar wurde 2023 beim Auktionshaus Bonhams f\u00fcr 5.300 Euro verkauft (Bild beigef\u00fcgt) \u2013 eine hervorragende Gelegenheit, ein Meisterwerk zu erwerben.<\/p>\n","protected":false},"excerpt":{"rendered":"<p>Kostenloser Versand. Wundersch\u00f6ner und ausdrucksstarker Netsuke aus Holz, signiert von Shigetada, Provinz Iwashiro, 19. Jahrhundert. Die Kr\u00f6te ist aufmerksam stehend dargestellt, ihr knorriger K\u00f6rper sehr charakteristisch geschnitzt, mit doppelt eingelegten Augen; auf der Unterseite mit Shigetada signiert. Ein fantastisches St\u00fcck. Ein vergleichbares Exemplar wurde 2023 beim Auktionshaus Bonhams f\u00fcr 5.300 [&hellip;]<\/p>\n","protected":false},"featured_media":12473,"template":"","meta":{"jetpack_post_was_ever_published":false},"product_brand":[],"product_cat":[572],"product_tag":[684,654,656],"class_list":{"0":"post-12472","1":"product","2":"type-product","3":"status-publish","4":"has-post-thumbnail","6":"product_cat-netsuke","7":"product_tag-holz","8":"product_tag-netsuke","9":"product_tag-okimono","10":"product_shipping_class-light","12":"first","13":"instock","14":"featured","15":"sold-individually","16":"shipping-taxable","17":"purchasable","18":"product-type-simple"},"yoast_head":"<!-- This site is optimized with the Yoast SEO plugin v27.3 - https:\/\/yoast.com\/product\/yoast-seo-wordpress\/ -->\n<title>Kr\u00f6ten-Netsuke aus Holz, Shigetada - Supein Nihonto<\/title>\n<meta name=\"description\" content=\"Wundersch\u00f6ner und reizvoller Netsuke aus Holz, signiert von Shigetada, Provinz Iwashiro, 19. Jahrhundert. Die Kr\u00f6te ist aufmerksam stehend dargestellt, ihr knorriger K\u00f6rper sehr charaktervoll geschnitzt.\" \/>\n<meta name=\"robots\" content=\"index, follow, max-snippet:-1, max-image-preview:large, max-video-preview:-1\" \/>\n<link rel=\"canonical\" href=\"https:\/\/www.supeinnihonto.com\/de\/produkt\/kroeten-netsuke-aus-holz-shigetada\/\" \/>\n<meta property=\"og:locale\" content=\"de_DE\" \/>\n<meta property=\"og:type\" content=\"article\" \/>\n<meta property=\"og:title\" content=\"Kr\u00f6ten-Netsuke aus Holz, Shigetada - Supein Nihonto\" \/>\n<meta property=\"og:description\" content=\"Wundersch\u00f6ner und reizvoller Netsuke aus Holz, signiert von Shigetada, Provinz Iwashiro, 19. Jahrhundert. Die Kr\u00f6te ist aufmerksam stehend dargestellt, ihr knorriger K\u00f6rper sehr charaktervoll geschnitzt.\" \/>\n<meta property=\"og:url\" content=\"https:\/\/www.supeinnihonto.com\/de\/produkt\/kroeten-netsuke-aus-holz-shigetada\/\" \/>\n<meta property=\"og:site_name\" content=\"Supein Nihonto\" \/>\n<meta property=\"article:modified_time\" content=\"2025-12-20T18:39:25+00:00\" \/>\n<meta property=\"og:image\" content=\"https:\/\/www.supeinnihonto.com\/wp-content\/uploads\/2024\/11\/DSC2069-scaled.jpg\" \/>\n\t<meta property=\"og:image:width\" content=\"2560\" \/>\n\t<meta property=\"og:image:height\" content=\"1707\" \/>\n\t<meta property=\"og:image:type\" content=\"image\/jpeg\" \/>\n<meta name=\"twitter:card\" content=\"summary_large_image\" \/>\n<meta name=\"twitter:label1\" content=\"Gesch\u00e4tzte Lesezeit\" \/>\n\t<meta name=\"twitter:data1\" content=\"1\u00a0Minute\" \/>\n<script type=\"application\/ld+json\" class=\"yoast-schema-graph\">{\"@context\":\"https:\\\/\\\/schema.org\",\"@graph\":[{\"@type\":\"WebPage\",\"@id\":\"https:\\\/\\\/www.supeinnihonto.com\\\/de\\\/produkt\\\/kroeten-netsuke-aus-holz-shigetada\\\/\",\"url\":\"https:\\\/\\\/www.supeinnihonto.com\\\/de\\\/produkt\\\/kroeten-netsuke-aus-holz-shigetada\\\/\",\"name\":\"Kr\u00f6ten-Netsuke aus Holz, Shigetada - Supein Nihonto\",\"isPartOf\":{\"@id\":\"https:\\\/\\\/www.supeinnihonto.com\\\/de\\\/#website\"},\"primaryImageOfPage\":{\"@id\":\"https:\\\/\\\/www.supeinnihonto.com\\\/de\\\/produkt\\\/kroeten-netsuke-aus-holz-shigetada\\\/#primaryimage\"},\"image\":{\"@id\":\"https:\\\/\\\/www.supeinnihonto.com\\\/de\\\/produkt\\\/kroeten-netsuke-aus-holz-shigetada\\\/#primaryimage\"},\"thumbnailUrl\":\"https:\\\/\\\/i0.wp.com\\\/www.supeinnihonto.com\\\/wp-content\\\/uploads\\\/2024\\\/11\\\/DSC2069-scaled.jpg?fit=2560%2C1707&ssl=1\",\"datePublished\":\"2024-11-07T12:10:26+00:00\",\"dateModified\":\"2025-12-20T18:39:25+00:00\",\"description\":\"Wundersch\u00f6ner und reizvoller Netsuke aus Holz, signiert von Shigetada, Provinz Iwashiro, 19. Jahrhundert. Die Kr\u00f6te ist aufmerksam stehend dargestellt, ihr knorriger K\u00f6rper sehr charaktervoll geschnitzt.\",\"breadcrumb\":{\"@id\":\"https:\\\/\\\/www.supeinnihonto.com\\\/de\\\/produkt\\\/kroeten-netsuke-aus-holz-shigetada\\\/#breadcrumb\"},\"inLanguage\":\"de\",\"potentialAction\":[{\"@type\":\"ReadAction\",\"target\":[\"https:\\\/\\\/www.supeinnihonto.com\\\/de\\\/produkt\\\/kroeten-netsuke-aus-holz-shigetada\\\/\"]}]},{\"@type\":\"ImageObject\",\"inLanguage\":\"de\",\"@id\":\"https:\\\/\\\/www.supeinnihonto.com\\\/de\\\/produkt\\\/kroeten-netsuke-aus-holz-shigetada\\\/#primaryimage\",\"url\":\"https:\\\/\\\/i0.wp.com\\\/www.supeinnihonto.com\\\/wp-content\\\/uploads\\\/2024\\\/11\\\/DSC2069-scaled.jpg?fit=2560%2C1707&ssl=1\",\"contentUrl\":\"https:\\\/\\\/i0.wp.com\\\/www.supeinnihonto.com\\\/wp-content\\\/uploads\\\/2024\\\/11\\\/DSC2069-scaled.jpg?fit=2560%2C1707&ssl=1\",\"width\":2560,\"height\":1707,\"caption\":\"toad Shigetada wood\"},{\"@type\":\"BreadcrumbList\",\"@id\":\"https:\\\/\\\/www.supeinnihonto.com\\\/de\\\/produkt\\\/kroeten-netsuke-aus-holz-shigetada\\\/#breadcrumb\",\"itemListElement\":[{\"@type\":\"ListItem\",\"position\":1,\"name\":\"Portada\",\"item\":\"https:\\\/\\\/www.supeinnihonto.com\\\/de\\\/\"},{\"@type\":\"ListItem\",\"position\":2,\"name\":\"Shop\",\"item\":\"https:\\\/\\\/www.supeinnihonto.com\\\/de\\\/shop\\\/\"},{\"@type\":\"ListItem\",\"position\":3,\"name\":\"Kr\u00f6ten-Netsuke aus Holz, Shigetada\"}]},{\"@type\":\"WebSite\",\"@id\":\"https:\\\/\\\/www.supeinnihonto.com\\\/de\\\/#website\",\"url\":\"https:\\\/\\\/www.supeinnihonto.com\\\/de\\\/\",\"name\":\"Supein Nihonto\",\"description\":\"Authentic japanese Nihonto katana \",\"publisher\":{\"@id\":\"https:\\\/\\\/www.supeinnihonto.com\\\/de\\\/#organization\"},\"potentialAction\":[{\"@type\":\"SearchAction\",\"target\":{\"@type\":\"EntryPoint\",\"urlTemplate\":\"https:\\\/\\\/www.supeinnihonto.com\\\/de\\\/?s={search_term_string}\"},\"query-input\":{\"@type\":\"PropertyValueSpecification\",\"valueRequired\":true,\"valueName\":\"search_term_string\"}}],\"inLanguage\":\"de\"},{\"@type\":\"Organization\",\"@id\":\"https:\\\/\\\/www.supeinnihonto.com\\\/de\\\/#organization\",\"name\":\"SupeinNihonto\",\"url\":\"https:\\\/\\\/www.supeinnihonto.com\\\/de\\\/\",\"logo\":{\"@type\":\"ImageObject\",\"inLanguage\":\"de\",\"@id\":\"https:\\\/\\\/www.supeinnihonto.com\\\/de\\\/#\\\/schema\\\/logo\\\/image\\\/\",\"url\":\"https:\\\/\\\/www.supeinnihonto.com\\\/wp-content\\\/uploads\\\/2021\\\/11\\\/animation_Default_3szk0jcenoloop.gif\",\"contentUrl\":\"https:\\\/\\\/www.supeinnihonto.com\\\/wp-content\\\/uploads\\\/2021\\\/11\\\/animation_Default_3szk0jcenoloop.gif\",\"width\":750,\"height\":641,\"caption\":\"SupeinNihonto\"},\"image\":{\"@id\":\"https:\\\/\\\/www.supeinnihonto.com\\\/de\\\/#\\\/schema\\\/logo\\\/image\\\/\"}}]}<\/script>\n<!-- \/ Yoast SEO plugin. -->","yoast_head_json":{"title":"Kr\u00f6ten-Netsuke aus Holz, Shigetada - Supein Nihonto","description":"Wundersch\u00f6ner und reizvoller Netsuke aus Holz, signiert von Shigetada, Provinz Iwashiro, 19. Jahrhundert. Die Kr\u00f6te ist aufmerksam stehend dargestellt, ihr knorriger K\u00f6rper sehr charaktervoll geschnitzt.","robots":{"index":"index","follow":"follow","max-snippet":"max-snippet:-1","max-image-preview":"max-image-preview:large","max-video-preview":"max-video-preview:-1"},"canonical":"https:\/\/www.supeinnihonto.com\/de\/produkt\/kroeten-netsuke-aus-holz-shigetada\/","og_locale":"de_DE","og_type":"article","og_title":"Kr\u00f6ten-Netsuke aus Holz, Shigetada - Supein Nihonto","og_description":"Wundersch\u00f6ner und reizvoller Netsuke aus Holz, signiert von Shigetada, Provinz Iwashiro, 19. Jahrhundert. Die Kr\u00f6te ist aufmerksam stehend dargestellt, ihr knorriger K\u00f6rper sehr charaktervoll geschnitzt.","og_url":"https:\/\/www.supeinnihonto.com\/de\/produkt\/kroeten-netsuke-aus-holz-shigetada\/","og_site_name":"Supein Nihonto","article_modified_time":"2025-12-20T18:39:25+00:00","og_image":[{"width":2560,"height":1707,"url":"https:\/\/www.supeinnihonto.com\/wp-content\/uploads\/2024\/11\/DSC2069-scaled.jpg","type":"image\/jpeg"}],"twitter_card":"summary_large_image","twitter_misc":{"Gesch\u00e4tzte Lesezeit":"1\u00a0Minute"},"schema":{"@context":"https:\/\/schema.org","@graph":[{"@type":"WebPage","@id":"https:\/\/www.supeinnihonto.com\/de\/produkt\/kroeten-netsuke-aus-holz-shigetada\/","url":"https:\/\/www.supeinnihonto.com\/de\/produkt\/kroeten-netsuke-aus-holz-shigetada\/","name":"Kr\u00f6ten-Netsuke aus Holz, Shigetada - Supein Nihonto","isPartOf":{"@id":"https:\/\/www.supeinnihonto.com\/de\/#website"},"primaryImageOfPage":{"@id":"https:\/\/www.supeinnihonto.com\/de\/produkt\/kroeten-netsuke-aus-holz-shigetada\/#primaryimage"},"image":{"@id":"https:\/\/www.supeinnihonto.com\/de\/produkt\/kroeten-netsuke-aus-holz-shigetada\/#primaryimage"},"thumbnailUrl":"https:\/\/i0.wp.com\/www.supeinnihonto.com\/wp-content\/uploads\/2024\/11\/DSC2069-scaled.jpg?fit=2560%2C1707&ssl=1","datePublished":"2024-11-07T12:10:26+00:00","dateModified":"2025-12-20T18:39:25+00:00","description":"Wundersch\u00f6ner und reizvoller Netsuke aus Holz, signiert von Shigetada, Provinz Iwashiro, 19. Jahrhundert. Die Kr\u00f6te ist aufmerksam stehend dargestellt, ihr knorriger K\u00f6rper sehr charaktervoll geschnitzt.","breadcrumb":{"@id":"https:\/\/www.supeinnihonto.com\/de\/produkt\/kroeten-netsuke-aus-holz-shigetada\/#breadcrumb"},"inLanguage":"de","potentialAction":[{"@type":"ReadAction","target":["https:\/\/www.supeinnihonto.com\/de\/produkt\/kroeten-netsuke-aus-holz-shigetada\/"]}]},{"@type":"ImageObject","inLanguage":"de","@id":"https:\/\/www.supeinnihonto.com\/de\/produkt\/kroeten-netsuke-aus-holz-shigetada\/#primaryimage","url":"https:\/\/i0.wp.com\/www.supeinnihonto.com\/wp-content\/uploads\/2024\/11\/DSC2069-scaled.jpg?fit=2560%2C1707&ssl=1","contentUrl":"https:\/\/i0.wp.com\/www.supeinnihonto.com\/wp-content\/uploads\/2024\/11\/DSC2069-scaled.jpg?fit=2560%2C1707&ssl=1","width":2560,"height":1707,"caption":"toad Shigetada wood"},{"@type":"BreadcrumbList","@id":"https:\/\/www.supeinnihonto.com\/de\/produkt\/kroeten-netsuke-aus-holz-shigetada\/#breadcrumb","itemListElement":[{"@type":"ListItem","position":1,"name":"Portada","item":"https:\/\/www.supeinnihonto.com\/de\/"},{"@type":"ListItem","position":2,"name":"Shop","item":"https:\/\/www.supeinnihonto.com\/de\/shop\/"},{"@type":"ListItem","position":3,"name":"Kr\u00f6ten-Netsuke aus Holz, Shigetada"}]},{"@type":"WebSite","@id":"https:\/\/www.supeinnihonto.com\/de\/#website","url":"https:\/\/www.supeinnihonto.com\/de\/","name":"Supein Nihonto","description":"Authentic japanese Nihonto katana ","publisher":{"@id":"https:\/\/www.supeinnihonto.com\/de\/#organization"},"potentialAction":[{"@type":"SearchAction","target":{"@type":"EntryPoint","urlTemplate":"https:\/\/www.supeinnihonto.com\/de\/?s={search_term_string}"},"query-input":{"@type":"PropertyValueSpecification","valueRequired":true,"valueName":"search_term_string"}}],"inLanguage":"de"},{"@type":"Organization","@id":"https:\/\/www.supeinnihonto.com\/de\/#organization","name":"SupeinNihonto","url":"https:\/\/www.supeinnihonto.com\/de\/","logo":{"@type":"ImageObject","inLanguage":"de","@id":"https:\/\/www.supeinnihonto.com\/de\/#\/schema\/logo\/image\/","url":"https:\/\/www.supeinnihonto.com\/wp-content\/uploads\/2021\/11\/animation_Default_3szk0jcenoloop.gif","contentUrl":"https:\/\/www.supeinnihonto.com\/wp-content\/uploads\/2021\/11\/animation_Default_3szk0jcenoloop.gif","width":750,"height":641,"caption":"SupeinNihonto"},"image":{"@id":"https:\/\/www.supeinnihonto.com\/de\/#\/schema\/logo\/image\/"}}]}},"jetpack-related-posts":[],"jetpack_sharing_enabled":true,"_links":{"self":[{"href":"https:\/\/www.supeinnihonto.com\/de\/wp-json\/wp\/v2\/product\/12472","targetHints":{"allow":["GET"]}}],"collection":[{"href":"https:\/\/www.supeinnihonto.com\/de\/wp-json\/wp\/v2\/product"}],"about":[{"href":"https:\/\/www.supeinnihonto.com\/de\/wp-json\/wp\/v2\/types\/product"}],"wp:featuredmedia":[{"embeddable":true,"href":"https:\/\/www.supeinnihonto.com\/de\/wp-json\/wp\/v2\/media\/12473"}],"wp:attachment":[{"href":"https:\/\/www.supeinnihonto.com\/de\/wp-json\/wp\/v2\/media?parent=12472"}],"wp:term":[{"taxonomy":"product_brand","embeddable":true,"href":"https:\/\/www.supeinnihonto.com\/de\/wp-json\/wp\/v2\/product_brand?post=12472"},{"taxonomy":"product_cat","embeddable":true,"href":"https:\/\/www.supeinnihonto.com\/de\/wp-json\/wp\/v2\/product_cat?post=12472"},{"taxonomy":"product_tag","embeddable":true,"href":"https:\/\/www.supeinnihonto.com\/de\/wp-json\/wp\/v2\/product_tag?post=12472"}],"curies":[{"name":"wp","href":"https:\/\/api.w.org\/{rel}","templated":true}]}}