{"id":12444,"date":"2024-11-07T17:27:59","date_gmt":"2024-11-07T17:27:59","guid":{"rendered":"https:\/\/www.supeinnihonto.com\/product\/netsuke-toad-shigetada-wood-2\/"},"modified":"2025-12-20T18:00:19","modified_gmt":"2025-12-20T18:00:19","slug":"kroeten-netsuke-aus-holz-shigetada-ii","status":"publish","type":"product","link":"https:\/\/www.supeinnihonto.com\/de\/produkt\/kroeten-netsuke-aus-holz-shigetada-ii\/","title":{"rendered":"Kr\u00f6ten-Netsuke aus Holz, Shigetada II"},"content":{"rendered":"<p data-start=\"605\" data-end=\"627\"><strong>Kostenloser Versand.<\/strong><\/p>\n<p data-start=\"629\" data-end=\"1104\">Wundersch\u00f6ner und ausdrucksstarker Netsuke aus Holz, signiert von Shigetada, Provinz Iwashiro, 19. Jahrhundert. Die Kr\u00f6te ist aufmerksam stehend dargestellt, ihr knorriger K\u00f6rper auf sehr charakteristische Weise geschnitzt; auf der Unterseite mit der Signatur Shigetada versehen. Ein fantastisches St\u00fcck. Ein vergleichbares Exemplar wurde 2023 beim Auktionshaus Bonhams f\u00fcr 5.300 Euro verkauft (Bild beigef\u00fcgt) \u2013 eine hervorragende Gelegenheit, ein Meisterwerk zu erwerben.<\/p>\n<p data-start=\"1106\" data-end=\"1124\">5,5 \u00d7 4,5 \u00d7 3,5 cm<\/p>\n","protected":false},"excerpt":{"rendered":"<p>Kostenloser Versand. Wundersch\u00f6ner und ausdrucksstarker Netsuke aus Holz, signiert von Shigetada, Provinz Iwashiro, 19. Jahrhundert. Die Kr\u00f6te ist aufmerksam stehend dargestellt, ihr knorriger K\u00f6rper auf sehr charakteristische Weise geschnitzt; auf der Unterseite mit der Signatur Shigetada versehen. Ein fantastisches St\u00fcck. Ein vergleichbares Exemplar wurde 2023 beim Auktionshaus Bonhams f\u00fcr 5.300 [&hellip;]<\/p>\n","protected":false},"featured_media":12445,"template":"","meta":{"jetpack_post_was_ever_published":false},"product_brand":[],"product_cat":[572],"product_tag":[684,654,656],"class_list":{"0":"post-12444","1":"product","2":"type-product","3":"status-publish","4":"has-post-thumbnail","6":"product_cat-netsuke","7":"product_tag-holz","8":"product_tag-netsuke","9":"product_tag-okimono","10":"product_shipping_class-light","12":"first","13":"instock","14":"featured","15":"sold-individually","16":"shipping-taxable","17":"purchasable","18":"product-type-simple"},"yoast_head":"<!-- This site is optimized with the Yoast SEO plugin v27.4 - https:\/\/yoast.com\/product\/yoast-seo-wordpress\/ -->\n<title>Kr\u00f6ten-Netsuke aus Holz, Shigetada II - Supein Nihonto<\/title>\n<meta name=\"description\" content=\"Wundersch\u00f6ner und reizvoller Netsuke aus Holz, signiert von Shigetada, Provinz Iwashiro, 19. Jahrhundert. Die Kr\u00f6te ist aufmerksam stehend dargestellt, ihr knorriger K\u00f6rper sehr charaktervoll geschnitzt.\" \/>\n<meta name=\"robots\" content=\"index, follow, max-snippet:-1, max-image-preview:large, max-video-preview:-1\" \/>\n<link rel=\"canonical\" href=\"https:\/\/www.supeinnihonto.com\/de\/produkt\/kroeten-netsuke-aus-holz-shigetada-ii\/\" \/>\n<meta property=\"og:locale\" content=\"de_DE\" \/>\n<meta property=\"og:type\" content=\"article\" \/>\n<meta property=\"og:title\" content=\"Kr\u00f6ten-Netsuke aus Holz, Shigetada II - Supein Nihonto\" \/>\n<meta property=\"og:description\" content=\"Wundersch\u00f6ner und reizvoller Netsuke aus Holz, signiert von Shigetada, Provinz Iwashiro, 19. Jahrhundert. Die Kr\u00f6te ist aufmerksam stehend dargestellt, ihr knorriger K\u00f6rper sehr charaktervoll geschnitzt.\" \/>\n<meta property=\"og:url\" content=\"https:\/\/www.supeinnihonto.com\/de\/produkt\/kroeten-netsuke-aus-holz-shigetada-ii\/\" \/>\n<meta property=\"og:site_name\" content=\"Supein Nihonto\" \/>\n<meta property=\"article:modified_time\" content=\"2025-12-20T18:00:19+00:00\" \/>\n<meta property=\"og:image\" content=\"https:\/\/www.supeinnihonto.com\/wp-content\/uploads\/2024\/11\/DSC2116-scaled.jpg\" \/>\n\t<meta property=\"og:image:width\" content=\"2560\" \/>\n\t<meta property=\"og:image:height\" content=\"1707\" \/>\n\t<meta property=\"og:image:type\" content=\"image\/jpeg\" \/>\n<meta name=\"twitter:card\" content=\"summary_large_image\" \/>\n<meta name=\"twitter:label1\" content=\"Gesch\u00e4tzte Lesezeit\" \/>\n\t<meta name=\"twitter:data1\" content=\"1\u00a0Minute\" \/>\n<script type=\"application\/ld+json\" class=\"yoast-schema-graph\">{\"@context\":\"https:\\\/\\\/schema.org\",\"@graph\":[{\"@type\":\"WebPage\",\"@id\":\"https:\\\/\\\/www.supeinnihonto.com\\\/de\\\/produkt\\\/kroeten-netsuke-aus-holz-shigetada-ii\\\/\",\"url\":\"https:\\\/\\\/www.supeinnihonto.com\\\/de\\\/produkt\\\/kroeten-netsuke-aus-holz-shigetada-ii\\\/\",\"name\":\"Kr\u00f6ten-Netsuke aus Holz, Shigetada II - Supein Nihonto\",\"isPartOf\":{\"@id\":\"https:\\\/\\\/www.supeinnihonto.com\\\/de\\\/#website\"},\"primaryImageOfPage\":{\"@id\":\"https:\\\/\\\/www.supeinnihonto.com\\\/de\\\/produkt\\\/kroeten-netsuke-aus-holz-shigetada-ii\\\/#primaryimage\"},\"image\":{\"@id\":\"https:\\\/\\\/www.supeinnihonto.com\\\/de\\\/produkt\\\/kroeten-netsuke-aus-holz-shigetada-ii\\\/#primaryimage\"},\"thumbnailUrl\":\"https:\\\/\\\/i0.wp.com\\\/www.supeinnihonto.com\\\/wp-content\\\/uploads\\\/2024\\\/11\\\/DSC2116-scaled.jpg?fit=2560%2C1707&ssl=1\",\"datePublished\":\"2024-11-07T17:27:59+00:00\",\"dateModified\":\"2025-12-20T18:00:19+00:00\",\"description\":\"Wundersch\u00f6ner und reizvoller Netsuke aus Holz, signiert von Shigetada, Provinz Iwashiro, 19. Jahrhundert. Die Kr\u00f6te ist aufmerksam stehend dargestellt, ihr knorriger K\u00f6rper sehr charaktervoll geschnitzt.\",\"breadcrumb\":{\"@id\":\"https:\\\/\\\/www.supeinnihonto.com\\\/de\\\/produkt\\\/kroeten-netsuke-aus-holz-shigetada-ii\\\/#breadcrumb\"},\"inLanguage\":\"de\",\"potentialAction\":[{\"@type\":\"ReadAction\",\"target\":[\"https:\\\/\\\/www.supeinnihonto.com\\\/de\\\/produkt\\\/kroeten-netsuke-aus-holz-shigetada-ii\\\/\"]}]},{\"@type\":\"ImageObject\",\"inLanguage\":\"de\",\"@id\":\"https:\\\/\\\/www.supeinnihonto.com\\\/de\\\/produkt\\\/kroeten-netsuke-aus-holz-shigetada-ii\\\/#primaryimage\",\"url\":\"https:\\\/\\\/i0.wp.com\\\/www.supeinnihonto.com\\\/wp-content\\\/uploads\\\/2024\\\/11\\\/DSC2116-scaled.jpg?fit=2560%2C1707&ssl=1\",\"contentUrl\":\"https:\\\/\\\/i0.wp.com\\\/www.supeinnihonto.com\\\/wp-content\\\/uploads\\\/2024\\\/11\\\/DSC2116-scaled.jpg?fit=2560%2C1707&ssl=1\",\"width\":2560,\"height\":1707,\"caption\":\"toad Shigetada wood II\"},{\"@type\":\"BreadcrumbList\",\"@id\":\"https:\\\/\\\/www.supeinnihonto.com\\\/de\\\/produkt\\\/kroeten-netsuke-aus-holz-shigetada-ii\\\/#breadcrumb\",\"itemListElement\":[{\"@type\":\"ListItem\",\"position\":1,\"name\":\"Portada\",\"item\":\"https:\\\/\\\/www.supeinnihonto.com\\\/de\\\/\"},{\"@type\":\"ListItem\",\"position\":2,\"name\":\"Shop\",\"item\":\"https:\\\/\\\/www.supeinnihonto.com\\\/de\\\/shop\\\/\"},{\"@type\":\"ListItem\",\"position\":3,\"name\":\"Kr\u00f6ten-Netsuke aus Holz, Shigetada II\"}]},{\"@type\":\"WebSite\",\"@id\":\"https:\\\/\\\/www.supeinnihonto.com\\\/de\\\/#website\",\"url\":\"https:\\\/\\\/www.supeinnihonto.com\\\/de\\\/\",\"name\":\"Supein Nihonto\",\"description\":\"Authentic japanese Nihonto katana \",\"publisher\":{\"@id\":\"https:\\\/\\\/www.supeinnihonto.com\\\/de\\\/#organization\"},\"potentialAction\":[{\"@type\":\"SearchAction\",\"target\":{\"@type\":\"EntryPoint\",\"urlTemplate\":\"https:\\\/\\\/www.supeinnihonto.com\\\/de\\\/?s={search_term_string}\"},\"query-input\":{\"@type\":\"PropertyValueSpecification\",\"valueRequired\":true,\"valueName\":\"search_term_string\"}}],\"inLanguage\":\"de\"},{\"@type\":\"Organization\",\"@id\":\"https:\\\/\\\/www.supeinnihonto.com\\\/de\\\/#organization\",\"name\":\"SupeinNihonto\",\"url\":\"https:\\\/\\\/www.supeinnihonto.com\\\/de\\\/\",\"logo\":{\"@type\":\"ImageObject\",\"inLanguage\":\"de\",\"@id\":\"https:\\\/\\\/www.supeinnihonto.com\\\/de\\\/#\\\/schema\\\/logo\\\/image\\\/\",\"url\":\"https:\\\/\\\/www.supeinnihonto.com\\\/wp-content\\\/uploads\\\/2021\\\/11\\\/animation_Default_3szk0jcenoloop.gif\",\"contentUrl\":\"https:\\\/\\\/www.supeinnihonto.com\\\/wp-content\\\/uploads\\\/2021\\\/11\\\/animation_Default_3szk0jcenoloop.gif\",\"width\":750,\"height\":641,\"caption\":\"SupeinNihonto\"},\"image\":{\"@id\":\"https:\\\/\\\/www.supeinnihonto.com\\\/de\\\/#\\\/schema\\\/logo\\\/image\\\/\"}}]}<\/script>\n<!-- \/ Yoast SEO plugin. -->","yoast_head_json":{"title":"Kr\u00f6ten-Netsuke aus Holz, Shigetada II - Supein Nihonto","description":"Wundersch\u00f6ner und reizvoller Netsuke aus Holz, signiert von Shigetada, Provinz Iwashiro, 19. Jahrhundert. Die Kr\u00f6te ist aufmerksam stehend dargestellt, ihr knorriger K\u00f6rper sehr charaktervoll geschnitzt.","robots":{"index":"index","follow":"follow","max-snippet":"max-snippet:-1","max-image-preview":"max-image-preview:large","max-video-preview":"max-video-preview:-1"},"canonical":"https:\/\/www.supeinnihonto.com\/de\/produkt\/kroeten-netsuke-aus-holz-shigetada-ii\/","og_locale":"de_DE","og_type":"article","og_title":"Kr\u00f6ten-Netsuke aus Holz, Shigetada II - Supein Nihonto","og_description":"Wundersch\u00f6ner und reizvoller Netsuke aus Holz, signiert von Shigetada, Provinz Iwashiro, 19. Jahrhundert. Die Kr\u00f6te ist aufmerksam stehend dargestellt, ihr knorriger K\u00f6rper sehr charaktervoll geschnitzt.","og_url":"https:\/\/www.supeinnihonto.com\/de\/produkt\/kroeten-netsuke-aus-holz-shigetada-ii\/","og_site_name":"Supein Nihonto","article_modified_time":"2025-12-20T18:00:19+00:00","og_image":[{"width":2560,"height":1707,"url":"https:\/\/www.supeinnihonto.com\/wp-content\/uploads\/2024\/11\/DSC2116-scaled.jpg","type":"image\/jpeg"}],"twitter_card":"summary_large_image","twitter_misc":{"Gesch\u00e4tzte Lesezeit":"1\u00a0Minute"},"schema":{"@context":"https:\/\/schema.org","@graph":[{"@type":"WebPage","@id":"https:\/\/www.supeinnihonto.com\/de\/produkt\/kroeten-netsuke-aus-holz-shigetada-ii\/","url":"https:\/\/www.supeinnihonto.com\/de\/produkt\/kroeten-netsuke-aus-holz-shigetada-ii\/","name":"Kr\u00f6ten-Netsuke aus Holz, Shigetada II - Supein Nihonto","isPartOf":{"@id":"https:\/\/www.supeinnihonto.com\/de\/#website"},"primaryImageOfPage":{"@id":"https:\/\/www.supeinnihonto.com\/de\/produkt\/kroeten-netsuke-aus-holz-shigetada-ii\/#primaryimage"},"image":{"@id":"https:\/\/www.supeinnihonto.com\/de\/produkt\/kroeten-netsuke-aus-holz-shigetada-ii\/#primaryimage"},"thumbnailUrl":"https:\/\/i0.wp.com\/www.supeinnihonto.com\/wp-content\/uploads\/2024\/11\/DSC2116-scaled.jpg?fit=2560%2C1707&ssl=1","datePublished":"2024-11-07T17:27:59+00:00","dateModified":"2025-12-20T18:00:19+00:00","description":"Wundersch\u00f6ner und reizvoller Netsuke aus Holz, signiert von Shigetada, Provinz Iwashiro, 19. Jahrhundert. Die Kr\u00f6te ist aufmerksam stehend dargestellt, ihr knorriger K\u00f6rper sehr charaktervoll geschnitzt.","breadcrumb":{"@id":"https:\/\/www.supeinnihonto.com\/de\/produkt\/kroeten-netsuke-aus-holz-shigetada-ii\/#breadcrumb"},"inLanguage":"de","potentialAction":[{"@type":"ReadAction","target":["https:\/\/www.supeinnihonto.com\/de\/produkt\/kroeten-netsuke-aus-holz-shigetada-ii\/"]}]},{"@type":"ImageObject","inLanguage":"de","@id":"https:\/\/www.supeinnihonto.com\/de\/produkt\/kroeten-netsuke-aus-holz-shigetada-ii\/#primaryimage","url":"https:\/\/i0.wp.com\/www.supeinnihonto.com\/wp-content\/uploads\/2024\/11\/DSC2116-scaled.jpg?fit=2560%2C1707&ssl=1","contentUrl":"https:\/\/i0.wp.com\/www.supeinnihonto.com\/wp-content\/uploads\/2024\/11\/DSC2116-scaled.jpg?fit=2560%2C1707&ssl=1","width":2560,"height":1707,"caption":"toad Shigetada wood II"},{"@type":"BreadcrumbList","@id":"https:\/\/www.supeinnihonto.com\/de\/produkt\/kroeten-netsuke-aus-holz-shigetada-ii\/#breadcrumb","itemListElement":[{"@type":"ListItem","position":1,"name":"Portada","item":"https:\/\/www.supeinnihonto.com\/de\/"},{"@type":"ListItem","position":2,"name":"Shop","item":"https:\/\/www.supeinnihonto.com\/de\/shop\/"},{"@type":"ListItem","position":3,"name":"Kr\u00f6ten-Netsuke aus Holz, Shigetada II"}]},{"@type":"WebSite","@id":"https:\/\/www.supeinnihonto.com\/de\/#website","url":"https:\/\/www.supeinnihonto.com\/de\/","name":"Supein Nihonto","description":"Authentic japanese Nihonto katana ","publisher":{"@id":"https:\/\/www.supeinnihonto.com\/de\/#organization"},"potentialAction":[{"@type":"SearchAction","target":{"@type":"EntryPoint","urlTemplate":"https:\/\/www.supeinnihonto.com\/de\/?s={search_term_string}"},"query-input":{"@type":"PropertyValueSpecification","valueRequired":true,"valueName":"search_term_string"}}],"inLanguage":"de"},{"@type":"Organization","@id":"https:\/\/www.supeinnihonto.com\/de\/#organization","name":"SupeinNihonto","url":"https:\/\/www.supeinnihonto.com\/de\/","logo":{"@type":"ImageObject","inLanguage":"de","@id":"https:\/\/www.supeinnihonto.com\/de\/#\/schema\/logo\/image\/","url":"https:\/\/www.supeinnihonto.com\/wp-content\/uploads\/2021\/11\/animation_Default_3szk0jcenoloop.gif","contentUrl":"https:\/\/www.supeinnihonto.com\/wp-content\/uploads\/2021\/11\/animation_Default_3szk0jcenoloop.gif","width":750,"height":641,"caption":"SupeinNihonto"},"image":{"@id":"https:\/\/www.supeinnihonto.com\/de\/#\/schema\/logo\/image\/"}}]}},"jetpack-related-posts":[{"id":12472,"url":"https:\/\/www.supeinnihonto.com\/de\/produkt\/kroeten-netsuke-aus-holz-shigetada\/","url_meta":{"origin":12444,"position":0},"title":"Kr\u00f6ten-Netsuke aus Holz, Shigetada","author":"Eric Majo","date":"7 de November de 2024","format":false,"excerpt":"Kostenloser Versand. Wundersch\u00f6ner und ausdrucksstarker Netsuke aus Holz, signiert von Shigetada, Provinz Iwashiro, 19. Jahrhundert. Die Kr\u00f6te ist aufmerksam stehend dargestellt, ihr knorriger K\u00f6rper sehr charakteristisch geschnitzt, mit doppelt eingelegten Augen; auf der Unterseite mit Shigetada signiert. Ein fantastisches St\u00fcck. Ein vergleichbares Exemplar wurde 2023 beim Auktionshaus Bonhams f\u00fcr 5.300\u2026","rel":"","context":"\u00c4hnlicher Beitrag","block_context":{"text":"\u00c4hnlicher Beitrag","link":""},"img":{"alt_text":"toad Shigetada wood","src":"https:\/\/i0.wp.com\/www.supeinnihonto.com\/wp-content\/uploads\/2024\/11\/DSC2069-scaled.jpg?fit=1200%2C800&ssl=1&resize=350%2C200","width":350,"height":200,"srcset":"https:\/\/i0.wp.com\/www.supeinnihonto.com\/wp-content\/uploads\/2024\/11\/DSC2069-scaled.jpg?fit=1200%2C800&ssl=1&resize=350%2C200 1x, https:\/\/i0.wp.com\/www.supeinnihonto.com\/wp-content\/uploads\/2024\/11\/DSC2069-scaled.jpg?fit=1200%2C800&ssl=1&resize=525%2C300 1.5x, https:\/\/i0.wp.com\/www.supeinnihonto.com\/wp-content\/uploads\/2024\/11\/DSC2069-scaled.jpg?fit=1200%2C800&ssl=1&resize=700%2C400 2x, https:\/\/i0.wp.com\/www.supeinnihonto.com\/wp-content\/uploads\/2024\/11\/DSC2069-scaled.jpg?fit=1200%2C800&ssl=1&resize=1050%2C600 3x"},"classes":[]},{"id":14193,"url":"https:\/\/www.supeinnihonto.com\/de\/produkt\/netsuke-sennin-mit-kroete-aus-holz\/","url_meta":{"origin":12444,"position":1},"title":"Netsuke Sennin mit Kr\u00f6te aus Holz","author":"Supein Nihonto","date":"27 de Mai de 2024","format":false,"excerpt":"Kostenloser Versand. Geschnitztes Holz-Netsuke mit Darstellung des stehenden Gama Sennin, der eine Kr\u00f6te auf seiner rechten Schulter tr\u00e4gt und sich mit der linken Hand auf einen Stab st\u00fctzt. Edo-Zeit. 7,7 x 2,6 x 2,4 cm","rel":"","context":"\u00c4hnlicher Beitrag","block_context":{"text":"\u00c4hnlicher Beitrag","link":""},"img":{"alt_text":"Netsuke sennin toad wood","src":"https:\/\/i0.wp.com\/www.supeinnihonto.com\/wp-content\/uploads\/2024\/05\/DSC_3971-scaled.jpg?fit=1200%2C800&ssl=1&resize=350%2C200","width":350,"height":200,"srcset":"https:\/\/i0.wp.com\/www.supeinnihonto.com\/wp-content\/uploads\/2024\/05\/DSC_3971-scaled.jpg?fit=1200%2C800&ssl=1&resize=350%2C200 1x, https:\/\/i0.wp.com\/www.supeinnihonto.com\/wp-content\/uploads\/2024\/05\/DSC_3971-scaled.jpg?fit=1200%2C800&ssl=1&resize=525%2C300 1.5x, https:\/\/i0.wp.com\/www.supeinnihonto.com\/wp-content\/uploads\/2024\/05\/DSC_3971-scaled.jpg?fit=1200%2C800&ssl=1&resize=700%2C400 2x, https:\/\/i0.wp.com\/www.supeinnihonto.com\/wp-content\/uploads\/2024\/05\/DSC_3971-scaled.jpg?fit=1200%2C800&ssl=1&resize=1050%2C600 3x"},"classes":[]},{"id":12480,"url":"https:\/\/www.supeinnihonto.com\/de\/produkt\/hoelzerner-netsuke-mit-der-darstellung-eines-mannes-auf-einem-baumstumpf\/","url_meta":{"origin":12444,"position":2},"title":"H\u00f6lzerner Netsuke mit der Darstellung eines Mannes auf einem Baumstumpf","author":"Eric Majo","date":"7 de November de 2024","format":false,"excerpt":"Kostenloser Versand. Wundersch\u00f6ner und \u00e4u\u00dferst detailreicher Netsuke mit der Darstellung eines Mannes auf einem Baumstumpf, signiert. Mit Elfenbeineinlagen. Die Schnitzqualit\u00e4t ist hervorragend und zeigt zahlreiche feine Details, wie die Elfenbeinbl\u00fcten als Symbol f\u00fcr das Austreiben des Baumes sowie die Maserung des Holzes, die kunstvoll zur Darstellung der Jahresringe genutzt wurde.\u2026","rel":"","context":"\u00c4hnlicher Beitrag","block_context":{"text":"\u00c4hnlicher Beitrag","link":""},"img":{"alt_text":"Netsuke man on stump wood","src":"https:\/\/i0.wp.com\/www.supeinnihonto.com\/wp-content\/uploads\/2024\/11\/DSC2052-scaled.jpg?fit=1200%2C800&ssl=1&resize=350%2C200","width":350,"height":200,"srcset":"https:\/\/i0.wp.com\/www.supeinnihonto.com\/wp-content\/uploads\/2024\/11\/DSC2052-scaled.jpg?fit=1200%2C800&ssl=1&resize=350%2C200 1x, https:\/\/i0.wp.com\/www.supeinnihonto.com\/wp-content\/uploads\/2024\/11\/DSC2052-scaled.jpg?fit=1200%2C800&ssl=1&resize=525%2C300 1.5x, https:\/\/i0.wp.com\/www.supeinnihonto.com\/wp-content\/uploads\/2024\/11\/DSC2052-scaled.jpg?fit=1200%2C800&ssl=1&resize=700%2C400 2x, https:\/\/i0.wp.com\/www.supeinnihonto.com\/wp-content\/uploads\/2024\/11\/DSC2052-scaled.jpg?fit=1200%2C800&ssl=1&resize=1050%2C600 3x"},"classes":[]},{"id":12708,"url":"https:\/\/www.supeinnihonto.com\/de\/produkt\/netsuke-resting-man-wood\/","url_meta":{"origin":12444,"position":3},"title":"Netsuke ruhender Mann aus Holz","author":"Eric Majo","date":"5 de November de 2024","format":false,"excerpt":"Kostenloser Versand. Sch\u00f6nes und ungew\u00f6hnliches Netsuke eines Mannes, der auf einem Tatami ruht. Er tr\u00e4gt eine Kama auf dem R\u00fccken, am G\u00fcrtel befestigt. Sch\u00f6ne Patina und Abnutzung durch jahrhundertelangen Gebrauch. Edo-Zeit, 18. Jahrhundert. 4,5 x 4 x 2,8 cm","rel":"","context":"\u00c4hnlicher Beitrag","block_context":{"text":"\u00c4hnlicher Beitrag","link":""},"img":{"alt_text":"netsuke man floor","src":"https:\/\/i0.wp.com\/www.supeinnihonto.com\/wp-content\/uploads\/2024\/11\/DSC1528-scaled.jpg?fit=1200%2C810&ssl=1&resize=350%2C200","width":350,"height":200,"srcset":"https:\/\/i0.wp.com\/www.supeinnihonto.com\/wp-content\/uploads\/2024\/11\/DSC1528-scaled.jpg?fit=1200%2C810&ssl=1&resize=350%2C200 1x, https:\/\/i0.wp.com\/www.supeinnihonto.com\/wp-content\/uploads\/2024\/11\/DSC1528-scaled.jpg?fit=1200%2C810&ssl=1&resize=525%2C300 1.5x, https:\/\/i0.wp.com\/www.supeinnihonto.com\/wp-content\/uploads\/2024\/11\/DSC1528-scaled.jpg?fit=1200%2C810&ssl=1&resize=700%2C400 2x, https:\/\/i0.wp.com\/www.supeinnihonto.com\/wp-content\/uploads\/2024\/11\/DSC1528-scaled.jpg?fit=1200%2C810&ssl=1&resize=1050%2C600 3x"},"classes":[]},{"id":14261,"url":"https:\/\/www.supeinnihonto.com\/de\/produkt\/netsuke-shishi-ii-aus-holz\/","url_meta":{"origin":12444,"position":4},"title":"Netsuke Shishi II aus Holz","author":"Supein Nihonto","date":"27 de Mai de 2024","format":false,"excerpt":"Kostenloser Versand. Netsuke Shishi II aus Holz. Sch\u00f6ner Shishi-Hund aus Holz aus der Edo-Zeit. Der Shishi ist ein mythologisches Tier, das einer Mischung aus Hund und L\u00f6we \u00e4hnelt und ein Symbol des Schutzes ist; er wird h\u00e4ufig an den Eing\u00e4ngen von Tempeln dargestellt. Sch\u00f6ne Patina und Himotoshi. Signiert. 5,2 x\u2026","rel":"","context":"\u00c4hnlicher Beitrag","block_context":{"text":"\u00c4hnlicher Beitrag","link":""},"img":{"alt_text":"Netsuke Shishi wood II","src":"https:\/\/i0.wp.com\/www.supeinnihonto.com\/wp-content\/uploads\/2024\/05\/DSC_3925-scaled.jpg?fit=1200%2C800&ssl=1&resize=350%2C200","width":350,"height":200,"srcset":"https:\/\/i0.wp.com\/www.supeinnihonto.com\/wp-content\/uploads\/2024\/05\/DSC_3925-scaled.jpg?fit=1200%2C800&ssl=1&resize=350%2C200 1x, https:\/\/i0.wp.com\/www.supeinnihonto.com\/wp-content\/uploads\/2024\/05\/DSC_3925-scaled.jpg?fit=1200%2C800&ssl=1&resize=525%2C300 1.5x, https:\/\/i0.wp.com\/www.supeinnihonto.com\/wp-content\/uploads\/2024\/05\/DSC_3925-scaled.jpg?fit=1200%2C800&ssl=1&resize=700%2C400 2x, https:\/\/i0.wp.com\/www.supeinnihonto.com\/wp-content\/uploads\/2024\/05\/DSC_3925-scaled.jpg?fit=1200%2C800&ssl=1&resize=1050%2C600 3x"},"classes":[]},{"id":14217,"url":"https:\/\/www.supeinnihonto.com\/de\/produkt\/netsuke-shishi-iii-aus-holz\/","url_meta":{"origin":12444,"position":5},"title":"Netsuke Shishi III aus Holz","author":"Supein Nihonto","date":"27 de Mai de 2024","format":false,"excerpt":"Kostenloser Versand. Wundersch\u00f6nes Shishi-Netsuke aus fein geschnitztem Holz. Dieses Netsuke ist recht selten, da es nicht den klassischen, kleineren und gedrungeneren Shishi darstellt, sondern eher die Form eines Tigers oder L\u00f6wen aufweist, was m\u00f6glicherweise auf diese Interpretation hindeutet. Sehr sch\u00f6ne Patina und breite, klassische Himotoshi zur Befestigung der Schnur, typisch\u2026","rel":"","context":"\u00c4hnlicher Beitrag","block_context":{"text":"\u00c4hnlicher Beitrag","link":""},"img":{"alt_text":"Netsuke Shishi III wood","src":"https:\/\/i0.wp.com\/www.supeinnihonto.com\/wp-content\/uploads\/2024\/05\/DSC_3956-scaled.jpg?fit=1200%2C800&ssl=1&resize=350%2C200","width":350,"height":200,"srcset":"https:\/\/i0.wp.com\/www.supeinnihonto.com\/wp-content\/uploads\/2024\/05\/DSC_3956-scaled.jpg?fit=1200%2C800&ssl=1&resize=350%2C200 1x, https:\/\/i0.wp.com\/www.supeinnihonto.com\/wp-content\/uploads\/2024\/05\/DSC_3956-scaled.jpg?fit=1200%2C800&ssl=1&resize=525%2C300 1.5x, https:\/\/i0.wp.com\/www.supeinnihonto.com\/wp-content\/uploads\/2024\/05\/DSC_3956-scaled.jpg?fit=1200%2C800&ssl=1&resize=700%2C400 2x, https:\/\/i0.wp.com\/www.supeinnihonto.com\/wp-content\/uploads\/2024\/05\/DSC_3956-scaled.jpg?fit=1200%2C800&ssl=1&resize=1050%2C600 3x"},"classes":[]}],"jetpack_sharing_enabled":true,"_links":{"self":[{"href":"https:\/\/www.supeinnihonto.com\/de\/wp-json\/wp\/v2\/product\/12444","targetHints":{"allow":["GET"]}}],"collection":[{"href":"https:\/\/www.supeinnihonto.com\/de\/wp-json\/wp\/v2\/product"}],"about":[{"href":"https:\/\/www.supeinnihonto.com\/de\/wp-json\/wp\/v2\/types\/product"}],"wp:featuredmedia":[{"embeddable":true,"href":"https:\/\/www.supeinnihonto.com\/de\/wp-json\/wp\/v2\/media\/12445"}],"wp:attachment":[{"href":"https:\/\/www.supeinnihonto.com\/de\/wp-json\/wp\/v2\/media?parent=12444"}],"wp:term":[{"taxonomy":"product_brand","embeddable":true,"href":"https:\/\/www.supeinnihonto.com\/de\/wp-json\/wp\/v2\/product_brand?post=12444"},{"taxonomy":"product_cat","embeddable":true,"href":"https:\/\/www.supeinnihonto.com\/de\/wp-json\/wp\/v2\/product_cat?post=12444"},{"taxonomy":"product_tag","embeddable":true,"href":"https:\/\/www.supeinnihonto.com\/de\/wp-json\/wp\/v2\/product_tag?post=12444"}],"curies":[{"name":"wp","href":"https:\/\/api.w.org\/{rel}","templated":true}]}}