{"id":12228,"date":"2024-12-20T11:58:02","date_gmt":"2024-12-20T11:58:02","guid":{"rendered":"https:\/\/www.supeinnihonto.com\/product\/nihonto-katana-higo-koshirae\/"},"modified":"2025-12-16T08:49:31","modified_gmt":"2025-12-16T08:49:31","slug":"nihonto-katana-higo-koshirae","status":"publish","type":"product","link":"https:\/\/www.supeinnihonto.com\/de\/produkt\/nihonto-katana-higo-koshirae\/","title":{"rendered":"Nihonto katana Higo koshirae"},"content":{"rendered":"<p>ITEM DESCRIPTION:<\/p>\n<p><span>Comes with kimono or cotton bag. Comes with Authenticy certificate from Supein Nihonto.<\/span><\/p>\n<p><span>Beautiful mumei sword in beautiful Higo koshirae and a nice iron tsuba with carving and gold inlay. The hamon is magnificent as well as the condition of the blade, an authentic work of art of great quality that will undoubtedly delight any collector or amateur who wants to make a self gift. A superb acquisition for the upper mid-range collector at a very good price.<\/span><\/p>\n<p><span>An Authentic nihonto japanese sword, difficult to find in Europe or USA, without the consequent costs of importing from Japan or from Japanese sellers, which can increase the price of the sword by up to 30% and a months waiting for shipment and custom paperwork. A truly real nihonto to delight both new and experienced collectors.<\/span><\/p>\n<p><span>All our swords are originals, imported from japan and Europe from the best dealers and collectors during many years of collection and passion.<\/span><\/p>\n<p><span>Size: Koshirae Full length: 100 cm<\/span><br \/>\n<span>Nagasa: 66.9 cm. Sori: 1.2 cm.<\/span><\/p>\n","protected":false},"excerpt":{"rendered":"<p>ITEM DESCRIPTION: Comes with kimono or cotton bag. Comes with Authenticy certificate from Supein Nihonto. Beautiful mumei sword in beautiful Higo koshirae and a nice iron tsuba with carving and gold inlay. The hamon is magnificent as well as the condition of the blade, an authentic work of art of [&hellip;]<\/p>\n","protected":false},"featured_media":10957,"template":"","meta":{"jetpack_post_was_ever_published":false},"product_brand":[],"product_cat":[580,579],"product_tag":[457,439,422,489],"class_list":{"0":"post-12228","1":"product","2":"type-product","3":"status-publish","4":"has-post-thumbnail","6":"product_cat-katana-tachi","7":"product_cat-nihonto","8":"product_tag-katana","9":"product_tag-nihonto","10":"product_tag-tanto","11":"product_tag-verkauft","12":"product_shipping_class-heavy","14":"first","15":"outofstock","16":"sold-individually","17":"shipping-taxable","18":"purchasable","19":"product-type-simple"},"yoast_head":"<!-- This site is optimized with the Yoast SEO plugin v27.3 - https:\/\/yoast.com\/product\/yoast-seo-wordpress\/ -->\n<title>Nihonto katana Higo koshirae - Supein Nihonto<\/title>\n<meta name=\"description\" content=\"Beautiful mumei sword in beautiful Higo koshirae and a nice iron tsuba with carving and gold inlay. The hamon is magnificent as well as the condition of the blade\" \/>\n<meta name=\"robots\" content=\"index, follow, max-snippet:-1, max-image-preview:large, max-video-preview:-1\" \/>\n<link rel=\"canonical\" href=\"https:\/\/www.supeinnihonto.com\/de\/produkt\/nihonto-katana-higo-koshirae\/\" \/>\n<meta property=\"og:locale\" content=\"de_DE\" \/>\n<meta property=\"og:type\" content=\"article\" \/>\n<meta property=\"og:title\" content=\"Nihonto katana Higo koshirae - Supein Nihonto\" \/>\n<meta property=\"og:description\" content=\"Beautiful mumei sword in beautiful Higo koshirae and a nice iron tsuba with carving and gold inlay. The hamon is magnificent as well as the condition of the blade\" \/>\n<meta property=\"og:url\" content=\"https:\/\/www.supeinnihonto.com\/de\/produkt\/nihonto-katana-higo-koshirae\/\" \/>\n<meta property=\"og:site_name\" content=\"Supein Nihonto\" \/>\n<meta property=\"article:modified_time\" content=\"2025-12-16T08:49:31+00:00\" \/>\n<meta property=\"og:image\" content=\"https:\/\/www.supeinnihonto.com\/wp-content\/uploads\/2024\/02\/logo-sold.png\" \/>\n\t<meta property=\"og:image:width\" content=\"3125\" \/>\n\t<meta property=\"og:image:height\" content=\"1875\" \/>\n\t<meta property=\"og:image:type\" content=\"image\/png\" \/>\n<meta name=\"twitter:card\" content=\"summary_large_image\" \/>\n<meta name=\"twitter:label1\" content=\"Gesch\u00e4tzte Lesezeit\" \/>\n\t<meta name=\"twitter:data1\" content=\"1\u00a0Minute\" \/>\n<script type=\"application\/ld+json\" class=\"yoast-schema-graph\">{\"@context\":\"https:\\\/\\\/schema.org\",\"@graph\":[{\"@type\":\"WebPage\",\"@id\":\"https:\\\/\\\/www.supeinnihonto.com\\\/de\\\/produkt\\\/nihonto-katana-higo-koshirae\\\/\",\"url\":\"https:\\\/\\\/www.supeinnihonto.com\\\/de\\\/produkt\\\/nihonto-katana-higo-koshirae\\\/\",\"name\":\"Nihonto katana Higo koshirae - Supein Nihonto\",\"isPartOf\":{\"@id\":\"https:\\\/\\\/www.supeinnihonto.com\\\/de\\\/#website\"},\"primaryImageOfPage\":{\"@id\":\"https:\\\/\\\/www.supeinnihonto.com\\\/de\\\/produkt\\\/nihonto-katana-higo-koshirae\\\/#primaryimage\"},\"image\":{\"@id\":\"https:\\\/\\\/www.supeinnihonto.com\\\/de\\\/produkt\\\/nihonto-katana-higo-koshirae\\\/#primaryimage\"},\"thumbnailUrl\":\"https:\\\/\\\/i0.wp.com\\\/www.supeinnihonto.com\\\/wp-content\\\/uploads\\\/2024\\\/02\\\/logo-sold-scaled.png?fit=3125%2C1875&ssl=1\",\"datePublished\":\"2024-12-20T11:58:02+00:00\",\"dateModified\":\"2025-12-16T08:49:31+00:00\",\"description\":\"Beautiful mumei sword in beautiful Higo koshirae and a nice iron tsuba with carving and gold inlay. The hamon is magnificent as well as the condition of the blade\",\"breadcrumb\":{\"@id\":\"https:\\\/\\\/www.supeinnihonto.com\\\/de\\\/produkt\\\/nihonto-katana-higo-koshirae\\\/#breadcrumb\"},\"inLanguage\":\"de\",\"potentialAction\":[{\"@type\":\"ReadAction\",\"target\":[\"https:\\\/\\\/www.supeinnihonto.com\\\/de\\\/produkt\\\/nihonto-katana-higo-koshirae\\\/\"]}]},{\"@type\":\"ImageObject\",\"inLanguage\":\"de\",\"@id\":\"https:\\\/\\\/www.supeinnihonto.com\\\/de\\\/produkt\\\/nihonto-katana-higo-koshirae\\\/#primaryimage\",\"url\":\"https:\\\/\\\/i0.wp.com\\\/www.supeinnihonto.com\\\/wp-content\\\/uploads\\\/2024\\\/02\\\/logo-sold-scaled.png?fit=3125%2C1875&ssl=1\",\"contentUrl\":\"https:\\\/\\\/i0.wp.com\\\/www.supeinnihonto.com\\\/wp-content\\\/uploads\\\/2024\\\/02\\\/logo-sold-scaled.png?fit=3125%2C1875&ssl=1\",\"width\":3125,\"height\":1875,\"caption\":\"sold\"},{\"@type\":\"BreadcrumbList\",\"@id\":\"https:\\\/\\\/www.supeinnihonto.com\\\/de\\\/produkt\\\/nihonto-katana-higo-koshirae\\\/#breadcrumb\",\"itemListElement\":[{\"@type\":\"ListItem\",\"position\":1,\"name\":\"Portada\",\"item\":\"https:\\\/\\\/www.supeinnihonto.com\\\/de\\\/\"},{\"@type\":\"ListItem\",\"position\":2,\"name\":\"Shop\",\"item\":\"https:\\\/\\\/www.supeinnihonto.com\\\/de\\\/shop\\\/\"},{\"@type\":\"ListItem\",\"position\":3,\"name\":\"Nihonto katana Higo koshirae\"}]},{\"@type\":\"WebSite\",\"@id\":\"https:\\\/\\\/www.supeinnihonto.com\\\/de\\\/#website\",\"url\":\"https:\\\/\\\/www.supeinnihonto.com\\\/de\\\/\",\"name\":\"Supein Nihonto\",\"description\":\"Authentic japanese Nihonto katana \",\"publisher\":{\"@id\":\"https:\\\/\\\/www.supeinnihonto.com\\\/de\\\/#organization\"},\"potentialAction\":[{\"@type\":\"SearchAction\",\"target\":{\"@type\":\"EntryPoint\",\"urlTemplate\":\"https:\\\/\\\/www.supeinnihonto.com\\\/de\\\/?s={search_term_string}\"},\"query-input\":{\"@type\":\"PropertyValueSpecification\",\"valueRequired\":true,\"valueName\":\"search_term_string\"}}],\"inLanguage\":\"de\"},{\"@type\":\"Organization\",\"@id\":\"https:\\\/\\\/www.supeinnihonto.com\\\/de\\\/#organization\",\"name\":\"SupeinNihonto\",\"url\":\"https:\\\/\\\/www.supeinnihonto.com\\\/de\\\/\",\"logo\":{\"@type\":\"ImageObject\",\"inLanguage\":\"de\",\"@id\":\"https:\\\/\\\/www.supeinnihonto.com\\\/de\\\/#\\\/schema\\\/logo\\\/image\\\/\",\"url\":\"https:\\\/\\\/www.supeinnihonto.com\\\/wp-content\\\/uploads\\\/2021\\\/11\\\/animation_Default_3szk0jcenoloop.gif\",\"contentUrl\":\"https:\\\/\\\/www.supeinnihonto.com\\\/wp-content\\\/uploads\\\/2021\\\/11\\\/animation_Default_3szk0jcenoloop.gif\",\"width\":750,\"height\":641,\"caption\":\"SupeinNihonto\"},\"image\":{\"@id\":\"https:\\\/\\\/www.supeinnihonto.com\\\/de\\\/#\\\/schema\\\/logo\\\/image\\\/\"}}]}<\/script>\n<!-- \/ Yoast SEO plugin. -->","yoast_head_json":{"title":"Nihonto katana Higo koshirae - Supein Nihonto","description":"Beautiful mumei sword in beautiful Higo koshirae and a nice iron tsuba with carving and gold inlay. The hamon is magnificent as well as the condition of the blade","robots":{"index":"index","follow":"follow","max-snippet":"max-snippet:-1","max-image-preview":"max-image-preview:large","max-video-preview":"max-video-preview:-1"},"canonical":"https:\/\/www.supeinnihonto.com\/de\/produkt\/nihonto-katana-higo-koshirae\/","og_locale":"de_DE","og_type":"article","og_title":"Nihonto katana Higo koshirae - Supein Nihonto","og_description":"Beautiful mumei sword in beautiful Higo koshirae and a nice iron tsuba with carving and gold inlay. The hamon is magnificent as well as the condition of the blade","og_url":"https:\/\/www.supeinnihonto.com\/de\/produkt\/nihonto-katana-higo-koshirae\/","og_site_name":"Supein Nihonto","article_modified_time":"2025-12-16T08:49:31+00:00","og_image":[{"width":3125,"height":1875,"url":"https:\/\/www.supeinnihonto.com\/wp-content\/uploads\/2024\/02\/logo-sold.png","type":"image\/png"}],"twitter_card":"summary_large_image","twitter_misc":{"Gesch\u00e4tzte Lesezeit":"1\u00a0Minute"},"schema":{"@context":"https:\/\/schema.org","@graph":[{"@type":"WebPage","@id":"https:\/\/www.supeinnihonto.com\/de\/produkt\/nihonto-katana-higo-koshirae\/","url":"https:\/\/www.supeinnihonto.com\/de\/produkt\/nihonto-katana-higo-koshirae\/","name":"Nihonto katana Higo koshirae - Supein Nihonto","isPartOf":{"@id":"https:\/\/www.supeinnihonto.com\/de\/#website"},"primaryImageOfPage":{"@id":"https:\/\/www.supeinnihonto.com\/de\/produkt\/nihonto-katana-higo-koshirae\/#primaryimage"},"image":{"@id":"https:\/\/www.supeinnihonto.com\/de\/produkt\/nihonto-katana-higo-koshirae\/#primaryimage"},"thumbnailUrl":"https:\/\/i0.wp.com\/www.supeinnihonto.com\/wp-content\/uploads\/2024\/02\/logo-sold-scaled.png?fit=3125%2C1875&ssl=1","datePublished":"2024-12-20T11:58:02+00:00","dateModified":"2025-12-16T08:49:31+00:00","description":"Beautiful mumei sword in beautiful Higo koshirae and a nice iron tsuba with carving and gold inlay. The hamon is magnificent as well as the condition of the blade","breadcrumb":{"@id":"https:\/\/www.supeinnihonto.com\/de\/produkt\/nihonto-katana-higo-koshirae\/#breadcrumb"},"inLanguage":"de","potentialAction":[{"@type":"ReadAction","target":["https:\/\/www.supeinnihonto.com\/de\/produkt\/nihonto-katana-higo-koshirae\/"]}]},{"@type":"ImageObject","inLanguage":"de","@id":"https:\/\/www.supeinnihonto.com\/de\/produkt\/nihonto-katana-higo-koshirae\/#primaryimage","url":"https:\/\/i0.wp.com\/www.supeinnihonto.com\/wp-content\/uploads\/2024\/02\/logo-sold-scaled.png?fit=3125%2C1875&ssl=1","contentUrl":"https:\/\/i0.wp.com\/www.supeinnihonto.com\/wp-content\/uploads\/2024\/02\/logo-sold-scaled.png?fit=3125%2C1875&ssl=1","width":3125,"height":1875,"caption":"sold"},{"@type":"BreadcrumbList","@id":"https:\/\/www.supeinnihonto.com\/de\/produkt\/nihonto-katana-higo-koshirae\/#breadcrumb","itemListElement":[{"@type":"ListItem","position":1,"name":"Portada","item":"https:\/\/www.supeinnihonto.com\/de\/"},{"@type":"ListItem","position":2,"name":"Shop","item":"https:\/\/www.supeinnihonto.com\/de\/shop\/"},{"@type":"ListItem","position":3,"name":"Nihonto katana Higo koshirae"}]},{"@type":"WebSite","@id":"https:\/\/www.supeinnihonto.com\/de\/#website","url":"https:\/\/www.supeinnihonto.com\/de\/","name":"Supein Nihonto","description":"Authentic japanese Nihonto katana ","publisher":{"@id":"https:\/\/www.supeinnihonto.com\/de\/#organization"},"potentialAction":[{"@type":"SearchAction","target":{"@type":"EntryPoint","urlTemplate":"https:\/\/www.supeinnihonto.com\/de\/?s={search_term_string}"},"query-input":{"@type":"PropertyValueSpecification","valueRequired":true,"valueName":"search_term_string"}}],"inLanguage":"de"},{"@type":"Organization","@id":"https:\/\/www.supeinnihonto.com\/de\/#organization","name":"SupeinNihonto","url":"https:\/\/www.supeinnihonto.com\/de\/","logo":{"@type":"ImageObject","inLanguage":"de","@id":"https:\/\/www.supeinnihonto.com\/de\/#\/schema\/logo\/image\/","url":"https:\/\/www.supeinnihonto.com\/wp-content\/uploads\/2021\/11\/animation_Default_3szk0jcenoloop.gif","contentUrl":"https:\/\/www.supeinnihonto.com\/wp-content\/uploads\/2021\/11\/animation_Default_3szk0jcenoloop.gif","width":750,"height":641,"caption":"SupeinNihonto"},"image":{"@id":"https:\/\/www.supeinnihonto.com\/de\/#\/schema\/logo\/image\/"}}]}},"jetpack-related-posts":[{"id":49744,"url":"https:\/\/www.supeinnihonto.com\/es\/producto\/nihonto-katana-muromachi-bohi\/","url_meta":{"origin":12228,"position":0},"title":"Nihonto Katana Muromachi Bohi","author":"Eric Majo","date":"21 de M\u00e4rz de 2026","format":false,"excerpt":"ITEM DESCRIPTION: Comes with kimono or cotton bag. Comes with certificate of Supein Nihonto. Comes with copy of Tokorusho. Muromachi period Overview This mumei katana, attributable on stylistic grounds to the Muromachi period, presents a distinctly old and highly convincing sugata, with an elegant and functional overall configuration entirely consistent\u2026","rel":"","context":"\u00c4hnlicher Beitrag","block_context":{"text":"\u00c4hnlicher Beitrag","link":""},"img":{"alt_text":"Nihonto katana samoura\u00ef \u00e0 vendre \/ acheter un nihonto katana samoura\u00ef","src":"https:\/\/i0.wp.com\/www.supeinnihonto.com\/wp-content\/uploads\/2026\/03\/23877title-scaled.jpg?fit=1200%2C735&ssl=1&resize=350%2C200","width":350,"height":200,"srcset":"https:\/\/i0.wp.com\/www.supeinnihonto.com\/wp-content\/uploads\/2026\/03\/23877title-scaled.jpg?fit=1200%2C735&ssl=1&resize=350%2C200 1x, https:\/\/i0.wp.com\/www.supeinnihonto.com\/wp-content\/uploads\/2026\/03\/23877title-scaled.jpg?fit=1200%2C735&ssl=1&resize=525%2C300 1.5x, https:\/\/i0.wp.com\/www.supeinnihonto.com\/wp-content\/uploads\/2026\/03\/23877title-scaled.jpg?fit=1200%2C735&ssl=1&resize=700%2C400 2x, https:\/\/i0.wp.com\/www.supeinnihonto.com\/wp-content\/uploads\/2026\/03\/23877title-scaled.jpg?fit=1200%2C735&ssl=1&resize=1050%2C600 3x"},"classes":[]},{"id":38495,"url":"https:\/\/www.supeinnihonto.com\/es\/produkt\/nihonto-wakizashi-shakudo-fuchikashira\/","url_meta":{"origin":12228,"position":1},"title":"Nihonto Wakizashi Shakudo Fuchikashira","author":"Eric Majo","date":"5 de November de 2025","format":false,"excerpt":"ITEM DESCRIPTION: Comes with kimono or cotton bag. Comes with certificate of supein Nihonto.\u00a0 Blade: ence of traditional hand-forging. The kissaki shows some areas of oxidation near the boshi, yet the overall geometry of the blade remains intact. The tang (nakago) has three mekugi-ana, suggesting that the blade was remounted\u2026","rel":"","context":"\u00c4hnlicher Beitrag","block_context":{"text":"\u00c4hnlicher Beitrag","link":""},"img":{"alt_text":"","src":"https:\/\/i0.wp.com\/www.supeinnihonto.com\/wp-content\/uploads\/2025\/11\/DSC_2558-scaled-1.webp?fit=1200%2C685&ssl=1&resize=350%2C200","width":350,"height":200,"srcset":"https:\/\/i0.wp.com\/www.supeinnihonto.com\/wp-content\/uploads\/2025\/11\/DSC_2558-scaled-1.webp?fit=1200%2C685&ssl=1&resize=350%2C200 1x, https:\/\/i0.wp.com\/www.supeinnihonto.com\/wp-content\/uploads\/2025\/11\/DSC_2558-scaled-1.webp?fit=1200%2C685&ssl=1&resize=525%2C300 1.5x, https:\/\/i0.wp.com\/www.supeinnihonto.com\/wp-content\/uploads\/2025\/11\/DSC_2558-scaled-1.webp?fit=1200%2C685&ssl=1&resize=700%2C400 2x, https:\/\/i0.wp.com\/www.supeinnihonto.com\/wp-content\/uploads\/2025\/11\/DSC_2558-scaled-1.webp?fit=1200%2C685&ssl=1&resize=1050%2C600 3x"},"classes":[]},{"id":38498,"url":"https:\/\/www.supeinnihonto.com\/es\/produkt\/nihonto-wakizashi-shakudo-fuchikashira\/","url_meta":{"origin":12228,"position":2},"title":"Nihonto Wakizashi Shakudo Fuchikashira","author":"Eric Majo","date":"5 de November de 2025","format":false,"excerpt":"ITEM DESCRIPTION: Comes with kimono or cotton bag. Comes with certificate of supein Nihonto.\u00a0 Blade: ence of traditional hand-forging. The kissaki shows some areas of oxidation near the boshi, yet the overall geometry of the blade remains intact. The tang (nakago) has three mekugi-ana, suggesting that the blade was remounted\u2026","rel":"","context":"\u00c4hnlicher Beitrag","block_context":{"text":"\u00c4hnlicher Beitrag","link":""},"img":{"alt_text":"","src":"https:\/\/i0.wp.com\/www.supeinnihonto.com\/wp-content\/uploads\/2025\/11\/DSC_2558-scaled-1.webp?fit=1200%2C685&ssl=1&resize=350%2C200","width":350,"height":200,"srcset":"https:\/\/i0.wp.com\/www.supeinnihonto.com\/wp-content\/uploads\/2025\/11\/DSC_2558-scaled-1.webp?fit=1200%2C685&ssl=1&resize=350%2C200 1x, https:\/\/i0.wp.com\/www.supeinnihonto.com\/wp-content\/uploads\/2025\/11\/DSC_2558-scaled-1.webp?fit=1200%2C685&ssl=1&resize=525%2C300 1.5x, https:\/\/i0.wp.com\/www.supeinnihonto.com\/wp-content\/uploads\/2025\/11\/DSC_2558-scaled-1.webp?fit=1200%2C685&ssl=1&resize=700%2C400 2x, https:\/\/i0.wp.com\/www.supeinnihonto.com\/wp-content\/uploads\/2025\/11\/DSC_2558-scaled-1.webp?fit=1200%2C685&ssl=1&resize=1050%2C600 3x"},"classes":[]},{"id":37544,"url":"https:\/\/www.supeinnihonto.com\/fr\/produit\/nihonto-wakizashi-fujiwara-kanamichi-with-kiku-mon\/","url_meta":{"origin":12228,"position":3},"title":"Nihonto Wakizashi &#8222;Fujiwara Kanamichi&#8220; with Kiku mon","author":"Eric Majo","date":"17 de Dezember de 2025","format":false,"excerpt":"ITEM DESCRIPTION: Comes with kimono or cotton bag. Comes with certificate of supein Nihonto. Comes with copy of Tokosusho. WAKIZASHI \u2013 Mishina Izumi no Kami Fujiwara Kanamichi Kiku-mon \u00b7 Aristocratic Lineage \u00b7 Edo Period \u00b7 49.0 cm Blade \u00b7 Complete Mounting This wakizashi brings together every element expected from a\u2026","rel":"","context":"\u00c4hnlicher Beitrag","block_context":{"text":"\u00c4hnlicher Beitrag","link":""},"img":{"alt_text":"sold","src":"https:\/\/i0.wp.com\/www.supeinnihonto.com\/wp-content\/uploads\/2024\/02\/logo-sold-scaled.png?fit=1200%2C720&ssl=1&resize=350%2C200","width":350,"height":200,"srcset":"https:\/\/i0.wp.com\/www.supeinnihonto.com\/wp-content\/uploads\/2024\/02\/logo-sold-scaled.png?fit=1200%2C720&ssl=1&resize=350%2C200 1x, https:\/\/i0.wp.com\/www.supeinnihonto.com\/wp-content\/uploads\/2024\/02\/logo-sold-scaled.png?fit=1200%2C720&ssl=1&resize=525%2C300 1.5x, https:\/\/i0.wp.com\/www.supeinnihonto.com\/wp-content\/uploads\/2024\/02\/logo-sold-scaled.png?fit=1200%2C720&ssl=1&resize=700%2C400 2x, https:\/\/i0.wp.com\/www.supeinnihonto.com\/wp-content\/uploads\/2024\/02\/logo-sold-scaled.png?fit=1200%2C720&ssl=1&resize=1050%2C600 3x"},"classes":[]},{"id":45207,"url":"https:\/\/www.supeinnihonto.com\/produkt\/iron-marugata-tsuba-dragon\/","url_meta":{"origin":12228,"position":4},"title":"Iron Marugata Tsuba Dragon","author":"Eric Majo","date":"1 de M\u00e4rz de 2026","format":false,"excerpt":"ITEM: It Comes with certificate of SupeinNihonto. Comes with wood box. Iron Tsuba for Katana \u2013 Dragon in Relief (Edo Period) Iron mokk\u014d-gata tsuba forged from a solid plate and decorated in high relief with a sinuous dragon that travels along the right and lower perimeter. The carving shows convincing\u2026","rel":"","context":"\u00c4hnlicher Beitrag","block_context":{"text":"\u00c4hnlicher Beitrag","link":""},"img":{"alt_text":"Iron dragon Edo tsuba for sale","src":"https:\/\/i0.wp.com\/www.supeinnihonto.com\/wp-content\/uploads\/2026\/03\/DSC_6506-scaled.jpg?fit=1200%2C800&ssl=1&resize=350%2C200","width":350,"height":200,"srcset":"https:\/\/i0.wp.com\/www.supeinnihonto.com\/wp-content\/uploads\/2026\/03\/DSC_6506-scaled.jpg?fit=1200%2C800&ssl=1&resize=350%2C200 1x, https:\/\/i0.wp.com\/www.supeinnihonto.com\/wp-content\/uploads\/2026\/03\/DSC_6506-scaled.jpg?fit=1200%2C800&ssl=1&resize=525%2C300 1.5x, https:\/\/i0.wp.com\/www.supeinnihonto.com\/wp-content\/uploads\/2026\/03\/DSC_6506-scaled.jpg?fit=1200%2C800&ssl=1&resize=700%2C400 2x, https:\/\/i0.wp.com\/www.supeinnihonto.com\/wp-content\/uploads\/2026\/03\/DSC_6506-scaled.jpg?fit=1200%2C800&ssl=1&resize=1050%2C600 3x"},"classes":[]},{"id":41970,"url":"https:\/\/www.supeinnihonto.com\/de\/produkt\/nihonto-katana-norihiro-nbthk-hozon-certificate\/","url_meta":{"origin":12228,"position":5},"title":"Nihonto Katana &#8222;Norihiro&#8220; NBTHK Hozon Certificate","author":"Eric Majo","date":"22 de Januar de 2026","format":false,"excerpt":"ITEM DESCRIPTION: Comes with kimono or cotton bag. Comes with certificate of supein Nihonto. Comes with copy of Tokosusho. Comes with NBTHK Hozon Certificate. Documentation Certificate and registration \u9451\u5b9a\u66f8 (Kanteisho \/ Appraisal Certificate) \u4e00\u5200: Itt\u014d (one sword) \u9298: \u5247\u5e83\uff08\u65b0\u5200\uff09 Mei: Norihiro Classification: Shint\u014d (\u65b0\u5200) \u9577\u3055: \u4e8c\u5c3a\u3007\u4e94\u5206\u5f37 Nagasa: 2 shaku 0\u2026","rel":"","context":"\u00c4hnlicher Beitrag","block_context":{"text":"\u00c4hnlicher Beitrag","link":""},"img":{"alt_text":"sold","src":"https:\/\/i0.wp.com\/www.supeinnihonto.com\/wp-content\/uploads\/2024\/02\/logo-sold-scaled.png?fit=1200%2C720&ssl=1&resize=350%2C200","width":350,"height":200,"srcset":"https:\/\/i0.wp.com\/www.supeinnihonto.com\/wp-content\/uploads\/2024\/02\/logo-sold-scaled.png?fit=1200%2C720&ssl=1&resize=350%2C200 1x, https:\/\/i0.wp.com\/www.supeinnihonto.com\/wp-content\/uploads\/2024\/02\/logo-sold-scaled.png?fit=1200%2C720&ssl=1&resize=525%2C300 1.5x, https:\/\/i0.wp.com\/www.supeinnihonto.com\/wp-content\/uploads\/2024\/02\/logo-sold-scaled.png?fit=1200%2C720&ssl=1&resize=700%2C400 2x, https:\/\/i0.wp.com\/www.supeinnihonto.com\/wp-content\/uploads\/2024\/02\/logo-sold-scaled.png?fit=1200%2C720&ssl=1&resize=1050%2C600 3x"},"classes":[]}],"jetpack_sharing_enabled":true,"_links":{"self":[{"href":"https:\/\/www.supeinnihonto.com\/de\/wp-json\/wp\/v2\/product\/12228","targetHints":{"allow":["GET"]}}],"collection":[{"href":"https:\/\/www.supeinnihonto.com\/de\/wp-json\/wp\/v2\/product"}],"about":[{"href":"https:\/\/www.supeinnihonto.com\/de\/wp-json\/wp\/v2\/types\/product"}],"wp:featuredmedia":[{"embeddable":true,"href":"https:\/\/www.supeinnihonto.com\/de\/wp-json\/wp\/v2\/media\/10957"}],"wp:attachment":[{"href":"https:\/\/www.supeinnihonto.com\/de\/wp-json\/wp\/v2\/media?parent=12228"}],"wp:term":[{"taxonomy":"product_brand","embeddable":true,"href":"https:\/\/www.supeinnihonto.com\/de\/wp-json\/wp\/v2\/product_brand?post=12228"},{"taxonomy":"product_cat","embeddable":true,"href":"https:\/\/www.supeinnihonto.com\/de\/wp-json\/wp\/v2\/product_cat?post=12228"},{"taxonomy":"product_tag","embeddable":true,"href":"https:\/\/www.supeinnihonto.com\/de\/wp-json\/wp\/v2\/product_tag?post=12228"}],"curies":[{"name":"wp","href":"https:\/\/api.w.org\/{rel}","templated":true}]}}