{"id":12128,"date":"2025-02-07T10:06:03","date_gmt":"2025-02-07T10:06:03","guid":{"rendered":"https:\/\/www.supeinnihonto.com\/product\/gusoku-32-plate-kabuto\/"},"modified":"2025-12-14T23:38:45","modified_gmt":"2025-12-14T23:38:45","slug":"gusoku-32-plate-kabuto","status":"publish","type":"product","link":"https:\/\/www.supeinnihonto.com\/de\/produkt\/gusoku-32-plate-kabuto\/","title":{"rendered":"Gusoku 32 Platten Kabuto"},"content":{"rendered":"<p><em><strong>\u00dcber uns:<\/strong><\/em><\/p>\n<p>Unsere Fotografien werden ohne Retusche oder Photoshop aufgenommen, um sicherzustellen, dass der Kunde die Realit\u00e4t des Objekts beurteilen kann.<\/p>\n<p>Dank der st\u00e4ndigen Zusammenarbeit direkt mit den besten Sammlern, Museen und Galerien in Japan und der Freundschaft mit ihnen sowie einer Gewinnspanne, die deutlich niedriger ist als bei der europ\u00e4ischen Konkurrenz, k\u00f6nnen wir Objekte anbieten, sodass viele Menschen sich entscheiden k\u00f6nnen, authentische St\u00fccke mit Hunderten von Jahren zu mehr als wettbewerbsf\u00e4higen Preisen zu besitzen. Schlie\u00dflich ist Samurai-Kunst unsere Leidenschaft und wir m\u00f6chten sie mit der Welt teilen.<\/p>\n<p><em><strong>\u00dcber die R\u00fcstung:<\/strong><\/em><\/p>\n<p><span>Sie wird mit einem Zertifikat von SupeinNihonto geliefert.<\/span><\/p>\n<p>Wundersch\u00f6ne und elegante Samurai-R\u00fcstung in ausgezeichnetem Zustand trotz ihres Alters. Gusoku-R\u00fcstung in der originalen Aufbewahrungs- und Ausstellungsbox. Der Montage-St\u00e4nder ist ebenfalls enthalten. R\u00fcstung aus der mittleren Edo-Zeit, gefertigt aus Eisen mit einem 32-Platten-Helm mit halbmondf\u00f6rmigem Maedate und Wolkenmotiven. Klassische dunkelblaue Schn\u00fcrung, traditionell wird diese Farbe in Japan mit Sieg assoziiert, daher ist sie eine sehr h\u00e4ufige Farbe bei Samurai-R\u00fcstungen. Zudem ist die Schnur angesichts ihres Alters in ausgezeichnetem Zustand erhalten. Sch\u00f6ne Kombination mit dem braunen Lack der meisten Teile der R\u00fcstung. Zur Vervollst\u00e4ndigung dieser fantastischen R\u00fcstung sind die traditionellen Leder- und Naturfellschuhe enthalten, die \u00fcblicherweise aus B\u00e4renfell gefertigt sind. Dieses Element ist sehr selten erhalten geblieben und verleiht der gesamten R\u00fcstung eine besonders interessante Note.<\/p>\n<p>Wie es bei einer R\u00fcstung mit so viel Geschichte \u00fcblich ist, die zweifellos im Kampf verwendet wurde und keine blo\u00dfe Reproduktion des 20. Jahrhunderts ist, weist sie einige oberfl\u00e4chliche Kratzer, Oberfl\u00e4chensch\u00e4den und Absplitterungen auf, die zeigen, dass sie ein langes Kampfleben hatte und einen authentischen und wertvollen historischen Wert besitzt, der eines Museums w\u00fcrdig ist. Dieses exklusive St\u00fcck stellt eine unglaubliche Gelegenheit f\u00fcr jeden Sammler japanischer, kriegerischer oder einfach historischer Kunst dar, ein St\u00fcck zu erwerben, das \u00fcberall, wo es ausgestellt wird \u2013 sei es in B\u00fcros, Privathaushalten, Kanzleien oder Restaurants \u2013 Aufmerksamkeit erregen wird und jedem Ort ein k\u00f6nigliches Aussehen verleiht. Die R\u00fcstung verf\u00fcgt \u00fcber vergoldete Details, die die Qualit\u00e4t des St\u00fccks unterstreichen. Die unglaubliche Handwerkskunst betont so kunstvolle Teile wie den Kabuto, das Mempo und den D\u014d. Der Montage-St\u00e4nder und die Box sind enthalten. Diese R\u00fcstung wird jeden Sammler asiatischer Kunst begeistern und zum Blickfang in jedem Zuhause, Gesch\u00e4ft oder B\u00fcro werden. Es handelt sich um ein sehr altes Objekt, das durch Zeit und Gebrauch besch\u00e4digt ist. Aufgrund der Empfindlichkeit bei st\u00e4ndigem Auf- und Abbau sind R\u00fcckgaben bei alter R\u00fcstung nicht m\u00f6glich.<\/p>\n<p>&nbsp;<\/p>\n","protected":false},"excerpt":{"rendered":"<p>\u00dcber uns: Unsere Fotografien werden ohne Retusche oder Photoshop aufgenommen, um sicherzustellen, dass der Kunde die Realit\u00e4t des Objekts beurteilen kann. Dank der st\u00e4ndigen Zusammenarbeit direkt mit den besten Sammlern, Museen und Galerien in Japan und der Freundschaft mit ihnen sowie einer Gewinnspanne, die deutlich niedriger ist als bei der [&hellip;]<\/p>\n","protected":false},"featured_media":10957,"template":"","meta":{"jetpack_post_was_ever_published":false},"product_brand":[],"product_cat":[569,568],"product_tag":[445,680,589],"class_list":{"0":"post-12128","1":"product","2":"type-product","3":"status-publish","4":"has-post-thumbnail","6":"product_cat-gusoku-yoroi","7":"product_cat-rustung","8":"product_tag-edo","9":"product_tag-eisen","10":"product_tag-yoroi","11":"product_shipping_class-schwer","13":"first","14":"outofstock","15":"sold-individually","16":"shipping-taxable","17":"purchasable","18":"product-type-simple"},"yoast_head":"<!-- This site is optimized with the Yoast SEO plugin v27.5 - https:\/\/yoast.com\/product\/yoast-seo-wordpress\/ -->\n<title>Gusoku 32 Platten Kabuto - Supein Nihonto<\/title>\n<meta name=\"description\" content=\"Beautiful and elegant samurai armor in excellent condition despite its age. Gusoku armor in its original box for storage and display. The mounting stand is also included.\" \/>\n<meta name=\"robots\" content=\"index, follow, max-snippet:-1, max-image-preview:large, max-video-preview:-1\" \/>\n<link rel=\"canonical\" href=\"https:\/\/www.supeinnihonto.com\/de\/produkt\/gusoku-32-plate-kabuto\/\" \/>\n<meta property=\"og:locale\" content=\"de_DE\" \/>\n<meta property=\"og:type\" content=\"article\" \/>\n<meta property=\"og:title\" content=\"Gusoku 32 Platten Kabuto - Supein Nihonto\" \/>\n<meta property=\"og:description\" content=\"Beautiful and elegant samurai armor in excellent condition despite its age. Gusoku armor in its original box for storage and display. The mounting stand is also included.\" \/>\n<meta property=\"og:url\" content=\"https:\/\/www.supeinnihonto.com\/de\/produkt\/gusoku-32-plate-kabuto\/\" \/>\n<meta property=\"og:site_name\" content=\"Supein Nihonto\" \/>\n<meta property=\"article:modified_time\" content=\"2025-12-14T23:38:45+00:00\" \/>\n<meta property=\"og:image\" content=\"https:\/\/www.supeinnihonto.com\/wp-content\/uploads\/2024\/02\/logo-sold.png\" \/>\n\t<meta property=\"og:image:width\" content=\"3125\" \/>\n\t<meta property=\"og:image:height\" content=\"1875\" \/>\n\t<meta property=\"og:image:type\" content=\"image\/png\" \/>\n<meta name=\"twitter:card\" content=\"summary_large_image\" \/>\n<meta name=\"twitter:label1\" content=\"Gesch\u00e4tzte Lesezeit\" \/>\n\t<meta name=\"twitter:data1\" content=\"2\u00a0Minuten\" \/>\n<script type=\"application\/ld+json\" class=\"yoast-schema-graph\">{\"@context\":\"https:\\\/\\\/schema.org\",\"@graph\":[{\"@type\":\"WebPage\",\"@id\":\"https:\\\/\\\/www.supeinnihonto.com\\\/de\\\/produkt\\\/gusoku-32-plate-kabuto\\\/\",\"url\":\"https:\\\/\\\/www.supeinnihonto.com\\\/de\\\/produkt\\\/gusoku-32-plate-kabuto\\\/\",\"name\":\"Gusoku 32 Platten Kabuto - Supein Nihonto\",\"isPartOf\":{\"@id\":\"https:\\\/\\\/www.supeinnihonto.com\\\/de\\\/#website\"},\"primaryImageOfPage\":{\"@id\":\"https:\\\/\\\/www.supeinnihonto.com\\\/de\\\/produkt\\\/gusoku-32-plate-kabuto\\\/#primaryimage\"},\"image\":{\"@id\":\"https:\\\/\\\/www.supeinnihonto.com\\\/de\\\/produkt\\\/gusoku-32-plate-kabuto\\\/#primaryimage\"},\"thumbnailUrl\":\"https:\\\/\\\/i0.wp.com\\\/www.supeinnihonto.com\\\/wp-content\\\/uploads\\\/2024\\\/02\\\/logo-sold-scaled.png?fit=3125%2C1875&ssl=1\",\"datePublished\":\"2025-02-07T10:06:03+00:00\",\"dateModified\":\"2025-12-14T23:38:45+00:00\",\"description\":\"Beautiful and elegant samurai armor in excellent condition despite its age. Gusoku armor in its original box for storage and display. The mounting stand is also included.\",\"breadcrumb\":{\"@id\":\"https:\\\/\\\/www.supeinnihonto.com\\\/de\\\/produkt\\\/gusoku-32-plate-kabuto\\\/#breadcrumb\"},\"inLanguage\":\"de\",\"potentialAction\":[{\"@type\":\"ReadAction\",\"target\":[\"https:\\\/\\\/www.supeinnihonto.com\\\/de\\\/produkt\\\/gusoku-32-plate-kabuto\\\/\"]}]},{\"@type\":\"ImageObject\",\"inLanguage\":\"de\",\"@id\":\"https:\\\/\\\/www.supeinnihonto.com\\\/de\\\/produkt\\\/gusoku-32-plate-kabuto\\\/#primaryimage\",\"url\":\"https:\\\/\\\/i0.wp.com\\\/www.supeinnihonto.com\\\/wp-content\\\/uploads\\\/2024\\\/02\\\/logo-sold-scaled.png?fit=3125%2C1875&ssl=1\",\"contentUrl\":\"https:\\\/\\\/i0.wp.com\\\/www.supeinnihonto.com\\\/wp-content\\\/uploads\\\/2024\\\/02\\\/logo-sold-scaled.png?fit=3125%2C1875&ssl=1\",\"width\":3125,\"height\":1875,\"caption\":\"sold\"},{\"@type\":\"BreadcrumbList\",\"@id\":\"https:\\\/\\\/www.supeinnihonto.com\\\/de\\\/produkt\\\/gusoku-32-plate-kabuto\\\/#breadcrumb\",\"itemListElement\":[{\"@type\":\"ListItem\",\"position\":1,\"name\":\"Portada\",\"item\":\"https:\\\/\\\/www.supeinnihonto.com\\\/de\\\/\"},{\"@type\":\"ListItem\",\"position\":2,\"name\":\"Shop\",\"item\":\"https:\\\/\\\/www.supeinnihonto.com\\\/de\\\/shop\\\/\"},{\"@type\":\"ListItem\",\"position\":3,\"name\":\"Gusoku 32 Platten Kabuto\"}]},{\"@type\":\"WebSite\",\"@id\":\"https:\\\/\\\/www.supeinnihonto.com\\\/de\\\/#website\",\"url\":\"https:\\\/\\\/www.supeinnihonto.com\\\/de\\\/\",\"name\":\"Supein Nihonto\",\"description\":\"Authentic japanese Nihonto katana \",\"publisher\":{\"@id\":\"https:\\\/\\\/www.supeinnihonto.com\\\/de\\\/#organization\"},\"potentialAction\":[{\"@type\":\"SearchAction\",\"target\":{\"@type\":\"EntryPoint\",\"urlTemplate\":\"https:\\\/\\\/www.supeinnihonto.com\\\/de\\\/?s={search_term_string}\"},\"query-input\":{\"@type\":\"PropertyValueSpecification\",\"valueRequired\":true,\"valueName\":\"search_term_string\"}}],\"inLanguage\":\"de\"},{\"@type\":\"Organization\",\"@id\":\"https:\\\/\\\/www.supeinnihonto.com\\\/de\\\/#organization\",\"name\":\"SupeinNihonto\",\"url\":\"https:\\\/\\\/www.supeinnihonto.com\\\/de\\\/\",\"logo\":{\"@type\":\"ImageObject\",\"inLanguage\":\"de\",\"@id\":\"https:\\\/\\\/www.supeinnihonto.com\\\/de\\\/#\\\/schema\\\/logo\\\/image\\\/\",\"url\":\"https:\\\/\\\/www.supeinnihonto.com\\\/wp-content\\\/uploads\\\/2021\\\/11\\\/animation_Default_3szk0jcenoloop.gif\",\"contentUrl\":\"https:\\\/\\\/www.supeinnihonto.com\\\/wp-content\\\/uploads\\\/2021\\\/11\\\/animation_Default_3szk0jcenoloop.gif\",\"width\":750,\"height\":641,\"caption\":\"SupeinNihonto\"},\"image\":{\"@id\":\"https:\\\/\\\/www.supeinnihonto.com\\\/de\\\/#\\\/schema\\\/logo\\\/image\\\/\"}}]}<\/script>\n<!-- \/ Yoast SEO plugin. -->","yoast_head_json":{"title":"Gusoku 32 Platten Kabuto - Supein Nihonto","description":"Beautiful and elegant samurai armor in excellent condition despite its age. Gusoku armor in its original box for storage and display. The mounting stand is also included.","robots":{"index":"index","follow":"follow","max-snippet":"max-snippet:-1","max-image-preview":"max-image-preview:large","max-video-preview":"max-video-preview:-1"},"canonical":"https:\/\/www.supeinnihonto.com\/de\/produkt\/gusoku-32-plate-kabuto\/","og_locale":"de_DE","og_type":"article","og_title":"Gusoku 32 Platten Kabuto - Supein Nihonto","og_description":"Beautiful and elegant samurai armor in excellent condition despite its age. Gusoku armor in its original box for storage and display. The mounting stand is also included.","og_url":"https:\/\/www.supeinnihonto.com\/de\/produkt\/gusoku-32-plate-kabuto\/","og_site_name":"Supein Nihonto","article_modified_time":"2025-12-14T23:38:45+00:00","og_image":[{"width":3125,"height":1875,"url":"https:\/\/www.supeinnihonto.com\/wp-content\/uploads\/2024\/02\/logo-sold.png","type":"image\/png"}],"twitter_card":"summary_large_image","twitter_misc":{"Gesch\u00e4tzte Lesezeit":"2\u00a0Minuten"},"schema":{"@context":"https:\/\/schema.org","@graph":[{"@type":"WebPage","@id":"https:\/\/www.supeinnihonto.com\/de\/produkt\/gusoku-32-plate-kabuto\/","url":"https:\/\/www.supeinnihonto.com\/de\/produkt\/gusoku-32-plate-kabuto\/","name":"Gusoku 32 Platten Kabuto - Supein Nihonto","isPartOf":{"@id":"https:\/\/www.supeinnihonto.com\/de\/#website"},"primaryImageOfPage":{"@id":"https:\/\/www.supeinnihonto.com\/de\/produkt\/gusoku-32-plate-kabuto\/#primaryimage"},"image":{"@id":"https:\/\/www.supeinnihonto.com\/de\/produkt\/gusoku-32-plate-kabuto\/#primaryimage"},"thumbnailUrl":"https:\/\/i0.wp.com\/www.supeinnihonto.com\/wp-content\/uploads\/2024\/02\/logo-sold-scaled.png?fit=3125%2C1875&ssl=1","datePublished":"2025-02-07T10:06:03+00:00","dateModified":"2025-12-14T23:38:45+00:00","description":"Beautiful and elegant samurai armor in excellent condition despite its age. Gusoku armor in its original box for storage and display. The mounting stand is also included.","breadcrumb":{"@id":"https:\/\/www.supeinnihonto.com\/de\/produkt\/gusoku-32-plate-kabuto\/#breadcrumb"},"inLanguage":"de","potentialAction":[{"@type":"ReadAction","target":["https:\/\/www.supeinnihonto.com\/de\/produkt\/gusoku-32-plate-kabuto\/"]}]},{"@type":"ImageObject","inLanguage":"de","@id":"https:\/\/www.supeinnihonto.com\/de\/produkt\/gusoku-32-plate-kabuto\/#primaryimage","url":"https:\/\/i0.wp.com\/www.supeinnihonto.com\/wp-content\/uploads\/2024\/02\/logo-sold-scaled.png?fit=3125%2C1875&ssl=1","contentUrl":"https:\/\/i0.wp.com\/www.supeinnihonto.com\/wp-content\/uploads\/2024\/02\/logo-sold-scaled.png?fit=3125%2C1875&ssl=1","width":3125,"height":1875,"caption":"sold"},{"@type":"BreadcrumbList","@id":"https:\/\/www.supeinnihonto.com\/de\/produkt\/gusoku-32-plate-kabuto\/#breadcrumb","itemListElement":[{"@type":"ListItem","position":1,"name":"Portada","item":"https:\/\/www.supeinnihonto.com\/de\/"},{"@type":"ListItem","position":2,"name":"Shop","item":"https:\/\/www.supeinnihonto.com\/de\/shop\/"},{"@type":"ListItem","position":3,"name":"Gusoku 32 Platten Kabuto"}]},{"@type":"WebSite","@id":"https:\/\/www.supeinnihonto.com\/de\/#website","url":"https:\/\/www.supeinnihonto.com\/de\/","name":"Supein Nihonto","description":"Authentic japanese Nihonto katana ","publisher":{"@id":"https:\/\/www.supeinnihonto.com\/de\/#organization"},"potentialAction":[{"@type":"SearchAction","target":{"@type":"EntryPoint","urlTemplate":"https:\/\/www.supeinnihonto.com\/de\/?s={search_term_string}"},"query-input":{"@type":"PropertyValueSpecification","valueRequired":true,"valueName":"search_term_string"}}],"inLanguage":"de"},{"@type":"Organization","@id":"https:\/\/www.supeinnihonto.com\/de\/#organization","name":"SupeinNihonto","url":"https:\/\/www.supeinnihonto.com\/de\/","logo":{"@type":"ImageObject","inLanguage":"de","@id":"https:\/\/www.supeinnihonto.com\/de\/#\/schema\/logo\/image\/","url":"https:\/\/www.supeinnihonto.com\/wp-content\/uploads\/2021\/11\/animation_Default_3szk0jcenoloop.gif","contentUrl":"https:\/\/www.supeinnihonto.com\/wp-content\/uploads\/2021\/11\/animation_Default_3szk0jcenoloop.gif","width":750,"height":641,"caption":"SupeinNihonto"},"image":{"@id":"https:\/\/www.supeinnihonto.com\/de\/#\/schema\/logo\/image\/"}}]}},"jetpack-related-posts":[{"id":45444,"url":"https:\/\/www.supeinnihonto.com\/de\/produkt\/gusoku-gunbai-mon-4\/","url_meta":{"origin":12128,"position":0},"title":"Gusoku Gunbai Mon","author":"Eric Majo","date":"3 de M\u00e4rz de 2026","format":false,"excerpt":"\u00dcber uns: Unsere Fotografien werden ohne Retusche oder Photoshop aufgenommen, damit der Kunde den tats\u00e4chlichen Zustand des Objekts beurteilen kann. Dank einer kontinuierlichen Zusammenarbeit direkt mit den besten Sammlern, Museen und Galerien in Japan sowie den freundschaftlichen Beziehungen zu ihnen und einer deutlich niedrigeren Gewinnmarge als bei der europ\u00e4ischen Konkurrenz\u2026","rel":"","context":"\u00c4hnlicher Beitrag","block_context":{"text":"\u00c4hnlicher Beitrag","link":""},"img":{"alt_text":"Samurai armor yoroi gusoku zu verkaufen \/ Samurai armor yoroi gusoku kaufen","src":"https:\/\/i0.wp.com\/www.supeinnihonto.com\/wp-content\/uploads\/2026\/03\/GEO1528-scaled.jpg?fit=1200%2C799&ssl=1&resize=350%2C200","width":350,"height":200,"srcset":"https:\/\/i0.wp.com\/www.supeinnihonto.com\/wp-content\/uploads\/2026\/03\/GEO1528-scaled.jpg?fit=1200%2C799&ssl=1&resize=350%2C200 1x, https:\/\/i0.wp.com\/www.supeinnihonto.com\/wp-content\/uploads\/2026\/03\/GEO1528-scaled.jpg?fit=1200%2C799&ssl=1&resize=525%2C300 1.5x, https:\/\/i0.wp.com\/www.supeinnihonto.com\/wp-content\/uploads\/2026\/03\/GEO1528-scaled.jpg?fit=1200%2C799&ssl=1&resize=700%2C400 2x, https:\/\/i0.wp.com\/www.supeinnihonto.com\/wp-content\/uploads\/2026\/03\/GEO1528-scaled.jpg?fit=1200%2C799&ssl=1&resize=1050%2C600 3x"},"classes":[]},{"id":45498,"url":"https:\/\/www.supeinnihonto.com\/de\/produkt\/gusoku-gunbai-mon-2\/","url_meta":{"origin":12128,"position":1},"title":"Gusoku Gunbai Mon","author":"Eric Majo","date":"3 de M\u00e4rz de 2026","format":false,"excerpt":"\u00dcber uns: Unsere Fotografien werden ohne Retusche oder Photoshop aufgenommen, damit der Kunde den tats\u00e4chlichen Zustand des Objekts beurteilen kann. Dank einer kontinuierlichen Zusammenarbeit direkt mit den besten Sammlern, Museen und Galerien in Japan sowie den freundschaftlichen Beziehungen zu ihnen und einer deutlich niedrigeren Gewinnmarge als bei der europ\u00e4ischen Konkurrenz\u2026","rel":"","context":"\u00c4hnlicher Beitrag","block_context":{"text":"\u00c4hnlicher Beitrag","link":""},"img":{"alt_text":"sold","src":"https:\/\/i0.wp.com\/www.supeinnihonto.com\/wp-content\/uploads\/2024\/02\/logo-sold-scaled.png?fit=1200%2C720&ssl=1&resize=350%2C200","width":350,"height":200,"srcset":"https:\/\/i0.wp.com\/www.supeinnihonto.com\/wp-content\/uploads\/2024\/02\/logo-sold-scaled.png?fit=1200%2C720&ssl=1&resize=350%2C200 1x, https:\/\/i0.wp.com\/www.supeinnihonto.com\/wp-content\/uploads\/2024\/02\/logo-sold-scaled.png?fit=1200%2C720&ssl=1&resize=525%2C300 1.5x, https:\/\/i0.wp.com\/www.supeinnihonto.com\/wp-content\/uploads\/2024\/02\/logo-sold-scaled.png?fit=1200%2C720&ssl=1&resize=700%2C400 2x, https:\/\/i0.wp.com\/www.supeinnihonto.com\/wp-content\/uploads\/2024\/02\/logo-sold-scaled.png?fit=1200%2C720&ssl=1&resize=1050%2C600 3x"},"classes":[]},{"id":10833,"url":"https:\/\/www.supeinnihonto.com\/de\/produkt\/gusoku-battle-fan\/","url_meta":{"origin":12128,"position":2},"title":"Gusoku Battle Fan","author":"Eric Majo","date":"9 de Dezember de 2025","format":false,"excerpt":"\u00dcber uns: Unsere Fotografien werden ohne Retusche oder Photoshop aufgenommen, damit der Kunde den tats\u00e4chlichen Zustand des Objekts beurteilen kann. Durch eine kontinuierliche Zusammenarbeit direkt mit den besten Sammlern, Museen und Galerien in Japan sowie durch freundschaftliche Beziehungen zu ihnen und dank einer deutlich geringeren Gewinnspanne als bei der europ\u00e4ischen\u2026","rel":"","context":"\u00c4hnlicher Beitrag","block_context":{"text":"\u00c4hnlicher Beitrag","link":""},"img":{"alt_text":"Samurai armor yoroi gusoku for sale \/ Samurai armor yoroi gusoku a katana Samurai armor yoroi gusoku zu verkaufen \/ Samurai armor yoroi gusoku kaufen Samurai armor yoroi gusoku in vendita \/ Acquistare Samurai armor yoroi gusoku Samurai armor yoroi gusoku \u00e0 venda \/ Comprar Samurai armor yoroi gusoku Samurai armor yoroi gusoku \u00e0 vendre \/ Acheter un Samurai armor yoroi gusoku Samurai armor yoroi gusoku te koop \/ Samurai armor yoroi gusoku katana kopen Samurai armor yoroi gusoku na predaj \/ K\u00fapi\u0165 Samurai armor yoroi gusoku Samurai armor yoroi gusoku za prodajo \/ Kupite Samurai armor yoroi gusoku Samurai armor yoroi gusoku zum Verkaf \/ Kaaft eng Samurai armor yoroi gusoku Samurai armor yoroi gusoku na sprzeda\u017c \/ Kup Samurai armor yoroi gusoku","src":"https:\/\/i0.wp.com\/www.supeinnihonto.com\/wp-content\/uploads\/2025\/12\/DSC_5678-scaled.jpg?fit=800%2C1200&ssl=1&resize=350%2C200","width":350,"height":200,"srcset":"https:\/\/i0.wp.com\/www.supeinnihonto.com\/wp-content\/uploads\/2025\/12\/DSC_5678-scaled.jpg?fit=800%2C1200&ssl=1&resize=350%2C200 1x, https:\/\/i0.wp.com\/www.supeinnihonto.com\/wp-content\/uploads\/2025\/12\/DSC_5678-scaled.jpg?fit=800%2C1200&ssl=1&resize=525%2C300 1.5x, https:\/\/i0.wp.com\/www.supeinnihonto.com\/wp-content\/uploads\/2025\/12\/DSC_5678-scaled.jpg?fit=800%2C1200&ssl=1&resize=700%2C400 2x"},"classes":[]},{"id":43827,"url":"https:\/\/www.supeinnihonto.com\/de\/produkt\/gusoku-gunbai-mon-8\/","url_meta":{"origin":12128,"position":3},"title":"Gusoku Gunbai Mon","author":"Eric Majo","date":"24 de Februar de 2026","format":false,"excerpt":"\u00dcber uns: Unsere Fotografien werden ohne Retusche oder Photoshop aufgenommen, damit der Kunde den tats\u00e4chlichen Zustand des Objekts beurteilen kann. Dank einer kontinuierlichen Zusammenarbeit direkt mit den besten Sammlern, Museen und Galerien in Japan sowie den freundschaftlichen Beziehungen zu ihnen und einer deutlich niedrigeren Gewinnmarge als bei der europ\u00e4ischen Konkurrenz\u2026","rel":"","context":"\u00c4hnlicher Beitrag","block_context":{"text":"\u00c4hnlicher Beitrag","link":""},"img":{"alt_text":"Samurai armor for sell edo period","src":"https:\/\/i0.wp.com\/www.supeinnihonto.com\/wp-content\/uploads\/2026\/02\/GEO1293-scaled.jpg?fit=1200%2C799&ssl=1&resize=350%2C200","width":350,"height":200,"srcset":"https:\/\/i0.wp.com\/www.supeinnihonto.com\/wp-content\/uploads\/2026\/02\/GEO1293-scaled.jpg?fit=1200%2C799&ssl=1&resize=350%2C200 1x, https:\/\/i0.wp.com\/www.supeinnihonto.com\/wp-content\/uploads\/2026\/02\/GEO1293-scaled.jpg?fit=1200%2C799&ssl=1&resize=525%2C300 1.5x, https:\/\/i0.wp.com\/www.supeinnihonto.com\/wp-content\/uploads\/2026\/02\/GEO1293-scaled.jpg?fit=1200%2C799&ssl=1&resize=700%2C400 2x, https:\/\/i0.wp.com\/www.supeinnihonto.com\/wp-content\/uploads\/2026\/02\/GEO1293-scaled.jpg?fit=1200%2C799&ssl=1&resize=1050%2C600 3x"},"classes":[]},{"id":45304,"url":"https:\/\/www.supeinnihonto.com\/de\/produkt\/gusoku-gunbai-mon-7\/","url_meta":{"origin":12128,"position":4},"title":"Gusoku Gunbai Mon","author":"Eric Majo","date":"2 de M\u00e4rz de 2026","format":false,"excerpt":"\u00dcber uns: Unsere Fotografien werden ohne Retusche oder Photoshop aufgenommen, damit der Kunde den tats\u00e4chlichen Zustand des Objekts beurteilen kann. Dank einer kontinuierlichen Zusammenarbeit direkt mit den besten Sammlern, Museen und Galerien in Japan sowie den freundschaftlichen Beziehungen zu ihnen und einer deutlich niedrigeren Gewinnmarge als bei der europ\u00e4ischen Konkurrenz\u2026","rel":"","context":"\u00c4hnlicher Beitrag","block_context":{"text":"\u00c4hnlicher Beitrag","link":""},"img":{"alt_text":"Gusoku armor a vendre samourai","src":"https:\/\/i0.wp.com\/www.supeinnihonto.com\/wp-content\/uploads\/2026\/03\/DSC_6652-scaled.jpg?fit=800%2C1200&ssl=1&resize=350%2C200","width":350,"height":200,"srcset":"https:\/\/i0.wp.com\/www.supeinnihonto.com\/wp-content\/uploads\/2026\/03\/DSC_6652-scaled.jpg?fit=800%2C1200&ssl=1&resize=350%2C200 1x, https:\/\/i0.wp.com\/www.supeinnihonto.com\/wp-content\/uploads\/2026\/03\/DSC_6652-scaled.jpg?fit=800%2C1200&ssl=1&resize=525%2C300 1.5x, https:\/\/i0.wp.com\/www.supeinnihonto.com\/wp-content\/uploads\/2026\/03\/DSC_6652-scaled.jpg?fit=800%2C1200&ssl=1&resize=700%2C400 2x"},"classes":[]},{"id":11195,"url":"https:\/\/www.supeinnihonto.com\/de\/produkt\/gusoku-wood-do\/","url_meta":{"origin":12128,"position":5},"title":"Gusoku Schwarz","author":"Eric Majo","date":"16 de August de 2025","format":false,"excerpt":"\u00dcber uns: Unsere Fotografien werden ohne Retusche oder Photoshop aufgenommen, um sicherzustellen, dass der Kunde die Realit\u00e4t des Objekts beurteilen kann. Dank einer kontinuierlichen Zusammenarbeit direkt mit den besten Sammlern, Museen und Galerien in Japan sowie der Freundschaft zu ihnen, kombiniert mit einer Gewinnspanne, die deutlich unter der europ\u00e4ischen Konkurrenz\u2026","rel":"","context":"\u00c4hnlicher Beitrag","block_context":{"text":"\u00c4hnlicher Beitrag","link":""},"img":{"alt_text":"","src":"https:\/\/i0.wp.com\/www.supeinnihonto.com\/wp-content\/uploads\/2025\/07\/DSC_0354-scaled.jpg?fit=800%2C1200&ssl=1&resize=350%2C200","width":350,"height":200,"srcset":"https:\/\/i0.wp.com\/www.supeinnihonto.com\/wp-content\/uploads\/2025\/07\/DSC_0354-scaled.jpg?fit=800%2C1200&ssl=1&resize=350%2C200 1x, https:\/\/i0.wp.com\/www.supeinnihonto.com\/wp-content\/uploads\/2025\/07\/DSC_0354-scaled.jpg?fit=800%2C1200&ssl=1&resize=525%2C300 1.5x, https:\/\/i0.wp.com\/www.supeinnihonto.com\/wp-content\/uploads\/2025\/07\/DSC_0354-scaled.jpg?fit=800%2C1200&ssl=1&resize=700%2C400 2x"},"classes":[]}],"jetpack_sharing_enabled":true,"_links":{"self":[{"href":"https:\/\/www.supeinnihonto.com\/de\/wp-json\/wp\/v2\/product\/12128","targetHints":{"allow":["GET"]}}],"collection":[{"href":"https:\/\/www.supeinnihonto.com\/de\/wp-json\/wp\/v2\/product"}],"about":[{"href":"https:\/\/www.supeinnihonto.com\/de\/wp-json\/wp\/v2\/types\/product"}],"wp:featuredmedia":[{"embeddable":true,"href":"https:\/\/www.supeinnihonto.com\/de\/wp-json\/wp\/v2\/media\/10957"}],"wp:attachment":[{"href":"https:\/\/www.supeinnihonto.com\/de\/wp-json\/wp\/v2\/media?parent=12128"}],"wp:term":[{"taxonomy":"product_brand","embeddable":true,"href":"https:\/\/www.supeinnihonto.com\/de\/wp-json\/wp\/v2\/product_brand?post=12128"},{"taxonomy":"product_cat","embeddable":true,"href":"https:\/\/www.supeinnihonto.com\/de\/wp-json\/wp\/v2\/product_cat?post=12128"},{"taxonomy":"product_tag","embeddable":true,"href":"https:\/\/www.supeinnihonto.com\/de\/wp-json\/wp\/v2\/product_tag?post=12128"}],"curies":[{"name":"wp","href":"https:\/\/api.w.org\/{rel}","templated":true}]}}