{"id":11904,"date":"2025-04-15T12:29:19","date_gmt":"2025-04-15T12:29:19","guid":{"rendered":"https:\/\/www.supeinnihonto.com\/product\/yoroi-gold-and-orange\/"},"modified":"2025-12-14T23:41:04","modified_gmt":"2025-12-14T23:41:04","slug":"yoroi-gold-and-orange","status":"publish","type":"product","link":"https:\/\/www.supeinnihonto.com\/de\/produkt\/yoroi-gold-and-orange\/","title":{"rendered":"Yoroi Gold und Orange"},"content":{"rendered":"<p><em><strong>\u00dcber uns:<\/strong><\/em><\/p>\n<p>Unsere Fotografien werden ohne Retusche oder Photoshop aufgenommen, um sicherzustellen, dass der Kunde die Realit\u00e4t des Objekts beurteilen kann.<\/p>\n<p>Dank der st\u00e4ndigen Zusammenarbeit direkt mit den besten Sammlern, Museen und Galerien in Japan sowie der Freundschaft zu ihnen und einer Gewinnspanne, die deutlich unter der europ\u00e4ischen Konkurrenz liegt, k\u00f6nnen wir Objekte anbieten, sodass viele Menschen sich f\u00fcr authentische St\u00fccke mit Hunderten von Jahren entscheiden k\u00f6nnen \u2013 und das zu mehr als wettbewerbsf\u00e4higen Preisen. Schlie\u00dflich ist Samurai-Kunst unsere Leidenschaft und wir m\u00f6chten sie mit der Welt teilen.<\/p>\n<p><em><strong>\u00dcber die R\u00fcstung:<\/strong><\/em><\/p>\n<p><span>Sie wird mit einem Zertifikat von SupeinNihonto geliefert.<\/span><\/p>\n<p><span>Beeindruckende und sehr hohe R\u00fcstung aus der Edo-Zeit (ca. 1750) in sehr gutem Zustand. Elegante und farbenfrohe R\u00fcstung mit vielen dekorativen Elementen wie dem sch\u00f6nen Drachen-Maedate, bedeckt mit Blattgold und rotem Lack. Vergoldete Teile. Diese St\u00fccke waren sehr teuer und zeugten von hohem Status, weshalb sie bei Sammlern sehr begehrt sind. Sie bewahrt alle Elemente, einschlie\u00dflich des F\u00e4chers, der verwendet wurde, um Befehle an die Front zu senden. Diese Art von R\u00fcstung wurde nicht von einfachen Samurai getragen, sondern geh\u00f6rte \u00fcblicherweise Daimyos oder Feudalherren, die Teile der ihnen unterstellten Armeen befehligten. Deshalb waren sie so farbenfroh und gro\u00df, boten einen h\u00f6heren Schutz als Gusoku. W\u00e4hrend Gusoku f\u00fcr den Kampf zu Fu\u00df gefertigt wurden, war der Ursprung von Yoroi wie diesen der Kampf zu Pferd. Die gro\u00dfen Sode oder Schulterpolster waren als Schilde gegen Pfeile konzipiert. Ein wundersch\u00f6nes St\u00fcck f\u00fcr jeden Sammler japanischer Kunst. Inklusive der antiken, sehr gro\u00dfen Transport- und Ausstellungsbox sowie eines St\u00e4nders zum Zusammenbauen der R\u00fcstung.<\/span><\/p>\n<p>Dieses exklusive St\u00fcck stellt eine unglaubliche Gelegenheit f\u00fcr jeden Sammler japanischer, kriegerischer oder einfach historischer Kunst dar, ein St\u00fcck zu erwerben, das \u00fcberall, wo es ausgestellt wird \u2013 sei es in B\u00fcros, Privathaushalten, B\u00fcros oder Restaurants \u2013 Aufmerksamkeit erregen wird und jedem Ort ein k\u00f6nigliches Aussehen verleiht. Die R\u00fcstung verf\u00fcgt \u00fcber vergoldete Details, die die Qualit\u00e4t des St\u00fccks zeigen. Die unglaubliche Handwerkskunst betont so kunstvolle Teile wie das Kabuto, das Mempo und das Do. Der St\u00e4nder zum Zusammenbauen und die Box sind enthalten. Diese R\u00fcstung wird jeden Sammler asiatischer Kunst begeistern und zum Mittelpunkt jedes Hauses, Ladens oder B\u00fcros werden. Es handelt sich um ein sehr altes Objekt, das durch Zeit und Gebrauch besch\u00e4digt ist. Aufgrund der Empfindlichkeit bei st\u00e4ndigem Auf- und Abbau sind R\u00fcckgaben bei alter R\u00fcstung nicht m\u00f6glich.<\/p>\n<p>&nbsp;<\/p>\n","protected":false},"excerpt":{"rendered":"<p>\u00dcber uns: Unsere Fotografien werden ohne Retusche oder Photoshop aufgenommen, um sicherzustellen, dass der Kunde die Realit\u00e4t des Objekts beurteilen kann. Dank der st\u00e4ndigen Zusammenarbeit direkt mit den besten Sammlern, Museen und Galerien in Japan sowie der Freundschaft zu ihnen und einer Gewinnspanne, die deutlich unter der europ\u00e4ischen Konkurrenz liegt, [&hellip;]<\/p>\n","protected":false},"featured_media":10957,"template":"","meta":{"jetpack_post_was_ever_published":false},"product_brand":[],"product_cat":[569,568],"product_tag":[445,680,589],"class_list":{"0":"post-11904","1":"product","2":"type-product","3":"status-publish","4":"has-post-thumbnail","6":"product_cat-gusoku-yoroi","7":"product_cat-rustung","8":"product_tag-edo","9":"product_tag-eisen","10":"product_tag-yoroi","11":"product_shipping_class-schwer","13":"first","14":"outofstock","15":"sold-individually","16":"shipping-taxable","17":"purchasable","18":"product-type-simple"},"yoast_head":"<!-- This site is optimized with the Yoast SEO plugin v27.5 - https:\/\/yoast.com\/product\/yoast-seo-wordpress\/ -->\n<title>Yoroi Gold und Orange - Supein Nihonto<\/title>\n<meta name=\"description\" content=\"Impressive and very tall Edo period armour in good condition. Elegant and colourful armour with lots of decorative elements like the beautiful dragon maedate, covered in gold leaf and red lacquer.\" \/>\n<meta name=\"robots\" content=\"index, follow, max-snippet:-1, max-image-preview:large, max-video-preview:-1\" \/>\n<link rel=\"canonical\" href=\"https:\/\/www.supeinnihonto.com\/de\/produkt\/yoroi-gold-and-orange\/\" \/>\n<meta property=\"og:locale\" content=\"de_DE\" \/>\n<meta property=\"og:type\" content=\"article\" \/>\n<meta property=\"og:title\" content=\"Yoroi Gold und Orange - Supein Nihonto\" \/>\n<meta property=\"og:description\" content=\"Impressive and very tall Edo period armour in good condition. Elegant and colourful armour with lots of decorative elements like the beautiful dragon maedate, covered in gold leaf and red lacquer.\" \/>\n<meta property=\"og:url\" content=\"https:\/\/www.supeinnihonto.com\/de\/produkt\/yoroi-gold-and-orange\/\" \/>\n<meta property=\"og:site_name\" content=\"Supein Nihonto\" \/>\n<meta property=\"article:modified_time\" content=\"2025-12-14T23:41:04+00:00\" \/>\n<meta property=\"og:image\" content=\"https:\/\/www.supeinnihonto.com\/wp-content\/uploads\/2024\/02\/logo-sold.png\" \/>\n\t<meta property=\"og:image:width\" content=\"3125\" \/>\n\t<meta property=\"og:image:height\" content=\"1875\" \/>\n\t<meta property=\"og:image:type\" content=\"image\/png\" \/>\n<meta name=\"twitter:card\" content=\"summary_large_image\" \/>\n<meta name=\"twitter:label1\" content=\"Gesch\u00e4tzte Lesezeit\" \/>\n\t<meta name=\"twitter:data1\" content=\"2\u00a0Minuten\" \/>\n<script type=\"application\/ld+json\" class=\"yoast-schema-graph\">{\"@context\":\"https:\\\/\\\/schema.org\",\"@graph\":[{\"@type\":\"WebPage\",\"@id\":\"https:\\\/\\\/www.supeinnihonto.com\\\/de\\\/produkt\\\/yoroi-gold-and-orange\\\/\",\"url\":\"https:\\\/\\\/www.supeinnihonto.com\\\/de\\\/produkt\\\/yoroi-gold-and-orange\\\/\",\"name\":\"Yoroi Gold und Orange - Supein Nihonto\",\"isPartOf\":{\"@id\":\"https:\\\/\\\/www.supeinnihonto.com\\\/de\\\/#website\"},\"primaryImageOfPage\":{\"@id\":\"https:\\\/\\\/www.supeinnihonto.com\\\/de\\\/produkt\\\/yoroi-gold-and-orange\\\/#primaryimage\"},\"image\":{\"@id\":\"https:\\\/\\\/www.supeinnihonto.com\\\/de\\\/produkt\\\/yoroi-gold-and-orange\\\/#primaryimage\"},\"thumbnailUrl\":\"https:\\\/\\\/i0.wp.com\\\/www.supeinnihonto.com\\\/wp-content\\\/uploads\\\/2024\\\/02\\\/logo-sold-scaled.png?fit=3125%2C1875&ssl=1\",\"datePublished\":\"2025-04-15T12:29:19+00:00\",\"dateModified\":\"2025-12-14T23:41:04+00:00\",\"description\":\"Impressive and very tall Edo period armour in good condition. Elegant and colourful armour with lots of decorative elements like the beautiful dragon maedate, covered in gold leaf and red lacquer.\",\"breadcrumb\":{\"@id\":\"https:\\\/\\\/www.supeinnihonto.com\\\/de\\\/produkt\\\/yoroi-gold-and-orange\\\/#breadcrumb\"},\"inLanguage\":\"de\",\"potentialAction\":[{\"@type\":\"ReadAction\",\"target\":[\"https:\\\/\\\/www.supeinnihonto.com\\\/de\\\/produkt\\\/yoroi-gold-and-orange\\\/\"]}]},{\"@type\":\"ImageObject\",\"inLanguage\":\"de\",\"@id\":\"https:\\\/\\\/www.supeinnihonto.com\\\/de\\\/produkt\\\/yoroi-gold-and-orange\\\/#primaryimage\",\"url\":\"https:\\\/\\\/i0.wp.com\\\/www.supeinnihonto.com\\\/wp-content\\\/uploads\\\/2024\\\/02\\\/logo-sold-scaled.png?fit=3125%2C1875&ssl=1\",\"contentUrl\":\"https:\\\/\\\/i0.wp.com\\\/www.supeinnihonto.com\\\/wp-content\\\/uploads\\\/2024\\\/02\\\/logo-sold-scaled.png?fit=3125%2C1875&ssl=1\",\"width\":3125,\"height\":1875,\"caption\":\"sold\"},{\"@type\":\"BreadcrumbList\",\"@id\":\"https:\\\/\\\/www.supeinnihonto.com\\\/de\\\/produkt\\\/yoroi-gold-and-orange\\\/#breadcrumb\",\"itemListElement\":[{\"@type\":\"ListItem\",\"position\":1,\"name\":\"Portada\",\"item\":\"https:\\\/\\\/www.supeinnihonto.com\\\/de\\\/\"},{\"@type\":\"ListItem\",\"position\":2,\"name\":\"Shop\",\"item\":\"https:\\\/\\\/www.supeinnihonto.com\\\/de\\\/shop\\\/\"},{\"@type\":\"ListItem\",\"position\":3,\"name\":\"Yoroi Gold und Orange\"}]},{\"@type\":\"WebSite\",\"@id\":\"https:\\\/\\\/www.supeinnihonto.com\\\/de\\\/#website\",\"url\":\"https:\\\/\\\/www.supeinnihonto.com\\\/de\\\/\",\"name\":\"Supein Nihonto\",\"description\":\"Authentic japanese Nihonto katana \",\"publisher\":{\"@id\":\"https:\\\/\\\/www.supeinnihonto.com\\\/de\\\/#organization\"},\"potentialAction\":[{\"@type\":\"SearchAction\",\"target\":{\"@type\":\"EntryPoint\",\"urlTemplate\":\"https:\\\/\\\/www.supeinnihonto.com\\\/de\\\/?s={search_term_string}\"},\"query-input\":{\"@type\":\"PropertyValueSpecification\",\"valueRequired\":true,\"valueName\":\"search_term_string\"}}],\"inLanguage\":\"de\"},{\"@type\":\"Organization\",\"@id\":\"https:\\\/\\\/www.supeinnihonto.com\\\/de\\\/#organization\",\"name\":\"SupeinNihonto\",\"url\":\"https:\\\/\\\/www.supeinnihonto.com\\\/de\\\/\",\"logo\":{\"@type\":\"ImageObject\",\"inLanguage\":\"de\",\"@id\":\"https:\\\/\\\/www.supeinnihonto.com\\\/de\\\/#\\\/schema\\\/logo\\\/image\\\/\",\"url\":\"https:\\\/\\\/www.supeinnihonto.com\\\/wp-content\\\/uploads\\\/2021\\\/11\\\/animation_Default_3szk0jcenoloop.gif\",\"contentUrl\":\"https:\\\/\\\/www.supeinnihonto.com\\\/wp-content\\\/uploads\\\/2021\\\/11\\\/animation_Default_3szk0jcenoloop.gif\",\"width\":750,\"height\":641,\"caption\":\"SupeinNihonto\"},\"image\":{\"@id\":\"https:\\\/\\\/www.supeinnihonto.com\\\/de\\\/#\\\/schema\\\/logo\\\/image\\\/\"}}]}<\/script>\n<!-- \/ Yoast SEO plugin. -->","yoast_head_json":{"title":"Yoroi Gold und Orange - Supein Nihonto","description":"Impressive and very tall Edo period armour in good condition. Elegant and colourful armour with lots of decorative elements like the beautiful dragon maedate, covered in gold leaf and red lacquer.","robots":{"index":"index","follow":"follow","max-snippet":"max-snippet:-1","max-image-preview":"max-image-preview:large","max-video-preview":"max-video-preview:-1"},"canonical":"https:\/\/www.supeinnihonto.com\/de\/produkt\/yoroi-gold-and-orange\/","og_locale":"de_DE","og_type":"article","og_title":"Yoroi Gold und Orange - Supein Nihonto","og_description":"Impressive and very tall Edo period armour in good condition. Elegant and colourful armour with lots of decorative elements like the beautiful dragon maedate, covered in gold leaf and red lacquer.","og_url":"https:\/\/www.supeinnihonto.com\/de\/produkt\/yoroi-gold-and-orange\/","og_site_name":"Supein Nihonto","article_modified_time":"2025-12-14T23:41:04+00:00","og_image":[{"width":3125,"height":1875,"url":"https:\/\/www.supeinnihonto.com\/wp-content\/uploads\/2024\/02\/logo-sold.png","type":"image\/png"}],"twitter_card":"summary_large_image","twitter_misc":{"Gesch\u00e4tzte Lesezeit":"2\u00a0Minuten"},"schema":{"@context":"https:\/\/schema.org","@graph":[{"@type":"WebPage","@id":"https:\/\/www.supeinnihonto.com\/de\/produkt\/yoroi-gold-and-orange\/","url":"https:\/\/www.supeinnihonto.com\/de\/produkt\/yoroi-gold-and-orange\/","name":"Yoroi Gold und Orange - Supein Nihonto","isPartOf":{"@id":"https:\/\/www.supeinnihonto.com\/de\/#website"},"primaryImageOfPage":{"@id":"https:\/\/www.supeinnihonto.com\/de\/produkt\/yoroi-gold-and-orange\/#primaryimage"},"image":{"@id":"https:\/\/www.supeinnihonto.com\/de\/produkt\/yoroi-gold-and-orange\/#primaryimage"},"thumbnailUrl":"https:\/\/i0.wp.com\/www.supeinnihonto.com\/wp-content\/uploads\/2024\/02\/logo-sold-scaled.png?fit=3125%2C1875&ssl=1","datePublished":"2025-04-15T12:29:19+00:00","dateModified":"2025-12-14T23:41:04+00:00","description":"Impressive and very tall Edo period armour in good condition. Elegant and colourful armour with lots of decorative elements like the beautiful dragon maedate, covered in gold leaf and red lacquer.","breadcrumb":{"@id":"https:\/\/www.supeinnihonto.com\/de\/produkt\/yoroi-gold-and-orange\/#breadcrumb"},"inLanguage":"de","potentialAction":[{"@type":"ReadAction","target":["https:\/\/www.supeinnihonto.com\/de\/produkt\/yoroi-gold-and-orange\/"]}]},{"@type":"ImageObject","inLanguage":"de","@id":"https:\/\/www.supeinnihonto.com\/de\/produkt\/yoroi-gold-and-orange\/#primaryimage","url":"https:\/\/i0.wp.com\/www.supeinnihonto.com\/wp-content\/uploads\/2024\/02\/logo-sold-scaled.png?fit=3125%2C1875&ssl=1","contentUrl":"https:\/\/i0.wp.com\/www.supeinnihonto.com\/wp-content\/uploads\/2024\/02\/logo-sold-scaled.png?fit=3125%2C1875&ssl=1","width":3125,"height":1875,"caption":"sold"},{"@type":"BreadcrumbList","@id":"https:\/\/www.supeinnihonto.com\/de\/produkt\/yoroi-gold-and-orange\/#breadcrumb","itemListElement":[{"@type":"ListItem","position":1,"name":"Portada","item":"https:\/\/www.supeinnihonto.com\/de\/"},{"@type":"ListItem","position":2,"name":"Shop","item":"https:\/\/www.supeinnihonto.com\/de\/shop\/"},{"@type":"ListItem","position":3,"name":"Yoroi Gold und Orange"}]},{"@type":"WebSite","@id":"https:\/\/www.supeinnihonto.com\/de\/#website","url":"https:\/\/www.supeinnihonto.com\/de\/","name":"Supein Nihonto","description":"Authentic japanese Nihonto katana ","publisher":{"@id":"https:\/\/www.supeinnihonto.com\/de\/#organization"},"potentialAction":[{"@type":"SearchAction","target":{"@type":"EntryPoint","urlTemplate":"https:\/\/www.supeinnihonto.com\/de\/?s={search_term_string}"},"query-input":{"@type":"PropertyValueSpecification","valueRequired":true,"valueName":"search_term_string"}}],"inLanguage":"de"},{"@type":"Organization","@id":"https:\/\/www.supeinnihonto.com\/de\/#organization","name":"SupeinNihonto","url":"https:\/\/www.supeinnihonto.com\/de\/","logo":{"@type":"ImageObject","inLanguage":"de","@id":"https:\/\/www.supeinnihonto.com\/de\/#\/schema\/logo\/image\/","url":"https:\/\/www.supeinnihonto.com\/wp-content\/uploads\/2021\/11\/animation_Default_3szk0jcenoloop.gif","contentUrl":"https:\/\/www.supeinnihonto.com\/wp-content\/uploads\/2021\/11\/animation_Default_3szk0jcenoloop.gif","width":750,"height":641,"caption":"SupeinNihonto"},"image":{"@id":"https:\/\/www.supeinnihonto.com\/de\/#\/schema\/logo\/image\/"}}]}},"jetpack-related-posts":[{"id":11220,"url":"https:\/\/www.supeinnihonto.com\/de\/produkt\/yoroi-orange-blue-cordage\/","url_meta":{"origin":11904,"position":0},"title":"Yoroi Orange Blaue Schnur","author":"Eric Majo","date":"16 de August de 2025","format":false,"excerpt":"\u00dcber uns: Unsere Fotografien werden ohne Retusche oder Photoshop aufgenommen, um sicherzustellen, dass der Kunde die Realit\u00e4t des Objekts beurteilen kann. Dank der st\u00e4ndigen Zusammenarbeit direkt mit den besten Sammlern, Museen und Galerien in Japan sowie der Freundschaft zu ihnen und einer Gewinnspanne, die deutlich unter der europ\u00e4ischen Konkurrenz liegt,\u2026","rel":"","context":"\u00c4hnlicher Beitrag","block_context":{"text":"\u00c4hnlicher Beitrag","link":""},"img":{"alt_text":"","src":"https:\/\/i0.wp.com\/www.supeinnihonto.com\/wp-content\/uploads\/2025\/07\/DSC_0171-scaled.jpg?fit=800%2C1200&ssl=1&resize=350%2C200","width":350,"height":200,"srcset":"https:\/\/i0.wp.com\/www.supeinnihonto.com\/wp-content\/uploads\/2025\/07\/DSC_0171-scaled.jpg?fit=800%2C1200&ssl=1&resize=350%2C200 1x, https:\/\/i0.wp.com\/www.supeinnihonto.com\/wp-content\/uploads\/2025\/07\/DSC_0171-scaled.jpg?fit=800%2C1200&ssl=1&resize=525%2C300 1.5x, https:\/\/i0.wp.com\/www.supeinnihonto.com\/wp-content\/uploads\/2025\/07\/DSC_0171-scaled.jpg?fit=800%2C1200&ssl=1&resize=700%2C400 2x"},"classes":[]},{"id":11195,"url":"https:\/\/www.supeinnihonto.com\/de\/produkt\/gusoku-wood-do\/","url_meta":{"origin":11904,"position":1},"title":"Gusoku Schwarz","author":"Eric Majo","date":"16 de August de 2025","format":false,"excerpt":"\u00dcber uns: Unsere Fotografien werden ohne Retusche oder Photoshop aufgenommen, um sicherzustellen, dass der Kunde die Realit\u00e4t des Objekts beurteilen kann. Dank einer kontinuierlichen Zusammenarbeit direkt mit den besten Sammlern, Museen und Galerien in Japan sowie der Freundschaft zu ihnen, kombiniert mit einer Gewinnspanne, die deutlich unter der europ\u00e4ischen Konkurrenz\u2026","rel":"","context":"\u00c4hnlicher Beitrag","block_context":{"text":"\u00c4hnlicher Beitrag","link":""},"img":{"alt_text":"","src":"https:\/\/i0.wp.com\/www.supeinnihonto.com\/wp-content\/uploads\/2025\/07\/DSC_0354-scaled.jpg?fit=800%2C1200&ssl=1&resize=350%2C200","width":350,"height":200,"srcset":"https:\/\/i0.wp.com\/www.supeinnihonto.com\/wp-content\/uploads\/2025\/07\/DSC_0354-scaled.jpg?fit=800%2C1200&ssl=1&resize=350%2C200 1x, https:\/\/i0.wp.com\/www.supeinnihonto.com\/wp-content\/uploads\/2025\/07\/DSC_0354-scaled.jpg?fit=800%2C1200&ssl=1&resize=525%2C300 1.5x, https:\/\/i0.wp.com\/www.supeinnihonto.com\/wp-content\/uploads\/2025\/07\/DSC_0354-scaled.jpg?fit=800%2C1200&ssl=1&resize=700%2C400 2x"},"classes":[]},{"id":9940,"url":"https:\/\/www.supeinnihonto.com\/de\/produkt\/gusoku-signed-myochin-kitakyushu-museum\/","url_meta":{"origin":11904,"position":2},"title":"Gusoku signiert \u201eMyochin\u201c Kitaky\u016bsh\u016b Museum","author":"Eric Majo","date":"22 de November de 2025","format":false,"excerpt":"\u00dcber uns: Unsere Fotografien werden ohne Retusche oder Photoshop aufgenommen, um sicherzustellen, dass der Kunde die Realit\u00e4t des Objekts beurteilen kann. Dank der st\u00e4ndigen Zusammenarbeit direkt mit den besten Sammlern, Museen und Galerien in Japan sowie der Freundschaft zu ihnen und einer Gewinnspanne, die deutlich unter der europ\u00e4ischen Konkurrenz liegt,\u2026","rel":"","context":"\u00c4hnlicher Beitrag","block_context":{"text":"\u00c4hnlicher Beitrag","link":""},"img":{"alt_text":"Gusoku Museum yoroi Myochin","src":"https:\/\/i0.wp.com\/www.supeinnihonto.com\/wp-content\/uploads\/2025\/11\/ARM001-2025Oct22-14.jpg?fit=1200%2C799&ssl=1&resize=350%2C200","width":350,"height":200,"srcset":"https:\/\/i0.wp.com\/www.supeinnihonto.com\/wp-content\/uploads\/2025\/11\/ARM001-2025Oct22-14.jpg?fit=1200%2C799&ssl=1&resize=350%2C200 1x, https:\/\/i0.wp.com\/www.supeinnihonto.com\/wp-content\/uploads\/2025\/11\/ARM001-2025Oct22-14.jpg?fit=1200%2C799&ssl=1&resize=525%2C300 1.5x, https:\/\/i0.wp.com\/www.supeinnihonto.com\/wp-content\/uploads\/2025\/11\/ARM001-2025Oct22-14.jpg?fit=1200%2C799&ssl=1&resize=700%2C400 2x, https:\/\/i0.wp.com\/www.supeinnihonto.com\/wp-content\/uploads\/2025\/11\/ARM001-2025Oct22-14.jpg?fit=1200%2C799&ssl=1&resize=1050%2C600 3x"},"classes":[]},{"id":45444,"url":"https:\/\/www.supeinnihonto.com\/de\/produkt\/gusoku-gunbai-mon-4\/","url_meta":{"origin":11904,"position":3},"title":"Gusoku Gunbai Mon","author":"Eric Majo","date":"3 de M\u00e4rz de 2026","format":false,"excerpt":"\u00dcber uns: Unsere Fotografien werden ohne Retusche oder Photoshop aufgenommen, damit der Kunde den tats\u00e4chlichen Zustand des Objekts beurteilen kann. Dank einer kontinuierlichen Zusammenarbeit direkt mit den besten Sammlern, Museen und Galerien in Japan sowie den freundschaftlichen Beziehungen zu ihnen und einer deutlich niedrigeren Gewinnmarge als bei der europ\u00e4ischen Konkurrenz\u2026","rel":"","context":"\u00c4hnlicher Beitrag","block_context":{"text":"\u00c4hnlicher Beitrag","link":""},"img":{"alt_text":"Samurai armor yoroi gusoku zu verkaufen \/ Samurai armor yoroi gusoku kaufen","src":"https:\/\/i0.wp.com\/www.supeinnihonto.com\/wp-content\/uploads\/2026\/03\/GEO1528-scaled.jpg?fit=1200%2C799&ssl=1&resize=350%2C200","width":350,"height":200,"srcset":"https:\/\/i0.wp.com\/www.supeinnihonto.com\/wp-content\/uploads\/2026\/03\/GEO1528-scaled.jpg?fit=1200%2C799&ssl=1&resize=350%2C200 1x, https:\/\/i0.wp.com\/www.supeinnihonto.com\/wp-content\/uploads\/2026\/03\/GEO1528-scaled.jpg?fit=1200%2C799&ssl=1&resize=525%2C300 1.5x, https:\/\/i0.wp.com\/www.supeinnihonto.com\/wp-content\/uploads\/2026\/03\/GEO1528-scaled.jpg?fit=1200%2C799&ssl=1&resize=700%2C400 2x, https:\/\/i0.wp.com\/www.supeinnihonto.com\/wp-content\/uploads\/2026\/03\/GEO1528-scaled.jpg?fit=1200%2C799&ssl=1&resize=1050%2C600 3x"},"classes":[]},{"id":45498,"url":"https:\/\/www.supeinnihonto.com\/de\/produkt\/gusoku-gunbai-mon-2\/","url_meta":{"origin":11904,"position":4},"title":"Gusoku Gunbai Mon","author":"Eric Majo","date":"3 de M\u00e4rz de 2026","format":false,"excerpt":"\u00dcber uns: Unsere Fotografien werden ohne Retusche oder Photoshop aufgenommen, damit der Kunde den tats\u00e4chlichen Zustand des Objekts beurteilen kann. Dank einer kontinuierlichen Zusammenarbeit direkt mit den besten Sammlern, Museen und Galerien in Japan sowie den freundschaftlichen Beziehungen zu ihnen und einer deutlich niedrigeren Gewinnmarge als bei der europ\u00e4ischen Konkurrenz\u2026","rel":"","context":"\u00c4hnlicher Beitrag","block_context":{"text":"\u00c4hnlicher Beitrag","link":""},"img":{"alt_text":"sold","src":"https:\/\/i0.wp.com\/www.supeinnihonto.com\/wp-content\/uploads\/2024\/02\/logo-sold-scaled.png?fit=1200%2C720&ssl=1&resize=350%2C200","width":350,"height":200,"srcset":"https:\/\/i0.wp.com\/www.supeinnihonto.com\/wp-content\/uploads\/2024\/02\/logo-sold-scaled.png?fit=1200%2C720&ssl=1&resize=350%2C200 1x, https:\/\/i0.wp.com\/www.supeinnihonto.com\/wp-content\/uploads\/2024\/02\/logo-sold-scaled.png?fit=1200%2C720&ssl=1&resize=525%2C300 1.5x, https:\/\/i0.wp.com\/www.supeinnihonto.com\/wp-content\/uploads\/2024\/02\/logo-sold-scaled.png?fit=1200%2C720&ssl=1&resize=700%2C400 2x, https:\/\/i0.wp.com\/www.supeinnihonto.com\/wp-content\/uploads\/2024\/02\/logo-sold-scaled.png?fit=1200%2C720&ssl=1&resize=1050%2C600 3x"},"classes":[]},{"id":49227,"url":"https:\/\/www.supeinnihonto.com\/de\/produkt\/gusoku-gunbai-mon-copy\/","url_meta":{"origin":11904,"position":5},"title":"Gusoku Gunbai Mon (Copy)","author":"Eric Majo","date":"11 de M\u00e4rz de 2026","format":false,"excerpt":"\u00dcber uns: Unsere Fotografien werden ohne Retusche oder Photoshop aufgenommen, damit der Kunde den tats\u00e4chlichen Zustand des Objekts beurteilen kann. Dank einer kontinuierlichen Zusammenarbeit direkt mit den besten Sammlern, Museen und Galerien in Japan sowie den freundschaftlichen Beziehungen zu ihnen und einer deutlich niedrigeren Gewinnmarge als bei der europ\u00e4ischen Konkurrenz\u2026","rel":"","context":"\u00c4hnlicher Beitrag","block_context":{"text":"\u00c4hnlicher Beitrag","link":""},"img":{"alt_text":"Samurai armor yoroi gusoku for sale \/ Samurai armor yoroi gusoku a katana Samurai armor yoroi gusoku zu verkaufen \/ Samurai armor yoroi gusoku kaufen Samurai armor yoroi gusoku in vendita \/ Acquistare Samurai armor yoroi gusoku Samurai armor yoroi gusoku \u00e0 venda \/ Comprar Samurai armor yoroi gusoku Samurai armor yoroi gusoku \u00e0 vendre \/ Acheter un Samurai armor yoroi gusoku Samurai armor yoroi gusoku te koop \/ Samurai armor yoroi gusoku katana kopen Samurai armor yoroi gusoku na predaj \/ K\u00fapi\u0165 Samurai armor yoroi gusoku Samurai armor yoroi gusoku za prodajo \/ Kupite Samurai armor yoroi gusoku Samurai armor yoroi gusoku zum Verkaf \/ Kaaft eng Samurai armor yoroi gusoku Samurai armor yoroi gusoku na sprzeda\u017c \/ Kup Samurai armor yoroi gusoku Kabuto samurai helmet","src":"https:\/\/i0.wp.com\/www.supeinnihonto.com\/wp-content\/uploads\/2026\/03\/GEO1918-scaled.jpg?fit=1200%2C799&ssl=1&resize=350%2C200","width":350,"height":200,"srcset":"https:\/\/i0.wp.com\/www.supeinnihonto.com\/wp-content\/uploads\/2026\/03\/GEO1918-scaled.jpg?fit=1200%2C799&ssl=1&resize=350%2C200 1x, https:\/\/i0.wp.com\/www.supeinnihonto.com\/wp-content\/uploads\/2026\/03\/GEO1918-scaled.jpg?fit=1200%2C799&ssl=1&resize=525%2C300 1.5x, https:\/\/i0.wp.com\/www.supeinnihonto.com\/wp-content\/uploads\/2026\/03\/GEO1918-scaled.jpg?fit=1200%2C799&ssl=1&resize=700%2C400 2x, https:\/\/i0.wp.com\/www.supeinnihonto.com\/wp-content\/uploads\/2026\/03\/GEO1918-scaled.jpg?fit=1200%2C799&ssl=1&resize=1050%2C600 3x"},"classes":[]}],"jetpack_sharing_enabled":true,"_links":{"self":[{"href":"https:\/\/www.supeinnihonto.com\/de\/wp-json\/wp\/v2\/product\/11904","targetHints":{"allow":["GET"]}}],"collection":[{"href":"https:\/\/www.supeinnihonto.com\/de\/wp-json\/wp\/v2\/product"}],"about":[{"href":"https:\/\/www.supeinnihonto.com\/de\/wp-json\/wp\/v2\/types\/product"}],"wp:featuredmedia":[{"embeddable":true,"href":"https:\/\/www.supeinnihonto.com\/de\/wp-json\/wp\/v2\/media\/10957"}],"wp:attachment":[{"href":"https:\/\/www.supeinnihonto.com\/de\/wp-json\/wp\/v2\/media?parent=11904"}],"wp:term":[{"taxonomy":"product_brand","embeddable":true,"href":"https:\/\/www.supeinnihonto.com\/de\/wp-json\/wp\/v2\/product_brand?post=11904"},{"taxonomy":"product_cat","embeddable":true,"href":"https:\/\/www.supeinnihonto.com\/de\/wp-json\/wp\/v2\/product_cat?post=11904"},{"taxonomy":"product_tag","embeddable":true,"href":"https:\/\/www.supeinnihonto.com\/de\/wp-json\/wp\/v2\/product_tag?post=11904"}],"curies":[{"name":"wp","href":"https:\/\/api.w.org\/{rel}","templated":true}]}}