{"id":11220,"date":"2025-08-16T10:12:16","date_gmt":"2025-08-16T10:12:16","guid":{"rendered":"https:\/\/www.supeinnihonto.com\/product\/yoroi-orange-blue-cordage\/"},"modified":"2025-12-18T23:03:25","modified_gmt":"2025-12-18T23:03:25","slug":"yoroi-orange-blue-cordage","status":"publish","type":"product","link":"https:\/\/www.supeinnihonto.com\/de\/produkt\/yoroi-orange-blue-cordage\/","title":{"rendered":"Yoroi Orange Blaue Schnur"},"content":{"rendered":"<p><em><strong>\u00dcber uns:<\/strong><\/em><\/p>\n<p>Unsere Fotografien werden ohne Retusche oder Photoshop aufgenommen, um sicherzustellen, dass der Kunde die Realit\u00e4t des Objekts beurteilen kann. Dank der st\u00e4ndigen Zusammenarbeit direkt mit den besten Sammlern, Museen und Galerien in Japan sowie der Freundschaft zu ihnen und einer Gewinnspanne, die deutlich unter der europ\u00e4ischen Konkurrenz liegt, k\u00f6nnen wir Objekte anbieten, sodass viele Menschen sich entscheiden k\u00f6nnen, authentische St\u00fccke mit Hunderten von Jahren zu mehr als wettbewerbsf\u00e4higen Preisen zu erwerben. Schlie\u00dflich ist Samurai-Kunst unsere Leidenschaft und wir m\u00f6chten sie mit der Welt teilen.<\/p>\n<p><em><strong>\u00dcber die R\u00fcstung:<\/strong><\/em><\/p>\n<p><span>Sie wird mit einem Zertifikat von SupeinNihonto geliefert.<\/span><\/p>\n<p><span>ARTIKEL:<\/span><\/p>\n<p><span>Dies ist ein komplettes japanisches R\u00fcstungsset aus der sp\u00e4ten Edo- bis Meiji-Zeit, das sowohl effektiven Schutz auf dem Schlachtfeld als auch zeremonielle Eleganz zeigt \u2014 eine Verschmelzung von Funktion, Symbolik und \u00e4sthetischer Pr\u00e4zision.<\/span><\/p>\n<p><span>Kabuto (Helm):<\/span><\/p>\n<p><span>Typ: Suji bachi Kabuto aus Nerikawa mit 24 vertikal genieteten Platten.<\/span><\/p>\n<p><span>Maedate: Ein gro\u00dfer goldener Halbmond, symbolisch f\u00fcr Spiritualit\u00e4t, Geheimnis und g\u00f6ttlichen Einfluss.<\/span><\/p>\n<p><span>Shikoro: Dreistufiger Nackenschutz mit tiefblauen Kordeln und rotem Rand.<\/span><\/p>\n<p><span>Fukigaeshi: Auff\u00e4llig und gebogen, mit dezenten eingravierten Motiven.<\/span><\/p>\n<p><span>Tehen no kanamono: Klassische runde Beschlag, minimalistisch im Design.<\/span><\/p>\n<p><span>Gesichtsschutz:<\/span><\/p>\n<p><span>Der Hals wird durch ein feines Nodo-wa gesch\u00fctzt, verziert mit roten und schwarzen Flechtungen und drei Familienwappen (Mon): zwei runde Kreuze und ein goldener Bl\u00e4tterbund.<\/span><\/p>\n<p><span>Do (Brustpanzer):<\/span><\/p>\n<p><span>Typ: Tatehagi Okegawa D\u014d, horizontal lamellar Brustpanzer.<\/span><\/p>\n<p><span>Lackierung: Schwarz, gl\u00e4nzend und gut erhalten.<\/span><\/p>\n<p><span>Kordelwerk: Brilliantrot, kombiniert mit Marineblau, Gr\u00fcn, Wei\u00df und Off-White Kordeln, die ein symmetrisches \u201eV\u201c-Muster vorne und hinten bilden.<\/span><\/p>\n<p><span>Verzierungen: Aufwendige vergoldete Beschl\u00e4ge und Mon (rundes Kreuz und florales Motiv).<\/span><\/p>\n<p><span>Sode (Schulterplatten):<\/span><\/p>\n<p><span>Typ: \u014c-sode, gro\u00dffl\u00e4chig, mehrteilig.<\/span><\/p>\n<p><span>Kordelmuster: Konsistent mit dem Rest der R\u00fcstung, was hohen zeremoniellen Wert widerspiegelt.<\/span><\/p>\n<p><span>Kote (Panzer\u00e4rmel):<\/span><br \/>\n<span>Lackierte Eisenplatten auf indigoblauem Stoff aufgen\u00e4ht.<\/span><\/p>\n<p><span>Kettenpanzer (Kusari) Abschnitte und verst\u00e4rkte Handsch\u00fctzer.<\/span><\/p>\n<p><span>Haidate und Suneate:<\/span><br \/>\n<span>Haidate: Mehrteilige Oberschenkelsch\u00fctzer mit dekorativen Bes\u00e4tzen.<\/span><\/p>\n<p><span>Suneate: Unterschenkelsch\u00fctzer mit vertikaler Plattenanordnung.<\/span><\/p>\n<p><span>Historischer Kontext:<\/span><\/p>\n<p><span>Dieses Set spiegelt den \u00dcbergang der Samurai-R\u00fcstung von der sp\u00e4ten Edo- zur Meiji-Zeit wider, von der praktischen Schlachtfeldnutzung hin zur symbolischen und zeremoniellen Bedeutung. Das Halbmond-Maedate ruft mystische oder g\u00f6ttliche Assoziationen hervor, w\u00e4hrend die lebhaften Kordeln und heraldischen Wappen auf eine Elitezugeh\u00f6rigkeit hinweisen, wahrscheinlich f\u00fcr formelle Paraden oder hochrangige Offizielle.<\/span><\/p>\n<p><span>Sein exzellenter Erhaltungszustand, die vollst\u00e4ndigen Komponenten und die ausgewogene \u00c4sthetik machen diese R\u00fcstung \u00e4u\u00dferst begehrenswert.<\/span><\/p>\n<p>Dieses exklusive St\u00fcck stellt eine unglaubliche Gelegenheit f\u00fcr jeden Sammler japanischer, kriegerischer oder einfach historischer Kunst dar, ein St\u00fcck zu erwerben, das \u00fcberall Aufmerksamkeit erregen wird, sei es in B\u00fcros, Privath\u00e4usern, B\u00fcros oder Restaurants, und jedem Ort ein k\u00f6nigliches Aussehen verleiht. Die R\u00fcstung verf\u00fcgt \u00fcber vergoldete Details, die die Qualit\u00e4t des St\u00fccks zeigen. Die unglaubliche Handwerkskunst betont so kunstvolle Teile wie den Kabuto, das Mempo und den Do. Der St\u00e4nder zum Zusammenbauen und die Box sind enthalten. Diese R\u00fcstung wird jeden Sammler asiatischer Kunst begeistern und zum Mittelpunkt jedes Besucherhauses, Ladens oder B\u00fcros werden. Es handelt sich um ein sehr altes Objekt, das durch Zeit und Gebrauch besch\u00e4digt ist. Aufgrund der Empfindlichkeit bei st\u00e4ndigem Auf- und Abbau sind R\u00fcckgaben bei alter R\u00fcstung nicht m\u00f6glich.<\/p>\n<p>&nbsp;<\/p>\n","protected":false},"excerpt":{"rendered":"<p>\u00dcber uns: Unsere Fotografien werden ohne Retusche oder Photoshop aufgenommen, um sicherzustellen, dass der Kunde die Realit\u00e4t des Objekts beurteilen kann. Dank der st\u00e4ndigen Zusammenarbeit direkt mit den besten Sammlern, Museen und Galerien in Japan sowie der Freundschaft zu ihnen und einer Gewinnspanne, die deutlich unter der europ\u00e4ischen Konkurrenz liegt, [&hellip;]<\/p>\n","protected":false},"featured_media":11221,"template":"","meta":{"jetpack_post_was_ever_published":false},"product_brand":[],"product_cat":[569,568],"product_tag":[445,680,589],"class_list":{"0":"post-11220","1":"product","2":"type-product","3":"status-publish","4":"has-post-thumbnail","6":"product_cat-gusoku-yoroi","7":"product_cat-rustung","8":"product_tag-edo","9":"product_tag-eisen","10":"product_tag-yoroi","11":"product_shipping_class-heavy","13":"first","14":"instock","15":"sale","16":"featured","17":"sold-individually","18":"shipping-taxable","19":"purchasable","20":"product-type-simple"},"yoast_head":"<!-- This site is optimized with the Yoast SEO plugin v27.5 - https:\/\/yoast.com\/product\/yoast-seo-wordpress\/ -->\n<title>Yoroi Orange Blaue Schnur - Supein Nihonto<\/title>\n<meta name=\"description\" content=\"Es handelt sich um eine vollst\u00e4ndige japanische Kompositr\u00fcstung (t\u014dsei gusoku) aus der sp\u00e4ten Edo- bis Meiji-Zeit, die sowohl wirksamen Schutz auf dem Schlachtfeld als auch zeremonielle Eleganz zeigt \u2014 eine Verbindung von Funktion, Symbolik und \u00e4sthetischer Pr\u00e4zision.\" \/>\n<meta name=\"robots\" content=\"index, follow, max-snippet:-1, max-image-preview:large, max-video-preview:-1\" \/>\n<link rel=\"canonical\" href=\"https:\/\/www.supeinnihonto.com\/de\/produkt\/yoroi-orange-blue-cordage\/\" \/>\n<meta property=\"og:locale\" content=\"de_DE\" \/>\n<meta property=\"og:type\" content=\"article\" \/>\n<meta property=\"og:title\" content=\"Yoroi Orange Blaue Schnur - Supein Nihonto\" \/>\n<meta property=\"og:description\" content=\"Es handelt sich um eine vollst\u00e4ndige japanische Kompositr\u00fcstung (t\u014dsei gusoku) aus der sp\u00e4ten Edo- bis Meiji-Zeit, die sowohl wirksamen Schutz auf dem Schlachtfeld als auch zeremonielle Eleganz zeigt \u2014 eine Verbindung von Funktion, Symbolik und \u00e4sthetischer Pr\u00e4zision.\" \/>\n<meta property=\"og:url\" content=\"https:\/\/www.supeinnihonto.com\/de\/produkt\/yoroi-orange-blue-cordage\/\" \/>\n<meta property=\"og:site_name\" content=\"Supein Nihonto\" \/>\n<meta property=\"article:modified_time\" content=\"2025-12-18T23:03:25+00:00\" \/>\n<meta property=\"og:image\" content=\"https:\/\/www.supeinnihonto.com\/wp-content\/uploads\/2025\/07\/DSC_0171-scaled.jpg\" \/>\n\t<meta property=\"og:image:width\" content=\"1707\" \/>\n\t<meta property=\"og:image:height\" content=\"2560\" \/>\n\t<meta property=\"og:image:type\" content=\"image\/jpeg\" \/>\n<meta name=\"twitter:card\" content=\"summary_large_image\" \/>\n<meta name=\"twitter:label1\" content=\"Gesch\u00e4tzte Lesezeit\" \/>\n\t<meta name=\"twitter:data1\" content=\"3\u00a0Minuten\" \/>\n<script type=\"application\/ld+json\" class=\"yoast-schema-graph\">{\"@context\":\"https:\\\/\\\/schema.org\",\"@graph\":[{\"@type\":\"WebPage\",\"@id\":\"https:\\\/\\\/www.supeinnihonto.com\\\/de\\\/produkt\\\/yoroi-orange-blue-cordage\\\/\",\"url\":\"https:\\\/\\\/www.supeinnihonto.com\\\/de\\\/produkt\\\/yoroi-orange-blue-cordage\\\/\",\"name\":\"Yoroi Orange Blaue Schnur - Supein Nihonto\",\"isPartOf\":{\"@id\":\"https:\\\/\\\/www.supeinnihonto.com\\\/de\\\/#website\"},\"primaryImageOfPage\":{\"@id\":\"https:\\\/\\\/www.supeinnihonto.com\\\/de\\\/produkt\\\/yoroi-orange-blue-cordage\\\/#primaryimage\"},\"image\":{\"@id\":\"https:\\\/\\\/www.supeinnihonto.com\\\/de\\\/produkt\\\/yoroi-orange-blue-cordage\\\/#primaryimage\"},\"thumbnailUrl\":\"https:\\\/\\\/i0.wp.com\\\/www.supeinnihonto.com\\\/wp-content\\\/uploads\\\/2025\\\/07\\\/DSC_0171-scaled.jpg?fit=1707%2C2560&ssl=1\",\"datePublished\":\"2025-08-16T10:12:16+00:00\",\"dateModified\":\"2025-12-18T23:03:25+00:00\",\"description\":\"Es handelt sich um eine vollst\u00e4ndige japanische Kompositr\u00fcstung (t\u014dsei gusoku) aus der sp\u00e4ten Edo- bis Meiji-Zeit, die sowohl wirksamen Schutz auf dem Schlachtfeld als auch zeremonielle Eleganz zeigt \u2014 eine Verbindung von Funktion, Symbolik und \u00e4sthetischer Pr\u00e4zision.\",\"breadcrumb\":{\"@id\":\"https:\\\/\\\/www.supeinnihonto.com\\\/de\\\/produkt\\\/yoroi-orange-blue-cordage\\\/#breadcrumb\"},\"inLanguage\":\"de\",\"potentialAction\":[{\"@type\":\"ReadAction\",\"target\":[\"https:\\\/\\\/www.supeinnihonto.com\\\/de\\\/produkt\\\/yoroi-orange-blue-cordage\\\/\"]}]},{\"@type\":\"ImageObject\",\"inLanguage\":\"de\",\"@id\":\"https:\\\/\\\/www.supeinnihonto.com\\\/de\\\/produkt\\\/yoroi-orange-blue-cordage\\\/#primaryimage\",\"url\":\"https:\\\/\\\/i0.wp.com\\\/www.supeinnihonto.com\\\/wp-content\\\/uploads\\\/2025\\\/07\\\/DSC_0171-scaled.jpg?fit=1707%2C2560&ssl=1\",\"contentUrl\":\"https:\\\/\\\/i0.wp.com\\\/www.supeinnihonto.com\\\/wp-content\\\/uploads\\\/2025\\\/07\\\/DSC_0171-scaled.jpg?fit=1707%2C2560&ssl=1\",\"width\":1707,\"height\":2560},{\"@type\":\"BreadcrumbList\",\"@id\":\"https:\\\/\\\/www.supeinnihonto.com\\\/de\\\/produkt\\\/yoroi-orange-blue-cordage\\\/#breadcrumb\",\"itemListElement\":[{\"@type\":\"ListItem\",\"position\":1,\"name\":\"Portada\",\"item\":\"https:\\\/\\\/www.supeinnihonto.com\\\/de\\\/\"},{\"@type\":\"ListItem\",\"position\":2,\"name\":\"Shop\",\"item\":\"https:\\\/\\\/www.supeinnihonto.com\\\/de\\\/shop\\\/\"},{\"@type\":\"ListItem\",\"position\":3,\"name\":\"Yoroi Orange Blaue Schnur\"}]},{\"@type\":\"WebSite\",\"@id\":\"https:\\\/\\\/www.supeinnihonto.com\\\/de\\\/#website\",\"url\":\"https:\\\/\\\/www.supeinnihonto.com\\\/de\\\/\",\"name\":\"Supein Nihonto\",\"description\":\"Authentic japanese Nihonto katana \",\"publisher\":{\"@id\":\"https:\\\/\\\/www.supeinnihonto.com\\\/de\\\/#organization\"},\"potentialAction\":[{\"@type\":\"SearchAction\",\"target\":{\"@type\":\"EntryPoint\",\"urlTemplate\":\"https:\\\/\\\/www.supeinnihonto.com\\\/de\\\/?s={search_term_string}\"},\"query-input\":{\"@type\":\"PropertyValueSpecification\",\"valueRequired\":true,\"valueName\":\"search_term_string\"}}],\"inLanguage\":\"de\"},{\"@type\":\"Organization\",\"@id\":\"https:\\\/\\\/www.supeinnihonto.com\\\/de\\\/#organization\",\"name\":\"SupeinNihonto\",\"url\":\"https:\\\/\\\/www.supeinnihonto.com\\\/de\\\/\",\"logo\":{\"@type\":\"ImageObject\",\"inLanguage\":\"de\",\"@id\":\"https:\\\/\\\/www.supeinnihonto.com\\\/de\\\/#\\\/schema\\\/logo\\\/image\\\/\",\"url\":\"https:\\\/\\\/www.supeinnihonto.com\\\/wp-content\\\/uploads\\\/2021\\\/11\\\/animation_Default_3szk0jcenoloop.gif\",\"contentUrl\":\"https:\\\/\\\/www.supeinnihonto.com\\\/wp-content\\\/uploads\\\/2021\\\/11\\\/animation_Default_3szk0jcenoloop.gif\",\"width\":750,\"height\":641,\"caption\":\"SupeinNihonto\"},\"image\":{\"@id\":\"https:\\\/\\\/www.supeinnihonto.com\\\/de\\\/#\\\/schema\\\/logo\\\/image\\\/\"}}]}<\/script>\n<!-- \/ Yoast SEO plugin. -->","yoast_head_json":{"title":"Yoroi Orange Blaue Schnur - Supein Nihonto","description":"Es handelt sich um eine vollst\u00e4ndige japanische Kompositr\u00fcstung (t\u014dsei gusoku) aus der sp\u00e4ten Edo- bis Meiji-Zeit, die sowohl wirksamen Schutz auf dem Schlachtfeld als auch zeremonielle Eleganz zeigt \u2014 eine Verbindung von Funktion, Symbolik und \u00e4sthetischer Pr\u00e4zision.","robots":{"index":"index","follow":"follow","max-snippet":"max-snippet:-1","max-image-preview":"max-image-preview:large","max-video-preview":"max-video-preview:-1"},"canonical":"https:\/\/www.supeinnihonto.com\/de\/produkt\/yoroi-orange-blue-cordage\/","og_locale":"de_DE","og_type":"article","og_title":"Yoroi Orange Blaue Schnur - Supein Nihonto","og_description":"Es handelt sich um eine vollst\u00e4ndige japanische Kompositr\u00fcstung (t\u014dsei gusoku) aus der sp\u00e4ten Edo- bis Meiji-Zeit, die sowohl wirksamen Schutz auf dem Schlachtfeld als auch zeremonielle Eleganz zeigt \u2014 eine Verbindung von Funktion, Symbolik und \u00e4sthetischer Pr\u00e4zision.","og_url":"https:\/\/www.supeinnihonto.com\/de\/produkt\/yoroi-orange-blue-cordage\/","og_site_name":"Supein Nihonto","article_modified_time":"2025-12-18T23:03:25+00:00","og_image":[{"width":1707,"height":2560,"url":"https:\/\/www.supeinnihonto.com\/wp-content\/uploads\/2025\/07\/DSC_0171-scaled.jpg","type":"image\/jpeg"}],"twitter_card":"summary_large_image","twitter_misc":{"Gesch\u00e4tzte Lesezeit":"3\u00a0Minuten"},"schema":{"@context":"https:\/\/schema.org","@graph":[{"@type":"WebPage","@id":"https:\/\/www.supeinnihonto.com\/de\/produkt\/yoroi-orange-blue-cordage\/","url":"https:\/\/www.supeinnihonto.com\/de\/produkt\/yoroi-orange-blue-cordage\/","name":"Yoroi Orange Blaue Schnur - Supein Nihonto","isPartOf":{"@id":"https:\/\/www.supeinnihonto.com\/de\/#website"},"primaryImageOfPage":{"@id":"https:\/\/www.supeinnihonto.com\/de\/produkt\/yoroi-orange-blue-cordage\/#primaryimage"},"image":{"@id":"https:\/\/www.supeinnihonto.com\/de\/produkt\/yoroi-orange-blue-cordage\/#primaryimage"},"thumbnailUrl":"https:\/\/i0.wp.com\/www.supeinnihonto.com\/wp-content\/uploads\/2025\/07\/DSC_0171-scaled.jpg?fit=1707%2C2560&ssl=1","datePublished":"2025-08-16T10:12:16+00:00","dateModified":"2025-12-18T23:03:25+00:00","description":"Es handelt sich um eine vollst\u00e4ndige japanische Kompositr\u00fcstung (t\u014dsei gusoku) aus der sp\u00e4ten Edo- bis Meiji-Zeit, die sowohl wirksamen Schutz auf dem Schlachtfeld als auch zeremonielle Eleganz zeigt \u2014 eine Verbindung von Funktion, Symbolik und \u00e4sthetischer Pr\u00e4zision.","breadcrumb":{"@id":"https:\/\/www.supeinnihonto.com\/de\/produkt\/yoroi-orange-blue-cordage\/#breadcrumb"},"inLanguage":"de","potentialAction":[{"@type":"ReadAction","target":["https:\/\/www.supeinnihonto.com\/de\/produkt\/yoroi-orange-blue-cordage\/"]}]},{"@type":"ImageObject","inLanguage":"de","@id":"https:\/\/www.supeinnihonto.com\/de\/produkt\/yoroi-orange-blue-cordage\/#primaryimage","url":"https:\/\/i0.wp.com\/www.supeinnihonto.com\/wp-content\/uploads\/2025\/07\/DSC_0171-scaled.jpg?fit=1707%2C2560&ssl=1","contentUrl":"https:\/\/i0.wp.com\/www.supeinnihonto.com\/wp-content\/uploads\/2025\/07\/DSC_0171-scaled.jpg?fit=1707%2C2560&ssl=1","width":1707,"height":2560},{"@type":"BreadcrumbList","@id":"https:\/\/www.supeinnihonto.com\/de\/produkt\/yoroi-orange-blue-cordage\/#breadcrumb","itemListElement":[{"@type":"ListItem","position":1,"name":"Portada","item":"https:\/\/www.supeinnihonto.com\/de\/"},{"@type":"ListItem","position":2,"name":"Shop","item":"https:\/\/www.supeinnihonto.com\/de\/shop\/"},{"@type":"ListItem","position":3,"name":"Yoroi Orange Blaue Schnur"}]},{"@type":"WebSite","@id":"https:\/\/www.supeinnihonto.com\/de\/#website","url":"https:\/\/www.supeinnihonto.com\/de\/","name":"Supein Nihonto","description":"Authentic japanese Nihonto katana ","publisher":{"@id":"https:\/\/www.supeinnihonto.com\/de\/#organization"},"potentialAction":[{"@type":"SearchAction","target":{"@type":"EntryPoint","urlTemplate":"https:\/\/www.supeinnihonto.com\/de\/?s={search_term_string}"},"query-input":{"@type":"PropertyValueSpecification","valueRequired":true,"valueName":"search_term_string"}}],"inLanguage":"de"},{"@type":"Organization","@id":"https:\/\/www.supeinnihonto.com\/de\/#organization","name":"SupeinNihonto","url":"https:\/\/www.supeinnihonto.com\/de\/","logo":{"@type":"ImageObject","inLanguage":"de","@id":"https:\/\/www.supeinnihonto.com\/de\/#\/schema\/logo\/image\/","url":"https:\/\/www.supeinnihonto.com\/wp-content\/uploads\/2021\/11\/animation_Default_3szk0jcenoloop.gif","contentUrl":"https:\/\/www.supeinnihonto.com\/wp-content\/uploads\/2021\/11\/animation_Default_3szk0jcenoloop.gif","width":750,"height":641,"caption":"SupeinNihonto"},"image":{"@id":"https:\/\/www.supeinnihonto.com\/de\/#\/schema\/logo\/image\/"}}]}},"jetpack-related-posts":[{"id":13518,"url":"https:\/\/www.supeinnihonto.com\/de\/produkt\/kawari-kabuto-shachihoko\/","url_meta":{"origin":11220,"position":0},"title":"Kawari Kabuto Shachihoko","author":"Supein Nihonto","date":"30 de Mai de 2024","format":false,"excerpt":"\u00dcber uns: Unsere Fotografien werden ohne Retusche oder Photoshop aufgenommen, um sicherzustellen, dass der Kunde die Realit\u00e4t des Objekts beurteilen kann. Dank der st\u00e4ndigen Zusammenarbeit direkt mit den besten Sammlern, Museen und Galerien in Japan und der Freundschaft zu ihnen, sowie einer Gewinnspanne, die deutlich niedriger ist als bei der\u2026","rel":"","context":"\u00c4hnlicher Beitrag","block_context":{"text":"\u00c4hnlicher Beitrag","link":""},"img":{"alt_text":"Kawari Kabuto Shachihoko","src":"https:\/\/i0.wp.com\/www.supeinnihonto.com\/wp-content\/uploads\/2024\/05\/DSC_4575-scaled.jpg?fit=800%2C1200&ssl=1&resize=350%2C200","width":350,"height":200,"srcset":"https:\/\/i0.wp.com\/www.supeinnihonto.com\/wp-content\/uploads\/2024\/05\/DSC_4575-scaled.jpg?fit=800%2C1200&ssl=1&resize=350%2C200 1x, https:\/\/i0.wp.com\/www.supeinnihonto.com\/wp-content\/uploads\/2024\/05\/DSC_4575-scaled.jpg?fit=800%2C1200&ssl=1&resize=525%2C300 1.5x, https:\/\/i0.wp.com\/www.supeinnihonto.com\/wp-content\/uploads\/2024\/05\/DSC_4575-scaled.jpg?fit=800%2C1200&ssl=1&resize=700%2C400 2x"},"classes":[]},{"id":39176,"url":"https:\/\/www.supeinnihonto.com\/de\/produkt\/suji-bachi-kabuto-4\/","url_meta":{"origin":11220,"position":1},"title":"Suji Bachi Kabuto","author":"Eric Majo","date":"26 de Dezember de 2025","format":false,"excerpt":"\u00dcber uns: Unsere Fotografien werden ohne Retusche oder Photoshop aufgenommen, um sicherzustellen, dass der Kunde die Realit\u00e4t des Objekts beurteilen kann. Dank der st\u00e4ndigen Zusammenarbeit direkt mit den besten Sammlern, Museen und Galerien in Japan sowie der Freundschaft zu ihnen, kombiniert mit einer Gewinnspanne, die deutlich unter der europ\u00e4ischen Konkurrenz\u2026","rel":"","context":"\u00c4hnlicher Beitrag","block_context":{"text":"\u00c4hnlicher Beitrag","link":""},"img":{"alt_text":"Sold","src":"https:\/\/i0.wp.com\/www.supeinnihonto.com\/wp-content\/uploads\/2024\/01\/logo-sold-scaled.png?fit=1200%2C720&ssl=1&resize=350%2C200","width":350,"height":200,"srcset":"https:\/\/i0.wp.com\/www.supeinnihonto.com\/wp-content\/uploads\/2024\/01\/logo-sold-scaled.png?fit=1200%2C720&ssl=1&resize=350%2C200 1x, https:\/\/i0.wp.com\/www.supeinnihonto.com\/wp-content\/uploads\/2024\/01\/logo-sold-scaled.png?fit=1200%2C720&ssl=1&resize=525%2C300 1.5x, https:\/\/i0.wp.com\/www.supeinnihonto.com\/wp-content\/uploads\/2024\/01\/logo-sold-scaled.png?fit=1200%2C720&ssl=1&resize=700%2C400 2x, https:\/\/i0.wp.com\/www.supeinnihonto.com\/wp-content\/uploads\/2024\/01\/logo-sold-scaled.png?fit=1200%2C720&ssl=1&resize=1050%2C600 3x"},"classes":[]},{"id":14757,"url":"https:\/\/www.supeinnihonto.com\/de\/produkt\/aorigata-shakudo-tsuba-mit-tiger\/","url_meta":{"origin":11220,"position":2},"title":"Aorigata-Shakud\u014d-Tsuba mit Tiger","author":"Supein Nihonto","date":"8 de Mai de 2024","format":false,"excerpt":"OBJEKT: Wird mit Zertifikat von SupeinNihonto geliefert. Aorigata-Shakud\u014d-Tsuba mit Tiger. Ungew\u00f6hnliche Tsuba von hoher Qualit\u00e4t, museumsw\u00fcrdig, gefertigt aus Shakud\u014d (Gold-Kupfer-Legierung) mit einem sehr fein geschnitzten Tiger, der in die Tsuba eingelegt ist und aus Shibuichi (Silber-Kupfer-Legierung) oder Silber besteht. Die meisterhafte Ausf\u00fchrung ist in diesem au\u00dfergew\u00f6hnlichen St\u00fcck deutlich erkennbar. Da\u2026","rel":"","context":"\u00c4hnlicher Beitrag","block_context":{"text":"\u00c4hnlicher Beitrag","link":""},"img":{"alt_text":"Aorigata shakudo tiger tsuba","src":"https:\/\/i0.wp.com\/www.supeinnihonto.com\/wp-content\/uploads\/2024\/05\/DSC_3519-scaled.jpg?fit=1200%2C800&ssl=1&resize=350%2C200","width":350,"height":200,"srcset":"https:\/\/i0.wp.com\/www.supeinnihonto.com\/wp-content\/uploads\/2024\/05\/DSC_3519-scaled.jpg?fit=1200%2C800&ssl=1&resize=350%2C200 1x, https:\/\/i0.wp.com\/www.supeinnihonto.com\/wp-content\/uploads\/2024\/05\/DSC_3519-scaled.jpg?fit=1200%2C800&ssl=1&resize=525%2C300 1.5x, https:\/\/i0.wp.com\/www.supeinnihonto.com\/wp-content\/uploads\/2024\/05\/DSC_3519-scaled.jpg?fit=1200%2C800&ssl=1&resize=700%2C400 2x, https:\/\/i0.wp.com\/www.supeinnihonto.com\/wp-content\/uploads\/2024\/05\/DSC_3519-scaled.jpg?fit=1200%2C800&ssl=1&resize=1050%2C600 3x"},"classes":[]},{"id":14797,"url":"https:\/\/www.supeinnihonto.com\/de\/produkt\/marugata-tsuba-aus-eisen-mit-ochsenmotiv\/","url_meta":{"origin":11220,"position":3},"title":"Marugata-Tsuba aus Eisen mit Ochsenmotiv","author":"Supein Nihonto","date":"8 de Mai de 2024","format":false,"excerpt":"OBJEKT: Wird mit Zertifikat von SupeinNihonto geliefert. Marugata-Tsuba aus Eisen mit Ochsenmotiv. Wundersch\u00f6ne Tsuba von ungew\u00f6hnlicher Form (kawari), signiert, aus Eisen gefertigt, mit zwei Ochsen, die einen Kreis bilden. Der Shogun und Einiger Japans Tokugawa Ieyasu besa\u00df an einem seiner Schwerter eine solche Tsuba. Zahlreiche Details. Die Schnitzarbeit und das\u2026","rel":"","context":"\u00c4hnlicher Beitrag","block_context":{"text":"\u00c4hnlicher Beitrag","link":""},"img":{"alt_text":"Marugata Iron ox tsuba","src":"https:\/\/i0.wp.com\/www.supeinnihonto.com\/wp-content\/uploads\/2024\/05\/DSC_3555-scaled.jpg?fit=1200%2C800&ssl=1&resize=350%2C200","width":350,"height":200,"srcset":"https:\/\/i0.wp.com\/www.supeinnihonto.com\/wp-content\/uploads\/2024\/05\/DSC_3555-scaled.jpg?fit=1200%2C800&ssl=1&resize=350%2C200 1x, https:\/\/i0.wp.com\/www.supeinnihonto.com\/wp-content\/uploads\/2024\/05\/DSC_3555-scaled.jpg?fit=1200%2C800&ssl=1&resize=525%2C300 1.5x, https:\/\/i0.wp.com\/www.supeinnihonto.com\/wp-content\/uploads\/2024\/05\/DSC_3555-scaled.jpg?fit=1200%2C800&ssl=1&resize=700%2C400 2x, https:\/\/i0.wp.com\/www.supeinnihonto.com\/wp-content\/uploads\/2024\/05\/DSC_3555-scaled.jpg?fit=1200%2C800&ssl=1&resize=1050%2C600 3x"},"classes":[]},{"id":12408,"url":"https:\/\/www.supeinnihonto.com\/de\/produkt\/marugata-tsuba-aus-kupfer-mit-koi-motiv-nbthk-hozon-zertifiziert\/","url_meta":{"origin":11220,"position":4},"title":"Marugata-Tsuba aus Kupfer mit Koi-Motiv, NBTHK-Hozon-zertifiziert.","author":"Eric Majo","date":"11 de November de 2024","format":false,"excerpt":"ARTIKEL: Wird mit Zertifikat von Supein Nihonto geliefert. Inklusive NBTHK-Hozon-Zertifikat. Inklusive Holzbox. Wundersch\u00f6ner Kupfer-Tsuba aus dem 19. Jahrhundert, signiert, mit Rand und Reliefs aus Shakud\u014d (Gold-Kupfer-Legierung), der einen Karpfen mit goldgefassten Augen darstellt. Ein einzigartiges Kunstwerk.Der Koi-Karpfen ist in der japanischen Kultur hoch gesch\u00e4tzt und eines der beliebtesten Motive in\u2026","rel":"","context":"\u00c4hnlicher Beitrag","block_context":{"text":"\u00c4hnlicher Beitrag","link":""},"img":{"alt_text":"Marugata copper koi tsuba NBTHK hozon","src":"https:\/\/i0.wp.com\/www.supeinnihonto.com\/wp-content\/uploads\/2024\/11\/DSC1819-scaled.jpg?fit=1200%2C800&ssl=1&resize=350%2C200","width":350,"height":200,"srcset":"https:\/\/i0.wp.com\/www.supeinnihonto.com\/wp-content\/uploads\/2024\/11\/DSC1819-scaled.jpg?fit=1200%2C800&ssl=1&resize=350%2C200 1x, https:\/\/i0.wp.com\/www.supeinnihonto.com\/wp-content\/uploads\/2024\/11\/DSC1819-scaled.jpg?fit=1200%2C800&ssl=1&resize=525%2C300 1.5x, https:\/\/i0.wp.com\/www.supeinnihonto.com\/wp-content\/uploads\/2024\/11\/DSC1819-scaled.jpg?fit=1200%2C800&ssl=1&resize=700%2C400 2x, https:\/\/i0.wp.com\/www.supeinnihonto.com\/wp-content\/uploads\/2024\/11\/DSC1819-scaled.jpg?fit=1200%2C800&ssl=1&resize=1050%2C600 3x"},"classes":[]},{"id":45210,"url":"https:\/\/www.supeinnihonto.com\/de\/produkt\/marugata-tsuba-aus-kupfer-mit-koi-motiv-nbthk-hozon-zertifiziert-5\/","url_meta":{"origin":11220,"position":5},"title":"Marugata-Tsuba aus Kupfer mit Koi-Motiv, NBTHK-Hozon-zertifiziert","author":"Eric Majo","date":"1 de M\u00e4rz de 2026","format":false,"excerpt":"ARTIKEL: Wird mit Zertifikat von Supein Nihonto geliefert. Inklusive NBTHK-Hozon-Zertifikat. Inklusive Holzbox. Wundersch\u00f6ner Kupfer-Tsuba aus dem 19. Jahrhundert, signiert, mit Rand und Reliefs aus Shakud\u014d (Gold-Kupfer-Legierung), der einen Karpfen mit goldgefassten Augen darstellt. Ein einzigartiges Kunstwerk.Der Koi-Karpfen ist in der japanischen Kultur hoch gesch\u00e4tzt und eines der beliebtesten Motive in\u2026","rel":"","context":"\u00c4hnlicher Beitrag","block_context":{"text":"\u00c4hnlicher Beitrag","link":""},"img":{"alt_text":"Iron dragon Edo tsuba for sale","src":"https:\/\/i0.wp.com\/www.supeinnihonto.com\/wp-content\/uploads\/2026\/03\/DSC_6506-scaled.jpg?fit=1200%2C800&ssl=1&resize=350%2C200","width":350,"height":200,"srcset":"https:\/\/i0.wp.com\/www.supeinnihonto.com\/wp-content\/uploads\/2026\/03\/DSC_6506-scaled.jpg?fit=1200%2C800&ssl=1&resize=350%2C200 1x, https:\/\/i0.wp.com\/www.supeinnihonto.com\/wp-content\/uploads\/2026\/03\/DSC_6506-scaled.jpg?fit=1200%2C800&ssl=1&resize=525%2C300 1.5x, https:\/\/i0.wp.com\/www.supeinnihonto.com\/wp-content\/uploads\/2026\/03\/DSC_6506-scaled.jpg?fit=1200%2C800&ssl=1&resize=700%2C400 2x, https:\/\/i0.wp.com\/www.supeinnihonto.com\/wp-content\/uploads\/2026\/03\/DSC_6506-scaled.jpg?fit=1200%2C800&ssl=1&resize=1050%2C600 3x"},"classes":[]}],"jetpack_sharing_enabled":true,"_links":{"self":[{"href":"https:\/\/www.supeinnihonto.com\/de\/wp-json\/wp\/v2\/product\/11220","targetHints":{"allow":["GET"]}}],"collection":[{"href":"https:\/\/www.supeinnihonto.com\/de\/wp-json\/wp\/v2\/product"}],"about":[{"href":"https:\/\/www.supeinnihonto.com\/de\/wp-json\/wp\/v2\/types\/product"}],"wp:featuredmedia":[{"embeddable":true,"href":"https:\/\/www.supeinnihonto.com\/de\/wp-json\/wp\/v2\/media\/11221"}],"wp:attachment":[{"href":"https:\/\/www.supeinnihonto.com\/de\/wp-json\/wp\/v2\/media?parent=11220"}],"wp:term":[{"taxonomy":"product_brand","embeddable":true,"href":"https:\/\/www.supeinnihonto.com\/de\/wp-json\/wp\/v2\/product_brand?post=11220"},{"taxonomy":"product_cat","embeddable":true,"href":"https:\/\/www.supeinnihonto.com\/de\/wp-json\/wp\/v2\/product_cat?post=11220"},{"taxonomy":"product_tag","embeddable":true,"href":"https:\/\/www.supeinnihonto.com\/de\/wp-json\/wp\/v2\/product_tag?post=11220"}],"curies":[{"name":"wp","href":"https:\/\/api.w.org\/{rel}","templated":true}]}}