{"id":11055,"date":"2025-11-05T16:40:54","date_gmt":"2025-11-05T16:40:54","guid":{"rendered":"https:\/\/www.supeinnihonto.com\/product\/nihonto-katana\/"},"modified":"2025-12-18T22:16:56","modified_gmt":"2025-12-18T22:16:56","slug":"nihonto-katana","status":"publish","type":"product","link":"https:\/\/www.supeinnihonto.com\/de\/produkt\/nihonto-katana\/","title":{"rendered":"Nihonto Katana in Koshirae"},"content":{"rendered":"<p><span>ARTIKELBESCHREIBUNG:<\/span><\/p>\n<p><span>Lieferung mit Kimono- oder Baumwolltasche. Wird mit Zertifikat von Supein Nihonto geliefert.<\/span><\/p>\n<p><span>Dieses Katana aus der Edo-Zeit ist ein hervorragendes Beispiel der Samurai-Tradition und vereint die St\u00e4rke seiner Klinge mit der feinen Eleganz eines vollst\u00e4ndigen Koshirae. Das Schwert verk\u00f6rpert sowohl N\u00fctzlichkeit als auch Kunstfertigkeit und ist ein \u00e4u\u00dferst begehrtes Sammlerst\u00fcck, das Spuren seiner jahrhundertealten Geschichte bewahrt.<\/span><\/p>\n<p><span>Klinge<\/span><\/p>\n<p><span>Die Klinge hat eine L\u00e4nge von 64,4 cm (Nagasa).<\/span><\/p>\n<p><span>Sie zeigt eine anmutige Sori (Kr\u00fcmmung), typisch f\u00fcr die Handwerkskunst der Edo-Zeit.<\/span><\/p>\n<p><span>Das Hada (Stahlstruktur) ist sichtbar, ebenso wie ein Hamon mit wellenf\u00f6rmiger Aktivit\u00e4t, ein klarer Beleg f\u00fcr traditionelle Schmiedekunst.<\/span><\/p>\n<p><span>Der Schliff befindet sich in sehr gutem Zustand und unterstreicht die historische Authentizit\u00e4t.<\/span><\/p>\n<p><span>Der Kissaki (Spitze) ist gut geformt und proportioniert.<\/span><\/p>\n<p><span>Der Nakago (Mittelteil) bewahrt seine gealterte Patina, mit einem Mekugi-ana, was den originalen Zustand der Epoche zeigt.<\/span><\/p>\n<p><span>Montierung (Koshirae)<\/span><\/p>\n<p><span>Tsuka (Griff): umwickelt mit braunem Tsuka-ito \u00fcber wei\u00dfem Samegawa. Die Menuki sind sehr detailliert und zeigen einen Drachen sowie eine stilisierte Figur, Symbole f\u00fcr Schutz und geistige St\u00e4rke.<\/span><\/p>\n<p><span>Fuchi\/Kashira: aus Eisen gefertigt, mit einem einfachen, aber eleganten Design, das die Menuki erg\u00e4nzt.<\/span><\/p>\n<p><span>Tsuba (Parierstange): ein Eisenst\u00fcck, funktional mit dunkler Patina.<\/span><\/p>\n<p><span>Saya (Scheide): schwarz lackiert mit r\u00f6tlichen dekorativen Streifen (Kanshitsu-Stil), ein raffiniertes und hochgesch\u00e4tztes Design. Sie besitzt ein schwarzes Sageo in gutem Zustand.<\/span><\/p>\n<p><span>Zustand<\/span><\/p>\n<p><span>Das Schwert bewahrt seinen vollen historischen Charakter: der Nakago mit Patina, die Klinge mit authentischem Schliff und ein stimmiges vollst\u00e4ndiges Koshirae. Gebrauchsspuren zeugen von Alter und Authentizit\u00e4t und erh\u00f6hen den kulturellen sowie sammlerischen Wert.<\/span><\/p>\n","protected":false},"excerpt":{"rendered":"<p>ARTIKELBESCHREIBUNG: Lieferung mit Kimono- oder Baumwolltasche. Wird mit Zertifikat von Supein Nihonto geliefert. Dieses Katana aus der Edo-Zeit ist ein hervorragendes Beispiel der Samurai-Tradition und vereint die St\u00e4rke seiner Klinge mit der feinen Eleganz eines vollst\u00e4ndigen Koshirae. Das Schwert verk\u00f6rpert sowohl N\u00fctzlichkeit als auch Kunstfertigkeit und ist ein \u00e4u\u00dferst begehrtes [&hellip;]<\/p>\n","protected":false},"featured_media":11056,"template":"","meta":{"jetpack_post_was_ever_published":false},"product_brand":[],"product_cat":[580,579],"product_tag":[457,439],"class_list":{"0":"post-11055","1":"product","2":"type-product","3":"status-publish","4":"has-post-thumbnail","6":"product_cat-katana-tachi","7":"product_cat-nihonto","8":"product_tag-katana","9":"product_tag-nihonto","10":"product_shipping_class-swords","12":"first","13":"instock","14":"featured","15":"sold-individually","16":"shipping-taxable","17":"purchasable","18":"product-type-simple"},"yoast_head":"<!-- This site is optimized with the Yoast SEO plugin v27.5 - https:\/\/yoast.com\/product\/yoast-seo-wordpress\/ -->\n<title>Nihonto Katana in Koshirae - Supein Nihonto<\/title>\n<meta name=\"description\" content=\"Diese Katana aus der Edo-Zeit ist ein sch\u00f6nes Beispiel der Samurai-Tradition und vereint die St\u00e4rke ihrer Klinge mit der raffinierten Eleganz einer vollst\u00e4ndigen Koshirae.\" \/>\n<meta name=\"robots\" content=\"index, follow, max-snippet:-1, max-image-preview:large, max-video-preview:-1\" \/>\n<link rel=\"canonical\" href=\"https:\/\/www.supeinnihonto.com\/de\/produkt\/nihonto-katana\/\" \/>\n<meta property=\"og:locale\" content=\"de_DE\" \/>\n<meta property=\"og:type\" content=\"article\" \/>\n<meta property=\"og:title\" content=\"Nihonto Katana in Koshirae - Supein Nihonto\" \/>\n<meta property=\"og:description\" content=\"Diese Katana aus der Edo-Zeit ist ein sch\u00f6nes Beispiel der Samurai-Tradition und vereint die St\u00e4rke ihrer Klinge mit der raffinierten Eleganz einer vollst\u00e4ndigen Koshirae.\" \/>\n<meta property=\"og:url\" content=\"https:\/\/www.supeinnihonto.com\/de\/produkt\/nihonto-katana\/\" \/>\n<meta property=\"og:site_name\" content=\"Supein Nihonto\" \/>\n<meta property=\"article:modified_time\" content=\"2025-12-18T22:16:56+00:00\" \/>\n<meta property=\"og:image\" content=\"https:\/\/www.supeinnihonto.com\/wp-content\/uploads\/2025\/11\/DSC_2122-scaled.jpg\" \/>\n\t<meta property=\"og:image:width\" content=\"2560\" \/>\n\t<meta property=\"og:image:height\" content=\"1187\" \/>\n\t<meta property=\"og:image:type\" content=\"image\/jpeg\" \/>\n<meta name=\"twitter:card\" content=\"summary_large_image\" \/>\n<meta name=\"twitter:label1\" content=\"Gesch\u00e4tzte Lesezeit\" \/>\n\t<meta name=\"twitter:data1\" content=\"2\u00a0Minuten\" \/>\n<script type=\"application\/ld+json\" class=\"yoast-schema-graph\">{\"@context\":\"https:\\\/\\\/schema.org\",\"@graph\":[{\"@type\":\"WebPage\",\"@id\":\"https:\\\/\\\/www.supeinnihonto.com\\\/de\\\/produkt\\\/nihonto-katana\\\/\",\"url\":\"https:\\\/\\\/www.supeinnihonto.com\\\/de\\\/produkt\\\/nihonto-katana\\\/\",\"name\":\"Nihonto Katana in Koshirae - Supein Nihonto\",\"isPartOf\":{\"@id\":\"https:\\\/\\\/www.supeinnihonto.com\\\/de\\\/#website\"},\"primaryImageOfPage\":{\"@id\":\"https:\\\/\\\/www.supeinnihonto.com\\\/de\\\/produkt\\\/nihonto-katana\\\/#primaryimage\"},\"image\":{\"@id\":\"https:\\\/\\\/www.supeinnihonto.com\\\/de\\\/produkt\\\/nihonto-katana\\\/#primaryimage\"},\"thumbnailUrl\":\"https:\\\/\\\/i0.wp.com\\\/www.supeinnihonto.com\\\/wp-content\\\/uploads\\\/2025\\\/11\\\/DSC_2122-scaled.jpg?fit=2560%2C1187&ssl=1\",\"datePublished\":\"2025-11-05T16:40:54+00:00\",\"dateModified\":\"2025-12-18T22:16:56+00:00\",\"description\":\"Diese Katana aus der Edo-Zeit ist ein sch\u00f6nes Beispiel der Samurai-Tradition und vereint die St\u00e4rke ihrer Klinge mit der raffinierten Eleganz einer vollst\u00e4ndigen Koshirae.\",\"breadcrumb\":{\"@id\":\"https:\\\/\\\/www.supeinnihonto.com\\\/de\\\/produkt\\\/nihonto-katana\\\/#breadcrumb\"},\"inLanguage\":\"de\",\"potentialAction\":[{\"@type\":\"ReadAction\",\"target\":[\"https:\\\/\\\/www.supeinnihonto.com\\\/de\\\/produkt\\\/nihonto-katana\\\/\"]}]},{\"@type\":\"ImageObject\",\"inLanguage\":\"de\",\"@id\":\"https:\\\/\\\/www.supeinnihonto.com\\\/de\\\/produkt\\\/nihonto-katana\\\/#primaryimage\",\"url\":\"https:\\\/\\\/i0.wp.com\\\/www.supeinnihonto.com\\\/wp-content\\\/uploads\\\/2025\\\/11\\\/DSC_2122-scaled.jpg?fit=2560%2C1187&ssl=1\",\"contentUrl\":\"https:\\\/\\\/i0.wp.com\\\/www.supeinnihonto.com\\\/wp-content\\\/uploads\\\/2025\\\/11\\\/DSC_2122-scaled.jpg?fit=2560%2C1187&ssl=1\",\"width\":2560,\"height\":1187,\"caption\":\"nihonto for sale\"},{\"@type\":\"BreadcrumbList\",\"@id\":\"https:\\\/\\\/www.supeinnihonto.com\\\/de\\\/produkt\\\/nihonto-katana\\\/#breadcrumb\",\"itemListElement\":[{\"@type\":\"ListItem\",\"position\":1,\"name\":\"Portada\",\"item\":\"https:\\\/\\\/www.supeinnihonto.com\\\/de\\\/\"},{\"@type\":\"ListItem\",\"position\":2,\"name\":\"Shop\",\"item\":\"https:\\\/\\\/www.supeinnihonto.com\\\/de\\\/shop\\\/\"},{\"@type\":\"ListItem\",\"position\":3,\"name\":\"Nihonto Katana in Koshirae\"}]},{\"@type\":\"WebSite\",\"@id\":\"https:\\\/\\\/www.supeinnihonto.com\\\/de\\\/#website\",\"url\":\"https:\\\/\\\/www.supeinnihonto.com\\\/de\\\/\",\"name\":\"Supein Nihonto\",\"description\":\"Authentic japanese Nihonto katana \",\"publisher\":{\"@id\":\"https:\\\/\\\/www.supeinnihonto.com\\\/de\\\/#organization\"},\"potentialAction\":[{\"@type\":\"SearchAction\",\"target\":{\"@type\":\"EntryPoint\",\"urlTemplate\":\"https:\\\/\\\/www.supeinnihonto.com\\\/de\\\/?s={search_term_string}\"},\"query-input\":{\"@type\":\"PropertyValueSpecification\",\"valueRequired\":true,\"valueName\":\"search_term_string\"}}],\"inLanguage\":\"de\"},{\"@type\":\"Organization\",\"@id\":\"https:\\\/\\\/www.supeinnihonto.com\\\/de\\\/#organization\",\"name\":\"SupeinNihonto\",\"url\":\"https:\\\/\\\/www.supeinnihonto.com\\\/de\\\/\",\"logo\":{\"@type\":\"ImageObject\",\"inLanguage\":\"de\",\"@id\":\"https:\\\/\\\/www.supeinnihonto.com\\\/de\\\/#\\\/schema\\\/logo\\\/image\\\/\",\"url\":\"https:\\\/\\\/www.supeinnihonto.com\\\/wp-content\\\/uploads\\\/2021\\\/11\\\/animation_Default_3szk0jcenoloop.gif\",\"contentUrl\":\"https:\\\/\\\/www.supeinnihonto.com\\\/wp-content\\\/uploads\\\/2021\\\/11\\\/animation_Default_3szk0jcenoloop.gif\",\"width\":750,\"height\":641,\"caption\":\"SupeinNihonto\"},\"image\":{\"@id\":\"https:\\\/\\\/www.supeinnihonto.com\\\/de\\\/#\\\/schema\\\/logo\\\/image\\\/\"}}]}<\/script>\n<!-- \/ Yoast SEO plugin. -->","yoast_head_json":{"title":"Nihonto Katana in Koshirae - Supein Nihonto","description":"Diese Katana aus der Edo-Zeit ist ein sch\u00f6nes Beispiel der Samurai-Tradition und vereint die St\u00e4rke ihrer Klinge mit der raffinierten Eleganz einer vollst\u00e4ndigen Koshirae.","robots":{"index":"index","follow":"follow","max-snippet":"max-snippet:-1","max-image-preview":"max-image-preview:large","max-video-preview":"max-video-preview:-1"},"canonical":"https:\/\/www.supeinnihonto.com\/de\/produkt\/nihonto-katana\/","og_locale":"de_DE","og_type":"article","og_title":"Nihonto Katana in Koshirae - Supein Nihonto","og_description":"Diese Katana aus der Edo-Zeit ist ein sch\u00f6nes Beispiel der Samurai-Tradition und vereint die St\u00e4rke ihrer Klinge mit der raffinierten Eleganz einer vollst\u00e4ndigen Koshirae.","og_url":"https:\/\/www.supeinnihonto.com\/de\/produkt\/nihonto-katana\/","og_site_name":"Supein Nihonto","article_modified_time":"2025-12-18T22:16:56+00:00","og_image":[{"width":2560,"height":1187,"url":"https:\/\/www.supeinnihonto.com\/wp-content\/uploads\/2025\/11\/DSC_2122-scaled.jpg","type":"image\/jpeg"}],"twitter_card":"summary_large_image","twitter_misc":{"Gesch\u00e4tzte Lesezeit":"2\u00a0Minuten"},"schema":{"@context":"https:\/\/schema.org","@graph":[{"@type":"WebPage","@id":"https:\/\/www.supeinnihonto.com\/de\/produkt\/nihonto-katana\/","url":"https:\/\/www.supeinnihonto.com\/de\/produkt\/nihonto-katana\/","name":"Nihonto Katana in Koshirae - Supein Nihonto","isPartOf":{"@id":"https:\/\/www.supeinnihonto.com\/de\/#website"},"primaryImageOfPage":{"@id":"https:\/\/www.supeinnihonto.com\/de\/produkt\/nihonto-katana\/#primaryimage"},"image":{"@id":"https:\/\/www.supeinnihonto.com\/de\/produkt\/nihonto-katana\/#primaryimage"},"thumbnailUrl":"https:\/\/i0.wp.com\/www.supeinnihonto.com\/wp-content\/uploads\/2025\/11\/DSC_2122-scaled.jpg?fit=2560%2C1187&ssl=1","datePublished":"2025-11-05T16:40:54+00:00","dateModified":"2025-12-18T22:16:56+00:00","description":"Diese Katana aus der Edo-Zeit ist ein sch\u00f6nes Beispiel der Samurai-Tradition und vereint die St\u00e4rke ihrer Klinge mit der raffinierten Eleganz einer vollst\u00e4ndigen Koshirae.","breadcrumb":{"@id":"https:\/\/www.supeinnihonto.com\/de\/produkt\/nihonto-katana\/#breadcrumb"},"inLanguage":"de","potentialAction":[{"@type":"ReadAction","target":["https:\/\/www.supeinnihonto.com\/de\/produkt\/nihonto-katana\/"]}]},{"@type":"ImageObject","inLanguage":"de","@id":"https:\/\/www.supeinnihonto.com\/de\/produkt\/nihonto-katana\/#primaryimage","url":"https:\/\/i0.wp.com\/www.supeinnihonto.com\/wp-content\/uploads\/2025\/11\/DSC_2122-scaled.jpg?fit=2560%2C1187&ssl=1","contentUrl":"https:\/\/i0.wp.com\/www.supeinnihonto.com\/wp-content\/uploads\/2025\/11\/DSC_2122-scaled.jpg?fit=2560%2C1187&ssl=1","width":2560,"height":1187,"caption":"nihonto for sale"},{"@type":"BreadcrumbList","@id":"https:\/\/www.supeinnihonto.com\/de\/produkt\/nihonto-katana\/#breadcrumb","itemListElement":[{"@type":"ListItem","position":1,"name":"Portada","item":"https:\/\/www.supeinnihonto.com\/de\/"},{"@type":"ListItem","position":2,"name":"Shop","item":"https:\/\/www.supeinnihonto.com\/de\/shop\/"},{"@type":"ListItem","position":3,"name":"Nihonto Katana in Koshirae"}]},{"@type":"WebSite","@id":"https:\/\/www.supeinnihonto.com\/de\/#website","url":"https:\/\/www.supeinnihonto.com\/de\/","name":"Supein Nihonto","description":"Authentic japanese Nihonto katana ","publisher":{"@id":"https:\/\/www.supeinnihonto.com\/de\/#organization"},"potentialAction":[{"@type":"SearchAction","target":{"@type":"EntryPoint","urlTemplate":"https:\/\/www.supeinnihonto.com\/de\/?s={search_term_string}"},"query-input":{"@type":"PropertyValueSpecification","valueRequired":true,"valueName":"search_term_string"}}],"inLanguage":"de"},{"@type":"Organization","@id":"https:\/\/www.supeinnihonto.com\/de\/#organization","name":"SupeinNihonto","url":"https:\/\/www.supeinnihonto.com\/de\/","logo":{"@type":"ImageObject","inLanguage":"de","@id":"https:\/\/www.supeinnihonto.com\/de\/#\/schema\/logo\/image\/","url":"https:\/\/www.supeinnihonto.com\/wp-content\/uploads\/2021\/11\/animation_Default_3szk0jcenoloop.gif","contentUrl":"https:\/\/www.supeinnihonto.com\/wp-content\/uploads\/2021\/11\/animation_Default_3szk0jcenoloop.gif","width":750,"height":641,"caption":"SupeinNihonto"},"image":{"@id":"https:\/\/www.supeinnihonto.com\/de\/#\/schema\/logo\/image\/"}}]}},"jetpack-related-posts":[{"id":10943,"url":"https:\/\/www.supeinnihonto.com\/de\/produkt\/nihonto-wakizashi-koshirae-shirasaya\/","url_meta":{"origin":11055,"position":0},"title":"Nihonto wakizashi koshirae &#038; shirasaya","author":"Eric Majo","date":"29 de November de 2025","format":false,"excerpt":"ARTIKELBESCHREIBUNG: Wird mit Kimono- oder Baumwolltasche geliefert. Wird mit Zertifikat des supein Nihonto geliefert. Wird mit Pr\u00e4fekturzertifikat geliefert. Klinge Dieses mumei Wakizashi (unsigniertes Kurzschwert) aus der Edo-Zeit besitzt eine Nagasa von 44,4 cm und eine Kr\u00fcmmung (Sori) von 1,0 cm. Die Stahlstruktur (Hada) zeigt ein gut geschmiedetes Itame, gemischt mit\u2026","rel":"","context":"\u00c4hnlicher Beitrag","block_context":{"text":"\u00c4hnlicher Beitrag","link":""},"img":{"alt_text":"sold","src":"https:\/\/i0.wp.com\/www.supeinnihonto.com\/wp-content\/uploads\/2024\/02\/logo-sold-scaled.png?fit=1200%2C720&ssl=1&resize=350%2C200","width":350,"height":200,"srcset":"https:\/\/i0.wp.com\/www.supeinnihonto.com\/wp-content\/uploads\/2024\/02\/logo-sold-scaled.png?fit=1200%2C720&ssl=1&resize=350%2C200 1x, https:\/\/i0.wp.com\/www.supeinnihonto.com\/wp-content\/uploads\/2024\/02\/logo-sold-scaled.png?fit=1200%2C720&ssl=1&resize=525%2C300 1.5x, https:\/\/i0.wp.com\/www.supeinnihonto.com\/wp-content\/uploads\/2024\/02\/logo-sold-scaled.png?fit=1200%2C720&ssl=1&resize=700%2C400 2x, https:\/\/i0.wp.com\/www.supeinnihonto.com\/wp-content\/uploads\/2024\/02\/logo-sold-scaled.png?fit=1200%2C720&ssl=1&resize=1050%2C600 3x"},"classes":[]},{"id":11023,"url":"https:\/\/www.supeinnihonto.com\/de\/produkt\/nihonto-tanto-kanetoshi-with-nthk-kanteisho\/","url_meta":{"origin":11055,"position":1},"title":"Nihonto Tanto &#8222;Kanetoshi&#8220; with NTHK Kanteisho","author":"Eric Majo","date":"24 de November de 2025","format":false,"excerpt":"Kostenloser Versand. ARTIKELBESCHREIBUNG: Wird mit Kimono-H\u00fclle oder Baumwolltasche geliefert. Wird mit Nihont\u014d-Zertifikat von Supein geliefert. Wird mit originalem Pr\u00e4fektur-Zertifikat geliefert. Wird mit NTHK-Kanteisho-Zertifikat geliefert. Ein raffiniertes Werk aus der sp\u00e4ten Edo-Zeit. Dieses Tant\u014d, signiert \u76f4\u53e3\u4f4f\u517c\u5229 (Naokuchi-j\u016b Kanetoshi), ist ein bemerkenswertes Beispiel f\u00fcr die Handwerkskunst der sp\u00e4ten Edo-Zeit. Es verbindet eine\u2026","rel":"","context":"\u00c4hnlicher Beitrag","block_context":{"text":"\u00c4hnlicher Beitrag","link":""},"img":{"alt_text":"Sold","src":"https:\/\/i0.wp.com\/www.supeinnihonto.com\/wp-content\/uploads\/2024\/01\/logo-sold-scaled.png?fit=1200%2C720&ssl=1&resize=350%2C200","width":350,"height":200,"srcset":"https:\/\/i0.wp.com\/www.supeinnihonto.com\/wp-content\/uploads\/2024\/01\/logo-sold-scaled.png?fit=1200%2C720&ssl=1&resize=350%2C200 1x, https:\/\/i0.wp.com\/www.supeinnihonto.com\/wp-content\/uploads\/2024\/01\/logo-sold-scaled.png?fit=1200%2C720&ssl=1&resize=525%2C300 1.5x, https:\/\/i0.wp.com\/www.supeinnihonto.com\/wp-content\/uploads\/2024\/01\/logo-sold-scaled.png?fit=1200%2C720&ssl=1&resize=700%2C400 2x, https:\/\/i0.wp.com\/www.supeinnihonto.com\/wp-content\/uploads\/2024\/01\/logo-sold-scaled.png?fit=1200%2C720&ssl=1&resize=1050%2C600 3x"},"classes":[]},{"id":10898,"url":"https:\/\/www.supeinnihonto.com\/de\/produkt\/nihonto-katana-yasutsugu-with-aoi-mon-nbthk-tokobetsu-hozon\/","url_meta":{"origin":11055,"position":2},"title":"Nihonto katana &#8222;Yasutsugu&#8220; with Aoi mon NBTHK Tokobetsu Hozon","author":"Eric Majo","date":"1 de Dezember de 2025","format":false,"excerpt":"OBJEKTBESCHREIBUNG: Wird mit Kimono- oder Baumwollbeutel geliefert. Wird mit Zertifikat von Supein Nihonto geliefert. Wird mit originalem Pr\u00e4fektur-Zertifikat geliefert. Wird mit NBTHK Tokobetsu Hozon geliefert. Signiert: Yasutsugu (3. Generation, Echizen)Torokusho: Tokyo #328366Klingenl\u00e4nge: 73,5 cm Torokusho-\u00dcbersetzung (Registrierung eines japanischen Schwertes) Tokyo-Registrierung N\u00ba 328366Typ: KatanaKlingenl\u00e4nge: 73,5 cmKr\u00fcmmung: 2,2 cmMei:Omote: Aoi-mon + Yasutsugu\u2026","rel":"","context":"\u00c4hnlicher Beitrag","block_context":{"text":"\u00c4hnlicher Beitrag","link":""},"img":{"alt_text":"Sold","src":"https:\/\/i0.wp.com\/www.supeinnihonto.com\/wp-content\/uploads\/2024\/01\/logo-sold-scaled.png?fit=1200%2C720&ssl=1&resize=350%2C200","width":350,"height":200,"srcset":"https:\/\/i0.wp.com\/www.supeinnihonto.com\/wp-content\/uploads\/2024\/01\/logo-sold-scaled.png?fit=1200%2C720&ssl=1&resize=350%2C200 1x, https:\/\/i0.wp.com\/www.supeinnihonto.com\/wp-content\/uploads\/2024\/01\/logo-sold-scaled.png?fit=1200%2C720&ssl=1&resize=525%2C300 1.5x, https:\/\/i0.wp.com\/www.supeinnihonto.com\/wp-content\/uploads\/2024\/01\/logo-sold-scaled.png?fit=1200%2C720&ssl=1&resize=700%2C400 2x, https:\/\/i0.wp.com\/www.supeinnihonto.com\/wp-content\/uploads\/2024\/01\/logo-sold-scaled.png?fit=1200%2C720&ssl=1&resize=1050%2C600 3x"},"classes":[]},{"id":11135,"url":"https:\/\/www.supeinnihonto.com\/de\/produkt\/nihonto-wakizashi-shakudo-fuchikashira\/","url_meta":{"origin":11055,"position":3},"title":"Nihonto Wakizashi Shakudo Fuchikashira","author":"Eric Majo","date":"5 de November de 2025","format":false,"excerpt":"ARTIKELBESCHREIBUNG: Wird mit Kimono-H\u00fclle oder Baumwolltasche geliefert. Wird mit Supein-Nihonto-Zertifikat geliefert. Klinge: \u2026ein klarer Hinweis auf traditionelle Handschmiedearbeit. Der Kissaki weist einige Oxidationsstellen in der N\u00e4he des Boshi auf, dennoch bleibt die Gesamtgeometrie der Klinge intakt. Der Nakago (Angel) besitzt drei Mekugi-ana, was darauf hindeutet, dass die Klinge im Laufe\u2026","rel":"","context":"\u00c4hnlicher Beitrag","block_context":{"text":"\u00c4hnlicher Beitrag","link":""},"img":{"alt_text":"","src":"https:\/\/i0.wp.com\/www.supeinnihonto.com\/wp-content\/uploads\/2025\/11\/DSC_2558-scaled-1.webp?fit=1200%2C685&ssl=1&resize=350%2C200","width":350,"height":200,"srcset":"https:\/\/i0.wp.com\/www.supeinnihonto.com\/wp-content\/uploads\/2025\/11\/DSC_2558-scaled-1.webp?fit=1200%2C685&ssl=1&resize=350%2C200 1x, https:\/\/i0.wp.com\/www.supeinnihonto.com\/wp-content\/uploads\/2025\/11\/DSC_2558-scaled-1.webp?fit=1200%2C685&ssl=1&resize=525%2C300 1.5x, https:\/\/i0.wp.com\/www.supeinnihonto.com\/wp-content\/uploads\/2025\/11\/DSC_2558-scaled-1.webp?fit=1200%2C685&ssl=1&resize=700%2C400 2x, https:\/\/i0.wp.com\/www.supeinnihonto.com\/wp-content\/uploads\/2025\/11\/DSC_2558-scaled-1.webp?fit=1200%2C685&ssl=1&resize=1050%2C600 3x"},"classes":[]},{"id":10910,"url":"https:\/\/www.supeinnihonto.com\/de\/produkt\/nihonto-katana-2\/","url_meta":{"origin":11055,"position":4},"title":"Nihonto katana in Koshirae","author":"Eric Majo","date":"1 de Dezember de 2025","format":false,"excerpt":"ARTIKELBESCHREIBUNG: Wird mit Kimono- oder Baumwollbeutel geliefert. Wird mit Zertifikat von Supein Nihonto geliefert. Wird mit originalem Pr\u00e4fekturzertifikat geliefert. \u00a0 \u00dcbersetzung des Torokusho (Registrierungszertifikat) Registrierungsnummer: Tokio Nr. 153202Kategorie: Schwert (Katana)Klingenl\u00e4nge: 67,8 cmKr\u00fcmmung (Sori): 1,28 cmMekugi-ana: 2Signatur: Mumei (ohne Signatur)Ausstellungsdatum: 6. M\u00e4rz 2022 (Reiwa 4)Ausstellende Beh\u00f6rde: Bildungsrat der Metropolregion Tokio Dieses\u2026","rel":"","context":"\u00c4hnlicher Beitrag","block_context":{"text":"\u00c4hnlicher Beitrag","link":""},"img":{"alt_text":"sold","src":"https:\/\/i0.wp.com\/www.supeinnihonto.com\/wp-content\/uploads\/2024\/02\/logo-sold-scaled.png?fit=1200%2C720&ssl=1&resize=350%2C200","width":350,"height":200,"srcset":"https:\/\/i0.wp.com\/www.supeinnihonto.com\/wp-content\/uploads\/2024\/02\/logo-sold-scaled.png?fit=1200%2C720&ssl=1&resize=350%2C200 1x, https:\/\/i0.wp.com\/www.supeinnihonto.com\/wp-content\/uploads\/2024\/02\/logo-sold-scaled.png?fit=1200%2C720&ssl=1&resize=525%2C300 1.5x, https:\/\/i0.wp.com\/www.supeinnihonto.com\/wp-content\/uploads\/2024\/02\/logo-sold-scaled.png?fit=1200%2C720&ssl=1&resize=700%2C400 2x, https:\/\/i0.wp.com\/www.supeinnihonto.com\/wp-content\/uploads\/2024\/02\/logo-sold-scaled.png?fit=1200%2C720&ssl=1&resize=1050%2C600 3x"},"classes":[]},{"id":14453,"url":"https:\/\/www.supeinnihonto.com\/de\/produkt\/silberner-kojiri-mit-blumenmotiven\/","url_meta":{"origin":11055,"position":5},"title":"Silberner Kojiri mit Blumenmotiven","author":"Supein Nihonto","date":"14 de Mai de 2024","format":false,"excerpt":"Artikel: Wundersch\u00f6ner Kojiri aus Silber mit floralen Motiven. Ein au\u00dfergew\u00f6hnliches St\u00fcck. Kojiri sind selten, da sie \u2013 im Gegensatz zu Fuchi-Kashira, die f\u00fcr fast alle Schwerter obligatorisch waren \u2013 nur bei hochwertigen Koshirae und Schwertern bester Qualit\u00e4t verwendet wurden, da sie die Kosten erheblich erh\u00f6hten, ohne ein zwingend notwendiges Element\u2026","rel":"","context":"\u00c4hnlicher Beitrag","block_context":{"text":"\u00c4hnlicher Beitrag","link":""},"img":{"alt_text":"Kojiri silver flowers","src":"https:\/\/i0.wp.com\/www.supeinnihonto.com\/wp-content\/uploads\/2024\/05\/DSC_3805-scaled.jpg?fit=1200%2C800&ssl=1&resize=350%2C200","width":350,"height":200,"srcset":"https:\/\/i0.wp.com\/www.supeinnihonto.com\/wp-content\/uploads\/2024\/05\/DSC_3805-scaled.jpg?fit=1200%2C800&ssl=1&resize=350%2C200 1x, https:\/\/i0.wp.com\/www.supeinnihonto.com\/wp-content\/uploads\/2024\/05\/DSC_3805-scaled.jpg?fit=1200%2C800&ssl=1&resize=525%2C300 1.5x, https:\/\/i0.wp.com\/www.supeinnihonto.com\/wp-content\/uploads\/2024\/05\/DSC_3805-scaled.jpg?fit=1200%2C800&ssl=1&resize=700%2C400 2x, https:\/\/i0.wp.com\/www.supeinnihonto.com\/wp-content\/uploads\/2024\/05\/DSC_3805-scaled.jpg?fit=1200%2C800&ssl=1&resize=1050%2C600 3x"},"classes":[]}],"jetpack_sharing_enabled":true,"_links":{"self":[{"href":"https:\/\/www.supeinnihonto.com\/de\/wp-json\/wp\/v2\/product\/11055","targetHints":{"allow":["GET"]}}],"collection":[{"href":"https:\/\/www.supeinnihonto.com\/de\/wp-json\/wp\/v2\/product"}],"about":[{"href":"https:\/\/www.supeinnihonto.com\/de\/wp-json\/wp\/v2\/types\/product"}],"wp:featuredmedia":[{"embeddable":true,"href":"https:\/\/www.supeinnihonto.com\/de\/wp-json\/wp\/v2\/media\/11056"}],"wp:attachment":[{"href":"https:\/\/www.supeinnihonto.com\/de\/wp-json\/wp\/v2\/media?parent=11055"}],"wp:term":[{"taxonomy":"product_brand","embeddable":true,"href":"https:\/\/www.supeinnihonto.com\/de\/wp-json\/wp\/v2\/product_brand?post=11055"},{"taxonomy":"product_cat","embeddable":true,"href":"https:\/\/www.supeinnihonto.com\/de\/wp-json\/wp\/v2\/product_cat?post=11055"},{"taxonomy":"product_tag","embeddable":true,"href":"https:\/\/www.supeinnihonto.com\/de\/wp-json\/wp\/v2\/product_tag?post=11055"}],"curies":[{"name":"wp","href":"https:\/\/api.w.org\/{rel}","templated":true}]}}