{"id":15302,"date":"2021-11-10T12:43:03","date_gmt":"2021-11-10T12:43:03","guid":{"rendered":"https:\/\/www.supeinnihonto.com\/privacy-policy\/"},"modified":"2025-12-15T10:30:06","modified_gmt":"2025-12-15T10:30:06","slug":"datenschutzerklaerung","status":"publish","type":"page","link":"https:\/\/www.supeinnihonto.com\/de\/datenschutzerklaerung\/","title":{"rendered":"DATENSCHUTZERKL\u00c4RUNG"},"content":{"rendered":"\t\t<div data-elementor-type=\"wp-page\" data-elementor-id=\"15302\" class=\"elementor elementor-15302 elementor-221\">\n\t\t\t\t\t\t<section class=\"elementor-section elementor-top-section elementor-element elementor-element-b1ef322 elementor-section-boxed elementor-section-height-default elementor-section-height-default\" data-id=\"b1ef322\" data-element_type=\"section\" data-settings=\"{&quot;shape_divider_top&quot;:&quot;wave-brush&quot;}\">\n\t\t\t\t\t<div class=\"elementor-shape elementor-shape-top\" aria-hidden=\"true\" data-negative=\"false\">\n\t\t\t<svg xmlns=\"http:\/\/www.w3.org\/2000\/svg\" viewBox=\"0 0 283.5 27.8\" preserveAspectRatio=\"none\">\n\t<path class=\"elementor-shape-fill\" d=\"M283.5,9.7c0,0-7.3,4.3-14,4.6c-6.8,0.3-12.6,0-20.9-1.5c-11.3-2-33.1-10.1-44.7-5.7\ts-12.1,4.6-18,7.4c-6.6,3.2-20,9.6-36.6,9.3C131.6,23.5,99.5,7.2,86.3,8c-1.4,0.1-6.6,0.8-10.5,2c-3.8,1.2-9.4,3.8-17,4.7\tc-3.2,0.4-8.3,1.1-14.2,0.9c-1.5-0.1-6.3-0.4-12-1.6c-5.7-1.2-11-3.1-15.8-3.7C6.5,9.2,0,10.8,0,10.8V0h283.5V9.7z M260.8,11.3\tc-0.7-1-2-0.4-4.3-0.4c-2.3,0-6.1-1.2-5.8-1.1c0.3,0.1,3.1,1.5,6,1.9C259.7,12.2,261.4,12.3,260.8,11.3z M242.4,8.6\tc0,0-2.4-0.2-5.6-0.9c-3.2-0.8-10.3-2.8-15.1-3.5c-8.2-1.1-15.8,0-15.1,0.1c0.8,0.1,9.6-0.6,17.6,1.1c3.3,0.7,9.3,2.2,12.4,2.7\tC239.9,8.7,242.4,8.6,242.4,8.6z M185.2,8.5c1.7-0.7-13.3,4.7-18.5,6.1c-2.1,0.6-6.2,1.6-10,2c-3.9,0.4-8.9,0.4-8.8,0.5\tc0,0.2,5.8,0.8,11.2,0c5.4-0.8,5.2-1.1,7.6-1.6C170.5,14.7,183.5,9.2,185.2,8.5z M199.1,6.9c0.2,0-0.8-0.4-4.8,1.1\tc-4,1.5-6.7,3.5-6.9,3.7c-0.2,0.1,3.5-1.8,6.6-3C197,7.5,199,6.9,199.1,6.9z M283,6c-0.1,0.1-1.9,1.1-4.8,2.5s-6.9,2.8-6.7,2.7\tc0.2,0,3.5-0.6,7.4-2.5C282.8,6.8,283.1,5.9,283,6z M31.3,11.6c0.1-0.2-1.9-0.2-4.5-1.2s-5.4-1.6-7.8-2C15,7.6,7.3,8.5,7.7,8.6\tC8,8.7,15.9,8.3,20.2,9.3c2.2,0.5,2.4,0.5,5.7,1.6S31.2,11.9,31.3,11.6z M73,9.2c0.4-0.1,3.5-1.6,8.4-2.6c4.9-1.1,8.9-0.5,8.9-0.8\tc0-0.3-1-0.9-6.2-0.3S72.6,9.3,73,9.2z M71.6,6.7C71.8,6.8,75,5.4,77.3,5c2.3-0.3,1.9-0.5,1.9-0.6c0-0.1-1.1-0.2-2.7,0.2\tC74.8,5.1,71.4,6.6,71.6,6.7z M93.6,4.4c0.1,0.2,3.5,0.8,5.6,1.8c2.1,1,1.8,0.6,1.9,0.5c0.1-0.1-0.8-0.8-2.4-1.3\tC97.1,4.8,93.5,4.2,93.6,4.4z M65.4,11.1c-0.1,0.3,0.3,0.5,1.9-0.2s2.6-1.3,2.2-1.2s-0.9,0.4-2.5,0.8C65.3,10.9,65.5,10.8,65.4,11.1\tz M34.5,12.4c-0.2,0,2.1,0.8,3.3,0.9c1.2,0.1,2,0.1,2-0.2c0-0.3-0.1-0.5-1.6-0.4C36.6,12.8,34.7,12.4,34.5,12.4z M152.2,21.1\tc-0.1,0.1-2.4-0.3-7.5-0.3c-5,0-13.6-2.4-17.2-3.5c-3.6-1.1,10,3.9,16.5,4.1C150.5,21.6,152.3,21,152.2,21.1z\"\/>\n\t<path class=\"elementor-shape-fill\" d=\"M269.6,18c-0.1-0.1-4.6,0.3-7.2,0c-7.3-0.7-17-3.2-16.6-2.9c0.4,0.3,13.7,3.1,17,3.3\tC267.7,18.8,269.7,18,269.6,18z\"\/>\n\t<path class=\"elementor-shape-fill\" d=\"M227.4,9.8c-0.2-0.1-4.5-1-9.5-1.2c-5-0.2-12.7,0.6-12.3,0.5c0.3-0.1,5.9-1.8,13.3-1.2\tS227.6,9.9,227.4,9.8z\"\/>\n\t<path class=\"elementor-shape-fill\" d=\"M204.5,13.4c-0.1-0.1,2-1,3.2-1.1c1.2-0.1,2,0,2,0.3c0,0.3-0.1,0.5-1.6,0.4\tC206.4,12.9,204.6,13.5,204.5,13.4z\"\/>\n\t<path class=\"elementor-shape-fill\" d=\"M201,10.6c0-0.1-4.4,1.2-6.3,2.2c-1.9,0.9-6.2,3.1-6.1,3.1c0.1,0.1,4.2-1.6,6.3-2.6\tS201,10.7,201,10.6z\"\/>\n\t<path class=\"elementor-shape-fill\" d=\"M154.5,26.7c-0.1-0.1-4.6,0.3-7.2,0c-7.3-0.7-17-3.2-16.6-2.9c0.4,0.3,13.7,3.1,17,3.3\tC152.6,27.5,154.6,26.8,154.5,26.7z\"\/>\n\t<path class=\"elementor-shape-fill\" d=\"M41.9,19.3c0,0,1.2-0.3,2.9-0.1c1.7,0.2,5.8,0.9,8.2,0.7c4.2-0.4,7.4-2.7,7-2.6\tc-0.4,0-4.3,2.2-8.6,1.9c-1.8-0.1-5.1-0.5-6.7-0.4S41.9,19.3,41.9,19.3z\"\/>\n\t<path class=\"elementor-shape-fill\" d=\"M75.5,12.6c0.2,0.1,2-0.8,4.3-1.1c2.3-0.2,2.1-0.3,2.1-0.5c0-0.1-1.8-0.4-3.4,0\tC76.9,11.5,75.3,12.5,75.5,12.6z\"\/>\n\t<path class=\"elementor-shape-fill\" d=\"M15.6,13.2c0-0.1,4.3,0,6.7,0.5c2.4,0.5,5,1.9,5,2c0,0.1-2.7-0.8-5.1-1.4\tC19.9,13.7,15.7,13.3,15.6,13.2z\"\/>\n<\/svg>\t\t<\/div>\n\t\t\t\t\t<div class=\"elementor-container elementor-column-gap-default\">\n\t\t\t\t\t<div class=\"elementor-column elementor-col-100 elementor-top-column elementor-element elementor-element-06e11e7\" data-id=\"06e11e7\" data-element_type=\"column\">\n\t\t\t<div class=\"elementor-widget-wrap elementor-element-populated\">\n\t\t\t\t\t\t<div class=\"elementor-element elementor-element-8912b69 elementor-widget elementor-widget-heading\" data-id=\"8912b69\" data-element_type=\"widget\" data-widget_type=\"heading.default\">\n\t\t\t\t<div class=\"elementor-widget-container\">\n\t\t\t\t\t<h2 class=\"elementor-heading-title elementor-size-default\">DATENSCHUTZERKL\u00c4RUNG<\/h2>\t\t\t\t<\/div>\n\t\t\t\t<\/div>\n\t\t\t\t\t<\/div>\n\t\t<\/div>\n\t\t\t\t\t<\/div>\n\t\t<\/section>\n\t\t\t\t<section class=\"elementor-section elementor-top-section elementor-element elementor-element-8df1cb5 elementor-section-boxed elementor-section-height-default elementor-section-height-default\" data-id=\"8df1cb5\" data-element_type=\"section\">\n\t\t\t\t\t\t<div class=\"elementor-container elementor-column-gap-default\">\n\t\t\t\t\t<div class=\"elementor-column elementor-col-100 elementor-top-column elementor-element elementor-element-eb609a0\" data-id=\"eb609a0\" data-element_type=\"column\">\n\t\t\t<div class=\"elementor-widget-wrap elementor-element-populated\">\n\t\t\t\t\t\t<div class=\"elementor-element elementor-element-2cef589 elementor-widget elementor-widget-text-editor\" data-id=\"2cef589\" data-element_type=\"widget\" data-widget_type=\"text-editor.default\">\n\t\t\t\t<div class=\"elementor-widget-container\">\n\t\t\t\t\t\t\t\t\t<h2 class=\"n\">Wichtiger Hinweis zur Datenverarbeitung und zu Google Analytics<\/h2><p class=\"n\">Diese Website verwendet Google Analytics, einen Webanalysedienst der Google Ireland Limited. Sofern die f\u00fcr die Datenverarbeitung auf dieser Website verantwortliche Person ihren Sitz au\u00dferhalb des Europ\u00e4ischen Wirtschaftsraums oder der Schweiz hat, erfolgt die Datenverarbeitung von Google Analytics durch Google LLC. Google LLC und Google Ireland Limited werden im Folgenden gemeinsam als \u201eGoogle\u201c bezeichnet.<\/p><p>Google Analytics verwendet sogenannte \u201eCookies\u201c. Dabei handelt es sich um Textdateien, die auf dem Endger\u00e4t des Website-Besuchers gespeichert werden und eine Analyse der Nutzung der Website erm\u00f6glichen. Die durch das Cookie erzeugten Informationen \u00fcber die Nutzung dieser Website (einschlie\u00dflich der gek\u00fcrzten IP-Adresse) werden in der Regel an Google \u00fcbertragen und dort gespeichert.<\/p><p>Google Analytics wird auf dieser Website ausschlie\u00dflich mit der Erweiterung \u201e_anonymizeIp()\u201c eingesetzt. Diese Erweiterung gew\u00e4hrleistet die Anonymisierung der IP-Adresse durch K\u00fcrzung und schlie\u00dft einen direkten Personenbezug aus. Mithilfe dieser Erweiterung wird die IP-Adresse des Besuchers von Google innerhalb der Mitgliedstaaten der Europ\u00e4ischen Union oder in anderen Vertragsstaaten des Abkommens \u00fcber den Europ\u00e4ischen Wirtschaftsraum zuvor gek\u00fcrzt. Nur in Ausnahmef\u00e4llen wird die vollst\u00e4ndige IP-Adresse an einen Server von Google in den USA \u00fcbertragen und dort gek\u00fcrzt. Die im Rahmen von Google Analytics vom entsprechenden Browser \u00fcbermittelte IP-Adresse wird nicht mit anderen Daten von Google zusammengef\u00fchrt.<\/p><p>Im Auftrag des Seitenbetreibers wird Google diese Informationen nutzen, um die Nutzung der Website auszuwerten, Berichte \u00fcber die Websiteaktivit\u00e4ten zu erstellen und weitere mit der Nutzung des Internets oder der Website verbundene Dienstleistungen f\u00fcr den Seitenbetreiber zu erbringen (Art. 6 Abs. 1 Buchst. f DSGVO). Das berechtigte Interesse an der Datenverarbeitung liegt in der Optimierung der Website, der Analyse der Websitenutzung und der Anpassung der Inhalte. Die Interessen der Nutzer werden durch die Pseudonymisierung ihrer Daten hinreichend gewahrt.<\/p><p>Google LLC garantiert die Einhaltung eines angemessenen Datenschutzniveaus auf Grundlage der europ\u00e4ischen Standardvertragsklauseln. Informationen, die an Google Analytics-Cookies gebunden sind, wie z. B. Nutzer-IDs oder Werbe-IDs, werden nach 50 Monaten automatisch gel\u00f6scht. Die L\u00f6schung der Daten nach Ablauf der Aufbewahrungsfrist erfolgt automatisch einmal im Monat.<\/p><p>Der Website-Besucher kann die Verwendung von Cookies durch entsprechende Einstellungen in seinem Browser ablehnen. Ebenso kann der Besucher die Erfassung der durch Cookies erzeugten Informationen (einschlie\u00dflich seiner IP-Adresse) sowie deren Verarbeitung durch Google verhindern, indem er das folgende Browser-Plugin herunterl\u00e4dt und installiert:<span> <\/span><a href=\"http:\/\/tools.google.com\/dlpage\/gaoptout\" target=\"_blank\" rel=\"noopener\">http:\/\/tools.google.com\/dlpage\/gaoptout<\/a><\/p><p>Weitere Informationen zur Datennutzung durch Google sowie zu Einstellungs- und Widerspruchsm\u00f6glichkeiten finden Sie in der Datenschutzerkl\u00e4rung von Google (<a href=\"https:\/\/policies.google.com\/privacy\" target=\"_blank\" rel=\"noopener\">https:\/\/policies.google.com\/privacy?hl=de<\/a>) sowie in den Einstellungen f\u00fcr Google-Werbung (<a href=\"https:\/\/adssettings.google.com\/authenticated\" target=\"_blank\" rel=\"noopener\">https:\/\/adssettings.google.com\/authenticated<\/a>).<\/p>\t\t\t\t\t\t\t\t<\/div>\n\t\t\t\t<\/div>\n\t\t\t\t\t<\/div>\n\t\t<\/div>\n\t\t\t\t\t<\/div>\n\t\t<\/section>\n\t\t\t\t<\/div>\n\t\t","protected":false},"excerpt":{"rendered":"<p>DATENSCHUTZERKL\u00c4RUNG Wichtiger Hinweis zur Datenverarbeitung und zu Google Analytics Diese Website verwendet Google Analytics, einen Webanalysedienst der Google Ireland Limited. Sofern die f\u00fcr die Datenverarbeitung auf dieser Website verantwortliche Person ihren Sitz au\u00dferhalb des Europ\u00e4ischen Wirtschaftsraums oder der Schweiz hat, erfolgt die Datenverarbeitung von Google Analytics durch Google LLC. Google [&hellip;]<\/p>\n","protected":false},"author":1,"featured_media":0,"parent":0,"menu_order":0,"comment_status":"closed","ping_status":"closed","template":"page-templates\/template-pagebuilder-full-width.php","meta":{"jetpack_post_was_ever_published":false,"footnotes":""},"class_list":["post-15302","page","type-page","status-publish","hentry"],"yoast_head":"<!-- This site is optimized with the Yoast SEO plugin v27.5 - https:\/\/yoast.com\/product\/yoast-seo-wordpress\/ -->\n<title>DATENSCHUTZERKL\u00c4RUNG - Supein Nihonto<\/title>\n<meta name=\"robots\" content=\"index, follow, max-snippet:-1, max-image-preview:large, max-video-preview:-1\" \/>\n<link rel=\"canonical\" href=\"https:\/\/www.supeinnihonto.com\/de\/datenschutzerklaerung\/\" \/>\n<meta property=\"og:locale\" content=\"de_DE\" \/>\n<meta property=\"og:type\" content=\"article\" \/>\n<meta property=\"og:title\" content=\"DATENSCHUTZERKL\u00c4RUNG - Supein Nihonto\" \/>\n<meta property=\"og:description\" content=\"DATENSCHUTZERKL\u00c4RUNG Wichtiger Hinweis zur Datenverarbeitung und zu Google Analytics Diese Website verwendet Google Analytics, einen Webanalysedienst der Google Ireland Limited. Sofern die f\u00fcr die Datenverarbeitung auf dieser Website verantwortliche Person ihren Sitz au\u00dferhalb des Europ\u00e4ischen Wirtschaftsraums oder der Schweiz hat, erfolgt die Datenverarbeitung von Google Analytics durch Google LLC. Google [&hellip;]\" \/>\n<meta property=\"og:url\" content=\"https:\/\/www.supeinnihonto.com\/de\/datenschutzerklaerung\/\" \/>\n<meta property=\"og:site_name\" content=\"Supein Nihonto\" \/>\n<meta property=\"article:modified_time\" content=\"2025-12-15T10:30:06+00:00\" \/>\n<meta name=\"twitter:card\" content=\"summary_large_image\" \/>\n<meta name=\"twitter:label1\" content=\"Gesch\u00e4tzte Lesezeit\" \/>\n\t<meta name=\"twitter:data1\" content=\"3\u00a0Minuten\" \/>\n<script type=\"application\/ld+json\" class=\"yoast-schema-graph\">{\"@context\":\"https:\\\/\\\/schema.org\",\"@graph\":[{\"@type\":\"WebPage\",\"@id\":\"https:\\\/\\\/www.supeinnihonto.com\\\/de\\\/datenschutzerklaerung\\\/\",\"url\":\"https:\\\/\\\/www.supeinnihonto.com\\\/de\\\/datenschutzerklaerung\\\/\",\"name\":\"DATENSCHUTZERKL\u00c4RUNG - Supein Nihonto\",\"isPartOf\":{\"@id\":\"https:\\\/\\\/www.supeinnihonto.com\\\/de\\\/#website\"},\"datePublished\":\"2021-11-10T12:43:03+00:00\",\"dateModified\":\"2025-12-15T10:30:06+00:00\",\"breadcrumb\":{\"@id\":\"https:\\\/\\\/www.supeinnihonto.com\\\/de\\\/datenschutzerklaerung\\\/#breadcrumb\"},\"inLanguage\":\"de\",\"potentialAction\":[{\"@type\":\"ReadAction\",\"target\":[\"https:\\\/\\\/www.supeinnihonto.com\\\/de\\\/datenschutzerklaerung\\\/\"]}]},{\"@type\":\"BreadcrumbList\",\"@id\":\"https:\\\/\\\/www.supeinnihonto.com\\\/de\\\/datenschutzerklaerung\\\/#breadcrumb\",\"itemListElement\":[{\"@type\":\"ListItem\",\"position\":1,\"name\":\"Portada\",\"item\":\"https:\\\/\\\/www.supeinnihonto.com\\\/de\\\/\"},{\"@type\":\"ListItem\",\"position\":2,\"name\":\"DATENSCHUTZERKL\u00c4RUNG\"}]},{\"@type\":\"WebSite\",\"@id\":\"https:\\\/\\\/www.supeinnihonto.com\\\/de\\\/#website\",\"url\":\"https:\\\/\\\/www.supeinnihonto.com\\\/de\\\/\",\"name\":\"Supein Nihonto\",\"description\":\"Authentic japanese Nihonto katana \",\"publisher\":{\"@id\":\"https:\\\/\\\/www.supeinnihonto.com\\\/de\\\/#organization\"},\"potentialAction\":[{\"@type\":\"SearchAction\",\"target\":{\"@type\":\"EntryPoint\",\"urlTemplate\":\"https:\\\/\\\/www.supeinnihonto.com\\\/de\\\/?s={search_term_string}\"},\"query-input\":{\"@type\":\"PropertyValueSpecification\",\"valueRequired\":true,\"valueName\":\"search_term_string\"}}],\"inLanguage\":\"de\"},{\"@type\":\"Organization\",\"@id\":\"https:\\\/\\\/www.supeinnihonto.com\\\/de\\\/#organization\",\"name\":\"SupeinNihonto\",\"url\":\"https:\\\/\\\/www.supeinnihonto.com\\\/de\\\/\",\"logo\":{\"@type\":\"ImageObject\",\"inLanguage\":\"de\",\"@id\":\"https:\\\/\\\/www.supeinnihonto.com\\\/de\\\/#\\\/schema\\\/logo\\\/image\\\/\",\"url\":\"https:\\\/\\\/www.supeinnihonto.com\\\/wp-content\\\/uploads\\\/2021\\\/11\\\/animation_Default_3szk0jcenoloop.gif\",\"contentUrl\":\"https:\\\/\\\/www.supeinnihonto.com\\\/wp-content\\\/uploads\\\/2021\\\/11\\\/animation_Default_3szk0jcenoloop.gif\",\"width\":750,\"height\":641,\"caption\":\"SupeinNihonto\"},\"image\":{\"@id\":\"https:\\\/\\\/www.supeinnihonto.com\\\/de\\\/#\\\/schema\\\/logo\\\/image\\\/\"}}]}<\/script>\n<!-- \/ Yoast SEO plugin. -->","yoast_head_json":{"title":"DATENSCHUTZERKL\u00c4RUNG - Supein Nihonto","robots":{"index":"index","follow":"follow","max-snippet":"max-snippet:-1","max-image-preview":"max-image-preview:large","max-video-preview":"max-video-preview:-1"},"canonical":"https:\/\/www.supeinnihonto.com\/de\/datenschutzerklaerung\/","og_locale":"de_DE","og_type":"article","og_title":"DATENSCHUTZERKL\u00c4RUNG - Supein Nihonto","og_description":"DATENSCHUTZERKL\u00c4RUNG Wichtiger Hinweis zur Datenverarbeitung und zu Google Analytics Diese Website verwendet Google Analytics, einen Webanalysedienst der Google Ireland Limited. Sofern die f\u00fcr die Datenverarbeitung auf dieser Website verantwortliche Person ihren Sitz au\u00dferhalb des Europ\u00e4ischen Wirtschaftsraums oder der Schweiz hat, erfolgt die Datenverarbeitung von Google Analytics durch Google LLC. Google [&hellip;]","og_url":"https:\/\/www.supeinnihonto.com\/de\/datenschutzerklaerung\/","og_site_name":"Supein Nihonto","article_modified_time":"2025-12-15T10:30:06+00:00","twitter_card":"summary_large_image","twitter_misc":{"Gesch\u00e4tzte Lesezeit":"3\u00a0Minuten"},"schema":{"@context":"https:\/\/schema.org","@graph":[{"@type":"WebPage","@id":"https:\/\/www.supeinnihonto.com\/de\/datenschutzerklaerung\/","url":"https:\/\/www.supeinnihonto.com\/de\/datenschutzerklaerung\/","name":"DATENSCHUTZERKL\u00c4RUNG - Supein Nihonto","isPartOf":{"@id":"https:\/\/www.supeinnihonto.com\/de\/#website"},"datePublished":"2021-11-10T12:43:03+00:00","dateModified":"2025-12-15T10:30:06+00:00","breadcrumb":{"@id":"https:\/\/www.supeinnihonto.com\/de\/datenschutzerklaerung\/#breadcrumb"},"inLanguage":"de","potentialAction":[{"@type":"ReadAction","target":["https:\/\/www.supeinnihonto.com\/de\/datenschutzerklaerung\/"]}]},{"@type":"BreadcrumbList","@id":"https:\/\/www.supeinnihonto.com\/de\/datenschutzerklaerung\/#breadcrumb","itemListElement":[{"@type":"ListItem","position":1,"name":"Portada","item":"https:\/\/www.supeinnihonto.com\/de\/"},{"@type":"ListItem","position":2,"name":"DATENSCHUTZERKL\u00c4RUNG"}]},{"@type":"WebSite","@id":"https:\/\/www.supeinnihonto.com\/de\/#website","url":"https:\/\/www.supeinnihonto.com\/de\/","name":"Supein Nihonto","description":"Authentic japanese Nihonto katana ","publisher":{"@id":"https:\/\/www.supeinnihonto.com\/de\/#organization"},"potentialAction":[{"@type":"SearchAction","target":{"@type":"EntryPoint","urlTemplate":"https:\/\/www.supeinnihonto.com\/de\/?s={search_term_string}"},"query-input":{"@type":"PropertyValueSpecification","valueRequired":true,"valueName":"search_term_string"}}],"inLanguage":"de"},{"@type":"Organization","@id":"https:\/\/www.supeinnihonto.com\/de\/#organization","name":"SupeinNihonto","url":"https:\/\/www.supeinnihonto.com\/de\/","logo":{"@type":"ImageObject","inLanguage":"de","@id":"https:\/\/www.supeinnihonto.com\/de\/#\/schema\/logo\/image\/","url":"https:\/\/www.supeinnihonto.com\/wp-content\/uploads\/2021\/11\/animation_Default_3szk0jcenoloop.gif","contentUrl":"https:\/\/www.supeinnihonto.com\/wp-content\/uploads\/2021\/11\/animation_Default_3szk0jcenoloop.gif","width":750,"height":641,"caption":"SupeinNihonto"},"image":{"@id":"https:\/\/www.supeinnihonto.com\/de\/#\/schema\/logo\/image\/"}}]}},"jetpack-related-posts":[{"id":15294,"url":"https:\/\/www.supeinnihonto.com\/de\/rechtlicher-hinweis\/","url_meta":{"origin":15302,"position":0},"title":"RECHTLICHER HINWEIS","author":"Supein Nihonto","date":"10 de November de 2021","format":false,"excerpt":"RECHTLICHER HINWEIS Supein Nihonto \u00fcbernimmt keinerlei Verantwortung f\u00fcr eine falsche, unangemessene oder rechtswidrige Nutzung der Informationen, die auf den Internetseiten von Supein Nihonto erscheinen.Die Inhalte und Informationen sind f\u00fcr Supein Nihonto nicht bindend und stellen weder Meinungen noch Empfehlungen oder rechtliche Beratung irgendeiner Art dar, da es sich lediglich um\u2026","rel":"","context":"\u00c4hnlicher Beitrag","block_context":{"text":"\u00c4hnlicher Beitrag","link":""},"img":{"alt_text":"","src":"","width":0,"height":0},"classes":[]},{"id":15273,"url":"https:\/\/www.supeinnihonto.com\/de\/verlosung-warrior-collectible-cards\/","url_meta":{"origin":15302,"position":1},"title":"Verlosung \u2013 Warrior Collectible Cards","author":"Supein Nihonto","date":"28 de Januar de 2022","format":false,"excerpt":"Warrior Collectible Cards Bei Supein Nihonto freuen wir uns sehr, an dem innovativen NFT-Projekt f\u00fcr Sammelkarten teilzunehmen, das uns von www.warriorcollectiblecards.com vorgeschlagen wurde. Ziel dieses Projekts ist es, die Samurai-Kultur m\u00f6glichst vielen Menschen n\u00e4herzubringen, und wir sind stolz darauf, bei jeder Saison die verloste Klinge zu zertifizieren. Warrior Collectible Cards\u2026","rel":"","context":"\u00c4hnlicher Beitrag","block_context":{"text":"\u00c4hnlicher Beitrag","link":""},"img":{"alt_text":"","src":"","width":0,"height":0},"classes":[]},{"id":15263,"url":"https:\/\/www.supeinnihonto.com\/de\/medien\/","url_meta":{"origin":15302,"position":2},"title":"Medien","author":"Supein Nihonto","date":"9 de Mai de 2024","format":false,"excerpt":"Medien Halbj\u00e4hrliche H\u00e4ndlerauktion in Tokio Obwohl Einladungen f\u00fcr Ausl\u00e4nder sehr begrenzt sind (wir waren nur drei Ausl\u00e4nder unter mehr als 150 Teilnehmern), wurden wir zu der zweimal j\u00e4hrlich im Zentrum Tokios stattfindenden Veranstaltung eingeladen, was f\u00fcr uns eine gro\u00dfe Freude und Ehre war.Die Auktion wird unter H\u00e4ndlern abgehalten und steht\u2026","rel":"","context":"\u00c4hnlicher Beitrag","block_context":{"text":"\u00c4hnlicher Beitrag","link":""},"img":{"alt_text":"","src":"https:\/\/i0.wp.com\/www.supeinnihonto.com\/wp-content\/uploads\/2024\/05\/IMG20240420045848-768x1024.jpg?resize=350%2C200&ssl=1","width":350,"height":200,"srcset":"https:\/\/i0.wp.com\/www.supeinnihonto.com\/wp-content\/uploads\/2024\/05\/IMG20240420045848-768x1024.jpg?resize=350%2C200&ssl=1 1x, https:\/\/i0.wp.com\/www.supeinnihonto.com\/wp-content\/uploads\/2024\/05\/IMG20240420045848-768x1024.jpg?resize=525%2C300&ssl=1 1.5x, https:\/\/i0.wp.com\/www.supeinnihonto.com\/wp-content\/uploads\/2024\/05\/IMG20240420045848-768x1024.jpg?resize=700%2C400&ssl=1 2x"},"classes":[]},{"id":15233,"url":"https:\/\/www.supeinnihonto.com\/de\/rueckgabe-und-rueckerstattungsrichtlinie\/","url_meta":{"origin":15302,"position":3},"title":"R\u00fcckgabe- und R\u00fcckerstattungsrichtlinie","author":"Supein Nihonto","date":"29 de Juli de 2024","format":false,"excerpt":"\u00dcbersicht Der Verbraucher hat eine Frist von 14 Tagen, um den Kauf eines der Produkte zu widerrufen, sofern ein nicht beschriebener Mangel vorliegt oder die Ware nicht in dem Zustand ankommt, der zum Zeitpunkt des Kaufs angegeben wurde. Der Verbraucher hat die Kosten der R\u00fccksendung sowie die Versandkosten und die\u2026","rel":"","context":"\u00c4hnlicher Beitrag","block_context":{"text":"\u00c4hnlicher Beitrag","link":""},"img":{"alt_text":"","src":"","width":0,"height":0},"classes":[]},{"id":15300,"url":"https:\/\/www.supeinnihonto.com\/nl\/privacybeleid\/","url_meta":{"origin":15302,"position":4},"title":"PRIVACYBELEID","author":"Supein Nihonto","date":"10 de November de 2021","format":false,"excerpt":"PRIVACYBELEID Belangrijke opmerking over gegevensverwerking en Google AnalyticsDeze website maakt gebruik van Google Analytics, een webanalysedienst van Google Ireland Limited. Indien de verantwoordelijke voor de gegevensverwerking op deze website gevestigd is in een land buiten de Europese Economische Ruimte of Zwitserland, wordt de gegevensverwerking van Google Analytics uitgevoerd door Google\u2026","rel":"","context":"\u00c4hnlicher Beitrag","block_context":{"text":"\u00c4hnlicher Beitrag","link":""},"img":{"alt_text":"","src":"","width":0,"height":0},"classes":[]},{"id":221,"url":"https:\/\/www.supeinnihonto.com\/privacy-policy\/","url_meta":{"origin":15302,"position":5},"title":"PRIVACY POLICY","author":"Supein Nihonto","date":"10 de November de 2021","format":false,"excerpt":"PRIVACY POLICY Important note on data processing and Google AnalyticsThis website uses Google Analytics, a web analysis service of Google Ireland Limited. In the event that the person responsible for data processing on this website resides in a country outside the European Economic Area or Switzerland, Google Analytics data processing\u2026","rel":"","context":"\u00c4hnlicher Beitrag","block_context":{"text":"\u00c4hnlicher Beitrag","link":""},"img":{"alt_text":"","src":"","width":0,"height":0},"classes":[]}],"jetpack_sharing_enabled":true,"_links":{"self":[{"href":"https:\/\/www.supeinnihonto.com\/de\/wp-json\/wp\/v2\/pages\/15302","targetHints":{"allow":["GET"]}}],"collection":[{"href":"https:\/\/www.supeinnihonto.com\/de\/wp-json\/wp\/v2\/pages"}],"about":[{"href":"https:\/\/www.supeinnihonto.com\/de\/wp-json\/wp\/v2\/types\/page"}],"author":[{"embeddable":true,"href":"https:\/\/www.supeinnihonto.com\/de\/wp-json\/wp\/v2\/users\/1"}],"replies":[{"embeddable":true,"href":"https:\/\/www.supeinnihonto.com\/de\/wp-json\/wp\/v2\/comments?post=15302"}],"version-history":[{"count":5,"href":"https:\/\/www.supeinnihonto.com\/de\/wp-json\/wp\/v2\/pages\/15302\/revisions"}],"predecessor-version":[{"id":38289,"href":"https:\/\/www.supeinnihonto.com\/de\/wp-json\/wp\/v2\/pages\/15302\/revisions\/38289"}],"wp:attachment":[{"href":"https:\/\/www.supeinnihonto.com\/de\/wp-json\/wp\/v2\/media?parent=15302"}],"curies":[{"name":"wp","href":"https:\/\/api.w.org\/{rel}","templated":true}]}}