{"id":15298,"date":"2021-11-10T12:43:03","date_gmt":"2021-11-10T12:43:03","guid":{"rendered":"https:\/\/www.supeinnihonto.com\/cookies-policy\/"},"modified":"2025-12-15T09:31:17","modified_gmt":"2025-12-15T09:31:17","slug":"cookie-richtlinie","status":"publish","type":"page","link":"https:\/\/www.supeinnihonto.com\/de\/cookie-richtlinie\/","title":{"rendered":"COOKIE-RICHTLINIE"},"content":{"rendered":"\t\t<div data-elementor-type=\"wp-page\" data-elementor-id=\"15298\" class=\"elementor elementor-15298 elementor-220\">\n\t\t\t\t\t\t<section class=\"elementor-section elementor-top-section elementor-element elementor-element-4214fcb elementor-section-boxed elementor-section-height-default elementor-section-height-default\" data-id=\"4214fcb\" data-element_type=\"section\" data-settings=\"{&quot;shape_divider_top&quot;:&quot;wave-brush&quot;}\">\n\t\t\t\t\t<div class=\"elementor-shape elementor-shape-top\" aria-hidden=\"true\" data-negative=\"false\">\n\t\t\t<svg xmlns=\"http:\/\/www.w3.org\/2000\/svg\" viewBox=\"0 0 283.5 27.8\" preserveAspectRatio=\"none\">\n\t<path class=\"elementor-shape-fill\" d=\"M283.5,9.7c0,0-7.3,4.3-14,4.6c-6.8,0.3-12.6,0-20.9-1.5c-11.3-2-33.1-10.1-44.7-5.7\ts-12.1,4.6-18,7.4c-6.6,3.2-20,9.6-36.6,9.3C131.6,23.5,99.5,7.2,86.3,8c-1.4,0.1-6.6,0.8-10.5,2c-3.8,1.2-9.4,3.8-17,4.7\tc-3.2,0.4-8.3,1.1-14.2,0.9c-1.5-0.1-6.3-0.4-12-1.6c-5.7-1.2-11-3.1-15.8-3.7C6.5,9.2,0,10.8,0,10.8V0h283.5V9.7z M260.8,11.3\tc-0.7-1-2-0.4-4.3-0.4c-2.3,0-6.1-1.2-5.8-1.1c0.3,0.1,3.1,1.5,6,1.9C259.7,12.2,261.4,12.3,260.8,11.3z M242.4,8.6\tc0,0-2.4-0.2-5.6-0.9c-3.2-0.8-10.3-2.8-15.1-3.5c-8.2-1.1-15.8,0-15.1,0.1c0.8,0.1,9.6-0.6,17.6,1.1c3.3,0.7,9.3,2.2,12.4,2.7\tC239.9,8.7,242.4,8.6,242.4,8.6z M185.2,8.5c1.7-0.7-13.3,4.7-18.5,6.1c-2.1,0.6-6.2,1.6-10,2c-3.9,0.4-8.9,0.4-8.8,0.5\tc0,0.2,5.8,0.8,11.2,0c5.4-0.8,5.2-1.1,7.6-1.6C170.5,14.7,183.5,9.2,185.2,8.5z M199.1,6.9c0.2,0-0.8-0.4-4.8,1.1\tc-4,1.5-6.7,3.5-6.9,3.7c-0.2,0.1,3.5-1.8,6.6-3C197,7.5,199,6.9,199.1,6.9z M283,6c-0.1,0.1-1.9,1.1-4.8,2.5s-6.9,2.8-6.7,2.7\tc0.2,0,3.5-0.6,7.4-2.5C282.8,6.8,283.1,5.9,283,6z M31.3,11.6c0.1-0.2-1.9-0.2-4.5-1.2s-5.4-1.6-7.8-2C15,7.6,7.3,8.5,7.7,8.6\tC8,8.7,15.9,8.3,20.2,9.3c2.2,0.5,2.4,0.5,5.7,1.6S31.2,11.9,31.3,11.6z M73,9.2c0.4-0.1,3.5-1.6,8.4-2.6c4.9-1.1,8.9-0.5,8.9-0.8\tc0-0.3-1-0.9-6.2-0.3S72.6,9.3,73,9.2z M71.6,6.7C71.8,6.8,75,5.4,77.3,5c2.3-0.3,1.9-0.5,1.9-0.6c0-0.1-1.1-0.2-2.7,0.2\tC74.8,5.1,71.4,6.6,71.6,6.7z M93.6,4.4c0.1,0.2,3.5,0.8,5.6,1.8c2.1,1,1.8,0.6,1.9,0.5c0.1-0.1-0.8-0.8-2.4-1.3\tC97.1,4.8,93.5,4.2,93.6,4.4z M65.4,11.1c-0.1,0.3,0.3,0.5,1.9-0.2s2.6-1.3,2.2-1.2s-0.9,0.4-2.5,0.8C65.3,10.9,65.5,10.8,65.4,11.1\tz M34.5,12.4c-0.2,0,2.1,0.8,3.3,0.9c1.2,0.1,2,0.1,2-0.2c0-0.3-0.1-0.5-1.6-0.4C36.6,12.8,34.7,12.4,34.5,12.4z M152.2,21.1\tc-0.1,0.1-2.4-0.3-7.5-0.3c-5,0-13.6-2.4-17.2-3.5c-3.6-1.1,10,3.9,16.5,4.1C150.5,21.6,152.3,21,152.2,21.1z\"\/>\n\t<path class=\"elementor-shape-fill\" d=\"M269.6,18c-0.1-0.1-4.6,0.3-7.2,0c-7.3-0.7-17-3.2-16.6-2.9c0.4,0.3,13.7,3.1,17,3.3\tC267.7,18.8,269.7,18,269.6,18z\"\/>\n\t<path class=\"elementor-shape-fill\" d=\"M227.4,9.8c-0.2-0.1-4.5-1-9.5-1.2c-5-0.2-12.7,0.6-12.3,0.5c0.3-0.1,5.9-1.8,13.3-1.2\tS227.6,9.9,227.4,9.8z\"\/>\n\t<path class=\"elementor-shape-fill\" d=\"M204.5,13.4c-0.1-0.1,2-1,3.2-1.1c1.2-0.1,2,0,2,0.3c0,0.3-0.1,0.5-1.6,0.4\tC206.4,12.9,204.6,13.5,204.5,13.4z\"\/>\n\t<path class=\"elementor-shape-fill\" d=\"M201,10.6c0-0.1-4.4,1.2-6.3,2.2c-1.9,0.9-6.2,3.1-6.1,3.1c0.1,0.1,4.2-1.6,6.3-2.6\tS201,10.7,201,10.6z\"\/>\n\t<path class=\"elementor-shape-fill\" d=\"M154.5,26.7c-0.1-0.1-4.6,0.3-7.2,0c-7.3-0.7-17-3.2-16.6-2.9c0.4,0.3,13.7,3.1,17,3.3\tC152.6,27.5,154.6,26.8,154.5,26.7z\"\/>\n\t<path class=\"elementor-shape-fill\" d=\"M41.9,19.3c0,0,1.2-0.3,2.9-0.1c1.7,0.2,5.8,0.9,8.2,0.7c4.2-0.4,7.4-2.7,7-2.6\tc-0.4,0-4.3,2.2-8.6,1.9c-1.8-0.1-5.1-0.5-6.7-0.4S41.9,19.3,41.9,19.3z\"\/>\n\t<path class=\"elementor-shape-fill\" d=\"M75.5,12.6c0.2,0.1,2-0.8,4.3-1.1c2.3-0.2,2.1-0.3,2.1-0.5c0-0.1-1.8-0.4-3.4,0\tC76.9,11.5,75.3,12.5,75.5,12.6z\"\/>\n\t<path class=\"elementor-shape-fill\" d=\"M15.6,13.2c0-0.1,4.3,0,6.7,0.5c2.4,0.5,5,1.9,5,2c0,0.1-2.7-0.8-5.1-1.4\tC19.9,13.7,15.7,13.3,15.6,13.2z\"\/>\n<\/svg>\t\t<\/div>\n\t\t\t\t\t<div class=\"elementor-container elementor-column-gap-default\">\n\t\t\t\t\t<div class=\"elementor-column elementor-col-100 elementor-top-column elementor-element elementor-element-fac15aa\" data-id=\"fac15aa\" data-element_type=\"column\">\n\t\t\t<div class=\"elementor-widget-wrap elementor-element-populated\">\n\t\t\t\t\t\t<div class=\"elementor-element elementor-element-f5b4806 elementor-widget elementor-widget-heading\" data-id=\"f5b4806\" data-element_type=\"widget\" data-widget_type=\"heading.default\">\n\t\t\t\t<div class=\"elementor-widget-container\">\n\t\t\t\t\t<h1 class=\"elementor-heading-title elementor-size-default\">COOKIE-RICHTLINIE<\/h1>\t\t\t\t<\/div>\n\t\t\t\t<\/div>\n\t\t\t\t\t<\/div>\n\t\t<\/div>\n\t\t\t\t\t<\/div>\n\t\t<\/section>\n\t\t\t\t<section class=\"elementor-section elementor-top-section elementor-element elementor-element-affd7f1 elementor-section-boxed elementor-section-height-default elementor-section-height-default\" data-id=\"affd7f1\" data-element_type=\"section\">\n\t\t\t\t\t\t<div class=\"elementor-container elementor-column-gap-default\">\n\t\t\t\t\t<div class=\"elementor-column elementor-col-100 elementor-top-column elementor-element elementor-element-1ba15e2\" data-id=\"1ba15e2\" data-element_type=\"column\">\n\t\t\t<div class=\"elementor-widget-wrap elementor-element-populated\">\n\t\t\t\t\t\t<div class=\"elementor-element elementor-element-5f302dd elementor-widget elementor-widget-text-editor\" data-id=\"5f302dd\" data-element_type=\"widget\" data-widget_type=\"text-editor.default\">\n\t\t\t\t<div class=\"elementor-widget-container\">\n\t\t\t\t\t\t\t\t\t<span>Ein Cookie ist eine kleine Textdatei, die in Ihrem Browser gespeichert wird, wenn Sie nahezu jede beliebige Webseite besuchen. Sein Zweck besteht darin, dass sich die Website bei einem erneuten Besuch an Ihren Besuch erinnern kann. Cookies speichern in der Regel Informationen technischer Art, pers\u00f6nliche Einstellungen, die Personalisierung von Inhalten, Nutzungsstatistiken, Verkn\u00fcpfungen zu sozialen Netzwerken, den Zugriff auf Benutzerkonten usw. Ziel eines Cookies ist es, die Inhalte der Website an Ihr Profil und Ihre Bed\u00fcrfnisse anzupassen; ohne Cookies w\u00e4ren die von einer Webseite angebotenen Dienste erheblich eingeschr\u00e4nkt.<\/span> \t\t\t\t\t\t\t\t<\/div>\n\t\t\t\t<\/div>\n\t\t\t\t<div class=\"elementor-element elementor-element-5abfb7c elementor-widget elementor-widget-heading\" data-id=\"5abfb7c\" data-element_type=\"widget\" data-widget_type=\"heading.default\">\n\t\t\t\t<div class=\"elementor-widget-container\">\n\t\t\t\t\t<h6 class=\"elementor-heading-title elementor-size-default\">WEITERE INFORMATIONEN \u00dcBER COOKIES<\/h6>\t\t\t\t<\/div>\n\t\t\t\t<\/div>\n\t\t\t\t<div class=\"elementor-element elementor-element-fd2b59c elementor-widget elementor-widget-text-editor\" data-id=\"fd2b59c\" data-element_type=\"widget\" data-widget_type=\"text-editor.default\">\n\t\t\t\t<div class=\"elementor-widget-container\">\n\t\t\t\t\t\t\t\t\t<p><strong>Was ist ein Cookie?<\/strong><br \/><span><\/span><\/p><p><span>Ein Cookie ist eine harmlose Textdatei, die in Ihrem Browser gespeichert wird, wenn Sie nahezu jede beliebige Webseite besuchen. Der Zweck eines Cookies besteht darin, dass sich die Website bei einem erneuten Besuch an Ihren Besuch erinnern kann. Obwohl viele Menschen dies nicht wissen, werden Cookies bereits seit \u00fcber 20 Jahren verwendet, seitdem die ersten Browser f\u00fcr das World Wide Web erschienen sind.<\/span><br \/><strong><\/strong><\/p><p><strong>Was ist kein Cookie?<\/strong><br \/><span><\/span><\/p><p><span>Es handelt sich weder um einen Virus noch um ein Trojanisches Pferd, einen Wurm, Spam oder Spyware, und es \u00f6ffnet keine Pop-up-Fenster.<\/span><br \/><strong><\/strong><\/p><p><strong>Welche Informationen speichert ein Cookie?<\/strong><br \/><span><\/span><\/p><p><span>Cookies speichern in der Regel keine sensiblen Informationen \u00fcber Sie, wie z. B. Kreditkarten- oder Bankdaten, Fotos, Ausweisdaten oder pers\u00f6nliche Informationen. Die gespeicherten Daten sind technischer Natur, pers\u00f6nliche Einstellungen, Inhaltsanpassungen usw.<\/span><br \/><span>Der Webserver ordnet Sie nicht als Person zu, sondern Ihrem Webbrowser. Wenn Sie beispielsweise regelm\u00e4\u00dfig mit Internet Explorer surfen und dieselbe Website anschlie\u00dfend mit Firefox oder Chrome besuchen, werden Sie feststellen, dass die Website nicht erkennt, dass es sich um dieselbe Person handelt, da tats\u00e4chlich der Browser und nicht der Nutzer identifiziert wird.<\/span><br \/><strong><\/strong><\/p><p><strong>Welche Arten von Cookies gibt es?<\/strong><\/p><ul><li><span>Technische Cookies: Dies sind die grundlegendsten Cookies. Sie erm\u00f6glichen unter anderem zu erkennen, ob ein Mensch oder eine automatisierte Anwendung surft, ob ein anonymer oder registrierter Nutzer auf der Website ist, sowie grundlegende Funktionen f\u00fcr den Betrieb jeder dynamischen Website.<\/span><\/li><li><span>Analyse-Cookies: Sie sammeln Informationen \u00fcber die Art der Nutzung, die am h\u00e4ufigsten besuchten Bereiche, aufgerufene Produkte, Nutzungszeiten, Sprache usw.<\/span><\/li><li><span>Werbe-Cookies: Sie zeigen Werbung basierend auf Ihrem Surfverhalten, Ihrem Herkunftsland, Ihrer Sprache usw. an.<\/span><\/li><\/ul><p><strong>Was sind eigene Cookies und Cookies von Drittanbietern?<\/strong><br \/><span><\/span><\/p><p><span>Eigene Cookies sind jene, die von der besuchten Website erzeugt werden, w\u00e4hrend Cookies von Drittanbietern von externen Diensten oder Anbietern wie Facebook, Twitter, Google usw. gesetzt werden.<\/span><\/p><p><strong>Was passiert, wenn ich Cookies deaktiviere?<\/strong><br \/><span><\/span><\/p><p><span>Damit Sie die Auswirkungen der Deaktivierung von Cookies besser verstehen, zeigen wir Ihnen einige Beispiele:<\/span><\/p><ul><li>Sie k\u00f6nnen Inhalte dieser Website nicht auf Facebook, Twitter oder anderen sozialen Netzwerken teilen.<\/li><li><span>Die Website kann Inhalte nicht an Ihre pers\u00f6nlichen Einstellungen anpassen, wie es h\u00e4ufig in Online-Shops der Fall ist.<\/span><\/li><li><span>Sie k\u00f6nnen nicht auf den pers\u00f6nlichen Bereich der Website zugreifen, z. B. auf \u201eMein Konto\u201c, \u201eMein Profil\u201c oder \u201eMeine Bestellungen\u201c.<\/span><\/li><li><span>Online-Shops: Es ist nicht m\u00f6glich, Online-K\u00e4ufe zu t\u00e4tigen; diese m\u00fcssten telefonisch oder durch einen Besuch im station\u00e4ren Gesch\u00e4ft erfolgen, sofern vorhanden.<\/span><\/li><li><span>Geografische Einstellungen wie Zeitzone, W\u00e4hrung oder Sprache k\u00f6nnen nicht angepasst werden.<\/span><\/li><li><span>Die Website kann keine Webanalysen zu Besuchern und Traffic durchf\u00fchren, was ihre Wettbewerbsf\u00e4higkeit beeintr\u00e4chtigen kann.<\/span><\/li><li><span>Sie k\u00f6nnen keine Blogbeitr\u00e4ge verfassen, keine Fotos hochladen, keine Kommentare posten oder Inhalte bewerten. Die Website kann zudem nicht erkennen, ob es sich um einen Menschen oder eine automatisierte Spam-Anwendung handelt.<\/span><\/li><li><span>Gezielte Werbung kann nicht angezeigt werden, was die Werbeeinnahmen der Website reduziert.<\/span><\/li><li><span>Alle sozialen Netzwerke verwenden Cookies; wenn Sie diese deaktivieren, k\u00f6nnen Sie keine sozialen Netzwerke nutzen.<\/span><\/li><\/ul><p><strong>K\u00f6nnen Cookies gel\u00f6scht und\/oder blockiert werden?<\/strong><br \/><span><\/span><\/p><p><span>Ja, Cookies k\u00f6nnen gel\u00f6scht und blockiert werden. Nachfolgend finden Sie Links zu den Einstellungen der am h\u00e4ufigsten verwendeten Browser, damit Sie diese entsprechend Ihren Pr\u00e4ferenzen konfigurieren k\u00f6nnen:<\/span><br \/><span>Google Chrome: https:\/\/support.google.com\/chrome\/answer\/95647?hl=de<\/span><br \/><span>Mozilla Firefox: https:\/\/support.mozilla.org\/de\/kb\/verbesserter-schutz-vor-aktivitaetsverfolgung-in-firefox<\/span><br \/><span>Safari: https:\/\/support.apple.com\/de-de\/HT201265<\/span><br \/><span>Microsoft Edge: https:\/\/support.microsoft.com\/de-de\/microsoft-edge\/cookies-in-microsoft-edge-loeschen-63947406-40ac-c3b8-57b9-2a946a29ae09<\/span><br \/><span>Internet Explorer: https:\/\/support.microsoft.com\/de-de\/topic\/cookies-loeschen-und-verwalten-168dab11-0753-043d-7c16-ede5947fc64d<\/span><\/p>\t\t\t\t\t\t\t\t<\/div>\n\t\t\t\t<\/div>\n\t\t\t\t\t<\/div>\n\t\t<\/div>\n\t\t\t\t\t<\/div>\n\t\t<\/section>\n\t\t\t\t<\/div>\n\t\t","protected":false},"excerpt":{"rendered":"<p>COOKIE-RICHTLINIE Ein Cookie ist eine kleine Textdatei, die in Ihrem Browser gespeichert wird, wenn Sie nahezu jede beliebige Webseite besuchen. Sein Zweck besteht darin, dass sich die Website bei einem erneuten Besuch an Ihren Besuch erinnern kann. Cookies speichern in der Regel Informationen technischer Art, pers\u00f6nliche Einstellungen, die Personalisierung von [&hellip;]<\/p>\n","protected":false},"author":1,"featured_media":0,"parent":0,"menu_order":0,"comment_status":"closed","ping_status":"closed","template":"page-templates\/template-pagebuilder-full-width.php","meta":{"jetpack_post_was_ever_published":false,"footnotes":""},"class_list":["post-15298","page","type-page","status-publish","hentry"],"yoast_head":"<!-- This site is optimized with the Yoast SEO plugin v27.5 - https:\/\/yoast.com\/product\/yoast-seo-wordpress\/ -->\n<title>COOKIE-RICHTLINIE - Supein Nihonto<\/title>\n<meta name=\"robots\" content=\"index, follow, max-snippet:-1, max-image-preview:large, max-video-preview:-1\" \/>\n<link rel=\"canonical\" href=\"https:\/\/www.supeinnihonto.com\/de\/cookie-richtlinie\/\" \/>\n<meta property=\"og:locale\" content=\"de_DE\" \/>\n<meta property=\"og:type\" content=\"article\" \/>\n<meta property=\"og:title\" content=\"COOKIE-RICHTLINIE - Supein Nihonto\" \/>\n<meta property=\"og:description\" content=\"COOKIE-RICHTLINIE Ein Cookie ist eine kleine Textdatei, die in Ihrem Browser gespeichert wird, wenn Sie nahezu jede beliebige Webseite besuchen. Sein Zweck besteht darin, dass sich die Website bei einem erneuten Besuch an Ihren Besuch erinnern kann. Cookies speichern in der Regel Informationen technischer Art, pers\u00f6nliche Einstellungen, die Personalisierung von [&hellip;]\" \/>\n<meta property=\"og:url\" content=\"https:\/\/www.supeinnihonto.com\/de\/cookie-richtlinie\/\" \/>\n<meta property=\"og:site_name\" content=\"Supein Nihonto\" \/>\n<meta property=\"article:modified_time\" content=\"2025-12-15T09:31:17+00:00\" \/>\n<meta name=\"twitter:card\" content=\"summary_large_image\" \/>\n<meta name=\"twitter:label1\" content=\"Gesch\u00e4tzte Lesezeit\" \/>\n\t<meta name=\"twitter:data1\" content=\"4\u00a0Minuten\" \/>\n<script type=\"application\/ld+json\" class=\"yoast-schema-graph\">{\"@context\":\"https:\\\/\\\/schema.org\",\"@graph\":[{\"@type\":\"WebPage\",\"@id\":\"https:\\\/\\\/www.supeinnihonto.com\\\/de\\\/cookie-richtlinie\\\/\",\"url\":\"https:\\\/\\\/www.supeinnihonto.com\\\/de\\\/cookie-richtlinie\\\/\",\"name\":\"COOKIE-RICHTLINIE - Supein Nihonto\",\"isPartOf\":{\"@id\":\"https:\\\/\\\/www.supeinnihonto.com\\\/de\\\/#website\"},\"datePublished\":\"2021-11-10T12:43:03+00:00\",\"dateModified\":\"2025-12-15T09:31:17+00:00\",\"breadcrumb\":{\"@id\":\"https:\\\/\\\/www.supeinnihonto.com\\\/de\\\/cookie-richtlinie\\\/#breadcrumb\"},\"inLanguage\":\"de\",\"potentialAction\":[{\"@type\":\"ReadAction\",\"target\":[\"https:\\\/\\\/www.supeinnihonto.com\\\/de\\\/cookie-richtlinie\\\/\"]}]},{\"@type\":\"BreadcrumbList\",\"@id\":\"https:\\\/\\\/www.supeinnihonto.com\\\/de\\\/cookie-richtlinie\\\/#breadcrumb\",\"itemListElement\":[{\"@type\":\"ListItem\",\"position\":1,\"name\":\"Portada\",\"item\":\"https:\\\/\\\/www.supeinnihonto.com\\\/de\\\/\"},{\"@type\":\"ListItem\",\"position\":2,\"name\":\"COOKIE-RICHTLINIE\"}]},{\"@type\":\"WebSite\",\"@id\":\"https:\\\/\\\/www.supeinnihonto.com\\\/de\\\/#website\",\"url\":\"https:\\\/\\\/www.supeinnihonto.com\\\/de\\\/\",\"name\":\"Supein Nihonto\",\"description\":\"Authentic japanese Nihonto katana \",\"publisher\":{\"@id\":\"https:\\\/\\\/www.supeinnihonto.com\\\/de\\\/#organization\"},\"potentialAction\":[{\"@type\":\"SearchAction\",\"target\":{\"@type\":\"EntryPoint\",\"urlTemplate\":\"https:\\\/\\\/www.supeinnihonto.com\\\/de\\\/?s={search_term_string}\"},\"query-input\":{\"@type\":\"PropertyValueSpecification\",\"valueRequired\":true,\"valueName\":\"search_term_string\"}}],\"inLanguage\":\"de\"},{\"@type\":\"Organization\",\"@id\":\"https:\\\/\\\/www.supeinnihonto.com\\\/de\\\/#organization\",\"name\":\"SupeinNihonto\",\"url\":\"https:\\\/\\\/www.supeinnihonto.com\\\/de\\\/\",\"logo\":{\"@type\":\"ImageObject\",\"inLanguage\":\"de\",\"@id\":\"https:\\\/\\\/www.supeinnihonto.com\\\/de\\\/#\\\/schema\\\/logo\\\/image\\\/\",\"url\":\"https:\\\/\\\/www.supeinnihonto.com\\\/wp-content\\\/uploads\\\/2021\\\/11\\\/animation_Default_3szk0jcenoloop.gif\",\"contentUrl\":\"https:\\\/\\\/www.supeinnihonto.com\\\/wp-content\\\/uploads\\\/2021\\\/11\\\/animation_Default_3szk0jcenoloop.gif\",\"width\":750,\"height\":641,\"caption\":\"SupeinNihonto\"},\"image\":{\"@id\":\"https:\\\/\\\/www.supeinnihonto.com\\\/de\\\/#\\\/schema\\\/logo\\\/image\\\/\"}}]}<\/script>\n<!-- \/ Yoast SEO plugin. -->","yoast_head_json":{"title":"COOKIE-RICHTLINIE - Supein Nihonto","robots":{"index":"index","follow":"follow","max-snippet":"max-snippet:-1","max-image-preview":"max-image-preview:large","max-video-preview":"max-video-preview:-1"},"canonical":"https:\/\/www.supeinnihonto.com\/de\/cookie-richtlinie\/","og_locale":"de_DE","og_type":"article","og_title":"COOKIE-RICHTLINIE - Supein Nihonto","og_description":"COOKIE-RICHTLINIE Ein Cookie ist eine kleine Textdatei, die in Ihrem Browser gespeichert wird, wenn Sie nahezu jede beliebige Webseite besuchen. Sein Zweck besteht darin, dass sich die Website bei einem erneuten Besuch an Ihren Besuch erinnern kann. Cookies speichern in der Regel Informationen technischer Art, pers\u00f6nliche Einstellungen, die Personalisierung von [&hellip;]","og_url":"https:\/\/www.supeinnihonto.com\/de\/cookie-richtlinie\/","og_site_name":"Supein Nihonto","article_modified_time":"2025-12-15T09:31:17+00:00","twitter_card":"summary_large_image","twitter_misc":{"Gesch\u00e4tzte Lesezeit":"4\u00a0Minuten"},"schema":{"@context":"https:\/\/schema.org","@graph":[{"@type":"WebPage","@id":"https:\/\/www.supeinnihonto.com\/de\/cookie-richtlinie\/","url":"https:\/\/www.supeinnihonto.com\/de\/cookie-richtlinie\/","name":"COOKIE-RICHTLINIE - Supein Nihonto","isPartOf":{"@id":"https:\/\/www.supeinnihonto.com\/de\/#website"},"datePublished":"2021-11-10T12:43:03+00:00","dateModified":"2025-12-15T09:31:17+00:00","breadcrumb":{"@id":"https:\/\/www.supeinnihonto.com\/de\/cookie-richtlinie\/#breadcrumb"},"inLanguage":"de","potentialAction":[{"@type":"ReadAction","target":["https:\/\/www.supeinnihonto.com\/de\/cookie-richtlinie\/"]}]},{"@type":"BreadcrumbList","@id":"https:\/\/www.supeinnihonto.com\/de\/cookie-richtlinie\/#breadcrumb","itemListElement":[{"@type":"ListItem","position":1,"name":"Portada","item":"https:\/\/www.supeinnihonto.com\/de\/"},{"@type":"ListItem","position":2,"name":"COOKIE-RICHTLINIE"}]},{"@type":"WebSite","@id":"https:\/\/www.supeinnihonto.com\/de\/#website","url":"https:\/\/www.supeinnihonto.com\/de\/","name":"Supein Nihonto","description":"Authentic japanese Nihonto katana ","publisher":{"@id":"https:\/\/www.supeinnihonto.com\/de\/#organization"},"potentialAction":[{"@type":"SearchAction","target":{"@type":"EntryPoint","urlTemplate":"https:\/\/www.supeinnihonto.com\/de\/?s={search_term_string}"},"query-input":{"@type":"PropertyValueSpecification","valueRequired":true,"valueName":"search_term_string"}}],"inLanguage":"de"},{"@type":"Organization","@id":"https:\/\/www.supeinnihonto.com\/de\/#organization","name":"SupeinNihonto","url":"https:\/\/www.supeinnihonto.com\/de\/","logo":{"@type":"ImageObject","inLanguage":"de","@id":"https:\/\/www.supeinnihonto.com\/de\/#\/schema\/logo\/image\/","url":"https:\/\/www.supeinnihonto.com\/wp-content\/uploads\/2021\/11\/animation_Default_3szk0jcenoloop.gif","contentUrl":"https:\/\/www.supeinnihonto.com\/wp-content\/uploads\/2021\/11\/animation_Default_3szk0jcenoloop.gif","width":750,"height":641,"caption":"SupeinNihonto"},"image":{"@id":"https:\/\/www.supeinnihonto.com\/de\/#\/schema\/logo\/image\/"}}]}},"jetpack-related-posts":[{"id":15302,"url":"https:\/\/www.supeinnihonto.com\/de\/datenschutzerklaerung\/","url_meta":{"origin":15298,"position":0},"title":"DATENSCHUTZERKL\u00c4RUNG","author":"Supein Nihonto","date":"10 de November de 2021","format":false,"excerpt":"DATENSCHUTZERKL\u00c4RUNG Wichtiger Hinweis zur Datenverarbeitung und zu Google AnalyticsDiese Website verwendet Google Analytics, einen Webanalysedienst der Google Ireland Limited. Sofern die f\u00fcr die Datenverarbeitung auf dieser Website verantwortliche Person ihren Sitz au\u00dferhalb des Europ\u00e4ischen Wirtschaftsraums oder der Schweiz hat, erfolgt die Datenverarbeitung von Google Analytics durch Google LLC. Google LLC\u2026","rel":"","context":"\u00c4hnlicher Beitrag","block_context":{"text":"\u00c4hnlicher Beitrag","link":""},"img":{"alt_text":"","src":"","width":0,"height":0},"classes":[]},{"id":15233,"url":"https:\/\/www.supeinnihonto.com\/de\/rueckgabe-und-rueckerstattungsrichtlinie\/","url_meta":{"origin":15298,"position":1},"title":"R\u00fcckgabe- und R\u00fcckerstattungsrichtlinie","author":"Supein Nihonto","date":"29 de Juli de 2024","format":false,"excerpt":"\u00dcbersicht Der Verbraucher hat eine Frist von 14 Tagen, um den Kauf eines der Produkte zu widerrufen, sofern ein nicht beschriebener Mangel vorliegt oder die Ware nicht in dem Zustand ankommt, der zum Zeitpunkt des Kaufs angegeben wurde. Der Verbraucher hat die Kosten der R\u00fccksendung sowie die Versandkosten und die\u2026","rel":"","context":"\u00c4hnlicher Beitrag","block_context":{"text":"\u00c4hnlicher Beitrag","link":""},"img":{"alt_text":"","src":"","width":0,"height":0},"classes":[]},{"id":15273,"url":"https:\/\/www.supeinnihonto.com\/de\/verlosung-warrior-collectible-cards\/","url_meta":{"origin":15298,"position":2},"title":"Verlosung \u2013 Warrior Collectible Cards","author":"Supein Nihonto","date":"28 de Januar de 2022","format":false,"excerpt":"Warrior Collectible Cards Bei Supein Nihonto freuen wir uns sehr, an dem innovativen NFT-Projekt f\u00fcr Sammelkarten teilzunehmen, das uns von www.warriorcollectiblecards.com vorgeschlagen wurde. Ziel dieses Projekts ist es, die Samurai-Kultur m\u00f6glichst vielen Menschen n\u00e4herzubringen, und wir sind stolz darauf, bei jeder Saison die verloste Klinge zu zertifizieren. Warrior Collectible Cards\u2026","rel":"","context":"\u00c4hnlicher Beitrag","block_context":{"text":"\u00c4hnlicher Beitrag","link":""},"img":{"alt_text":"","src":"","width":0,"height":0},"classes":[]},{"id":15294,"url":"https:\/\/www.supeinnihonto.com\/de\/rechtlicher-hinweis\/","url_meta":{"origin":15298,"position":3},"title":"RECHTLICHER HINWEIS","author":"Supein Nihonto","date":"10 de November de 2021","format":false,"excerpt":"RECHTLICHER HINWEIS Supein Nihonto \u00fcbernimmt keinerlei Verantwortung f\u00fcr eine falsche, unangemessene oder rechtswidrige Nutzung der Informationen, die auf den Internetseiten von Supein Nihonto erscheinen.Die Inhalte und Informationen sind f\u00fcr Supein Nihonto nicht bindend und stellen weder Meinungen noch Empfehlungen oder rechtliche Beratung irgendeiner Art dar, da es sich lediglich um\u2026","rel":"","context":"\u00c4hnlicher Beitrag","block_context":{"text":"\u00c4hnlicher Beitrag","link":""},"img":{"alt_text":"","src":"","width":0,"height":0},"classes":[]},{"id":15263,"url":"https:\/\/www.supeinnihonto.com\/de\/medien\/","url_meta":{"origin":15298,"position":4},"title":"Medien","author":"Supein Nihonto","date":"9 de Mai de 2024","format":false,"excerpt":"Medien Halbj\u00e4hrliche H\u00e4ndlerauktion in Tokio Obwohl Einladungen f\u00fcr Ausl\u00e4nder sehr begrenzt sind (wir waren nur drei Ausl\u00e4nder unter mehr als 150 Teilnehmern), wurden wir zu der zweimal j\u00e4hrlich im Zentrum Tokios stattfindenden Veranstaltung eingeladen, was f\u00fcr uns eine gro\u00dfe Freude und Ehre war.Die Auktion wird unter H\u00e4ndlern abgehalten und steht\u2026","rel":"","context":"\u00c4hnlicher Beitrag","block_context":{"text":"\u00c4hnlicher Beitrag","link":""},"img":{"alt_text":"","src":"https:\/\/i0.wp.com\/www.supeinnihonto.com\/wp-content\/uploads\/2024\/05\/IMG20240420045848-768x1024.jpg?resize=350%2C200&ssl=1","width":350,"height":200,"srcset":"https:\/\/i0.wp.com\/www.supeinnihonto.com\/wp-content\/uploads\/2024\/05\/IMG20240420045848-768x1024.jpg?resize=350%2C200&ssl=1 1x, https:\/\/i0.wp.com\/www.supeinnihonto.com\/wp-content\/uploads\/2024\/05\/IMG20240420045848-768x1024.jpg?resize=525%2C300&ssl=1 1.5x, https:\/\/i0.wp.com\/www.supeinnihonto.com\/wp-content\/uploads\/2024\/05\/IMG20240420045848-768x1024.jpg?resize=700%2C400&ssl=1 2x"},"classes":[]},{"id":15296,"url":"https:\/\/www.supeinnihonto.com\/nl\/cookiebeleid\/","url_meta":{"origin":15298,"position":5},"title":"COOKIEBELEID","author":"Supein Nihonto","date":"10 de November de 2021","format":false,"excerpt":"COOKIEBELEID Een cookie is een klein tekstbestand dat in uw browser wordt opgeslagen wanneer u vrijwel elke website bezoekt. Het nut ervan is dat de website uw bezoek kan onthouden wanneer u terugkeert om die pagina opnieuw te bekijken. Cookies slaan doorgaans informatie op van technische aard, persoonlijke voorkeuren, personalisatie\u2026","rel":"","context":"\u00c4hnlicher Beitrag","block_context":{"text":"\u00c4hnlicher Beitrag","link":""},"img":{"alt_text":"","src":"","width":0,"height":0},"classes":[]}],"jetpack_sharing_enabled":true,"_links":{"self":[{"href":"https:\/\/www.supeinnihonto.com\/de\/wp-json\/wp\/v2\/pages\/15298","targetHints":{"allow":["GET"]}}],"collection":[{"href":"https:\/\/www.supeinnihonto.com\/de\/wp-json\/wp\/v2\/pages"}],"about":[{"href":"https:\/\/www.supeinnihonto.com\/de\/wp-json\/wp\/v2\/types\/page"}],"author":[{"embeddable":true,"href":"https:\/\/www.supeinnihonto.com\/de\/wp-json\/wp\/v2\/users\/1"}],"replies":[{"embeddable":true,"href":"https:\/\/www.supeinnihonto.com\/de\/wp-json\/wp\/v2\/comments?post=15298"}],"version-history":[{"count":4,"href":"https:\/\/www.supeinnihonto.com\/de\/wp-json\/wp\/v2\/pages\/15298\/revisions"}],"predecessor-version":[{"id":36635,"href":"https:\/\/www.supeinnihonto.com\/de\/wp-json\/wp\/v2\/pages\/15298\/revisions\/36635"}],"wp:attachment":[{"href":"https:\/\/www.supeinnihonto.com\/de\/wp-json\/wp\/v2\/media?parent=15298"}],"curies":[{"name":"wp","href":"https:\/\/api.w.org\/{rel}","templated":true}]}}