{"id":15233,"date":"2024-07-29T15:47:27","date_gmt":"2024-07-29T15:47:27","guid":{"rendered":"https:\/\/www.supeinnihonto.com\/returnspolicy\/"},"modified":"2025-12-15T13:36:37","modified_gmt":"2025-12-15T13:36:37","slug":"rueckgabe-und-rueckerstattungsrichtlinie","status":"publish","type":"page","link":"https:\/\/www.supeinnihonto.com\/de\/rueckgabe-und-rueckerstattungsrichtlinie\/","title":{"rendered":"R\u00fcckgabe- und R\u00fcckerstattungsrichtlinie"},"content":{"rendered":"\n<p><\/p>\n\n\n\n<p><h3>\u00dcbersicht<\/h3><\/p>\n\n\n\n<p>Der Verbraucher hat eine Frist von 14 Tagen, um den Kauf eines der Produkte zu widerrufen, sofern ein nicht beschriebener Mangel vorliegt oder die Ware nicht in dem Zustand ankommt, der zum Zeitpunkt des Kaufs angegeben wurde.<\/p>\n\n\n\n<p>Der Verbraucher hat die Kosten der R\u00fccksendung sowie die Versandkosten und die f\u00fcr die Lieferung des Objekts abgeschlossene Versicherung zu tragen. Zudem muss der Artikel in demselben Zustand zur\u00fcckgesendet werden, in dem er verkauft wurde, einschlie\u00dflich s\u00e4mtlicher Originalzubeh\u00f6rteile und in der Originalverpackung.<\/p>\n\n\n\n<p>Bestimmte Artikel, wie beispielsweise antike R\u00fcstungen, sind empfindlich in Bezug auf Montage und Demontage und k\u00f6nnen daher nicht zur\u00fcckgegeben werden, da es sich um besonders fragile Objekte handelt, bei denen die Sicherheit einer erneuten Montage durch den Kunden nicht gew\u00e4hrleistet werden kann. Alle \u00fcbrigen Artikel unterliegen einer R\u00fcckgabefrist von 14 Tagen.<\/p>\n\n\n\n<p>Bitte beachten Sie, dass es sich um mehrere Jahrhunderte alte Kunstobjekte handelt. Entsprechend weisen sie alters- und nutzungsbedingte Spuren auf, unter anderem durch den Lauf der Zeit und historische Kampfhandlungen. Dies ist vor dem Kauf zu ber\u00fccksichtigen.<\/p>\n\n\n\n<p><h2>R\u00fcckerstattungen<\/h2><\/p>\n\n\n\n<p>Sobald Ihre R\u00fccksendung bei uns eingegangen und gepr\u00fcft wurde, senden wir Ihnen eine E-Mail, um Sie dar\u00fcber zu informieren, dass wir den zur\u00fcckgesendeten Artikel erhalten haben. Gleichzeitig teilen wir Ihnen mit, ob Ihre R\u00fcckerstattung genehmigt oder abgelehnt wurde.<\/p>\n\n\n\n<p>Im Falle einer Genehmigung wird Ihre R\u00fcckerstattung bearbeitet und der entsprechende Betrag innerhalb weniger Tage automatisch Ihrer Kreditkarte oder der urspr\u00fcnglich verwendeten Zahlungsmethode gutgeschrieben.<\/p>\n\n\n\n<p><strong>Versp\u00e4tete oder fehlende R\u00fcckerstattungen<\/strong><\/p>\n\n\n\n<p>Sollten Sie noch keine R\u00fcckerstattung erhalten haben, \u00fcberpr\u00fcfen Sie bitte zun\u00e4chst erneut Ihr Bankkonto.<\/p>\n\n\n\n<p>Kontaktieren Sie anschlie\u00dfend Ihr Kreditkartenunternehmen, da es einige Zeit dauern kann, bis die R\u00fcckerstattung offiziell verbucht wird.<\/p>\n\n\n\n<p>Wenden Sie sich danach an Ihre Bank. H\u00e4ufig ist eine gewisse Bearbeitungszeit erforderlich, bevor eine R\u00fcckerstattung angezeigt wird.<\/p>\n\n\n\n<p>Wenn Sie all diese Schritte durchgef\u00fchrt haben und Ihre R\u00fcckerstattung dennoch nicht erhalten haben, kontaktieren Sie uns bitte unter {email address}.<\/p>\n\n\n\n<p><strong>Reduzierte Artikel<\/strong><\/p>\n\n\n\n<p>Nur Artikel zum regul\u00e4ren Preis k\u00f6nnen erstattet werden. Reduzierte Artikel sind von der R\u00fcckerstattung ausgeschlossen.<\/p>\n\n\n\n<p><\/p>\n\n\n\n<p><h2>R\u00fccksendung und Versand<\/h2><\/p>\n\n\n\n<p>Sie sind f\u00fcr die Kosten des R\u00fcckversands Ihres Artikels selbst verantwortlich. Versandkosten sind nicht erstattungsf\u00e4hig. Falls Sie eine R\u00fcckerstattung erhalten, werden die Kosten f\u00fcr den R\u00fcckversand von Ihrer R\u00fcckerstattung abgezogen.<\/p>\n\n\n\n<p>Je nach Ihrem Wohnort kann die Lieferzeit f\u00fcr umgetauschte Produkte variieren.<\/p>\n\n\n\n<p>Bei der R\u00fccksendung h\u00f6herwertiger Artikel empfehlen wir, einen nachverfolgbaren Versanddienst zu nutzen oder eine Versandversicherung abzuschlie\u00dfen.<\/p>\n\n\n\n<p><h2>Brauchen Sie Hilfe?<\/h2><\/p>\n\n\n\n<p>Kontaktieren Sie uns unter <a>info@supeinnihonto.com<\/a>, wenn Sie Fragen zu R\u00fcckerstattungen und R\u00fcckgaben haben.<\/p>\n","protected":false},"excerpt":{"rendered":"<p>\u00dcbersicht Der Verbraucher hat eine Frist von 14 Tagen, um den Kauf eines der Produkte zu widerrufen, sofern ein nicht beschriebener Mangel vorliegt oder die Ware nicht in dem Zustand ankommt, der zum Zeitpunkt des Kaufs angegeben wurde. Der Verbraucher hat die Kosten der R\u00fccksendung sowie die Versandkosten und die [&hellip;]<\/p>\n","protected":false},"author":1,"featured_media":0,"parent":0,"menu_order":0,"comment_status":"closed","ping_status":"closed","template":"","meta":{"jetpack_post_was_ever_published":false,"footnotes":""},"class_list":["post-15233","page","type-page","status-publish","hentry"],"yoast_head":"<!-- This site is optimized with the Yoast SEO plugin v27.6 - https:\/\/yoast.com\/product\/yoast-seo-wordpress\/ -->\n<title>R\u00fcckgabe- und R\u00fcckerstattungsrichtlinie - Supein Nihonto<\/title>\n<meta name=\"robots\" content=\"index, follow, max-snippet:-1, max-image-preview:large, max-video-preview:-1\" \/>\n<link rel=\"canonical\" href=\"https:\/\/www.supeinnihonto.com\/de\/rueckgabe-und-rueckerstattungsrichtlinie\/\" \/>\n<meta property=\"og:locale\" content=\"de_DE\" \/>\n<meta property=\"og:type\" content=\"article\" \/>\n<meta property=\"og:title\" content=\"R\u00fcckgabe- und R\u00fcckerstattungsrichtlinie - Supein Nihonto\" \/>\n<meta property=\"og:description\" content=\"\u00dcbersicht Der Verbraucher hat eine Frist von 14 Tagen, um den Kauf eines der Produkte zu widerrufen, sofern ein nicht beschriebener Mangel vorliegt oder die Ware nicht in dem Zustand ankommt, der zum Zeitpunkt des Kaufs angegeben wurde. Der Verbraucher hat die Kosten der R\u00fccksendung sowie die Versandkosten und die [&hellip;]\" \/>\n<meta property=\"og:url\" content=\"https:\/\/www.supeinnihonto.com\/de\/rueckgabe-und-rueckerstattungsrichtlinie\/\" \/>\n<meta property=\"og:site_name\" content=\"Supein Nihonto\" \/>\n<meta property=\"article:modified_time\" content=\"2025-12-15T13:36:37+00:00\" \/>\n<meta name=\"twitter:card\" content=\"summary_large_image\" \/>\n<meta name=\"twitter:label1\" content=\"Gesch\u00e4tzte Lesezeit\" \/>\n\t<meta name=\"twitter:data1\" content=\"2\u00a0Minuten\" \/>\n<script type=\"application\/ld+json\" class=\"yoast-schema-graph\">{\"@context\":\"https:\\\/\\\/schema.org\",\"@graph\":[{\"@type\":\"WebPage\",\"@id\":\"https:\\\/\\\/www.supeinnihonto.com\\\/de\\\/rueckgabe-und-rueckerstattungsrichtlinie\\\/\",\"url\":\"https:\\\/\\\/www.supeinnihonto.com\\\/de\\\/rueckgabe-und-rueckerstattungsrichtlinie\\\/\",\"name\":\"R\u00fcckgabe- und R\u00fcckerstattungsrichtlinie - Supein Nihonto\",\"isPartOf\":{\"@id\":\"https:\\\/\\\/www.supeinnihonto.com\\\/de\\\/#website\"},\"datePublished\":\"2024-07-29T15:47:27+00:00\",\"dateModified\":\"2025-12-15T13:36:37+00:00\",\"breadcrumb\":{\"@id\":\"https:\\\/\\\/www.supeinnihonto.com\\\/de\\\/rueckgabe-und-rueckerstattungsrichtlinie\\\/#breadcrumb\"},\"inLanguage\":\"de\",\"potentialAction\":[{\"@type\":\"ReadAction\",\"target\":[\"https:\\\/\\\/www.supeinnihonto.com\\\/de\\\/rueckgabe-und-rueckerstattungsrichtlinie\\\/\"]}]},{\"@type\":\"BreadcrumbList\",\"@id\":\"https:\\\/\\\/www.supeinnihonto.com\\\/de\\\/rueckgabe-und-rueckerstattungsrichtlinie\\\/#breadcrumb\",\"itemListElement\":[{\"@type\":\"ListItem\",\"position\":1,\"name\":\"Portada\",\"item\":\"https:\\\/\\\/www.supeinnihonto.com\\\/de\\\/\"},{\"@type\":\"ListItem\",\"position\":2,\"name\":\"R\u00fcckgabe- und R\u00fcckerstattungsrichtlinie\"}]},{\"@type\":\"WebSite\",\"@id\":\"https:\\\/\\\/www.supeinnihonto.com\\\/de\\\/#website\",\"url\":\"https:\\\/\\\/www.supeinnihonto.com\\\/de\\\/\",\"name\":\"Supein Nihonto\",\"description\":\"Authentic japanese Nihonto katana \",\"publisher\":{\"@id\":\"https:\\\/\\\/www.supeinnihonto.com\\\/de\\\/#organization\"},\"potentialAction\":[{\"@type\":\"SearchAction\",\"target\":{\"@type\":\"EntryPoint\",\"urlTemplate\":\"https:\\\/\\\/www.supeinnihonto.com\\\/de\\\/?s={search_term_string}\"},\"query-input\":{\"@type\":\"PropertyValueSpecification\",\"valueRequired\":true,\"valueName\":\"search_term_string\"}}],\"inLanguage\":\"de\"},{\"@type\":\"Organization\",\"@id\":\"https:\\\/\\\/www.supeinnihonto.com\\\/de\\\/#organization\",\"name\":\"SupeinNihonto\",\"url\":\"https:\\\/\\\/www.supeinnihonto.com\\\/de\\\/\",\"logo\":{\"@type\":\"ImageObject\",\"inLanguage\":\"de\",\"@id\":\"https:\\\/\\\/www.supeinnihonto.com\\\/de\\\/#\\\/schema\\\/logo\\\/image\\\/\",\"url\":\"https:\\\/\\\/www.supeinnihonto.com\\\/wp-content\\\/uploads\\\/2021\\\/11\\\/animation_Default_3szk0jcenoloop.gif\",\"contentUrl\":\"https:\\\/\\\/www.supeinnihonto.com\\\/wp-content\\\/uploads\\\/2021\\\/11\\\/animation_Default_3szk0jcenoloop.gif\",\"width\":750,\"height\":641,\"caption\":\"SupeinNihonto\"},\"image\":{\"@id\":\"https:\\\/\\\/www.supeinnihonto.com\\\/de\\\/#\\\/schema\\\/logo\\\/image\\\/\"}}]}<\/script>\n<!-- \/ Yoast SEO plugin. -->","yoast_head_json":{"title":"R\u00fcckgabe- und R\u00fcckerstattungsrichtlinie - Supein Nihonto","robots":{"index":"index","follow":"follow","max-snippet":"max-snippet:-1","max-image-preview":"max-image-preview:large","max-video-preview":"max-video-preview:-1"},"canonical":"https:\/\/www.supeinnihonto.com\/de\/rueckgabe-und-rueckerstattungsrichtlinie\/","og_locale":"de_DE","og_type":"article","og_title":"R\u00fcckgabe- und R\u00fcckerstattungsrichtlinie - Supein Nihonto","og_description":"\u00dcbersicht Der Verbraucher hat eine Frist von 14 Tagen, um den Kauf eines der Produkte zu widerrufen, sofern ein nicht beschriebener Mangel vorliegt oder die Ware nicht in dem Zustand ankommt, der zum Zeitpunkt des Kaufs angegeben wurde. Der Verbraucher hat die Kosten der R\u00fccksendung sowie die Versandkosten und die [&hellip;]","og_url":"https:\/\/www.supeinnihonto.com\/de\/rueckgabe-und-rueckerstattungsrichtlinie\/","og_site_name":"Supein Nihonto","article_modified_time":"2025-12-15T13:36:37+00:00","twitter_card":"summary_large_image","twitter_misc":{"Gesch\u00e4tzte Lesezeit":"2\u00a0Minuten"},"schema":{"@context":"https:\/\/schema.org","@graph":[{"@type":"WebPage","@id":"https:\/\/www.supeinnihonto.com\/de\/rueckgabe-und-rueckerstattungsrichtlinie\/","url":"https:\/\/www.supeinnihonto.com\/de\/rueckgabe-und-rueckerstattungsrichtlinie\/","name":"R\u00fcckgabe- und R\u00fcckerstattungsrichtlinie - Supein Nihonto","isPartOf":{"@id":"https:\/\/www.supeinnihonto.com\/de\/#website"},"datePublished":"2024-07-29T15:47:27+00:00","dateModified":"2025-12-15T13:36:37+00:00","breadcrumb":{"@id":"https:\/\/www.supeinnihonto.com\/de\/rueckgabe-und-rueckerstattungsrichtlinie\/#breadcrumb"},"inLanguage":"de","potentialAction":[{"@type":"ReadAction","target":["https:\/\/www.supeinnihonto.com\/de\/rueckgabe-und-rueckerstattungsrichtlinie\/"]}]},{"@type":"BreadcrumbList","@id":"https:\/\/www.supeinnihonto.com\/de\/rueckgabe-und-rueckerstattungsrichtlinie\/#breadcrumb","itemListElement":[{"@type":"ListItem","position":1,"name":"Portada","item":"https:\/\/www.supeinnihonto.com\/de\/"},{"@type":"ListItem","position":2,"name":"R\u00fcckgabe- und R\u00fcckerstattungsrichtlinie"}]},{"@type":"WebSite","@id":"https:\/\/www.supeinnihonto.com\/de\/#website","url":"https:\/\/www.supeinnihonto.com\/de\/","name":"Supein Nihonto","description":"Authentic japanese Nihonto katana ","publisher":{"@id":"https:\/\/www.supeinnihonto.com\/de\/#organization"},"potentialAction":[{"@type":"SearchAction","target":{"@type":"EntryPoint","urlTemplate":"https:\/\/www.supeinnihonto.com\/de\/?s={search_term_string}"},"query-input":{"@type":"PropertyValueSpecification","valueRequired":true,"valueName":"search_term_string"}}],"inLanguage":"de"},{"@type":"Organization","@id":"https:\/\/www.supeinnihonto.com\/de\/#organization","name":"SupeinNihonto","url":"https:\/\/www.supeinnihonto.com\/de\/","logo":{"@type":"ImageObject","inLanguage":"de","@id":"https:\/\/www.supeinnihonto.com\/de\/#\/schema\/logo\/image\/","url":"https:\/\/www.supeinnihonto.com\/wp-content\/uploads\/2021\/11\/animation_Default_3szk0jcenoloop.gif","contentUrl":"https:\/\/www.supeinnihonto.com\/wp-content\/uploads\/2021\/11\/animation_Default_3szk0jcenoloop.gif","width":750,"height":641,"caption":"SupeinNihonto"},"image":{"@id":"https:\/\/www.supeinnihonto.com\/de\/#\/schema\/logo\/image\/"}}]}},"jetpack-related-posts":[{"id":15263,"url":"https:\/\/www.supeinnihonto.com\/de\/medien\/","url_meta":{"origin":15233,"position":0},"title":"Medien","author":"Supein Nihonto","date":"9 de Mai de 2024","format":false,"excerpt":"Medien Halbj\u00e4hrliche H\u00e4ndlerauktion in Tokio Obwohl Einladungen f\u00fcr Ausl\u00e4nder sehr begrenzt sind (wir waren nur drei Ausl\u00e4nder unter mehr als 150 Teilnehmern), wurden wir zu der zweimal j\u00e4hrlich im Zentrum Tokios stattfindenden Veranstaltung eingeladen, was f\u00fcr uns eine gro\u00dfe Freude und Ehre war.Die Auktion wird unter H\u00e4ndlern abgehalten und steht\u2026","rel":"","context":"\u00c4hnlicher Beitrag","block_context":{"text":"\u00c4hnlicher Beitrag","link":""},"img":{"alt_text":"","src":"https:\/\/i0.wp.com\/www.supeinnihonto.com\/wp-content\/uploads\/2024\/05\/IMG20240420045848-768x1024.jpg?resize=350%2C200&ssl=1","width":350,"height":200,"srcset":"https:\/\/i0.wp.com\/www.supeinnihonto.com\/wp-content\/uploads\/2024\/05\/IMG20240420045848-768x1024.jpg?resize=350%2C200&ssl=1 1x, https:\/\/i0.wp.com\/www.supeinnihonto.com\/wp-content\/uploads\/2024\/05\/IMG20240420045848-768x1024.jpg?resize=525%2C300&ssl=1 1.5x, https:\/\/i0.wp.com\/www.supeinnihonto.com\/wp-content\/uploads\/2024\/05\/IMG20240420045848-768x1024.jpg?resize=700%2C400&ssl=1 2x"},"classes":[]},{"id":15273,"url":"https:\/\/www.supeinnihonto.com\/de\/verlosung-warrior-collectible-cards\/","url_meta":{"origin":15233,"position":1},"title":"Verlosung \u2013 Warrior Collectible Cards","author":"Supein Nihonto","date":"28 de Januar de 2022","format":false,"excerpt":"Warrior Collectible Cards Bei Supein Nihonto freuen wir uns sehr, an dem innovativen NFT-Projekt f\u00fcr Sammelkarten teilzunehmen, das uns von www.warriorcollectiblecards.com vorgeschlagen wurde. Ziel dieses Projekts ist es, die Samurai-Kultur m\u00f6glichst vielen Menschen n\u00e4herzubringen, und wir sind stolz darauf, bei jeder Saison die verloste Klinge zu zertifizieren. Warrior Collectible Cards\u2026","rel":"","context":"\u00c4hnlicher Beitrag","block_context":{"text":"\u00c4hnlicher Beitrag","link":""},"img":{"alt_text":"","src":"","width":0,"height":0},"classes":[]},{"id":15302,"url":"https:\/\/www.supeinnihonto.com\/de\/datenschutzerklaerung\/","url_meta":{"origin":15233,"position":2},"title":"DATENSCHUTZERKL\u00c4RUNG","author":"Supein Nihonto","date":"10 de November de 2021","format":false,"excerpt":"DATENSCHUTZERKL\u00c4RUNG Wichtiger Hinweis zur Datenverarbeitung und zu Google AnalyticsDiese Website verwendet Google Analytics, einen Webanalysedienst der Google Ireland Limited. Sofern die f\u00fcr die Datenverarbeitung auf dieser Website verantwortliche Person ihren Sitz au\u00dferhalb des Europ\u00e4ischen Wirtschaftsraums oder der Schweiz hat, erfolgt die Datenverarbeitung von Google Analytics durch Google LLC. Google LLC\u2026","rel":"","context":"\u00c4hnlicher Beitrag","block_context":{"text":"\u00c4hnlicher Beitrag","link":""},"img":{"alt_text":"","src":"","width":0,"height":0},"classes":[]},{"id":15294,"url":"https:\/\/www.supeinnihonto.com\/de\/rechtlicher-hinweis\/","url_meta":{"origin":15233,"position":3},"title":"RECHTLICHER HINWEIS","author":"Supein Nihonto","date":"10 de November de 2021","format":false,"excerpt":"RECHTLICHER HINWEIS Supein Nihonto \u00fcbernimmt keinerlei Verantwortung f\u00fcr eine falsche, unangemessene oder rechtswidrige Nutzung der Informationen, die auf den Internetseiten von Supein Nihonto erscheinen.Die Inhalte und Informationen sind f\u00fcr Supein Nihonto nicht bindend und stellen weder Meinungen noch Empfehlungen oder rechtliche Beratung irgendeiner Art dar, da es sich lediglich um\u2026","rel":"","context":"\u00c4hnlicher Beitrag","block_context":{"text":"\u00c4hnlicher Beitrag","link":""},"img":{"alt_text":"","src":"","width":0,"height":0},"classes":[]},{"id":15231,"url":"https:\/\/www.supeinnihonto.com\/nl\/retour-en-restitutiebeleid\/","url_meta":{"origin":15233,"position":4},"title":"Retour- en restitutiebeleid","author":"Supein Nihonto","date":"29 de Juli de 2024","format":false,"excerpt":"Overzicht De consument heeft een termijn van 14 dagen om de aankoop van een van de producten te annuleren in het geval dat er een probleem is dat niet is beschreven, of indien de producten niet aankomen in de staat die bij de aankoop werd overeengekomen. De consument dient de\u2026","rel":"","context":"\u00c4hnlicher Beitrag","block_context":{"text":"\u00c4hnlicher Beitrag","link":""},"img":{"alt_text":"","src":"","width":0,"height":0},"classes":[]},{"id":15259,"url":"https:\/\/www.supeinnihonto.com\/nl\/media\/","url_meta":{"origin":15233,"position":5},"title":"Media","author":"Supein Nihonto","date":"9 de Mai de 2024","format":false,"excerpt":"MEDIA Halfjaarlijkse handelarenveiling in Tokio Hoewel uitnodigingen voor buitenlanders zeer beperkt zijn (wij waren slechts met drie buitenlanders onder meer dan 150 aanwezigen), werden wij uitgenodigd voor het evenement dat tweemaal per jaar plaatsvindt in het centrum van Tokio, wat voor ons een groot genoegen en een eer was.De veiling\u2026","rel":"","context":"\u00c4hnlicher Beitrag","block_context":{"text":"\u00c4hnlicher Beitrag","link":""},"img":{"alt_text":"","src":"https:\/\/i0.wp.com\/www.supeinnihonto.com\/wp-content\/uploads\/2024\/05\/IMG20240420045848-768x1024.jpg?resize=350%2C200&ssl=1","width":350,"height":200,"srcset":"https:\/\/i0.wp.com\/www.supeinnihonto.com\/wp-content\/uploads\/2024\/05\/IMG20240420045848-768x1024.jpg?resize=350%2C200&ssl=1 1x, https:\/\/i0.wp.com\/www.supeinnihonto.com\/wp-content\/uploads\/2024\/05\/IMG20240420045848-768x1024.jpg?resize=525%2C300&ssl=1 1.5x, https:\/\/i0.wp.com\/www.supeinnihonto.com\/wp-content\/uploads\/2024\/05\/IMG20240420045848-768x1024.jpg?resize=700%2C400&ssl=1 2x"},"classes":[]}],"jetpack_sharing_enabled":true,"_links":{"self":[{"href":"https:\/\/www.supeinnihonto.com\/de\/wp-json\/wp\/v2\/pages\/15233","targetHints":{"allow":["GET"]}}],"collection":[{"href":"https:\/\/www.supeinnihonto.com\/de\/wp-json\/wp\/v2\/pages"}],"about":[{"href":"https:\/\/www.supeinnihonto.com\/de\/wp-json\/wp\/v2\/types\/page"}],"author":[{"embeddable":true,"href":"https:\/\/www.supeinnihonto.com\/de\/wp-json\/wp\/v2\/users\/1"}],"replies":[{"embeddable":true,"href":"https:\/\/www.supeinnihonto.com\/de\/wp-json\/wp\/v2\/comments?post=15233"}],"version-history":[{"count":2,"href":"https:\/\/www.supeinnihonto.com\/de\/wp-json\/wp\/v2\/pages\/15233\/revisions"}],"predecessor-version":[{"id":36682,"href":"https:\/\/www.supeinnihonto.com\/de\/wp-json\/wp\/v2\/pages\/15233\/revisions\/36682"}],"wp:attachment":[{"href":"https:\/\/www.supeinnihonto.com\/de\/wp-json\/wp\/v2\/media?parent=15233"}],"curies":[{"name":"wp","href":"https:\/\/api.w.org\/{rel}","templated":true}]}}